{"id":9920,"date":"2023-02-14T10:31:34","date_gmt":"2023-02-14T09:31:34","guid":{"rendered":"https:\/\/webknjizara.hr\/?product=story-%e2%80%93-bit-struktura-stil-i-nacela-pisanja-scenarija-robert-mckee"},"modified":"2023-02-28T16:02:04","modified_gmt":"2023-02-28T15:02:04","slug":"story-bit-struktura-stil-i-nacela-pisanja-scenarija-robert-mckee","status":"publish","type":"product","link":"https:\/\/webknjizara.hr\/en\/proizvod\/story-bit-struktura-stil-i-nacela-pisanja-scenarija-robert-mckee\/","title":{"rendered":"STORY \u2013 BIT, STRUKTURA, STIL I NA\u010cELA PISANJA SCENARIJA, Robert McKee"},"content":{"rendered":"<p><span style=\"font-size: 10pt;\"><span style=\"font-family: Arial, sans-serif;\"><span lang=\"hr-HR\"><b>Sa\u017eetak:<\/p>\n<p><\/b><\/span><\/span><em><span style=\"color: #000000;\"><span style=\"font-family: Georgia, serif;\">\u201c<\/span><\/span><\/em><em><span style=\"color: #000000;\">Dobra pri\u010da\u201d je ne\u0161to vrijedno pri\u010danja i ne\u0161to \u0161to svijet \u017eeli \u010duti. Pronalazak dobre pri\u010de ne\u0161to je \u0161to morate sami u\u010diniti, a \u0161to zapo\u010dinje va\u0161im talentom&#8230; Ali ljubav za dobrom pri\u010dom izvrsnim likovima i svijetom kojeg pokre\u0107e va\u0161a strast, hrabrost i stavrala\u010dki dar i dalje nije dovoljan. Va\u0161 cilj mora biti dobra pri\u010da, <\/span><\/em><em><span style=\"color: #000000;\"><b>dobro ispri\u010dana<\/b><\/span><\/em><em><span style=\"color: #000000;\">. <\/span><\/em><\/span><\/p>\n<p><span style=\"font-size: 10pt;\"><em><span style=\"color: #000000;\">STORY<\/span><\/em><span style=\"color: #000000;\">\u00a0je sveobuhvatno i bezvremenski djelo, koje analizira sve elemente pripovijeda\u010dke umjetnosti, od njenih osnovnih na\u010dela do onih vi\u0161ih i slo\u017eenijih. To je prakti\u010dni vodi\u010d, koji donosi novi pogled na umije\u0107e pripovijedanja, ne samo za scenariste nego i romanopisce, dramske pisce, novinare i sve pisce stvarnih doga\u0111aja. <\/span><\/span><\/p>\n<p lang=\"hr-HR\"><span style=\"font-size: 10pt;\">\u00a0<\/span><\/p>\n<p><span style=\"font-size: 10pt;\"><b>Bilje\u0161ka o autoru:<\/b><\/span><\/p>\n<p lang=\"hr-HR\"><span style=\"font-family: 'Times New Roman', serif; font-size: 10pt;\"><span style=\"color: #202122;\"><span style=\"font-family: Arial, sans-serif;\"><b>Robert McKee<\/b><\/span><\/span><span style=\"color: #202122;\"><span style=\"font-family: Arial, sans-serif;\">\u00a0(30. sije\u010dnja 1941., Detroit, Michigan) je autor, predava\u010d i najpoznatiji pripovijeda\u010dki savjetnik koji se proslavio svojim seminarom \u201cStory\u201c.<\/span><\/span><\/span><\/p>\n<p lang=\"hr-HR\"><span style=\"font-family: 'Times New Roman', serif; font-size: 10pt;\"><span style=\"color: #202122;\"><span style=\"font-family: Arial, sans-serif;\">Diplomirao je englesku knji\u017eevnost i film. Godine 1979 odlazi u Los Angeles gdje pi\u0161e scenarije i radi kao analiti\u010dar scenarija za NBC i United Artists. Od 1984 vi\u0161e od 50.000 studenata poha\u0111alo je njegov seminar kojeg je razvio dok je predavao na Sveu\u010dili\u0161tu Ju\u017ene Kalifornije. Njegovi seminari odr\u017eavali su se diljem svijtea, od Bostona, Moskve, Amsterdama, Pekinga, Paiza, Rio de Janeira. Njegovi biv\u0161i studenti dobitnici su 65 Oscara, 200 Emmya, 100 WGA, 50 DGA, nagrade British Book of the Year i Pulitzera. Nisu svi nagra\u0111ivani samo za pisanje. Neki od njegovih najpoznatijih u\u010denika su Akiva Goldsman (scenarij za film \u201eGenijalni um\u201c), Peter Jackson (scenarist i redatelj \u201eGospodara prstenova I, II i III\u201c), Andrew Finding (\u201eU potrazi za Nemom\u201c), Paul Haggis (\u201eDjevojka <\/span><\/span><span style=\"font-family: Arial, sans-serif;\">od milijun dolara\u201c), zatim <\/span><span style=\"color: #0000ff;\"><u><a href=\"https:\/\/en.wikipedia.org\/wiki\/Geoffrey_Rush\"><span style=\"font-family: Arial, sans-serif;\">Geoffrey Rush<\/span><\/a><\/u><\/span><span style=\"font-family: Arial, sans-serif;\">,\u00a0<\/span><span style=\"color: #0000ff;\"><u><a href=\"https:\/\/en.wikipedia.org\/wiki\/Paul_Haggis\"><span style=\"font-family: Arial, sans-serif;\">Paul Haggis<\/span><\/a><\/u><\/span><span style=\"font-family: Arial, sans-serif;\">,\u00a0<\/span><span style=\"color: #0000ff;\"><u><a href=\"https:\/\/en.wikipedia.org\/wiki\/William_Goldman\"><span style=\"font-family: Arial, sans-serif;\">William Goldman<\/span><\/a><\/u><\/span><span style=\"font-family: Arial, sans-serif;\">,\u00a0<\/span><span style=\"color: #0000ff;\"><u><a href=\"https:\/\/en.wikipedia.org\/wiki\/Joan_Rivers\"><span style=\"font-family: Arial, sans-serif;\">Joan Rivers<\/span><\/a><\/u><\/span><span style=\"font-family: Arial, sans-serif;\">,\u00a0<\/span><span style=\"color: #0000ff;\"><u><a href=\"https:\/\/en.wikipedia.org\/wiki\/David_Bowie\"><span style=\"font-family: Arial, sans-serif;\">David Bowie<\/span><\/a><\/u><\/span><span style=\"font-family: Arial, sans-serif;\">,\u00a0<\/span><span style=\"color: #0000ff;\"><u><a href=\"https:\/\/en.wikipedia.org\/wiki\/Kirk_Douglas\"><span style=\"font-family: Arial, sans-serif;\">Kirk Douglas<\/span><\/a><\/u><\/span><span style=\"font-family: Arial, sans-serif;\">,\u00a0<\/span><span style=\"color: #0000ff;\"><u><a href=\"https:\/\/en.wikipedia.org\/wiki\/John_Cleese\"><span style=\"font-family: Arial, sans-serif;\">John Cleese<\/span><\/a><\/u><\/span><span style=\"font-family: Arial, sans-serif;\">, Nicholas Cage, Tony Kaye,\u00a0<\/span><span style=\"color: #0000ff;\"><u><a href=\"https:\/\/en.wikipedia.org\/wiki\/Steven_Pressfield\"><span style=\"font-family: Arial, sans-serif;\">Steven Pressfield<\/span><\/a><\/u><\/span><span style=\"font-family: Arial, sans-serif;\">.<\/span><\/span><\/p>\n<p lang=\"hr-HR\"><span style=\"font-family: 'Times New Roman', serif; font-size: 10pt;\"><span style=\"color: #202122;\"><span style=\"font-family: Arial, sans-serif;\">McKee je umije\u0107e pripovijedanja u\u010dio i multinacionalne kompanije kao \u0161to su Microsoft, Nike, Hewlett-Packard, Time Warner i Siemes, u 2013 pokrenuo je seminar za poduzetnike Los Angelesa, New York Citya, Peking i Maltu. McKee i dalje aktivno radi i predaje.<\/span><\/span><\/span><\/p>\n<p lang=\"hr-HR\"><span style=\"font-size: 10pt;\"><span style=\"font-family: Arial, sans-serif;\"><span lang=\"hr-HR\"><b>Klju\u010dne rije\u010di: <\/b><\/span><\/span><span style=\"color: #000000;\">Story, scenarij, mckee, kinematografija, Oscarovci<\/span><\/span><\/p>\n<p lang=\"hr-HR\"><span style=\"font-size: 10pt;\"><span style=\"font-family: Arial, sans-serif;\"><span lang=\"hr-HR\"><b>Link: <\/b><\/span><\/span><span style=\"color: #0000ff;\"><u><a href=\"https:\/\/mckeestory.com\/\">https:\/\/mckeestory.com\/<\/a><\/u><\/span><\/span><\/p>\n<p lang=\"hr-HR\"><span style=\"font-size: 10pt;\">\u00a0<\/span><\/p>\n<p><span style=\"font-size: 10pt;\"><strong><span style=\"font-family: Arial, sans-serif;\">Naslov: <\/span><\/strong><strong><span style=\"font-family: Arial, sans-serif;\">STORY \u2013 BIT, STRUKTURA, STIL I NA\u010cELA PISANJA SCENARIJA<\/span><\/strong><span style=\"font-family: Arial, sans-serif;\"><br \/><\/span><strong><span style=\"font-family: Arial, sans-serif;\">Autor:<\/span><\/strong><span style=\"font-family: Arial, sans-serif;\"> Robert McKee<br \/><\/span><strong><span style=\"font-family: Arial, sans-serif;\">Broj stranica: <\/span><\/strong><span style=\"font-family: Arial, sans-serif;\"><span lang=\"\">476<\/span><\/span><span style=\"font-family: Arial, sans-serif;\"><br \/><\/span><strong><span style=\"font-family: Arial, sans-serif;\">Nakladnik: <\/span><\/strong><strong><span style=\"font-family: Arial, sans-serif;\">PAROLA MIA d.o.o.<\/span><\/strong><span style=\"font-family: Arial, sans-serif;\"><br \/><\/span><strong><span style=\"font-family: Arial, sans-serif;\">Godina izdanja: <\/span><\/strong><strong><span style=\"font-family: Arial, sans-serif;\">2023.<br \/><\/span><\/strong><strong><span style=\"font-family: Arial, sans-serif;\">ISBN:<\/span><\/strong><span style=\"font-family: Arial, sans-serif;\"> 978-953-50421-0-5<br \/><\/span><strong><span style=\"font-family: Arial, sans-serif;\">Tisak:<\/span><\/strong><span style=\"font-family: Arial, sans-serif;\"> digitalni tisak knjiga &#8211; print na zahtjev<\/span><\/span><\/p>\n<p>\u00a0<\/p>\n<p style=\"text-align: justify;\"><strong>Kako naru\u010diti knjigu?\u00a0<\/strong>Proces online kupovine jednako funkcionira za sve kupce, s jedinom razlikom u tome \u0161to \u0161to kupci iz inozemstva za podru\u010dje dostave moraju odabrati &#8220;Europa&#8221; ili &#8220;Ostale zemlje svijeta&#8221;, a za vrstu pla\u0107anja WSPay (kreditna kartica) ili Virmanom (bankovni transfer).<\/p>\n<p style=\"text-align: justify;\">Molimo kliknite ovdje za\u00a0<a href=\"hr\/kako-kupovati\">detaljni vodi\u010d kroz proces narud\u017ebe<\/a>\u00a0ili nas\u00a0<a href=\"hr\/kontakt\">kontaktirajte<\/a>\u00a0za vi\u0161e informacija.<\/p>\n<p style=\"text-align: justify;\">\u00a0<\/p>\n","protected":false},"excerpt":{"rendered":"<p>Sa\u017eetak: \u201cDobra pri\u010da\u201d je ne\u0161to vrijedno pri\u010danja i ne\u0161to \u0161to svijet \u017eeli \u010duti. Pronalazak dobre pri\u010de ne\u0161to je \u0161to morate sami u\u010diniti, a \u0161to zapo\u010dinje va\u0161im talentom&#8230; Ali ljubav za dobrom pri\u010dom izvrsnim likovima i svijetom kojeg pokre\u0107e va\u0161a strast, hrabrost i stavrala\u010dki dar i dalje nije dovoljan. Va\u0161 cilj mora biti dobra pri\u010da, dobro [&hellip;]<\/p>\n","protected":false},"featured_media":9921,"comment_status":"open","ping_status":"closed","template":"","meta":{"_acf_changed":false},"product_brand":[],"product_cat":[1383],"product_tag":[],"class_list":{"0":"post-9920","1":"product","2":"type-product","3":"status-publish","4":"has-post-thumbnail","6":"product_cat-knjige","8":"first","9":"instock","10":"shipping-taxable","11":"purchasable","12":"product-type-simple"},"acf":[],"yoast_head":"<!-- This site is optimized with the Yoast SEO plugin v27.3 - https:\/\/yoast.com\/product\/yoast-seo-wordpress\/ -->\n<title>STORY \u2013 BIT, STRUKTURA, STIL I NA\u010cELA PISANJA SCENARIJA, Robert McKee - Web-knji\u017eara<\/title>\n<meta name=\"robots\" content=\"index, follow, max-snippet:-1, max-image-preview:large, max-video-preview:-1\" \/>\n<link rel=\"canonical\" href=\"https:\/\/webknjizara.hr\/proizvod\/story-bit-struktura-stil-i-nacela-pisanja-scenarija-robert-mckee\/\" \/>\n<meta property=\"og:locale\" content=\"en_US\" \/>\n<meta property=\"og:type\" content=\"article\" \/>\n<meta property=\"og:title\" content=\"STORY \u2013 BIT, STRUKTURA, STIL I NA\u010cELA PISANJA SCENARIJA, Robert McKee - Web-knji\u017eara\" \/>\n<meta property=\"og:description\" content=\"Sa\u017eetak: \u201cDobra pri\u010da\u201d je ne\u0161to vrijedno pri\u010danja i ne\u0161to \u0161to svijet \u017eeli \u010duti. Pronalazak dobre pri\u010de ne\u0161to je \u0161to morate sami u\u010diniti, a \u0161to zapo\u010dinje va\u0161im talentom&#8230; Ali ljubav za dobrom pri\u010dom izvrsnim likovima i svijetom kojeg pokre\u0107e va\u0161a strast, hrabrost i stavrala\u010dki dar i dalje nije dovoljan. Va\u0161 cilj mora biti dobra pri\u010da, dobro [&hellip;]\" \/>\n<meta property=\"og:url\" content=\"https:\/\/webknjizara.hr\/proizvod\/story-bit-struktura-stil-i-nacela-pisanja-scenarija-robert-mckee\/\" \/>\n<meta property=\"og:site_name\" content=\"Web-knji\u017eara\" \/>\n<meta property=\"article:modified_time\" content=\"2023-02-28T15:02:04+00:00\" \/>\n<meta property=\"og:image\" content=\"https:\/\/webknjizara.hr\/wp-content\/uploads\/nc\/images\/virtuemart\/product\/Robert_McKee_STORY__BIT_STRUKTURA_STIL_I_NACELA_PISANJA_SCENARIJA_webknjizara_redak_WEB_1396.jpg\" \/>\n\t<meta property=\"og:image:width\" content=\"300\" \/>\n\t<meta property=\"og:image:height\" content=\"419\" \/>\n\t<meta property=\"og:image:type\" content=\"image\/jpeg\" \/>\n<meta name=\"twitter:card\" content=\"summary_large_image\" \/>\n<meta name=\"twitter:label1\" content=\"Est. reading time\" \/>\n\t<meta name=\"twitter:data1\" content=\"2 minutes\" \/>\n<script type=\"application\/ld+json\" class=\"yoast-schema-graph\">{\"@context\":\"https:\\\/\\\/schema.org\",\"@graph\":[{\"@type\":\"WebPage\",\"@id\":\"https:\\\/\\\/webknjizara.hr\\\/proizvod\\\/story-bit-struktura-stil-i-nacela-pisanja-scenarija-robert-mckee\\\/\",\"url\":\"https:\\\/\\\/webknjizara.hr\\\/proizvod\\\/story-bit-struktura-stil-i-nacela-pisanja-scenarija-robert-mckee\\\/\",\"name\":\"STORY \u2013 BIT, STRUKTURA, STIL I NA\u010cELA PISANJA SCENARIJA, Robert McKee - Web-knji\u017eara\",\"isPartOf\":{\"@id\":\"https:\\\/\\\/webknjizara.hr\\\/#website\"},\"primaryImageOfPage\":{\"@id\":\"https:\\\/\\\/webknjizara.hr\\\/proizvod\\\/story-bit-struktura-stil-i-nacela-pisanja-scenarija-robert-mckee\\\/#primaryimage\"},\"image\":{\"@id\":\"https:\\\/\\\/webknjizara.hr\\\/proizvod\\\/story-bit-struktura-stil-i-nacela-pisanja-scenarija-robert-mckee\\\/#primaryimage\"},\"thumbnailUrl\":\"https:\\\/\\\/webknjizara.hr\\\/wp-content\\\/uploads\\\/nc\\\/images\\\/virtuemart\\\/product\\\/Robert_McKee_STORY__BIT_STRUKTURA_STIL_I_NACELA_PISANJA_SCENARIJA_webknjizara_redak_WEB_1396.jpg\",\"datePublished\":\"2023-02-14T09:31:34+00:00\",\"dateModified\":\"2023-02-28T15:02:04+00:00\",\"breadcrumb\":{\"@id\":\"https:\\\/\\\/webknjizara.hr\\\/proizvod\\\/story-bit-struktura-stil-i-nacela-pisanja-scenarija-robert-mckee\\\/#breadcrumb\"},\"inLanguage\":\"en-US\",\"potentialAction\":[{\"@type\":\"ReadAction\",\"target\":[\"https:\\\/\\\/webknjizara.hr\\\/proizvod\\\/story-bit-struktura-stil-i-nacela-pisanja-scenarija-robert-mckee\\\/\"]}]},{\"@type\":\"ImageObject\",\"inLanguage\":\"en-US\",\"@id\":\"https:\\\/\\\/webknjizara.hr\\\/proizvod\\\/story-bit-struktura-stil-i-nacela-pisanja-scenarija-robert-mckee\\\/#primaryimage\",\"url\":\"https:\\\/\\\/webknjizara.hr\\\/wp-content\\\/uploads\\\/nc\\\/images\\\/virtuemart\\\/product\\\/Robert_McKee_STORY__BIT_STRUKTURA_STIL_I_NACELA_PISANJA_SCENARIJA_webknjizara_redak_WEB_1396.jpg\",\"contentUrl\":\"https:\\\/\\\/webknjizara.hr\\\/wp-content\\\/uploads\\\/nc\\\/images\\\/virtuemart\\\/product\\\/Robert_McKee_STORY__BIT_STRUKTURA_STIL_I_NACELA_PISANJA_SCENARIJA_webknjizara_redak_WEB_1396.jpg\",\"width\":300,\"height\":419,\"caption\":\"STORY \u2013 BIT, STRUKTURA, STIL I NA\u010cELA PISANJA SCENARIJA, Robert McKee\"},{\"@type\":\"BreadcrumbList\",\"@id\":\"https:\\\/\\\/webknjizara.hr\\\/proizvod\\\/story-bit-struktura-stil-i-nacela-pisanja-scenarija-robert-mckee\\\/#breadcrumb\",\"itemListElement\":[{\"@type\":\"ListItem\",\"position\":1,\"name\":\"Po\u010detna stranica\",\"item\":\"https:\\\/\\\/webknjizara.hr\\\/en\\\/\"},{\"@type\":\"ListItem\",\"position\":2,\"name\":\"Shop\",\"item\":\"https:\\\/\\\/webknjizara.hr\\\/shop\\\/\"},{\"@type\":\"ListItem\",\"position\":3,\"name\":\"STORY \u2013 BIT, STRUKTURA, STIL I NA\u010cELA PISANJA SCENARIJA, Robert McKee\"}]},{\"@type\":\"WebSite\",\"@id\":\"https:\\\/\\\/webknjizara.hr\\\/#website\",\"url\":\"https:\\\/\\\/webknjizara.hr\\\/\",\"name\":\"Web Knji\u017eara\",\"description\":\"\",\"publisher\":{\"@id\":\"https:\\\/\\\/webknjizara.hr\\\/#organization\"},\"potentialAction\":[{\"@type\":\"SearchAction\",\"target\":{\"@type\":\"EntryPoint\",\"urlTemplate\":\"https:\\\/\\\/webknjizara.hr\\\/?s={search_term_string}\"},\"query-input\":{\"@type\":\"PropertyValueSpecification\",\"valueRequired\":true,\"valueName\":\"search_term_string\"}}],\"inLanguage\":\"en-US\"},{\"@type\":\"Organization\",\"@id\":\"https:\\\/\\\/webknjizara.hr\\\/#organization\",\"name\":\"REDAK D.O.O.\",\"url\":\"https:\\\/\\\/webknjizara.hr\\\/\",\"logo\":{\"@type\":\"ImageObject\",\"inLanguage\":\"en-US\",\"@id\":\"https:\\\/\\\/webknjizara.hr\\\/#\\\/schema\\\/logo\\\/image\\\/\",\"url\":\"https:\\\/\\\/webknjizara.hr\\\/wp-content\\\/uploads\\\/2023\\\/01\\\/web-knjizara-logo.webp\",\"contentUrl\":\"https:\\\/\\\/webknjizara.hr\\\/wp-content\\\/uploads\\\/2023\\\/01\\\/web-knjizara-logo.webp\",\"width\":324,\"height\":79,\"caption\":\"REDAK D.O.O.\"},\"image\":{\"@id\":\"https:\\\/\\\/webknjizara.hr\\\/#\\\/schema\\\/logo\\\/image\\\/\"}}]}<\/script>\n<!-- \/ Yoast SEO plugin. -->","yoast_head_json":{"title":"STORY \u2013 BIT, STRUKTURA, STIL I NA\u010cELA PISANJA SCENARIJA, Robert McKee - Web-knji\u017eara","robots":{"index":"index","follow":"follow","max-snippet":"max-snippet:-1","max-image-preview":"max-image-preview:large","max-video-preview":"max-video-preview:-1"},"canonical":"https:\/\/webknjizara.hr\/proizvod\/story-bit-struktura-stil-i-nacela-pisanja-scenarija-robert-mckee\/","og_locale":"en_US","og_type":"article","og_title":"STORY \u2013 BIT, STRUKTURA, STIL I NA\u010cELA PISANJA SCENARIJA, Robert McKee - Web-knji\u017eara","og_description":"Sa\u017eetak: \u201cDobra pri\u010da\u201d je ne\u0161to vrijedno pri\u010danja i ne\u0161to \u0161to svijet \u017eeli \u010duti. Pronalazak dobre pri\u010de ne\u0161to je \u0161to morate sami u\u010diniti, a \u0161to zapo\u010dinje va\u0161im talentom&#8230; Ali ljubav za dobrom pri\u010dom izvrsnim likovima i svijetom kojeg pokre\u0107e va\u0161a strast, hrabrost i stavrala\u010dki dar i dalje nije dovoljan. Va\u0161 cilj mora biti dobra pri\u010da, dobro [&hellip;]","og_url":"https:\/\/webknjizara.hr\/proizvod\/story-bit-struktura-stil-i-nacela-pisanja-scenarija-robert-mckee\/","og_site_name":"Web-knji\u017eara","article_modified_time":"2023-02-28T15:02:04+00:00","og_image":[{"width":300,"height":419,"url":"https:\/\/webknjizara.hr\/wp-content\/uploads\/nc\/images\/virtuemart\/product\/Robert_McKee_STORY__BIT_STRUKTURA_STIL_I_NACELA_PISANJA_SCENARIJA_webknjizara_redak_WEB_1396.jpg","type":"image\/jpeg"}],"twitter_card":"summary_large_image","twitter_misc":{"Est. reading time":"2 minutes"},"schema":{"@context":"https:\/\/schema.org","@graph":[{"@type":"WebPage","@id":"https:\/\/webknjizara.hr\/proizvod\/story-bit-struktura-stil-i-nacela-pisanja-scenarija-robert-mckee\/","url":"https:\/\/webknjizara.hr\/proizvod\/story-bit-struktura-stil-i-nacela-pisanja-scenarija-robert-mckee\/","name":"STORY \u2013 BIT, STRUKTURA, STIL I NA\u010cELA PISANJA SCENARIJA, Robert McKee - Web-knji\u017eara","isPartOf":{"@id":"https:\/\/webknjizara.hr\/#website"},"primaryImageOfPage":{"@id":"https:\/\/webknjizara.hr\/proizvod\/story-bit-struktura-stil-i-nacela-pisanja-scenarija-robert-mckee\/#primaryimage"},"image":{"@id":"https:\/\/webknjizara.hr\/proizvod\/story-bit-struktura-stil-i-nacela-pisanja-scenarija-robert-mckee\/#primaryimage"},"thumbnailUrl":"https:\/\/webknjizara.hr\/wp-content\/uploads\/nc\/images\/virtuemart\/product\/Robert_McKee_STORY__BIT_STRUKTURA_STIL_I_NACELA_PISANJA_SCENARIJA_webknjizara_redak_WEB_1396.jpg","datePublished":"2023-02-14T09:31:34+00:00","dateModified":"2023-02-28T15:02:04+00:00","breadcrumb":{"@id":"https:\/\/webknjizara.hr\/proizvod\/story-bit-struktura-stil-i-nacela-pisanja-scenarija-robert-mckee\/#breadcrumb"},"inLanguage":"en-US","potentialAction":[{"@type":"ReadAction","target":["https:\/\/webknjizara.hr\/proizvod\/story-bit-struktura-stil-i-nacela-pisanja-scenarija-robert-mckee\/"]}]},{"@type":"ImageObject","inLanguage":"en-US","@id":"https:\/\/webknjizara.hr\/proizvod\/story-bit-struktura-stil-i-nacela-pisanja-scenarija-robert-mckee\/#primaryimage","url":"https:\/\/webknjizara.hr\/wp-content\/uploads\/nc\/images\/virtuemart\/product\/Robert_McKee_STORY__BIT_STRUKTURA_STIL_I_NACELA_PISANJA_SCENARIJA_webknjizara_redak_WEB_1396.jpg","contentUrl":"https:\/\/webknjizara.hr\/wp-content\/uploads\/nc\/images\/virtuemart\/product\/Robert_McKee_STORY__BIT_STRUKTURA_STIL_I_NACELA_PISANJA_SCENARIJA_webknjizara_redak_WEB_1396.jpg","width":300,"height":419,"caption":"STORY \u2013 BIT, STRUKTURA, STIL I NA\u010cELA PISANJA SCENARIJA, Robert McKee"},{"@type":"BreadcrumbList","@id":"https:\/\/webknjizara.hr\/proizvod\/story-bit-struktura-stil-i-nacela-pisanja-scenarija-robert-mckee\/#breadcrumb","itemListElement":[{"@type":"ListItem","position":1,"name":"Po\u010detna stranica","item":"https:\/\/webknjizara.hr\/en\/"},{"@type":"ListItem","position":2,"name":"Shop","item":"https:\/\/webknjizara.hr\/shop\/"},{"@type":"ListItem","position":3,"name":"STORY \u2013 BIT, STRUKTURA, STIL I NA\u010cELA PISANJA SCENARIJA, Robert McKee"}]},{"@type":"WebSite","@id":"https:\/\/webknjizara.hr\/#website","url":"https:\/\/webknjizara.hr\/","name":"Web Knji\u017eara","description":"","publisher":{"@id":"https:\/\/webknjizara.hr\/#organization"},"potentialAction":[{"@type":"SearchAction","target":{"@type":"EntryPoint","urlTemplate":"https:\/\/webknjizara.hr\/?s={search_term_string}"},"query-input":{"@type":"PropertyValueSpecification","valueRequired":true,"valueName":"search_term_string"}}],"inLanguage":"en-US"},{"@type":"Organization","@id":"https:\/\/webknjizara.hr\/#organization","name":"REDAK D.O.O.","url":"https:\/\/webknjizara.hr\/","logo":{"@type":"ImageObject","inLanguage":"en-US","@id":"https:\/\/webknjizara.hr\/#\/schema\/logo\/image\/","url":"https:\/\/webknjizara.hr\/wp-content\/uploads\/2023\/01\/web-knjizara-logo.webp","contentUrl":"https:\/\/webknjizara.hr\/wp-content\/uploads\/2023\/01\/web-knjizara-logo.webp","width":324,"height":79,"caption":"REDAK D.O.O."},"image":{"@id":"https:\/\/webknjizara.hr\/#\/schema\/logo\/image\/"}}]}},"_links":{"self":[{"href":"https:\/\/webknjizara.hr\/en\/wp-json\/wp\/v2\/product\/9920","targetHints":{"allow":["GET"]}}],"collection":[{"href":"https:\/\/webknjizara.hr\/en\/wp-json\/wp\/v2\/product"}],"about":[{"href":"https:\/\/webknjizara.hr\/en\/wp-json\/wp\/v2\/types\/product"}],"replies":[{"embeddable":true,"href":"https:\/\/webknjizara.hr\/en\/wp-json\/wp\/v2\/comments?post=9920"}],"wp:featuredmedia":[{"embeddable":true,"href":"https:\/\/webknjizara.hr\/en\/wp-json\/wp\/v2\/media\/9921"}],"wp:attachment":[{"href":"https:\/\/webknjizara.hr\/en\/wp-json\/wp\/v2\/media?parent=9920"}],"wp:term":[{"taxonomy":"product_brand","embeddable":true,"href":"https:\/\/webknjizara.hr\/en\/wp-json\/wp\/v2\/product_brand?post=9920"},{"taxonomy":"product_cat","embeddable":true,"href":"https:\/\/webknjizara.hr\/en\/wp-json\/wp\/v2\/product_cat?post=9920"},{"taxonomy":"product_tag","embeddable":true,"href":"https:\/\/webknjizara.hr\/en\/wp-json\/wp\/v2\/product_tag?post=9920"}],"curies":[{"name":"wp","href":"https:\/\/api.w.org\/{rel}","templated":true}]}}