{"id":9910,"date":"2023-01-25T11:08:10","date_gmt":"2023-01-25T10:08:10","guid":{"rendered":"https:\/\/webknjizara.hr\/?product=acta-mathematica-spalatensia-series-didactica-vol5-2022-cb-grupa-autora"},"modified":"2023-02-28T16:03:45","modified_gmt":"2023-02-28T15:03:45","slug":"acta-mathematica-spalatensia-series-didactica-vol-5-2022-cb-grupa-autora","status":"publish","type":"product","link":"https:\/\/webknjizara.hr\/en\/proizvod\/acta-mathematica-spalatensia-series-didactica-vol-5-2022-cb-grupa-autora\/","title":{"rendered":"ACTA MATHEMATICA SPALATENSIA. Series didactica Vol.5 (2022) cb, Grupa autora"},"content":{"rendered":"<p><span style=\"font-family: Arial, sans-serif;\"><span lang=\"hr-HR\"><b>Sa\u017eetak:<\/b><\/span><\/span><\/p>\n<p><span style=\"color: #000000;\"><span style=\"font-family: Arial, sans-serif;\"><span style=\"font-size: small;\">U \u010dasopisu se nalazi 8 stru\u010dnih radova.<\/span><\/span><\/span><\/p>\n<p>\u00a0<\/p>\n<p><span style=\"font-family: Arial, sans-serif;\"><span lang=\"hr-HR\"><b>Bilje\u0161ka o autorima: <\/b><\/span><\/span><span style=\"color: #000000;\">Grupa autora<\/span><\/p>\n<p><span style=\"font-family: Arial, sans-serif;\"><span lang=\"hr-HR\"><b>Klju\u010dne rije\u010di: <\/b><\/span><\/span><span style=\"color: #000000;\">Odjel za matematiku PMF-a, Splitsko matemati\u010dko dru\u0161tvo, <\/span>povr\u0161ina trokuta, optimizacija, suma znamenki, cjelobrojne funkcije, vjerojatnost, o\u010dekivanje, logaritamska skala, slu\u010dajna \u0161etnja, teorija igara, graf, razapinju\u0107e stablo, matri\u010dni teorem o stablima, Bernoullijevi brojevi, sume m-tih potencija, funkcije izvodnice, evoluta ravninske krivulje, zakrivljenost krivulje, evolventa, Greenova funkcija, Sturm-Liouvilleov problem<\/p>\n<p><span style=\"font-family: Arial, sans-serif;\"><span lang=\"hr-HR\"><b>Link: <\/b><\/span><\/span><span style=\"color: #000000;\"><a href=\"https:\/\/amas.pmfst.unist.hr\/\">https:\/\/amas.pmfst.unist.hr\/<\/a><\/span><\/p>\n<p><span style=\"font-family: Arial, sans-serif;\"><span lang=\"hr-HR\"><b>E-mail: <a href=\"mailto:amas@pmfst.hr\" target=\"_blank\" rel=\"noopener noreferrer\">Kontakt<\/a><\/b><\/span><\/span><\/p>\n<p lang=\"hr-HR\">\u00a0<\/p>\n<p><strong><span style=\"font-family: Arial, sans-serif;\">Naslov: <\/span><\/strong><strong><span style=\"font-family: Arial, sans-serif;\">ACTA MATHEMATICA SPALATENSIA. Series didactica Vol.5 (2022) cb<\/span><\/strong><span style=\"font-family: Arial, sans-serif;\"><br \/><\/span><strong><span style=\"font-family: Arial, sans-serif;\">Autori:<\/span><\/strong><span style=\"font-family: Arial, sans-serif;\"> Grupa autora<br \/><\/span><strong><span style=\"font-family: Arial, sans-serif;\">Broj stranica: <\/span><\/strong><span style=\"font-family: Arial, sans-serif;\"><span lang=\"\">110<\/span><\/span><span style=\"font-family: Arial, sans-serif;\"><br \/><\/span><strong><span style=\"font-family: Arial, sans-serif;\">Nakladnik: <\/span><\/strong><strong><span style=\"font-family: Arial, sans-serif;\">Prirodoslovno-matemati\u010dki fakultet<\/span><\/strong><span style=\"font-family: Arial, sans-serif;\"><br \/><\/span><strong><span style=\"font-family: Arial, sans-serif;\">Godina izdanja: <\/span><\/strong><strong><span style=\"font-family: Arial, sans-serif;\">2022.<br \/><\/span><\/strong><strong><span style=\"font-family: Arial, sans-serif;\">ISBN:<\/span><\/strong><span style=\"font-family: Arial, sans-serif;\"> ISSN 2623-6125<br \/><\/span><strong><span style=\"font-family: Arial, sans-serif;\">Tisak:<\/span><\/strong><span style=\"font-family: Arial, sans-serif;\"> digitalni tisak knjiga &#8211; print na zahtjev<\/span><\/p>\n<p style=\"text-align: justify;\">\u00a0<\/p>\n<p style=\"text-align: justify;\"><strong>Kako naru\u010diti knjigu?\u00a0<\/strong>Proces online kupovine jednako funkcionira za sve kupce, s jedinom razlikom u tome \u0161to \u0161to kupci iz inozemstva za podru\u010dje dostave moraju odabrati &#8220;Europa&#8221; ili &#8220;Ostale zemlje svijeta&#8221;, a za vrstu pla\u0107anja WSPay (kreditna kartica) ili Virmanom (bankovni transfer).<\/p>\n<p style=\"text-align: justify;\">Molimo kliknite ovdje za\u00a0<a href=\"hr\/kako-kupovati\">detaljni vodi\u010d kroz proces narud\u017ebe<\/a>\u00a0ili nas\u00a0<a href=\"hr\/kontakt\">kontaktirajte<\/a>\u00a0za vi\u0161e informacija.<\/p>\n","protected":false},"excerpt":{"rendered":"<p>Sa\u017eetak: U \u010dasopisu se nalazi 8 stru\u010dnih radova. \u00a0 Bilje\u0161ka o autorima: Grupa autora Klju\u010dne rije\u010di: Odjel za matematiku PMF-a, Splitsko matemati\u010dko dru\u0161tvo, povr\u0161ina trokuta, optimizacija, suma znamenki, cjelobrojne funkcije, vjerojatnost, o\u010dekivanje, logaritamska skala, slu\u010dajna \u0161etnja, teorija igara, graf, razapinju\u0107e stablo, matri\u010dni teorem o stablima, Bernoullijevi brojevi, sume m-tih potencija, funkcije izvodnice, evoluta ravninske krivulje, [&hellip;]<\/p>\n","protected":false},"featured_media":9911,"comment_status":"open","ping_status":"closed","template":"","meta":{"_acf_changed":false},"product_brand":[],"product_cat":[1383,1500],"product_tag":[],"class_list":{"0":"post-9910","1":"product","2":"type-product","3":"status-publish","4":"has-post-thumbnail","6":"product_cat-knjige","7":"product_cat-udzbenik","9":"first","10":"instock","11":"shipping-taxable","12":"purchasable","13":"product-type-simple"},"acf":[],"yoast_head":"<!-- This site is optimized with the Yoast SEO plugin v27.3 - https:\/\/yoast.com\/product\/yoast-seo-wordpress\/ -->\n<title>ACTA MATHEMATICA SPALATENSIA. Series didactica Vol.5 (2022) cb, Grupa autora - Web-knji\u017eara<\/title>\n<meta name=\"robots\" content=\"index, follow, max-snippet:-1, max-image-preview:large, max-video-preview:-1\" \/>\n<link rel=\"canonical\" href=\"https:\/\/webknjizara.hr\/proizvod\/acta-mathematica-spalatensia-series-didactica-vol-5-2022-cb-grupa-autora\/\" \/>\n<meta property=\"og:locale\" content=\"en_US\" \/>\n<meta property=\"og:type\" content=\"article\" \/>\n<meta property=\"og:title\" content=\"ACTA MATHEMATICA SPALATENSIA. Series didactica Vol.5 (2022) cb, Grupa autora - Web-knji\u017eara\" \/>\n<meta property=\"og:description\" content=\"Sa\u017eetak: U \u010dasopisu se nalazi 8 stru\u010dnih radova. \u00a0 Bilje\u0161ka o autorima: Grupa autora Klju\u010dne rije\u010di: Odjel za matematiku PMF-a, Splitsko matemati\u010dko dru\u0161tvo, povr\u0161ina trokuta, optimizacija, suma znamenki, cjelobrojne funkcije, vjerojatnost, o\u010dekivanje, logaritamska skala, slu\u010dajna \u0161etnja, teorija igara, graf, razapinju\u0107e stablo, matri\u010dni teorem o stablima, Bernoullijevi brojevi, sume m-tih potencija, funkcije izvodnice, evoluta ravninske krivulje, [&hellip;]\" \/>\n<meta property=\"og:url\" content=\"https:\/\/webknjizara.hr\/proizvod\/acta-mathematica-spalatensia-series-didactica-vol-5-2022-cb-grupa-autora\/\" \/>\n<meta property=\"og:site_name\" content=\"Web-knji\u017eara\" \/>\n<meta property=\"article:modified_time\" content=\"2023-02-28T15:03:45+00:00\" \/>\n<meta property=\"og:image\" content=\"https:\/\/webknjizara.hr\/wp-content\/uploads\/nc\/images\/virtuemart\/product\/Grupa_autora_ACTA_MATHEMATICA_SPALATENSIA._Series_didactica_Vol.5_2022_cb_webknjizara_redak_WEB_1386.jpg\" \/>\n\t<meta property=\"og:image:width\" content=\"300\" \/>\n\t<meta property=\"og:image:height\" content=\"419\" \/>\n\t<meta property=\"og:image:type\" content=\"image\/jpeg\" \/>\n<meta name=\"twitter:card\" content=\"summary_large_image\" \/>\n<meta name=\"twitter:label1\" content=\"Est. reading time\" \/>\n\t<meta name=\"twitter:data1\" content=\"1 minute\" \/>\n<script type=\"application\/ld+json\" class=\"yoast-schema-graph\">{\"@context\":\"https:\\\/\\\/schema.org\",\"@graph\":[{\"@type\":\"WebPage\",\"@id\":\"https:\\\/\\\/webknjizara.hr\\\/proizvod\\\/acta-mathematica-spalatensia-series-didactica-vol-5-2022-cb-grupa-autora\\\/\",\"url\":\"https:\\\/\\\/webknjizara.hr\\\/proizvod\\\/acta-mathematica-spalatensia-series-didactica-vol-5-2022-cb-grupa-autora\\\/\",\"name\":\"ACTA MATHEMATICA SPALATENSIA. Series didactica Vol.5 (2022) cb, Grupa autora - Web-knji\u017eara\",\"isPartOf\":{\"@id\":\"https:\\\/\\\/webknjizara.hr\\\/#website\"},\"primaryImageOfPage\":{\"@id\":\"https:\\\/\\\/webknjizara.hr\\\/proizvod\\\/acta-mathematica-spalatensia-series-didactica-vol-5-2022-cb-grupa-autora\\\/#primaryimage\"},\"image\":{\"@id\":\"https:\\\/\\\/webknjizara.hr\\\/proizvod\\\/acta-mathematica-spalatensia-series-didactica-vol-5-2022-cb-grupa-autora\\\/#primaryimage\"},\"thumbnailUrl\":\"https:\\\/\\\/webknjizara.hr\\\/wp-content\\\/uploads\\\/nc\\\/images\\\/virtuemart\\\/product\\\/Grupa_autora_ACTA_MATHEMATICA_SPALATENSIA._Series_didactica_Vol.5_2022_cb_webknjizara_redak_WEB_1386.jpg\",\"datePublished\":\"2023-01-25T10:08:10+00:00\",\"dateModified\":\"2023-02-28T15:03:45+00:00\",\"breadcrumb\":{\"@id\":\"https:\\\/\\\/webknjizara.hr\\\/proizvod\\\/acta-mathematica-spalatensia-series-didactica-vol-5-2022-cb-grupa-autora\\\/#breadcrumb\"},\"inLanguage\":\"en-US\",\"potentialAction\":[{\"@type\":\"ReadAction\",\"target\":[\"https:\\\/\\\/webknjizara.hr\\\/proizvod\\\/acta-mathematica-spalatensia-series-didactica-vol-5-2022-cb-grupa-autora\\\/\"]}]},{\"@type\":\"ImageObject\",\"inLanguage\":\"en-US\",\"@id\":\"https:\\\/\\\/webknjizara.hr\\\/proizvod\\\/acta-mathematica-spalatensia-series-didactica-vol-5-2022-cb-grupa-autora\\\/#primaryimage\",\"url\":\"https:\\\/\\\/webknjizara.hr\\\/wp-content\\\/uploads\\\/nc\\\/images\\\/virtuemart\\\/product\\\/Grupa_autora_ACTA_MATHEMATICA_SPALATENSIA._Series_didactica_Vol.5_2022_cb_webknjizara_redak_WEB_1386.jpg\",\"contentUrl\":\"https:\\\/\\\/webknjizara.hr\\\/wp-content\\\/uploads\\\/nc\\\/images\\\/virtuemart\\\/product\\\/Grupa_autora_ACTA_MATHEMATICA_SPALATENSIA._Series_didactica_Vol.5_2022_cb_webknjizara_redak_WEB_1386.jpg\",\"width\":300,\"height\":419,\"caption\":\"ACTA MATHEMATICA SPALATENSIA. Series didactica Vol.5 (2022) cb, Grupa autora\"},{\"@type\":\"BreadcrumbList\",\"@id\":\"https:\\\/\\\/webknjizara.hr\\\/proizvod\\\/acta-mathematica-spalatensia-series-didactica-vol-5-2022-cb-grupa-autora\\\/#breadcrumb\",\"itemListElement\":[{\"@type\":\"ListItem\",\"position\":1,\"name\":\"Po\u010detna stranica\",\"item\":\"https:\\\/\\\/webknjizara.hr\\\/en\\\/\"},{\"@type\":\"ListItem\",\"position\":2,\"name\":\"Shop\",\"item\":\"https:\\\/\\\/webknjizara.hr\\\/shop\\\/\"},{\"@type\":\"ListItem\",\"position\":3,\"name\":\"ACTA MATHEMATICA SPALATENSIA. Series didactica Vol.5 (2022) cb, Grupa autora\"}]},{\"@type\":\"WebSite\",\"@id\":\"https:\\\/\\\/webknjizara.hr\\\/#website\",\"url\":\"https:\\\/\\\/webknjizara.hr\\\/\",\"name\":\"Web Knji\u017eara\",\"description\":\"\",\"publisher\":{\"@id\":\"https:\\\/\\\/webknjizara.hr\\\/#organization\"},\"potentialAction\":[{\"@type\":\"SearchAction\",\"target\":{\"@type\":\"EntryPoint\",\"urlTemplate\":\"https:\\\/\\\/webknjizara.hr\\\/?s={search_term_string}\"},\"query-input\":{\"@type\":\"PropertyValueSpecification\",\"valueRequired\":true,\"valueName\":\"search_term_string\"}}],\"inLanguage\":\"en-US\"},{\"@type\":\"Organization\",\"@id\":\"https:\\\/\\\/webknjizara.hr\\\/#organization\",\"name\":\"REDAK D.O.O.\",\"url\":\"https:\\\/\\\/webknjizara.hr\\\/\",\"logo\":{\"@type\":\"ImageObject\",\"inLanguage\":\"en-US\",\"@id\":\"https:\\\/\\\/webknjizara.hr\\\/#\\\/schema\\\/logo\\\/image\\\/\",\"url\":\"https:\\\/\\\/webknjizara.hr\\\/wp-content\\\/uploads\\\/2023\\\/01\\\/web-knjizara-logo.webp\",\"contentUrl\":\"https:\\\/\\\/webknjizara.hr\\\/wp-content\\\/uploads\\\/2023\\\/01\\\/web-knjizara-logo.webp\",\"width\":324,\"height\":79,\"caption\":\"REDAK D.O.O.\"},\"image\":{\"@id\":\"https:\\\/\\\/webknjizara.hr\\\/#\\\/schema\\\/logo\\\/image\\\/\"}}]}<\/script>\n<!-- \/ Yoast SEO plugin. -->","yoast_head_json":{"title":"ACTA MATHEMATICA SPALATENSIA. Series didactica Vol.5 (2022) cb, Grupa autora - Web-knji\u017eara","robots":{"index":"index","follow":"follow","max-snippet":"max-snippet:-1","max-image-preview":"max-image-preview:large","max-video-preview":"max-video-preview:-1"},"canonical":"https:\/\/webknjizara.hr\/proizvod\/acta-mathematica-spalatensia-series-didactica-vol-5-2022-cb-grupa-autora\/","og_locale":"en_US","og_type":"article","og_title":"ACTA MATHEMATICA SPALATENSIA. Series didactica Vol.5 (2022) cb, Grupa autora - Web-knji\u017eara","og_description":"Sa\u017eetak: U \u010dasopisu se nalazi 8 stru\u010dnih radova. \u00a0 Bilje\u0161ka o autorima: Grupa autora Klju\u010dne rije\u010di: Odjel za matematiku PMF-a, Splitsko matemati\u010dko dru\u0161tvo, povr\u0161ina trokuta, optimizacija, suma znamenki, cjelobrojne funkcije, vjerojatnost, o\u010dekivanje, logaritamska skala, slu\u010dajna \u0161etnja, teorija igara, graf, razapinju\u0107e stablo, matri\u010dni teorem o stablima, Bernoullijevi brojevi, sume m-tih potencija, funkcije izvodnice, evoluta ravninske krivulje, [&hellip;]","og_url":"https:\/\/webknjizara.hr\/proizvod\/acta-mathematica-spalatensia-series-didactica-vol-5-2022-cb-grupa-autora\/","og_site_name":"Web-knji\u017eara","article_modified_time":"2023-02-28T15:03:45+00:00","og_image":[{"width":300,"height":419,"url":"https:\/\/webknjizara.hr\/wp-content\/uploads\/nc\/images\/virtuemart\/product\/Grupa_autora_ACTA_MATHEMATICA_SPALATENSIA._Series_didactica_Vol.5_2022_cb_webknjizara_redak_WEB_1386.jpg","type":"image\/jpeg"}],"twitter_card":"summary_large_image","twitter_misc":{"Est. reading time":"1 minute"},"schema":{"@context":"https:\/\/schema.org","@graph":[{"@type":"WebPage","@id":"https:\/\/webknjizara.hr\/proizvod\/acta-mathematica-spalatensia-series-didactica-vol-5-2022-cb-grupa-autora\/","url":"https:\/\/webknjizara.hr\/proizvod\/acta-mathematica-spalatensia-series-didactica-vol-5-2022-cb-grupa-autora\/","name":"ACTA MATHEMATICA SPALATENSIA. Series didactica Vol.5 (2022) cb, Grupa autora - Web-knji\u017eara","isPartOf":{"@id":"https:\/\/webknjizara.hr\/#website"},"primaryImageOfPage":{"@id":"https:\/\/webknjizara.hr\/proizvod\/acta-mathematica-spalatensia-series-didactica-vol-5-2022-cb-grupa-autora\/#primaryimage"},"image":{"@id":"https:\/\/webknjizara.hr\/proizvod\/acta-mathematica-spalatensia-series-didactica-vol-5-2022-cb-grupa-autora\/#primaryimage"},"thumbnailUrl":"https:\/\/webknjizara.hr\/wp-content\/uploads\/nc\/images\/virtuemart\/product\/Grupa_autora_ACTA_MATHEMATICA_SPALATENSIA._Series_didactica_Vol.5_2022_cb_webknjizara_redak_WEB_1386.jpg","datePublished":"2023-01-25T10:08:10+00:00","dateModified":"2023-02-28T15:03:45+00:00","breadcrumb":{"@id":"https:\/\/webknjizara.hr\/proizvod\/acta-mathematica-spalatensia-series-didactica-vol-5-2022-cb-grupa-autora\/#breadcrumb"},"inLanguage":"en-US","potentialAction":[{"@type":"ReadAction","target":["https:\/\/webknjizara.hr\/proizvod\/acta-mathematica-spalatensia-series-didactica-vol-5-2022-cb-grupa-autora\/"]}]},{"@type":"ImageObject","inLanguage":"en-US","@id":"https:\/\/webknjizara.hr\/proizvod\/acta-mathematica-spalatensia-series-didactica-vol-5-2022-cb-grupa-autora\/#primaryimage","url":"https:\/\/webknjizara.hr\/wp-content\/uploads\/nc\/images\/virtuemart\/product\/Grupa_autora_ACTA_MATHEMATICA_SPALATENSIA._Series_didactica_Vol.5_2022_cb_webknjizara_redak_WEB_1386.jpg","contentUrl":"https:\/\/webknjizara.hr\/wp-content\/uploads\/nc\/images\/virtuemart\/product\/Grupa_autora_ACTA_MATHEMATICA_SPALATENSIA._Series_didactica_Vol.5_2022_cb_webknjizara_redak_WEB_1386.jpg","width":300,"height":419,"caption":"ACTA MATHEMATICA SPALATENSIA. Series didactica Vol.5 (2022) cb, Grupa autora"},{"@type":"BreadcrumbList","@id":"https:\/\/webknjizara.hr\/proizvod\/acta-mathematica-spalatensia-series-didactica-vol-5-2022-cb-grupa-autora\/#breadcrumb","itemListElement":[{"@type":"ListItem","position":1,"name":"Po\u010detna stranica","item":"https:\/\/webknjizara.hr\/en\/"},{"@type":"ListItem","position":2,"name":"Shop","item":"https:\/\/webknjizara.hr\/shop\/"},{"@type":"ListItem","position":3,"name":"ACTA MATHEMATICA SPALATENSIA. Series didactica Vol.5 (2022) cb, Grupa autora"}]},{"@type":"WebSite","@id":"https:\/\/webknjizara.hr\/#website","url":"https:\/\/webknjizara.hr\/","name":"Web Knji\u017eara","description":"","publisher":{"@id":"https:\/\/webknjizara.hr\/#organization"},"potentialAction":[{"@type":"SearchAction","target":{"@type":"EntryPoint","urlTemplate":"https:\/\/webknjizara.hr\/?s={search_term_string}"},"query-input":{"@type":"PropertyValueSpecification","valueRequired":true,"valueName":"search_term_string"}}],"inLanguage":"en-US"},{"@type":"Organization","@id":"https:\/\/webknjizara.hr\/#organization","name":"REDAK D.O.O.","url":"https:\/\/webknjizara.hr\/","logo":{"@type":"ImageObject","inLanguage":"en-US","@id":"https:\/\/webknjizara.hr\/#\/schema\/logo\/image\/","url":"https:\/\/webknjizara.hr\/wp-content\/uploads\/2023\/01\/web-knjizara-logo.webp","contentUrl":"https:\/\/webknjizara.hr\/wp-content\/uploads\/2023\/01\/web-knjizara-logo.webp","width":324,"height":79,"caption":"REDAK D.O.O."},"image":{"@id":"https:\/\/webknjizara.hr\/#\/schema\/logo\/image\/"}}]}},"_links":{"self":[{"href":"https:\/\/webknjizara.hr\/en\/wp-json\/wp\/v2\/product\/9910","targetHints":{"allow":["GET"]}}],"collection":[{"href":"https:\/\/webknjizara.hr\/en\/wp-json\/wp\/v2\/product"}],"about":[{"href":"https:\/\/webknjizara.hr\/en\/wp-json\/wp\/v2\/types\/product"}],"replies":[{"embeddable":true,"href":"https:\/\/webknjizara.hr\/en\/wp-json\/wp\/v2\/comments?post=9910"}],"wp:featuredmedia":[{"embeddable":true,"href":"https:\/\/webknjizara.hr\/en\/wp-json\/wp\/v2\/media\/9911"}],"wp:attachment":[{"href":"https:\/\/webknjizara.hr\/en\/wp-json\/wp\/v2\/media?parent=9910"}],"wp:term":[{"taxonomy":"product_brand","embeddable":true,"href":"https:\/\/webknjizara.hr\/en\/wp-json\/wp\/v2\/product_brand?post=9910"},{"taxonomy":"product_cat","embeddable":true,"href":"https:\/\/webknjizara.hr\/en\/wp-json\/wp\/v2\/product_cat?post=9910"},{"taxonomy":"product_tag","embeddable":true,"href":"https:\/\/webknjizara.hr\/en\/wp-json\/wp\/v2\/product_tag?post=9910"}],"curies":[{"name":"wp","href":"https:\/\/api.w.org\/{rel}","templated":true}]}}