{"id":9899,"date":"2022-12-30T15:23:45","date_gmt":"2022-12-30T15:23:45","guid":{"rendered":"https:\/\/webknjizara.hr\/?product=od-kolijevke-pa-do-groba-antonija-meznaric"},"modified":"2023-01-09T13:27:55","modified_gmt":"2023-01-09T13:27:55","slug":"od-kolijevke-pa-do-groba-antonija-meznaric-1","status":"publish","type":"product","link":"https:\/\/webknjizara.hr\/en\/proizvod\/od-kolijevke-pa-do-groba-antonija-meznaric-1\/","title":{"rendered":"OD KOLIJEVKE PA DO GROBA, Antonija Me\u017enari\u0107"},"content":{"rendered":"<p><span style=\"font-family: Arial, sans-serif;\"><span lang=\"hr-HR\"><b>Sa\u017eetak:<\/b><\/span><\/span><\/p>\n<p><b> Te\u0161ko je raditi s mladima, a jo\u0161 te\u017ee kad ti u\u010denici skrivaju dijelove tijela pod krevetom.<\/b><\/p>\n<p>Nanina odgovornost za nadzor nad tinejd\u017eerima koji moraju skrivati svoju magi\u010dnu prirodu od ostatka Rijeke narast \u0107e do pucanja, ba\u0161 kao i njena glavobolja, kad se pred nju postavi nezahvalan zadatak \u2013 otkriti ne samo kome pripadaju udovi prona\u0111eni pod \u010dempresima, ve\u0107 i tko iz sjene prijeti njenim \u0161ti\u0107enicima. I to sve treba rije\u0161iti tako da ljudi i dalje ostanu u bezbri\u017enom neznanju o tome da bi\u0107a poput krsnika, \u0161triga i slavenskih bogova nisu samo dio folklora.<\/p>\n<p>Naravno, ako se ti isti \u0161ti\u0107enici prvo me\u0111usobno ne zakrve\u2026 ili ih Nana ne defenestrira.<\/p>\n<p>\u00a0<\/p>\n<p><span style=\"font-family: Arial, sans-serif;\"><span lang=\"hr-HR\"><b>Bilje\u0161ka o autorici: <\/b><\/span><\/span><\/p>\n<p>Antonija je spisateljica, urednica, cosplayerica i podcasterica koja \u017eivi i di\u0161e spekulativnu fikciju. Voli pisati horor i urbanu fantastiku inspiriranu folklorom, posebice lokalnim narodnim pri\u010dama, koje su oblikovale njene dosad objavljene pri\u010de i knjige. Osim na hrvatskom, pi\u0161e i na engleskom jeziku te njene pri\u010de pribli\u017eavaju hrvatski i ju\u017enoslavenski folklor i stranom \u010ditateljstvu.<\/p>\n<p><span style=\"font-family: Arial, sans-serif;\"><span lang=\"hr-HR\"><b>Klju\u010dne rije\u010di: <\/b><\/span><\/span>urbana fantastika, urban fantasy, fantastika, fantasy, horor, folklor, folk horor, Rijeka, Grad Rijeka, slavenska fantastika, slavenska knji\u017eevnost, hrvatska fantastika, doma\u0107a fantastika, slavenska fantastika, slavenski fantasy, slavic fantasy<\/p>\n<p><span style=\"font-family: Arial, sans-serif;\"><span lang=\"hr-HR\"><b>Link: <a href=\"https:\/\/shtriga.com\/\">https:\/\/shtriga.com\/<\/a><\/b><\/span><\/span><\/p>\n<p><span style=\"font-family: Arial, sans-serif;\"><span lang=\"hr-HR\"><b>E-mail: <a href=\"mailto:shtrigabooks@gmail.com\" target=\"_blank\" rel=\"noopener noreferrer\">Shtriga<\/a><\/b><\/span><\/span><\/p>\n<p lang=\"hr-HR\">\u00a0<\/p>\n<p><strong><span style=\"font-family: Arial, sans-serif;\">Naslov: <\/span><\/strong><strong><span style=\"font-family: Arial, sans-serif;\">Od kolijevke pa do groba<\/span><\/strong><span style=\"font-family: Arial, sans-serif;\"><br \/><\/span><strong><span style=\"font-family: Arial, sans-serif;\">Autorica:<\/span><\/strong><span style=\"font-family: Arial, sans-serif;\"> Antonija Me\u017enari\u0107<br \/><\/span><strong><span style=\"font-family: Arial, sans-serif;\">Broj stranica: <\/span><\/strong><span style=\"font-family: Arial, sans-serif;\"><span lang=\"\">308<\/span><\/span><span style=\"font-family: Arial, sans-serif;\"><br \/><\/span><strong><span style=\"font-family: Arial, sans-serif;\">Nakladnik: <\/span><\/strong><strong><span style=\"font-family: Arial, sans-serif;\">SHTRIGA, obrt za nakladni\u0161tvo, trgovinu i usluge<\/span><\/strong><span style=\"font-family: Arial, sans-serif;\"><br \/><\/span><strong><span style=\"font-family: Arial, sans-serif;\">Godina izdanja: <\/span><\/strong><strong><span style=\"font-family: Arial, sans-serif;\">2022.<br \/><\/span><\/strong><strong><span style=\"font-family: Arial, sans-serif;\">ISBN:<\/span><\/strong><span style=\"font-family: Arial, sans-serif;\"> 978-953-8360-24-4<br \/><\/span><strong><span style=\"font-family: Arial, sans-serif;\">Tisak:<\/span><\/strong><span style=\"font-family: Arial, sans-serif;\"> digitalni tisak knjiga &#8211; print na zahtjev<\/span><\/p>\n<p style=\"text-align: justify;\">\u00a0<\/p>\n<p style=\"text-align: justify;\"><strong>Kako naru\u010diti knjigu?\u00a0<\/strong>Proces online kupovine jednako funkcionira za sve kupce, s jedinom razlikom u tome \u0161to \u0161to kupci iz inozemstva za podru\u010dje dostave moraju odabrati &#8220;Europa&#8221; ili &#8220;Ostale zemlje svijeta&#8221;, a za vrstu pla\u0107anja WSPay (kreditna kartica) ili Virmanom (bankovni transfer).<\/p>\n<p style=\"text-align: justify;\">Molimo kliknite ovdje za\u00a0<a href=\"hr\/kako-kupovati\">detaljni vodi\u010d kroz proces narud\u017ebe<\/a>\u00a0ili nas\u00a0<a href=\"hr\/kontakt\">kontaktirajte<\/a>\u00a0za vi\u0161e informacija.<\/p>\n","protected":false},"excerpt":{"rendered":"<p>Sa\u017eetak: Te\u0161ko je raditi s mladima, a jo\u0161 te\u017ee kad ti u\u010denici skrivaju dijelove tijela pod krevetom. Nanina odgovornost za nadzor nad tinejd\u017eerima koji moraju skrivati svoju magi\u010dnu prirodu od ostatka Rijeke narast \u0107e do pucanja, ba\u0161 kao i njena glavobolja, kad se pred nju postavi nezahvalan zadatak \u2013 otkriti ne samo kome pripadaju udovi [&hellip;]<\/p>\n","protected":false},"featured_media":9900,"comment_status":"open","ping_status":"closed","template":"","meta":{"_acf_changed":false},"product_brand":[],"product_cat":[1383],"product_tag":[],"class_list":{"0":"post-9899","1":"product","2":"type-product","3":"status-publish","4":"has-post-thumbnail","6":"product_cat-knjige","8":"first","9":"instock","10":"shipping-taxable","11":"purchasable","12":"product-type-simple"},"acf":[],"yoast_head":"<!-- This site is optimized with the Yoast SEO plugin v27.3 - https:\/\/yoast.com\/product\/yoast-seo-wordpress\/ -->\n<title>OD KOLIJEVKE PA DO GROBA, Antonija Me\u017enari\u0107 - Web-knji\u017eara<\/title>\n<meta name=\"robots\" content=\"index, follow, max-snippet:-1, max-image-preview:large, max-video-preview:-1\" \/>\n<link rel=\"canonical\" href=\"https:\/\/webknjizara.hr\/proizvod\/od-kolijevke-pa-do-groba-antonija-meznaric-1\/\" \/>\n<meta property=\"og:locale\" content=\"en_US\" \/>\n<meta property=\"og:type\" content=\"article\" \/>\n<meta property=\"og:title\" content=\"OD KOLIJEVKE PA DO GROBA, Antonija Me\u017enari\u0107 - Web-knji\u017eara\" \/>\n<meta property=\"og:description\" content=\"Sa\u017eetak: Te\u0161ko je raditi s mladima, a jo\u0161 te\u017ee kad ti u\u010denici skrivaju dijelove tijela pod krevetom. Nanina odgovornost za nadzor nad tinejd\u017eerima koji moraju skrivati svoju magi\u010dnu prirodu od ostatka Rijeke narast \u0107e do pucanja, ba\u0161 kao i njena glavobolja, kad se pred nju postavi nezahvalan zadatak \u2013 otkriti ne samo kome pripadaju udovi [&hellip;]\" \/>\n<meta property=\"og:url\" content=\"https:\/\/webknjizara.hr\/proizvod\/od-kolijevke-pa-do-groba-antonija-meznaric-1\/\" \/>\n<meta property=\"og:site_name\" content=\"Web-knji\u017eara\" \/>\n<meta property=\"article:modified_time\" content=\"2023-01-09T13:27:55+00:00\" \/>\n<meta property=\"og:image\" content=\"https:\/\/webknjizara.hr\/wp-content\/uploads\/nc\/images\/virtuemart\/product\/Antonija_Meznaric_Od_kolijevke_pa_do_groba_webknjizara_redak_WEB_1387.jpg\" \/>\n\t<meta property=\"og:image:width\" content=\"300\" \/>\n\t<meta property=\"og:image:height\" content=\"419\" \/>\n\t<meta property=\"og:image:type\" content=\"image\/jpeg\" \/>\n<meta name=\"twitter:card\" content=\"summary_large_image\" \/>\n<meta name=\"twitter:label1\" content=\"Est. reading time\" \/>\n\t<meta name=\"twitter:data1\" content=\"2 minutes\" \/>\n<script type=\"application\/ld+json\" class=\"yoast-schema-graph\">{\"@context\":\"https:\\\/\\\/schema.org\",\"@graph\":[{\"@type\":\"WebPage\",\"@id\":\"https:\\\/\\\/webknjizara.hr\\\/proizvod\\\/od-kolijevke-pa-do-groba-antonija-meznaric-1\\\/\",\"url\":\"https:\\\/\\\/webknjizara.hr\\\/proizvod\\\/od-kolijevke-pa-do-groba-antonija-meznaric-1\\\/\",\"name\":\"OD KOLIJEVKE PA DO GROBA, Antonija Me\u017enari\u0107 - Web-knji\u017eara\",\"isPartOf\":{\"@id\":\"https:\\\/\\\/webknjizara.hr\\\/#website\"},\"primaryImageOfPage\":{\"@id\":\"https:\\\/\\\/webknjizara.hr\\\/proizvod\\\/od-kolijevke-pa-do-groba-antonija-meznaric-1\\\/#primaryimage\"},\"image\":{\"@id\":\"https:\\\/\\\/webknjizara.hr\\\/proizvod\\\/od-kolijevke-pa-do-groba-antonija-meznaric-1\\\/#primaryimage\"},\"thumbnailUrl\":\"https:\\\/\\\/webknjizara.hr\\\/wp-content\\\/uploads\\\/nc\\\/images\\\/virtuemart\\\/product\\\/Antonija_Meznaric_Od_kolijevke_pa_do_groba_webknjizara_redak_WEB_1387.jpg\",\"datePublished\":\"2022-12-30T15:23:45+00:00\",\"dateModified\":\"2023-01-09T13:27:55+00:00\",\"breadcrumb\":{\"@id\":\"https:\\\/\\\/webknjizara.hr\\\/proizvod\\\/od-kolijevke-pa-do-groba-antonija-meznaric-1\\\/#breadcrumb\"},\"inLanguage\":\"en-US\",\"potentialAction\":[{\"@type\":\"ReadAction\",\"target\":[\"https:\\\/\\\/webknjizara.hr\\\/proizvod\\\/od-kolijevke-pa-do-groba-antonija-meznaric-1\\\/\"]}]},{\"@type\":\"ImageObject\",\"inLanguage\":\"en-US\",\"@id\":\"https:\\\/\\\/webknjizara.hr\\\/proizvod\\\/od-kolijevke-pa-do-groba-antonija-meznaric-1\\\/#primaryimage\",\"url\":\"https:\\\/\\\/webknjizara.hr\\\/wp-content\\\/uploads\\\/nc\\\/images\\\/virtuemart\\\/product\\\/Antonija_Meznaric_Od_kolijevke_pa_do_groba_webknjizara_redak_WEB_1387.jpg\",\"contentUrl\":\"https:\\\/\\\/webknjizara.hr\\\/wp-content\\\/uploads\\\/nc\\\/images\\\/virtuemart\\\/product\\\/Antonija_Meznaric_Od_kolijevke_pa_do_groba_webknjizara_redak_WEB_1387.jpg\",\"width\":300,\"height\":419,\"caption\":\"OD KOLIJEVKE PA DO GROBA, Antonija Me\u017enari\u0107\"},{\"@type\":\"BreadcrumbList\",\"@id\":\"https:\\\/\\\/webknjizara.hr\\\/proizvod\\\/od-kolijevke-pa-do-groba-antonija-meznaric-1\\\/#breadcrumb\",\"itemListElement\":[{\"@type\":\"ListItem\",\"position\":1,\"name\":\"Po\u010detna stranica\",\"item\":\"https:\\\/\\\/webknjizara.hr\\\/en\\\/\"},{\"@type\":\"ListItem\",\"position\":2,\"name\":\"Shop\",\"item\":\"https:\\\/\\\/webknjizara.hr\\\/shop\\\/\"},{\"@type\":\"ListItem\",\"position\":3,\"name\":\"OD KOLIJEVKE PA DO GROBA, Antonija Me\u017enari\u0107\"}]},{\"@type\":\"WebSite\",\"@id\":\"https:\\\/\\\/webknjizara.hr\\\/#website\",\"url\":\"https:\\\/\\\/webknjizara.hr\\\/\",\"name\":\"Web Knji\u017eara\",\"description\":\"\",\"publisher\":{\"@id\":\"https:\\\/\\\/webknjizara.hr\\\/#organization\"},\"potentialAction\":[{\"@type\":\"SearchAction\",\"target\":{\"@type\":\"EntryPoint\",\"urlTemplate\":\"https:\\\/\\\/webknjizara.hr\\\/?s={search_term_string}\"},\"query-input\":{\"@type\":\"PropertyValueSpecification\",\"valueRequired\":true,\"valueName\":\"search_term_string\"}}],\"inLanguage\":\"en-US\"},{\"@type\":\"Organization\",\"@id\":\"https:\\\/\\\/webknjizara.hr\\\/#organization\",\"name\":\"REDAK D.O.O.\",\"url\":\"https:\\\/\\\/webknjizara.hr\\\/\",\"logo\":{\"@type\":\"ImageObject\",\"inLanguage\":\"en-US\",\"@id\":\"https:\\\/\\\/webknjizara.hr\\\/#\\\/schema\\\/logo\\\/image\\\/\",\"url\":\"https:\\\/\\\/webknjizara.hr\\\/wp-content\\\/uploads\\\/2023\\\/01\\\/web-knjizara-logo.webp\",\"contentUrl\":\"https:\\\/\\\/webknjizara.hr\\\/wp-content\\\/uploads\\\/2023\\\/01\\\/web-knjizara-logo.webp\",\"width\":324,\"height\":79,\"caption\":\"REDAK D.O.O.\"},\"image\":{\"@id\":\"https:\\\/\\\/webknjizara.hr\\\/#\\\/schema\\\/logo\\\/image\\\/\"}}]}<\/script>\n<!-- \/ Yoast SEO plugin. -->","yoast_head_json":{"title":"OD KOLIJEVKE PA DO GROBA, Antonija Me\u017enari\u0107 - Web-knji\u017eara","robots":{"index":"index","follow":"follow","max-snippet":"max-snippet:-1","max-image-preview":"max-image-preview:large","max-video-preview":"max-video-preview:-1"},"canonical":"https:\/\/webknjizara.hr\/proizvod\/od-kolijevke-pa-do-groba-antonija-meznaric-1\/","og_locale":"en_US","og_type":"article","og_title":"OD KOLIJEVKE PA DO GROBA, Antonija Me\u017enari\u0107 - Web-knji\u017eara","og_description":"Sa\u017eetak: Te\u0161ko je raditi s mladima, a jo\u0161 te\u017ee kad ti u\u010denici skrivaju dijelove tijela pod krevetom. Nanina odgovornost za nadzor nad tinejd\u017eerima koji moraju skrivati svoju magi\u010dnu prirodu od ostatka Rijeke narast \u0107e do pucanja, ba\u0161 kao i njena glavobolja, kad se pred nju postavi nezahvalan zadatak \u2013 otkriti ne samo kome pripadaju udovi [&hellip;]","og_url":"https:\/\/webknjizara.hr\/proizvod\/od-kolijevke-pa-do-groba-antonija-meznaric-1\/","og_site_name":"Web-knji\u017eara","article_modified_time":"2023-01-09T13:27:55+00:00","og_image":[{"width":300,"height":419,"url":"https:\/\/webknjizara.hr\/wp-content\/uploads\/nc\/images\/virtuemart\/product\/Antonija_Meznaric_Od_kolijevke_pa_do_groba_webknjizara_redak_WEB_1387.jpg","type":"image\/jpeg"}],"twitter_card":"summary_large_image","twitter_misc":{"Est. reading time":"2 minutes"},"schema":{"@context":"https:\/\/schema.org","@graph":[{"@type":"WebPage","@id":"https:\/\/webknjizara.hr\/proizvod\/od-kolijevke-pa-do-groba-antonija-meznaric-1\/","url":"https:\/\/webknjizara.hr\/proizvod\/od-kolijevke-pa-do-groba-antonija-meznaric-1\/","name":"OD KOLIJEVKE PA DO GROBA, Antonija Me\u017enari\u0107 - Web-knji\u017eara","isPartOf":{"@id":"https:\/\/webknjizara.hr\/#website"},"primaryImageOfPage":{"@id":"https:\/\/webknjizara.hr\/proizvod\/od-kolijevke-pa-do-groba-antonija-meznaric-1\/#primaryimage"},"image":{"@id":"https:\/\/webknjizara.hr\/proizvod\/od-kolijevke-pa-do-groba-antonija-meznaric-1\/#primaryimage"},"thumbnailUrl":"https:\/\/webknjizara.hr\/wp-content\/uploads\/nc\/images\/virtuemart\/product\/Antonija_Meznaric_Od_kolijevke_pa_do_groba_webknjizara_redak_WEB_1387.jpg","datePublished":"2022-12-30T15:23:45+00:00","dateModified":"2023-01-09T13:27:55+00:00","breadcrumb":{"@id":"https:\/\/webknjizara.hr\/proizvod\/od-kolijevke-pa-do-groba-antonija-meznaric-1\/#breadcrumb"},"inLanguage":"en-US","potentialAction":[{"@type":"ReadAction","target":["https:\/\/webknjizara.hr\/proizvod\/od-kolijevke-pa-do-groba-antonija-meznaric-1\/"]}]},{"@type":"ImageObject","inLanguage":"en-US","@id":"https:\/\/webknjizara.hr\/proizvod\/od-kolijevke-pa-do-groba-antonija-meznaric-1\/#primaryimage","url":"https:\/\/webknjizara.hr\/wp-content\/uploads\/nc\/images\/virtuemart\/product\/Antonija_Meznaric_Od_kolijevke_pa_do_groba_webknjizara_redak_WEB_1387.jpg","contentUrl":"https:\/\/webknjizara.hr\/wp-content\/uploads\/nc\/images\/virtuemart\/product\/Antonija_Meznaric_Od_kolijevke_pa_do_groba_webknjizara_redak_WEB_1387.jpg","width":300,"height":419,"caption":"OD KOLIJEVKE PA DO GROBA, Antonija Me\u017enari\u0107"},{"@type":"BreadcrumbList","@id":"https:\/\/webknjizara.hr\/proizvod\/od-kolijevke-pa-do-groba-antonija-meznaric-1\/#breadcrumb","itemListElement":[{"@type":"ListItem","position":1,"name":"Po\u010detna stranica","item":"https:\/\/webknjizara.hr\/en\/"},{"@type":"ListItem","position":2,"name":"Shop","item":"https:\/\/webknjizara.hr\/shop\/"},{"@type":"ListItem","position":3,"name":"OD KOLIJEVKE PA DO GROBA, Antonija Me\u017enari\u0107"}]},{"@type":"WebSite","@id":"https:\/\/webknjizara.hr\/#website","url":"https:\/\/webknjizara.hr\/","name":"Web Knji\u017eara","description":"","publisher":{"@id":"https:\/\/webknjizara.hr\/#organization"},"potentialAction":[{"@type":"SearchAction","target":{"@type":"EntryPoint","urlTemplate":"https:\/\/webknjizara.hr\/?s={search_term_string}"},"query-input":{"@type":"PropertyValueSpecification","valueRequired":true,"valueName":"search_term_string"}}],"inLanguage":"en-US"},{"@type":"Organization","@id":"https:\/\/webknjizara.hr\/#organization","name":"REDAK D.O.O.","url":"https:\/\/webknjizara.hr\/","logo":{"@type":"ImageObject","inLanguage":"en-US","@id":"https:\/\/webknjizara.hr\/#\/schema\/logo\/image\/","url":"https:\/\/webknjizara.hr\/wp-content\/uploads\/2023\/01\/web-knjizara-logo.webp","contentUrl":"https:\/\/webknjizara.hr\/wp-content\/uploads\/2023\/01\/web-knjizara-logo.webp","width":324,"height":79,"caption":"REDAK D.O.O."},"image":{"@id":"https:\/\/webknjizara.hr\/#\/schema\/logo\/image\/"}}]}},"_links":{"self":[{"href":"https:\/\/webknjizara.hr\/en\/wp-json\/wp\/v2\/product\/9899","targetHints":{"allow":["GET"]}}],"collection":[{"href":"https:\/\/webknjizara.hr\/en\/wp-json\/wp\/v2\/product"}],"about":[{"href":"https:\/\/webknjizara.hr\/en\/wp-json\/wp\/v2\/types\/product"}],"replies":[{"embeddable":true,"href":"https:\/\/webknjizara.hr\/en\/wp-json\/wp\/v2\/comments?post=9899"}],"wp:featuredmedia":[{"embeddable":true,"href":"https:\/\/webknjizara.hr\/en\/wp-json\/wp\/v2\/media\/9900"}],"wp:attachment":[{"href":"https:\/\/webknjizara.hr\/en\/wp-json\/wp\/v2\/media?parent=9899"}],"wp:term":[{"taxonomy":"product_brand","embeddable":true,"href":"https:\/\/webknjizara.hr\/en\/wp-json\/wp\/v2\/product_brand?post=9899"},{"taxonomy":"product_cat","embeddable":true,"href":"https:\/\/webknjizara.hr\/en\/wp-json\/wp\/v2\/product_cat?post=9899"},{"taxonomy":"product_tag","embeddable":true,"href":"https:\/\/webknjizara.hr\/en\/wp-json\/wp\/v2\/product_tag?post=9899"}],"curies":[{"name":"wp","href":"https:\/\/api.w.org\/{rel}","templated":true}]}}