{"id":9893,"date":"2022-12-23T12:54:29","date_gmt":"2022-12-23T12:54:29","guid":{"rendered":"https:\/\/webknjizara.hr\/?product=slike-na-kozi-nada-vukasinovic"},"modified":"2022-12-23T12:56:53","modified_gmt":"2022-12-23T12:56:53","slug":"slike-na-kozi-nada-vukasinovic","status":"publish","type":"product","link":"https:\/\/webknjizara.hr\/en\/proizvod\/slike-na-kozi-nada-vukasinovic\/","title":{"rendered":"SLIKE NA KO\u017dI, Nada Vuka\u0161inovi\u0107"},"content":{"rendered":"<p align=\"JUSTIFY\"><span style=\"font-family: Arial, sans-serif;\"><span lang=\"hr-HR\"><b>Sa\u017eetak:<\/b><\/span><\/span><\/p>\n<p align=\"JUSTIFY\"><span style=\"color: #000000;\">poezija<\/span><\/p>\n<p>\u00a0<\/p>\n<p align=\"JUSTIFY\"><span style=\"font-family: Arial, sans-serif;\"><span lang=\"hr-HR\"><b>Bilje\u0161ka o autorici: <\/b><\/span><\/span><\/p>\n<p align=\"JUSTIFY\"><span style=\"font-family: 'Times New Roman', serif;\"><span style=\"font-size: medium;\">Nada Vuka\u0161inovi\u0107 ro\u0111ena je u Osijeku, a za Zagreb je vezuje njezino \u0161kolovanje, obiteljski i profesionalni \u017eivot. Zavr\u0161ila je pedagogiju, komparativnu knji\u017eevnost i bibliotekarstvo na Filozofskom fakultetu. Pi\u0161e poeziju, kratke i putopisne pri\u010de, oku\u0161ala se knji\u017eevnoj fantastici i pisanju kriminalisti\u010dkih pri\u010da. Objavljuje pri\u010de u \u010dasopisima i na internetskim portalima. Sudjeluje na natje\u010dajima za poeziju, kratku i putopisnu pri\u010du u Hrvatskoj i u regiji. Objavila je kratke pri\u010de u me\u0111unarodnoj zbirci kratkih pri\u010da <\/span><\/span><span style=\"font-family: 'Times New Roman', serif;\"><span style=\"font-size: medium;\"><i>Jesenja nota<\/i><\/span><\/span><span style=\"font-family: 'Times New Roman', serif;\"><span style=\"font-size: medium;\"> i poeziju u me\u0111unarodnoj zbirci <\/span><\/span><span style=\"font-family: 'Times New Roman', serif;\"><span style=\"font-size: medium;\"><i>Snovi sje\u0107anja 2<\/i><\/span><\/span><span style=\"font-family: 'Times New Roman', serif;\"><span style=\"font-size: medium;\"> (2018), poeziju u zbirci <\/span><\/span><span style=\"font-family: 'Times New Roman', serif;\"><span style=\"font-size: medium;\"><i>Zagreb na dlanu<\/i><\/span><\/span><span style=\"font-family: 'Times New Roman', serif;\"><span style=\"font-size: medium;\"> (2020) te u tridesetak zbornika i \u010dasopisa u tiskanom i elektroni\u010dkom obliku. Njezina pri\u010da \u201ePila sam kavu s Carlom del Ponte\u201c uvr\u0161tena je antologiju suvremenih kratkih knji\u017eevnih formi na Me\u0111unarodnom festivalu suvremenih knji\u017eevnih formi u Skopju (2021). Na knji\u017eevnom natje\u010daju Hrvatskog sabora kulture 2021. godine dodijeljena joj je za poeziju <\/span><\/span><span style=\"font-family: 'Times New Roman', serif;\"><span style=\"font-size: medium;\"><i>Plaketa Pavleka Mi\u0161kine.<\/i><\/span><\/span><\/p>\n<p align=\"JUSTIFY\"><span style=\"font-family: 'Times New Roman', serif;\"><span style=\"font-size: medium;\">Nagra\u0111ena je na anonimnom natje\u010daju Matice hrvatske u Osijeku za najbolji prozni tekst u 2014. godini, a u 2015. godini objavila je knjigu kratkih pri\u010da <\/span><\/span><span style=\"font-family: 'Times New Roman', serif;\"><span style=\"font-size: medium;\"><i>Slu\u010dajno<\/i><\/span><\/span><span style=\"font-family: 'Times New Roman', serif;\"><span style=\"font-size: medium;\">. 2020. godine dobila je potporu Ministarstva za kulturu za pisanje knjige kratkih pri\u010da. Kratke pri\u010de i poeziju objavljuje na https:\/\/www.facebook.com\/Moje-niti-<\/span><\/span><\/p>\n<p align=\"JUSTIFY\"><span style=\"font-family: 'Times New Roman', serif;\"><span style=\"font-size: medium;\">234355380451462\/<\/span><\/span><\/p>\n<p><span style=\"font-family: 'Times New Roman', serif;\"><span style=\"font-size: medium;\">Objavila je knjige kratkih pri\u010da: <\/span><\/span><span style=\"font-family: 'Times New Roman', serif;\"><span style=\"font-size: medium;\"><i>Slu\u010dajno<\/i><\/span><\/span><span style=\"font-family: 'Times New Roman', serif;\"><span style=\"font-size: medium;\"> (2015) i <\/span><\/span><span style=\"font-family: 'Times New Roman', serif;\"><span style=\"font-size: medium;\"><i>Izgubljena rijeka<\/i><\/span><\/span><span style=\"font-family: 'Times New Roman', serif;\"><span style=\"font-size: medium;\"> (2021<\/span><\/span><\/p>\n<p><span style=\"font-family: Arial, sans-serif;\"><span lang=\"hr-HR\"><b>Klju\u010dne rije\u010di: <\/b><\/span><\/span><span style=\"color: #222222;\"><span style=\"font-family: Arial, sans-serif;\">kako \u0107ete znati? kako je bilo?<\/span><\/span><span style=\"color: #222222;\"><span style=\"font-family: Arial, sans-serif;\"><br \/><\/span><\/span><span style=\"color: #222222;\"><span style=\"font-family: Arial, sans-serif;\">svjedo\u010denje,<\/span><\/span> <span style=\"color: #222222;\"><span style=\"font-family: Arial, sans-serif;\">spa\u0161avanje slika, <\/span><\/span><span style=\"color: #222222;\"><span style=\"font-family: Arial, sans-serif;\"><br \/><\/span><\/span><span style=\"color: #222222;\"><span style=\"font-family: Arial, sans-serif;\">potpis slikama, slike na ko\u017ei,<\/span><\/span><span style=\"color: #222222;\"><span style=\"font-family: Arial, sans-serif;\"><br \/><\/span><\/span><span style=\"color: #222222;\"><span style=\"font-family: Arial, sans-serif;\">istra\u017eivanje svjetla, nada u stihovima;<\/span><\/span><span style=\"color: #222222;\"><span style=\"font-family: Arial, sans-serif;\"><br \/><\/span><\/span><span style=\"color: #222222;\"><span style=\"font-family: Arial, sans-serif;\">ispitivanje daljina, blizina, vremena, jezik;<\/span><\/span><span style=\"color: #222222;\"><span style=\"font-family: Arial, sans-serif;\"><br \/><\/span><\/span><span style=\"color: #222222;\"><span style=\"font-family: Arial, sans-serif;\">tra\u017eenje odgovora, odgovor u pukotinama,<\/span><\/span><span style=\"color: #222222;\"><span style=\"font-family: Arial, sans-serif;\"><br \/><\/span><\/span><span style=\"color: #222222;\"><span style=\"font-family: Arial, sans-serif;\">odgovor u vidljivosti, nevidljivost, odustajanje;<\/span><\/span><span style=\"color: #222222;\"><span style=\"font-family: Arial, sans-serif;\"><br \/><\/span><\/span><span style=\"color: #222222;\"><span style=\"font-family: Arial, sans-serif;\">stihovi u kojima se pronalaze, drugi koji nam trebaju, drugi da bi pre\u017eivjeli, stihovi da bi pre\u017eivjeli.<\/span><\/span><\/p>\n<p><span style=\"font-family: Arial, sans-serif;\"><span lang=\"hr-HR\"><b>E-mail: <a href=\"mailto:nada.vukasinovic@gmail.com\" target=\"_blank\" rel=\"noopener noreferrer\">Nada Vuka\u0161inovi\u0107<\/a><\/b><\/span><\/span><\/p>\n<p lang=\"hr-HR\">\u00a0<\/p>\n<p><strong><span style=\"font-family: Arial, sans-serif;\">Naslov: <\/span><\/strong><strong><span style=\"font-family: Arial, sans-serif;\">SLIKE NA KO\u017dI<\/span><\/strong><span style=\"font-family: Arial, sans-serif;\"><br \/><\/span><strong><span style=\"font-family: Arial, sans-serif;\">Autorica:<\/span><\/strong><span style=\"font-family: Arial, sans-serif;\"> Nada Vuka\u0161inovi\u0107<br \/><\/span><strong><span style=\"font-family: Arial, sans-serif;\">Broj stranica: <\/span><\/strong><span style=\"font-family: Arial, sans-serif;\"><span lang=\"\">102<\/span><\/span><span style=\"font-family: Arial, sans-serif;\"><br \/><\/span><strong><span style=\"font-family: Arial, sans-serif;\">Nakladnik: <\/span><\/strong><strong><span style=\"font-family: Arial, sans-serif;\">Hrvatski sabor kulture<\/span><\/strong><span style=\"font-family: Arial, sans-serif;\"><br \/><\/span><strong><span style=\"font-family: Arial, sans-serif;\">Godina izdanja: <\/span><\/strong><strong><span style=\"font-family: Arial, sans-serif;\">2022.<br \/><\/span><\/strong><strong><span style=\"font-family: Arial, sans-serif;\">ISBN:<\/span><\/strong><span style=\"font-family: Arial, sans-serif;\"> 978-953-6074-35-8<br \/><\/span><strong><span style=\"font-family: Arial, sans-serif;\">Tisak:<\/span><\/strong><span style=\"font-family: Arial, sans-serif;\"> digitalni tisak knjiga &#8211; print na zahtjev<\/span><\/p>\n<p style=\"text-align: justify;\">\u00a0<\/p>\n<p style=\"text-align: justify;\"><strong>Kako naru\u010diti knjigu?\u00a0<\/strong>Proces online kupovine jednako funkcionira za sve kupce, s jedinom razlikom u tome \u0161to \u0161to kupci iz inozemstva za podru\u010dje dostave moraju odabrati &#8220;Europa&#8221; ili &#8220;Ostale zemlje svijeta&#8221;, a za vrstu pla\u0107anja WSPay (kreditna kartica) ili Virmanom (bankovni transfer).<\/p>\n<p style=\"text-align: justify;\">Molimo kliknite ovdje za\u00a0<a href=\"hr\/kako-kupovati\">detaljni vodi\u010d kroz proces narud\u017ebe<\/a>\u00a0ili nas\u00a0<a href=\"hr\/kontakt\">kontaktirajte<\/a>\u00a0za vi\u0161e informacija.<\/p>\n","protected":false},"excerpt":{"rendered":"<p>Sa\u017eetak: poezija \u00a0 Bilje\u0161ka o autorici: Nada Vuka\u0161inovi\u0107 ro\u0111ena je u Osijeku, a za Zagreb je vezuje njezino \u0161kolovanje, obiteljski i profesionalni \u017eivot. Zavr\u0161ila je pedagogiju, komparativnu knji\u017eevnost i bibliotekarstvo na Filozofskom fakultetu. Pi\u0161e poeziju, kratke i putopisne pri\u010de, oku\u0161ala se knji\u017eevnoj fantastici i pisanju kriminalisti\u010dkih pri\u010da. Objavljuje pri\u010de u \u010dasopisima i na internetskim portalima. [&hellip;]<\/p>\n","protected":false},"featured_media":9894,"comment_status":"open","ping_status":"closed","template":"","meta":{"_acf_changed":false},"product_brand":[],"product_cat":[1388],"product_tag":[],"class_list":{"0":"post-9893","1":"product","2":"type-product","3":"status-publish","4":"has-post-thumbnail","6":"product_cat-poezija","8":"first","9":"instock","10":"shipping-taxable","11":"purchasable","12":"product-type-simple"},"acf":[],"yoast_head":"<!-- This site is optimized with the Yoast SEO plugin v27.3 - https:\/\/yoast.com\/product\/yoast-seo-wordpress\/ -->\n<title>SLIKE NA KO\u017dI, Nada Vuka\u0161inovi\u0107 - Web-knji\u017eara<\/title>\n<meta name=\"robots\" content=\"index, follow, max-snippet:-1, max-image-preview:large, max-video-preview:-1\" \/>\n<link rel=\"canonical\" href=\"https:\/\/webknjizara.hr\/proizvod\/slike-na-kozi-nada-vukasinovic\/\" \/>\n<meta property=\"og:locale\" content=\"en_US\" \/>\n<meta property=\"og:type\" content=\"article\" \/>\n<meta property=\"og:title\" content=\"SLIKE NA KO\u017dI, Nada Vuka\u0161inovi\u0107 - Web-knji\u017eara\" \/>\n<meta property=\"og:description\" content=\"Sa\u017eetak: poezija \u00a0 Bilje\u0161ka o autorici: Nada Vuka\u0161inovi\u0107 ro\u0111ena je u Osijeku, a za Zagreb je vezuje njezino \u0161kolovanje, obiteljski i profesionalni \u017eivot. Zavr\u0161ila je pedagogiju, komparativnu knji\u017eevnost i bibliotekarstvo na Filozofskom fakultetu. Pi\u0161e poeziju, kratke i putopisne pri\u010de, oku\u0161ala se knji\u017eevnoj fantastici i pisanju kriminalisti\u010dkih pri\u010da. Objavljuje pri\u010de u \u010dasopisima i na internetskim portalima. [&hellip;]\" \/>\n<meta property=\"og:url\" content=\"https:\/\/webknjizara.hr\/proizvod\/slike-na-kozi-nada-vukasinovic\/\" \/>\n<meta property=\"og:site_name\" content=\"Web-knji\u017eara\" \/>\n<meta property=\"article:modified_time\" content=\"2022-12-23T12:56:53+00:00\" \/>\n<meta property=\"og:image\" content=\"https:\/\/webknjizara.hr\/wp-content\/uploads\/nc\/images\/virtuemart\/product\/Nada_Vukasinovic_SLIKE_NA_KOZI_webknjizara_redak_WEB_1348-Copy.jpg\" \/>\n\t<meta property=\"og:image:width\" content=\"300\" \/>\n\t<meta property=\"og:image:height\" content=\"419\" \/>\n\t<meta property=\"og:image:type\" content=\"image\/jpeg\" \/>\n<meta name=\"twitter:card\" content=\"summary_large_image\" \/>\n<meta name=\"twitter:label1\" content=\"Est. reading time\" \/>\n\t<meta name=\"twitter:data1\" content=\"2 minutes\" \/>\n<script type=\"application\/ld+json\" class=\"yoast-schema-graph\">{\"@context\":\"https:\\\/\\\/schema.org\",\"@graph\":[{\"@type\":\"WebPage\",\"@id\":\"https:\\\/\\\/webknjizara.hr\\\/proizvod\\\/slike-na-kozi-nada-vukasinovic\\\/\",\"url\":\"https:\\\/\\\/webknjizara.hr\\\/proizvod\\\/slike-na-kozi-nada-vukasinovic\\\/\",\"name\":\"SLIKE NA KO\u017dI, Nada Vuka\u0161inovi\u0107 - Web-knji\u017eara\",\"isPartOf\":{\"@id\":\"https:\\\/\\\/webknjizara.hr\\\/#website\"},\"primaryImageOfPage\":{\"@id\":\"https:\\\/\\\/webknjizara.hr\\\/proizvod\\\/slike-na-kozi-nada-vukasinovic\\\/#primaryimage\"},\"image\":{\"@id\":\"https:\\\/\\\/webknjizara.hr\\\/proizvod\\\/slike-na-kozi-nada-vukasinovic\\\/#primaryimage\"},\"thumbnailUrl\":\"https:\\\/\\\/webknjizara.hr\\\/wp-content\\\/uploads\\\/nc\\\/images\\\/virtuemart\\\/product\\\/Nada_Vukasinovic_SLIKE_NA_KOZI_webknjizara_redak_WEB_1348-Copy.jpg\",\"datePublished\":\"2022-12-23T12:54:29+00:00\",\"dateModified\":\"2022-12-23T12:56:53+00:00\",\"breadcrumb\":{\"@id\":\"https:\\\/\\\/webknjizara.hr\\\/proizvod\\\/slike-na-kozi-nada-vukasinovic\\\/#breadcrumb\"},\"inLanguage\":\"en-US\",\"potentialAction\":[{\"@type\":\"ReadAction\",\"target\":[\"https:\\\/\\\/webknjizara.hr\\\/proizvod\\\/slike-na-kozi-nada-vukasinovic\\\/\"]}]},{\"@type\":\"ImageObject\",\"inLanguage\":\"en-US\",\"@id\":\"https:\\\/\\\/webknjizara.hr\\\/proizvod\\\/slike-na-kozi-nada-vukasinovic\\\/#primaryimage\",\"url\":\"https:\\\/\\\/webknjizara.hr\\\/wp-content\\\/uploads\\\/nc\\\/images\\\/virtuemart\\\/product\\\/Nada_Vukasinovic_SLIKE_NA_KOZI_webknjizara_redak_WEB_1348-Copy.jpg\",\"contentUrl\":\"https:\\\/\\\/webknjizara.hr\\\/wp-content\\\/uploads\\\/nc\\\/images\\\/virtuemart\\\/product\\\/Nada_Vukasinovic_SLIKE_NA_KOZI_webknjizara_redak_WEB_1348-Copy.jpg\",\"width\":300,\"height\":419,\"caption\":\"SLIKE NA KO\u017dI, Nada Vuka\u0161inovi\u0107\"},{\"@type\":\"BreadcrumbList\",\"@id\":\"https:\\\/\\\/webknjizara.hr\\\/proizvod\\\/slike-na-kozi-nada-vukasinovic\\\/#breadcrumb\",\"itemListElement\":[{\"@type\":\"ListItem\",\"position\":1,\"name\":\"Po\u010detna stranica\",\"item\":\"https:\\\/\\\/webknjizara.hr\\\/en\\\/\"},{\"@type\":\"ListItem\",\"position\":2,\"name\":\"Shop\",\"item\":\"https:\\\/\\\/webknjizara.hr\\\/shop\\\/\"},{\"@type\":\"ListItem\",\"position\":3,\"name\":\"SLIKE NA KO\u017dI, Nada Vuka\u0161inovi\u0107\"}]},{\"@type\":\"WebSite\",\"@id\":\"https:\\\/\\\/webknjizara.hr\\\/#website\",\"url\":\"https:\\\/\\\/webknjizara.hr\\\/\",\"name\":\"Web Knji\u017eara\",\"description\":\"\",\"publisher\":{\"@id\":\"https:\\\/\\\/webknjizara.hr\\\/#organization\"},\"potentialAction\":[{\"@type\":\"SearchAction\",\"target\":{\"@type\":\"EntryPoint\",\"urlTemplate\":\"https:\\\/\\\/webknjizara.hr\\\/?s={search_term_string}\"},\"query-input\":{\"@type\":\"PropertyValueSpecification\",\"valueRequired\":true,\"valueName\":\"search_term_string\"}}],\"inLanguage\":\"en-US\"},{\"@type\":\"Organization\",\"@id\":\"https:\\\/\\\/webknjizara.hr\\\/#organization\",\"name\":\"REDAK D.O.O.\",\"url\":\"https:\\\/\\\/webknjizara.hr\\\/\",\"logo\":{\"@type\":\"ImageObject\",\"inLanguage\":\"en-US\",\"@id\":\"https:\\\/\\\/webknjizara.hr\\\/#\\\/schema\\\/logo\\\/image\\\/\",\"url\":\"https:\\\/\\\/webknjizara.hr\\\/wp-content\\\/uploads\\\/2023\\\/01\\\/web-knjizara-logo.webp\",\"contentUrl\":\"https:\\\/\\\/webknjizara.hr\\\/wp-content\\\/uploads\\\/2023\\\/01\\\/web-knjizara-logo.webp\",\"width\":324,\"height\":79,\"caption\":\"REDAK D.O.O.\"},\"image\":{\"@id\":\"https:\\\/\\\/webknjizara.hr\\\/#\\\/schema\\\/logo\\\/image\\\/\"}}]}<\/script>\n<!-- \/ Yoast SEO plugin. -->","yoast_head_json":{"title":"SLIKE NA KO\u017dI, Nada Vuka\u0161inovi\u0107 - Web-knji\u017eara","robots":{"index":"index","follow":"follow","max-snippet":"max-snippet:-1","max-image-preview":"max-image-preview:large","max-video-preview":"max-video-preview:-1"},"canonical":"https:\/\/webknjizara.hr\/proizvod\/slike-na-kozi-nada-vukasinovic\/","og_locale":"en_US","og_type":"article","og_title":"SLIKE NA KO\u017dI, Nada Vuka\u0161inovi\u0107 - Web-knji\u017eara","og_description":"Sa\u017eetak: poezija \u00a0 Bilje\u0161ka o autorici: Nada Vuka\u0161inovi\u0107 ro\u0111ena je u Osijeku, a za Zagreb je vezuje njezino \u0161kolovanje, obiteljski i profesionalni \u017eivot. Zavr\u0161ila je pedagogiju, komparativnu knji\u017eevnost i bibliotekarstvo na Filozofskom fakultetu. Pi\u0161e poeziju, kratke i putopisne pri\u010de, oku\u0161ala se knji\u017eevnoj fantastici i pisanju kriminalisti\u010dkih pri\u010da. Objavljuje pri\u010de u \u010dasopisima i na internetskim portalima. [&hellip;]","og_url":"https:\/\/webknjizara.hr\/proizvod\/slike-na-kozi-nada-vukasinovic\/","og_site_name":"Web-knji\u017eara","article_modified_time":"2022-12-23T12:56:53+00:00","og_image":[{"width":300,"height":419,"url":"https:\/\/webknjizara.hr\/wp-content\/uploads\/nc\/images\/virtuemart\/product\/Nada_Vukasinovic_SLIKE_NA_KOZI_webknjizara_redak_WEB_1348-Copy.jpg","type":"image\/jpeg"}],"twitter_card":"summary_large_image","twitter_misc":{"Est. reading time":"2 minutes"},"schema":{"@context":"https:\/\/schema.org","@graph":[{"@type":"WebPage","@id":"https:\/\/webknjizara.hr\/proizvod\/slike-na-kozi-nada-vukasinovic\/","url":"https:\/\/webknjizara.hr\/proizvod\/slike-na-kozi-nada-vukasinovic\/","name":"SLIKE NA KO\u017dI, Nada Vuka\u0161inovi\u0107 - Web-knji\u017eara","isPartOf":{"@id":"https:\/\/webknjizara.hr\/#website"},"primaryImageOfPage":{"@id":"https:\/\/webknjizara.hr\/proizvod\/slike-na-kozi-nada-vukasinovic\/#primaryimage"},"image":{"@id":"https:\/\/webknjizara.hr\/proizvod\/slike-na-kozi-nada-vukasinovic\/#primaryimage"},"thumbnailUrl":"https:\/\/webknjizara.hr\/wp-content\/uploads\/nc\/images\/virtuemart\/product\/Nada_Vukasinovic_SLIKE_NA_KOZI_webknjizara_redak_WEB_1348-Copy.jpg","datePublished":"2022-12-23T12:54:29+00:00","dateModified":"2022-12-23T12:56:53+00:00","breadcrumb":{"@id":"https:\/\/webknjizara.hr\/proizvod\/slike-na-kozi-nada-vukasinovic\/#breadcrumb"},"inLanguage":"en-US","potentialAction":[{"@type":"ReadAction","target":["https:\/\/webknjizara.hr\/proizvod\/slike-na-kozi-nada-vukasinovic\/"]}]},{"@type":"ImageObject","inLanguage":"en-US","@id":"https:\/\/webknjizara.hr\/proizvod\/slike-na-kozi-nada-vukasinovic\/#primaryimage","url":"https:\/\/webknjizara.hr\/wp-content\/uploads\/nc\/images\/virtuemart\/product\/Nada_Vukasinovic_SLIKE_NA_KOZI_webknjizara_redak_WEB_1348-Copy.jpg","contentUrl":"https:\/\/webknjizara.hr\/wp-content\/uploads\/nc\/images\/virtuemart\/product\/Nada_Vukasinovic_SLIKE_NA_KOZI_webknjizara_redak_WEB_1348-Copy.jpg","width":300,"height":419,"caption":"SLIKE NA KO\u017dI, Nada Vuka\u0161inovi\u0107"},{"@type":"BreadcrumbList","@id":"https:\/\/webknjizara.hr\/proizvod\/slike-na-kozi-nada-vukasinovic\/#breadcrumb","itemListElement":[{"@type":"ListItem","position":1,"name":"Po\u010detna stranica","item":"https:\/\/webknjizara.hr\/en\/"},{"@type":"ListItem","position":2,"name":"Shop","item":"https:\/\/webknjizara.hr\/shop\/"},{"@type":"ListItem","position":3,"name":"SLIKE NA KO\u017dI, Nada Vuka\u0161inovi\u0107"}]},{"@type":"WebSite","@id":"https:\/\/webknjizara.hr\/#website","url":"https:\/\/webknjizara.hr\/","name":"Web Knji\u017eara","description":"","publisher":{"@id":"https:\/\/webknjizara.hr\/#organization"},"potentialAction":[{"@type":"SearchAction","target":{"@type":"EntryPoint","urlTemplate":"https:\/\/webknjizara.hr\/?s={search_term_string}"},"query-input":{"@type":"PropertyValueSpecification","valueRequired":true,"valueName":"search_term_string"}}],"inLanguage":"en-US"},{"@type":"Organization","@id":"https:\/\/webknjizara.hr\/#organization","name":"REDAK D.O.O.","url":"https:\/\/webknjizara.hr\/","logo":{"@type":"ImageObject","inLanguage":"en-US","@id":"https:\/\/webknjizara.hr\/#\/schema\/logo\/image\/","url":"https:\/\/webknjizara.hr\/wp-content\/uploads\/2023\/01\/web-knjizara-logo.webp","contentUrl":"https:\/\/webknjizara.hr\/wp-content\/uploads\/2023\/01\/web-knjizara-logo.webp","width":324,"height":79,"caption":"REDAK D.O.O."},"image":{"@id":"https:\/\/webknjizara.hr\/#\/schema\/logo\/image\/"}}]}},"_links":{"self":[{"href":"https:\/\/webknjizara.hr\/en\/wp-json\/wp\/v2\/product\/9893","targetHints":{"allow":["GET"]}}],"collection":[{"href":"https:\/\/webknjizara.hr\/en\/wp-json\/wp\/v2\/product"}],"about":[{"href":"https:\/\/webknjizara.hr\/en\/wp-json\/wp\/v2\/types\/product"}],"replies":[{"embeddable":true,"href":"https:\/\/webknjizara.hr\/en\/wp-json\/wp\/v2\/comments?post=9893"}],"wp:featuredmedia":[{"embeddable":true,"href":"https:\/\/webknjizara.hr\/en\/wp-json\/wp\/v2\/media\/9894"}],"wp:attachment":[{"href":"https:\/\/webknjizara.hr\/en\/wp-json\/wp\/v2\/media?parent=9893"}],"wp:term":[{"taxonomy":"product_brand","embeddable":true,"href":"https:\/\/webknjizara.hr\/en\/wp-json\/wp\/v2\/product_brand?post=9893"},{"taxonomy":"product_cat","embeddable":true,"href":"https:\/\/webknjizara.hr\/en\/wp-json\/wp\/v2\/product_cat?post=9893"},{"taxonomy":"product_tag","embeddable":true,"href":"https:\/\/webknjizara.hr\/en\/wp-json\/wp\/v2\/product_tag?post=9893"}],"curies":[{"name":"wp","href":"https:\/\/api.w.org\/{rel}","templated":true}]}}