{"id":9887,"date":"2022-12-15T10:50:50","date_gmt":"2022-12-15T10:50:50","guid":{"rendered":"https:\/\/webknjizara.hr\/?product=bosanska-posavina-o-grlicama-i-ljudima-anto-adzamic"},"modified":"2022-12-16T13:45:05","modified_gmt":"2022-12-16T13:45:05","slug":"bosanska-posavina-o-grlicama-i-ljudima-anto-adzamic","status":"publish","type":"product","link":"https:\/\/webknjizara.hr\/en\/proizvod\/bosanska-posavina-o-grlicama-i-ljudima-anto-adzamic\/","title":{"rendered":"BOSANSKA POSAVINA O grlicama i ljudima, Anto Ad\u017eami\u0107"},"content":{"rendered":"<p><span style=\"font-family: Arial, sans-serif;\"><span lang=\"hr-HR\"><b>Sa\u017eetak:<\/b><\/span><\/span><\/p>\n<p><span style=\"color: #000000;\"> U knjizi su sakupljeni neki od knji\u017eevno-dokumentarnih zapisa i pjesama lokalnog u\u010ditelja, novinara i poete Ante Ad\u017eami\u0107a iz bogate lepeze njegovih tekstova i pjesama objavljenih u razli\u010ditim \u010dasopisima u periodu od 1960. do 2007. godine o Bosanskoj Posavini, djetinjstvu, zavi\u010dajnim ljudima i obi\u010dajima, neimarima, stvarateljima, selima i gradovima kao i o velikosrpskoj agresiji na taj pitomi kraj pun zajedni\u010dkog su\u017eivota svih naroda. Ve\u0107ina sakupljenih tekstova je iz \u00bbPosavskog Glasnika\u00ab, uklju\u010duju\u0107i i one satiri\u010dne koje je pisao narodnim jezikom pod pseudonimom \u00bbPrika iz Lipika\u00ab.<\/span><\/p>\n<p><span style=\"color: #000000;\">Anto Ad\u017eami\u0107 je sve tekstove u \u00bbPosavskom Glasniku\u00ab pisao iz svoje bogate riznice sje\u0107anja i svojih, kako ih sam naziva \u00bbhodoljublja\u00ab. Pisao je i o iskustvima protjerivanja, izgnanstvu, \u010de\u017enji i zbivanjima onako kako su se dogodila isti\u010du\u0107i la\u017e kao jedno od najgorih oru\u017eja manipulacije. Pisao je o kolovo\u0111ama rata, poznanicima koju ga nisu poznavali, prijateljima koji su u jednom trenutku to prestali biti&#8230; Pisao je i o pozadini vlastitih pri\u010da, opisivao ponekad iste doga\u0111aje iz razli\u010ditih dijelova vlastitog \u017eivota&#8230; Pisanjem je tijekom rata davao nadu u povratak za sve druge izgnane i obespravljene Posavljake.<\/span><\/p>\n<p><span style=\"color: #000000;\">Knjiga sadr\u017ei i njegove srednjo\u0161kolske nagra\u0111ivane radove, odabrane pri\u010de i pjesme objavljene tijekom novinarske karijere kao i neke od tekstova koje pisao za \u0161kolski \u010dasopis u Poto\u010danima (BiH) tijekom svog ponovnog u\u010diteljevanja.<\/span> <span style=\"color: #000000;\">Za neke od tekstova koji su prona\u0111eni u njegovom domu nije sigurno jesu li ikad do sada vidjeli svjetlost dana.<\/span><\/p>\n<p><span style=\"color: #000000;\">Neki od tekstova predstavljaju jedinstvenu odu zavi\u010daju, odu Bosanskoj Posavini kakva je nekad bila.<\/span><\/p>\n<p><span style=\"color: #000000;\">Knjiga pru\u017ea bogate opise i kao takva daje doprinos za ve\u0107inu sela posavskih Hrvata i Muslimana: od rodnih mu Donjih Kladara, pa do Garevca, Pe\u0107nika, Tarevaca, Jake\u0161a, Dobre Vode, Donjih Rije\u010dana, Srnave, Poto\u010dana, Kornice, \u010cardaka, Lipika, Domaljevca, Dobrinje, Tramo\u0161nice, \u017divkovog Polja&#8230;, kao i tamo\u0161njih gradova: Modri\u010de, Od\u017eaka, Grada\u010dca, Bosanskog \u0160amca, Ora\u0161ja&#8230; Knjiga tako\u0111er predstavlja i zna\u010dajan doprinos za grad Dugo Selo gdje je napisan ve\u0107i dio sakupljenog materijala.<\/span><\/p>\n<p><span style=\"color: #000000;\">Ova knjiga, predstavlja jedinstven dokument o Bosanskoj Posavini i ljepoti zemlje koja je iz dronjaka rasla, visine dosegla, a onda je ljudski i materijalno ru\u017eno uni\u0161tena u ratu koji jo\u0161 uvijek traje u du\u0161ama mnogih. Opisani doga\u0111aji i pri\u010de ostaju kao zalog za sve obespravljene, poginule i izgnane pod naletom velikosrpske agresije kao i osuda zlo\u010dina koji se ne smiju zaboraviti u ime budu\u0107eg mira, su\u017eivota, prosperiteta svih naroda tog kraja.<\/span><\/p>\n<p>\u00a0<\/p>\n<p><span style=\"font-family: Arial, sans-serif;\"><span lang=\"hr-HR\"><b>Bilje\u0161ka o autoru: <\/b><\/span><\/span><\/p>\n<p><span style=\"color: #000000;\">Anto Ad\u017eami\u0107 je ro\u0111en 15. svibnja 1942. godine u Donjim Kladarima kod Modri\u010de, Bosna i Hercegovina. Osnovnu \u0161kolu poha\u0111ao je u Garevcu, ni\u017eu realnu gimnaziju u Modri\u010di, a gimnaziju u Grada\u010dcu. Zvanje u\u010ditelja stekao je u U\u010diteljskoj \u0161koli u Derventi, a kasnije je diplomirao na Pedago\u0161koj akademiji u Beogradu.<\/span><\/p>\n<p><span style=\"color: #000000;\">U\u010diteljevao je u Garevcu, Dobroj Vodi, Kladarima i Donjim Rije\u010danima, a potom je dvadesetak godina radio kao novinar i urednik u Radio-Modri\u010di i bio prvi urednik \u00bbModri\u010dkih novina\u00ab. Objavio je brojne reporta\u017ene i druge zapise u \u00bbZadrugaru\u00ab, \u00bbVe\u010dernjim novinama\u00ab, \u00bbOslobo\u0111enju\u00ab, \u00bbProsvjetnom listu\u00ab, \u00bbGlasu komuna\u00ab i drugim lokalnim listovima u Bosni i Hercegovini. Godinama je bio dopisnik Radio-Sarajeva, a sura\u0111ivao je i u knji\u017eevnim \u010dasopisima \u00bbLica\u00ab i \u00bbNa\u0161i dani\u00ab.<\/span><\/p>\n<p><span style=\"color: #000000;\">Jo\u0161 kao srednjo\u0161kolac osvojio je vi\u0161e zna\u010dajnih knji\u017eevnih priznanja, a me\u0111u njima i prve nagrade za prozu na natje\u010daju zagreba\u010dkog \u00bbPoleta\u00ab (1960. i 1961. godine), nekada eminentnog literarnog \u010dasopisa.<\/span><\/p>\n<p><span style=\"color: #000000;\">U \u00bbPosavskom glasniku\u00ab, u rubrici \u00bbIZ DNEVNIKA\u00ab, objavio je brojne reporta\u017ee koje se pamte po lepr\u0161avom jeziku, dubokoj osje\u0107ajnosti i promi\u0161ljenosti, toploj lirici koju je protkao vedrinom duha ljudi iz Bosanske Posavine. U istom listu, pod pseudonimom \u00bbPrika iz Lipika\u00ab, pisao je izri\u010dajem narodnog jezika kojim se odavno vi\u0161e ne govori&#8230;<\/span><\/p>\n<p><span style=\"color: #000000;\">Nakon rata u Bosni i Hercegovini, \u017eivio je i radio u Dugom Selu pokraj Zagreba, povremeno pisao o svom zavi\u010daju i radio kao putnik-u\u010ditelj u Poto\u010danima kod Od\u017eaka.<\/span><\/p>\n<p><span style=\"color: #000000;\">Preminuo je 9. svibnja 2022. godine u Zagrebu. Pokopan je na Novom Groblju u Dugom Selu.<\/span><\/p>\n<p><span style=\"font-family: Arial, sans-serif;\"><span lang=\"hr-HR\"><b>Klju\u010dne rije\u010di: <\/b><\/span><\/span><span style=\"color: #000000;\">Bosanska Posavina, Anto Ad\u017eami\u0107, O grlicama i ljudima, Posavski Glasnik, Rat u Bosanskoj Posavini, Protjerivanje Hrvata, Pro\u0161lost Bosanske Posavine, Obi\u010daji posavskih Hrvata, Velikosrpska agresija u Bosanskoj Posavini, Modri\u010da, Donji Kladari, Garevac, Ora\u0161je, Od\u017eak, Pe\u0107nik, izgnanstvo&#8230;<\/span><\/p>\n<p><span style=\"font-family: Arial, sans-serif;\"><span lang=\"hr-HR\"><b>E-mail: <a href=\"mailto:zadzamic@gmail.com\" target=\"_blank\" rel=\"noopener noreferrer\">Anto Ad\u017eami\u0107<\/a><\/b><\/span><\/span><\/p>\n<p lang=\"hr-HR\">\u00a0<\/p>\n<p><strong><span style=\"font-family: Arial, sans-serif;\">Naslov: <\/span><\/strong><strong><span style=\"font-family: Arial, sans-serif;\">BOSANSKA POSAVINA O grlicama i ljudima<\/span><\/strong><span style=\"font-family: Arial, sans-serif;\"><br \/><\/span><strong><span style=\"font-family: Arial, sans-serif;\">Autor:<\/span><\/strong><span style=\"font-family: Arial, sans-serif;\"> Anto Ad\u017eami\u0107<br \/><\/span><strong><span style=\"font-family: Arial, sans-serif;\">Broj stranica: <\/span><\/strong><span style=\"font-family: Arial, sans-serif;\"><span lang=\"\">318<\/span><\/span><span style=\"font-family: Arial, sans-serif;\"><br \/><\/span><strong><span style=\"font-family: Arial, sans-serif;\">Nakladnik: <\/span><\/strong><strong><span style=\"font-family: Arial, sans-serif;\">REDAK<\/span><\/strong><span style=\"font-family: Arial, sans-serif;\"><br \/><\/span><strong><span style=\"font-family: Arial, sans-serif;\">Godina izdanja: <\/span><\/strong><strong><span style=\"font-family: Arial, sans-serif;\">2022.<br \/><\/span><\/strong><strong><span style=\"font-family: Arial, sans-serif;\">ISBN:<\/span><\/strong><span style=\"font-family: Arial, sans-serif;\"> 978-953-336-895-5<br \/><\/span><strong><span style=\"font-family: Arial, sans-serif;\">Tisak:<\/span><\/strong><span style=\"font-family: Arial, sans-serif;\"> digitalni tisak knjiga &#8211; print na zahtjev<\/span><\/p>\n<p style=\"text-align: justify;\">\u00a0<\/p>\n<p style=\"text-align: justify;\"><strong>Kako naru\u010diti knjigu?\u00a0<\/strong>Proces online kupovine jednako funkcionira za sve kupce, s jedinom razlikom u tome \u0161to \u0161to kupci iz inozemstva za podru\u010dje dostave moraju odabrati &#8220;Europa&#8221; ili &#8220;Ostale zemlje svijeta&#8221;, a za vrstu pla\u0107anja WSPay (kreditna kartica) ili Virmanom (bankovni transfer).<\/p>\n<p style=\"text-align: justify;\">Molimo kliknite ovdje za\u00a0<a href=\"hr\/kako-kupovati\">detaljni vodi\u010d kroz proces narud\u017ebe<\/a>\u00a0ili nas\u00a0<a href=\"hr\/kontakt\">kontaktirajte<\/a>\u00a0za vi\u0161e informacija.<\/p>\n","protected":false},"excerpt":{"rendered":"<p>Sa\u017eetak: U knjizi su sakupljeni neki od knji\u017eevno-dokumentarnih zapisa i pjesama lokalnog u\u010ditelja, novinara i poete Ante Ad\u017eami\u0107a iz bogate lepeze njegovih tekstova i pjesama objavljenih u razli\u010ditim \u010dasopisima u periodu od 1960. do 2007. godine o Bosanskoj Posavini, djetinjstvu, zavi\u010dajnim ljudima i obi\u010dajima, neimarima, stvarateljima, selima i gradovima kao i o velikosrpskoj agresiji na [&hellip;]<\/p>\n","protected":false},"featured_media":9888,"comment_status":"open","ping_status":"closed","template":"","meta":{"_acf_changed":false},"product_brand":[],"product_cat":[1385],"product_tag":[],"class_list":{"0":"post-9887","1":"product","2":"type-product","3":"status-publish","4":"has-post-thumbnail","6":"product_cat-knjizevnost","8":"first","9":"instock","10":"shipping-taxable","11":"purchasable","12":"product-type-simple"},"acf":[],"yoast_head":"<!-- This site is optimized with the Yoast SEO plugin v27.3 - https:\/\/yoast.com\/product\/yoast-seo-wordpress\/ -->\n<title>BOSANSKA POSAVINA O grlicama i ljudima, Anto Ad\u017eami\u0107 - Web-knji\u017eara<\/title>\n<meta name=\"robots\" content=\"index, follow, max-snippet:-1, max-image-preview:large, max-video-preview:-1\" \/>\n<link rel=\"canonical\" href=\"https:\/\/webknjizara.hr\/proizvod\/bosanska-posavina-o-grlicama-i-ljudima-anto-adzamic\/\" \/>\n<meta property=\"og:locale\" content=\"en_US\" \/>\n<meta property=\"og:type\" content=\"article\" \/>\n<meta property=\"og:title\" content=\"BOSANSKA POSAVINA O grlicama i ljudima, Anto Ad\u017eami\u0107 - Web-knji\u017eara\" \/>\n<meta property=\"og:description\" content=\"Sa\u017eetak: U knjizi su sakupljeni neki od knji\u017eevno-dokumentarnih zapisa i pjesama lokalnog u\u010ditelja, novinara i poete Ante Ad\u017eami\u0107a iz bogate lepeze njegovih tekstova i pjesama objavljenih u razli\u010ditim \u010dasopisima u periodu od 1960. do 2007. godine o Bosanskoj Posavini, djetinjstvu, zavi\u010dajnim ljudima i obi\u010dajima, neimarima, stvarateljima, selima i gradovima kao i o velikosrpskoj agresiji na [&hellip;]\" \/>\n<meta property=\"og:url\" content=\"https:\/\/webknjizara.hr\/proizvod\/bosanska-posavina-o-grlicama-i-ljudima-anto-adzamic\/\" \/>\n<meta property=\"og:site_name\" content=\"Web-knji\u017eara\" \/>\n<meta property=\"article:modified_time\" content=\"2022-12-16T13:45:05+00:00\" \/>\n<meta property=\"og:image\" content=\"https:\/\/webknjizara.hr\/wp-content\/uploads\/nc\/images\/virtuemart\/product\/Anto_Adzamic_BOSANSKA_POSAVINA_O_grlicama_i_ljudima_webknjizara_redak_WEB_1373.jpg\" \/>\n\t<meta property=\"og:image:width\" content=\"300\" \/>\n\t<meta property=\"og:image:height\" content=\"419\" \/>\n\t<meta property=\"og:image:type\" content=\"image\/jpeg\" \/>\n<meta name=\"twitter:card\" content=\"summary_large_image\" \/>\n<meta name=\"twitter:label1\" content=\"Est. reading time\" \/>\n\t<meta name=\"twitter:data1\" content=\"4 minutes\" \/>\n<script type=\"application\/ld+json\" class=\"yoast-schema-graph\">{\"@context\":\"https:\\\/\\\/schema.org\",\"@graph\":[{\"@type\":\"WebPage\",\"@id\":\"https:\\\/\\\/webknjizara.hr\\\/proizvod\\\/bosanska-posavina-o-grlicama-i-ljudima-anto-adzamic\\\/\",\"url\":\"https:\\\/\\\/webknjizara.hr\\\/proizvod\\\/bosanska-posavina-o-grlicama-i-ljudima-anto-adzamic\\\/\",\"name\":\"BOSANSKA POSAVINA O grlicama i ljudima, Anto Ad\u017eami\u0107 - Web-knji\u017eara\",\"isPartOf\":{\"@id\":\"https:\\\/\\\/webknjizara.hr\\\/#website\"},\"primaryImageOfPage\":{\"@id\":\"https:\\\/\\\/webknjizara.hr\\\/proizvod\\\/bosanska-posavina-o-grlicama-i-ljudima-anto-adzamic\\\/#primaryimage\"},\"image\":{\"@id\":\"https:\\\/\\\/webknjizara.hr\\\/proizvod\\\/bosanska-posavina-o-grlicama-i-ljudima-anto-adzamic\\\/#primaryimage\"},\"thumbnailUrl\":\"https:\\\/\\\/webknjizara.hr\\\/wp-content\\\/uploads\\\/nc\\\/images\\\/virtuemart\\\/product\\\/Anto_Adzamic_BOSANSKA_POSAVINA_O_grlicama_i_ljudima_webknjizara_redak_WEB_1373.jpg\",\"datePublished\":\"2022-12-15T10:50:50+00:00\",\"dateModified\":\"2022-12-16T13:45:05+00:00\",\"breadcrumb\":{\"@id\":\"https:\\\/\\\/webknjizara.hr\\\/proizvod\\\/bosanska-posavina-o-grlicama-i-ljudima-anto-adzamic\\\/#breadcrumb\"},\"inLanguage\":\"en-US\",\"potentialAction\":[{\"@type\":\"ReadAction\",\"target\":[\"https:\\\/\\\/webknjizara.hr\\\/proizvod\\\/bosanska-posavina-o-grlicama-i-ljudima-anto-adzamic\\\/\"]}]},{\"@type\":\"ImageObject\",\"inLanguage\":\"en-US\",\"@id\":\"https:\\\/\\\/webknjizara.hr\\\/proizvod\\\/bosanska-posavina-o-grlicama-i-ljudima-anto-adzamic\\\/#primaryimage\",\"url\":\"https:\\\/\\\/webknjizara.hr\\\/wp-content\\\/uploads\\\/nc\\\/images\\\/virtuemart\\\/product\\\/Anto_Adzamic_BOSANSKA_POSAVINA_O_grlicama_i_ljudima_webknjizara_redak_WEB_1373.jpg\",\"contentUrl\":\"https:\\\/\\\/webknjizara.hr\\\/wp-content\\\/uploads\\\/nc\\\/images\\\/virtuemart\\\/product\\\/Anto_Adzamic_BOSANSKA_POSAVINA_O_grlicama_i_ljudima_webknjizara_redak_WEB_1373.jpg\",\"width\":300,\"height\":419,\"caption\":\"BOSANSKA POSAVINA O grlicama i ljudima, Anto Ad\u017eami\u0107\"},{\"@type\":\"BreadcrumbList\",\"@id\":\"https:\\\/\\\/webknjizara.hr\\\/proizvod\\\/bosanska-posavina-o-grlicama-i-ljudima-anto-adzamic\\\/#breadcrumb\",\"itemListElement\":[{\"@type\":\"ListItem\",\"position\":1,\"name\":\"Po\u010detna stranica\",\"item\":\"https:\\\/\\\/webknjizara.hr\\\/en\\\/\"},{\"@type\":\"ListItem\",\"position\":2,\"name\":\"Shop\",\"item\":\"https:\\\/\\\/webknjizara.hr\\\/shop\\\/\"},{\"@type\":\"ListItem\",\"position\":3,\"name\":\"BOSANSKA POSAVINA O grlicama i ljudima, Anto Ad\u017eami\u0107\"}]},{\"@type\":\"WebSite\",\"@id\":\"https:\\\/\\\/webknjizara.hr\\\/#website\",\"url\":\"https:\\\/\\\/webknjizara.hr\\\/\",\"name\":\"Web Knji\u017eara\",\"description\":\"\",\"publisher\":{\"@id\":\"https:\\\/\\\/webknjizara.hr\\\/#organization\"},\"potentialAction\":[{\"@type\":\"SearchAction\",\"target\":{\"@type\":\"EntryPoint\",\"urlTemplate\":\"https:\\\/\\\/webknjizara.hr\\\/?s={search_term_string}\"},\"query-input\":{\"@type\":\"PropertyValueSpecification\",\"valueRequired\":true,\"valueName\":\"search_term_string\"}}],\"inLanguage\":\"en-US\"},{\"@type\":\"Organization\",\"@id\":\"https:\\\/\\\/webknjizara.hr\\\/#organization\",\"name\":\"REDAK D.O.O.\",\"url\":\"https:\\\/\\\/webknjizara.hr\\\/\",\"logo\":{\"@type\":\"ImageObject\",\"inLanguage\":\"en-US\",\"@id\":\"https:\\\/\\\/webknjizara.hr\\\/#\\\/schema\\\/logo\\\/image\\\/\",\"url\":\"https:\\\/\\\/webknjizara.hr\\\/wp-content\\\/uploads\\\/2023\\\/01\\\/web-knjizara-logo.webp\",\"contentUrl\":\"https:\\\/\\\/webknjizara.hr\\\/wp-content\\\/uploads\\\/2023\\\/01\\\/web-knjizara-logo.webp\",\"width\":324,\"height\":79,\"caption\":\"REDAK D.O.O.\"},\"image\":{\"@id\":\"https:\\\/\\\/webknjizara.hr\\\/#\\\/schema\\\/logo\\\/image\\\/\"}}]}<\/script>\n<!-- \/ Yoast SEO plugin. -->","yoast_head_json":{"title":"BOSANSKA POSAVINA O grlicama i ljudima, Anto Ad\u017eami\u0107 - Web-knji\u017eara","robots":{"index":"index","follow":"follow","max-snippet":"max-snippet:-1","max-image-preview":"max-image-preview:large","max-video-preview":"max-video-preview:-1"},"canonical":"https:\/\/webknjizara.hr\/proizvod\/bosanska-posavina-o-grlicama-i-ljudima-anto-adzamic\/","og_locale":"en_US","og_type":"article","og_title":"BOSANSKA POSAVINA O grlicama i ljudima, Anto Ad\u017eami\u0107 - Web-knji\u017eara","og_description":"Sa\u017eetak: U knjizi su sakupljeni neki od knji\u017eevno-dokumentarnih zapisa i pjesama lokalnog u\u010ditelja, novinara i poete Ante Ad\u017eami\u0107a iz bogate lepeze njegovih tekstova i pjesama objavljenih u razli\u010ditim \u010dasopisima u periodu od 1960. do 2007. godine o Bosanskoj Posavini, djetinjstvu, zavi\u010dajnim ljudima i obi\u010dajima, neimarima, stvarateljima, selima i gradovima kao i o velikosrpskoj agresiji na [&hellip;]","og_url":"https:\/\/webknjizara.hr\/proizvod\/bosanska-posavina-o-grlicama-i-ljudima-anto-adzamic\/","og_site_name":"Web-knji\u017eara","article_modified_time":"2022-12-16T13:45:05+00:00","og_image":[{"width":300,"height":419,"url":"https:\/\/webknjizara.hr\/wp-content\/uploads\/nc\/images\/virtuemart\/product\/Anto_Adzamic_BOSANSKA_POSAVINA_O_grlicama_i_ljudima_webknjizara_redak_WEB_1373.jpg","type":"image\/jpeg"}],"twitter_card":"summary_large_image","twitter_misc":{"Est. reading time":"4 minutes"},"schema":{"@context":"https:\/\/schema.org","@graph":[{"@type":"WebPage","@id":"https:\/\/webknjizara.hr\/proizvod\/bosanska-posavina-o-grlicama-i-ljudima-anto-adzamic\/","url":"https:\/\/webknjizara.hr\/proizvod\/bosanska-posavina-o-grlicama-i-ljudima-anto-adzamic\/","name":"BOSANSKA POSAVINA O grlicama i ljudima, Anto Ad\u017eami\u0107 - Web-knji\u017eara","isPartOf":{"@id":"https:\/\/webknjizara.hr\/#website"},"primaryImageOfPage":{"@id":"https:\/\/webknjizara.hr\/proizvod\/bosanska-posavina-o-grlicama-i-ljudima-anto-adzamic\/#primaryimage"},"image":{"@id":"https:\/\/webknjizara.hr\/proizvod\/bosanska-posavina-o-grlicama-i-ljudima-anto-adzamic\/#primaryimage"},"thumbnailUrl":"https:\/\/webknjizara.hr\/wp-content\/uploads\/nc\/images\/virtuemart\/product\/Anto_Adzamic_BOSANSKA_POSAVINA_O_grlicama_i_ljudima_webknjizara_redak_WEB_1373.jpg","datePublished":"2022-12-15T10:50:50+00:00","dateModified":"2022-12-16T13:45:05+00:00","breadcrumb":{"@id":"https:\/\/webknjizara.hr\/proizvod\/bosanska-posavina-o-grlicama-i-ljudima-anto-adzamic\/#breadcrumb"},"inLanguage":"en-US","potentialAction":[{"@type":"ReadAction","target":["https:\/\/webknjizara.hr\/proizvod\/bosanska-posavina-o-grlicama-i-ljudima-anto-adzamic\/"]}]},{"@type":"ImageObject","inLanguage":"en-US","@id":"https:\/\/webknjizara.hr\/proizvod\/bosanska-posavina-o-grlicama-i-ljudima-anto-adzamic\/#primaryimage","url":"https:\/\/webknjizara.hr\/wp-content\/uploads\/nc\/images\/virtuemart\/product\/Anto_Adzamic_BOSANSKA_POSAVINA_O_grlicama_i_ljudima_webknjizara_redak_WEB_1373.jpg","contentUrl":"https:\/\/webknjizara.hr\/wp-content\/uploads\/nc\/images\/virtuemart\/product\/Anto_Adzamic_BOSANSKA_POSAVINA_O_grlicama_i_ljudima_webknjizara_redak_WEB_1373.jpg","width":300,"height":419,"caption":"BOSANSKA POSAVINA O grlicama i ljudima, Anto Ad\u017eami\u0107"},{"@type":"BreadcrumbList","@id":"https:\/\/webknjizara.hr\/proizvod\/bosanska-posavina-o-grlicama-i-ljudima-anto-adzamic\/#breadcrumb","itemListElement":[{"@type":"ListItem","position":1,"name":"Po\u010detna stranica","item":"https:\/\/webknjizara.hr\/en\/"},{"@type":"ListItem","position":2,"name":"Shop","item":"https:\/\/webknjizara.hr\/shop\/"},{"@type":"ListItem","position":3,"name":"BOSANSKA POSAVINA O grlicama i ljudima, Anto Ad\u017eami\u0107"}]},{"@type":"WebSite","@id":"https:\/\/webknjizara.hr\/#website","url":"https:\/\/webknjizara.hr\/","name":"Web Knji\u017eara","description":"","publisher":{"@id":"https:\/\/webknjizara.hr\/#organization"},"potentialAction":[{"@type":"SearchAction","target":{"@type":"EntryPoint","urlTemplate":"https:\/\/webknjizara.hr\/?s={search_term_string}"},"query-input":{"@type":"PropertyValueSpecification","valueRequired":true,"valueName":"search_term_string"}}],"inLanguage":"en-US"},{"@type":"Organization","@id":"https:\/\/webknjizara.hr\/#organization","name":"REDAK D.O.O.","url":"https:\/\/webknjizara.hr\/","logo":{"@type":"ImageObject","inLanguage":"en-US","@id":"https:\/\/webknjizara.hr\/#\/schema\/logo\/image\/","url":"https:\/\/webknjizara.hr\/wp-content\/uploads\/2023\/01\/web-knjizara-logo.webp","contentUrl":"https:\/\/webknjizara.hr\/wp-content\/uploads\/2023\/01\/web-knjizara-logo.webp","width":324,"height":79,"caption":"REDAK D.O.O."},"image":{"@id":"https:\/\/webknjizara.hr\/#\/schema\/logo\/image\/"}}]}},"_links":{"self":[{"href":"https:\/\/webknjizara.hr\/en\/wp-json\/wp\/v2\/product\/9887","targetHints":{"allow":["GET"]}}],"collection":[{"href":"https:\/\/webknjizara.hr\/en\/wp-json\/wp\/v2\/product"}],"about":[{"href":"https:\/\/webknjizara.hr\/en\/wp-json\/wp\/v2\/types\/product"}],"replies":[{"embeddable":true,"href":"https:\/\/webknjizara.hr\/en\/wp-json\/wp\/v2\/comments?post=9887"}],"wp:featuredmedia":[{"embeddable":true,"href":"https:\/\/webknjizara.hr\/en\/wp-json\/wp\/v2\/media\/9888"}],"wp:attachment":[{"href":"https:\/\/webknjizara.hr\/en\/wp-json\/wp\/v2\/media?parent=9887"}],"wp:term":[{"taxonomy":"product_brand","embeddable":true,"href":"https:\/\/webknjizara.hr\/en\/wp-json\/wp\/v2\/product_brand?post=9887"},{"taxonomy":"product_cat","embeddable":true,"href":"https:\/\/webknjizara.hr\/en\/wp-json\/wp\/v2\/product_cat?post=9887"},{"taxonomy":"product_tag","embeddable":true,"href":"https:\/\/webknjizara.hr\/en\/wp-json\/wp\/v2\/product_tag?post=9887"}],"curies":[{"name":"wp","href":"https:\/\/api.w.org\/{rel}","templated":true}]}}