{"id":9883,"date":"2022-12-12T13:13:21","date_gmt":"2022-12-12T13:13:21","guid":{"rendered":"https:\/\/webknjizara.hr\/?product=ispod-duge-tihana-kunstek"},"modified":"2022-12-12T13:14:34","modified_gmt":"2022-12-12T13:14:34","slug":"ispod-duge-tihana-kunstek","status":"publish","type":"product","link":"https:\/\/webknjizara.hr\/en\/proizvod\/ispod-duge-tihana-kunstek\/","title":{"rendered":"ISPOD DUGE, Tihana Kun\u0161tek"},"content":{"rendered":"<p lang=\"hr-HR\"><span style=\"color: #000000;\"><span style=\"font-family: 'Book Antiqua', 'Book Antiqua', serif;\"><span style=\"font-size: medium;\"><span style=\"font-family: Arial, sans-serif;\"><b>Sa\u017eetak:<\/b><\/span> <\/span><\/span><\/span><\/p>\n<p lang=\"hr-HR\"><span style=\"color: #000000;\"><span style=\"font-family: 'Book Antiqua', 'Book Antiqua', serif;\"><span style=\"font-size: medium;\">Autorica u ovom romanu opisuje kako se nositi sa gubitkom djeteta u visokom stupnju trudno\u0107e. Prvi roman ove autorice Rekvijem za Lauru (listopad, 2013.), nastao je nakon gubitka djevoj\u010dice u visokom stupnju trudno\u0107e. Roman Ispod duge je tako\u0111er autobiografski, te opisuje kako se nositi sa gubitkom djeteta, koliko je te\u0161ko suo\u010diti se sa okolinom, ponovno nau\u010diti \u017eivjeti punim plu\u0107ima, te kako svladati strah od sljede\u0107e trudno\u0107e.<\/span><\/span><\/span><\/p>\n<p>\u00a0<\/p>\n<p><span style=\"font-family: Arial, sans-serif;\"><span lang=\"hr-HR\"><b>Bilje\u0161ka o autorici: <\/b><\/span><\/span><\/p>\n<p><span style=\"color: #000000;\">Tihana Kun\u0161tek ro\u0111ena je 1969. godine u Zagrebu. Vrlo rano je nau\u010dila \u010ditati i pisati, ve\u0107 kao \u010detverogodi\u0161nje dijete i od tada njeguje ljubav prema knjigama, poeziji i prozi. Kolumnistica je na nekoliko portala za mame i djecu. Vesela osoba, obo\u017eava kuhati, tr\u010dati i planinariti. \u010cesto je pisala i za Magazin Tr\u010danje. Nakon gubitka k\u0107eri u visokom stupnju trudno\u0107e, u\u010dila je ponovno \u017eivjeti. Napisala je roman Rekvijem za Lauru 2013. godine, koji je bio psihoterapeutske prirode. \u010cesto volontira, suosniva\u010dica je humanitarne udruge Facebook humanitarci Zagreb, pa je i sav svoj prihod od prvog romana darovala u dobrotvorne svrhe.<\/span><\/p>\n<p><span style=\"font-family: Arial, sans-serif;\"><span lang=\"hr-HR\"><b>Klju\u010dne rije\u010di: <\/b><\/span><\/span><span style=\"color: #000000;\">Gubitak djeteta, rizi\u010dna trudno\u0107a, potpomognuta oplodnja, oporavak nakon gubitka djeteta<\/span><\/p>\n<p><span style=\"font-family: Arial, sans-serif;\"><span lang=\"hr-HR\"><b>Link: <\/b><\/span><\/span><span style=\"color: #000080;\"><u><a href=\"https:\/\/www.facebook.com\/RekvijemZaLauru\">https:\/\/www.facebook.com\/RekvijemZaLauru<\/a><\/u><\/span><\/p>\n<p lang=\"hr-HR\">\u00a0<\/p>\n<p><strong><span style=\"font-family: Arial, sans-serif;\">Naslov: <\/span><\/strong><strong><span style=\"font-family: Arial, sans-serif;\">Ispod duge<\/span><\/strong><span style=\"font-family: Arial, sans-serif;\"><br \/><\/span><strong><span style=\"font-family: Arial, sans-serif;\">Autorica:<\/span><\/strong><span style=\"font-family: Arial, sans-serif;\"> Tihana Kun\u0161tek<br \/><\/span><strong><span style=\"font-family: Arial, sans-serif;\">Broj stranica: <\/span><\/strong><span style=\"font-family: Arial, sans-serif;\"><span lang=\"\">60<\/span><\/span><span style=\"font-family: Arial, sans-serif;\"><br \/><\/span><strong><span style=\"font-family: Arial, sans-serif;\">Nakladnik: <\/span><\/strong><strong><span style=\"font-family: Arial, sans-serif;\">REDAK<\/span><\/strong><span style=\"font-family: Arial, sans-serif;\"><br \/><\/span><strong><span style=\"font-family: Arial, sans-serif;\">Godina izdanja: <\/span><\/strong><strong><span style=\"font-family: Arial, sans-serif;\">2022.<br \/><\/span><\/strong><strong><span style=\"font-family: Arial, sans-serif;\">ISBN:<\/span><\/strong><span style=\"font-family: Arial, sans-serif;\"> 978-953-336-897-9<br \/><\/span><strong><span style=\"font-family: Arial, sans-serif;\">Tisak:<\/span><\/strong><span style=\"font-family: Arial, sans-serif;\"> digitalni tisak knjiga &#8211; print na zahtjev<\/span><\/p>\n<p style=\"text-align: justify;\">\u00a0<\/p>\n<p style=\"text-align: justify;\"><strong>Kako naru\u010diti knjigu?\u00a0<\/strong>Proces online kupovine jednako funkcionira za sve kupce, s jedinom razlikom u tome \u0161to \u0161to kupci iz inozemstva za podru\u010dje dostave moraju odabrati &#8220;Europa&#8221; ili &#8220;Ostale zemlje svijeta&#8221;, a za vrstu pla\u0107anja WSPay (kreditna kartica) ili Virmanom (bankovni transfer).<\/p>\n<p style=\"text-align: justify;\">Molimo kliknite ovdje za\u00a0<a href=\"hr\/kako-kupovati\">detaljni vodi\u010d kroz proces narud\u017ebe<\/a>\u00a0ili nas\u00a0<a href=\"hr\/kontakt\">kontaktirajte<\/a>\u00a0za vi\u0161e informacija.<\/p>\n","protected":false},"excerpt":{"rendered":"<p>Sa\u017eetak: Autorica u ovom romanu opisuje kako se nositi sa gubitkom djeteta u visokom stupnju trudno\u0107e. Prvi roman ove autorice Rekvijem za Lauru (listopad, 2013.), nastao je nakon gubitka djevoj\u010dice u visokom stupnju trudno\u0107e. Roman Ispod duge je tako\u0111er autobiografski, te opisuje kako se nositi sa gubitkom djeteta, koliko je te\u0161ko suo\u010diti se sa okolinom, [&hellip;]<\/p>\n","protected":false},"featured_media":9884,"comment_status":"open","ping_status":"closed","template":"","meta":{"_acf_changed":false},"product_brand":[],"product_cat":[1422],"product_tag":[],"class_list":{"0":"post-9883","1":"product","2":"type-product","3":"status-publish","4":"has-post-thumbnail","6":"product_cat-biografije-i-memoari","8":"first","9":"instock","10":"shipping-taxable","11":"purchasable","12":"product-type-simple"},"acf":[],"yoast_head":"<!-- This site is optimized with the Yoast SEO plugin v27.3 - https:\/\/yoast.com\/product\/yoast-seo-wordpress\/ -->\n<title>ISPOD DUGE, Tihana Kun\u0161tek - Web-knji\u017eara<\/title>\n<meta name=\"robots\" content=\"index, follow, max-snippet:-1, max-image-preview:large, max-video-preview:-1\" \/>\n<link rel=\"canonical\" href=\"https:\/\/webknjizara.hr\/proizvod\/ispod-duge-tihana-kunstek\/\" \/>\n<meta property=\"og:locale\" content=\"en_US\" \/>\n<meta property=\"og:type\" content=\"article\" \/>\n<meta property=\"og:title\" content=\"ISPOD DUGE, Tihana Kun\u0161tek - Web-knji\u017eara\" \/>\n<meta property=\"og:description\" content=\"Sa\u017eetak: Autorica u ovom romanu opisuje kako se nositi sa gubitkom djeteta u visokom stupnju trudno\u0107e. Prvi roman ove autorice Rekvijem za Lauru (listopad, 2013.), nastao je nakon gubitka djevoj\u010dice u visokom stupnju trudno\u0107e. Roman Ispod duge je tako\u0111er autobiografski, te opisuje kako se nositi sa gubitkom djeteta, koliko je te\u0161ko suo\u010diti se sa okolinom, [&hellip;]\" \/>\n<meta property=\"og:url\" content=\"https:\/\/webknjizara.hr\/proizvod\/ispod-duge-tihana-kunstek\/\" \/>\n<meta property=\"og:site_name\" content=\"Web-knji\u017eara\" \/>\n<meta property=\"article:modified_time\" content=\"2022-12-12T13:14:34+00:00\" \/>\n<meta property=\"og:image\" content=\"https:\/\/webknjizara.hr\/wp-content\/uploads\/nc\/images\/virtuemart\/product\/Tihana_Kunstek_Ispod_duge_webknjizara_redak_WEB_1368.jpg\" \/>\n\t<meta property=\"og:image:width\" content=\"300\" \/>\n\t<meta property=\"og:image:height\" content=\"419\" \/>\n\t<meta property=\"og:image:type\" content=\"image\/jpeg\" \/>\n<meta name=\"twitter:card\" content=\"summary_large_image\" \/>\n<meta name=\"twitter:label1\" content=\"Est. reading time\" \/>\n\t<meta name=\"twitter:data1\" content=\"1 minute\" \/>\n<script type=\"application\/ld+json\" class=\"yoast-schema-graph\">{\"@context\":\"https:\\\/\\\/schema.org\",\"@graph\":[{\"@type\":\"WebPage\",\"@id\":\"https:\\\/\\\/webknjizara.hr\\\/proizvod\\\/ispod-duge-tihana-kunstek\\\/\",\"url\":\"https:\\\/\\\/webknjizara.hr\\\/proizvod\\\/ispod-duge-tihana-kunstek\\\/\",\"name\":\"ISPOD DUGE, Tihana Kun\u0161tek - Web-knji\u017eara\",\"isPartOf\":{\"@id\":\"https:\\\/\\\/webknjizara.hr\\\/#website\"},\"primaryImageOfPage\":{\"@id\":\"https:\\\/\\\/webknjizara.hr\\\/proizvod\\\/ispod-duge-tihana-kunstek\\\/#primaryimage\"},\"image\":{\"@id\":\"https:\\\/\\\/webknjizara.hr\\\/proizvod\\\/ispod-duge-tihana-kunstek\\\/#primaryimage\"},\"thumbnailUrl\":\"https:\\\/\\\/webknjizara.hr\\\/wp-content\\\/uploads\\\/nc\\\/images\\\/virtuemart\\\/product\\\/Tihana_Kunstek_Ispod_duge_webknjizara_redak_WEB_1368.jpg\",\"datePublished\":\"2022-12-12T13:13:21+00:00\",\"dateModified\":\"2022-12-12T13:14:34+00:00\",\"breadcrumb\":{\"@id\":\"https:\\\/\\\/webknjizara.hr\\\/proizvod\\\/ispod-duge-tihana-kunstek\\\/#breadcrumb\"},\"inLanguage\":\"en-US\",\"potentialAction\":[{\"@type\":\"ReadAction\",\"target\":[\"https:\\\/\\\/webknjizara.hr\\\/proizvod\\\/ispod-duge-tihana-kunstek\\\/\"]}]},{\"@type\":\"ImageObject\",\"inLanguage\":\"en-US\",\"@id\":\"https:\\\/\\\/webknjizara.hr\\\/proizvod\\\/ispod-duge-tihana-kunstek\\\/#primaryimage\",\"url\":\"https:\\\/\\\/webknjizara.hr\\\/wp-content\\\/uploads\\\/nc\\\/images\\\/virtuemart\\\/product\\\/Tihana_Kunstek_Ispod_duge_webknjizara_redak_WEB_1368.jpg\",\"contentUrl\":\"https:\\\/\\\/webknjizara.hr\\\/wp-content\\\/uploads\\\/nc\\\/images\\\/virtuemart\\\/product\\\/Tihana_Kunstek_Ispod_duge_webknjizara_redak_WEB_1368.jpg\",\"width\":300,\"height\":419,\"caption\":\"ISPOD DUGE, Tihana Kun\u0161tek\"},{\"@type\":\"BreadcrumbList\",\"@id\":\"https:\\\/\\\/webknjizara.hr\\\/proizvod\\\/ispod-duge-tihana-kunstek\\\/#breadcrumb\",\"itemListElement\":[{\"@type\":\"ListItem\",\"position\":1,\"name\":\"Po\u010detna stranica\",\"item\":\"https:\\\/\\\/webknjizara.hr\\\/en\\\/\"},{\"@type\":\"ListItem\",\"position\":2,\"name\":\"Shop\",\"item\":\"https:\\\/\\\/webknjizara.hr\\\/shop\\\/\"},{\"@type\":\"ListItem\",\"position\":3,\"name\":\"ISPOD DUGE, Tihana Kun\u0161tek\"}]},{\"@type\":\"WebSite\",\"@id\":\"https:\\\/\\\/webknjizara.hr\\\/#website\",\"url\":\"https:\\\/\\\/webknjizara.hr\\\/\",\"name\":\"Web Knji\u017eara\",\"description\":\"\",\"publisher\":{\"@id\":\"https:\\\/\\\/webknjizara.hr\\\/#organization\"},\"potentialAction\":[{\"@type\":\"SearchAction\",\"target\":{\"@type\":\"EntryPoint\",\"urlTemplate\":\"https:\\\/\\\/webknjizara.hr\\\/?s={search_term_string}\"},\"query-input\":{\"@type\":\"PropertyValueSpecification\",\"valueRequired\":true,\"valueName\":\"search_term_string\"}}],\"inLanguage\":\"en-US\"},{\"@type\":\"Organization\",\"@id\":\"https:\\\/\\\/webknjizara.hr\\\/#organization\",\"name\":\"REDAK D.O.O.\",\"url\":\"https:\\\/\\\/webknjizara.hr\\\/\",\"logo\":{\"@type\":\"ImageObject\",\"inLanguage\":\"en-US\",\"@id\":\"https:\\\/\\\/webknjizara.hr\\\/#\\\/schema\\\/logo\\\/image\\\/\",\"url\":\"https:\\\/\\\/webknjizara.hr\\\/wp-content\\\/uploads\\\/2023\\\/01\\\/web-knjizara-logo.webp\",\"contentUrl\":\"https:\\\/\\\/webknjizara.hr\\\/wp-content\\\/uploads\\\/2023\\\/01\\\/web-knjizara-logo.webp\",\"width\":324,\"height\":79,\"caption\":\"REDAK D.O.O.\"},\"image\":{\"@id\":\"https:\\\/\\\/webknjizara.hr\\\/#\\\/schema\\\/logo\\\/image\\\/\"}}]}<\/script>\n<!-- \/ Yoast SEO plugin. -->","yoast_head_json":{"title":"ISPOD DUGE, Tihana Kun\u0161tek - Web-knji\u017eara","robots":{"index":"index","follow":"follow","max-snippet":"max-snippet:-1","max-image-preview":"max-image-preview:large","max-video-preview":"max-video-preview:-1"},"canonical":"https:\/\/webknjizara.hr\/proizvod\/ispod-duge-tihana-kunstek\/","og_locale":"en_US","og_type":"article","og_title":"ISPOD DUGE, Tihana Kun\u0161tek - Web-knji\u017eara","og_description":"Sa\u017eetak: Autorica u ovom romanu opisuje kako se nositi sa gubitkom djeteta u visokom stupnju trudno\u0107e. Prvi roman ove autorice Rekvijem za Lauru (listopad, 2013.), nastao je nakon gubitka djevoj\u010dice u visokom stupnju trudno\u0107e. Roman Ispod duge je tako\u0111er autobiografski, te opisuje kako se nositi sa gubitkom djeteta, koliko je te\u0161ko suo\u010diti se sa okolinom, [&hellip;]","og_url":"https:\/\/webknjizara.hr\/proizvod\/ispod-duge-tihana-kunstek\/","og_site_name":"Web-knji\u017eara","article_modified_time":"2022-12-12T13:14:34+00:00","og_image":[{"width":300,"height":419,"url":"https:\/\/webknjizara.hr\/wp-content\/uploads\/nc\/images\/virtuemart\/product\/Tihana_Kunstek_Ispod_duge_webknjizara_redak_WEB_1368.jpg","type":"image\/jpeg"}],"twitter_card":"summary_large_image","twitter_misc":{"Est. reading time":"1 minute"},"schema":{"@context":"https:\/\/schema.org","@graph":[{"@type":"WebPage","@id":"https:\/\/webknjizara.hr\/proizvod\/ispod-duge-tihana-kunstek\/","url":"https:\/\/webknjizara.hr\/proizvod\/ispod-duge-tihana-kunstek\/","name":"ISPOD DUGE, Tihana Kun\u0161tek - Web-knji\u017eara","isPartOf":{"@id":"https:\/\/webknjizara.hr\/#website"},"primaryImageOfPage":{"@id":"https:\/\/webknjizara.hr\/proizvod\/ispod-duge-tihana-kunstek\/#primaryimage"},"image":{"@id":"https:\/\/webknjizara.hr\/proizvod\/ispod-duge-tihana-kunstek\/#primaryimage"},"thumbnailUrl":"https:\/\/webknjizara.hr\/wp-content\/uploads\/nc\/images\/virtuemart\/product\/Tihana_Kunstek_Ispod_duge_webknjizara_redak_WEB_1368.jpg","datePublished":"2022-12-12T13:13:21+00:00","dateModified":"2022-12-12T13:14:34+00:00","breadcrumb":{"@id":"https:\/\/webknjizara.hr\/proizvod\/ispod-duge-tihana-kunstek\/#breadcrumb"},"inLanguage":"en-US","potentialAction":[{"@type":"ReadAction","target":["https:\/\/webknjizara.hr\/proizvod\/ispod-duge-tihana-kunstek\/"]}]},{"@type":"ImageObject","inLanguage":"en-US","@id":"https:\/\/webknjizara.hr\/proizvod\/ispod-duge-tihana-kunstek\/#primaryimage","url":"https:\/\/webknjizara.hr\/wp-content\/uploads\/nc\/images\/virtuemart\/product\/Tihana_Kunstek_Ispod_duge_webknjizara_redak_WEB_1368.jpg","contentUrl":"https:\/\/webknjizara.hr\/wp-content\/uploads\/nc\/images\/virtuemart\/product\/Tihana_Kunstek_Ispod_duge_webknjizara_redak_WEB_1368.jpg","width":300,"height":419,"caption":"ISPOD DUGE, Tihana Kun\u0161tek"},{"@type":"BreadcrumbList","@id":"https:\/\/webknjizara.hr\/proizvod\/ispod-duge-tihana-kunstek\/#breadcrumb","itemListElement":[{"@type":"ListItem","position":1,"name":"Po\u010detna stranica","item":"https:\/\/webknjizara.hr\/en\/"},{"@type":"ListItem","position":2,"name":"Shop","item":"https:\/\/webknjizara.hr\/shop\/"},{"@type":"ListItem","position":3,"name":"ISPOD DUGE, Tihana Kun\u0161tek"}]},{"@type":"WebSite","@id":"https:\/\/webknjizara.hr\/#website","url":"https:\/\/webknjizara.hr\/","name":"Web Knji\u017eara","description":"","publisher":{"@id":"https:\/\/webknjizara.hr\/#organization"},"potentialAction":[{"@type":"SearchAction","target":{"@type":"EntryPoint","urlTemplate":"https:\/\/webknjizara.hr\/?s={search_term_string}"},"query-input":{"@type":"PropertyValueSpecification","valueRequired":true,"valueName":"search_term_string"}}],"inLanguage":"en-US"},{"@type":"Organization","@id":"https:\/\/webknjizara.hr\/#organization","name":"REDAK D.O.O.","url":"https:\/\/webknjizara.hr\/","logo":{"@type":"ImageObject","inLanguage":"en-US","@id":"https:\/\/webknjizara.hr\/#\/schema\/logo\/image\/","url":"https:\/\/webknjizara.hr\/wp-content\/uploads\/2023\/01\/web-knjizara-logo.webp","contentUrl":"https:\/\/webknjizara.hr\/wp-content\/uploads\/2023\/01\/web-knjizara-logo.webp","width":324,"height":79,"caption":"REDAK D.O.O."},"image":{"@id":"https:\/\/webknjizara.hr\/#\/schema\/logo\/image\/"}}]}},"_links":{"self":[{"href":"https:\/\/webknjizara.hr\/en\/wp-json\/wp\/v2\/product\/9883","targetHints":{"allow":["GET"]}}],"collection":[{"href":"https:\/\/webknjizara.hr\/en\/wp-json\/wp\/v2\/product"}],"about":[{"href":"https:\/\/webknjizara.hr\/en\/wp-json\/wp\/v2\/types\/product"}],"replies":[{"embeddable":true,"href":"https:\/\/webknjizara.hr\/en\/wp-json\/wp\/v2\/comments?post=9883"}],"wp:featuredmedia":[{"embeddable":true,"href":"https:\/\/webknjizara.hr\/en\/wp-json\/wp\/v2\/media\/9884"}],"wp:attachment":[{"href":"https:\/\/webknjizara.hr\/en\/wp-json\/wp\/v2\/media?parent=9883"}],"wp:term":[{"taxonomy":"product_brand","embeddable":true,"href":"https:\/\/webknjizara.hr\/en\/wp-json\/wp\/v2\/product_brand?post=9883"},{"taxonomy":"product_cat","embeddable":true,"href":"https:\/\/webknjizara.hr\/en\/wp-json\/wp\/v2\/product_cat?post=9883"},{"taxonomy":"product_tag","embeddable":true,"href":"https:\/\/webknjizara.hr\/en\/wp-json\/wp\/v2\/product_tag?post=9883"}],"curies":[{"name":"wp","href":"https:\/\/api.w.org\/{rel}","templated":true}]}}