{"id":9869,"date":"2022-11-25T14:02:52","date_gmt":"2022-11-25T14:02:52","guid":{"rendered":"https:\/\/webknjizara.hr\/?product=intermodalni-sustavi-u-transportu-i-logistici-u-boji-grupa-autora"},"modified":"2023-02-22T12:08:19","modified_gmt":"2023-02-22T11:08:19","slug":"intermodalni-sustavi-u-transportu-i-logistici-u-boji-grupa-autora","status":"publish","type":"product","link":"https:\/\/webknjizara.hr\/en\/proizvod\/intermodalni-sustavi-u-transportu-i-logistici-u-boji-grupa-autora\/","title":{"rendered":"INTERMODALNI SUSTAVI U TRANSPORTU I LOGISTICI (U BOJI), Grupa autora"},"content":{"rendered":"<p><span style=\"font-family: Arial, sans-serif;\"><span lang=\"hr-HR\"><b>Sa\u017eetak:<\/b><\/span><\/span><\/p>\n<p>Kroz ovaj sveu\u010dili\u0161ni ud\u017ebenik obra\u0111ena je tema sustava intermodalnog prijevoza s aspekta njegovih osnovnih dionika, resursa i aktivnosti, gdje se kroz detaljno prikazivanje pojedinih tehnologija ukazuje na zna\u010daj, ulogu, potrebu, ali i probleme daljnjeg razvoja intermodalnog prijevoza. Sadr\u017eaj ud\u017ebenika \u010dine cjeline koje studente uvode u osnovne pojmove i funkcije prijevoznog sustava, definiranje elemenata sustava intermodalnog prijevoza i njegov povijesni razvoj, nakon \u010dega slijedi detaljno opisivanje tr\u017ei\u0161ta usluga (dionici i organizacija), resursa (prijevoznih, prekrcajnih, informacijskih) i aktivnosti u sustavu intermodalnog prijevoza (pregled osnovnih tehnologija). Posebno se obra\u0111uju terminali intermodalnog prijevoza kao najzna\u010dajniji infrastrukturni elementi sustava, zatim konkurentnost intermodalnog prijevoza i njegova uloga u suvremenim lancima opskrbe, i naposljetku rizici u intermodalnom prijevozu kao sve zna\u010dajniji \u010dimbenik koji utje\u010de na izbor transportne usluge.<\/p>\n<p>\u00a0<\/p>\n<p align=\"JUSTIFY\"><span style=\"font-family: Arial, sans-serif;\"><span lang=\"hr-HR\"><b>Bilje\u0161ka o autorima: <\/b><\/span><\/span><\/p>\n<p align=\"JUSTIFY\"><b>Nikolina Brnjac<\/b> ro\u0111ena je 1978. godine u Karlovcu. Od 2002. je zaposlena na Fakultetu prometnih znanosti gdje je 2009. godine stekla akademski stupanj doktora znanosti. Kao izvanredni profesor bila je Voditeljica katedre za intermodalni transport. Od 2015. do 2017. godine radila je kao ekspert evaluator za Europsku Komisiju iz podru\u010dja logistike i transporta. Bila je dr\u017eavna tajnica za promet u Ministarstvu mora, prometa i infrastrukture od 2017. do 2019. nakon \u010dega je pre\u0161la u Ministarstvo vanjskih i europskih poslova na du\u017enost dr\u017eavne tajnice za suradnju s Europskim parlamentom. Od 2020. godine je ministrica turizma i sporta u istoimenom Ministarstvu. Sudjelovala je kao istra\u017eiva\u010d\/voditelj na brojnim EU i doma\u0107im projektima, napisala je dva sveu\u010dili\u0161na ud\u017ebenika i preko 60 znanstvenih radova.<\/p>\n<p align=\"JUSTIFY\"><b>Violeta Roso<\/b> ro\u0111ena je 1970. godine u Stuttgartu, Njema\u010dka. Izvanredna je profesorica te voditeljica Odsjeka za upravljanje uslugama i logistiku, Sveu\u010dili\u0161ta tehnologije Chalmers u \u0160vedskoj, gdje predaje na magistarskim i poslijediplomskim studijima. Istra\u017euje suhe luke od 2003. godine, a danas je vode\u0107i istra\u017eiva\u010d u tom podru\u010dju s brojnim visoko citiranim publikacijama. Glavna je urednica World Review of Intermodal Transport Research; gost urednik za \u010dasopise Maritime Economics and Logistics i Transport Geography; te \u010dlan uredni\u010dkog odbora u brojnim \u010dasopisima o prometu. Od 2019. \u010dlanica je Znanstvenog vije\u0107a za promet pri Hrvatskoj akademiji znanosti i umjetnosti.<\/p>\n<p align=\"JUSTIFY\"><b>Marinko Maslari\u0107<\/b> ro\u0111en je 1976. godine u Banja Luci, Bosna i Hercegovina. Diplomirao je, magistrirao i doktorirao na Fakultetu tehni\u010dkih nauka, Departman za saobra\u0107aj u Novom Sadu. Od 2005. godine zaposlen je na Fakultetu tehni\u010dkih nauka Sveu\u010dili\u0161ta u Novom Sadu. Trenutno je u nastavnom zvanju izvanrednog profesora i voditelj Katedre za logistiku i intermodalni transport. Napisao je preko 100 znanstvenih radova, jednu monografiju, jedan sveu\u010dili\u0161ni ud\u017ebenik u sudjelovao u preko 20 nacionalnih i internacionalnih znanstveno istra\u017eiva\u010dkih projekata.<\/p>\n<p><b>Sne\u017eana Tadi\u0107<\/b>, izvanredna profesorica, ro\u0111ena je u Nik\u0161i\u0107u, Crna Gora. Diplomirala je, magistrirala i doktorirala na Saobra\u0107ajnom fakultetu Univerziteta u Beogradu, gdje je stekla sva nastavna zvanja. Znanstvena podru\u010dja u kojima ima zapa\u017eene rezultate su Intermodalni transport, Logisti\u010dki centri i City logistika. Autorica je pet knjiga, tri ud\u017ebenika i dvije monografije, dva poglavlja u me\u0111unarodnim monografijama i preko 140 radova. Sudjelovala je u izradi 33 studije i projekta. Jedan je od osniva\u010da i \u010dlanica Savjeta za city logistiku Privredne komore Srbije.<\/p>\n<p><span style=\"font-family: Arial, sans-serif;\"><span lang=\"hr-HR\"><b>Klju\u010dne rije\u010di: <\/b><\/span><\/span>cestovno-\u017eeljezni\u010dki prijevoz; integracija; intermodalni prijevoz; kontejner; multimodalnost; teretna jedinica; terminali; TEU; prometni sustav.<\/p>\n<p><span style=\"font-family: Arial, sans-serif;\"><span lang=\"hr-HR\"><b>Link: <\/b><\/span><\/span><\/p>\n<p><span style=\"font-family: Arial, sans-serif;\"><span lang=\"hr-HR\"><b>E-mail: <\/b><\/span><\/span><a href=\"mailto:akulusic@fpz.unizg.hr\" target=\"_blank\" rel=\"noopener noreferrer\"><span style=\"color: #000000;\">Kontakt<\/span><\/a><\/p>\n<p lang=\"hr-HR\">\u00a0<\/p>\n<p><strong><span style=\"font-family: Arial, sans-serif;\">Naslov: <\/span><\/strong><strong><span style=\"font-family: Arial, sans-serif;\">Intermodalni sustavi u transportu i logistici (u boji)<\/span><\/strong><span style=\"font-family: Arial, sans-serif;\"><br \/><\/span><strong><span style=\"font-family: Arial, sans-serif;\">Autori:<\/span><\/strong><span style=\"font-family: Arial, sans-serif;\"> izv. prof. dr. sc. Nikolina Brnjac, izv. prof. dr. sc. Violeta Roso, izv. prof. dr. sc. Marinko Maslari\u0107, izv. prof. dr. sc. Sne\u017eana Tadi\u0107<br \/><\/span><strong><span style=\"font-family: Arial, sans-serif;\">Broj stranica: <\/span><\/strong><span style=\"font-family: Arial, sans-serif;\"><span lang=\"\">390<\/span><\/span><span style=\"font-family: Arial, sans-serif;\"><br \/><\/span><strong><span style=\"font-family: Arial, sans-serif;\">Nakladnik: <\/span><\/strong><strong><span style=\"font-family: Arial, sans-serif;\">Fakultet prometnih znanosti<\/span><\/strong><span style=\"font-family: Arial, sans-serif;\"><br \/><\/span><strong><span style=\"font-family: Arial, sans-serif;\">Godina izdanja: <\/span><\/strong><strong><span style=\"font-family: Arial, sans-serif;\">2022.<br \/><\/span><\/strong><strong><span style=\"font-family: Arial, sans-serif;\">ISBN:<\/span><\/strong><span style=\"font-family: Arial, sans-serif;\"> 978-953-243-128-5<br \/><\/span><strong><span style=\"font-family: Arial, sans-serif;\">Tisak:<\/span><\/strong><span style=\"font-family: Arial, sans-serif;\"> digitalni tisak knjiga &#8211; print na zahtjev<\/span><\/p>\n<p style=\"text-align: justify;\">\u00a0<\/p>\n<p style=\"text-align: justify;\"><strong>Kako naru\u010diti knjigu?\u00a0<\/strong>Proces online kupovine jednako funkcionira za sve kupce, s jedinom razlikom u tome \u0161to \u0161to kupci iz inozemstva za podru\u010dje dostave moraju odabrati &#8220;Europa&#8221; ili &#8220;Ostale zemlje svijeta&#8221;, a za vrstu pla\u0107anja WSPay (kreditna kartica) ili Virmanom (bankovni transfer).<\/p>\n<p style=\"text-align: justify;\">Molimo kliknite ovdje za\u00a0<a href=\"hr\/kako-kupovati\">detaljni vodi\u010d kroz proces narud\u017ebe<\/a>\u00a0ili nas\u00a0<a href=\"hr\/kontakt\">kontaktirajte<\/a>\u00a0za vi\u0161e informacija.<\/p>\n","protected":false},"excerpt":{"rendered":"<p>Sa\u017eetak: Kroz ovaj sveu\u010dili\u0161ni ud\u017ebenik obra\u0111ena je tema sustava intermodalnog prijevoza s aspekta njegovih osnovnih dionika, resursa i aktivnosti, gdje se kroz detaljno prikazivanje pojedinih tehnologija ukazuje na zna\u010daj, ulogu, potrebu, ali i probleme daljnjeg razvoja intermodalnog prijevoza. Sadr\u017eaj ud\u017ebenika \u010dine cjeline koje studente uvode u osnovne pojmove i funkcije prijevoznog sustava, definiranje elemenata sustava [&hellip;]<\/p>\n","protected":false},"featured_media":9870,"comment_status":"open","ping_status":"closed","template":"","meta":{"_acf_changed":false},"product_brand":[],"product_cat":[1527],"product_tag":[],"class_list":{"0":"post-9869","1":"product","2":"type-product","3":"status-publish","4":"has-post-thumbnail","6":"product_cat-sveucilisni-udzbenici","8":"first","9":"instock","10":"shipping-taxable","11":"purchasable","12":"product-type-simple"},"acf":[],"yoast_head":"<!-- This site is optimized with the Yoast SEO plugin v27.3 - https:\/\/yoast.com\/product\/yoast-seo-wordpress\/ -->\n<title>INTERMODALNI SUSTAVI U TRANSPORTU I LOGISTICI (U BOJI), Grupa autora - Web-knji\u017eara<\/title>\n<meta name=\"robots\" content=\"index, follow, max-snippet:-1, max-image-preview:large, max-video-preview:-1\" \/>\n<link rel=\"canonical\" href=\"https:\/\/webknjizara.hr\/proizvod\/intermodalni-sustavi-u-transportu-i-logistici-u-boji-grupa-autora\/\" \/>\n<meta property=\"og:locale\" content=\"en_US\" \/>\n<meta property=\"og:type\" content=\"article\" \/>\n<meta property=\"og:title\" content=\"INTERMODALNI SUSTAVI U TRANSPORTU I LOGISTICI (U BOJI), Grupa autora - Web-knji\u017eara\" \/>\n<meta property=\"og:description\" content=\"Sa\u017eetak: Kroz ovaj sveu\u010dili\u0161ni ud\u017ebenik obra\u0111ena je tema sustava intermodalnog prijevoza s aspekta njegovih osnovnih dionika, resursa i aktivnosti, gdje se kroz detaljno prikazivanje pojedinih tehnologija ukazuje na zna\u010daj, ulogu, potrebu, ali i probleme daljnjeg razvoja intermodalnog prijevoza. Sadr\u017eaj ud\u017ebenika \u010dine cjeline koje studente uvode u osnovne pojmove i funkcije prijevoznog sustava, definiranje elemenata sustava [&hellip;]\" \/>\n<meta property=\"og:url\" content=\"https:\/\/webknjizara.hr\/proizvod\/intermodalni-sustavi-u-transportu-i-logistici-u-boji-grupa-autora\/\" \/>\n<meta property=\"og:site_name\" content=\"Web-knji\u017eara\" \/>\n<meta property=\"article:modified_time\" content=\"2023-02-22T11:08:19+00:00\" \/>\n<meta property=\"og:image\" content=\"https:\/\/webknjizara.hr\/wp-content\/uploads\/nc\/images\/virtuemart\/product\/Intermodalni_sustavi_u_transportu_i_logistici_u_boji_webknjizara_redak_WEB_1369.jpg\" \/>\n\t<meta property=\"og:image:width\" content=\"300\" \/>\n\t<meta property=\"og:image:height\" content=\"419\" \/>\n\t<meta property=\"og:image:type\" content=\"image\/jpeg\" \/>\n<meta name=\"twitter:card\" content=\"summary_large_image\" \/>\n<meta name=\"twitter:label1\" content=\"Est. reading time\" \/>\n\t<meta name=\"twitter:data1\" content=\"3 minutes\" \/>\n<script type=\"application\/ld+json\" class=\"yoast-schema-graph\">{\"@context\":\"https:\\\/\\\/schema.org\",\"@graph\":[{\"@type\":\"WebPage\",\"@id\":\"https:\\\/\\\/webknjizara.hr\\\/proizvod\\\/intermodalni-sustavi-u-transportu-i-logistici-u-boji-grupa-autora\\\/\",\"url\":\"https:\\\/\\\/webknjizara.hr\\\/proizvod\\\/intermodalni-sustavi-u-transportu-i-logistici-u-boji-grupa-autora\\\/\",\"name\":\"INTERMODALNI SUSTAVI U TRANSPORTU I LOGISTICI (U BOJI), Grupa autora - Web-knji\u017eara\",\"isPartOf\":{\"@id\":\"https:\\\/\\\/webknjizara.hr\\\/#website\"},\"primaryImageOfPage\":{\"@id\":\"https:\\\/\\\/webknjizara.hr\\\/proizvod\\\/intermodalni-sustavi-u-transportu-i-logistici-u-boji-grupa-autora\\\/#primaryimage\"},\"image\":{\"@id\":\"https:\\\/\\\/webknjizara.hr\\\/proizvod\\\/intermodalni-sustavi-u-transportu-i-logistici-u-boji-grupa-autora\\\/#primaryimage\"},\"thumbnailUrl\":\"https:\\\/\\\/webknjizara.hr\\\/wp-content\\\/uploads\\\/nc\\\/images\\\/virtuemart\\\/product\\\/Intermodalni_sustavi_u_transportu_i_logistici_u_boji_webknjizara_redak_WEB_1369.jpg\",\"datePublished\":\"2022-11-25T14:02:52+00:00\",\"dateModified\":\"2023-02-22T11:08:19+00:00\",\"breadcrumb\":{\"@id\":\"https:\\\/\\\/webknjizara.hr\\\/proizvod\\\/intermodalni-sustavi-u-transportu-i-logistici-u-boji-grupa-autora\\\/#breadcrumb\"},\"inLanguage\":\"en-US\",\"potentialAction\":[{\"@type\":\"ReadAction\",\"target\":[\"https:\\\/\\\/webknjizara.hr\\\/proizvod\\\/intermodalni-sustavi-u-transportu-i-logistici-u-boji-grupa-autora\\\/\"]}]},{\"@type\":\"ImageObject\",\"inLanguage\":\"en-US\",\"@id\":\"https:\\\/\\\/webknjizara.hr\\\/proizvod\\\/intermodalni-sustavi-u-transportu-i-logistici-u-boji-grupa-autora\\\/#primaryimage\",\"url\":\"https:\\\/\\\/webknjizara.hr\\\/wp-content\\\/uploads\\\/nc\\\/images\\\/virtuemart\\\/product\\\/Intermodalni_sustavi_u_transportu_i_logistici_u_boji_webknjizara_redak_WEB_1369.jpg\",\"contentUrl\":\"https:\\\/\\\/webknjizara.hr\\\/wp-content\\\/uploads\\\/nc\\\/images\\\/virtuemart\\\/product\\\/Intermodalni_sustavi_u_transportu_i_logistici_u_boji_webknjizara_redak_WEB_1369.jpg\",\"width\":300,\"height\":419,\"caption\":\"INTERMODALNI SUSTAVI U TRANSPORTU I LOGISTICI (U BOJI), Grupa autora\"},{\"@type\":\"BreadcrumbList\",\"@id\":\"https:\\\/\\\/webknjizara.hr\\\/proizvod\\\/intermodalni-sustavi-u-transportu-i-logistici-u-boji-grupa-autora\\\/#breadcrumb\",\"itemListElement\":[{\"@type\":\"ListItem\",\"position\":1,\"name\":\"Po\u010detna stranica\",\"item\":\"https:\\\/\\\/webknjizara.hr\\\/en\\\/\"},{\"@type\":\"ListItem\",\"position\":2,\"name\":\"Shop\",\"item\":\"https:\\\/\\\/webknjizara.hr\\\/shop\\\/\"},{\"@type\":\"ListItem\",\"position\":3,\"name\":\"INTERMODALNI SUSTAVI U TRANSPORTU I LOGISTICI (U BOJI), Grupa autora\"}]},{\"@type\":\"WebSite\",\"@id\":\"https:\\\/\\\/webknjizara.hr\\\/#website\",\"url\":\"https:\\\/\\\/webknjizara.hr\\\/\",\"name\":\"Web Knji\u017eara\",\"description\":\"\",\"publisher\":{\"@id\":\"https:\\\/\\\/webknjizara.hr\\\/#organization\"},\"potentialAction\":[{\"@type\":\"SearchAction\",\"target\":{\"@type\":\"EntryPoint\",\"urlTemplate\":\"https:\\\/\\\/webknjizara.hr\\\/?s={search_term_string}\"},\"query-input\":{\"@type\":\"PropertyValueSpecification\",\"valueRequired\":true,\"valueName\":\"search_term_string\"}}],\"inLanguage\":\"en-US\"},{\"@type\":\"Organization\",\"@id\":\"https:\\\/\\\/webknjizara.hr\\\/#organization\",\"name\":\"REDAK D.O.O.\",\"url\":\"https:\\\/\\\/webknjizara.hr\\\/\",\"logo\":{\"@type\":\"ImageObject\",\"inLanguage\":\"en-US\",\"@id\":\"https:\\\/\\\/webknjizara.hr\\\/#\\\/schema\\\/logo\\\/image\\\/\",\"url\":\"https:\\\/\\\/webknjizara.hr\\\/wp-content\\\/uploads\\\/2023\\\/01\\\/web-knjizara-logo.webp\",\"contentUrl\":\"https:\\\/\\\/webknjizara.hr\\\/wp-content\\\/uploads\\\/2023\\\/01\\\/web-knjizara-logo.webp\",\"width\":324,\"height\":79,\"caption\":\"REDAK D.O.O.\"},\"image\":{\"@id\":\"https:\\\/\\\/webknjizara.hr\\\/#\\\/schema\\\/logo\\\/image\\\/\"}}]}<\/script>\n<!-- \/ Yoast SEO plugin. -->","yoast_head_json":{"title":"INTERMODALNI SUSTAVI U TRANSPORTU I LOGISTICI (U BOJI), Grupa autora - Web-knji\u017eara","robots":{"index":"index","follow":"follow","max-snippet":"max-snippet:-1","max-image-preview":"max-image-preview:large","max-video-preview":"max-video-preview:-1"},"canonical":"https:\/\/webknjizara.hr\/proizvod\/intermodalni-sustavi-u-transportu-i-logistici-u-boji-grupa-autora\/","og_locale":"en_US","og_type":"article","og_title":"INTERMODALNI SUSTAVI U TRANSPORTU I LOGISTICI (U BOJI), Grupa autora - Web-knji\u017eara","og_description":"Sa\u017eetak: Kroz ovaj sveu\u010dili\u0161ni ud\u017ebenik obra\u0111ena je tema sustava intermodalnog prijevoza s aspekta njegovih osnovnih dionika, resursa i aktivnosti, gdje se kroz detaljno prikazivanje pojedinih tehnologija ukazuje na zna\u010daj, ulogu, potrebu, ali i probleme daljnjeg razvoja intermodalnog prijevoza. Sadr\u017eaj ud\u017ebenika \u010dine cjeline koje studente uvode u osnovne pojmove i funkcije prijevoznog sustava, definiranje elemenata sustava [&hellip;]","og_url":"https:\/\/webknjizara.hr\/proizvod\/intermodalni-sustavi-u-transportu-i-logistici-u-boji-grupa-autora\/","og_site_name":"Web-knji\u017eara","article_modified_time":"2023-02-22T11:08:19+00:00","og_image":[{"width":300,"height":419,"url":"https:\/\/webknjizara.hr\/wp-content\/uploads\/nc\/images\/virtuemart\/product\/Intermodalni_sustavi_u_transportu_i_logistici_u_boji_webknjizara_redak_WEB_1369.jpg","type":"image\/jpeg"}],"twitter_card":"summary_large_image","twitter_misc":{"Est. reading time":"3 minutes"},"schema":{"@context":"https:\/\/schema.org","@graph":[{"@type":"WebPage","@id":"https:\/\/webknjizara.hr\/proizvod\/intermodalni-sustavi-u-transportu-i-logistici-u-boji-grupa-autora\/","url":"https:\/\/webknjizara.hr\/proizvod\/intermodalni-sustavi-u-transportu-i-logistici-u-boji-grupa-autora\/","name":"INTERMODALNI SUSTAVI U TRANSPORTU I LOGISTICI (U BOJI), Grupa autora - Web-knji\u017eara","isPartOf":{"@id":"https:\/\/webknjizara.hr\/#website"},"primaryImageOfPage":{"@id":"https:\/\/webknjizara.hr\/proizvod\/intermodalni-sustavi-u-transportu-i-logistici-u-boji-grupa-autora\/#primaryimage"},"image":{"@id":"https:\/\/webknjizara.hr\/proizvod\/intermodalni-sustavi-u-transportu-i-logistici-u-boji-grupa-autora\/#primaryimage"},"thumbnailUrl":"https:\/\/webknjizara.hr\/wp-content\/uploads\/nc\/images\/virtuemart\/product\/Intermodalni_sustavi_u_transportu_i_logistici_u_boji_webknjizara_redak_WEB_1369.jpg","datePublished":"2022-11-25T14:02:52+00:00","dateModified":"2023-02-22T11:08:19+00:00","breadcrumb":{"@id":"https:\/\/webknjizara.hr\/proizvod\/intermodalni-sustavi-u-transportu-i-logistici-u-boji-grupa-autora\/#breadcrumb"},"inLanguage":"en-US","potentialAction":[{"@type":"ReadAction","target":["https:\/\/webknjizara.hr\/proizvod\/intermodalni-sustavi-u-transportu-i-logistici-u-boji-grupa-autora\/"]}]},{"@type":"ImageObject","inLanguage":"en-US","@id":"https:\/\/webknjizara.hr\/proizvod\/intermodalni-sustavi-u-transportu-i-logistici-u-boji-grupa-autora\/#primaryimage","url":"https:\/\/webknjizara.hr\/wp-content\/uploads\/nc\/images\/virtuemart\/product\/Intermodalni_sustavi_u_transportu_i_logistici_u_boji_webknjizara_redak_WEB_1369.jpg","contentUrl":"https:\/\/webknjizara.hr\/wp-content\/uploads\/nc\/images\/virtuemart\/product\/Intermodalni_sustavi_u_transportu_i_logistici_u_boji_webknjizara_redak_WEB_1369.jpg","width":300,"height":419,"caption":"INTERMODALNI SUSTAVI U TRANSPORTU I LOGISTICI (U BOJI), Grupa autora"},{"@type":"BreadcrumbList","@id":"https:\/\/webknjizara.hr\/proizvod\/intermodalni-sustavi-u-transportu-i-logistici-u-boji-grupa-autora\/#breadcrumb","itemListElement":[{"@type":"ListItem","position":1,"name":"Po\u010detna stranica","item":"https:\/\/webknjizara.hr\/en\/"},{"@type":"ListItem","position":2,"name":"Shop","item":"https:\/\/webknjizara.hr\/shop\/"},{"@type":"ListItem","position":3,"name":"INTERMODALNI SUSTAVI U TRANSPORTU I LOGISTICI (U BOJI), Grupa autora"}]},{"@type":"WebSite","@id":"https:\/\/webknjizara.hr\/#website","url":"https:\/\/webknjizara.hr\/","name":"Web Knji\u017eara","description":"","publisher":{"@id":"https:\/\/webknjizara.hr\/#organization"},"potentialAction":[{"@type":"SearchAction","target":{"@type":"EntryPoint","urlTemplate":"https:\/\/webknjizara.hr\/?s={search_term_string}"},"query-input":{"@type":"PropertyValueSpecification","valueRequired":true,"valueName":"search_term_string"}}],"inLanguage":"en-US"},{"@type":"Organization","@id":"https:\/\/webknjizara.hr\/#organization","name":"REDAK D.O.O.","url":"https:\/\/webknjizara.hr\/","logo":{"@type":"ImageObject","inLanguage":"en-US","@id":"https:\/\/webknjizara.hr\/#\/schema\/logo\/image\/","url":"https:\/\/webknjizara.hr\/wp-content\/uploads\/2023\/01\/web-knjizara-logo.webp","contentUrl":"https:\/\/webknjizara.hr\/wp-content\/uploads\/2023\/01\/web-knjizara-logo.webp","width":324,"height":79,"caption":"REDAK D.O.O."},"image":{"@id":"https:\/\/webknjizara.hr\/#\/schema\/logo\/image\/"}}]}},"_links":{"self":[{"href":"https:\/\/webknjizara.hr\/en\/wp-json\/wp\/v2\/product\/9869","targetHints":{"allow":["GET"]}}],"collection":[{"href":"https:\/\/webknjizara.hr\/en\/wp-json\/wp\/v2\/product"}],"about":[{"href":"https:\/\/webknjizara.hr\/en\/wp-json\/wp\/v2\/types\/product"}],"replies":[{"embeddable":true,"href":"https:\/\/webknjizara.hr\/en\/wp-json\/wp\/v2\/comments?post=9869"}],"wp:featuredmedia":[{"embeddable":true,"href":"https:\/\/webknjizara.hr\/en\/wp-json\/wp\/v2\/media\/9870"}],"wp:attachment":[{"href":"https:\/\/webknjizara.hr\/en\/wp-json\/wp\/v2\/media?parent=9869"}],"wp:term":[{"taxonomy":"product_brand","embeddable":true,"href":"https:\/\/webknjizara.hr\/en\/wp-json\/wp\/v2\/product_brand?post=9869"},{"taxonomy":"product_cat","embeddable":true,"href":"https:\/\/webknjizara.hr\/en\/wp-json\/wp\/v2\/product_cat?post=9869"},{"taxonomy":"product_tag","embeddable":true,"href":"https:\/\/webknjizara.hr\/en\/wp-json\/wp\/v2\/product_tag?post=9869"}],"curies":[{"name":"wp","href":"https:\/\/api.w.org\/{rel}","templated":true}]}}