{"id":9859,"date":"2022-11-17T10:19:52","date_gmt":"2022-11-17T10:19:52","guid":{"rendered":"https:\/\/webknjizara.hr\/?product=umijece-javnog-nastupa-maja-mahovlic"},"modified":"2022-11-17T10:19:52","modified_gmt":"2022-11-17T10:19:52","slug":"umijece-javnog-nastupa-maja-mahovlic","status":"publish","type":"product","link":"https:\/\/webknjizara.hr\/en\/proizvod\/umijece-javnog-nastupa-maja-mahovlic\/","title":{"rendered":"UMIJE\u0106E JAVNOG NASTUPA, Maja Mahovli\u0107"},"content":{"rendered":"<p><span style=\"font-family: Arial, sans-serif;\"><span lang=\"hr-HR\"><b>Sa\u017eetak:<\/b><\/span><\/span><\/p>\n<p><span style=\"font-family: Garamond, serif;\"><span style=\"font-size: medium;\"> Javni nastup izaziva velik strah kod mnogih ljudi. Patite li i sami od straha od javnog nastupa, znajte da to nije ni\u0161ta neobi\u010dno. Cilj ove knjige je upoznati vas s vje\u0161tinom javnog nastupa, otkriti zbog \u010dega nam javni nastupi izazivaju nelagodu ili strah, ali i provesti vas kroz jednostavne i prakti\u010dne vje\u017ebe pomo\u0107u kojih \u0107ete bolje upoznati sebe, osna\u017eiti samopouzdanje te unaprijediti svoju vje\u0161tinu javnog nastupa.<\/span><\/span><\/p>\n<p>\u00a0<\/p>\n<p><span style=\"font-family: Arial, sans-serif;\"><span lang=\"hr-HR\"><b>Bilje\u0161ka o autorici:<\/b><\/span><\/span><\/p>\n<p>Maja Mahovli\u0107 diplomirala je novinarstvo na Fakultetu politi\u010dkih znanosti te ima bogato iskustvo rada u medijima kao radijska i televizijska novinarka, urednica i voditeljica. Kao glasnogovornica upoznala je &#8216;drugu stranu medalje&#8217; javnog nastupa gostuju\u0107i u brojnim medijima. Nema vrste javnog nastupa u kojoj se nije oku\u0161ala, a danas dr\u017ei radionice za studente, vodi konfrencije te poma\u017ee svojim polaznicima Treninga javnog nastupa da prevladaju strahove i nau\u010de u\u017eivati u vje\u0161tini koju smatra jednom od najljep\u0161ih i najva\u017enijih ljudskih vje\u0161tina.<\/p>\n<p><span style=\"font-family: Arial, sans-serif;\"><span lang=\"hr-HR\"><b>Klju\u010dne rije\u010di: <\/b><\/span><\/span><span style=\"color: #000000;\">javni nastup, strah od javnog nastupa, prezentacijske vje\u0161tine, komunikacijske vje\u0161tine, govorni\u0161tvo, javni govor, izjave za medije, nastupi u medijima<\/span><\/p>\n<p><span style=\"font-family: Arial, sans-serif;\"><span lang=\"hr-HR\"><b>E-mail: <a href=\"mailto:maja.mahovlic@propr.hr\" target=\"_blank\" rel=\"noopener noreferrer\">Maja Mahovli\u0107<\/a><\/b><\/span><\/span><\/p>\n<p lang=\"hr-HR\">\u00a0<\/p>\n<p><strong><span style=\"font-family: Arial, sans-serif;\">Naslov: <\/span><\/strong><strong><span style=\"font-family: Arial, sans-serif;\">Umije\u0107e javnog nastupa<\/span><\/strong><span style=\"font-family: Arial, sans-serif;\"><br \/><\/span><strong><span style=\"font-family: Arial, sans-serif;\">Autorica:<\/span><\/strong><span style=\"font-family: Arial, sans-serif;\"> Maja Mahovli\u0107<br \/><\/span><strong><span style=\"font-family: Arial, sans-serif;\">Broj stranica: <\/span><\/strong><span style=\"font-family: Arial, sans-serif;\"><span lang=\"\">204<\/span><\/span><span style=\"font-family: Arial, sans-serif;\"><br \/><\/span><strong><span style=\"font-family: Arial, sans-serif;\">Nakladnik: <\/span><\/strong><strong><span style=\"font-family: Arial, sans-serif;\">REDAK<\/span><\/strong><span style=\"font-family: Arial, sans-serif;\"><br \/><\/span><strong><span style=\"font-family: Arial, sans-serif;\">Godina izdanja: <\/span><\/strong><strong><span style=\"font-family: Arial, sans-serif;\">2022.<br \/><\/span><\/strong><strong><span style=\"font-family: Arial, sans-serif;\">ISBN:<\/span><\/strong><span style=\"font-family: Arial, sans-serif;\"> 978-953-336-878-8<br \/><\/span><strong><span style=\"font-family: Arial, sans-serif;\">Tisak:<\/span><\/strong><span style=\"font-family: Arial, sans-serif;\"> digitalni tisak knjiga &#8211; print na zahtjev<\/span><\/p>\n<p style=\"text-align: justify;\">\u00a0<\/p>\n<p style=\"text-align: justify;\"><strong>Kako naru\u010diti knjigu?\u00a0<\/strong>Proces online kupovine jednako funkcionira za sve kupce, s jedinom razlikom u tome \u0161to \u0161to kupci iz inozemstva za podru\u010dje dostave moraju odabrati &#8220;Europa&#8221; ili &#8220;Ostale zemlje svijeta&#8221;, a za vrstu pla\u0107anja WSPay (kreditna kartica) ili Virmanom (bankovni transfer).<\/p>\n<p style=\"text-align: justify;\">Molimo kliknite ovdje za\u00a0<a href=\"hr\/kako-kupovati\">detaljni vodi\u010d kroz proces narud\u017ebe<\/a>\u00a0ili nas\u00a0<a href=\"hr\/kontakt\">kontaktirajte<\/a>\u00a0za vi\u0161e informacija.<\/p>\n","protected":false},"excerpt":{"rendered":"<p>Sa\u017eetak: Javni nastup izaziva velik strah kod mnogih ljudi. Patite li i sami od straha od javnog nastupa, znajte da to nije ni\u0161ta neobi\u010dno. Cilj ove knjige je upoznati vas s vje\u0161tinom javnog nastupa, otkriti zbog \u010dega nam javni nastupi izazivaju nelagodu ili strah, ali i provesti vas kroz jednostavne i prakti\u010dne vje\u017ebe pomo\u0107u kojih [&hellip;]<\/p>\n","protected":false},"featured_media":9860,"comment_status":"open","ping_status":"closed","template":"","meta":{"_acf_changed":false},"product_brand":[],"product_cat":[1401,1390],"product_tag":[],"class_list":{"0":"post-9859","1":"product","2":"type-product","3":"status-publish","4":"has-post-thumbnail","6":"product_cat-komunikologija","7":"product_cat-drustvene-znanosti","9":"first","10":"instock","11":"shipping-taxable","12":"purchasable","13":"product-type-simple"},"acf":[],"yoast_head":"<!-- This site is optimized with the Yoast SEO plugin v27.3 - https:\/\/yoast.com\/product\/yoast-seo-wordpress\/ -->\n<title>UMIJE\u0106E JAVNOG NASTUPA, Maja Mahovli\u0107 - Web-knji\u017eara<\/title>\n<meta name=\"robots\" content=\"index, follow, max-snippet:-1, max-image-preview:large, max-video-preview:-1\" \/>\n<link rel=\"canonical\" href=\"https:\/\/webknjizara.hr\/proizvod\/umijece-javnog-nastupa-maja-mahovlic\/\" \/>\n<meta property=\"og:locale\" content=\"en_US\" \/>\n<meta property=\"og:type\" content=\"article\" \/>\n<meta property=\"og:title\" content=\"UMIJE\u0106E JAVNOG NASTUPA, Maja Mahovli\u0107 - Web-knji\u017eara\" \/>\n<meta property=\"og:description\" content=\"Sa\u017eetak: Javni nastup izaziva velik strah kod mnogih ljudi. Patite li i sami od straha od javnog nastupa, znajte da to nije ni\u0161ta neobi\u010dno. Cilj ove knjige je upoznati vas s vje\u0161tinom javnog nastupa, otkriti zbog \u010dega nam javni nastupi izazivaju nelagodu ili strah, ali i provesti vas kroz jednostavne i prakti\u010dne vje\u017ebe pomo\u0107u kojih [&hellip;]\" \/>\n<meta property=\"og:url\" content=\"https:\/\/webknjizara.hr\/proizvod\/umijece-javnog-nastupa-maja-mahovlic\/\" \/>\n<meta property=\"og:site_name\" content=\"Web-knji\u017eara\" \/>\n<meta property=\"og:image\" content=\"https:\/\/webknjizara.hr\/wp-content\/uploads\/nc\/images\/virtuemart\/product\/Maja_Mahovlic_Umijece_javnog_nastupa_webknjizara_redak_WEB_1344.jpg\" \/>\n\t<meta property=\"og:image:width\" content=\"300\" \/>\n\t<meta property=\"og:image:height\" content=\"419\" \/>\n\t<meta property=\"og:image:type\" content=\"image\/jpeg\" \/>\n<meta name=\"twitter:card\" content=\"summary_large_image\" \/>\n<meta name=\"twitter:label1\" content=\"Est. reading time\" \/>\n\t<meta name=\"twitter:data1\" content=\"1 minute\" \/>\n<script type=\"application\/ld+json\" class=\"yoast-schema-graph\">{\"@context\":\"https:\\\/\\\/schema.org\",\"@graph\":[{\"@type\":\"WebPage\",\"@id\":\"https:\\\/\\\/webknjizara.hr\\\/proizvod\\\/umijece-javnog-nastupa-maja-mahovlic\\\/\",\"url\":\"https:\\\/\\\/webknjizara.hr\\\/proizvod\\\/umijece-javnog-nastupa-maja-mahovlic\\\/\",\"name\":\"UMIJE\u0106E JAVNOG NASTUPA, Maja Mahovli\u0107 - Web-knji\u017eara\",\"isPartOf\":{\"@id\":\"https:\\\/\\\/webknjizara.hr\\\/#website\"},\"primaryImageOfPage\":{\"@id\":\"https:\\\/\\\/webknjizara.hr\\\/proizvod\\\/umijece-javnog-nastupa-maja-mahovlic\\\/#primaryimage\"},\"image\":{\"@id\":\"https:\\\/\\\/webknjizara.hr\\\/proizvod\\\/umijece-javnog-nastupa-maja-mahovlic\\\/#primaryimage\"},\"thumbnailUrl\":\"https:\\\/\\\/webknjizara.hr\\\/wp-content\\\/uploads\\\/nc\\\/images\\\/virtuemart\\\/product\\\/Maja_Mahovlic_Umijece_javnog_nastupa_webknjizara_redak_WEB_1344.jpg\",\"datePublished\":\"2022-11-17T10:19:52+00:00\",\"breadcrumb\":{\"@id\":\"https:\\\/\\\/webknjizara.hr\\\/proizvod\\\/umijece-javnog-nastupa-maja-mahovlic\\\/#breadcrumb\"},\"inLanguage\":\"en-US\",\"potentialAction\":[{\"@type\":\"ReadAction\",\"target\":[\"https:\\\/\\\/webknjizara.hr\\\/proizvod\\\/umijece-javnog-nastupa-maja-mahovlic\\\/\"]}]},{\"@type\":\"ImageObject\",\"inLanguage\":\"en-US\",\"@id\":\"https:\\\/\\\/webknjizara.hr\\\/proizvod\\\/umijece-javnog-nastupa-maja-mahovlic\\\/#primaryimage\",\"url\":\"https:\\\/\\\/webknjizara.hr\\\/wp-content\\\/uploads\\\/nc\\\/images\\\/virtuemart\\\/product\\\/Maja_Mahovlic_Umijece_javnog_nastupa_webknjizara_redak_WEB_1344.jpg\",\"contentUrl\":\"https:\\\/\\\/webknjizara.hr\\\/wp-content\\\/uploads\\\/nc\\\/images\\\/virtuemart\\\/product\\\/Maja_Mahovlic_Umijece_javnog_nastupa_webknjizara_redak_WEB_1344.jpg\",\"width\":300,\"height\":419,\"caption\":\"UMIJE\u0106E JAVNOG NASTUPA, Maja Mahovli\u0107\"},{\"@type\":\"BreadcrumbList\",\"@id\":\"https:\\\/\\\/webknjizara.hr\\\/proizvod\\\/umijece-javnog-nastupa-maja-mahovlic\\\/#breadcrumb\",\"itemListElement\":[{\"@type\":\"ListItem\",\"position\":1,\"name\":\"Po\u010detna stranica\",\"item\":\"https:\\\/\\\/webknjizara.hr\\\/en\\\/\"},{\"@type\":\"ListItem\",\"position\":2,\"name\":\"Shop\",\"item\":\"https:\\\/\\\/webknjizara.hr\\\/shop\\\/\"},{\"@type\":\"ListItem\",\"position\":3,\"name\":\"UMIJE\u0106E JAVNOG NASTUPA, Maja Mahovli\u0107\"}]},{\"@type\":\"WebSite\",\"@id\":\"https:\\\/\\\/webknjizara.hr\\\/#website\",\"url\":\"https:\\\/\\\/webknjizara.hr\\\/\",\"name\":\"Web Knji\u017eara\",\"description\":\"\",\"publisher\":{\"@id\":\"https:\\\/\\\/webknjizara.hr\\\/#organization\"},\"potentialAction\":[{\"@type\":\"SearchAction\",\"target\":{\"@type\":\"EntryPoint\",\"urlTemplate\":\"https:\\\/\\\/webknjizara.hr\\\/?s={search_term_string}\"},\"query-input\":{\"@type\":\"PropertyValueSpecification\",\"valueRequired\":true,\"valueName\":\"search_term_string\"}}],\"inLanguage\":\"en-US\"},{\"@type\":\"Organization\",\"@id\":\"https:\\\/\\\/webknjizara.hr\\\/#organization\",\"name\":\"REDAK D.O.O.\",\"url\":\"https:\\\/\\\/webknjizara.hr\\\/\",\"logo\":{\"@type\":\"ImageObject\",\"inLanguage\":\"en-US\",\"@id\":\"https:\\\/\\\/webknjizara.hr\\\/#\\\/schema\\\/logo\\\/image\\\/\",\"url\":\"https:\\\/\\\/webknjizara.hr\\\/wp-content\\\/uploads\\\/2023\\\/01\\\/web-knjizara-logo.webp\",\"contentUrl\":\"https:\\\/\\\/webknjizara.hr\\\/wp-content\\\/uploads\\\/2023\\\/01\\\/web-knjizara-logo.webp\",\"width\":324,\"height\":79,\"caption\":\"REDAK D.O.O.\"},\"image\":{\"@id\":\"https:\\\/\\\/webknjizara.hr\\\/#\\\/schema\\\/logo\\\/image\\\/\"}}]}<\/script>\n<!-- \/ Yoast SEO plugin. -->","yoast_head_json":{"title":"UMIJE\u0106E JAVNOG NASTUPA, Maja Mahovli\u0107 - Web-knji\u017eara","robots":{"index":"index","follow":"follow","max-snippet":"max-snippet:-1","max-image-preview":"max-image-preview:large","max-video-preview":"max-video-preview:-1"},"canonical":"https:\/\/webknjizara.hr\/proizvod\/umijece-javnog-nastupa-maja-mahovlic\/","og_locale":"en_US","og_type":"article","og_title":"UMIJE\u0106E JAVNOG NASTUPA, Maja Mahovli\u0107 - Web-knji\u017eara","og_description":"Sa\u017eetak: Javni nastup izaziva velik strah kod mnogih ljudi. Patite li i sami od straha od javnog nastupa, znajte da to nije ni\u0161ta neobi\u010dno. Cilj ove knjige je upoznati vas s vje\u0161tinom javnog nastupa, otkriti zbog \u010dega nam javni nastupi izazivaju nelagodu ili strah, ali i provesti vas kroz jednostavne i prakti\u010dne vje\u017ebe pomo\u0107u kojih [&hellip;]","og_url":"https:\/\/webknjizara.hr\/proizvod\/umijece-javnog-nastupa-maja-mahovlic\/","og_site_name":"Web-knji\u017eara","og_image":[{"width":300,"height":419,"url":"https:\/\/webknjizara.hr\/wp-content\/uploads\/nc\/images\/virtuemart\/product\/Maja_Mahovlic_Umijece_javnog_nastupa_webknjizara_redak_WEB_1344.jpg","type":"image\/jpeg"}],"twitter_card":"summary_large_image","twitter_misc":{"Est. reading time":"1 minute"},"schema":{"@context":"https:\/\/schema.org","@graph":[{"@type":"WebPage","@id":"https:\/\/webknjizara.hr\/proizvod\/umijece-javnog-nastupa-maja-mahovlic\/","url":"https:\/\/webknjizara.hr\/proizvod\/umijece-javnog-nastupa-maja-mahovlic\/","name":"UMIJE\u0106E JAVNOG NASTUPA, Maja Mahovli\u0107 - Web-knji\u017eara","isPartOf":{"@id":"https:\/\/webknjizara.hr\/#website"},"primaryImageOfPage":{"@id":"https:\/\/webknjizara.hr\/proizvod\/umijece-javnog-nastupa-maja-mahovlic\/#primaryimage"},"image":{"@id":"https:\/\/webknjizara.hr\/proizvod\/umijece-javnog-nastupa-maja-mahovlic\/#primaryimage"},"thumbnailUrl":"https:\/\/webknjizara.hr\/wp-content\/uploads\/nc\/images\/virtuemart\/product\/Maja_Mahovlic_Umijece_javnog_nastupa_webknjizara_redak_WEB_1344.jpg","datePublished":"2022-11-17T10:19:52+00:00","breadcrumb":{"@id":"https:\/\/webknjizara.hr\/proizvod\/umijece-javnog-nastupa-maja-mahovlic\/#breadcrumb"},"inLanguage":"en-US","potentialAction":[{"@type":"ReadAction","target":["https:\/\/webknjizara.hr\/proizvod\/umijece-javnog-nastupa-maja-mahovlic\/"]}]},{"@type":"ImageObject","inLanguage":"en-US","@id":"https:\/\/webknjizara.hr\/proizvod\/umijece-javnog-nastupa-maja-mahovlic\/#primaryimage","url":"https:\/\/webknjizara.hr\/wp-content\/uploads\/nc\/images\/virtuemart\/product\/Maja_Mahovlic_Umijece_javnog_nastupa_webknjizara_redak_WEB_1344.jpg","contentUrl":"https:\/\/webknjizara.hr\/wp-content\/uploads\/nc\/images\/virtuemart\/product\/Maja_Mahovlic_Umijece_javnog_nastupa_webknjizara_redak_WEB_1344.jpg","width":300,"height":419,"caption":"UMIJE\u0106E JAVNOG NASTUPA, Maja Mahovli\u0107"},{"@type":"BreadcrumbList","@id":"https:\/\/webknjizara.hr\/proizvod\/umijece-javnog-nastupa-maja-mahovlic\/#breadcrumb","itemListElement":[{"@type":"ListItem","position":1,"name":"Po\u010detna stranica","item":"https:\/\/webknjizara.hr\/en\/"},{"@type":"ListItem","position":2,"name":"Shop","item":"https:\/\/webknjizara.hr\/shop\/"},{"@type":"ListItem","position":3,"name":"UMIJE\u0106E JAVNOG NASTUPA, Maja Mahovli\u0107"}]},{"@type":"WebSite","@id":"https:\/\/webknjizara.hr\/#website","url":"https:\/\/webknjizara.hr\/","name":"Web Knji\u017eara","description":"","publisher":{"@id":"https:\/\/webknjizara.hr\/#organization"},"potentialAction":[{"@type":"SearchAction","target":{"@type":"EntryPoint","urlTemplate":"https:\/\/webknjizara.hr\/?s={search_term_string}"},"query-input":{"@type":"PropertyValueSpecification","valueRequired":true,"valueName":"search_term_string"}}],"inLanguage":"en-US"},{"@type":"Organization","@id":"https:\/\/webknjizara.hr\/#organization","name":"REDAK D.O.O.","url":"https:\/\/webknjizara.hr\/","logo":{"@type":"ImageObject","inLanguage":"en-US","@id":"https:\/\/webknjizara.hr\/#\/schema\/logo\/image\/","url":"https:\/\/webknjizara.hr\/wp-content\/uploads\/2023\/01\/web-knjizara-logo.webp","contentUrl":"https:\/\/webknjizara.hr\/wp-content\/uploads\/2023\/01\/web-knjizara-logo.webp","width":324,"height":79,"caption":"REDAK D.O.O."},"image":{"@id":"https:\/\/webknjizara.hr\/#\/schema\/logo\/image\/"}}]}},"_links":{"self":[{"href":"https:\/\/webknjizara.hr\/en\/wp-json\/wp\/v2\/product\/9859","targetHints":{"allow":["GET"]}}],"collection":[{"href":"https:\/\/webknjizara.hr\/en\/wp-json\/wp\/v2\/product"}],"about":[{"href":"https:\/\/webknjizara.hr\/en\/wp-json\/wp\/v2\/types\/product"}],"replies":[{"embeddable":true,"href":"https:\/\/webknjizara.hr\/en\/wp-json\/wp\/v2\/comments?post=9859"}],"wp:featuredmedia":[{"embeddable":true,"href":"https:\/\/webknjizara.hr\/en\/wp-json\/wp\/v2\/media\/9860"}],"wp:attachment":[{"href":"https:\/\/webknjizara.hr\/en\/wp-json\/wp\/v2\/media?parent=9859"}],"wp:term":[{"taxonomy":"product_brand","embeddable":true,"href":"https:\/\/webknjizara.hr\/en\/wp-json\/wp\/v2\/product_brand?post=9859"},{"taxonomy":"product_cat","embeddable":true,"href":"https:\/\/webknjizara.hr\/en\/wp-json\/wp\/v2\/product_cat?post=9859"},{"taxonomy":"product_tag","embeddable":true,"href":"https:\/\/webknjizara.hr\/en\/wp-json\/wp\/v2\/product_tag?post=9859"}],"curies":[{"name":"wp","href":"https:\/\/api.w.org\/{rel}","templated":true}]}}