{"id":9841,"date":"2022-10-20T13:10:54","date_gmt":"2022-10-20T13:10:54","guid":{"rendered":"https:\/\/webknjizara.hr\/?product=projektiranje-procesa-tisak-u-boji-jelena-peric-nediljka-vukojevic-medvidovic"},"modified":"2023-02-22T12:08:19","modified_gmt":"2023-02-22T11:08:19","slug":"projektiranje-procesa-tisak-u-boji-jelena-peric-nediljka-vukojevic-medvidovic","status":"publish","type":"product","link":"https:\/\/webknjizara.hr\/en\/proizvod\/projektiranje-procesa-tisak-u-boji-jelena-peric-nediljka-vukojevic-medvidovic\/","title":{"rendered":"PROJEKTIRANJE PROCESA (TISAK U BOJI), Jelena Peri\u0107, Nediljka Vukojevi\u0107 Medvidovi\u0107"},"content":{"rendered":"<p align=\"JUSTIFY\"><span style=\"font-family: Arial, sans-serif;\"><span lang=\"hr-HR\"><b>Sa\u017eetak:<\/b><\/span><\/span><\/p>\n<p align=\"JUSTIFY\"><span style=\"color: #000000;\"> U skladu sa smjernicama odr\u017eivog razvoja i uvo\u0111enjem koncepta nulte emisije \u0161tetnih tvari iz industrijskih procesa, u nastavnom programu studija kemijskog in\u017eenjerstva kroz vi\u0161e je kolegija nagla\u0161en koncept odr\u017eivosti &#8211; sastavni dio strategije odr\u017eivog razvoja. Cilj je ostvarivanje profita na ulo\u017eena financijska sredstva uz o\u010duvanje energije i prirodnih resursa, maksimalnu sigurnost procesa te o\u010duvanje bioraznolikosti i zdravlja ljudi. Studenti diplomskog studija Kemijske tehnologije koji slu\u0161aju kolegij &#8220;Projektiranje procesa&#8221; trebaju usvojiti znanja o odr\u017eivom projektiranju novih procesa i proizvoda, na na\u010din da zahtjevi potro\u0161a\u010da budu uskla\u0111eni s odr\u017eivim kori\u0161tenjem prirodnih resursa. Pri tome holisti\u010dki na\u010din razmi\u0161ljanja postaje temelj pri projektiranju procesa i proizvoda. Promjene na svjetskom tr\u017ei\u0161tu utjecale su na to da su se granice dizajna pro\u0161irile prema molekularnoj razini pa sve do globalne ljestvice. Projektiranje procesa, od ideje do kona\u010dnog proizvoda ili procesa, ostvaruje se po fazama, a koje ovaj ud\u017ebenik obra\u0111uje kroz 11 poglavlja napisanih na 430 stranica. Odlukom Senata Sveu\u010dili\u0161ta u Splitu na sjednici odr\u017eanoj 27. studenog 2020. god navedeno djelo je odobreno za sveu\u010dili\u0161ni ud\u017ebenik. Usvajanje znanja iz ovog kolegija je dobra osnova za budu\u0107e stru\u010dnjake da svojom stru\u010dno\u0161\u0107u i kreativno\u0161\u0107u daju doprinos u razvoju znanosti i stvaranju novih procesa i proizvoda. Nesumnjivo, zato je nu\u017ena i materijalna podr\u0161ka, ali je vrijedno podsjetiti se misli Ernesta Rutherforda, britanskog i novozelandskog kemi\u010dara i fizi\u010dara, dobitnika Nobelove nagrade za kemiju 1908. god. &#8220;we have no money, so we have to think&#8221;.<\/span><\/p>\n<p align=\"JUSTIFY\">\u00a0<\/p>\n<p><span style=\"font-family: 'Times New Roman', serif;\"><span style=\"font-size: medium;\"><span style=\"font-family: Arial, sans-serif;\"><span lang=\"hr-HR\"><b>Bilje\u0161ka o autoricama:<\/p>\n<p> <\/b><\/span><\/span><span style=\"color: #000000;\"><span style=\"font-family: Calibri, sans-serif;\"><span style=\"font-size: small;\"><b>Prof. dr. sc. Jelena Peri\u0107, prof. emerita<\/b><\/span><\/span><\/span><\/span><\/span><\/p>\n<p><span style=\"font-family: 'Times New Roman', serif;\"><span style=\"font-size: medium;\"><span style=\"color: #000000;\"><span style=\"font-family: Calibri, sans-serif;\"><span style=\"font-size: small;\">Od diplomiranja na Kemijsko-tehnolo\u0161kom fakultetu u Splitu 1967., prof. dr. sc. Jelena Peri\u0107, prof. emerita zapo\u010dela je svoj vi\u0161egodi\u0161nji radni vijek na istom Fakultetu u Zavodu za anorgansku tehnologiju. Utemeljila je Zavod za in\u017eenjerstvo okoli\u0161a 1999., postupno ga opremala i kadrovski osna\u017eivala, \u010dime je osigurala kontinuitet daljnjeg razvoja znanstvenog i nastavnog procesa Zavoda. Tijekom vi\u0161egodi\u0161njeg rada osmislila je i odr\u017eavala nastavu za ukupno dvadeset kolegija na svim razinama studija. Po\u010deci njenih znanstvenih istra\u017eivanja su bili vezani za kemiju i tehnologiju silikatnih, karbonatnih i drugih sli\u010dnih sustava, s posebnim naglaskom na procese talo\u017eenja i dobivanja talo\u017enog kalcijeva-karbonata karbonatizacijom vapnenog mlijeka. Svjesna sve ve\u0107eg zna\u010denja za\u0161tite okoli\u0161a, svoj znanstvenoistra\u017eiva\u010dki rad usmjerila je na problematiku analize kakvo\u0107e vode i pojave bakterija roda Legionella spp. u sustavima opskrbe toplom vodom te razvoja odr\u017eivih tehnologija obrade voda i remedijacije okoli\u0161a. Bila je suradnica na pet i voditeljica tri znanstvena projekta. Aktivno je sudjelovala u svim radnim tijelima Fakulteta. Bila je \u010dlan Tehni\u010dkog odbora Dr\u017eavnog zavoda za normizaciju i mjeriteljstvo te \u010dlan Mati\u010dnog odbora za podru\u010dje tehni\u010dkih znanosti Nacionalnog vije\u0107a za znanost. Nagra\u0111ena je Plaketom Sveu\u010dili\u0161ta u Splitu za izuzetan doprinos razvoja Sveu\u010dili\u0161ta u Splitu u akademskoj godini 2011.\/2012, a u prosincu 2012. joj je dodijeljeno Priznanje za \u017eivotno djelo Kemijsko-tehnolo\u0161kog fakulteta zbog izuzetnog doprinosa u djelovanju Fakulteta i promicanju njegovog polo\u017eaja i ugleda u zemlji i inozemstvu. Godine 2014. odlazi u mirovinu, a 2015. Sveu\u010dili\u0161te u Splitu joj dodjeljuje po\u010dasno zvanje professor emerita Sveu\u010dili\u0161ta u Splitu.<\/span><\/span><\/span><\/span><\/span><\/p>\n<p><span style=\"font-family: 'Times New Roman', serif;\"><span style=\"font-size: medium;\"><span style=\"color: #000000;\"><span style=\"font-family: Calibri, sans-serif;\"><span style=\"font-size: small;\"><b>Prof. dr. sc. Nediljka Vukojevi\u0107 Medvidovi\u0107<\/b><\/span><\/span><\/span><\/span><\/span><\/p>\n<p><span style=\"font-family: 'Times New Roman', serif;\"><span style=\"font-size: medium;\"><span style=\"color: #000000;\"><span style=\"font-family: Calibri, sans-serif;\"><span style=\"font-size: small;\">Nakon diplomiranja na Kemijsko tehnolo\u0161kom fakultetu u Splitu 1999. zaposlila se u Laboratoriju za otpadne vode i na poslovima kontrole ure\u0111aja za pro\u010di\u0161\u0107avanje otpadnih voda u JKP \u201cLjubu\u0161ki\u201d, BiH. Od o\u017eujka 2001. radi na Kemijsko-tehnolo\u0161kom fakultetu Sveu\u010dili\u0161ta u Splitu. Trenutno je u zvanju redovite profesorice u podru\u010dju Tehni\u010dke znanosti, polje Kemijsko in\u017eenjerstvo, grana Za\u0161tita okoli\u0161a u kemijskom in\u017eenjerstvu. Od po\u010detka rada na Fakultetu aktivno sudjeluje u nastavnom procesu Zavoda za in\u017eenjerstvo okoli\u0161a. Znanstveno se bavi primjenom prirodnih materijala za uklanjanje \u0161tetnih tvari iz industrijskog efluenta, one\u010di\u0161\u0107enog tla i podzemnih voda, analizom i projektiranjem procesa talo\u017eenja, koagulacije\/flokulacije, adsorpcije, ionske izmjene i remedijacije. Stru\u010dno se usavr\u0161avala na vi\u0161e me\u0111unarodnih institucija te sudjelovala u mobilnosti nastavnika preko Erasmus programa. Do danas je bila suradnica na tri znanstveno istra\u017eiva\u010dka projekta MZO\u0160-a, projektu HRZZ (2014.-2018.), dva me\u0111unarodna bilateralna projekta te voditeljica na jednom me\u0111unarodnom bilateralnom projektu (2017.-2018.) i projektu Zaklade HAZU (2021.-2022.). Za promid\u017ebu djelatnosti Kemijsko-tehnolo\u0161kog fakulteta dobila je priznanje Dekana za ak. god. 2011.\/12. Bila je \u010dlan panela HRZZ (2016.-2019.), predstojnica Zavoda za in\u017eenjerstvo okoli\u0161a (2013.-2017.), \u010dlan Povjerenstva za provo\u0111enje postupka reakreditacije imenovana od Agencije za znanost i visoko obrazovanje (2021.). Priznanje za ukupni i pojedina\u010dni doprinos u realizaciji Strategije razvoja urbane aglomeracije Split dodijeljeno<\/span><\/span><\/span><\/span><\/span><\/p>\n<p><span style=\"color: #000000;\">joj je od strane Sveu\u010dili\u0161ta u Splitu (2017.), a za izuzetan doprinos kroz uvo\u0111enje i implementaciju dru\u0161tveno korisnog u\u010denja dodijeljena joj je Plaketa Sveu\u010dili\u0161ta u Splitu (2021.)<\/span><\/p>\n<p><span style=\"font-family: Arial, sans-serif;\"><span lang=\"hr-HR\"><b>Klju\u010dne rije\u010di: <\/b><\/span><\/span><span style=\"color: #000000;\">Od ideje do proizvodnje, lokacija postrojenja, razvoj procesa, uve\u0107anje procesne opreme, procesno projektiranje, sinteza i integracija procesa, ekonomska ocjena procesa, izmjenjiva\u010di topline, cjevovodi, destilacija vi\u0161ekomponentnih smjesa<\/span><\/p>\n<p><span style=\"font-family: Arial, sans-serif;\"><span lang=\"hr-HR\"><b>Link: <\/b><\/span><\/span><\/p>\n<p><span style=\"font-family: Arial, sans-serif;\"><span lang=\"hr-HR\"><b>E-mail: <a title=\"Maja Donkov\" href=\"mailto:maja.donkov@ktf-split.hr\" target=\"_blank\" rel=\"noopener noreferrer\">Maja Donkov\u00a0<\/a><\/b><\/span><\/span><\/p>\n<p>\u00a0<\/p>\n<p><strong><span style=\"font-family: Arial, sans-serif;\">Naslov: <\/span><\/strong><strong><span style=\"font-family: Arial, sans-serif;\">Projektiranje procesa (tisak u boji)<br \/><\/span><\/strong><strong><span style=\"font-family: Arial, sans-serif;\">Autorice:<\/span><\/strong><span style=\"font-family: Arial, sans-serif;\"> Jelena Peri\u0107, Nediljka Vukojevi\u0107 Medvidovi\u0107<br \/><\/span><strong><span style=\"font-family: Arial, sans-serif;\">Broj stranica: <\/span><\/strong><span style=\"font-family: Arial, sans-serif;\"><span lang=\"\">452<\/span><\/span><span style=\"font-family: Arial, sans-serif;\"><br \/><\/span><strong><span style=\"font-family: Arial, sans-serif;\">Nakladnik: <\/span><\/strong><strong><span style=\"font-family: Arial, sans-serif;\">Kemijsko-tehnolo\u0161ki fakultet u Splitu<\/span><\/strong><span style=\"font-family: Arial, sans-serif;\"><br \/><\/span><strong><span style=\"font-family: Arial, sans-serif;\">Godina izdanja: <\/span><\/strong><strong><span style=\"font-family: Arial, sans-serif;\">2022.<br \/><\/span><\/strong><strong><span style=\"font-family: Arial, sans-serif;\">ISBN:<\/span><\/strong><span style=\"font-family: Arial, sans-serif;\"> 978-953-7803-15-5<br \/><\/span><strong><span style=\"font-family: Arial, sans-serif;\">Tisak:<\/span><\/strong><span style=\"font-family: Arial, sans-serif;\"> digitalni tisak knjiga &#8211; print na zahtjev<\/span><\/p>\n<p>\u00a0<\/p>\n<p lang=\"hr-HR\">_______________________________________________________________________________________________________________________________________________________<\/p>\n<p style=\"text-align: justify;\"><strong>Kako naru\u010diti knjigu?\u00a0<\/strong>Proces online kupovine jednako funkcionira za sve kupce, s jedinom razlikom u tome \u0161to \u0161to kupci iz inozemstva za podru\u010dje dostave moraju odabrati &#8220;Europa&#8221; ili &#8220;Ostale zemlje svijeta&#8221;, a za vrstu pla\u0107anja WSPay (kreditna kartica) ili Virmanom (bankovni transfer).<\/p>\n<p style=\"text-align: justify;\">Molimo kliknite ovdje za\u00a0<a href=\"hr\/kako-kupovati\">detaljni vodi\u010d kroz proces narud\u017ebe<\/a>\u00a0ili nas\u00a0<a href=\"hr\/kontakt\">kontaktirajte<\/a>\u00a0za vi\u0161e informacija.<\/p>\n<p style=\"text-align: justify;\">\u00a0<\/p>\n<p lang=\"hr-HR\">\u00a0<\/p>\n<p>\u00a0<\/p>\n<p>\u00a0<\/p>\n","protected":false},"excerpt":{"rendered":"<p>Sa\u017eetak: U skladu sa smjernicama odr\u017eivog razvoja i uvo\u0111enjem koncepta nulte emisije \u0161tetnih tvari iz industrijskih procesa, u nastavnom programu studija kemijskog in\u017eenjerstva kroz vi\u0161e je kolegija nagla\u0161en koncept odr\u017eivosti &#8211; sastavni dio strategije odr\u017eivog razvoja. Cilj je ostvarivanje profita na ulo\u017eena financijska sredstva uz o\u010duvanje energije i prirodnih resursa, maksimalnu sigurnost procesa te o\u010duvanje [&hellip;]<\/p>\n","protected":false},"featured_media":9842,"comment_status":"open","ping_status":"closed","template":"","meta":{"_acf_changed":false},"product_brand":[],"product_cat":[1527,1496,1408],"product_tag":[],"class_list":{"0":"post-9841","1":"product","2":"type-product","3":"status-publish","4":"has-post-thumbnail","6":"product_cat-sveucilisni-udzbenici","7":"product_cat-kemijsko-inzenjerstvo","8":"product_cat-tehnicke-znanosti","10":"first","11":"instock","12":"shipping-taxable","13":"purchasable","14":"product-type-simple"},"acf":[],"yoast_head":"<!-- This site is optimized with the Yoast SEO plugin v27.3 - https:\/\/yoast.com\/product\/yoast-seo-wordpress\/ -->\n<title>PROJEKTIRANJE PROCESA (TISAK U BOJI), Jelena Peri\u0107, Nediljka Vukojevi\u0107 Medvidovi\u0107 - Web-knji\u017eara<\/title>\n<meta name=\"robots\" content=\"index, follow, max-snippet:-1, max-image-preview:large, max-video-preview:-1\" \/>\n<link rel=\"canonical\" href=\"https:\/\/webknjizara.hr\/proizvod\/projektiranje-procesa-tisak-u-boji-jelena-peric-nediljka-vukojevic-medvidovic\/\" \/>\n<meta property=\"og:locale\" content=\"en_US\" \/>\n<meta property=\"og:type\" content=\"article\" \/>\n<meta property=\"og:title\" content=\"PROJEKTIRANJE PROCESA (TISAK U BOJI), Jelena Peri\u0107, Nediljka Vukojevi\u0107 Medvidovi\u0107 - Web-knji\u017eara\" \/>\n<meta property=\"og:description\" content=\"Sa\u017eetak: U skladu sa smjernicama odr\u017eivog razvoja i uvo\u0111enjem koncepta nulte emisije \u0161tetnih tvari iz industrijskih procesa, u nastavnom programu studija kemijskog in\u017eenjerstva kroz vi\u0161e je kolegija nagla\u0161en koncept odr\u017eivosti &#8211; sastavni dio strategije odr\u017eivog razvoja. Cilj je ostvarivanje profita na ulo\u017eena financijska sredstva uz o\u010duvanje energije i prirodnih resursa, maksimalnu sigurnost procesa te o\u010duvanje [&hellip;]\" \/>\n<meta property=\"og:url\" content=\"https:\/\/webknjizara.hr\/proizvod\/projektiranje-procesa-tisak-u-boji-jelena-peric-nediljka-vukojevic-medvidovic\/\" \/>\n<meta property=\"og:site_name\" content=\"Web-knji\u017eara\" \/>\n<meta property=\"article:modified_time\" content=\"2023-02-22T11:08:19+00:00\" \/>\n<meta property=\"og:image\" content=\"https:\/\/webknjizara.hr\/wp-content\/uploads\/nc\/images\/virtuemart\/product\/bolja0000.jpg\" \/>\n\t<meta property=\"og:image:width\" content=\"573\" \/>\n\t<meta property=\"og:image:height\" content=\"800\" \/>\n\t<meta property=\"og:image:type\" content=\"image\/jpeg\" \/>\n<meta name=\"twitter:card\" content=\"summary_large_image\" \/>\n<meta name=\"twitter:label1\" content=\"Est. reading time\" \/>\n\t<meta name=\"twitter:data1\" content=\"5 minutes\" \/>\n<script type=\"application\/ld+json\" class=\"yoast-schema-graph\">{\"@context\":\"https:\\\/\\\/schema.org\",\"@graph\":[{\"@type\":\"WebPage\",\"@id\":\"https:\\\/\\\/webknjizara.hr\\\/proizvod\\\/projektiranje-procesa-tisak-u-boji-jelena-peric-nediljka-vukojevic-medvidovic\\\/\",\"url\":\"https:\\\/\\\/webknjizara.hr\\\/proizvod\\\/projektiranje-procesa-tisak-u-boji-jelena-peric-nediljka-vukojevic-medvidovic\\\/\",\"name\":\"PROJEKTIRANJE PROCESA (TISAK U BOJI), Jelena Peri\u0107, Nediljka Vukojevi\u0107 Medvidovi\u0107 - Web-knji\u017eara\",\"isPartOf\":{\"@id\":\"https:\\\/\\\/webknjizara.hr\\\/#website\"},\"primaryImageOfPage\":{\"@id\":\"https:\\\/\\\/webknjizara.hr\\\/proizvod\\\/projektiranje-procesa-tisak-u-boji-jelena-peric-nediljka-vukojevic-medvidovic\\\/#primaryimage\"},\"image\":{\"@id\":\"https:\\\/\\\/webknjizara.hr\\\/proizvod\\\/projektiranje-procesa-tisak-u-boji-jelena-peric-nediljka-vukojevic-medvidovic\\\/#primaryimage\"},\"thumbnailUrl\":\"https:\\\/\\\/webknjizara.hr\\\/wp-content\\\/uploads\\\/nc\\\/images\\\/virtuemart\\\/product\\\/bolja0000.jpg\",\"datePublished\":\"2022-10-20T13:10:54+00:00\",\"dateModified\":\"2023-02-22T11:08:19+00:00\",\"breadcrumb\":{\"@id\":\"https:\\\/\\\/webknjizara.hr\\\/proizvod\\\/projektiranje-procesa-tisak-u-boji-jelena-peric-nediljka-vukojevic-medvidovic\\\/#breadcrumb\"},\"inLanguage\":\"en-US\",\"potentialAction\":[{\"@type\":\"ReadAction\",\"target\":[\"https:\\\/\\\/webknjizara.hr\\\/proizvod\\\/projektiranje-procesa-tisak-u-boji-jelena-peric-nediljka-vukojevic-medvidovic\\\/\"]}]},{\"@type\":\"ImageObject\",\"inLanguage\":\"en-US\",\"@id\":\"https:\\\/\\\/webknjizara.hr\\\/proizvod\\\/projektiranje-procesa-tisak-u-boji-jelena-peric-nediljka-vukojevic-medvidovic\\\/#primaryimage\",\"url\":\"https:\\\/\\\/webknjizara.hr\\\/wp-content\\\/uploads\\\/nc\\\/images\\\/virtuemart\\\/product\\\/bolja0000.jpg\",\"contentUrl\":\"https:\\\/\\\/webknjizara.hr\\\/wp-content\\\/uploads\\\/nc\\\/images\\\/virtuemart\\\/product\\\/bolja0000.jpg\",\"width\":573,\"height\":800,\"caption\":\"PROJEKTIRANJE PROCESA (TISAK U BOJI), Jelena Peri\u0107, Nediljka Vukojevi\u0107 Medvidovi\u0107\"},{\"@type\":\"BreadcrumbList\",\"@id\":\"https:\\\/\\\/webknjizara.hr\\\/proizvod\\\/projektiranje-procesa-tisak-u-boji-jelena-peric-nediljka-vukojevic-medvidovic\\\/#breadcrumb\",\"itemListElement\":[{\"@type\":\"ListItem\",\"position\":1,\"name\":\"Po\u010detna stranica\",\"item\":\"https:\\\/\\\/webknjizara.hr\\\/en\\\/\"},{\"@type\":\"ListItem\",\"position\":2,\"name\":\"Shop\",\"item\":\"https:\\\/\\\/webknjizara.hr\\\/shop\\\/\"},{\"@type\":\"ListItem\",\"position\":3,\"name\":\"PROJEKTIRANJE PROCESA (TISAK U BOJI), Jelena Peri\u0107, Nediljka Vukojevi\u0107 Medvidovi\u0107\"}]},{\"@type\":\"WebSite\",\"@id\":\"https:\\\/\\\/webknjizara.hr\\\/#website\",\"url\":\"https:\\\/\\\/webknjizara.hr\\\/\",\"name\":\"Web Knji\u017eara\",\"description\":\"\",\"publisher\":{\"@id\":\"https:\\\/\\\/webknjizara.hr\\\/#organization\"},\"potentialAction\":[{\"@type\":\"SearchAction\",\"target\":{\"@type\":\"EntryPoint\",\"urlTemplate\":\"https:\\\/\\\/webknjizara.hr\\\/?s={search_term_string}\"},\"query-input\":{\"@type\":\"PropertyValueSpecification\",\"valueRequired\":true,\"valueName\":\"search_term_string\"}}],\"inLanguage\":\"en-US\"},{\"@type\":\"Organization\",\"@id\":\"https:\\\/\\\/webknjizara.hr\\\/#organization\",\"name\":\"REDAK D.O.O.\",\"url\":\"https:\\\/\\\/webknjizara.hr\\\/\",\"logo\":{\"@type\":\"ImageObject\",\"inLanguage\":\"en-US\",\"@id\":\"https:\\\/\\\/webknjizara.hr\\\/#\\\/schema\\\/logo\\\/image\\\/\",\"url\":\"https:\\\/\\\/webknjizara.hr\\\/wp-content\\\/uploads\\\/2023\\\/01\\\/web-knjizara-logo.webp\",\"contentUrl\":\"https:\\\/\\\/webknjizara.hr\\\/wp-content\\\/uploads\\\/2023\\\/01\\\/web-knjizara-logo.webp\",\"width\":324,\"height\":79,\"caption\":\"REDAK D.O.O.\"},\"image\":{\"@id\":\"https:\\\/\\\/webknjizara.hr\\\/#\\\/schema\\\/logo\\\/image\\\/\"}}]}<\/script>\n<!-- \/ Yoast SEO plugin. -->","yoast_head_json":{"title":"PROJEKTIRANJE PROCESA (TISAK U BOJI), Jelena Peri\u0107, Nediljka Vukojevi\u0107 Medvidovi\u0107 - Web-knji\u017eara","robots":{"index":"index","follow":"follow","max-snippet":"max-snippet:-1","max-image-preview":"max-image-preview:large","max-video-preview":"max-video-preview:-1"},"canonical":"https:\/\/webknjizara.hr\/proizvod\/projektiranje-procesa-tisak-u-boji-jelena-peric-nediljka-vukojevic-medvidovic\/","og_locale":"en_US","og_type":"article","og_title":"PROJEKTIRANJE PROCESA (TISAK U BOJI), Jelena Peri\u0107, Nediljka Vukojevi\u0107 Medvidovi\u0107 - Web-knji\u017eara","og_description":"Sa\u017eetak: U skladu sa smjernicama odr\u017eivog razvoja i uvo\u0111enjem koncepta nulte emisije \u0161tetnih tvari iz industrijskih procesa, u nastavnom programu studija kemijskog in\u017eenjerstva kroz vi\u0161e je kolegija nagla\u0161en koncept odr\u017eivosti &#8211; sastavni dio strategije odr\u017eivog razvoja. Cilj je ostvarivanje profita na ulo\u017eena financijska sredstva uz o\u010duvanje energije i prirodnih resursa, maksimalnu sigurnost procesa te o\u010duvanje [&hellip;]","og_url":"https:\/\/webknjizara.hr\/proizvod\/projektiranje-procesa-tisak-u-boji-jelena-peric-nediljka-vukojevic-medvidovic\/","og_site_name":"Web-knji\u017eara","article_modified_time":"2023-02-22T11:08:19+00:00","og_image":[{"width":573,"height":800,"url":"https:\/\/webknjizara.hr\/wp-content\/uploads\/nc\/images\/virtuemart\/product\/bolja0000.jpg","type":"image\/jpeg"}],"twitter_card":"summary_large_image","twitter_misc":{"Est. reading time":"5 minutes"},"schema":{"@context":"https:\/\/schema.org","@graph":[{"@type":"WebPage","@id":"https:\/\/webknjizara.hr\/proizvod\/projektiranje-procesa-tisak-u-boji-jelena-peric-nediljka-vukojevic-medvidovic\/","url":"https:\/\/webknjizara.hr\/proizvod\/projektiranje-procesa-tisak-u-boji-jelena-peric-nediljka-vukojevic-medvidovic\/","name":"PROJEKTIRANJE PROCESA (TISAK U BOJI), Jelena Peri\u0107, Nediljka Vukojevi\u0107 Medvidovi\u0107 - Web-knji\u017eara","isPartOf":{"@id":"https:\/\/webknjizara.hr\/#website"},"primaryImageOfPage":{"@id":"https:\/\/webknjizara.hr\/proizvod\/projektiranje-procesa-tisak-u-boji-jelena-peric-nediljka-vukojevic-medvidovic\/#primaryimage"},"image":{"@id":"https:\/\/webknjizara.hr\/proizvod\/projektiranje-procesa-tisak-u-boji-jelena-peric-nediljka-vukojevic-medvidovic\/#primaryimage"},"thumbnailUrl":"https:\/\/webknjizara.hr\/wp-content\/uploads\/nc\/images\/virtuemart\/product\/bolja0000.jpg","datePublished":"2022-10-20T13:10:54+00:00","dateModified":"2023-02-22T11:08:19+00:00","breadcrumb":{"@id":"https:\/\/webknjizara.hr\/proizvod\/projektiranje-procesa-tisak-u-boji-jelena-peric-nediljka-vukojevic-medvidovic\/#breadcrumb"},"inLanguage":"en-US","potentialAction":[{"@type":"ReadAction","target":["https:\/\/webknjizara.hr\/proizvod\/projektiranje-procesa-tisak-u-boji-jelena-peric-nediljka-vukojevic-medvidovic\/"]}]},{"@type":"ImageObject","inLanguage":"en-US","@id":"https:\/\/webknjizara.hr\/proizvod\/projektiranje-procesa-tisak-u-boji-jelena-peric-nediljka-vukojevic-medvidovic\/#primaryimage","url":"https:\/\/webknjizara.hr\/wp-content\/uploads\/nc\/images\/virtuemart\/product\/bolja0000.jpg","contentUrl":"https:\/\/webknjizara.hr\/wp-content\/uploads\/nc\/images\/virtuemart\/product\/bolja0000.jpg","width":573,"height":800,"caption":"PROJEKTIRANJE PROCESA (TISAK U BOJI), Jelena Peri\u0107, Nediljka Vukojevi\u0107 Medvidovi\u0107"},{"@type":"BreadcrumbList","@id":"https:\/\/webknjizara.hr\/proizvod\/projektiranje-procesa-tisak-u-boji-jelena-peric-nediljka-vukojevic-medvidovic\/#breadcrumb","itemListElement":[{"@type":"ListItem","position":1,"name":"Po\u010detna stranica","item":"https:\/\/webknjizara.hr\/en\/"},{"@type":"ListItem","position":2,"name":"Shop","item":"https:\/\/webknjizara.hr\/shop\/"},{"@type":"ListItem","position":3,"name":"PROJEKTIRANJE PROCESA (TISAK U BOJI), Jelena Peri\u0107, Nediljka Vukojevi\u0107 Medvidovi\u0107"}]},{"@type":"WebSite","@id":"https:\/\/webknjizara.hr\/#website","url":"https:\/\/webknjizara.hr\/","name":"Web Knji\u017eara","description":"","publisher":{"@id":"https:\/\/webknjizara.hr\/#organization"},"potentialAction":[{"@type":"SearchAction","target":{"@type":"EntryPoint","urlTemplate":"https:\/\/webknjizara.hr\/?s={search_term_string}"},"query-input":{"@type":"PropertyValueSpecification","valueRequired":true,"valueName":"search_term_string"}}],"inLanguage":"en-US"},{"@type":"Organization","@id":"https:\/\/webknjizara.hr\/#organization","name":"REDAK D.O.O.","url":"https:\/\/webknjizara.hr\/","logo":{"@type":"ImageObject","inLanguage":"en-US","@id":"https:\/\/webknjizara.hr\/#\/schema\/logo\/image\/","url":"https:\/\/webknjizara.hr\/wp-content\/uploads\/2023\/01\/web-knjizara-logo.webp","contentUrl":"https:\/\/webknjizara.hr\/wp-content\/uploads\/2023\/01\/web-knjizara-logo.webp","width":324,"height":79,"caption":"REDAK D.O.O."},"image":{"@id":"https:\/\/webknjizara.hr\/#\/schema\/logo\/image\/"}}]}},"_links":{"self":[{"href":"https:\/\/webknjizara.hr\/en\/wp-json\/wp\/v2\/product\/9841","targetHints":{"allow":["GET"]}}],"collection":[{"href":"https:\/\/webknjizara.hr\/en\/wp-json\/wp\/v2\/product"}],"about":[{"href":"https:\/\/webknjizara.hr\/en\/wp-json\/wp\/v2\/types\/product"}],"replies":[{"embeddable":true,"href":"https:\/\/webknjizara.hr\/en\/wp-json\/wp\/v2\/comments?post=9841"}],"wp:featuredmedia":[{"embeddable":true,"href":"https:\/\/webknjizara.hr\/en\/wp-json\/wp\/v2\/media\/9842"}],"wp:attachment":[{"href":"https:\/\/webknjizara.hr\/en\/wp-json\/wp\/v2\/media?parent=9841"}],"wp:term":[{"taxonomy":"product_brand","embeddable":true,"href":"https:\/\/webknjizara.hr\/en\/wp-json\/wp\/v2\/product_brand?post=9841"},{"taxonomy":"product_cat","embeddable":true,"href":"https:\/\/webknjizara.hr\/en\/wp-json\/wp\/v2\/product_cat?post=9841"},{"taxonomy":"product_tag","embeddable":true,"href":"https:\/\/webknjizara.hr\/en\/wp-json\/wp\/v2\/product_tag?post=9841"}],"curies":[{"name":"wp","href":"https:\/\/api.w.org\/{rel}","templated":true}]}}