{"id":9815,"date":"2022-09-26T10:59:12","date_gmt":"2022-09-26T10:59:12","guid":{"rendered":"https:\/\/webknjizara.hr\/?product=pogled-pozitive-tatjana-udovic"},"modified":"2023-02-25T00:13:12","modified_gmt":"2023-02-24T23:13:12","slug":"pogled-pozitive-tatjana-udovic","status":"publish","type":"product","link":"https:\/\/webknjizara.hr\/en\/proizvod\/pogled-pozitive-tatjana-udovic\/","title":{"rendered":"POGLED POZITIVE, Tatjana Udovi\u0107"},"content":{"rendered":"<p lang=\"hr-HR\"><span style=\"font-family: 'Times New Roman', serif;\"><span style=\"font-size: medium;\"><span style=\"font-family: Arial, sans-serif;\"><b>Sa\u017eetak:<\/b><\/span><\/span><\/span><\/p>\n<p lang=\"hr-HR\"><span style=\"font-family: 'Times New Roman', serif;\"><span style=\"font-size: medium;\"> <span style=\"color: #000000;\"><span style=\"font-family: Arial, sans-serif;\"><span style=\"font-size: small;\">U romanu s pogledom pozitive, <\/span><\/span><\/span><span style=\"color: #202124;\"><span style=\"font-family: Arial, sans-serif;\"><span style=\"font-size: small;\">likovi razli\u010diti poput prstiju na ruci, na\u0161li su se \u201eslu\u010dajno\u201c na okupu, i kroz finu komunikaciju, opu\u0161teni razgovor, poput vrijednih ruku u akciji, do\u0161li do izvrsnih djelovanja.<\/span><\/span><\/span><\/span><\/span><\/p>\n<p lang=\"hr-HR\"><span style=\"font-family: 'Times New Roman', serif;\"><span style=\"font-size: medium;\"><span style=\"color: #202124;\"><span style=\"font-family: Arial, sans-serif;\"><span style=\"font-size: small;\">Sve po\u010dinje \u010ditanjem novina u kojima jedan tekst tek \u0161turo obavje\u0161tava o tri smrtna slu\u010daja, ne slute\u0107i da je ta \u010dinjenica va\u017ena i u, tek naizgled slu\u010dajnom, dru\u017eenju u jednom kafi\u0107u. \u017divot, u svakodnevnoj rutini, isprepli\u0107e nevjerojatne stvari u ljudske sudbine. \u010covjek se ponekad osje\u0107a izgubljeno, osamljeno, zabrinuto te mo\u017ee od sitnice kreirati brdo nevolja. Ali, u romanu Tatjane Udovi\u0107, ljudi udru\u017eenim energijama kreiraju nevjerojatna rje\u0161enja, a to je upravo ono \u0161to mo\u017ee nadahnuti svakog \u010ditatelja i usmjeriti ga prema rje\u0161enju s \u201epogledom pozitive\u201c. Mnogi \u0107e se prepoznati u nekom liku ili nekoj situaciji te osjetiti bliskost i \u017eivotnost ovog \u0161tiva. Spisateljica je nadahnu\u0107e crpila iz \u017eivota, prate\u0107i srcem ljudske sudbine te nam iz plemenitih pobuda prenijela energiju \u201epogleda pozitive\u201c, kako bi dotakla \u0161to vi\u0161e osamljenih du\u0161a.<\/span><\/span><\/span><\/span><\/span><\/p>\n<p lang=\"hr-HR\"><span style=\"color: #202124;\"><span style=\"font-family: Arial, sans-serif;\"><span style=\"font-size: small;\">Uzmite i Vi u ruke ovu knjigu i na\u0111ite se u zagrljaju \u201epogleda pozitive\u201c!<\/span><\/span><\/span><\/p>\n<p lang=\"hr-HR\">\u00a0<\/p>\n<p><span style=\"font-family: Arial, sans-serif;\"><span lang=\"hr-HR\"><b>Bilje\u0161ka o autorici: <\/b><\/span><\/span><\/p>\n<p><span style=\"color: #666666;\"><span style=\"font-family: Arial, sans-serif;\">Kroz svoj literarni rad Tatjana Udovi\u0107 najvi\u0161e zanimanja pokazuje za mlade i djecu.<\/span><\/span><\/p>\n<p><span style=\"color: #666666;\"><span style=\"font-family: Arial, sans-serif;\">Autorica je bajki, romana za mlade, romana za odrasle, antropolo\u0161kog filma i autobiografske pri\u010de<\/span><\/span><\/p>\n<p><span style=\"font-family: Arial, sans-serif;\"><span lang=\"hr-HR\"><b>Klju\u010dne rije\u010di: <\/b><\/span><\/span><span style=\"color: #000000;\"><span style=\"font-family: Arial, sans-serif;\">New age, pozitiva, udovi\u0107, tatjana udovi\u0107, samopomo\u0107, life coaching, pomo\u0107<\/span><\/span><\/p>\n<p><span style=\"font-family: Arial, sans-serif;\"><span lang=\"hr-HR\"><b>Link: <\/b><\/span><\/span><span style=\"color: #000000;\"><span style=\"font-family: Arial, sans-serif;\"><a href=\"https:\/\/udrugazakulturuca.hr\/\">https:\/\/udrugazakulturuca.hr\/<\/a><\/span><\/span><\/p>\n<p><span style=\"font-family: Arial, sans-serif;\"><span lang=\"hr-HR\"><b>E-mail: <a href=\"mailto:Udruga.ca@gmail.com\" target=\"_blank\" rel=\"noopener noreferrer\">Kontakt<\/a><\/b><\/span><\/span><\/p>\n<p lang=\"hr-HR\">\u00a0<\/p>\n<p><strong><span style=\"font-family: Arial, sans-serif;\">Naslov: <\/span><\/strong><strong><span style=\"font-family: Arial, sans-serif;\">Pogled pozitive<\/span><\/strong><span style=\"font-family: Arial, sans-serif;\"><br \/><\/span><strong><span style=\"font-family: Arial, sans-serif;\">Autorica:<\/span><\/strong><span style=\"font-family: Arial, sans-serif;\"> Tatjana Udovi\u0107<br \/><\/span><strong><span style=\"font-family: Arial, sans-serif;\">Broj stranica: <\/span><\/strong><span style=\"font-family: Arial, sans-serif;\"><span lang=\"\">124<\/span><\/span><span style=\"font-family: Arial, sans-serif;\"><br \/><\/span><strong><span style=\"font-family: Arial, sans-serif;\">Nakladnik: <\/span><\/strong><strong><span style=\"font-family: Arial, sans-serif;\">Udruga za kulturu \u010ca?, REDAK<\/span><\/strong><span style=\"font-family: Arial, sans-serif;\"><br \/><\/span><strong><span style=\"font-family: Arial, sans-serif;\">Godina izdanja: <\/span><\/strong><strong><span style=\"font-family: Arial, sans-serif;\">2022.<br \/><\/span><\/strong><strong><span style=\"font-family: Arial, sans-serif;\">ISBN:<\/span><\/strong><span style=\"font-family: Arial, sans-serif;\"> 978-953-8364-07-5, 978-953-336-874-0<br \/><\/span><strong><span style=\"font-family: Arial, sans-serif;\">Tisak:<\/span><\/strong><span style=\"font-family: Arial, sans-serif;\"> digitalni tisak knjiga &#8211; print na zahtjev<\/span><\/p>\n<p style=\"text-align: justify;\">\u00a0<\/p>\n<p style=\"text-align: justify;\"><strong>Kako naru\u010diti knjigu?\u00a0<\/strong>Proces online kupovine jednako funkcionira za sve kupce, s jedinom razlikom u tome \u0161to \u0161to kupci iz inozemstva za podru\u010dje dostave moraju odabrati &#8220;Europa&#8221; ili &#8220;Ostale zemlje svijeta&#8221;, a za vrstu pla\u0107anja WSPay (kreditna kartica) ili Virmanom (bankovni transfer).<\/p>\n<p style=\"text-align: justify;\">Molimo kliknite ovdje za\u00a0<a href=\"hr\/kako-kupovati\">detaljni vodi\u010d kroz proces narud\u017ebe<\/a>\u00a0ili nas\u00a0<a href=\"hr\/kontakt\">kontaktirajte<\/a>\u00a0za vi\u0161e informacija.<\/p>\n","protected":false},"excerpt":{"rendered":"<p>Sa\u017eetak: U romanu s pogledom pozitive, likovi razli\u010diti poput prstiju na ruci, na\u0161li su se \u201eslu\u010dajno\u201c na okupu, i kroz finu komunikaciju, opu\u0161teni razgovor, poput vrijednih ruku u akciji, do\u0161li do izvrsnih djelovanja. Sve po\u010dinje \u010ditanjem novina u kojima jedan tekst tek \u0161turo obavje\u0161tava o tri smrtna slu\u010daja, ne slute\u0107i da je ta \u010dinjenica va\u017ena [&hellip;]<\/p>\n","protected":false},"featured_media":9816,"comment_status":"open","ping_status":"closed","template":"","meta":{"_acf_changed":false},"product_brand":[],"product_cat":[1489],"product_tag":[],"class_list":{"0":"post-9815","1":"product","2":"type-product","3":"status-publish","4":"has-post-thumbnail","6":"product_cat-publicistika","8":"first","9":"instock","10":"shipping-taxable","11":"purchasable","12":"product-type-simple"},"acf":[],"yoast_head":"<!-- This site is optimized with the Yoast SEO plugin v27.3 - https:\/\/yoast.com\/product\/yoast-seo-wordpress\/ -->\n<title>POGLED POZITIVE, Tatjana Udovi\u0107 - Web-knji\u017eara<\/title>\n<meta name=\"robots\" content=\"index, follow, max-snippet:-1, max-image-preview:large, max-video-preview:-1\" \/>\n<link rel=\"canonical\" href=\"https:\/\/webknjizara.hr\/proizvod\/pogled-pozitive-tatjana-udovic\/\" \/>\n<meta property=\"og:locale\" content=\"en_US\" \/>\n<meta property=\"og:type\" content=\"article\" \/>\n<meta property=\"og:title\" content=\"POGLED POZITIVE, Tatjana Udovi\u0107 - Web-knji\u017eara\" \/>\n<meta property=\"og:description\" content=\"Sa\u017eetak: U romanu s pogledom pozitive, likovi razli\u010diti poput prstiju na ruci, na\u0161li su se \u201eslu\u010dajno\u201c na okupu, i kroz finu komunikaciju, opu\u0161teni razgovor, poput vrijednih ruku u akciji, do\u0161li do izvrsnih djelovanja. Sve po\u010dinje \u010ditanjem novina u kojima jedan tekst tek \u0161turo obavje\u0161tava o tri smrtna slu\u010daja, ne slute\u0107i da je ta \u010dinjenica va\u017ena [&hellip;]\" \/>\n<meta property=\"og:url\" content=\"https:\/\/webknjizara.hr\/proizvod\/pogled-pozitive-tatjana-udovic\/\" \/>\n<meta property=\"og:site_name\" content=\"Web-knji\u017eara\" \/>\n<meta property=\"article:modified_time\" content=\"2023-02-24T23:13:12+00:00\" \/>\n<meta property=\"og:image\" content=\"https:\/\/webknjizara.hr\/wp-content\/uploads\/nc\/images\/virtuemart\/product\/Tatjana_Udovic_Pogled_pozitive_webknjizara_redak_WEB_1340.jpg\" \/>\n\t<meta property=\"og:image:width\" content=\"300\" \/>\n\t<meta property=\"og:image:height\" content=\"419\" \/>\n\t<meta property=\"og:image:type\" content=\"image\/jpeg\" \/>\n<meta name=\"twitter:card\" content=\"summary_large_image\" \/>\n<meta name=\"twitter:label1\" content=\"Est. reading time\" \/>\n\t<meta name=\"twitter:data1\" content=\"2 minutes\" \/>\n<script type=\"application\/ld+json\" class=\"yoast-schema-graph\">{\"@context\":\"https:\\\/\\\/schema.org\",\"@graph\":[{\"@type\":\"WebPage\",\"@id\":\"https:\\\/\\\/webknjizara.hr\\\/proizvod\\\/pogled-pozitive-tatjana-udovic\\\/\",\"url\":\"https:\\\/\\\/webknjizara.hr\\\/proizvod\\\/pogled-pozitive-tatjana-udovic\\\/\",\"name\":\"POGLED POZITIVE, Tatjana Udovi\u0107 - Web-knji\u017eara\",\"isPartOf\":{\"@id\":\"https:\\\/\\\/webknjizara.hr\\\/#website\"},\"primaryImageOfPage\":{\"@id\":\"https:\\\/\\\/webknjizara.hr\\\/proizvod\\\/pogled-pozitive-tatjana-udovic\\\/#primaryimage\"},\"image\":{\"@id\":\"https:\\\/\\\/webknjizara.hr\\\/proizvod\\\/pogled-pozitive-tatjana-udovic\\\/#primaryimage\"},\"thumbnailUrl\":\"https:\\\/\\\/webknjizara.hr\\\/wp-content\\\/uploads\\\/nc\\\/images\\\/virtuemart\\\/product\\\/Tatjana_Udovic_Pogled_pozitive_webknjizara_redak_WEB_1340.jpg\",\"datePublished\":\"2022-09-26T10:59:12+00:00\",\"dateModified\":\"2023-02-24T23:13:12+00:00\",\"breadcrumb\":{\"@id\":\"https:\\\/\\\/webknjizara.hr\\\/proizvod\\\/pogled-pozitive-tatjana-udovic\\\/#breadcrumb\"},\"inLanguage\":\"en-US\",\"potentialAction\":[{\"@type\":\"ReadAction\",\"target\":[\"https:\\\/\\\/webknjizara.hr\\\/proizvod\\\/pogled-pozitive-tatjana-udovic\\\/\"]}]},{\"@type\":\"ImageObject\",\"inLanguage\":\"en-US\",\"@id\":\"https:\\\/\\\/webknjizara.hr\\\/proizvod\\\/pogled-pozitive-tatjana-udovic\\\/#primaryimage\",\"url\":\"https:\\\/\\\/webknjizara.hr\\\/wp-content\\\/uploads\\\/nc\\\/images\\\/virtuemart\\\/product\\\/Tatjana_Udovic_Pogled_pozitive_webknjizara_redak_WEB_1340.jpg\",\"contentUrl\":\"https:\\\/\\\/webknjizara.hr\\\/wp-content\\\/uploads\\\/nc\\\/images\\\/virtuemart\\\/product\\\/Tatjana_Udovic_Pogled_pozitive_webknjizara_redak_WEB_1340.jpg\",\"width\":300,\"height\":419,\"caption\":\"POGLED POZITIVE, Tatjana Udovi\u0107\"},{\"@type\":\"BreadcrumbList\",\"@id\":\"https:\\\/\\\/webknjizara.hr\\\/proizvod\\\/pogled-pozitive-tatjana-udovic\\\/#breadcrumb\",\"itemListElement\":[{\"@type\":\"ListItem\",\"position\":1,\"name\":\"Po\u010detna stranica\",\"item\":\"https:\\\/\\\/webknjizara.hr\\\/en\\\/\"},{\"@type\":\"ListItem\",\"position\":2,\"name\":\"Shop\",\"item\":\"https:\\\/\\\/webknjizara.hr\\\/shop\\\/\"},{\"@type\":\"ListItem\",\"position\":3,\"name\":\"POGLED POZITIVE, Tatjana Udovi\u0107\"}]},{\"@type\":\"WebSite\",\"@id\":\"https:\\\/\\\/webknjizara.hr\\\/#website\",\"url\":\"https:\\\/\\\/webknjizara.hr\\\/\",\"name\":\"Web Knji\u017eara\",\"description\":\"\",\"publisher\":{\"@id\":\"https:\\\/\\\/webknjizara.hr\\\/#organization\"},\"potentialAction\":[{\"@type\":\"SearchAction\",\"target\":{\"@type\":\"EntryPoint\",\"urlTemplate\":\"https:\\\/\\\/webknjizara.hr\\\/?s={search_term_string}\"},\"query-input\":{\"@type\":\"PropertyValueSpecification\",\"valueRequired\":true,\"valueName\":\"search_term_string\"}}],\"inLanguage\":\"en-US\"},{\"@type\":\"Organization\",\"@id\":\"https:\\\/\\\/webknjizara.hr\\\/#organization\",\"name\":\"REDAK D.O.O.\",\"url\":\"https:\\\/\\\/webknjizara.hr\\\/\",\"logo\":{\"@type\":\"ImageObject\",\"inLanguage\":\"en-US\",\"@id\":\"https:\\\/\\\/webknjizara.hr\\\/#\\\/schema\\\/logo\\\/image\\\/\",\"url\":\"https:\\\/\\\/webknjizara.hr\\\/wp-content\\\/uploads\\\/2023\\\/01\\\/web-knjizara-logo.webp\",\"contentUrl\":\"https:\\\/\\\/webknjizara.hr\\\/wp-content\\\/uploads\\\/2023\\\/01\\\/web-knjizara-logo.webp\",\"width\":324,\"height\":79,\"caption\":\"REDAK D.O.O.\"},\"image\":{\"@id\":\"https:\\\/\\\/webknjizara.hr\\\/#\\\/schema\\\/logo\\\/image\\\/\"}}]}<\/script>\n<!-- \/ Yoast SEO plugin. -->","yoast_head_json":{"title":"POGLED POZITIVE, Tatjana Udovi\u0107 - Web-knji\u017eara","robots":{"index":"index","follow":"follow","max-snippet":"max-snippet:-1","max-image-preview":"max-image-preview:large","max-video-preview":"max-video-preview:-1"},"canonical":"https:\/\/webknjizara.hr\/proizvod\/pogled-pozitive-tatjana-udovic\/","og_locale":"en_US","og_type":"article","og_title":"POGLED POZITIVE, Tatjana Udovi\u0107 - Web-knji\u017eara","og_description":"Sa\u017eetak: U romanu s pogledom pozitive, likovi razli\u010diti poput prstiju na ruci, na\u0161li su se \u201eslu\u010dajno\u201c na okupu, i kroz finu komunikaciju, opu\u0161teni razgovor, poput vrijednih ruku u akciji, do\u0161li do izvrsnih djelovanja. Sve po\u010dinje \u010ditanjem novina u kojima jedan tekst tek \u0161turo obavje\u0161tava o tri smrtna slu\u010daja, ne slute\u0107i da je ta \u010dinjenica va\u017ena [&hellip;]","og_url":"https:\/\/webknjizara.hr\/proizvod\/pogled-pozitive-tatjana-udovic\/","og_site_name":"Web-knji\u017eara","article_modified_time":"2023-02-24T23:13:12+00:00","og_image":[{"width":300,"height":419,"url":"https:\/\/webknjizara.hr\/wp-content\/uploads\/nc\/images\/virtuemart\/product\/Tatjana_Udovic_Pogled_pozitive_webknjizara_redak_WEB_1340.jpg","type":"image\/jpeg"}],"twitter_card":"summary_large_image","twitter_misc":{"Est. reading time":"2 minutes"},"schema":{"@context":"https:\/\/schema.org","@graph":[{"@type":"WebPage","@id":"https:\/\/webknjizara.hr\/proizvod\/pogled-pozitive-tatjana-udovic\/","url":"https:\/\/webknjizara.hr\/proizvod\/pogled-pozitive-tatjana-udovic\/","name":"POGLED POZITIVE, Tatjana Udovi\u0107 - Web-knji\u017eara","isPartOf":{"@id":"https:\/\/webknjizara.hr\/#website"},"primaryImageOfPage":{"@id":"https:\/\/webknjizara.hr\/proizvod\/pogled-pozitive-tatjana-udovic\/#primaryimage"},"image":{"@id":"https:\/\/webknjizara.hr\/proizvod\/pogled-pozitive-tatjana-udovic\/#primaryimage"},"thumbnailUrl":"https:\/\/webknjizara.hr\/wp-content\/uploads\/nc\/images\/virtuemart\/product\/Tatjana_Udovic_Pogled_pozitive_webknjizara_redak_WEB_1340.jpg","datePublished":"2022-09-26T10:59:12+00:00","dateModified":"2023-02-24T23:13:12+00:00","breadcrumb":{"@id":"https:\/\/webknjizara.hr\/proizvod\/pogled-pozitive-tatjana-udovic\/#breadcrumb"},"inLanguage":"en-US","potentialAction":[{"@type":"ReadAction","target":["https:\/\/webknjizara.hr\/proizvod\/pogled-pozitive-tatjana-udovic\/"]}]},{"@type":"ImageObject","inLanguage":"en-US","@id":"https:\/\/webknjizara.hr\/proizvod\/pogled-pozitive-tatjana-udovic\/#primaryimage","url":"https:\/\/webknjizara.hr\/wp-content\/uploads\/nc\/images\/virtuemart\/product\/Tatjana_Udovic_Pogled_pozitive_webknjizara_redak_WEB_1340.jpg","contentUrl":"https:\/\/webknjizara.hr\/wp-content\/uploads\/nc\/images\/virtuemart\/product\/Tatjana_Udovic_Pogled_pozitive_webknjizara_redak_WEB_1340.jpg","width":300,"height":419,"caption":"POGLED POZITIVE, Tatjana Udovi\u0107"},{"@type":"BreadcrumbList","@id":"https:\/\/webknjizara.hr\/proizvod\/pogled-pozitive-tatjana-udovic\/#breadcrumb","itemListElement":[{"@type":"ListItem","position":1,"name":"Po\u010detna stranica","item":"https:\/\/webknjizara.hr\/en\/"},{"@type":"ListItem","position":2,"name":"Shop","item":"https:\/\/webknjizara.hr\/shop\/"},{"@type":"ListItem","position":3,"name":"POGLED POZITIVE, Tatjana Udovi\u0107"}]},{"@type":"WebSite","@id":"https:\/\/webknjizara.hr\/#website","url":"https:\/\/webknjizara.hr\/","name":"Web Knji\u017eara","description":"","publisher":{"@id":"https:\/\/webknjizara.hr\/#organization"},"potentialAction":[{"@type":"SearchAction","target":{"@type":"EntryPoint","urlTemplate":"https:\/\/webknjizara.hr\/?s={search_term_string}"},"query-input":{"@type":"PropertyValueSpecification","valueRequired":true,"valueName":"search_term_string"}}],"inLanguage":"en-US"},{"@type":"Organization","@id":"https:\/\/webknjizara.hr\/#organization","name":"REDAK D.O.O.","url":"https:\/\/webknjizara.hr\/","logo":{"@type":"ImageObject","inLanguage":"en-US","@id":"https:\/\/webknjizara.hr\/#\/schema\/logo\/image\/","url":"https:\/\/webknjizara.hr\/wp-content\/uploads\/2023\/01\/web-knjizara-logo.webp","contentUrl":"https:\/\/webknjizara.hr\/wp-content\/uploads\/2023\/01\/web-knjizara-logo.webp","width":324,"height":79,"caption":"REDAK D.O.O."},"image":{"@id":"https:\/\/webknjizara.hr\/#\/schema\/logo\/image\/"}}]}},"_links":{"self":[{"href":"https:\/\/webknjizara.hr\/en\/wp-json\/wp\/v2\/product\/9815","targetHints":{"allow":["GET"]}}],"collection":[{"href":"https:\/\/webknjizara.hr\/en\/wp-json\/wp\/v2\/product"}],"about":[{"href":"https:\/\/webknjizara.hr\/en\/wp-json\/wp\/v2\/types\/product"}],"replies":[{"embeddable":true,"href":"https:\/\/webknjizara.hr\/en\/wp-json\/wp\/v2\/comments?post=9815"}],"wp:featuredmedia":[{"embeddable":true,"href":"https:\/\/webknjizara.hr\/en\/wp-json\/wp\/v2\/media\/9816"}],"wp:attachment":[{"href":"https:\/\/webknjizara.hr\/en\/wp-json\/wp\/v2\/media?parent=9815"}],"wp:term":[{"taxonomy":"product_brand","embeddable":true,"href":"https:\/\/webknjizara.hr\/en\/wp-json\/wp\/v2\/product_brand?post=9815"},{"taxonomy":"product_cat","embeddable":true,"href":"https:\/\/webknjizara.hr\/en\/wp-json\/wp\/v2\/product_cat?post=9815"},{"taxonomy":"product_tag","embeddable":true,"href":"https:\/\/webknjizara.hr\/en\/wp-json\/wp\/v2\/product_tag?post=9815"}],"curies":[{"name":"wp","href":"https:\/\/api.w.org\/{rel}","templated":true}]}}