{"id":9807,"date":"2022-09-08T09:44:17","date_gmt":"2022-09-08T07:44:17","guid":{"rendered":"https:\/\/webknjizara.hr\/?product=mozda-samo-sanjam-dejan-curlic"},"modified":"2024-02-05T10:43:13","modified_gmt":"2024-02-05T09:43:13","slug":"mozda-samo-sanjam-dejan-curlic","status":"publish","type":"product","link":"https:\/\/webknjizara.hr\/en\/proizvod\/mozda-samo-sanjam-dejan-curlic\/","title":{"rendered":"MO\u017dDA SAMO SANJAM, Dejan \u0106urli\u0107"},"content":{"rendered":"<p><span style=\"font-family: Arial, sans-serif;\"><span lang=\"hr-HR\"><b>Sa\u017eetak:<\/b><\/span><\/span><\/p>\n<p><span style=\"color: #000000;\"> Ljubav. Emocija najvi\u0161e opjevana, slavljena koliko i prezrena, osjetna, a nevidljiva, sveprisutna, a tajnovita, \u017eelja je i san svakog ljudskog bi\u0107a.<\/span><\/p>\n<p><span style=\"color: #000000;\">Voljeti i razumjeti ljubav. Prepoznati sebe i svoj put dok nekog dr\u017ei\u0161 za ruku, a pri\u017eeljkuje\u0161 dotaknuti za srce, ono je \u0161to neupitno po\u010diva u svakom od nas i temelj je na kojem Dejan \u0106urli\u0107 gradi svoje poetske snove.<\/span><\/p>\n<p><span style=\"color: #000000;\">\u017dudnja i strahovi. Predanost i \u017eal. Nedostajanje i nadanje. Sjeta. \u010ce\u017enja. Nemir i strast. Sve je to dio unutarnjeg svijeta i iluzije ljubavi dok ide kroz svoje dane u potrazi za utopijom.<\/span><\/p>\n<p><span style=\"color: #000000;\">Senzualno, mo\u0107no i gotovo opipljivo on ljubi \u017eenu, a zapravo ideju \u017eene, u svojoj nemogu\u0107nosti da sljubi sve te ideale u jednoj osobi. Pa da mu potraju. I budu \u017eivi. Opipljivi. Stvarni. Da ih udahne i osjeti. Pro\u017eivi. Ili o\u017eivi iznova ve\u0107 odsanjano i pro\u0161lo.<\/span><\/p>\n<p><span style=\"color: #000000;\">Imati, a ne imati, gotovo kao prokletstvo, osjeti se u gorkom okusu \u017ealjenja za minulim trenucima, dodirima i vlastitoj ideji sre\u0107e.<\/span><\/p>\n<p><span style=\"color: #000000;\">U \u017eelji da spozna i razumije sam sebe preta\u010de sve do\u017eivljeno i ne do\u017eivljeno u stih. Jer stih mo\u017ee biti savr\u0161ena slika emocije. I \u017eene, kao ultimativnog bi\u0107a, fantazije i \u017eelje. Sna.<\/span><\/p>\n<p><span style=\"color: #000000;\">&#8220;Mo\u017eda samo sanjam&#8221; savr\u0161eni je dojam koji na nas ostavlja ljubav.<\/span><\/p>\n<p><span style=\"font-family: Arial, sans-serif;\"><span lang=\"hr-HR\"><b>Bilje\u0161ka o autoru:<\/b><\/span><\/span><\/p>\n<p><span style=\"color: #000000;\">Dejan \u0106urli\u0107 ro\u0111eni je Zagrep\u010danin, a u svom rodnom gradu \u017eivi i radi cijeli svoj \u017eivotni vijek. Sretno je o\u017eenjen i ponosan otac dvoje djece. Iako je po zanimanju fizioterapeut i profesionalno se bavi ljudskim tijelom, da bi namirio potrebe svoje du\u0161e, pi\u0161e.<\/span><\/p>\n<p><span style=\"color: #000000;\">Pi\u0161e od rane mladosti, povremeno i neredovito, pi\u0161e zato \u0161to voli i zato \u0161to jednostavno mora. Pjesme je po\u010deo pisati dosta kasno, u zrelim godinama, a u njima iskazuje sve ono \u0161to u stvarnom \u017eivotu ne mo\u017ee. One su na neki na\u010din bijeg u drugi i bolji svijet, u njima postaje ono \u0161to doista jest \u2013 i tu\u017ean i sretan, i slab i jak.<\/span><\/p>\n<p><span style=\"color: #000000;\">O objavljivanju svoje zbirke pjesama dugo je razmi\u0161ljao. Bila je to potreba da iza sebe ostavi naslje\u0111e u obliku pisane rije\u010di, a ona je s vremenom ja\u010dala. Pozitivne kritike obitelji i prijatelja te prijatelja s dru\u0161tvenih mre\u017ea ohrabrile su ga da svoju \u017eelju ostvari i zapo\u010dne avanturu zvanu objavljivanje zbirke pjesama, prve, ali svakako ne i posljednje.<\/span><\/p>\n<p><span style=\"font-family: Arial, sans-serif;\"><span lang=\"hr-HR\"><b>Klju\u010dne rije\u010di: <\/b><\/span><\/span><span style=\"color: #000000;\">Ljubavna poezija, pjesme<\/span><\/p>\n<p><span style=\"font-family: Arial, sans-serif;\"><span lang=\"hr-HR\"><b>Link:<\/b><\/span><\/span><span style=\"color: #000000;\">\u00a0dru\u0161tvene mre\u017ee:<\/span><\/p>\n<p>Instagram profil: <span style=\"color: #0000ff;\"><u><a href=\"http:\/\/instagram.com\/vodenjak_48\/\" target=\"_blank\" rel=\"noopener noreferrer\">instagram.com\/vodenjak_48\/<\/a><\/u><\/span><\/p>\n<p>Twitter profil: <span style=\"color: #0000ff;\"><u><a href=\"http:\/\/twitter.com\/vodenjak_48\/\" target=\"_blank\" rel=\"noopener noreferrer\">twitter.com\/vodenjak_48\/<\/a><\/u><\/span><\/p>\n<p lang=\"hr-HR\"><span style=\"font-family: Arial, sans-serif;\"><span lang=\"hr-HR\"><b>E-mail: <a href=\"mailto:curlicdejan@gmail.com\" target=\"_blank\" rel=\"noopener noreferrer\">Dejan \u0106urli\u0107<\/a><\/b><\/span><\/span><\/p>\n<p><strong><span style=\"font-family: Arial, sans-serif;\">Naslov: <\/span><\/strong><strong><span style=\"font-family: Arial, sans-serif;\">Mo\u017eda samo sanjam<\/span><\/strong><span style=\"font-family: Arial, sans-serif;\"><br \/>\n<\/span><strong><span style=\"font-family: Arial, sans-serif;\">Autor:<\/span><\/strong><span style=\"font-family: Arial, sans-serif;\"> Dejan \u0106urli\u0107<br \/>\n<\/span><strong><span style=\"font-family: Arial, sans-serif;\">Broj stranica: <\/span><\/strong><span style=\"font-family: Arial, sans-serif;\"><span lang=\"\">112<\/span><\/span><span style=\"font-family: Arial, sans-serif;\"><br \/>\n<\/span><strong><span style=\"font-family: Arial, sans-serif;\">Nakladnik: <\/span><\/strong><strong><span style=\"font-family: Arial, sans-serif;\">REDAK<\/span><\/strong><span style=\"font-family: Arial, sans-serif;\"><br \/>\n<\/span><strong><span style=\"font-family: Arial, sans-serif;\">Godina izdanja: <\/span><\/strong><strong><span style=\"font-family: Arial, sans-serif;\">0.<br \/>\n<\/span><\/strong><strong><span style=\"font-family: Arial, sans-serif;\">ISBN:<\/span><\/strong><span style=\"font-family: Arial, sans-serif;\"> 978-953-336-869-6<br \/>\n<\/span><strong><span style=\"font-family: Arial, sans-serif;\">Tisak:<\/span><\/strong><span style=\"font-family: Arial, sans-serif;\"> digitalni tisak knjiga &#8211; print na zahtjev<\/span><\/p>\n<p style=\"text-align: justify;\"><strong>Kako naru\u010diti knjigu?\u00a0<\/strong>Proces online kupovine jednako funkcionira za sve kupce, s jedinom razlikom u tome \u0161to \u0161to kupci iz inozemstva za podru\u010dje dostave moraju odabrati &#8220;Europa&#8221; ili &#8220;Ostale zemlje svijeta&#8221;, a za vrstu pla\u0107anja WSPay (kreditna kartica) ili Virmanom (bankovni transfer).<\/p>\n<p style=\"text-align: justify;\">Molimo kliknite ovdje za\u00a0<a href=\"hr\/kako-kupovati\">detaljni vodi\u010d kroz proces narud\u017ebe<\/a>\u00a0ili nas\u00a0<a href=\"hr\/kontakt\">kontaktirajte<\/a>\u00a0za vi\u0161e informacija.<\/p>\n","protected":false},"excerpt":{"rendered":"<p>Sa\u017eetak: Ljubav. Emocija najvi\u0161e opjevana, slavljena koliko i prezrena, osjetna, a nevidljiva, sveprisutna, a tajnovita, \u017eelja je i san svakog ljudskog bi\u0107a. Voljeti i razumjeti ljubav. Prepoznati sebe i svoj put dok nekog dr\u017ei\u0161 za ruku, a pri\u017eeljkuje\u0161 dotaknuti za srce, ono je \u0161to neupitno po\u010diva u svakom od nas i temelj je na kojem [&hellip;]<\/p>\n","protected":false},"featured_media":9808,"comment_status":"open","ping_status":"closed","template":"","meta":{"_acf_changed":false},"product_brand":[],"product_cat":[1383,1385,1388],"product_tag":[],"class_list":{"0":"post-9807","1":"product","2":"type-product","3":"status-publish","4":"has-post-thumbnail","6":"product_cat-knjige","7":"product_cat-knjizevnost","8":"product_cat-poezija","10":"first","11":"instock","12":"shipping-taxable","13":"purchasable","14":"product-type-simple"},"acf":[],"yoast_head":"<!-- This site is optimized with the Yoast SEO plugin v27.3 - https:\/\/yoast.com\/product\/yoast-seo-wordpress\/ -->\n<title>MO\u017dDA SAMO SANJAM, Dejan \u0106urli\u0107 - Web-knji\u017eara<\/title>\n<meta name=\"robots\" content=\"index, follow, max-snippet:-1, max-image-preview:large, max-video-preview:-1\" \/>\n<link rel=\"canonical\" href=\"https:\/\/webknjizara.hr\/proizvod\/mozda-samo-sanjam-dejan-curlic\/\" \/>\n<meta property=\"og:locale\" content=\"en_US\" \/>\n<meta property=\"og:type\" content=\"article\" \/>\n<meta property=\"og:title\" content=\"MO\u017dDA SAMO SANJAM, Dejan \u0106urli\u0107 - Web-knji\u017eara\" \/>\n<meta property=\"og:description\" content=\"Sa\u017eetak: Ljubav. Emocija najvi\u0161e opjevana, slavljena koliko i prezrena, osjetna, a nevidljiva, sveprisutna, a tajnovita, \u017eelja je i san svakog ljudskog bi\u0107a. Voljeti i razumjeti ljubav. Prepoznati sebe i svoj put dok nekog dr\u017ei\u0161 za ruku, a pri\u017eeljkuje\u0161 dotaknuti za srce, ono je \u0161to neupitno po\u010diva u svakom od nas i temelj je na kojem [&hellip;]\" \/>\n<meta property=\"og:url\" content=\"https:\/\/webknjizara.hr\/proizvod\/mozda-samo-sanjam-dejan-curlic\/\" \/>\n<meta property=\"og:site_name\" content=\"Web-knji\u017eara\" \/>\n<meta property=\"article:modified_time\" content=\"2024-02-05T09:43:13+00:00\" \/>\n<meta property=\"og:image\" content=\"https:\/\/webknjizara.hr\/wp-content\/uploads\/nc\/images\/virtuemart\/product\/Dejan_Curlic_Mozda_samo_sanjam_webknjizara_redak_WEB_1335.jpg\" \/>\n\t<meta property=\"og:image:width\" content=\"300\" \/>\n\t<meta property=\"og:image:height\" content=\"419\" \/>\n\t<meta property=\"og:image:type\" content=\"image\/jpeg\" \/>\n<meta name=\"twitter:card\" content=\"summary_large_image\" \/>\n<meta name=\"twitter:label1\" content=\"Est. reading time\" \/>\n\t<meta name=\"twitter:data1\" content=\"3 minutes\" \/>\n<script type=\"application\/ld+json\" class=\"yoast-schema-graph\">{\"@context\":\"https:\\\/\\\/schema.org\",\"@graph\":[{\"@type\":\"WebPage\",\"@id\":\"https:\\\/\\\/webknjizara.hr\\\/proizvod\\\/mozda-samo-sanjam-dejan-curlic\\\/\",\"url\":\"https:\\\/\\\/webknjizara.hr\\\/proizvod\\\/mozda-samo-sanjam-dejan-curlic\\\/\",\"name\":\"MO\u017dDA SAMO SANJAM, Dejan \u0106urli\u0107 - Web-knji\u017eara\",\"isPartOf\":{\"@id\":\"https:\\\/\\\/webknjizara.hr\\\/#website\"},\"primaryImageOfPage\":{\"@id\":\"https:\\\/\\\/webknjizara.hr\\\/proizvod\\\/mozda-samo-sanjam-dejan-curlic\\\/#primaryimage\"},\"image\":{\"@id\":\"https:\\\/\\\/webknjizara.hr\\\/proizvod\\\/mozda-samo-sanjam-dejan-curlic\\\/#primaryimage\"},\"thumbnailUrl\":\"https:\\\/\\\/webknjizara.hr\\\/wp-content\\\/uploads\\\/nc\\\/images\\\/virtuemart\\\/product\\\/Dejan_Curlic_Mozda_samo_sanjam_webknjizara_redak_WEB_1335.jpg\",\"datePublished\":\"2022-09-08T07:44:17+00:00\",\"dateModified\":\"2024-02-05T09:43:13+00:00\",\"breadcrumb\":{\"@id\":\"https:\\\/\\\/webknjizara.hr\\\/proizvod\\\/mozda-samo-sanjam-dejan-curlic\\\/#breadcrumb\"},\"inLanguage\":\"en-US\",\"potentialAction\":[{\"@type\":\"ReadAction\",\"target\":[\"https:\\\/\\\/webknjizara.hr\\\/proizvod\\\/mozda-samo-sanjam-dejan-curlic\\\/\"]}]},{\"@type\":\"ImageObject\",\"inLanguage\":\"en-US\",\"@id\":\"https:\\\/\\\/webknjizara.hr\\\/proizvod\\\/mozda-samo-sanjam-dejan-curlic\\\/#primaryimage\",\"url\":\"https:\\\/\\\/webknjizara.hr\\\/wp-content\\\/uploads\\\/nc\\\/images\\\/virtuemart\\\/product\\\/Dejan_Curlic_Mozda_samo_sanjam_webknjizara_redak_WEB_1335.jpg\",\"contentUrl\":\"https:\\\/\\\/webknjizara.hr\\\/wp-content\\\/uploads\\\/nc\\\/images\\\/virtuemart\\\/product\\\/Dejan_Curlic_Mozda_samo_sanjam_webknjizara_redak_WEB_1335.jpg\",\"width\":300,\"height\":419,\"caption\":\"MO\u017dDA SAMO SANJAM, Dejan \u0106urli\u0107\"},{\"@type\":\"BreadcrumbList\",\"@id\":\"https:\\\/\\\/webknjizara.hr\\\/proizvod\\\/mozda-samo-sanjam-dejan-curlic\\\/#breadcrumb\",\"itemListElement\":[{\"@type\":\"ListItem\",\"position\":1,\"name\":\"Po\u010detna stranica\",\"item\":\"https:\\\/\\\/webknjizara.hr\\\/en\\\/\"},{\"@type\":\"ListItem\",\"position\":2,\"name\":\"Shop\",\"item\":\"https:\\\/\\\/webknjizara.hr\\\/shop\\\/\"},{\"@type\":\"ListItem\",\"position\":3,\"name\":\"MO\u017dDA SAMO SANJAM, Dejan \u0106urli\u0107\"}]},{\"@type\":\"WebSite\",\"@id\":\"https:\\\/\\\/webknjizara.hr\\\/#website\",\"url\":\"https:\\\/\\\/webknjizara.hr\\\/\",\"name\":\"Web Knji\u017eara\",\"description\":\"\",\"publisher\":{\"@id\":\"https:\\\/\\\/webknjizara.hr\\\/#organization\"},\"potentialAction\":[{\"@type\":\"SearchAction\",\"target\":{\"@type\":\"EntryPoint\",\"urlTemplate\":\"https:\\\/\\\/webknjizara.hr\\\/?s={search_term_string}\"},\"query-input\":{\"@type\":\"PropertyValueSpecification\",\"valueRequired\":true,\"valueName\":\"search_term_string\"}}],\"inLanguage\":\"en-US\"},{\"@type\":\"Organization\",\"@id\":\"https:\\\/\\\/webknjizara.hr\\\/#organization\",\"name\":\"REDAK D.O.O.\",\"url\":\"https:\\\/\\\/webknjizara.hr\\\/\",\"logo\":{\"@type\":\"ImageObject\",\"inLanguage\":\"en-US\",\"@id\":\"https:\\\/\\\/webknjizara.hr\\\/#\\\/schema\\\/logo\\\/image\\\/\",\"url\":\"https:\\\/\\\/webknjizara.hr\\\/wp-content\\\/uploads\\\/2023\\\/01\\\/web-knjizara-logo.webp\",\"contentUrl\":\"https:\\\/\\\/webknjizara.hr\\\/wp-content\\\/uploads\\\/2023\\\/01\\\/web-knjizara-logo.webp\",\"width\":324,\"height\":79,\"caption\":\"REDAK D.O.O.\"},\"image\":{\"@id\":\"https:\\\/\\\/webknjizara.hr\\\/#\\\/schema\\\/logo\\\/image\\\/\"}}]}<\/script>\n<!-- \/ Yoast SEO plugin. -->","yoast_head_json":{"title":"MO\u017dDA SAMO SANJAM, Dejan \u0106urli\u0107 - Web-knji\u017eara","robots":{"index":"index","follow":"follow","max-snippet":"max-snippet:-1","max-image-preview":"max-image-preview:large","max-video-preview":"max-video-preview:-1"},"canonical":"https:\/\/webknjizara.hr\/proizvod\/mozda-samo-sanjam-dejan-curlic\/","og_locale":"en_US","og_type":"article","og_title":"MO\u017dDA SAMO SANJAM, Dejan \u0106urli\u0107 - Web-knji\u017eara","og_description":"Sa\u017eetak: Ljubav. Emocija najvi\u0161e opjevana, slavljena koliko i prezrena, osjetna, a nevidljiva, sveprisutna, a tajnovita, \u017eelja je i san svakog ljudskog bi\u0107a. Voljeti i razumjeti ljubav. Prepoznati sebe i svoj put dok nekog dr\u017ei\u0161 za ruku, a pri\u017eeljkuje\u0161 dotaknuti za srce, ono je \u0161to neupitno po\u010diva u svakom od nas i temelj je na kojem [&hellip;]","og_url":"https:\/\/webknjizara.hr\/proizvod\/mozda-samo-sanjam-dejan-curlic\/","og_site_name":"Web-knji\u017eara","article_modified_time":"2024-02-05T09:43:13+00:00","og_image":[{"width":300,"height":419,"url":"https:\/\/webknjizara.hr\/wp-content\/uploads\/nc\/images\/virtuemart\/product\/Dejan_Curlic_Mozda_samo_sanjam_webknjizara_redak_WEB_1335.jpg","type":"image\/jpeg"}],"twitter_card":"summary_large_image","twitter_misc":{"Est. reading time":"3 minutes"},"schema":{"@context":"https:\/\/schema.org","@graph":[{"@type":"WebPage","@id":"https:\/\/webknjizara.hr\/proizvod\/mozda-samo-sanjam-dejan-curlic\/","url":"https:\/\/webknjizara.hr\/proizvod\/mozda-samo-sanjam-dejan-curlic\/","name":"MO\u017dDA SAMO SANJAM, Dejan \u0106urli\u0107 - Web-knji\u017eara","isPartOf":{"@id":"https:\/\/webknjizara.hr\/#website"},"primaryImageOfPage":{"@id":"https:\/\/webknjizara.hr\/proizvod\/mozda-samo-sanjam-dejan-curlic\/#primaryimage"},"image":{"@id":"https:\/\/webknjizara.hr\/proizvod\/mozda-samo-sanjam-dejan-curlic\/#primaryimage"},"thumbnailUrl":"https:\/\/webknjizara.hr\/wp-content\/uploads\/nc\/images\/virtuemart\/product\/Dejan_Curlic_Mozda_samo_sanjam_webknjizara_redak_WEB_1335.jpg","datePublished":"2022-09-08T07:44:17+00:00","dateModified":"2024-02-05T09:43:13+00:00","breadcrumb":{"@id":"https:\/\/webknjizara.hr\/proizvod\/mozda-samo-sanjam-dejan-curlic\/#breadcrumb"},"inLanguage":"en-US","potentialAction":[{"@type":"ReadAction","target":["https:\/\/webknjizara.hr\/proizvod\/mozda-samo-sanjam-dejan-curlic\/"]}]},{"@type":"ImageObject","inLanguage":"en-US","@id":"https:\/\/webknjizara.hr\/proizvod\/mozda-samo-sanjam-dejan-curlic\/#primaryimage","url":"https:\/\/webknjizara.hr\/wp-content\/uploads\/nc\/images\/virtuemart\/product\/Dejan_Curlic_Mozda_samo_sanjam_webknjizara_redak_WEB_1335.jpg","contentUrl":"https:\/\/webknjizara.hr\/wp-content\/uploads\/nc\/images\/virtuemart\/product\/Dejan_Curlic_Mozda_samo_sanjam_webknjizara_redak_WEB_1335.jpg","width":300,"height":419,"caption":"MO\u017dDA SAMO SANJAM, Dejan \u0106urli\u0107"},{"@type":"BreadcrumbList","@id":"https:\/\/webknjizara.hr\/proizvod\/mozda-samo-sanjam-dejan-curlic\/#breadcrumb","itemListElement":[{"@type":"ListItem","position":1,"name":"Po\u010detna stranica","item":"https:\/\/webknjizara.hr\/en\/"},{"@type":"ListItem","position":2,"name":"Shop","item":"https:\/\/webknjizara.hr\/shop\/"},{"@type":"ListItem","position":3,"name":"MO\u017dDA SAMO SANJAM, Dejan \u0106urli\u0107"}]},{"@type":"WebSite","@id":"https:\/\/webknjizara.hr\/#website","url":"https:\/\/webknjizara.hr\/","name":"Web Knji\u017eara","description":"","publisher":{"@id":"https:\/\/webknjizara.hr\/#organization"},"potentialAction":[{"@type":"SearchAction","target":{"@type":"EntryPoint","urlTemplate":"https:\/\/webknjizara.hr\/?s={search_term_string}"},"query-input":{"@type":"PropertyValueSpecification","valueRequired":true,"valueName":"search_term_string"}}],"inLanguage":"en-US"},{"@type":"Organization","@id":"https:\/\/webknjizara.hr\/#organization","name":"REDAK D.O.O.","url":"https:\/\/webknjizara.hr\/","logo":{"@type":"ImageObject","inLanguage":"en-US","@id":"https:\/\/webknjizara.hr\/#\/schema\/logo\/image\/","url":"https:\/\/webknjizara.hr\/wp-content\/uploads\/2023\/01\/web-knjizara-logo.webp","contentUrl":"https:\/\/webknjizara.hr\/wp-content\/uploads\/2023\/01\/web-knjizara-logo.webp","width":324,"height":79,"caption":"REDAK D.O.O."},"image":{"@id":"https:\/\/webknjizara.hr\/#\/schema\/logo\/image\/"}}]}},"_links":{"self":[{"href":"https:\/\/webknjizara.hr\/en\/wp-json\/wp\/v2\/product\/9807","targetHints":{"allow":["GET"]}}],"collection":[{"href":"https:\/\/webknjizara.hr\/en\/wp-json\/wp\/v2\/product"}],"about":[{"href":"https:\/\/webknjizara.hr\/en\/wp-json\/wp\/v2\/types\/product"}],"replies":[{"embeddable":true,"href":"https:\/\/webknjizara.hr\/en\/wp-json\/wp\/v2\/comments?post=9807"}],"wp:featuredmedia":[{"embeddable":true,"href":"https:\/\/webknjizara.hr\/en\/wp-json\/wp\/v2\/media\/9808"}],"wp:attachment":[{"href":"https:\/\/webknjizara.hr\/en\/wp-json\/wp\/v2\/media?parent=9807"}],"wp:term":[{"taxonomy":"product_brand","embeddable":true,"href":"https:\/\/webknjizara.hr\/en\/wp-json\/wp\/v2\/product_brand?post=9807"},{"taxonomy":"product_cat","embeddable":true,"href":"https:\/\/webknjizara.hr\/en\/wp-json\/wp\/v2\/product_cat?post=9807"},{"taxonomy":"product_tag","embeddable":true,"href":"https:\/\/webknjizara.hr\/en\/wp-json\/wp\/v2\/product_tag?post=9807"}],"curies":[{"name":"wp","href":"https:\/\/api.w.org\/{rel}","templated":true}]}}