{"id":9787,"date":"2022-08-09T13:45:04","date_gmt":"2022-08-09T13:45:04","guid":{"rendered":"https:\/\/webknjizara.hr\/?product=zivot-pomalo-i-na-brzinu-josipa-jurjevic"},"modified":"2023-02-25T00:13:14","modified_gmt":"2023-02-24T23:13:14","slug":"zivot-pomalo-i-na-brzinu-josipa-jurjevic","status":"publish","type":"product","link":"https:\/\/webknjizara.hr\/en\/proizvod\/zivot-pomalo-i-na-brzinu-josipa-jurjevic\/","title":{"rendered":"\u017dIVOT POMALO I NA BRZINU, Josipa Jurjevi\u0107"},"content":{"rendered":"<p><span style=\"font-family: Arial, sans-serif;\"><span lang=\"hr-HR\"><b>Sa\u017eetak:<\/b><\/span><\/span><\/p>\n<p><span style=\"color: #000000;\"><i>\u017divot pomalo i na brzinu<\/i><\/span><span style=\"color: #000000;\"> zbirka je autobiografskih crtica iz \u017eivota autorice. Knjiga za pla\u017eu i odmoriti glavu od moranja i briga. Knjiga koja \u0107e izvu\u0107i usne u osmijeh, ali mo\u017eda i smo\u010diti obraz. Na jednostavan na\u010din i bez uljep\u0161avanja, prikazana je svakodnevica i sve ono malo i veliko od \u010dega je satkan \u017eivot. Jer \u0161to je \u017eivot nego \u0161aka suza, vri\u0107a smija i \u010dinjenica da za sve \u0161to valja moramo imati force.<\/span><\/p>\n<p>\u00a0<\/p>\n<p><span style=\"font-family: Arial, sans-serif;\"><span lang=\"hr-HR\"><b>Bilje\u0161ka o autoru\/autorici: <\/b><\/span><\/span><\/p>\n<p><span style=\"color: #000000;\">Josipa Jurjevi\u0107 ro\u0111ena je 6. velja\u010de 1991. godine u Zadru.<br \/>Na zagreba\u010dkoj je adresi jo\u0161 od studentskih dana koji su zapo\u010deli i zavr\u0161ili najljep\u0161im uspomenama u studentskom domu \u201eStjepan Radi\u0107\u201c. Po zanimanju je magistra logopedije koja u\u017eiva u svom poslu, sitnim svakodnevnim uspjesima i prevladavanju straha od logopeda kod najmla\u0111ih. Oduvijek je bila na ti s rije\u010dima i pisanjem. Zaljubljena u more, sunce, sol u kosi i svoje najdra\u017ee ljude koji su najve\u0107im dijelom i odgovorni \u0161to je ova knjiga ugledala svjetlo dana.<\/span><\/p>\n<p><span style=\"font-family: Arial, sans-serif;\"><span lang=\"hr-HR\"><b>Klju\u010dne rije\u010di: <\/b><\/span><\/span><span style=\"color: #000000;\">\u017eivot, humor, autobiografske kratke pri\u010de, ljeto, more, pla\u017ea, emocije, obitelj, prijatelji, svakodnevica<\/span><\/p>\n<p><span style=\"font-family: Arial, sans-serif;\"><span lang=\"hr-HR\"><b>E-mail: <a href=\"mailto:josipa.joo@gmail.com\" target=\"_blank\" rel=\"noopener noreferrer\">Josipa Jurjevi\u0107<\/a><\/b><\/span><\/span><span style=\"color: #000000;\"><br \/><\/span><\/p>\n<p lang=\"hr-HR\">\u00a0<\/p>\n<p><strong><span style=\"font-family: Arial, sans-serif;\">Naslov: <\/span><\/strong><strong><span style=\"font-family: Arial, sans-serif;\">\u017divot pomalo i na brzinu<\/span><\/strong><span style=\"font-family: Arial, sans-serif;\"><br \/><\/span><strong><span style=\"font-family: Arial, sans-serif;\">Autor\/autorica:<\/span><\/strong><span style=\"font-family: Arial, sans-serif;\"> Josipa Jurjevi\u0107<br \/><\/span><strong><span style=\"font-family: Arial, sans-serif;\">Broj stranica: <\/span><\/strong><span style=\"font-family: Arial, sans-serif;\"><span lang=\"\">92<\/span><\/span><span style=\"font-family: Arial, sans-serif;\"><br \/><\/span><strong><span style=\"font-family: Arial, sans-serif;\">Nakladnik: <\/span><\/strong><strong><span style=\"font-family: Arial, sans-serif;\">REDAK<\/span><\/strong><span style=\"font-family: Arial, sans-serif;\"><br \/><\/span><strong><span style=\"font-family: Arial, sans-serif;\">Godina izdanja: <\/span><\/strong><strong><span style=\"font-family: Arial, sans-serif;\">2022.<br \/><\/span><\/strong><strong><span style=\"font-family: Arial, sans-serif;\">ISBN:<\/span><\/strong><span style=\"font-family: Arial, sans-serif;\"> 978-953-336-864-1<br \/><\/span><strong><span style=\"font-family: Arial, sans-serif;\">Tisak:<\/span><\/strong><span style=\"font-family: Arial, sans-serif;\"> digitalni tisak knjiga &#8211; print na zahtjev<\/span><\/p>\n<p style=\"text-align: justify;\">\u00a0<\/p>\n<p style=\"text-align: justify;\"><strong>Kako naru\u010diti knjigu?\u00a0<\/strong>Proces online kupovine jednako funkcionira za sve kupce, s jedinom razlikom u tome \u0161to \u0161to kupci iz inozemstva za podru\u010dje dostave moraju odabrati &#8220;Europa&#8221; ili &#8220;Ostale zemlje svijeta&#8221;, a za vrstu pla\u0107anja WSPay (kreditna kartica) ili Virmanom (bankovni transfer).<\/p>\n<p style=\"text-align: justify;\">Molimo kliknite ovdje za\u00a0<a href=\"hr\/kako-kupovati\">detaljni vodi\u010d kroz proces narud\u017ebe<\/a>\u00a0ili nas\u00a0<a href=\"hr\/kontakt\">kontaktirajte<\/a>\u00a0za vi\u0161e informacija.<\/p>\n","protected":false},"excerpt":{"rendered":"<p>Sa\u017eetak: \u017divot pomalo i na brzinu zbirka je autobiografskih crtica iz \u017eivota autorice. Knjiga za pla\u017eu i odmoriti glavu od moranja i briga. Knjiga koja \u0107e izvu\u0107i usne u osmijeh, ali mo\u017eda i smo\u010diti obraz. Na jednostavan na\u010din i bez uljep\u0161avanja, prikazana je svakodnevica i sve ono malo i veliko od \u010dega je satkan \u017eivot. [&hellip;]<\/p>\n","protected":false},"featured_media":9788,"comment_status":"open","ping_status":"closed","template":"","meta":{"_acf_changed":false},"product_brand":[],"product_cat":[1383,1385],"product_tag":[],"class_list":{"0":"post-9787","1":"product","2":"type-product","3":"status-publish","4":"has-post-thumbnail","6":"product_cat-knjige","7":"product_cat-knjizevnost","9":"first","10":"instock","11":"shipping-taxable","12":"purchasable","13":"product-type-simple"},"acf":[],"yoast_head":"<!-- This site is optimized with the Yoast SEO plugin v27.3 - https:\/\/yoast.com\/product\/yoast-seo-wordpress\/ -->\n<title>\u017dIVOT POMALO I NA BRZINU, Josipa Jurjevi\u0107 - Web-knji\u017eara<\/title>\n<meta name=\"robots\" content=\"index, follow, max-snippet:-1, max-image-preview:large, max-video-preview:-1\" \/>\n<link rel=\"canonical\" href=\"https:\/\/webknjizara.hr\/proizvod\/zivot-pomalo-i-na-brzinu-josipa-jurjevic\/\" \/>\n<meta property=\"og:locale\" content=\"en_US\" \/>\n<meta property=\"og:type\" content=\"article\" \/>\n<meta property=\"og:title\" content=\"\u017dIVOT POMALO I NA BRZINU, Josipa Jurjevi\u0107 - Web-knji\u017eara\" \/>\n<meta property=\"og:description\" content=\"Sa\u017eetak: \u017divot pomalo i na brzinu zbirka je autobiografskih crtica iz \u017eivota autorice. Knjiga za pla\u017eu i odmoriti glavu od moranja i briga. Knjiga koja \u0107e izvu\u0107i usne u osmijeh, ali mo\u017eda i smo\u010diti obraz. Na jednostavan na\u010din i bez uljep\u0161avanja, prikazana je svakodnevica i sve ono malo i veliko od \u010dega je satkan \u017eivot. [&hellip;]\" \/>\n<meta property=\"og:url\" content=\"https:\/\/webknjizara.hr\/proizvod\/zivot-pomalo-i-na-brzinu-josipa-jurjevic\/\" \/>\n<meta property=\"og:site_name\" content=\"Web-knji\u017eara\" \/>\n<meta property=\"article:modified_time\" content=\"2023-02-24T23:13:14+00:00\" \/>\n<meta property=\"og:image\" content=\"https:\/\/webknjizara.hr\/wp-content\/uploads\/nc\/images\/virtuemart\/product\/Josipa-Jurjevic-Zivot-pomalo-i-na-brzinu_WEB.jpg\" \/>\n\t<meta property=\"og:image:width\" content=\"300\" \/>\n\t<meta property=\"og:image:height\" content=\"419\" \/>\n\t<meta property=\"og:image:type\" content=\"image\/jpeg\" \/>\n<meta name=\"twitter:card\" content=\"summary_large_image\" \/>\n<meta name=\"twitter:label1\" content=\"Est. reading time\" \/>\n\t<meta name=\"twitter:data1\" content=\"1 minute\" \/>\n<script type=\"application\/ld+json\" class=\"yoast-schema-graph\">{\"@context\":\"https:\\\/\\\/schema.org\",\"@graph\":[{\"@type\":\"WebPage\",\"@id\":\"https:\\\/\\\/webknjizara.hr\\\/proizvod\\\/zivot-pomalo-i-na-brzinu-josipa-jurjevic\\\/\",\"url\":\"https:\\\/\\\/webknjizara.hr\\\/proizvod\\\/zivot-pomalo-i-na-brzinu-josipa-jurjevic\\\/\",\"name\":\"\u017dIVOT POMALO I NA BRZINU, Josipa Jurjevi\u0107 - Web-knji\u017eara\",\"isPartOf\":{\"@id\":\"https:\\\/\\\/webknjizara.hr\\\/#website\"},\"primaryImageOfPage\":{\"@id\":\"https:\\\/\\\/webknjizara.hr\\\/proizvod\\\/zivot-pomalo-i-na-brzinu-josipa-jurjevic\\\/#primaryimage\"},\"image\":{\"@id\":\"https:\\\/\\\/webknjizara.hr\\\/proizvod\\\/zivot-pomalo-i-na-brzinu-josipa-jurjevic\\\/#primaryimage\"},\"thumbnailUrl\":\"https:\\\/\\\/webknjizara.hr\\\/wp-content\\\/uploads\\\/nc\\\/images\\\/virtuemart\\\/product\\\/Josipa-Jurjevic-Zivot-pomalo-i-na-brzinu_WEB.jpg\",\"datePublished\":\"2022-08-09T13:45:04+00:00\",\"dateModified\":\"2023-02-24T23:13:14+00:00\",\"breadcrumb\":{\"@id\":\"https:\\\/\\\/webknjizara.hr\\\/proizvod\\\/zivot-pomalo-i-na-brzinu-josipa-jurjevic\\\/#breadcrumb\"},\"inLanguage\":\"en-US\",\"potentialAction\":[{\"@type\":\"ReadAction\",\"target\":[\"https:\\\/\\\/webknjizara.hr\\\/proizvod\\\/zivot-pomalo-i-na-brzinu-josipa-jurjevic\\\/\"]}]},{\"@type\":\"ImageObject\",\"inLanguage\":\"en-US\",\"@id\":\"https:\\\/\\\/webknjizara.hr\\\/proizvod\\\/zivot-pomalo-i-na-brzinu-josipa-jurjevic\\\/#primaryimage\",\"url\":\"https:\\\/\\\/webknjizara.hr\\\/wp-content\\\/uploads\\\/nc\\\/images\\\/virtuemart\\\/product\\\/Josipa-Jurjevic-Zivot-pomalo-i-na-brzinu_WEB.jpg\",\"contentUrl\":\"https:\\\/\\\/webknjizara.hr\\\/wp-content\\\/uploads\\\/nc\\\/images\\\/virtuemart\\\/product\\\/Josipa-Jurjevic-Zivot-pomalo-i-na-brzinu_WEB.jpg\",\"width\":300,\"height\":419,\"caption\":\"\u017dIVOT POMALO I NA BRZINU, Josipa Jurjevi\u0107\"},{\"@type\":\"BreadcrumbList\",\"@id\":\"https:\\\/\\\/webknjizara.hr\\\/proizvod\\\/zivot-pomalo-i-na-brzinu-josipa-jurjevic\\\/#breadcrumb\",\"itemListElement\":[{\"@type\":\"ListItem\",\"position\":1,\"name\":\"Po\u010detna stranica\",\"item\":\"https:\\\/\\\/webknjizara.hr\\\/en\\\/\"},{\"@type\":\"ListItem\",\"position\":2,\"name\":\"Shop\",\"item\":\"https:\\\/\\\/webknjizara.hr\\\/shop\\\/\"},{\"@type\":\"ListItem\",\"position\":3,\"name\":\"\u017dIVOT POMALO I NA BRZINU, Josipa Jurjevi\u0107\"}]},{\"@type\":\"WebSite\",\"@id\":\"https:\\\/\\\/webknjizara.hr\\\/#website\",\"url\":\"https:\\\/\\\/webknjizara.hr\\\/\",\"name\":\"Web Knji\u017eara\",\"description\":\"\",\"publisher\":{\"@id\":\"https:\\\/\\\/webknjizara.hr\\\/#organization\"},\"potentialAction\":[{\"@type\":\"SearchAction\",\"target\":{\"@type\":\"EntryPoint\",\"urlTemplate\":\"https:\\\/\\\/webknjizara.hr\\\/?s={search_term_string}\"},\"query-input\":{\"@type\":\"PropertyValueSpecification\",\"valueRequired\":true,\"valueName\":\"search_term_string\"}}],\"inLanguage\":\"en-US\"},{\"@type\":\"Organization\",\"@id\":\"https:\\\/\\\/webknjizara.hr\\\/#organization\",\"name\":\"REDAK D.O.O.\",\"url\":\"https:\\\/\\\/webknjizara.hr\\\/\",\"logo\":{\"@type\":\"ImageObject\",\"inLanguage\":\"en-US\",\"@id\":\"https:\\\/\\\/webknjizara.hr\\\/#\\\/schema\\\/logo\\\/image\\\/\",\"url\":\"https:\\\/\\\/webknjizara.hr\\\/wp-content\\\/uploads\\\/2023\\\/01\\\/web-knjizara-logo.webp\",\"contentUrl\":\"https:\\\/\\\/webknjizara.hr\\\/wp-content\\\/uploads\\\/2023\\\/01\\\/web-knjizara-logo.webp\",\"width\":324,\"height\":79,\"caption\":\"REDAK D.O.O.\"},\"image\":{\"@id\":\"https:\\\/\\\/webknjizara.hr\\\/#\\\/schema\\\/logo\\\/image\\\/\"}}]}<\/script>\n<!-- \/ Yoast SEO plugin. -->","yoast_head_json":{"title":"\u017dIVOT POMALO I NA BRZINU, Josipa Jurjevi\u0107 - Web-knji\u017eara","robots":{"index":"index","follow":"follow","max-snippet":"max-snippet:-1","max-image-preview":"max-image-preview:large","max-video-preview":"max-video-preview:-1"},"canonical":"https:\/\/webknjizara.hr\/proizvod\/zivot-pomalo-i-na-brzinu-josipa-jurjevic\/","og_locale":"en_US","og_type":"article","og_title":"\u017dIVOT POMALO I NA BRZINU, Josipa Jurjevi\u0107 - Web-knji\u017eara","og_description":"Sa\u017eetak: \u017divot pomalo i na brzinu zbirka je autobiografskih crtica iz \u017eivota autorice. Knjiga za pla\u017eu i odmoriti glavu od moranja i briga. Knjiga koja \u0107e izvu\u0107i usne u osmijeh, ali mo\u017eda i smo\u010diti obraz. Na jednostavan na\u010din i bez uljep\u0161avanja, prikazana je svakodnevica i sve ono malo i veliko od \u010dega je satkan \u017eivot. [&hellip;]","og_url":"https:\/\/webknjizara.hr\/proizvod\/zivot-pomalo-i-na-brzinu-josipa-jurjevic\/","og_site_name":"Web-knji\u017eara","article_modified_time":"2023-02-24T23:13:14+00:00","og_image":[{"width":300,"height":419,"url":"https:\/\/webknjizara.hr\/wp-content\/uploads\/nc\/images\/virtuemart\/product\/Josipa-Jurjevic-Zivot-pomalo-i-na-brzinu_WEB.jpg","type":"image\/jpeg"}],"twitter_card":"summary_large_image","twitter_misc":{"Est. reading time":"1 minute"},"schema":{"@context":"https:\/\/schema.org","@graph":[{"@type":"WebPage","@id":"https:\/\/webknjizara.hr\/proizvod\/zivot-pomalo-i-na-brzinu-josipa-jurjevic\/","url":"https:\/\/webknjizara.hr\/proizvod\/zivot-pomalo-i-na-brzinu-josipa-jurjevic\/","name":"\u017dIVOT POMALO I NA BRZINU, Josipa Jurjevi\u0107 - Web-knji\u017eara","isPartOf":{"@id":"https:\/\/webknjizara.hr\/#website"},"primaryImageOfPage":{"@id":"https:\/\/webknjizara.hr\/proizvod\/zivot-pomalo-i-na-brzinu-josipa-jurjevic\/#primaryimage"},"image":{"@id":"https:\/\/webknjizara.hr\/proizvod\/zivot-pomalo-i-na-brzinu-josipa-jurjevic\/#primaryimage"},"thumbnailUrl":"https:\/\/webknjizara.hr\/wp-content\/uploads\/nc\/images\/virtuemart\/product\/Josipa-Jurjevic-Zivot-pomalo-i-na-brzinu_WEB.jpg","datePublished":"2022-08-09T13:45:04+00:00","dateModified":"2023-02-24T23:13:14+00:00","breadcrumb":{"@id":"https:\/\/webknjizara.hr\/proizvod\/zivot-pomalo-i-na-brzinu-josipa-jurjevic\/#breadcrumb"},"inLanguage":"en-US","potentialAction":[{"@type":"ReadAction","target":["https:\/\/webknjizara.hr\/proizvod\/zivot-pomalo-i-na-brzinu-josipa-jurjevic\/"]}]},{"@type":"ImageObject","inLanguage":"en-US","@id":"https:\/\/webknjizara.hr\/proizvod\/zivot-pomalo-i-na-brzinu-josipa-jurjevic\/#primaryimage","url":"https:\/\/webknjizara.hr\/wp-content\/uploads\/nc\/images\/virtuemart\/product\/Josipa-Jurjevic-Zivot-pomalo-i-na-brzinu_WEB.jpg","contentUrl":"https:\/\/webknjizara.hr\/wp-content\/uploads\/nc\/images\/virtuemart\/product\/Josipa-Jurjevic-Zivot-pomalo-i-na-brzinu_WEB.jpg","width":300,"height":419,"caption":"\u017dIVOT POMALO I NA BRZINU, Josipa Jurjevi\u0107"},{"@type":"BreadcrumbList","@id":"https:\/\/webknjizara.hr\/proizvod\/zivot-pomalo-i-na-brzinu-josipa-jurjevic\/#breadcrumb","itemListElement":[{"@type":"ListItem","position":1,"name":"Po\u010detna stranica","item":"https:\/\/webknjizara.hr\/en\/"},{"@type":"ListItem","position":2,"name":"Shop","item":"https:\/\/webknjizara.hr\/shop\/"},{"@type":"ListItem","position":3,"name":"\u017dIVOT POMALO I NA BRZINU, Josipa Jurjevi\u0107"}]},{"@type":"WebSite","@id":"https:\/\/webknjizara.hr\/#website","url":"https:\/\/webknjizara.hr\/","name":"Web Knji\u017eara","description":"","publisher":{"@id":"https:\/\/webknjizara.hr\/#organization"},"potentialAction":[{"@type":"SearchAction","target":{"@type":"EntryPoint","urlTemplate":"https:\/\/webknjizara.hr\/?s={search_term_string}"},"query-input":{"@type":"PropertyValueSpecification","valueRequired":true,"valueName":"search_term_string"}}],"inLanguage":"en-US"},{"@type":"Organization","@id":"https:\/\/webknjizara.hr\/#organization","name":"REDAK D.O.O.","url":"https:\/\/webknjizara.hr\/","logo":{"@type":"ImageObject","inLanguage":"en-US","@id":"https:\/\/webknjizara.hr\/#\/schema\/logo\/image\/","url":"https:\/\/webknjizara.hr\/wp-content\/uploads\/2023\/01\/web-knjizara-logo.webp","contentUrl":"https:\/\/webknjizara.hr\/wp-content\/uploads\/2023\/01\/web-knjizara-logo.webp","width":324,"height":79,"caption":"REDAK D.O.O."},"image":{"@id":"https:\/\/webknjizara.hr\/#\/schema\/logo\/image\/"}}]}},"_links":{"self":[{"href":"https:\/\/webknjizara.hr\/en\/wp-json\/wp\/v2\/product\/9787","targetHints":{"allow":["GET"]}}],"collection":[{"href":"https:\/\/webknjizara.hr\/en\/wp-json\/wp\/v2\/product"}],"about":[{"href":"https:\/\/webknjizara.hr\/en\/wp-json\/wp\/v2\/types\/product"}],"replies":[{"embeddable":true,"href":"https:\/\/webknjizara.hr\/en\/wp-json\/wp\/v2\/comments?post=9787"}],"wp:featuredmedia":[{"embeddable":true,"href":"https:\/\/webknjizara.hr\/en\/wp-json\/wp\/v2\/media\/9788"}],"wp:attachment":[{"href":"https:\/\/webknjizara.hr\/en\/wp-json\/wp\/v2\/media?parent=9787"}],"wp:term":[{"taxonomy":"product_brand","embeddable":true,"href":"https:\/\/webknjizara.hr\/en\/wp-json\/wp\/v2\/product_brand?post=9787"},{"taxonomy":"product_cat","embeddable":true,"href":"https:\/\/webknjizara.hr\/en\/wp-json\/wp\/v2\/product_cat?post=9787"},{"taxonomy":"product_tag","embeddable":true,"href":"https:\/\/webknjizara.hr\/en\/wp-json\/wp\/v2\/product_tag?post=9787"}],"curies":[{"name":"wp","href":"https:\/\/api.w.org\/{rel}","templated":true}]}}