{"id":9777,"date":"2022-07-14T12:49:17","date_gmt":"2022-07-14T12:49:17","guid":{"rendered":"https:\/\/webknjizara.hr\/?product=vatra-u-kaminu-romanticna-vecer-2-dio-grupa-autora"},"modified":"2023-02-25T00:13:15","modified_gmt":"2023-02-24T23:13:15","slug":"vatra-u-kaminu-romanticna-vecer-2-dio-grupa-autora","status":"publish","type":"product","link":"https:\/\/webknjizara.hr\/en\/proizvod\/vatra-u-kaminu-romanticna-vecer-2-dio-grupa-autora\/","title":{"rendered":"VATRA U KAMINU: ROMANTI\u010cNA VE\u010cER, 2. DIO, Grupa autora"},"content":{"rendered":"<p lang=\"hr-HR\"><span style=\"color: #00000a;\"><span style=\"font-family: 'Liberation Serif', 'Times New Roman', serif;\"><span style=\"font-size: medium;\"><span style=\"font-family: Arial, sans-serif;\"><b>Sa\u017eetak:<\/b><\/span> <\/span><\/span><\/span><\/p>\n<p lang=\"hr-HR\"><span style=\"color: #00000a;\"><span style=\"font-family: 'Liberation Serif', 'Times New Roman', serif;\"><span style=\"font-size: medium;\"><span style=\"font-family: 'Times New Roman', serif;\">Jasna \u0160emiga-Pintari\u0107, spisateljica, napisala je nekoliko rije\u010di o knjizi: <\/span><\/span><\/span><\/span><\/p>\n<p lang=\"hr-HR\"><span style=\"color: #00000a;\"><span style=\"font-family: 'Liberation Serif', 'Times New Roman', serif;\"><span style=\"font-size: medium;\"><span style=\"font-family: 'Times New Roman', serif;\">Letjeti na imaginarnim krilima, igrati se rije\u010dima tvore\u0107i prekrasne slike proiza\u0161le iz njihova bogata duha, to mogu samo pjesnici. <\/span><\/span><\/span><\/span><\/p>\n<p lang=\"hr-HR\"><span style=\"color: #00000a;\"><span style=\"font-family: 'Liberation Serif', 'Times New Roman', serif;\"><span style=\"font-size: medium;\"><span style=\"font-family: 'Times New Roman', serif;\">Pred nama je jo\u0161 jedna zajedni\u010dka pjesni\u010dka tvorevina u kojoj upoznajemo deset autora i na\u010din na koji iskazuju svoj krik, bunt, ljubav i bol. Hrabro su nam otvorili srca, ponudiv\u0161i nam svoje stihove. Otvorili su svoje du\u0161e i nenametljivo nas pozvali na u\u017eivanje u romanti\u010dnoj ve\u010deri kraj vatre koja pucketa u kaminu, tvore\u0107i ugodnu i toplu atmosferu. Dok plameni jezi\u010dci li\u017eu stari kamin, a razigrane sjene ple\u0161u po zidu, ru\u0161e se granice svijesti i pred nama se otvaraju novi svjetovi. <\/span><\/span><\/span><\/span><\/p>\n<p lang=\"hr-HR\"><span style=\"color: #00000a;\"><span style=\"font-family: 'Times New Roman', serif;\"><span style=\"font-size: medium;\">Deset razli\u010ditih stilova i mno\u0161tvo razli\u010ditih tema povezano je u skladnu cjelinu koja u \u010ditatelju stvara jedinstven ugo\u0111aj.<\/span><\/span><\/span><\/p>\n<p lang=\"hr-HR\"><span style=\"color: #00000a;\"><span style=\"font-family: 'Liberation Serif', 'Times New Roman', serif;\"><span style=\"font-size: medium;\"><span style=\"font-family: 'Times New Roman', serif;\">Rasplamsale su se vatre u grudima pjesnika i stvorile savr\u0161enu poslasticu za \u010ditatelje, zaljubljenike u poeziju. Iako pi\u0161u o razli\u010ditim temama, u svim pjesmama prote\u017ee se jedna jedinstvena ideja, a to je ljubav. Pjesnici govore jezikom ljubavi. Ljubav kao neiscrpna tema, ljubav kao smisao \u017eivota. Beskrajna, uzvi\u0161ena i neuni\u0161tiva ljubav. Ljubav prema bli\u017enjima, ljubav prema \u017eivotu, ljubav prema stvaranju. Pjesnik je ba\u0161 kao i vatra: dovoljna je iskrica da se u njemu rasplamsa plamen stvaranja no\u0161en laganim povjetarcem vlastitog dara. Pjesnik mora pisati da bi \u017eivio. Kad pjesnik jednom ode, to nije kona\u010dni opro\u0161taj. On zauvijek \u017eivi u svojim pjesmama. Ne kudite pjesnike, iako ih ponekad ne razumijete. Divite im se, u\u017eivajte u njihovim pjesmama i u njihovim stihovima prona\u0111ite skrivenu poruku. Usudite se, upoznajte pjesnike i kroz njihov izri\u010daj upoznajte i skriveni dio sebe. <\/span><\/span><\/span><\/span><\/p>\n<p lang=\"hr-HR\"><span style=\"color: #00000a;\"><span style=\"font-family: 'Liberation Serif', 'Times New Roman', serif;\"><span style=\"font-size: medium;\"><span style=\"font-family: 'Times New Roman', serif;\">\u010citajte poeziju i \u017eivite ljubav. <\/span><\/span><\/span><\/span><\/p>\n<p lang=\"hr-HR\">\u00a0<\/p>\n<p lang=\"hr-HR\"><span style=\"color: #00000a;\"><span style=\"font-family: 'Liberation Serif', 'Times New Roman', serif;\"><span style=\"font-size: medium;\"><span style=\"font-family: Arial, sans-serif;\"><b>Bilje\u0161ka o autorima: <\/b><\/span><\/span><\/span><\/span><\/p>\n<p lang=\"hr-HR\"><span style=\"color: #00000a;\"><span style=\"font-family: 'Liberation Serif', 'Times New Roman', serif;\"><span style=\"font-size: medium;\"><span style=\"color: #000000;\"><span style=\"font-family: 'Times New Roman', serif;\">Pjesme su nastale u razdoblju od 21. o\u017eujka 2022. do 11. travnja 2022. godine, a autori su \u010dlanovi Facebook grupe Pisci i Knji\u017eevnost, PiK kutak \u2013 Knji\u017eevnost koja se \u010dita i pamti i Facebook stranice Pisci i Knji\u017eevnost \u2013 Writers and Literature. <\/span><\/span><\/span><\/span><\/span><\/p>\n<p lang=\"hr-HR\"><span style=\"color: #00000a;\"><span style=\"font-family: 'Liberation Serif', 'Times New Roman', serif;\"><span style=\"font-size: medium;\"><span style=\"color: #000000;\"><span style=\"font-family: 'Times New Roman', serif;\">Tvorci ovih pjesama pi\u0161u nam iz Hrvatske, Bosne i Hercegovine, <\/span><\/span><span style=\"font-family: 'Times New Roman', serif;\">Njema\u010dke, Austrije, <\/span><span style=\"color: #000000;\"><span style=\"font-family: 'Times New Roman', serif;\">\u0160vicarske i Luksemburga.<\/span><\/span><\/span><\/span><\/span><\/p>\n<p lang=\"hr-HR\"><span style=\"color: #00000a;\"><span style=\"font-family: 'Liberation Serif', 'Times New Roman', serif;\"><span style=\"font-size: medium;\">Alisa Hamza Alijevi\u0107<\/span><\/span><\/span><\/p>\n<p lang=\"hr-HR\"><span style=\"color: #00000a;\"><span style=\"font-family: 'Liberation Serif', 'Times New Roman', serif;\"><span style=\"font-size: medium;\">Bernarda \u0106uri\u0107<\/span><\/span><\/span><\/p>\n<p lang=\"hr-HR\"><span style=\"color: #00000a;\"><span style=\"font-family: 'Liberation Serif', 'Times New Roman', serif;\"><span style=\"font-size: medium;\">Cvija Peranovi\u0107 Koji\u0107<\/span><\/span><\/span><\/p>\n<p lang=\"hr-HR\"><span style=\"color: #00000a;\"><span style=\"font-family: 'Liberation Serif', 'Times New Roman', serif;\"><span style=\"font-size: medium;\">Gordana Bartol<\/span><\/span><\/span><\/p>\n<p lang=\"hr-HR\"><span style=\"color: #00000a;\"><span style=\"font-family: 'Liberation Serif', 'Times New Roman', serif;\"><span style=\"font-size: medium;\">Ibrahim Ibrahimovi\u0107<\/span><\/span><\/span><\/p>\n<p lang=\"hr-HR\"><span style=\"color: #00000a;\"><span style=\"font-family: 'Liberation Serif', 'Times New Roman', serif;\"><span style=\"font-size: medium;\">Karmen Sinkovi\u0107<\/span><\/span><\/span><\/p>\n<p lang=\"hr-HR\"><span style=\"color: #00000a;\"><span style=\"font-family: 'Liberation Serif', 'Times New Roman', serif;\"><span style=\"font-size: medium;\">Maja Kostanj\u0161ek<\/span><\/span><\/span><\/p>\n<p lang=\"hr-HR\"><span style=\"color: #00000a;\"><span style=\"font-family: 'Liberation Serif', 'Times New Roman', serif;\"><span style=\"font-size: medium;\">Vilma Kne\u017eevi\u0107<\/span><\/span><\/span><\/p>\n<p lang=\"hr-HR\"><span style=\"color: #00000a;\"><span style=\"font-family: 'Liberation Serif', 'Times New Roman', serif;\"><span style=\"font-size: medium;\">Vlasta Marini\u0107-Kragi\u0107<\/span><\/span><\/span><\/p>\n<p lang=\"hr-HR\"><span style=\"color: #00000a;\"><span style=\"font-family: 'Liberation Serif', 'Times New Roman', serif;\"><span style=\"font-size: medium;\">Vlasta Medi\u0107<\/span><\/span><\/span><\/p>\n<p lang=\"hr-HR\"><span style=\"color: #00000a;\"><span style=\"font-family: 'Liberation Serif', 'Times New Roman', serif;\"><span style=\"font-size: medium;\"><span style=\"color: #1d2129;\"><span style=\"font-family: Arial, sans-serif;\">Ilustracija naslovnice<\/span><\/span><span style=\"color: #1d2129;\"><span style=\"font-family: Arial, sans-serif;\"><span style=\"font-size: small;\">: <\/span><\/span><\/span><span style=\"color: #1d2129;\"><span style=\"font-family: Helvetica, sans-serif;\"><span style=\"font-size: small;\">Megi Horak Orli\u0107<\/span><\/span><\/span><\/span><\/span><\/span><\/p>\n<p><span style=\"font-family: Arial, sans-serif;\"><span lang=\"hr-HR\"><b>Klju\u010dne rije\u010di: <\/b><\/span><\/span><span style=\"color: #000000;\">Pisci i Knji\u017eevnost, Vatra u kaminu, romanti\u010dna ve\u010der, pjesme, poezija, autori<\/span><\/p>\n<p><span style=\"font-family: Arial, sans-serif;\"><span lang=\"hr-HR\"><b>Link: <\/b><\/span><\/span><\/p>\n<p><span style=\"color: #1d2129;\"><span style=\"font-size: small;\">Pisci i Knji\u017eevnost <\/span><\/span><\/p>\n<p><span style=\"color: #0000ff;\"><u><a href=\"https:\/\/www.facebook.com\/groups\/245484055481932\/\"><span style=\"font-size: small;\">https:\/\/www.facebook.com\/groups\/245484055481932\/<\/span><\/a><\/u><\/span><\/p>\n<p><span style=\"color: #1d2129;\"><span style=\"font-size: small;\">PiK kutak &#8211; knji\u017eevnost koja se \u010dita i pamti <\/span><\/span><\/p>\n<p><span style=\"color: #0000ff;\"><u><a href=\"https:\/\/www.facebook.com\/groups\/1827073877599047\/\"><span style=\"font-size: small;\">https:\/\/www.facebook.com\/groups\/1827073877599047\/<\/span><\/a><\/u><\/span><\/p>\n<p><span style=\"color: #1d2129;\"><span style=\"font-size: small;\">Pisci i Knji\u017eevnost &#8211; Writers and Literature<\/span><\/span><\/p>\n<p><span style=\"color: #0000ff;\"><u><a href=\"https:\/\/www.facebook.com\/pisciknjizevnost.pik\/\"><span style=\"font-size: small;\">https:\/\/www.facebook.com\/pisciknjizevnost.pik\/<\/span><\/a><\/u><\/span><\/p>\n<p><span style=\"color: #1d2129;\"><span style=\"font-size: small;\">Web stranica Pisci i Knji\u017eevnost <\/span><\/span><\/p>\n<p><span style=\"color: #0000ff;\"><u><a href=\"https:\/\/bit.ly\/2VxBWKu\"><span style=\"font-size: small;\">https:\/\/bit.ly\/2VxBWKu<\/span><\/a><\/u><\/span><\/p>\n<p><span style=\"color: #1d2129;\"><span style=\"font-size: small;\">Instagram profil <\/span><\/span><\/p>\n<p><span style=\"color: #0000ff;\"><u><a href=\"https:\/\/www.instagram.com\/let_s_read_croatian_authors\/\"><span style=\"font-size: small;\">https:\/\/www.instagram.com\/let_s_read_croatian_authors\/<\/span><\/a><\/u><\/span><\/p>\n<p><span style=\"font-family: Arial, sans-serif;\"><span lang=\"hr-HR\"><b>E-mail: <\/b><\/span><\/span><span style=\"color: #1d2129; font-size: 10pt;\"><span style=\"font-family: Helvetica, sans-serif;\">Kontakt<\/span><\/span><\/p>\n<p lang=\"hr-HR\">\u00a0<\/p>\n<p><strong><span style=\"font-family: Arial, sans-serif;\">Naslov: <\/span><\/strong><strong><span style=\"font-family: Arial, sans-serif;\">Vatra u kaminu: Romanti\u010dna ve\u010der, 2. dio<\/span><\/strong><span style=\"font-family: Arial, sans-serif;\"><br \/><\/span><strong><span style=\"font-family: Arial, sans-serif;\">Autori:<\/span><\/strong><span style=\"font-family: Arial, sans-serif;\"> Pisci i knji\u017eevnost &#8211; grupa autora<br \/><\/span><strong><span style=\"font-family: Arial, sans-serif;\">Broj stranica: <\/span><\/strong><span style=\"font-family: Arial, sans-serif;\"><span lang=\"\">156<\/span><\/span><span style=\"font-family: Arial, sans-serif;\"><br \/><\/span><strong><span style=\"font-family: Arial, sans-serif;\">Nakladnik: <\/span><\/strong><strong><span style=\"font-family: Arial, sans-serif;\">REDAK<\/span><\/strong><span style=\"font-family: Arial, sans-serif;\"><br \/><\/span><strong><span style=\"font-family: Arial, sans-serif;\">Godina izdanja: <\/span><\/strong><strong><span style=\"font-family: Arial, sans-serif;\">2022.<br \/><\/span><\/strong><strong><span style=\"font-family: Arial, sans-serif;\">ISBN:<\/span><\/strong><span style=\"font-family: Arial, sans-serif;\"> 978-953-336-854-2, 978-953-336-855-9 (cjelina)<br \/><\/span><strong><span style=\"font-family: Arial, sans-serif;\">Tisak:<\/span><\/strong><span style=\"font-family: Arial, sans-serif;\"> digitalni tisak knjiga &#8211; print na zahtjev<\/span><\/p>\n<p style=\"text-align: justify;\">\u00a0<\/p>\n<p style=\"text-align: justify;\"><strong>Kako naru\u010diti knjigu?\u00a0<\/strong>Proces online kupovine jednako funkcionira za sve kupce, s jedinom razlikom u tome \u0161to \u0161to kupci iz inozemstva za podru\u010dje dostave moraju odabrati &#8220;Europa&#8221; ili &#8220;Ostale zemlje svijeta&#8221;, a za vrstu pla\u0107anja WSPay (kreditna kartica) ili Virmanom (bankovni transfer).<\/p>\n<p style=\"text-align: justify;\">Molimo kliknite ovdje za\u00a0<a href=\"hr\/kako-kupovati\">detaljni vodi\u010d kroz proces narud\u017ebe<\/a>\u00a0ili nas\u00a0<a href=\"hr\/kontakt\">kontaktirajte<\/a>\u00a0za vi\u0161e informacija.<\/p>\n","protected":false},"excerpt":{"rendered":"<p>Sa\u017eetak: Jasna \u0160emiga-Pintari\u0107, spisateljica, napisala je nekoliko rije\u010di o knjizi: Letjeti na imaginarnim krilima, igrati se rije\u010dima tvore\u0107i prekrasne slike proiza\u0161le iz njihova bogata duha, to mogu samo pjesnici. Pred nama je jo\u0161 jedna zajedni\u010dka pjesni\u010dka tvorevina u kojoj upoznajemo deset autora i na\u010din na koji iskazuju svoj krik, bunt, ljubav i bol. Hrabro su [&hellip;]<\/p>\n","protected":false},"featured_media":9778,"comment_status":"open","ping_status":"closed","template":"","meta":{"_acf_changed":false},"product_brand":[],"product_cat":[1383,1385],"product_tag":[],"class_list":{"0":"post-9777","1":"product","2":"type-product","3":"status-publish","4":"has-post-thumbnail","6":"product_cat-knjige","7":"product_cat-knjizevnost","9":"first","10":"instock","11":"shipping-taxable","12":"purchasable","13":"product-type-simple"},"acf":[],"yoast_head":"<!-- This site is optimized with the Yoast SEO plugin v27.3 - https:\/\/yoast.com\/product\/yoast-seo-wordpress\/ -->\n<title>VATRA U KAMINU: ROMANTI\u010cNA VE\u010cER, 2. DIO, Grupa autora - Web-knji\u017eara<\/title>\n<meta name=\"robots\" content=\"index, follow, max-snippet:-1, max-image-preview:large, max-video-preview:-1\" \/>\n<link rel=\"canonical\" href=\"https:\/\/webknjizara.hr\/proizvod\/vatra-u-kaminu-romanticna-vecer-2-dio-grupa-autora\/\" \/>\n<meta property=\"og:locale\" content=\"en_US\" \/>\n<meta property=\"og:type\" content=\"article\" \/>\n<meta property=\"og:title\" content=\"VATRA U KAMINU: ROMANTI\u010cNA VE\u010cER, 2. DIO, Grupa autora - Web-knji\u017eara\" \/>\n<meta property=\"og:description\" content=\"Sa\u017eetak: Jasna \u0160emiga-Pintari\u0107, spisateljica, napisala je nekoliko rije\u010di o knjizi: Letjeti na imaginarnim krilima, igrati se rije\u010dima tvore\u0107i prekrasne slike proiza\u0161le iz njihova bogata duha, to mogu samo pjesnici. Pred nama je jo\u0161 jedna zajedni\u010dka pjesni\u010dka tvorevina u kojoj upoznajemo deset autora i na\u010din na koji iskazuju svoj krik, bunt, ljubav i bol. Hrabro su [&hellip;]\" \/>\n<meta property=\"og:url\" content=\"https:\/\/webknjizara.hr\/proizvod\/vatra-u-kaminu-romanticna-vecer-2-dio-grupa-autora\/\" \/>\n<meta property=\"og:site_name\" content=\"Web-knji\u017eara\" \/>\n<meta property=\"article:modified_time\" content=\"2023-02-24T23:13:15+00:00\" \/>\n<meta property=\"og:image\" content=\"https:\/\/webknjizara.hr\/wp-content\/uploads\/nc\/images\/virtuemart\/product\/Pisci_i_knjizevnost_-_grupa_autora_Vatra_u_kaminu_Romanticna_vecer_2._dio_webknjizara_redak_WEB_1316.jpg\" \/>\n\t<meta property=\"og:image:width\" content=\"300\" \/>\n\t<meta property=\"og:image:height\" content=\"419\" \/>\n\t<meta property=\"og:image:type\" content=\"image\/jpeg\" \/>\n<meta name=\"twitter:card\" content=\"summary_large_image\" \/>\n<meta name=\"twitter:label1\" content=\"Est. reading time\" \/>\n\t<meta name=\"twitter:data1\" content=\"3 minutes\" \/>\n<script type=\"application\/ld+json\" class=\"yoast-schema-graph\">{\"@context\":\"https:\\\/\\\/schema.org\",\"@graph\":[{\"@type\":\"WebPage\",\"@id\":\"https:\\\/\\\/webknjizara.hr\\\/proizvod\\\/vatra-u-kaminu-romanticna-vecer-2-dio-grupa-autora\\\/\",\"url\":\"https:\\\/\\\/webknjizara.hr\\\/proizvod\\\/vatra-u-kaminu-romanticna-vecer-2-dio-grupa-autora\\\/\",\"name\":\"VATRA U KAMINU: ROMANTI\u010cNA VE\u010cER, 2. DIO, Grupa autora - Web-knji\u017eara\",\"isPartOf\":{\"@id\":\"https:\\\/\\\/webknjizara.hr\\\/#website\"},\"primaryImageOfPage\":{\"@id\":\"https:\\\/\\\/webknjizara.hr\\\/proizvod\\\/vatra-u-kaminu-romanticna-vecer-2-dio-grupa-autora\\\/#primaryimage\"},\"image\":{\"@id\":\"https:\\\/\\\/webknjizara.hr\\\/proizvod\\\/vatra-u-kaminu-romanticna-vecer-2-dio-grupa-autora\\\/#primaryimage\"},\"thumbnailUrl\":\"https:\\\/\\\/webknjizara.hr\\\/wp-content\\\/uploads\\\/nc\\\/images\\\/virtuemart\\\/product\\\/Pisci_i_knjizevnost_-_grupa_autora_Vatra_u_kaminu_Romanticna_vecer_2._dio_webknjizara_redak_WEB_1316.jpg\",\"datePublished\":\"2022-07-14T12:49:17+00:00\",\"dateModified\":\"2023-02-24T23:13:15+00:00\",\"breadcrumb\":{\"@id\":\"https:\\\/\\\/webknjizara.hr\\\/proizvod\\\/vatra-u-kaminu-romanticna-vecer-2-dio-grupa-autora\\\/#breadcrumb\"},\"inLanguage\":\"en-US\",\"potentialAction\":[{\"@type\":\"ReadAction\",\"target\":[\"https:\\\/\\\/webknjizara.hr\\\/proizvod\\\/vatra-u-kaminu-romanticna-vecer-2-dio-grupa-autora\\\/\"]}]},{\"@type\":\"ImageObject\",\"inLanguage\":\"en-US\",\"@id\":\"https:\\\/\\\/webknjizara.hr\\\/proizvod\\\/vatra-u-kaminu-romanticna-vecer-2-dio-grupa-autora\\\/#primaryimage\",\"url\":\"https:\\\/\\\/webknjizara.hr\\\/wp-content\\\/uploads\\\/nc\\\/images\\\/virtuemart\\\/product\\\/Pisci_i_knjizevnost_-_grupa_autora_Vatra_u_kaminu_Romanticna_vecer_2._dio_webknjizara_redak_WEB_1316.jpg\",\"contentUrl\":\"https:\\\/\\\/webknjizara.hr\\\/wp-content\\\/uploads\\\/nc\\\/images\\\/virtuemart\\\/product\\\/Pisci_i_knjizevnost_-_grupa_autora_Vatra_u_kaminu_Romanticna_vecer_2._dio_webknjizara_redak_WEB_1316.jpg\",\"width\":300,\"height\":419,\"caption\":\"VATRA U KAMINU: ROMANTI\u010cNA VE\u010cER, 2. DIO, Grupa autora\"},{\"@type\":\"BreadcrumbList\",\"@id\":\"https:\\\/\\\/webknjizara.hr\\\/proizvod\\\/vatra-u-kaminu-romanticna-vecer-2-dio-grupa-autora\\\/#breadcrumb\",\"itemListElement\":[{\"@type\":\"ListItem\",\"position\":1,\"name\":\"Po\u010detna stranica\",\"item\":\"https:\\\/\\\/webknjizara.hr\\\/en\\\/\"},{\"@type\":\"ListItem\",\"position\":2,\"name\":\"Shop\",\"item\":\"https:\\\/\\\/webknjizara.hr\\\/shop\\\/\"},{\"@type\":\"ListItem\",\"position\":3,\"name\":\"VATRA U KAMINU: ROMANTI\u010cNA VE\u010cER, 2. DIO, Grupa autora\"}]},{\"@type\":\"WebSite\",\"@id\":\"https:\\\/\\\/webknjizara.hr\\\/#website\",\"url\":\"https:\\\/\\\/webknjizara.hr\\\/\",\"name\":\"Web Knji\u017eara\",\"description\":\"\",\"publisher\":{\"@id\":\"https:\\\/\\\/webknjizara.hr\\\/#organization\"},\"potentialAction\":[{\"@type\":\"SearchAction\",\"target\":{\"@type\":\"EntryPoint\",\"urlTemplate\":\"https:\\\/\\\/webknjizara.hr\\\/?s={search_term_string}\"},\"query-input\":{\"@type\":\"PropertyValueSpecification\",\"valueRequired\":true,\"valueName\":\"search_term_string\"}}],\"inLanguage\":\"en-US\"},{\"@type\":\"Organization\",\"@id\":\"https:\\\/\\\/webknjizara.hr\\\/#organization\",\"name\":\"REDAK D.O.O.\",\"url\":\"https:\\\/\\\/webknjizara.hr\\\/\",\"logo\":{\"@type\":\"ImageObject\",\"inLanguage\":\"en-US\",\"@id\":\"https:\\\/\\\/webknjizara.hr\\\/#\\\/schema\\\/logo\\\/image\\\/\",\"url\":\"https:\\\/\\\/webknjizara.hr\\\/wp-content\\\/uploads\\\/2023\\\/01\\\/web-knjizara-logo.webp\",\"contentUrl\":\"https:\\\/\\\/webknjizara.hr\\\/wp-content\\\/uploads\\\/2023\\\/01\\\/web-knjizara-logo.webp\",\"width\":324,\"height\":79,\"caption\":\"REDAK D.O.O.\"},\"image\":{\"@id\":\"https:\\\/\\\/webknjizara.hr\\\/#\\\/schema\\\/logo\\\/image\\\/\"}}]}<\/script>\n<!-- \/ Yoast SEO plugin. -->","yoast_head_json":{"title":"VATRA U KAMINU: ROMANTI\u010cNA VE\u010cER, 2. DIO, Grupa autora - Web-knji\u017eara","robots":{"index":"index","follow":"follow","max-snippet":"max-snippet:-1","max-image-preview":"max-image-preview:large","max-video-preview":"max-video-preview:-1"},"canonical":"https:\/\/webknjizara.hr\/proizvod\/vatra-u-kaminu-romanticna-vecer-2-dio-grupa-autora\/","og_locale":"en_US","og_type":"article","og_title":"VATRA U KAMINU: ROMANTI\u010cNA VE\u010cER, 2. DIO, Grupa autora - Web-knji\u017eara","og_description":"Sa\u017eetak: Jasna \u0160emiga-Pintari\u0107, spisateljica, napisala je nekoliko rije\u010di o knjizi: Letjeti na imaginarnim krilima, igrati se rije\u010dima tvore\u0107i prekrasne slike proiza\u0161le iz njihova bogata duha, to mogu samo pjesnici. Pred nama je jo\u0161 jedna zajedni\u010dka pjesni\u010dka tvorevina u kojoj upoznajemo deset autora i na\u010din na koji iskazuju svoj krik, bunt, ljubav i bol. Hrabro su [&hellip;]","og_url":"https:\/\/webknjizara.hr\/proizvod\/vatra-u-kaminu-romanticna-vecer-2-dio-grupa-autora\/","og_site_name":"Web-knji\u017eara","article_modified_time":"2023-02-24T23:13:15+00:00","og_image":[{"width":300,"height":419,"url":"https:\/\/webknjizara.hr\/wp-content\/uploads\/nc\/images\/virtuemart\/product\/Pisci_i_knjizevnost_-_grupa_autora_Vatra_u_kaminu_Romanticna_vecer_2._dio_webknjizara_redak_WEB_1316.jpg","type":"image\/jpeg"}],"twitter_card":"summary_large_image","twitter_misc":{"Est. reading time":"3 minutes"},"schema":{"@context":"https:\/\/schema.org","@graph":[{"@type":"WebPage","@id":"https:\/\/webknjizara.hr\/proizvod\/vatra-u-kaminu-romanticna-vecer-2-dio-grupa-autora\/","url":"https:\/\/webknjizara.hr\/proizvod\/vatra-u-kaminu-romanticna-vecer-2-dio-grupa-autora\/","name":"VATRA U KAMINU: ROMANTI\u010cNA VE\u010cER, 2. DIO, Grupa autora - Web-knji\u017eara","isPartOf":{"@id":"https:\/\/webknjizara.hr\/#website"},"primaryImageOfPage":{"@id":"https:\/\/webknjizara.hr\/proizvod\/vatra-u-kaminu-romanticna-vecer-2-dio-grupa-autora\/#primaryimage"},"image":{"@id":"https:\/\/webknjizara.hr\/proizvod\/vatra-u-kaminu-romanticna-vecer-2-dio-grupa-autora\/#primaryimage"},"thumbnailUrl":"https:\/\/webknjizara.hr\/wp-content\/uploads\/nc\/images\/virtuemart\/product\/Pisci_i_knjizevnost_-_grupa_autora_Vatra_u_kaminu_Romanticna_vecer_2._dio_webknjizara_redak_WEB_1316.jpg","datePublished":"2022-07-14T12:49:17+00:00","dateModified":"2023-02-24T23:13:15+00:00","breadcrumb":{"@id":"https:\/\/webknjizara.hr\/proizvod\/vatra-u-kaminu-romanticna-vecer-2-dio-grupa-autora\/#breadcrumb"},"inLanguage":"en-US","potentialAction":[{"@type":"ReadAction","target":["https:\/\/webknjizara.hr\/proizvod\/vatra-u-kaminu-romanticna-vecer-2-dio-grupa-autora\/"]}]},{"@type":"ImageObject","inLanguage":"en-US","@id":"https:\/\/webknjizara.hr\/proizvod\/vatra-u-kaminu-romanticna-vecer-2-dio-grupa-autora\/#primaryimage","url":"https:\/\/webknjizara.hr\/wp-content\/uploads\/nc\/images\/virtuemart\/product\/Pisci_i_knjizevnost_-_grupa_autora_Vatra_u_kaminu_Romanticna_vecer_2._dio_webknjizara_redak_WEB_1316.jpg","contentUrl":"https:\/\/webknjizara.hr\/wp-content\/uploads\/nc\/images\/virtuemart\/product\/Pisci_i_knjizevnost_-_grupa_autora_Vatra_u_kaminu_Romanticna_vecer_2._dio_webknjizara_redak_WEB_1316.jpg","width":300,"height":419,"caption":"VATRA U KAMINU: ROMANTI\u010cNA VE\u010cER, 2. DIO, Grupa autora"},{"@type":"BreadcrumbList","@id":"https:\/\/webknjizara.hr\/proizvod\/vatra-u-kaminu-romanticna-vecer-2-dio-grupa-autora\/#breadcrumb","itemListElement":[{"@type":"ListItem","position":1,"name":"Po\u010detna stranica","item":"https:\/\/webknjizara.hr\/en\/"},{"@type":"ListItem","position":2,"name":"Shop","item":"https:\/\/webknjizara.hr\/shop\/"},{"@type":"ListItem","position":3,"name":"VATRA U KAMINU: ROMANTI\u010cNA VE\u010cER, 2. DIO, Grupa autora"}]},{"@type":"WebSite","@id":"https:\/\/webknjizara.hr\/#website","url":"https:\/\/webknjizara.hr\/","name":"Web Knji\u017eara","description":"","publisher":{"@id":"https:\/\/webknjizara.hr\/#organization"},"potentialAction":[{"@type":"SearchAction","target":{"@type":"EntryPoint","urlTemplate":"https:\/\/webknjizara.hr\/?s={search_term_string}"},"query-input":{"@type":"PropertyValueSpecification","valueRequired":true,"valueName":"search_term_string"}}],"inLanguage":"en-US"},{"@type":"Organization","@id":"https:\/\/webknjizara.hr\/#organization","name":"REDAK D.O.O.","url":"https:\/\/webknjizara.hr\/","logo":{"@type":"ImageObject","inLanguage":"en-US","@id":"https:\/\/webknjizara.hr\/#\/schema\/logo\/image\/","url":"https:\/\/webknjizara.hr\/wp-content\/uploads\/2023\/01\/web-knjizara-logo.webp","contentUrl":"https:\/\/webknjizara.hr\/wp-content\/uploads\/2023\/01\/web-knjizara-logo.webp","width":324,"height":79,"caption":"REDAK D.O.O."},"image":{"@id":"https:\/\/webknjizara.hr\/#\/schema\/logo\/image\/"}}]}},"_links":{"self":[{"href":"https:\/\/webknjizara.hr\/en\/wp-json\/wp\/v2\/product\/9777","targetHints":{"allow":["GET"]}}],"collection":[{"href":"https:\/\/webknjizara.hr\/en\/wp-json\/wp\/v2\/product"}],"about":[{"href":"https:\/\/webknjizara.hr\/en\/wp-json\/wp\/v2\/types\/product"}],"replies":[{"embeddable":true,"href":"https:\/\/webknjizara.hr\/en\/wp-json\/wp\/v2\/comments?post=9777"}],"wp:featuredmedia":[{"embeddable":true,"href":"https:\/\/webknjizara.hr\/en\/wp-json\/wp\/v2\/media\/9778"}],"wp:attachment":[{"href":"https:\/\/webknjizara.hr\/en\/wp-json\/wp\/v2\/media?parent=9777"}],"wp:term":[{"taxonomy":"product_brand","embeddable":true,"href":"https:\/\/webknjizara.hr\/en\/wp-json\/wp\/v2\/product_brand?post=9777"},{"taxonomy":"product_cat","embeddable":true,"href":"https:\/\/webknjizara.hr\/en\/wp-json\/wp\/v2\/product_cat?post=9777"},{"taxonomy":"product_tag","embeddable":true,"href":"https:\/\/webknjizara.hr\/en\/wp-json\/wp\/v2\/product_tag?post=9777"}],"curies":[{"name":"wp","href":"https:\/\/api.w.org\/{rel}","templated":true}]}}