{"id":9769,"date":"2022-07-08T10:29:35","date_gmt":"2022-07-08T10:29:35","guid":{"rendered":"https:\/\/webknjizara.hr\/?product=prirucnik-iz-operativno-%e2%80%93-tehnickih-poslova-za-turisticke-vodice-nikola-aleksic"},"modified":"2023-02-25T00:13:15","modified_gmt":"2023-02-24T23:13:15","slug":"prirucnik-iz-operativno-tehnickih-poslova-za-turisticke-vodice-nikola-aleksic","status":"publish","type":"product","link":"https:\/\/webknjizara.hr\/en\/proizvod\/prirucnik-iz-operativno-tehnickih-poslova-za-turisticke-vodice-nikola-aleksic\/","title":{"rendered":"PRIRU\u010cNIK IZ OPERATIVNO \u2013 TEHNI\u010cKIH POSLOVA ZA TURISTI\u010cKE VODI\u010cE, Nikola Aleksi\u0107"},"content":{"rendered":"<p align=\"JUSTIFY\"><span style=\"font-family: Arial, sans-serif;\"><span lang=\"hr-HR\"><b>Sa\u017eetak:<\/b><\/span><\/span><\/p>\n<p align=\"JUSTIFY\"><span style=\"color: #000000;\"><span style=\"font-family: Arial, sans-serif;\"><span style=\"font-size: small;\">Priru\u010dnik je namijenjen novim polaznicima te\u010daja za vodi\u010de, ali i ve\u0107 polo\u017eenim vodi\u010dima koji \u0107e na stranicama ovog priru\u010dnika prona\u0107i informacije kako bi se mogli bolje pripremiti za izazove koji ih \u010dekaju u budu\u0107im vo\u0111enjima.<\/span><\/span><\/span><\/p>\n<p align=\"JUSTIFY\">\u00a0<\/p>\n<p align=\"JUSTIFY\"><span style=\"color: #000000;\"><span style=\"font-family: Arial, sans-serif;\"><span style=\"font-size: small;\"><b>Recenzije:<\/b><\/span><\/span><\/span><\/p>\n<p>Zajednica dru\u0161tava turisti\u010dkih vodi\u010da Hrvatske isti\u010de va\u017enost edukacije kao jedan od osnovnih ciljeva svojega djelovanja, a <em>Priru\u010dnik iz operativno-tehni\u010dkih poslova za turisti\u010dke vodi\u010de <\/em>jedan je od osnovnih postulata za poslovanje svakoga uspje\u0161nog vodi\u010da. Uz uvid i detaljna obja\u0161njenja operativno-tehni\u010dkih poslova za vodi\u010de i pratitelje, priru\u010dnik obra\u0111uje i \u0161irok spektar poslova koji vodi\u010di i pratitelji obavljaju.<\/p>\n<p>S obzirom na generalni nedostatak stru\u010dne literature u edukaciji vodi\u010da, ovaj priru\u010dnik svakako zaslu\u017euje pa\u017enju te ga preporu\u010dujem budu\u0107im, ali i iskusnim vodi\u010dima.<\/p>\n<p style=\"text-align: left;\"><strong>Kristina Nui\u0107 Prka, predsjednica Zajednice dru\u0161tava turisti\u010dkih vodi\u010da Hrvatske<\/strong>\u00a0<\/p>\n<p>Ovaj priru\u010dnik je odli\u010dan iskorak u obrazovanju vodi\u010da i prijeko potrebno \u0161tivo koje nedostaje kao stru\u010dna literatura u turizmu u Hrvatskoj. Obra\u0111uje \u0161irok spektar poslova koji vodi\u010di i pratitelji obavljaju i pisan je stru\u010dnom terminologijom koja se koristi u turizmu, ali ipak je razumljiv svakom \u010ditatelju. Toplo ga preporu\u010dujem svim budu\u0107im i sada\u0161njim vodi\u010dima.<\/p>\n<p style=\"text-align: left;\"><strong>Alijana Vuk\u0161i\u0107, direktorica Turisti\u010dke zajednice grada Splita<\/strong>\u00a0<\/p>\n<p>Nakon niza godina odr\u017eavanja seminara za polaganje stru\u010dnog ispita za turisti\u010dke vodi\u010de i brojnih polaznika koji su svoja iskustva stekli upravo u Aspiri, smatramo da je nu\u017ean korak bio sakupiti na\u0161a iskustva i znanja u jedan sveobuhvatni priru\u010dnik.<\/p>\n<p>S obzirom na to da su operativno-tehni\u010dki poslovi osnova za rad svakoga turisti\u010dkog vodi\u010da, ne sumnjamo da \u0107e ovaj priru\u010dnik biti va\u017eno \u0161tivo za sve budu\u0107e turisti\u010dke vodi\u010de i pratitelje, ali i za one koji to ve\u0107 jesu, te smo ponosni \u0161to smo doprinijeli podizanju kvalitete u ovom atraktivnom zanimanju.<\/p>\n<p style=\"text-align: left;\"><strong>Alen Jerkunica, dekan Visoke \u0161kole za menad\u017ement i dizajn Aspira<\/strong><\/p>\n<p>\u00a0<\/p>\n<p>\u00a0<span style=\"font-family: Arial, sans-serif;\"><span lang=\"hr-HR\"><b>Bilje\u0161ka o autoru: <\/b><\/span><\/span><\/p>\n<p align=\"JUSTIFY\"><span style=\"color: #000000;\"><span style=\"font-family: Arial, sans-serif;\"><span style=\"font-size: small;\">Nikola Aleksi\u0107 ro\u0111en je u Splitu 1978. godine. Zavr\u0161io je Prvu jezi\u010dnu gimnaziju i Pravni fakultet u Splitu. Uz redoviti posao me\u0111unarodne suradnje u gradskoj upravi Grada Splita, radi vi\u0161e od 20 godina kao stru\u010dni turisti\u010dki vodi\u010d za Splitsko-dalmatinsku i \u0160ibensko-kninsku \u017eupaniju te kao turisti\u010dki pratitelj po Hrvatskoj i Europi. Kao strastveni i vrsni ljubitelj povijesti od 2013. godine, od uspostavljanja te\u010daja za vodi\u010de, predaje Operativno-tehni\u010dke poslove i Posebni dio povijesno-kulturne ba\u0161tine Splitsko-dalmatinske \u017eupanije na Visokoj \u0161koli Aspira. Svoje dugogodi\u0161nje iskustvo koje je stekao u turizmu i podu\u010davanjem, odlu\u010dio je iznijeti u ovom priru\u010dniku.<\/span><\/span><\/span><\/p>\n<p align=\"JUSTIFY\"><span style=\"color: #000000;\"><span style=\"font-family: Arial, sans-serif;\"><span style=\"font-size: small;\">Osim toga, autorski se aktivno bavi glazbom u <\/span><\/span><\/span><span style=\"color: #000000;\"><span style=\"font-family: Arial, sans-serif;\"><span style=\"font-size: small;\"><i>hard rock\/<\/i><\/span><\/span><\/span><span style=\"color: #000000;\"><span style=\"font-family: Arial, sans-serif;\"><span style=\"font-size: small;\">metal bendu s kojim ima izdane pjesme i albume. Uz to ljubitelj je kvalitetnih videoigara s vojnom i povijesnom tematikom. Uz ovaj priru\u010dnik, autor je i nevjerojatnoga znanstveno-fantasti\u010dnog romana \u201eLegionari\u201d u \u010diju je pri\u010du spojio sve svoje ljubavi.\u00a0<\/span><\/span><\/span><\/p>\n<p><span style=\"font-family: Arial, sans-serif;\"><span lang=\"hr-HR\"><b>Klju\u010dne rije\u010di: <\/b><\/span><\/span><span style=\"color: #000000;\"><span style=\"font-family: Arial, sans-serif;\"><span style=\"font-size: small;\">Priru\u010dnik \u2013 turizam \u2013 obrazovanje \u2013 operativni poslovi<\/span><\/span><\/span><\/p>\n<p><span style=\"font-family: Arial, sans-serif;\"><span lang=\"hr-HR\"><b>E-mail:<\/b><\/span><\/span> <a href=\"mailto:nikola.aleksic.st@gmail.com\" target=\"_blank\" rel=\"noopener noreferrer\">Nikola Aleksi\u0107<\/a><\/p>\n<p lang=\"hr-HR\">\u00a0<\/p>\n<p lang=\"hr-HR\"><span style=\"color: #000000;\"><span style=\"font-family: Calibri, sans-serif;\"><span style=\"font-size: small;\"><strong><span style=\"font-family: Arial, sans-serif;\">Naslov:\u00a0<\/span><\/strong><\/span><\/span><\/span><span style=\"color: #000000; font-size: 12.16px;\">PRIRU\u010cNIK IZ OPERATIVNO \u2013 TEHNI\u010cKIH POSLOVA ZA TURISTI\u010cKE VODI\u010cE<\/span><span style=\"font-family: Arial, sans-serif;\"><br \/><\/span><strong><span style=\"font-family: Arial, sans-serif;\">Autor:<\/span><\/strong><span style=\"font-family: Arial, sans-serif;\"> Nikola Aleksi\u0107<br \/><\/span><strong><span style=\"font-family: Arial, sans-serif;\">Broj stranica:\u00a0<\/span><\/strong><span style=\"font-family: Arial, sans-serif;\"><span lang=\"\">72<\/span><\/span><span style=\"font-family: Arial, sans-serif;\"><br \/><\/span><strong><span style=\"font-family: Arial, sans-serif;\">Nakladnik: <\/span><\/strong><strong><span style=\"font-family: Arial, sans-serif;\">ASPIRA, visoka \u0161kola za menad\u017ement i dizajn<\/span><\/strong><span style=\"font-family: Arial, sans-serif;\"><br \/><\/span><strong><span style=\"font-family: Arial, sans-serif;\">Godina izdanja: <\/span><\/strong><strong><span style=\"font-family: Arial, sans-serif;\">2022.<br \/><\/span><\/strong><strong><span style=\"font-family: Arial, sans-serif;\">ISBN:<\/span><\/strong><span style=\"font-family: Arial, sans-serif;\"> 978-953-8356-02-5<br \/><\/span><strong><span style=\"font-family: Arial, sans-serif;\">Tisak:<\/span><\/strong><span style=\"font-family: Arial, sans-serif;\"> digitalni tisak knjiga &#8211; print na zahtjev<\/span><\/p>\n<p style=\"text-align: justify;\">\u00a0<\/p>\n<p style=\"text-align: justify;\"><strong>Kako naru\u010diti knjigu?\u00a0<\/strong>Proces online kupovine jednako funkcionira za sve kupce, s jedinom razlikom u tome \u0161to \u0161to kupci iz inozemstva za podru\u010dje dostave moraju odabrati &#8220;Europa&#8221; ili &#8220;Ostale zemlje svijeta&#8221;, a za vrstu pla\u0107anja WSPay (kreditna kartica) ili Virmanom (bankovni transfer).<\/p>\n<p style=\"text-align: justify;\">Molimo kliknite ovdje za\u00a0<a href=\"hr\/kako-kupovati\">detaljni vodi\u010d kroz proces narud\u017ebe<\/a>\u00a0ili nas\u00a0<a href=\"hr\/kontakt\">kontaktirajte<\/a>\u00a0za vi\u0161e informacija.<\/p>\n","protected":false},"excerpt":{"rendered":"<p>Sa\u017eetak: Priru\u010dnik je namijenjen novim polaznicima te\u010daja za vodi\u010de, ali i ve\u0107 polo\u017eenim vodi\u010dima koji \u0107e na stranicama ovog priru\u010dnika prona\u0107i informacije kako bi se mogli bolje pripremiti za izazove koji ih \u010dekaju u budu\u0107im vo\u0111enjima. \u00a0 Recenzije: Zajednica dru\u0161tava turisti\u010dkih vodi\u010da Hrvatske isti\u010de va\u017enost edukacije kao jedan od osnovnih ciljeva svojega djelovanja, a Priru\u010dnik [&hellip;]<\/p>\n","protected":false},"featured_media":9770,"comment_status":"open","ping_status":"closed","template":"","meta":{"_acf_changed":false},"product_brand":[],"product_cat":[1517],"product_tag":[],"class_list":{"0":"post-9769","1":"product","2":"type-product","3":"status-publish","4":"has-post-thumbnail","6":"product_cat-strucna-literatura","8":"first","9":"instock","10":"shipping-taxable","11":"purchasable","12":"product-type-simple"},"acf":[],"yoast_head":"<!-- This site is optimized with the Yoast SEO plugin v27.3 - https:\/\/yoast.com\/product\/yoast-seo-wordpress\/ -->\n<title>PRIRU\u010cNIK IZ OPERATIVNO \u2013 TEHNI\u010cKIH POSLOVA ZA TURISTI\u010cKE VODI\u010cE, Nikola Aleksi\u0107 - Web-knji\u017eara<\/title>\n<meta name=\"robots\" content=\"index, follow, max-snippet:-1, max-image-preview:large, max-video-preview:-1\" \/>\n<link rel=\"canonical\" href=\"https:\/\/webknjizara.hr\/proizvod\/prirucnik-iz-operativno-tehnickih-poslova-za-turisticke-vodice-nikola-aleksic\/\" \/>\n<meta property=\"og:locale\" content=\"en_US\" \/>\n<meta property=\"og:type\" content=\"article\" \/>\n<meta property=\"og:title\" content=\"PRIRU\u010cNIK IZ OPERATIVNO \u2013 TEHNI\u010cKIH POSLOVA ZA TURISTI\u010cKE VODI\u010cE, Nikola Aleksi\u0107 - Web-knji\u017eara\" \/>\n<meta property=\"og:description\" content=\"Sa\u017eetak: Priru\u010dnik je namijenjen novim polaznicima te\u010daja za vodi\u010de, ali i ve\u0107 polo\u017eenim vodi\u010dima koji \u0107e na stranicama ovog priru\u010dnika prona\u0107i informacije kako bi se mogli bolje pripremiti za izazove koji ih \u010dekaju u budu\u0107im vo\u0111enjima. \u00a0 Recenzije: Zajednica dru\u0161tava turisti\u010dkih vodi\u010da Hrvatske isti\u010de va\u017enost edukacije kao jedan od osnovnih ciljeva svojega djelovanja, a Priru\u010dnik [&hellip;]\" \/>\n<meta property=\"og:url\" content=\"https:\/\/webknjizara.hr\/proizvod\/prirucnik-iz-operativno-tehnickih-poslova-za-turisticke-vodice-nikola-aleksic\/\" \/>\n<meta property=\"og:site_name\" content=\"Web-knji\u017eara\" \/>\n<meta property=\"article:modified_time\" content=\"2023-02-24T23:13:15+00:00\" \/>\n<meta property=\"og:image\" content=\"https:\/\/webknjizara.hr\/wp-content\/uploads\/nc\/images\/virtuemart\/product\/Nikola_Aleksic_PRIRUCNIK_IZ_OPERATIVNO__TEHNICKIH_POSLOVA_ZA_TURISTICKE_VODICE_webknjizara_redak_WEB_1308.jpg\" \/>\n\t<meta property=\"og:image:width\" content=\"300\" \/>\n\t<meta property=\"og:image:height\" content=\"419\" \/>\n\t<meta property=\"og:image:type\" content=\"image\/jpeg\" \/>\n<meta name=\"twitter:card\" content=\"summary_large_image\" \/>\n<meta name=\"twitter:label1\" content=\"Est. reading time\" \/>\n\t<meta name=\"twitter:data1\" content=\"3 minutes\" \/>\n<script type=\"application\/ld+json\" class=\"yoast-schema-graph\">{\"@context\":\"https:\\\/\\\/schema.org\",\"@graph\":[{\"@type\":\"WebPage\",\"@id\":\"https:\\\/\\\/webknjizara.hr\\\/proizvod\\\/prirucnik-iz-operativno-tehnickih-poslova-za-turisticke-vodice-nikola-aleksic\\\/\",\"url\":\"https:\\\/\\\/webknjizara.hr\\\/proizvod\\\/prirucnik-iz-operativno-tehnickih-poslova-za-turisticke-vodice-nikola-aleksic\\\/\",\"name\":\"PRIRU\u010cNIK IZ OPERATIVNO \u2013 TEHNI\u010cKIH POSLOVA ZA TURISTI\u010cKE VODI\u010cE, Nikola Aleksi\u0107 - Web-knji\u017eara\",\"isPartOf\":{\"@id\":\"https:\\\/\\\/webknjizara.hr\\\/#website\"},\"primaryImageOfPage\":{\"@id\":\"https:\\\/\\\/webknjizara.hr\\\/proizvod\\\/prirucnik-iz-operativno-tehnickih-poslova-za-turisticke-vodice-nikola-aleksic\\\/#primaryimage\"},\"image\":{\"@id\":\"https:\\\/\\\/webknjizara.hr\\\/proizvod\\\/prirucnik-iz-operativno-tehnickih-poslova-za-turisticke-vodice-nikola-aleksic\\\/#primaryimage\"},\"thumbnailUrl\":\"https:\\\/\\\/webknjizara.hr\\\/wp-content\\\/uploads\\\/nc\\\/images\\\/virtuemart\\\/product\\\/Nikola_Aleksic_PRIRUCNIK_IZ_OPERATIVNO__TEHNICKIH_POSLOVA_ZA_TURISTICKE_VODICE_webknjizara_redak_WEB_1308.jpg\",\"datePublished\":\"2022-07-08T10:29:35+00:00\",\"dateModified\":\"2023-02-24T23:13:15+00:00\",\"breadcrumb\":{\"@id\":\"https:\\\/\\\/webknjizara.hr\\\/proizvod\\\/prirucnik-iz-operativno-tehnickih-poslova-za-turisticke-vodice-nikola-aleksic\\\/#breadcrumb\"},\"inLanguage\":\"en-US\",\"potentialAction\":[{\"@type\":\"ReadAction\",\"target\":[\"https:\\\/\\\/webknjizara.hr\\\/proizvod\\\/prirucnik-iz-operativno-tehnickih-poslova-za-turisticke-vodice-nikola-aleksic\\\/\"]}]},{\"@type\":\"ImageObject\",\"inLanguage\":\"en-US\",\"@id\":\"https:\\\/\\\/webknjizara.hr\\\/proizvod\\\/prirucnik-iz-operativno-tehnickih-poslova-za-turisticke-vodice-nikola-aleksic\\\/#primaryimage\",\"url\":\"https:\\\/\\\/webknjizara.hr\\\/wp-content\\\/uploads\\\/nc\\\/images\\\/virtuemart\\\/product\\\/Nikola_Aleksic_PRIRUCNIK_IZ_OPERATIVNO__TEHNICKIH_POSLOVA_ZA_TURISTICKE_VODICE_webknjizara_redak_WEB_1308.jpg\",\"contentUrl\":\"https:\\\/\\\/webknjizara.hr\\\/wp-content\\\/uploads\\\/nc\\\/images\\\/virtuemart\\\/product\\\/Nikola_Aleksic_PRIRUCNIK_IZ_OPERATIVNO__TEHNICKIH_POSLOVA_ZA_TURISTICKE_VODICE_webknjizara_redak_WEB_1308.jpg\",\"width\":300,\"height\":419,\"caption\":\"PRIRU\u010cNIK IZ OPERATIVNO \u2013 TEHNI\u010cKIH POSLOVA ZA TURISTI\u010cKE VODI\u010cE, Nikola Aleksi\u0107\"},{\"@type\":\"BreadcrumbList\",\"@id\":\"https:\\\/\\\/webknjizara.hr\\\/proizvod\\\/prirucnik-iz-operativno-tehnickih-poslova-za-turisticke-vodice-nikola-aleksic\\\/#breadcrumb\",\"itemListElement\":[{\"@type\":\"ListItem\",\"position\":1,\"name\":\"Po\u010detna stranica\",\"item\":\"https:\\\/\\\/webknjizara.hr\\\/en\\\/\"},{\"@type\":\"ListItem\",\"position\":2,\"name\":\"Shop\",\"item\":\"https:\\\/\\\/webknjizara.hr\\\/shop\\\/\"},{\"@type\":\"ListItem\",\"position\":3,\"name\":\"PRIRU\u010cNIK IZ OPERATIVNO \u2013 TEHNI\u010cKIH POSLOVA ZA TURISTI\u010cKE VODI\u010cE, Nikola Aleksi\u0107\"}]},{\"@type\":\"WebSite\",\"@id\":\"https:\\\/\\\/webknjizara.hr\\\/#website\",\"url\":\"https:\\\/\\\/webknjizara.hr\\\/\",\"name\":\"Web Knji\u017eara\",\"description\":\"\",\"publisher\":{\"@id\":\"https:\\\/\\\/webknjizara.hr\\\/#organization\"},\"potentialAction\":[{\"@type\":\"SearchAction\",\"target\":{\"@type\":\"EntryPoint\",\"urlTemplate\":\"https:\\\/\\\/webknjizara.hr\\\/?s={search_term_string}\"},\"query-input\":{\"@type\":\"PropertyValueSpecification\",\"valueRequired\":true,\"valueName\":\"search_term_string\"}}],\"inLanguage\":\"en-US\"},{\"@type\":\"Organization\",\"@id\":\"https:\\\/\\\/webknjizara.hr\\\/#organization\",\"name\":\"REDAK D.O.O.\",\"url\":\"https:\\\/\\\/webknjizara.hr\\\/\",\"logo\":{\"@type\":\"ImageObject\",\"inLanguage\":\"en-US\",\"@id\":\"https:\\\/\\\/webknjizara.hr\\\/#\\\/schema\\\/logo\\\/image\\\/\",\"url\":\"https:\\\/\\\/webknjizara.hr\\\/wp-content\\\/uploads\\\/2023\\\/01\\\/web-knjizara-logo.webp\",\"contentUrl\":\"https:\\\/\\\/webknjizara.hr\\\/wp-content\\\/uploads\\\/2023\\\/01\\\/web-knjizara-logo.webp\",\"width\":324,\"height\":79,\"caption\":\"REDAK D.O.O.\"},\"image\":{\"@id\":\"https:\\\/\\\/webknjizara.hr\\\/#\\\/schema\\\/logo\\\/image\\\/\"}}]}<\/script>\n<!-- \/ Yoast SEO plugin. -->","yoast_head_json":{"title":"PRIRU\u010cNIK IZ OPERATIVNO \u2013 TEHNI\u010cKIH POSLOVA ZA TURISTI\u010cKE VODI\u010cE, Nikola Aleksi\u0107 - Web-knji\u017eara","robots":{"index":"index","follow":"follow","max-snippet":"max-snippet:-1","max-image-preview":"max-image-preview:large","max-video-preview":"max-video-preview:-1"},"canonical":"https:\/\/webknjizara.hr\/proizvod\/prirucnik-iz-operativno-tehnickih-poslova-za-turisticke-vodice-nikola-aleksic\/","og_locale":"en_US","og_type":"article","og_title":"PRIRU\u010cNIK IZ OPERATIVNO \u2013 TEHNI\u010cKIH POSLOVA ZA TURISTI\u010cKE VODI\u010cE, Nikola Aleksi\u0107 - Web-knji\u017eara","og_description":"Sa\u017eetak: Priru\u010dnik je namijenjen novim polaznicima te\u010daja za vodi\u010de, ali i ve\u0107 polo\u017eenim vodi\u010dima koji \u0107e na stranicama ovog priru\u010dnika prona\u0107i informacije kako bi se mogli bolje pripremiti za izazove koji ih \u010dekaju u budu\u0107im vo\u0111enjima. \u00a0 Recenzije: Zajednica dru\u0161tava turisti\u010dkih vodi\u010da Hrvatske isti\u010de va\u017enost edukacije kao jedan od osnovnih ciljeva svojega djelovanja, a Priru\u010dnik [&hellip;]","og_url":"https:\/\/webknjizara.hr\/proizvod\/prirucnik-iz-operativno-tehnickih-poslova-za-turisticke-vodice-nikola-aleksic\/","og_site_name":"Web-knji\u017eara","article_modified_time":"2023-02-24T23:13:15+00:00","og_image":[{"width":300,"height":419,"url":"https:\/\/webknjizara.hr\/wp-content\/uploads\/nc\/images\/virtuemart\/product\/Nikola_Aleksic_PRIRUCNIK_IZ_OPERATIVNO__TEHNICKIH_POSLOVA_ZA_TURISTICKE_VODICE_webknjizara_redak_WEB_1308.jpg","type":"image\/jpeg"}],"twitter_card":"summary_large_image","twitter_misc":{"Est. reading time":"3 minutes"},"schema":{"@context":"https:\/\/schema.org","@graph":[{"@type":"WebPage","@id":"https:\/\/webknjizara.hr\/proizvod\/prirucnik-iz-operativno-tehnickih-poslova-za-turisticke-vodice-nikola-aleksic\/","url":"https:\/\/webknjizara.hr\/proizvod\/prirucnik-iz-operativno-tehnickih-poslova-za-turisticke-vodice-nikola-aleksic\/","name":"PRIRU\u010cNIK IZ OPERATIVNO \u2013 TEHNI\u010cKIH POSLOVA ZA TURISTI\u010cKE VODI\u010cE, Nikola Aleksi\u0107 - Web-knji\u017eara","isPartOf":{"@id":"https:\/\/webknjizara.hr\/#website"},"primaryImageOfPage":{"@id":"https:\/\/webknjizara.hr\/proizvod\/prirucnik-iz-operativno-tehnickih-poslova-za-turisticke-vodice-nikola-aleksic\/#primaryimage"},"image":{"@id":"https:\/\/webknjizara.hr\/proizvod\/prirucnik-iz-operativno-tehnickih-poslova-za-turisticke-vodice-nikola-aleksic\/#primaryimage"},"thumbnailUrl":"https:\/\/webknjizara.hr\/wp-content\/uploads\/nc\/images\/virtuemart\/product\/Nikola_Aleksic_PRIRUCNIK_IZ_OPERATIVNO__TEHNICKIH_POSLOVA_ZA_TURISTICKE_VODICE_webknjizara_redak_WEB_1308.jpg","datePublished":"2022-07-08T10:29:35+00:00","dateModified":"2023-02-24T23:13:15+00:00","breadcrumb":{"@id":"https:\/\/webknjizara.hr\/proizvod\/prirucnik-iz-operativno-tehnickih-poslova-za-turisticke-vodice-nikola-aleksic\/#breadcrumb"},"inLanguage":"en-US","potentialAction":[{"@type":"ReadAction","target":["https:\/\/webknjizara.hr\/proizvod\/prirucnik-iz-operativno-tehnickih-poslova-za-turisticke-vodice-nikola-aleksic\/"]}]},{"@type":"ImageObject","inLanguage":"en-US","@id":"https:\/\/webknjizara.hr\/proizvod\/prirucnik-iz-operativno-tehnickih-poslova-za-turisticke-vodice-nikola-aleksic\/#primaryimage","url":"https:\/\/webknjizara.hr\/wp-content\/uploads\/nc\/images\/virtuemart\/product\/Nikola_Aleksic_PRIRUCNIK_IZ_OPERATIVNO__TEHNICKIH_POSLOVA_ZA_TURISTICKE_VODICE_webknjizara_redak_WEB_1308.jpg","contentUrl":"https:\/\/webknjizara.hr\/wp-content\/uploads\/nc\/images\/virtuemart\/product\/Nikola_Aleksic_PRIRUCNIK_IZ_OPERATIVNO__TEHNICKIH_POSLOVA_ZA_TURISTICKE_VODICE_webknjizara_redak_WEB_1308.jpg","width":300,"height":419,"caption":"PRIRU\u010cNIK IZ OPERATIVNO \u2013 TEHNI\u010cKIH POSLOVA ZA TURISTI\u010cKE VODI\u010cE, Nikola Aleksi\u0107"},{"@type":"BreadcrumbList","@id":"https:\/\/webknjizara.hr\/proizvod\/prirucnik-iz-operativno-tehnickih-poslova-za-turisticke-vodice-nikola-aleksic\/#breadcrumb","itemListElement":[{"@type":"ListItem","position":1,"name":"Po\u010detna stranica","item":"https:\/\/webknjizara.hr\/en\/"},{"@type":"ListItem","position":2,"name":"Shop","item":"https:\/\/webknjizara.hr\/shop\/"},{"@type":"ListItem","position":3,"name":"PRIRU\u010cNIK IZ OPERATIVNO \u2013 TEHNI\u010cKIH POSLOVA ZA TURISTI\u010cKE VODI\u010cE, Nikola Aleksi\u0107"}]},{"@type":"WebSite","@id":"https:\/\/webknjizara.hr\/#website","url":"https:\/\/webknjizara.hr\/","name":"Web Knji\u017eara","description":"","publisher":{"@id":"https:\/\/webknjizara.hr\/#organization"},"potentialAction":[{"@type":"SearchAction","target":{"@type":"EntryPoint","urlTemplate":"https:\/\/webknjizara.hr\/?s={search_term_string}"},"query-input":{"@type":"PropertyValueSpecification","valueRequired":true,"valueName":"search_term_string"}}],"inLanguage":"en-US"},{"@type":"Organization","@id":"https:\/\/webknjizara.hr\/#organization","name":"REDAK D.O.O.","url":"https:\/\/webknjizara.hr\/","logo":{"@type":"ImageObject","inLanguage":"en-US","@id":"https:\/\/webknjizara.hr\/#\/schema\/logo\/image\/","url":"https:\/\/webknjizara.hr\/wp-content\/uploads\/2023\/01\/web-knjizara-logo.webp","contentUrl":"https:\/\/webknjizara.hr\/wp-content\/uploads\/2023\/01\/web-knjizara-logo.webp","width":324,"height":79,"caption":"REDAK D.O.O."},"image":{"@id":"https:\/\/webknjizara.hr\/#\/schema\/logo\/image\/"}}]}},"_links":{"self":[{"href":"https:\/\/webknjizara.hr\/en\/wp-json\/wp\/v2\/product\/9769","targetHints":{"allow":["GET"]}}],"collection":[{"href":"https:\/\/webknjizara.hr\/en\/wp-json\/wp\/v2\/product"}],"about":[{"href":"https:\/\/webknjizara.hr\/en\/wp-json\/wp\/v2\/types\/product"}],"replies":[{"embeddable":true,"href":"https:\/\/webknjizara.hr\/en\/wp-json\/wp\/v2\/comments?post=9769"}],"wp:featuredmedia":[{"embeddable":true,"href":"https:\/\/webknjizara.hr\/en\/wp-json\/wp\/v2\/media\/9770"}],"wp:attachment":[{"href":"https:\/\/webknjizara.hr\/en\/wp-json\/wp\/v2\/media?parent=9769"}],"wp:term":[{"taxonomy":"product_brand","embeddable":true,"href":"https:\/\/webknjizara.hr\/en\/wp-json\/wp\/v2\/product_brand?post=9769"},{"taxonomy":"product_cat","embeddable":true,"href":"https:\/\/webknjizara.hr\/en\/wp-json\/wp\/v2\/product_cat?post=9769"},{"taxonomy":"product_tag","embeddable":true,"href":"https:\/\/webknjizara.hr\/en\/wp-json\/wp\/v2\/product_tag?post=9769"}],"curies":[{"name":"wp","href":"https:\/\/api.w.org\/{rel}","templated":true}]}}