{"id":9765,"date":"2022-06-30T17:35:41","date_gmt":"2022-06-30T17:35:41","guid":{"rendered":"https:\/\/webknjizara.hr\/?product=svoja-mira-jungic"},"modified":"2023-02-25T00:13:16","modified_gmt":"2023-02-24T23:13:16","slug":"svoja-mira-jungic","status":"publish","type":"product","link":"https:\/\/webknjizara.hr\/en\/proizvod\/svoja-mira-jungic\/","title":{"rendered":"SVOJA, Mira Jungi\u0107"},"content":{"rendered":"<p lang=\"hr-HR\"><span style=\"color: #00000a;\"><span style=\"font-family: 'Liberation Serif', 'Times New Roman', serif;\"><span style=\"font-size: medium;\"><span style=\"font-family: Arial, sans-serif;\"><b>Sa\u017eetak:<\/b><\/span> <\/span><\/span><\/span><\/p>\n<p>N<span style=\"font-family: times new roman, times, serif; font-size: 12pt;\">ela Bari\u010devi\u0107, autorica stranice potpisuje N.B., napisala je nekoliko rije\u010di o knjizi:<\/span><\/p>\n<p><span style=\"font-family: times new roman, times, serif; font-size: 12pt;\">I tugu i sre\u0107u. I poraz i pobjedu. Sve \u0107e\u0161 na\u0107i. I otpu\u0161tanje snova mladena\u010dkih i gr\u010devito dr\u017eanje za \u0161to bija\u0161e. Na\u0107i \u0107e\u0161. Sve ljudsko. Sve u \u0161to se vrijedi kladiti i sve \u0161to vrijedi otpisati.<\/span><\/p>\n<p><span style=\"font-family: times new roman, times, serif; font-size: 12pt;\">U stihovima ovim, u takozvanim ogledalima \u017eivota, sebe \u0107e\u0161 na\u0107i i svog bli\u017enjeg. Davno izgubljenog i upravo prona\u0111enog. Ljubavnika. Prijatelja. Poznanika.<\/span><\/p>\n<p><span style=\"font-family: times new roman, times, serif; font-size: 12pt;\">\u00a0\u00a0\u00a0\u00a0\u00a0\u00a0\u00a0\u00a0\u00a0\u00a0 Netko \u0107e ljubiti tebe. Nekoga ti \u0107e\u0161 ljubiti. A tek \u0107e\u0161 se s pojedincima na tom putu ljubavi na\u0107i o\u010di u o\u010di.<\/span><\/p>\n<p><span style=\"font-family: times new roman, times, serif; font-size: 12pt;\">\u00a0\u00a0\u00a0\u00a0\u00a0\u00a0\u00a0\u00a0\u00a0\u00a0 Kako bilo, zaroni\u0161 li u bilo kojem periodu \u017eivota u ove stihove, garantiram ti da \u0107e\u0161 se prona\u0107i. I nekog sebi bli\u017enjeg. Danas ili neko\u0107 va\u017enog.<\/span><\/p>\n<p><span style=\"font-family: times new roman, times, serif; font-size: 12pt;\">\u00a0\u00a0\u00a0\u00a0\u00a0\u00a0\u00a0\u00a0\u00a0\u00a0\u00a0 I lekcije \u0107e\u0161 na\u0107i. U\u017ee za spa\u0161avanje u nemirnim valovima \u017eivota.<\/span><\/p>\n<p><span style=\"font-family: times new roman, times, serif; font-size: 12pt;\">\u00a0\u00a0\u00a0\u00a0\u00a0\u00a0\u00a0\u00a0\u00a0\u00a0\u00a0 I okus davnih dana kada si mjesto najnovijih hla\u010da nosio poderana koljena, a majica ti je bila flekava od kuglice sladoleda po \u010detiri kune.<\/span><\/p>\n<p><span style=\"font-family: times new roman, times, serif; font-size: 12pt;\">\u00a0\u00a0\u00a0\u00a0\u00a0\u00a0\u00a0\u00a0\u00a0\u00a0\u00a0 I suzu koja se srame\u017eljivo iz oka kotrlja na\u0107i \u0107e\u0161. Jer sve prolazi. Jer pred o\u010dima svijet tako prebrzo i posvema bezglavo juri. A ti si, \u010dovje\u010de, nemo\u0107an zaustaviti tu jurnjavu.<\/span><\/p>\n<p><span style=\"font-family: times new roman, times, serif; font-size: 12pt;\">\u00a0\u00a0\u00a0\u00a0\u00a0\u00a0\u00a0\u00a0\u00a0\u00a0 I zbog te ljubavi koju \u0107e\u0161 na\u0107i. Zbog promi\u0161ljanja koja vrijedi ponijeti u dane budu\u0107nosti. Zbog krvavih koljena i flekave majice. Zbog suze koja ispire obraz. Vjeruj mi, zbog svega toga vrijedi rukama prigrliti stihove koji se nalaze me\u0111&#8217; ovim koricama. U njima vrijedi u\u017eivati. Uz njih plakati, smijati se i iznad svega \u2013 ljubiti.<\/span><\/p>\n<p><span style=\"font-family: times new roman, times, serif; font-size: 12pt;\">\u00a0<\/span><\/p>\n<p><span style=\"font-family: times new roman, times, serif; font-size: 12pt;\">\u00a0<\/span><\/p>\n<p><span style=\"font-family: times new roman, times, serif; font-size: 12pt;\">Kruno \u0160afrani\u0107, urednik stranice Pisci i Knji\u017eevnost, napisao je nekoliko rije\u010di o knjizi:<\/span><\/p>\n<p><span style=\"font-size: 12pt; font-family: times new roman, times, serif;\"><em>\u010carobno pero koje putuje kroz vrijeme<\/em><\/span><\/p>\n<p><span style=\"font-size: 12pt; font-family: times new roman, times, serif;\">\u00a0<\/span><\/p>\n<p><span style=\"font-size: 12pt; font-family: times new roman, times, serif;\">U zbirci poezije <em>Svoja<\/em> \u010ditatelj \u0107e u stihovima prona\u0107i pravi mali niz \u017eivota Mire Jungi\u0107, razdoblja njezina emocionalnog, intelektualnog, pjesni\u010dkog i svekolikog \u010dovje\u010djeg rasta koji proizlazi iz \u017eivota koji se nezaustavljivo kre\u0107e i mi zajedno s njim. Osobito su dojmljive misaone pjesme koje je pisala poput vje\u0161ta \u010darobnjaka, ostavljaju\u0107i nas u neizvjesnosti \u0161to \u0107emo prona\u0107i u svakoj sljede\u0107oj, kako \u0107e nas iznenaditi, koju \u0107e nijansu emocije izvu\u0107i iz svoga pjesni\u010dkog \u0161e\u0161ira.<\/span><\/p>\n<p><span style=\"font-size: 12pt; font-family: times new roman, times, serif;\">Ubrzani svijet tako prolazi pored nas, a njezini stihovi pri\u010daju jednu \u017eivotnu pri\u010du, sve ono lijepo \u0161to je pro\u0161la i ono tu\u017eno \u0161to je do\u017eivjela. I jedno i drugo potrebno je za poeziju, ona se nalazi u prostoru izme\u0111u dobrog i lo\u0161eg, pro\u0161log i budu\u0107eg. Poezija se uvijek doga\u0111a sada, autenti\u010dna je i svoja. Mira Jungi\u0107 tako\u0111er je u svakom razdoblju i u svakom stihu <em>svoja<\/em>. Njezine su rije\u010di vremeplov, \u010das smo tu, a \u010das nas vra\u0107aju u djetinjstvo, sje\u0107aju na lijepe uspomene. Tamo nas odvodi pjesma <em>Znam, naravno:<\/em><\/span><\/p>\n<p><span style=\"font-family: times new roman, times, serif; font-size: 12pt;\"><em>Jer, djeca su nesta\u0161na i<br \/> nemirna,<br \/> draga i bezobrazna.<br \/> Ona su bezbri\u017ena i sretna, naivna<br \/> i pametna.<br \/> Ali, ne, nisu zlo\u010desta.<\/em><\/span><\/p>\n<p><span style=\"font-size: 12pt; font-family: times new roman, times, serif;\">Najljep\u0161e je ono dje\u010dje doba, tako zaigrano i veselo, poletno i nezaustavljivo u snivanju, a da se taj osje\u0107aj ponekad vrati do\u010darava nam pjesma <em>\u010cekam da prestane jugo:<\/em><\/span><\/p>\n<p><span style=\"font-size: 12pt; font-family: times new roman, times, serif;\"><em>Misli su moje dobile krila, <\/em><\/span><\/p>\n<p><span style=\"font-size: 12pt; font-family: times new roman, times, serif;\"><em>osje\u0107am k&#8217;o ptice nekud lete. <\/em><\/span><\/p>\n<p><span style=\"font-size: 12pt; font-family: times new roman, times, serif;\"><em>Postajem ono \u0161to vi\u0161e nisam. <\/em><\/span><\/p>\n<p><span style=\"font-size: 12pt; font-family: times new roman, times, serif;\"><em>\u010cini mi se opet sam dijete.<\/em><\/span><\/p>\n<p><span style=\"font-size: 12pt; font-family: times new roman, times, serif;\">\u00a0<\/span><\/p>\n<p><span style=\"font-size: 12pt; font-family: times new roman, times, serif;\">Njezini su stihovi u isto vrijeme i pou\u010dni, mo\u017eemo izvu\u010di lekcije iz \u017eivota, nau\u010diti ili do\u017eivjeti ono \u0161to nam je mo\u017eda samima uskra\u0107eno. Zato dopustite sebi da se na trenutak prepustite ovoj poeziji, a Mira Jungi\u0107 radit \u0107e ono \u0161to najbolje zna \u2013 uvesti nas u svoj svijet \u010darobnim perom koje putuje kroz vrijeme<\/span><\/p>\n<p>\u00a0<\/p>\n<\/p>\n<p>\u00a0<\/p>\n<p lang=\"hr-HR\"><span style=\"color: #00000a;\"><span style=\"font-family: 'Liberation Serif', 'Times New Roman', serif;\"><span style=\"font-size: medium;\"><span style=\"font-family: Arial, sans-serif;\"><b>Bilje\u0161ka o autorici:<\/b><\/span><\/span><\/span><\/span><\/p>\n<p lang=\"hr-HR\"><span style=\"color: #00000a;\"><span style=\"font-family: 'Liberation Serif', 'Times New Roman', serif;\"><span style=\"font-size: medium;\"> <span style=\"color: #201f1e;\"><span style=\"font-family: 'Times New Roman', serif;\">Mira Jungi\u0107 ro\u0111ena je 27. studenog u Hrastovcu, pokraj Gare\u0161nice (Moslavina). Poeziju je po\u010dela pisati u petom razredu osnovne \u0161kole, a ozbiljnije tek u gimnaziji. Pjesme su objavljivane u rubrici \u201eZa male I mlade\u201c, u tjednom \u010dasopisu \u201eMoslava\u010dki list\u201c iz Kutine. Sudjelovanje na pjesni\u010dkom Susretu mladih u Velikoj Gorici, s pjesmom \u201e\u0160koljka\u201c (mogu\u0107e ju je na\u0107i u zbirci). Tijekom studija na Ekonomskom fakultetu nastavila je pisati poeziju, a nakon zaposlenja (posao, djeca, gradnja ku\u0107e) ne\u0161to smanjenim intenzitetom. Sada je u razdoblju intenzivnijeg pisanja, uklju\u010dena je u nekoliko pjesni\u010dkih grupa: Kulturu snova, Kvaka club, Prijatelji pisane rije\u010di, Swen Adam Ewin poezija, Poete 1, Zisov boemski klub, kao i u Pisce i Knji\u017eevnost (PiK). \u010clanica je jo\u0161 dvije sisa\u010dke pjesni\u010dke grupe: Stihovnica i Zalogaj poezije. Pjesme su objavljivane u nekoliko zajedni\u010dkih zbirki autora u pjesni\u010dkoj grupi Kultura snova i u zbirkama Pisci i Knji\u017eevnost. \u010citane su na zajedni\u010dkim pjesni\u010dkim dru\u017eenjima, \u010de\u0161\u0107e u Sisku i Zagrebu (zbog epidemiolo\u0161kih mjera ne\u0161to smanjen intenzitet). <\/span><\/span><\/span><\/span><\/span><\/p>\n<p lang=\"hr-HR\"><span style=\"color: #00000a;\"><span style=\"font-family: 'Liberation Serif', 'Times New Roman', serif;\"><span style=\"font-size: medium;\"><span style=\"color: #201f1e;\"><span style=\"font-family: 'Times New Roman', serif;\">Sudjelovala je na Tribini pjesnikinje i knji\u017eevnice Ane Horvat i u pjesni\u010dkom recitalu \u201eLjubila bih te\u201c u Dvorani Lisinski, u Zagrebu, kao i na raznim pjesni\u010dkim susretima u Zadru, Biha\u0107u, Sarajevu, Mostaru, Mariji Bistrici, Puli, Rovinju i Zagrebu. U pripremi su trenutno zbirke poezije, starije i novije. Pi\u0161e i kratke pri\u010de, a neke su i objavljene: \u201eU Lovranu\u201c \u2013 u\u0161la u u\u017ei izbor za nagradu Kvake, \u201eDjevojke biraju\u201c \u2013 pri\u010da iz studentskih dana, \u201ePi\u0161em pismo sebi djetetu\u201c \u2013 u Zbirci kratkih pri\u010da, a ima i jo\u0161 neobjavljen autobiografski roman \u201eGodina promjena\u201c.<\/span><\/span><\/span><\/span><\/span><\/p>\n<p lang=\"hr-HR\"><span style=\"font-family: Arial, sans-serif;\"><span lang=\"hr-HR\"><b>Klju\u010dne rije\u010di: <\/b><\/span><\/span><span style=\"color: #000000;\">Pisci i Knji\u017eevnost, Mira Jungi\u0107, Svoja, zbirka, pjesama, poezija<\/span><\/p>\n<p lang=\"hr-HR\"><span style=\"font-family: Arial, sans-serif;\"><span lang=\"hr-HR\"><b>E-mail: <a href=\"mailto:mirajungic@yahoo.com\" target=\"_blank\" rel=\"noopener noreferrer\">Mira Jungi\u0107<\/a><\/b><\/span><\/span><span style=\"color: #000000;\"><br \/><\/span><\/p>\n<p lang=\"hr-HR\">\u00a0<\/p>\n<p><strong><span style=\"font-family: Arial, sans-serif;\">Naslov: <\/span><\/strong><strong><span style=\"font-family: Arial, sans-serif;\">Svoja<\/span><\/strong><span style=\"font-family: Arial, sans-serif;\"><br \/><\/span><strong><span style=\"font-family: Arial, sans-serif;\">Autorica:<\/span><\/strong><span style=\"font-family: Arial, sans-serif;\"> Mira Jungi\u0107<br \/><\/span><strong><span style=\"font-family: Arial, sans-serif;\">Broj stranica: <\/span><\/strong><span style=\"font-family: Arial, sans-serif;\"><span lang=\"\">104<\/span><\/span><span style=\"font-family: Arial, sans-serif;\"><br \/><\/span><strong><span style=\"font-family: Arial, sans-serif;\">Nakladnik: <\/span><\/strong><strong><span style=\"font-family: Arial, sans-serif;\">Redak<\/span><\/strong><span style=\"font-family: Arial, sans-serif;\"><br \/><\/span><strong><span style=\"font-family: Arial, sans-serif;\">Godina izdanja: <\/span><\/strong><strong><span style=\"font-family: Arial, sans-serif;\">2022.<br \/><\/span><\/strong><strong><span style=\"font-family: Arial, sans-serif;\">ISBN:<\/span><\/strong><span style=\"font-family: Arial, sans-serif;\"> 978-953-336-847-4<br \/><\/span><strong><span style=\"font-family: Arial, sans-serif;\">Tisak:<\/span><\/strong><span style=\"font-family: Arial, sans-serif;\"> digitalni tisak knjiga &#8211; print na zahtjev<\/span><\/p>\n<p style=\"text-align: justify;\">\u00a0<\/p>\n<p style=\"text-align: justify;\"><strong>Kako naru\u010diti knjigu?\u00a0<\/strong>Proces online kupovine jednako funkcionira za sve kupce, s jedinom razlikom u tome \u0161to \u0161to kupci iz inozemstva za podru\u010dje dostave moraju odabrati &#8220;Europa&#8221; ili &#8220;Ostale zemlje svijeta&#8221;, a za vrstu pla\u0107anja WSPay (kreditna kartica) ili Virmanom (bankovni transfer).<\/p>\n<p style=\"text-align: justify;\">Molimo kliknite ovdje za\u00a0<a href=\"hr\/kako-kupovati\">detaljni vodi\u010d kroz proces narud\u017ebe<\/a>\u00a0ili nas\u00a0<a href=\"hr\/kontakt\">kontaktirajte<\/a>\u00a0za vi\u0161e informacija.<\/p>\n","protected":false},"excerpt":{"rendered":"<p>Sa\u017eetak: Nela Bari\u010devi\u0107, autorica stranice potpisuje N.B., napisala je nekoliko rije\u010di o knjizi: I tugu i sre\u0107u. I poraz i pobjedu. Sve \u0107e\u0161 na\u0107i. I otpu\u0161tanje snova mladena\u010dkih i gr\u010devito dr\u017eanje za \u0161to bija\u0161e. Na\u0107i \u0107e\u0161. Sve ljudsko. Sve u \u0161to se vrijedi kladiti i sve \u0161to vrijedi otpisati. U stihovima ovim, u takozvanim ogledalima [&hellip;]<\/p>\n","protected":false},"featured_media":9766,"comment_status":"open","ping_status":"closed","template":"","meta":{"_acf_changed":false},"product_brand":[],"product_cat":[1383,1385],"product_tag":[],"class_list":{"0":"post-9765","1":"product","2":"type-product","3":"status-publish","4":"has-post-thumbnail","6":"product_cat-knjige","7":"product_cat-knjizevnost","9":"first","10":"instock","11":"shipping-taxable","12":"purchasable","13":"product-type-simple"},"acf":[],"yoast_head":"<!-- This site is optimized with the Yoast SEO plugin v27.3 - https:\/\/yoast.com\/product\/yoast-seo-wordpress\/ -->\n<title>SVOJA, Mira Jungi\u0107 - Web-knji\u017eara<\/title>\n<meta name=\"robots\" content=\"index, follow, max-snippet:-1, max-image-preview:large, max-video-preview:-1\" \/>\n<link rel=\"canonical\" href=\"https:\/\/webknjizara.hr\/proizvod\/svoja-mira-jungic\/\" \/>\n<meta property=\"og:locale\" content=\"en_US\" \/>\n<meta property=\"og:type\" content=\"article\" \/>\n<meta property=\"og:title\" content=\"SVOJA, Mira Jungi\u0107 - Web-knji\u017eara\" \/>\n<meta property=\"og:description\" content=\"Sa\u017eetak: Nela Bari\u010devi\u0107, autorica stranice potpisuje N.B., napisala je nekoliko rije\u010di o knjizi: I tugu i sre\u0107u. I poraz i pobjedu. Sve \u0107e\u0161 na\u0107i. I otpu\u0161tanje snova mladena\u010dkih i gr\u010devito dr\u017eanje za \u0161to bija\u0161e. Na\u0107i \u0107e\u0161. Sve ljudsko. Sve u \u0161to se vrijedi kladiti i sve \u0161to vrijedi otpisati. U stihovima ovim, u takozvanim ogledalima [&hellip;]\" \/>\n<meta property=\"og:url\" content=\"https:\/\/webknjizara.hr\/proizvod\/svoja-mira-jungic\/\" \/>\n<meta property=\"og:site_name\" content=\"Web-knji\u017eara\" \/>\n<meta property=\"article:modified_time\" content=\"2023-02-24T23:13:16+00:00\" \/>\n<meta property=\"og:image\" content=\"https:\/\/webknjizara.hr\/wp-content\/uploads\/nc\/images\/virtuemart\/product\/Mira_Jungic_Svoja_webknjizara_redak_WEB_1310.jpg\" \/>\n\t<meta property=\"og:image:width\" content=\"300\" \/>\n\t<meta property=\"og:image:height\" content=\"419\" \/>\n\t<meta property=\"og:image:type\" content=\"image\/jpeg\" \/>\n<meta name=\"twitter:card\" content=\"summary_large_image\" \/>\n<meta name=\"twitter:label1\" content=\"Est. reading time\" \/>\n\t<meta name=\"twitter:data1\" content=\"5 minutes\" \/>\n<script type=\"application\/ld+json\" class=\"yoast-schema-graph\">{\"@context\":\"https:\\\/\\\/schema.org\",\"@graph\":[{\"@type\":\"WebPage\",\"@id\":\"https:\\\/\\\/webknjizara.hr\\\/proizvod\\\/svoja-mira-jungic\\\/\",\"url\":\"https:\\\/\\\/webknjizara.hr\\\/proizvod\\\/svoja-mira-jungic\\\/\",\"name\":\"SVOJA, Mira Jungi\u0107 - Web-knji\u017eara\",\"isPartOf\":{\"@id\":\"https:\\\/\\\/webknjizara.hr\\\/#website\"},\"primaryImageOfPage\":{\"@id\":\"https:\\\/\\\/webknjizara.hr\\\/proizvod\\\/svoja-mira-jungic\\\/#primaryimage\"},\"image\":{\"@id\":\"https:\\\/\\\/webknjizara.hr\\\/proizvod\\\/svoja-mira-jungic\\\/#primaryimage\"},\"thumbnailUrl\":\"https:\\\/\\\/webknjizara.hr\\\/wp-content\\\/uploads\\\/nc\\\/images\\\/virtuemart\\\/product\\\/Mira_Jungic_Svoja_webknjizara_redak_WEB_1310.jpg\",\"datePublished\":\"2022-06-30T17:35:41+00:00\",\"dateModified\":\"2023-02-24T23:13:16+00:00\",\"breadcrumb\":{\"@id\":\"https:\\\/\\\/webknjizara.hr\\\/proizvod\\\/svoja-mira-jungic\\\/#breadcrumb\"},\"inLanguage\":\"en-US\",\"potentialAction\":[{\"@type\":\"ReadAction\",\"target\":[\"https:\\\/\\\/webknjizara.hr\\\/proizvod\\\/svoja-mira-jungic\\\/\"]}]},{\"@type\":\"ImageObject\",\"inLanguage\":\"en-US\",\"@id\":\"https:\\\/\\\/webknjizara.hr\\\/proizvod\\\/svoja-mira-jungic\\\/#primaryimage\",\"url\":\"https:\\\/\\\/webknjizara.hr\\\/wp-content\\\/uploads\\\/nc\\\/images\\\/virtuemart\\\/product\\\/Mira_Jungic_Svoja_webknjizara_redak_WEB_1310.jpg\",\"contentUrl\":\"https:\\\/\\\/webknjizara.hr\\\/wp-content\\\/uploads\\\/nc\\\/images\\\/virtuemart\\\/product\\\/Mira_Jungic_Svoja_webknjizara_redak_WEB_1310.jpg\",\"width\":300,\"height\":419,\"caption\":\"SVOJA, Mira Jungi\u0107\"},{\"@type\":\"BreadcrumbList\",\"@id\":\"https:\\\/\\\/webknjizara.hr\\\/proizvod\\\/svoja-mira-jungic\\\/#breadcrumb\",\"itemListElement\":[{\"@type\":\"ListItem\",\"position\":1,\"name\":\"Po\u010detna stranica\",\"item\":\"https:\\\/\\\/webknjizara.hr\\\/en\\\/\"},{\"@type\":\"ListItem\",\"position\":2,\"name\":\"Shop\",\"item\":\"https:\\\/\\\/webknjizara.hr\\\/shop\\\/\"},{\"@type\":\"ListItem\",\"position\":3,\"name\":\"SVOJA, Mira Jungi\u0107\"}]},{\"@type\":\"WebSite\",\"@id\":\"https:\\\/\\\/webknjizara.hr\\\/#website\",\"url\":\"https:\\\/\\\/webknjizara.hr\\\/\",\"name\":\"Web Knji\u017eara\",\"description\":\"\",\"publisher\":{\"@id\":\"https:\\\/\\\/webknjizara.hr\\\/#organization\"},\"potentialAction\":[{\"@type\":\"SearchAction\",\"target\":{\"@type\":\"EntryPoint\",\"urlTemplate\":\"https:\\\/\\\/webknjizara.hr\\\/?s={search_term_string}\"},\"query-input\":{\"@type\":\"PropertyValueSpecification\",\"valueRequired\":true,\"valueName\":\"search_term_string\"}}],\"inLanguage\":\"en-US\"},{\"@type\":\"Organization\",\"@id\":\"https:\\\/\\\/webknjizara.hr\\\/#organization\",\"name\":\"REDAK D.O.O.\",\"url\":\"https:\\\/\\\/webknjizara.hr\\\/\",\"logo\":{\"@type\":\"ImageObject\",\"inLanguage\":\"en-US\",\"@id\":\"https:\\\/\\\/webknjizara.hr\\\/#\\\/schema\\\/logo\\\/image\\\/\",\"url\":\"https:\\\/\\\/webknjizara.hr\\\/wp-content\\\/uploads\\\/2023\\\/01\\\/web-knjizara-logo.webp\",\"contentUrl\":\"https:\\\/\\\/webknjizara.hr\\\/wp-content\\\/uploads\\\/2023\\\/01\\\/web-knjizara-logo.webp\",\"width\":324,\"height\":79,\"caption\":\"REDAK D.O.O.\"},\"image\":{\"@id\":\"https:\\\/\\\/webknjizara.hr\\\/#\\\/schema\\\/logo\\\/image\\\/\"}}]}<\/script>\n<!-- \/ Yoast SEO plugin. -->","yoast_head_json":{"title":"SVOJA, Mira Jungi\u0107 - Web-knji\u017eara","robots":{"index":"index","follow":"follow","max-snippet":"max-snippet:-1","max-image-preview":"max-image-preview:large","max-video-preview":"max-video-preview:-1"},"canonical":"https:\/\/webknjizara.hr\/proizvod\/svoja-mira-jungic\/","og_locale":"en_US","og_type":"article","og_title":"SVOJA, Mira Jungi\u0107 - Web-knji\u017eara","og_description":"Sa\u017eetak: Nela Bari\u010devi\u0107, autorica stranice potpisuje N.B., napisala je nekoliko rije\u010di o knjizi: I tugu i sre\u0107u. I poraz i pobjedu. Sve \u0107e\u0161 na\u0107i. I otpu\u0161tanje snova mladena\u010dkih i gr\u010devito dr\u017eanje za \u0161to bija\u0161e. Na\u0107i \u0107e\u0161. Sve ljudsko. Sve u \u0161to se vrijedi kladiti i sve \u0161to vrijedi otpisati. U stihovima ovim, u takozvanim ogledalima [&hellip;]","og_url":"https:\/\/webknjizara.hr\/proizvod\/svoja-mira-jungic\/","og_site_name":"Web-knji\u017eara","article_modified_time":"2023-02-24T23:13:16+00:00","og_image":[{"width":300,"height":419,"url":"https:\/\/webknjizara.hr\/wp-content\/uploads\/nc\/images\/virtuemart\/product\/Mira_Jungic_Svoja_webknjizara_redak_WEB_1310.jpg","type":"image\/jpeg"}],"twitter_card":"summary_large_image","twitter_misc":{"Est. reading time":"5 minutes"},"schema":{"@context":"https:\/\/schema.org","@graph":[{"@type":"WebPage","@id":"https:\/\/webknjizara.hr\/proizvod\/svoja-mira-jungic\/","url":"https:\/\/webknjizara.hr\/proizvod\/svoja-mira-jungic\/","name":"SVOJA, Mira Jungi\u0107 - Web-knji\u017eara","isPartOf":{"@id":"https:\/\/webknjizara.hr\/#website"},"primaryImageOfPage":{"@id":"https:\/\/webknjizara.hr\/proizvod\/svoja-mira-jungic\/#primaryimage"},"image":{"@id":"https:\/\/webknjizara.hr\/proizvod\/svoja-mira-jungic\/#primaryimage"},"thumbnailUrl":"https:\/\/webknjizara.hr\/wp-content\/uploads\/nc\/images\/virtuemart\/product\/Mira_Jungic_Svoja_webknjizara_redak_WEB_1310.jpg","datePublished":"2022-06-30T17:35:41+00:00","dateModified":"2023-02-24T23:13:16+00:00","breadcrumb":{"@id":"https:\/\/webknjizara.hr\/proizvod\/svoja-mira-jungic\/#breadcrumb"},"inLanguage":"en-US","potentialAction":[{"@type":"ReadAction","target":["https:\/\/webknjizara.hr\/proizvod\/svoja-mira-jungic\/"]}]},{"@type":"ImageObject","inLanguage":"en-US","@id":"https:\/\/webknjizara.hr\/proizvod\/svoja-mira-jungic\/#primaryimage","url":"https:\/\/webknjizara.hr\/wp-content\/uploads\/nc\/images\/virtuemart\/product\/Mira_Jungic_Svoja_webknjizara_redak_WEB_1310.jpg","contentUrl":"https:\/\/webknjizara.hr\/wp-content\/uploads\/nc\/images\/virtuemart\/product\/Mira_Jungic_Svoja_webknjizara_redak_WEB_1310.jpg","width":300,"height":419,"caption":"SVOJA, Mira Jungi\u0107"},{"@type":"BreadcrumbList","@id":"https:\/\/webknjizara.hr\/proizvod\/svoja-mira-jungic\/#breadcrumb","itemListElement":[{"@type":"ListItem","position":1,"name":"Po\u010detna stranica","item":"https:\/\/webknjizara.hr\/en\/"},{"@type":"ListItem","position":2,"name":"Shop","item":"https:\/\/webknjizara.hr\/shop\/"},{"@type":"ListItem","position":3,"name":"SVOJA, Mira Jungi\u0107"}]},{"@type":"WebSite","@id":"https:\/\/webknjizara.hr\/#website","url":"https:\/\/webknjizara.hr\/","name":"Web Knji\u017eara","description":"","publisher":{"@id":"https:\/\/webknjizara.hr\/#organization"},"potentialAction":[{"@type":"SearchAction","target":{"@type":"EntryPoint","urlTemplate":"https:\/\/webknjizara.hr\/?s={search_term_string}"},"query-input":{"@type":"PropertyValueSpecification","valueRequired":true,"valueName":"search_term_string"}}],"inLanguage":"en-US"},{"@type":"Organization","@id":"https:\/\/webknjizara.hr\/#organization","name":"REDAK D.O.O.","url":"https:\/\/webknjizara.hr\/","logo":{"@type":"ImageObject","inLanguage":"en-US","@id":"https:\/\/webknjizara.hr\/#\/schema\/logo\/image\/","url":"https:\/\/webknjizara.hr\/wp-content\/uploads\/2023\/01\/web-knjizara-logo.webp","contentUrl":"https:\/\/webknjizara.hr\/wp-content\/uploads\/2023\/01\/web-knjizara-logo.webp","width":324,"height":79,"caption":"REDAK D.O.O."},"image":{"@id":"https:\/\/webknjizara.hr\/#\/schema\/logo\/image\/"}}]}},"_links":{"self":[{"href":"https:\/\/webknjizara.hr\/en\/wp-json\/wp\/v2\/product\/9765","targetHints":{"allow":["GET"]}}],"collection":[{"href":"https:\/\/webknjizara.hr\/en\/wp-json\/wp\/v2\/product"}],"about":[{"href":"https:\/\/webknjizara.hr\/en\/wp-json\/wp\/v2\/types\/product"}],"replies":[{"embeddable":true,"href":"https:\/\/webknjizara.hr\/en\/wp-json\/wp\/v2\/comments?post=9765"}],"wp:featuredmedia":[{"embeddable":true,"href":"https:\/\/webknjizara.hr\/en\/wp-json\/wp\/v2\/media\/9766"}],"wp:attachment":[{"href":"https:\/\/webknjizara.hr\/en\/wp-json\/wp\/v2\/media?parent=9765"}],"wp:term":[{"taxonomy":"product_brand","embeddable":true,"href":"https:\/\/webknjizara.hr\/en\/wp-json\/wp\/v2\/product_brand?post=9765"},{"taxonomy":"product_cat","embeddable":true,"href":"https:\/\/webknjizara.hr\/en\/wp-json\/wp\/v2\/product_cat?post=9765"},{"taxonomy":"product_tag","embeddable":true,"href":"https:\/\/webknjizara.hr\/en\/wp-json\/wp\/v2\/product_tag?post=9765"}],"curies":[{"name":"wp","href":"https:\/\/api.w.org\/{rel}","templated":true}]}}