{"id":9761,"date":"2022-06-17T14:03:10","date_gmt":"2022-06-17T14:03:10","guid":{"rendered":"https:\/\/webknjizara.hr\/?product=uvik-isto-more-nikad-isti-val-andreja-bubic"},"modified":"2023-02-25T00:13:18","modified_gmt":"2023-02-24T23:13:18","slug":"uvik-isto-more-nikad-isti-val-andreja-bubic","status":"publish","type":"product","link":"https:\/\/webknjizara.hr\/en\/proizvod\/uvik-isto-more-nikad-isti-val-andreja-bubic\/","title":{"rendered":"UVIK ISTO MORE, NIKAD ISTI VAL, Andreja Bubi\u0107"},"content":{"rendered":"<p><span style=\"font-family: Arial, sans-serif;\"><span lang=\"hr-HR\"><b>Sa\u017eetak:<\/b><\/span><\/span><\/p>\n<p><span style=\"color: #000000;\"> Svezak uklju\u010duje neobjavljenu rukopisnu ostav\u0161tina koja se sastoji od dviju knjiga. Prva je roman \u201e\u010cujemo se, vidimo\u201c, generacijska freska koja prati vi\u0161e desetaka likova mla\u0111e srednje generacije u prepoznatljivom splitskom ambijentu. Druga je knjiga \u201eSvak ima ne\u0161to\u201c, proza koju sama autorica podnaslovljuje \u201ea story, zapravo tri\u201c. Bubi\u0107 je, \u010dini se, svoju prvu i ve\u0107u prozu smatrala romanom, a drugu, manju proznu cjelinu \u2012 zbirkom pripovijedaka.<\/span><\/p>\n<p>\u00a0<\/p>\n<p><span style=\"font-family: Arial, sans-serif;\"><span lang=\"hr-HR\"><b>Bilje\u0161ka o autorici: <\/b><\/span><\/span><\/p>\n<p><span style=\"color: #000000;\">Andreja Bubi\u0107 (Split, 1978. \u2013 Split, 2021.) imala je javnu karijeru, onu koju su svi znali. Bila je cijenjena psihologinja, publicirana i citirana znanstvenica te omiljena sveu\u010dili\u0161na profesorica. Sve to vrijeme, me\u0111utim, Andreja Bubi\u0107 stvarala je i jednu drugu \u201ekarijeru\u201c koju je dr\u017eala skrovito, u potaji svoga ra\u010dunala. Tu karijeru gradila je polako i pomno, ustrajno i bez \u017eurbe, vjeruju\u0107i da \u0107e do\u0107i trenutak da se ona obznani svijetu. Ta druga karijera bila je ona pisca. Napisala je dva romana i nekoliko samostalnih kratkih pri\u010da. Neka prozna djela publicirana su joj u \u010dasopisima u Splitu i Zadru. Ipak, daleko najve\u0107i dio njezinih knji\u017eevnih uradaka \u2013 uklju\u010duju\u0107i i oba ova rukopisa \u2012 ostao je neobjavljen za \u017eivota<\/span><\/p>\n<p>\u00a0<\/p>\n<p><strong><span style=\"font-family: Arial, sans-serif;\">Naslov: <\/span><\/strong><strong><span style=\"font-family: Arial, sans-serif;\">Uvik isto more, nikad isti val<\/span><\/strong><span style=\"font-family: Arial, sans-serif;\"><br \/><\/span><strong><span style=\"font-family: Arial, sans-serif;\">Autorica:<\/span><\/strong><span style=\"font-family: Arial, sans-serif;\"> Andreja Bubi\u0107<br \/><\/span><strong><span style=\"font-family: Arial, sans-serif;\">Broj stranica: <\/span><\/strong><span style=\"font-family: Arial, sans-serif;\"><span lang=\"\">404<\/span><\/span><span style=\"font-family: Arial, sans-serif;\"><br \/><\/span><strong><span style=\"font-family: Arial, sans-serif;\">Nakladnik: <\/span><\/strong><strong><span style=\"font-family: Arial, sans-serif;\">REDAK<\/span><\/strong><span style=\"font-family: Arial, sans-serif;\"><br \/><\/span><strong><span style=\"font-family: Arial, sans-serif;\">Godina izdanja: <\/span><\/strong><strong><span style=\"font-family: Arial, sans-serif;\">2022<br \/><\/span><\/strong><strong><span style=\"font-family: Arial, sans-serif;\">ISBN:<\/span><\/strong><span style=\"font-family: Arial, sans-serif;\"> 978-953-336-851-1<br \/><\/span><strong><span style=\"font-family: Arial, sans-serif;\">Tisak:<\/span><\/strong><span style=\"font-family: Arial, sans-serif;\"> digitalni tisak knjiga &#8211; print na zahtjev<\/span><\/p>\n<p style=\"text-align: justify;\">\u00a0<\/p>\n<p style=\"text-align: justify;\"><strong>Kako naru\u010diti knjigu?\u00a0<\/strong>Proces online kupovine jednako funkcionira za sve kupce, s jedinom razlikom u tome \u0161to \u0161to kupci iz inozemstva za podru\u010dje dostave moraju odabrati &#8220;Europa&#8221; ili &#8220;Ostale zemlje svijeta&#8221;, a za vrstu pla\u0107anja WSPay (kreditna kartica) ili Virmanom (bankovni transfer).<\/p>\n<p style=\"text-align: justify;\">Molimo kliknite ovdje za\u00a0<a href=\"hr\/kako-kupovati\">detaljni vodi\u010d kroz proces narud\u017ebe<\/a>\u00a0ili nas\u00a0<a href=\"hr\/kontakt\">kontaktirajte<\/a>\u00a0za vi\u0161e informacija.<\/p>\n","protected":false},"excerpt":{"rendered":"<p>Sa\u017eetak: Svezak uklju\u010duje neobjavljenu rukopisnu ostav\u0161tina koja se sastoji od dviju knjiga. Prva je roman \u201e\u010cujemo se, vidimo\u201c, generacijska freska koja prati vi\u0161e desetaka likova mla\u0111e srednje generacije u prepoznatljivom splitskom ambijentu. Druga je knjiga \u201eSvak ima ne\u0161to\u201c, proza koju sama autorica podnaslovljuje \u201ea story, zapravo tri\u201c. Bubi\u0107 je, \u010dini se, svoju prvu i ve\u0107u [&hellip;]<\/p>\n","protected":false},"featured_media":9762,"comment_status":"open","ping_status":"closed","template":"","meta":{"_acf_changed":false},"product_brand":[],"product_cat":[1515,1383,1385],"product_tag":[],"class_list":{"0":"post-9761","1":"product","2":"type-product","3":"status-publish","4":"has-post-thumbnail","6":"product_cat-romani","7":"product_cat-knjige","8":"product_cat-knjizevnost","10":"first","11":"instock","12":"shipping-taxable","13":"purchasable","14":"product-type-simple"},"acf":[],"yoast_head":"<!-- This site is optimized with the Yoast SEO plugin v27.3 - https:\/\/yoast.com\/product\/yoast-seo-wordpress\/ -->\n<title>UVIK ISTO MORE, NIKAD ISTI VAL, Andreja Bubi\u0107 - Web-knji\u017eara<\/title>\n<meta name=\"robots\" content=\"index, follow, max-snippet:-1, max-image-preview:large, max-video-preview:-1\" \/>\n<link rel=\"canonical\" href=\"https:\/\/webknjizara.hr\/proizvod\/uvik-isto-more-nikad-isti-val-andreja-bubic\/\" \/>\n<meta property=\"og:locale\" content=\"en_US\" \/>\n<meta property=\"og:type\" content=\"article\" \/>\n<meta property=\"og:title\" content=\"UVIK ISTO MORE, NIKAD ISTI VAL, Andreja Bubi\u0107 - Web-knji\u017eara\" \/>\n<meta property=\"og:description\" content=\"Sa\u017eetak: Svezak uklju\u010duje neobjavljenu rukopisnu ostav\u0161tina koja se sastoji od dviju knjiga. Prva je roman \u201e\u010cujemo se, vidimo\u201c, generacijska freska koja prati vi\u0161e desetaka likova mla\u0111e srednje generacije u prepoznatljivom splitskom ambijentu. Druga je knjiga \u201eSvak ima ne\u0161to\u201c, proza koju sama autorica podnaslovljuje \u201ea story, zapravo tri\u201c. Bubi\u0107 je, \u010dini se, svoju prvu i ve\u0107u [&hellip;]\" \/>\n<meta property=\"og:url\" content=\"https:\/\/webknjizara.hr\/proizvod\/uvik-isto-more-nikad-isti-val-andreja-bubic\/\" \/>\n<meta property=\"og:site_name\" content=\"Web-knji\u017eara\" \/>\n<meta property=\"article:modified_time\" content=\"2023-02-24T23:13:18+00:00\" \/>\n<meta property=\"og:image\" content=\"https:\/\/webknjizara.hr\/wp-content\/uploads\/nc\/images\/virtuemart\/product\/Andreja_Bubic_Uvik_isto_more_nikad_isti_val_webknjizara_redak_WEB_1304.jpg\" \/>\n\t<meta property=\"og:image:width\" content=\"300\" \/>\n\t<meta property=\"og:image:height\" content=\"419\" \/>\n\t<meta property=\"og:image:type\" content=\"image\/jpeg\" \/>\n<meta name=\"twitter:card\" content=\"summary_large_image\" \/>\n<meta name=\"twitter:label1\" content=\"Est. reading time\" \/>\n\t<meta name=\"twitter:data1\" content=\"1 minute\" \/>\n<script type=\"application\/ld+json\" class=\"yoast-schema-graph\">{\"@context\":\"https:\\\/\\\/schema.org\",\"@graph\":[{\"@type\":\"WebPage\",\"@id\":\"https:\\\/\\\/webknjizara.hr\\\/proizvod\\\/uvik-isto-more-nikad-isti-val-andreja-bubic\\\/\",\"url\":\"https:\\\/\\\/webknjizara.hr\\\/proizvod\\\/uvik-isto-more-nikad-isti-val-andreja-bubic\\\/\",\"name\":\"UVIK ISTO MORE, NIKAD ISTI VAL, Andreja Bubi\u0107 - Web-knji\u017eara\",\"isPartOf\":{\"@id\":\"https:\\\/\\\/webknjizara.hr\\\/#website\"},\"primaryImageOfPage\":{\"@id\":\"https:\\\/\\\/webknjizara.hr\\\/proizvod\\\/uvik-isto-more-nikad-isti-val-andreja-bubic\\\/#primaryimage\"},\"image\":{\"@id\":\"https:\\\/\\\/webknjizara.hr\\\/proizvod\\\/uvik-isto-more-nikad-isti-val-andreja-bubic\\\/#primaryimage\"},\"thumbnailUrl\":\"https:\\\/\\\/webknjizara.hr\\\/wp-content\\\/uploads\\\/nc\\\/images\\\/virtuemart\\\/product\\\/Andreja_Bubic_Uvik_isto_more_nikad_isti_val_webknjizara_redak_WEB_1304.jpg\",\"datePublished\":\"2022-06-17T14:03:10+00:00\",\"dateModified\":\"2023-02-24T23:13:18+00:00\",\"breadcrumb\":{\"@id\":\"https:\\\/\\\/webknjizara.hr\\\/proizvod\\\/uvik-isto-more-nikad-isti-val-andreja-bubic\\\/#breadcrumb\"},\"inLanguage\":\"en-US\",\"potentialAction\":[{\"@type\":\"ReadAction\",\"target\":[\"https:\\\/\\\/webknjizara.hr\\\/proizvod\\\/uvik-isto-more-nikad-isti-val-andreja-bubic\\\/\"]}]},{\"@type\":\"ImageObject\",\"inLanguage\":\"en-US\",\"@id\":\"https:\\\/\\\/webknjizara.hr\\\/proizvod\\\/uvik-isto-more-nikad-isti-val-andreja-bubic\\\/#primaryimage\",\"url\":\"https:\\\/\\\/webknjizara.hr\\\/wp-content\\\/uploads\\\/nc\\\/images\\\/virtuemart\\\/product\\\/Andreja_Bubic_Uvik_isto_more_nikad_isti_val_webknjizara_redak_WEB_1304.jpg\",\"contentUrl\":\"https:\\\/\\\/webknjizara.hr\\\/wp-content\\\/uploads\\\/nc\\\/images\\\/virtuemart\\\/product\\\/Andreja_Bubic_Uvik_isto_more_nikad_isti_val_webknjizara_redak_WEB_1304.jpg\",\"width\":300,\"height\":419,\"caption\":\"UVIK ISTO MORE, NIKAD ISTI VAL, Andreja Bubi\u0107\"},{\"@type\":\"BreadcrumbList\",\"@id\":\"https:\\\/\\\/webknjizara.hr\\\/proizvod\\\/uvik-isto-more-nikad-isti-val-andreja-bubic\\\/#breadcrumb\",\"itemListElement\":[{\"@type\":\"ListItem\",\"position\":1,\"name\":\"Po\u010detna stranica\",\"item\":\"https:\\\/\\\/webknjizara.hr\\\/en\\\/\"},{\"@type\":\"ListItem\",\"position\":2,\"name\":\"Shop\",\"item\":\"https:\\\/\\\/webknjizara.hr\\\/shop\\\/\"},{\"@type\":\"ListItem\",\"position\":3,\"name\":\"UVIK ISTO MORE, NIKAD ISTI VAL, Andreja Bubi\u0107\"}]},{\"@type\":\"WebSite\",\"@id\":\"https:\\\/\\\/webknjizara.hr\\\/#website\",\"url\":\"https:\\\/\\\/webknjizara.hr\\\/\",\"name\":\"Web Knji\u017eara\",\"description\":\"\",\"publisher\":{\"@id\":\"https:\\\/\\\/webknjizara.hr\\\/#organization\"},\"potentialAction\":[{\"@type\":\"SearchAction\",\"target\":{\"@type\":\"EntryPoint\",\"urlTemplate\":\"https:\\\/\\\/webknjizara.hr\\\/?s={search_term_string}\"},\"query-input\":{\"@type\":\"PropertyValueSpecification\",\"valueRequired\":true,\"valueName\":\"search_term_string\"}}],\"inLanguage\":\"en-US\"},{\"@type\":\"Organization\",\"@id\":\"https:\\\/\\\/webknjizara.hr\\\/#organization\",\"name\":\"REDAK D.O.O.\",\"url\":\"https:\\\/\\\/webknjizara.hr\\\/\",\"logo\":{\"@type\":\"ImageObject\",\"inLanguage\":\"en-US\",\"@id\":\"https:\\\/\\\/webknjizara.hr\\\/#\\\/schema\\\/logo\\\/image\\\/\",\"url\":\"https:\\\/\\\/webknjizara.hr\\\/wp-content\\\/uploads\\\/2023\\\/01\\\/web-knjizara-logo.webp\",\"contentUrl\":\"https:\\\/\\\/webknjizara.hr\\\/wp-content\\\/uploads\\\/2023\\\/01\\\/web-knjizara-logo.webp\",\"width\":324,\"height\":79,\"caption\":\"REDAK D.O.O.\"},\"image\":{\"@id\":\"https:\\\/\\\/webknjizara.hr\\\/#\\\/schema\\\/logo\\\/image\\\/\"}}]}<\/script>\n<!-- \/ Yoast SEO plugin. -->","yoast_head_json":{"title":"UVIK ISTO MORE, NIKAD ISTI VAL, Andreja Bubi\u0107 - Web-knji\u017eara","robots":{"index":"index","follow":"follow","max-snippet":"max-snippet:-1","max-image-preview":"max-image-preview:large","max-video-preview":"max-video-preview:-1"},"canonical":"https:\/\/webknjizara.hr\/proizvod\/uvik-isto-more-nikad-isti-val-andreja-bubic\/","og_locale":"en_US","og_type":"article","og_title":"UVIK ISTO MORE, NIKAD ISTI VAL, Andreja Bubi\u0107 - Web-knji\u017eara","og_description":"Sa\u017eetak: Svezak uklju\u010duje neobjavljenu rukopisnu ostav\u0161tina koja se sastoji od dviju knjiga. Prva je roman \u201e\u010cujemo se, vidimo\u201c, generacijska freska koja prati vi\u0161e desetaka likova mla\u0111e srednje generacije u prepoznatljivom splitskom ambijentu. Druga je knjiga \u201eSvak ima ne\u0161to\u201c, proza koju sama autorica podnaslovljuje \u201ea story, zapravo tri\u201c. Bubi\u0107 je, \u010dini se, svoju prvu i ve\u0107u [&hellip;]","og_url":"https:\/\/webknjizara.hr\/proizvod\/uvik-isto-more-nikad-isti-val-andreja-bubic\/","og_site_name":"Web-knji\u017eara","article_modified_time":"2023-02-24T23:13:18+00:00","og_image":[{"width":300,"height":419,"url":"https:\/\/webknjizara.hr\/wp-content\/uploads\/nc\/images\/virtuemart\/product\/Andreja_Bubic_Uvik_isto_more_nikad_isti_val_webknjizara_redak_WEB_1304.jpg","type":"image\/jpeg"}],"twitter_card":"summary_large_image","twitter_misc":{"Est. reading time":"1 minute"},"schema":{"@context":"https:\/\/schema.org","@graph":[{"@type":"WebPage","@id":"https:\/\/webknjizara.hr\/proizvod\/uvik-isto-more-nikad-isti-val-andreja-bubic\/","url":"https:\/\/webknjizara.hr\/proizvod\/uvik-isto-more-nikad-isti-val-andreja-bubic\/","name":"UVIK ISTO MORE, NIKAD ISTI VAL, Andreja Bubi\u0107 - Web-knji\u017eara","isPartOf":{"@id":"https:\/\/webknjizara.hr\/#website"},"primaryImageOfPage":{"@id":"https:\/\/webknjizara.hr\/proizvod\/uvik-isto-more-nikad-isti-val-andreja-bubic\/#primaryimage"},"image":{"@id":"https:\/\/webknjizara.hr\/proizvod\/uvik-isto-more-nikad-isti-val-andreja-bubic\/#primaryimage"},"thumbnailUrl":"https:\/\/webknjizara.hr\/wp-content\/uploads\/nc\/images\/virtuemart\/product\/Andreja_Bubic_Uvik_isto_more_nikad_isti_val_webknjizara_redak_WEB_1304.jpg","datePublished":"2022-06-17T14:03:10+00:00","dateModified":"2023-02-24T23:13:18+00:00","breadcrumb":{"@id":"https:\/\/webknjizara.hr\/proizvod\/uvik-isto-more-nikad-isti-val-andreja-bubic\/#breadcrumb"},"inLanguage":"en-US","potentialAction":[{"@type":"ReadAction","target":["https:\/\/webknjizara.hr\/proizvod\/uvik-isto-more-nikad-isti-val-andreja-bubic\/"]}]},{"@type":"ImageObject","inLanguage":"en-US","@id":"https:\/\/webknjizara.hr\/proizvod\/uvik-isto-more-nikad-isti-val-andreja-bubic\/#primaryimage","url":"https:\/\/webknjizara.hr\/wp-content\/uploads\/nc\/images\/virtuemart\/product\/Andreja_Bubic_Uvik_isto_more_nikad_isti_val_webknjizara_redak_WEB_1304.jpg","contentUrl":"https:\/\/webknjizara.hr\/wp-content\/uploads\/nc\/images\/virtuemart\/product\/Andreja_Bubic_Uvik_isto_more_nikad_isti_val_webknjizara_redak_WEB_1304.jpg","width":300,"height":419,"caption":"UVIK ISTO MORE, NIKAD ISTI VAL, Andreja Bubi\u0107"},{"@type":"BreadcrumbList","@id":"https:\/\/webknjizara.hr\/proizvod\/uvik-isto-more-nikad-isti-val-andreja-bubic\/#breadcrumb","itemListElement":[{"@type":"ListItem","position":1,"name":"Po\u010detna stranica","item":"https:\/\/webknjizara.hr\/en\/"},{"@type":"ListItem","position":2,"name":"Shop","item":"https:\/\/webknjizara.hr\/shop\/"},{"@type":"ListItem","position":3,"name":"UVIK ISTO MORE, NIKAD ISTI VAL, Andreja Bubi\u0107"}]},{"@type":"WebSite","@id":"https:\/\/webknjizara.hr\/#website","url":"https:\/\/webknjizara.hr\/","name":"Web Knji\u017eara","description":"","publisher":{"@id":"https:\/\/webknjizara.hr\/#organization"},"potentialAction":[{"@type":"SearchAction","target":{"@type":"EntryPoint","urlTemplate":"https:\/\/webknjizara.hr\/?s={search_term_string}"},"query-input":{"@type":"PropertyValueSpecification","valueRequired":true,"valueName":"search_term_string"}}],"inLanguage":"en-US"},{"@type":"Organization","@id":"https:\/\/webknjizara.hr\/#organization","name":"REDAK D.O.O.","url":"https:\/\/webknjizara.hr\/","logo":{"@type":"ImageObject","inLanguage":"en-US","@id":"https:\/\/webknjizara.hr\/#\/schema\/logo\/image\/","url":"https:\/\/webknjizara.hr\/wp-content\/uploads\/2023\/01\/web-knjizara-logo.webp","contentUrl":"https:\/\/webknjizara.hr\/wp-content\/uploads\/2023\/01\/web-knjizara-logo.webp","width":324,"height":79,"caption":"REDAK D.O.O."},"image":{"@id":"https:\/\/webknjizara.hr\/#\/schema\/logo\/image\/"}}]}},"_links":{"self":[{"href":"https:\/\/webknjizara.hr\/en\/wp-json\/wp\/v2\/product\/9761","targetHints":{"allow":["GET"]}}],"collection":[{"href":"https:\/\/webknjizara.hr\/en\/wp-json\/wp\/v2\/product"}],"about":[{"href":"https:\/\/webknjizara.hr\/en\/wp-json\/wp\/v2\/types\/product"}],"replies":[{"embeddable":true,"href":"https:\/\/webknjizara.hr\/en\/wp-json\/wp\/v2\/comments?post=9761"}],"wp:featuredmedia":[{"embeddable":true,"href":"https:\/\/webknjizara.hr\/en\/wp-json\/wp\/v2\/media\/9762"}],"wp:attachment":[{"href":"https:\/\/webknjizara.hr\/en\/wp-json\/wp\/v2\/media?parent=9761"}],"wp:term":[{"taxonomy":"product_brand","embeddable":true,"href":"https:\/\/webknjizara.hr\/en\/wp-json\/wp\/v2\/product_brand?post=9761"},{"taxonomy":"product_cat","embeddable":true,"href":"https:\/\/webknjizara.hr\/en\/wp-json\/wp\/v2\/product_cat?post=9761"},{"taxonomy":"product_tag","embeddable":true,"href":"https:\/\/webknjizara.hr\/en\/wp-json\/wp\/v2\/product_tag?post=9761"}],"curies":[{"name":"wp","href":"https:\/\/api.w.org\/{rel}","templated":true}]}}