{"id":9759,"date":"2022-06-15T14:13:19","date_gmt":"2022-06-15T14:13:19","guid":{"rendered":"https:\/\/webknjizara.hr\/?product=prijenos-topline-i-tvari-neven-ninic-ivan-tolj"},"modified":"2023-02-25T00:13:21","modified_gmt":"2023-02-24T23:13:21","slug":"prijenos-topline-i-tvari-neven-ninic-ivan-tolj","status":"publish","type":"product","link":"https:\/\/webknjizara.hr\/en\/proizvod\/prijenos-topline-i-tvari-neven-ninic-ivan-tolj\/","title":{"rendered":"PRIJENOS TOPLINE I TVARI, Neven Nini\u0107, Ivan Tolj"},"content":{"rendered":"<p><span style=\"font-family: Arial, sans-serif;\"><span lang=\"hr-HR\"><b>Sa\u017eetak:<\/b><\/span><\/span><\/p>\n<p>Te\u010daj prijenosa topline i tvari uveden je na diplomskom studiju strojarstva da bi se studentima omogu\u0107ilo rje\u0161avanje problema koji nisu sasvim standardni. To su slo\u017eeniji slu\u010dajevi provo\u0111enja topline, poznavanje mehanizama konvekcije i simultani prijenos topline i tvari. Ono \u0161to sva spomenuta razli\u010dita podru\u010dja povezuje jesu zajedni\u010dki op\u0107i zakoni o\u010duvanja energije, koli\u010dine gibanja i tvari (naj\u010de\u0161\u0107e izra\u017eene masom), te empirijski zakoni njihova prijenosa. U izlaganju gradiva u svim dijelovima matemati\u010dka su izvo\u0111enja povezana s detaljnim interpretacijama njihova fizi\u010dkog sadr\u017eaja.<\/p>\n<p>\u00a0<\/p>\n<p><span style=\"font-family: Arial, sans-serif;\"><span lang=\"hr-HR\"><b>Bilje\u0161ka o autorima: <\/b><\/span><\/span><\/p>\n<p>Prof. dr. sc. Neven Nini\u0107 umirovljeni je redoviti profesore Fakulteta elektrotehnike, strojarstva i brodogradnje. Njegovo podru\u010dje interesa jesu termodinamika i pretvorbe energije.<\/p>\n<p>Doc. dr. sc. Ivan Tolj docent je na Fakultetu elektrotehnike, strojarstva i brodogradnje. Njegovo podru\u010dje interesa je termodinamika, gorivni \u010dlanci i vodikovi energetski sustavi.<\/p>\n<p><span style=\"font-family: Arial, sans-serif;\"><span lang=\"hr-HR\"><b>Klju\u010dne rije\u010di: <\/b><\/span><\/span>Prijenos topline i tvari, metoda kontrolnih volumena, simultani prijenos topline i tvari u rashladnim tornjevima, vla\u017eni zrak<\/p>\n<p><span style=\"font-family: Arial, sans-serif;\"><span lang=\"hr-HR\"><b>E-mail: <a href=\"mailto:vpapic@fesb.hr\" target=\"_blank\" rel=\"noopener noreferrer\">Kontakt<\/a><\/b><\/span><\/span><\/p>\n<p lang=\"hr-HR\">\u00a0<\/p>\n<p><strong><span style=\"font-family: Arial, sans-serif;\">Naslov: <\/span><\/strong><strong><span style=\"font-family: Arial, sans-serif;\">Prijenos topline i tvari<\/span><\/strong><span style=\"font-family: Arial, sans-serif;\"><br \/><\/span><strong><span style=\"font-family: Arial, sans-serif;\">Autori:<\/span><\/strong><span style=\"font-family: Arial, sans-serif;\"> Neven Nini\u0107, Ivan Tolj<br \/><\/span><strong><span style=\"font-family: Arial, sans-serif;\">Broj stranica: <\/span><\/strong><span style=\"font-family: Arial, sans-serif;\"><span lang=\"\">118<\/span><\/span><span style=\"font-family: Arial, sans-serif;\"><br \/><\/span><strong><span style=\"font-family: Arial, sans-serif;\">Nakladnik: <\/span><\/strong><strong><span style=\"font-family: Arial, sans-serif;\">FESB<\/span><\/strong><span style=\"font-family: Arial, sans-serif;\"><br \/><\/span><strong><span style=\"font-family: Arial, sans-serif;\">Godina izdanja: <\/span><\/strong><strong><span style=\"font-family: Arial, sans-serif;\">2022.<br \/><\/span><\/strong><strong><span style=\"font-family: Arial, sans-serif;\">ISBN:<\/span><\/strong><span style=\"font-family: Arial, sans-serif;\"> 978-953-290-110-8<br \/><\/span><strong><span style=\"font-family: Arial, sans-serif;\">Tisak:<\/span><\/strong><span style=\"font-family: Arial, sans-serif;\"> digitalni tisak knjiga &#8211; print na zahtjev<\/span><\/p>\n<p style=\"text-align: justify;\">\u00a0<\/p>\n<p style=\"text-align: justify;\"><strong>Kako naru\u010diti knjigu?\u00a0<\/strong>Proces online kupovine jednako funkcionira za sve kupce, s jedinom razlikom u tome \u0161to \u0161to kupci iz inozemstva za podru\u010dje dostave moraju odabrati &#8220;Europa&#8221; ili &#8220;Ostale zemlje svijeta&#8221;, a za vrstu pla\u0107anja WSPay (kreditna kartica) ili Virmanom (bankovni transfer).<\/p>\n<p style=\"text-align: justify;\">Molimo kliknite ovdje za\u00a0<a href=\"hr\/kako-kupovati\">detaljni vodi\u010d kroz proces narud\u017ebe<\/a>\u00a0ili nas\u00a0<a href=\"hr\/kontakt\">kontaktirajte<\/a>\u00a0za vi\u0161e informacija.<\/p>\n","protected":false},"excerpt":{"rendered":"<p>Sa\u017eetak: Te\u010daj prijenosa topline i tvari uveden je na diplomskom studiju strojarstva da bi se studentima omogu\u0107ilo rje\u0161avanje problema koji nisu sasvim standardni. To su slo\u017eeniji slu\u010dajevi provo\u0111enja topline, poznavanje mehanizama konvekcije i simultani prijenos topline i tvari. Ono \u0161to sva spomenuta razli\u010dita podru\u010dja povezuje jesu zajedni\u010dki op\u0107i zakoni o\u010duvanja energije, koli\u010dine gibanja i tvari [&hellip;]<\/p>\n","protected":false},"featured_media":9760,"comment_status":"open","ping_status":"closed","template":"","meta":{"_acf_changed":false},"product_brand":[],"product_cat":[1517],"product_tag":[],"class_list":{"0":"post-9759","1":"product","2":"type-product","3":"status-publish","4":"has-post-thumbnail","6":"product_cat-strucna-literatura","8":"first","9":"instock","10":"shipping-taxable","11":"purchasable","12":"product-type-simple"},"acf":[],"yoast_head":"<!-- This site is optimized with the Yoast SEO plugin v27.3 - https:\/\/yoast.com\/product\/yoast-seo-wordpress\/ -->\n<title>PRIJENOS TOPLINE I TVARI, Neven Nini\u0107, Ivan Tolj - Web-knji\u017eara<\/title>\n<meta name=\"robots\" content=\"index, follow, max-snippet:-1, max-image-preview:large, max-video-preview:-1\" \/>\n<link rel=\"canonical\" href=\"https:\/\/webknjizara.hr\/proizvod\/prijenos-topline-i-tvari-neven-ninic-ivan-tolj\/\" \/>\n<meta property=\"og:locale\" content=\"en_US\" \/>\n<meta property=\"og:type\" content=\"article\" \/>\n<meta property=\"og:title\" content=\"PRIJENOS TOPLINE I TVARI, Neven Nini\u0107, Ivan Tolj - Web-knji\u017eara\" \/>\n<meta property=\"og:description\" content=\"Sa\u017eetak: Te\u010daj prijenosa topline i tvari uveden je na diplomskom studiju strojarstva da bi se studentima omogu\u0107ilo rje\u0161avanje problema koji nisu sasvim standardni. To su slo\u017eeniji slu\u010dajevi provo\u0111enja topline, poznavanje mehanizama konvekcije i simultani prijenos topline i tvari. Ono \u0161to sva spomenuta razli\u010dita podru\u010dja povezuje jesu zajedni\u010dki op\u0107i zakoni o\u010duvanja energije, koli\u010dine gibanja i tvari [&hellip;]\" \/>\n<meta property=\"og:url\" content=\"https:\/\/webknjizara.hr\/proizvod\/prijenos-topline-i-tvari-neven-ninic-ivan-tolj\/\" \/>\n<meta property=\"og:site_name\" content=\"Web-knji\u017eara\" \/>\n<meta property=\"article:modified_time\" content=\"2023-02-24T23:13:21+00:00\" \/>\n<meta property=\"og:image\" content=\"https:\/\/webknjizara.hr\/wp-content\/uploads\/nc\/images\/virtuemart\/product\/Neven_Ninic_Ivan_Tolj_Prijenos_topline_i_tvari_webknjizara_redak_WEB_1278.jpg\" \/>\n\t<meta property=\"og:image:width\" content=\"300\" \/>\n\t<meta property=\"og:image:height\" content=\"419\" \/>\n\t<meta property=\"og:image:type\" content=\"image\/jpeg\" \/>\n<meta name=\"twitter:card\" content=\"summary_large_image\" \/>\n<meta name=\"twitter:label1\" content=\"Est. reading time\" \/>\n\t<meta name=\"twitter:data1\" content=\"1 minute\" \/>\n<script type=\"application\/ld+json\" class=\"yoast-schema-graph\">{\"@context\":\"https:\\\/\\\/schema.org\",\"@graph\":[{\"@type\":\"WebPage\",\"@id\":\"https:\\\/\\\/webknjizara.hr\\\/proizvod\\\/prijenos-topline-i-tvari-neven-ninic-ivan-tolj\\\/\",\"url\":\"https:\\\/\\\/webknjizara.hr\\\/proizvod\\\/prijenos-topline-i-tvari-neven-ninic-ivan-tolj\\\/\",\"name\":\"PRIJENOS TOPLINE I TVARI, Neven Nini\u0107, Ivan Tolj - Web-knji\u017eara\",\"isPartOf\":{\"@id\":\"https:\\\/\\\/webknjizara.hr\\\/#website\"},\"primaryImageOfPage\":{\"@id\":\"https:\\\/\\\/webknjizara.hr\\\/proizvod\\\/prijenos-topline-i-tvari-neven-ninic-ivan-tolj\\\/#primaryimage\"},\"image\":{\"@id\":\"https:\\\/\\\/webknjizara.hr\\\/proizvod\\\/prijenos-topline-i-tvari-neven-ninic-ivan-tolj\\\/#primaryimage\"},\"thumbnailUrl\":\"https:\\\/\\\/webknjizara.hr\\\/wp-content\\\/uploads\\\/nc\\\/images\\\/virtuemart\\\/product\\\/Neven_Ninic_Ivan_Tolj_Prijenos_topline_i_tvari_webknjizara_redak_WEB_1278.jpg\",\"datePublished\":\"2022-06-15T14:13:19+00:00\",\"dateModified\":\"2023-02-24T23:13:21+00:00\",\"breadcrumb\":{\"@id\":\"https:\\\/\\\/webknjizara.hr\\\/proizvod\\\/prijenos-topline-i-tvari-neven-ninic-ivan-tolj\\\/#breadcrumb\"},\"inLanguage\":\"en-US\",\"potentialAction\":[{\"@type\":\"ReadAction\",\"target\":[\"https:\\\/\\\/webknjizara.hr\\\/proizvod\\\/prijenos-topline-i-tvari-neven-ninic-ivan-tolj\\\/\"]}]},{\"@type\":\"ImageObject\",\"inLanguage\":\"en-US\",\"@id\":\"https:\\\/\\\/webknjizara.hr\\\/proizvod\\\/prijenos-topline-i-tvari-neven-ninic-ivan-tolj\\\/#primaryimage\",\"url\":\"https:\\\/\\\/webknjizara.hr\\\/wp-content\\\/uploads\\\/nc\\\/images\\\/virtuemart\\\/product\\\/Neven_Ninic_Ivan_Tolj_Prijenos_topline_i_tvari_webknjizara_redak_WEB_1278.jpg\",\"contentUrl\":\"https:\\\/\\\/webknjizara.hr\\\/wp-content\\\/uploads\\\/nc\\\/images\\\/virtuemart\\\/product\\\/Neven_Ninic_Ivan_Tolj_Prijenos_topline_i_tvari_webknjizara_redak_WEB_1278.jpg\",\"width\":300,\"height\":419,\"caption\":\"PRIJENOS TOPLINE I TVARI, Neven Nini\u0107, Ivan Tolj\"},{\"@type\":\"BreadcrumbList\",\"@id\":\"https:\\\/\\\/webknjizara.hr\\\/proizvod\\\/prijenos-topline-i-tvari-neven-ninic-ivan-tolj\\\/#breadcrumb\",\"itemListElement\":[{\"@type\":\"ListItem\",\"position\":1,\"name\":\"Po\u010detna stranica\",\"item\":\"https:\\\/\\\/webknjizara.hr\\\/en\\\/\"},{\"@type\":\"ListItem\",\"position\":2,\"name\":\"Shop\",\"item\":\"https:\\\/\\\/webknjizara.hr\\\/shop\\\/\"},{\"@type\":\"ListItem\",\"position\":3,\"name\":\"PRIJENOS TOPLINE I TVARI, Neven Nini\u0107, Ivan Tolj\"}]},{\"@type\":\"WebSite\",\"@id\":\"https:\\\/\\\/webknjizara.hr\\\/#website\",\"url\":\"https:\\\/\\\/webknjizara.hr\\\/\",\"name\":\"Web Knji\u017eara\",\"description\":\"\",\"publisher\":{\"@id\":\"https:\\\/\\\/webknjizara.hr\\\/#organization\"},\"potentialAction\":[{\"@type\":\"SearchAction\",\"target\":{\"@type\":\"EntryPoint\",\"urlTemplate\":\"https:\\\/\\\/webknjizara.hr\\\/?s={search_term_string}\"},\"query-input\":{\"@type\":\"PropertyValueSpecification\",\"valueRequired\":true,\"valueName\":\"search_term_string\"}}],\"inLanguage\":\"en-US\"},{\"@type\":\"Organization\",\"@id\":\"https:\\\/\\\/webknjizara.hr\\\/#organization\",\"name\":\"REDAK D.O.O.\",\"url\":\"https:\\\/\\\/webknjizara.hr\\\/\",\"logo\":{\"@type\":\"ImageObject\",\"inLanguage\":\"en-US\",\"@id\":\"https:\\\/\\\/webknjizara.hr\\\/#\\\/schema\\\/logo\\\/image\\\/\",\"url\":\"https:\\\/\\\/webknjizara.hr\\\/wp-content\\\/uploads\\\/2023\\\/01\\\/web-knjizara-logo.webp\",\"contentUrl\":\"https:\\\/\\\/webknjizara.hr\\\/wp-content\\\/uploads\\\/2023\\\/01\\\/web-knjizara-logo.webp\",\"width\":324,\"height\":79,\"caption\":\"REDAK D.O.O.\"},\"image\":{\"@id\":\"https:\\\/\\\/webknjizara.hr\\\/#\\\/schema\\\/logo\\\/image\\\/\"}}]}<\/script>\n<!-- \/ Yoast SEO plugin. -->","yoast_head_json":{"title":"PRIJENOS TOPLINE I TVARI, Neven Nini\u0107, Ivan Tolj - Web-knji\u017eara","robots":{"index":"index","follow":"follow","max-snippet":"max-snippet:-1","max-image-preview":"max-image-preview:large","max-video-preview":"max-video-preview:-1"},"canonical":"https:\/\/webknjizara.hr\/proizvod\/prijenos-topline-i-tvari-neven-ninic-ivan-tolj\/","og_locale":"en_US","og_type":"article","og_title":"PRIJENOS TOPLINE I TVARI, Neven Nini\u0107, Ivan Tolj - Web-knji\u017eara","og_description":"Sa\u017eetak: Te\u010daj prijenosa topline i tvari uveden je na diplomskom studiju strojarstva da bi se studentima omogu\u0107ilo rje\u0161avanje problema koji nisu sasvim standardni. To su slo\u017eeniji slu\u010dajevi provo\u0111enja topline, poznavanje mehanizama konvekcije i simultani prijenos topline i tvari. Ono \u0161to sva spomenuta razli\u010dita podru\u010dja povezuje jesu zajedni\u010dki op\u0107i zakoni o\u010duvanja energije, koli\u010dine gibanja i tvari [&hellip;]","og_url":"https:\/\/webknjizara.hr\/proizvod\/prijenos-topline-i-tvari-neven-ninic-ivan-tolj\/","og_site_name":"Web-knji\u017eara","article_modified_time":"2023-02-24T23:13:21+00:00","og_image":[{"width":300,"height":419,"url":"https:\/\/webknjizara.hr\/wp-content\/uploads\/nc\/images\/virtuemart\/product\/Neven_Ninic_Ivan_Tolj_Prijenos_topline_i_tvari_webknjizara_redak_WEB_1278.jpg","type":"image\/jpeg"}],"twitter_card":"summary_large_image","twitter_misc":{"Est. reading time":"1 minute"},"schema":{"@context":"https:\/\/schema.org","@graph":[{"@type":"WebPage","@id":"https:\/\/webknjizara.hr\/proizvod\/prijenos-topline-i-tvari-neven-ninic-ivan-tolj\/","url":"https:\/\/webknjizara.hr\/proizvod\/prijenos-topline-i-tvari-neven-ninic-ivan-tolj\/","name":"PRIJENOS TOPLINE I TVARI, Neven Nini\u0107, Ivan Tolj - Web-knji\u017eara","isPartOf":{"@id":"https:\/\/webknjizara.hr\/#website"},"primaryImageOfPage":{"@id":"https:\/\/webknjizara.hr\/proizvod\/prijenos-topline-i-tvari-neven-ninic-ivan-tolj\/#primaryimage"},"image":{"@id":"https:\/\/webknjizara.hr\/proizvod\/prijenos-topline-i-tvari-neven-ninic-ivan-tolj\/#primaryimage"},"thumbnailUrl":"https:\/\/webknjizara.hr\/wp-content\/uploads\/nc\/images\/virtuemart\/product\/Neven_Ninic_Ivan_Tolj_Prijenos_topline_i_tvari_webknjizara_redak_WEB_1278.jpg","datePublished":"2022-06-15T14:13:19+00:00","dateModified":"2023-02-24T23:13:21+00:00","breadcrumb":{"@id":"https:\/\/webknjizara.hr\/proizvod\/prijenos-topline-i-tvari-neven-ninic-ivan-tolj\/#breadcrumb"},"inLanguage":"en-US","potentialAction":[{"@type":"ReadAction","target":["https:\/\/webknjizara.hr\/proizvod\/prijenos-topline-i-tvari-neven-ninic-ivan-tolj\/"]}]},{"@type":"ImageObject","inLanguage":"en-US","@id":"https:\/\/webknjizara.hr\/proizvod\/prijenos-topline-i-tvari-neven-ninic-ivan-tolj\/#primaryimage","url":"https:\/\/webknjizara.hr\/wp-content\/uploads\/nc\/images\/virtuemart\/product\/Neven_Ninic_Ivan_Tolj_Prijenos_topline_i_tvari_webknjizara_redak_WEB_1278.jpg","contentUrl":"https:\/\/webknjizara.hr\/wp-content\/uploads\/nc\/images\/virtuemart\/product\/Neven_Ninic_Ivan_Tolj_Prijenos_topline_i_tvari_webknjizara_redak_WEB_1278.jpg","width":300,"height":419,"caption":"PRIJENOS TOPLINE I TVARI, Neven Nini\u0107, Ivan Tolj"},{"@type":"BreadcrumbList","@id":"https:\/\/webknjizara.hr\/proizvod\/prijenos-topline-i-tvari-neven-ninic-ivan-tolj\/#breadcrumb","itemListElement":[{"@type":"ListItem","position":1,"name":"Po\u010detna stranica","item":"https:\/\/webknjizara.hr\/en\/"},{"@type":"ListItem","position":2,"name":"Shop","item":"https:\/\/webknjizara.hr\/shop\/"},{"@type":"ListItem","position":3,"name":"PRIJENOS TOPLINE I TVARI, Neven Nini\u0107, Ivan Tolj"}]},{"@type":"WebSite","@id":"https:\/\/webknjizara.hr\/#website","url":"https:\/\/webknjizara.hr\/","name":"Web Knji\u017eara","description":"","publisher":{"@id":"https:\/\/webknjizara.hr\/#organization"},"potentialAction":[{"@type":"SearchAction","target":{"@type":"EntryPoint","urlTemplate":"https:\/\/webknjizara.hr\/?s={search_term_string}"},"query-input":{"@type":"PropertyValueSpecification","valueRequired":true,"valueName":"search_term_string"}}],"inLanguage":"en-US"},{"@type":"Organization","@id":"https:\/\/webknjizara.hr\/#organization","name":"REDAK D.O.O.","url":"https:\/\/webknjizara.hr\/","logo":{"@type":"ImageObject","inLanguage":"en-US","@id":"https:\/\/webknjizara.hr\/#\/schema\/logo\/image\/","url":"https:\/\/webknjizara.hr\/wp-content\/uploads\/2023\/01\/web-knjizara-logo.webp","contentUrl":"https:\/\/webknjizara.hr\/wp-content\/uploads\/2023\/01\/web-knjizara-logo.webp","width":324,"height":79,"caption":"REDAK D.O.O."},"image":{"@id":"https:\/\/webknjizara.hr\/#\/schema\/logo\/image\/"}}]}},"_links":{"self":[{"href":"https:\/\/webknjizara.hr\/en\/wp-json\/wp\/v2\/product\/9759","targetHints":{"allow":["GET"]}}],"collection":[{"href":"https:\/\/webknjizara.hr\/en\/wp-json\/wp\/v2\/product"}],"about":[{"href":"https:\/\/webknjizara.hr\/en\/wp-json\/wp\/v2\/types\/product"}],"replies":[{"embeddable":true,"href":"https:\/\/webknjizara.hr\/en\/wp-json\/wp\/v2\/comments?post=9759"}],"wp:featuredmedia":[{"embeddable":true,"href":"https:\/\/webknjizara.hr\/en\/wp-json\/wp\/v2\/media\/9760"}],"wp:attachment":[{"href":"https:\/\/webknjizara.hr\/en\/wp-json\/wp\/v2\/media?parent=9759"}],"wp:term":[{"taxonomy":"product_brand","embeddable":true,"href":"https:\/\/webknjizara.hr\/en\/wp-json\/wp\/v2\/product_brand?post=9759"},{"taxonomy":"product_cat","embeddable":true,"href":"https:\/\/webknjizara.hr\/en\/wp-json\/wp\/v2\/product_cat?post=9759"},{"taxonomy":"product_tag","embeddable":true,"href":"https:\/\/webknjizara.hr\/en\/wp-json\/wp\/v2\/product_tag?post=9759"}],"curies":[{"name":"wp","href":"https:\/\/api.w.org\/{rel}","templated":true}]}}