{"id":9747,"date":"2022-05-24T14:38:11","date_gmt":"2022-05-24T14:38:11","guid":{"rendered":"https:\/\/webknjizara.hr\/?product=tankeri-alen-gospic-i-marko-ostric"},"modified":"2023-02-25T00:17:42","modified_gmt":"2023-02-24T23:17:42","slug":"tankeri-alen-gospic-i-marko-ostric","status":"publish","type":"product","link":"https:\/\/webknjizara.hr\/en\/proizvod\/tankeri-alen-gospic-i-marko-ostric\/","title":{"rendered":"TANKERI, Alen Gospi\u0107 i Marko O\u0161tri\u0107"},"content":{"rendered":"<p><span style=\"font-family: Arial, sans-serif;\"><span lang=\"hr-HR\"><b>Sa\u017eetak:<\/b><\/span><\/span><\/p>\n<p>Priru\u010dnik daje detaljan opis tankera gdje su u jednoj knjizi sa\u017eeta obja\u0161njenja opreme i ura\u0111aja te manipulacija teretom na raznim vrstama tankera.Iskustvo,znanje i kopetencija sa\u017eeta u jednoj knjizi kao rezultat dugogodi\u0161nje plovidbe autora kao kapetana na svjetskih stranim kompanijama na raznim vrstama tankera.U svrhu povec\u0301anja sigurnosti i podizanje svijesti me\u0111u c\u030clanovima posade na tankerima, studentima i uc\u030ceni- cima koji c\u0301e sigurno ploviti svjetskim morima na ovim specijalnim brodovima za prijevoz tekuc\u0301eg tereta, knjiga daje kompletan uvid i upoznavanje s tematikom tankera. Knjiga je jako korisna profesionalcima za polaganje te\u010dajeva D13A,D13B,D14,D15,D16.<\/p>\n<p>\u00a0<\/p>\n<p align=\"JUSTIFY\"><span style=\"font-family: Arial, sans-serif;\"><span lang=\"hr-HR\"><b>Bilje\u0161ka o autorima:<\/b><\/span><\/span><\/p>\n<p align=\"JUSTIFY\"><span style=\"color: #222222;\">Alen Gospi\u0107 ro\u0111en je 23. travnja 1979. u Zadru. Nakon zavr\u0161ene srednje pomorske \u0161kole u Zadru, upisuje Pomorski fakultet u Rijeci gdje 2001. stje\u010de zvanje mag. ing. pp. naut. Od tada aktivno plovi na svjetskim kompanijama kao \u010dasnik i zapovjednik broda. Predava\u010d je za AdriaLibar i Apave Mare od 2016. Nesebi\u010dno dijele\u0107i svoje znanje i iskustvo, u Hrvatskoj i po svijetu aktivno promovira pomorstvo i obrazuje studente, pomorce, profesionalce vezane za more. \u010clan je i delegat udruge kapetana grada Zadra, istaknuti predava\u010d na svjetskim kolegijima, prezentacijama i kompanijama. Autor je knjiga: Sredstva za spa\u0161avanje i njihova primjena na <\/span><span style=\"color: #222222;\"><i>chem-oil tankerima <\/i><\/span><span style=\"color: #222222;\">(Redak, 2018.), Piratstvo na moru\/Jesmo li sigurni (Redak, 2019), Sredstva za ga\u0161enje po\u017eara i njihova primjena na tankerima (Redak, 2022).<\/span><\/p>\n<p align=\"JUSTIFY\"><span style=\"color: #222222;\">Marko O\u0161tri\u0107 ro\u0111en je 23. lipnja 1978. u Zadru. Nakon zavr\u0161ene srednje pomorske \u0161kole u Zadru, upisuje Pomorski fakultet u Rijeci gdje stje\u010de zvanje ing. pp. naut. 2001. Od tada aktivno plovi za velike svjetske kompanije. Predava\u010d je za AdriaLibar od 2019. Ovla\u0161teni je sudski vje\u0161tak za pomorstvo. Godine 2020. osnovao je poseban odjel u tvrtki Eicos d. o. o. koja se bavi istragom pomorskih nesre\u0107a. Od 2021. godine radi kao DPA\/CSO\/Marine superintendent za tvrtku Sabina Travel. Autor je stru\u010dne knjige <\/span><span style=\"color: #222222;\"><i>Maritime cyber security<\/i><\/span><span style=\"color: #222222;\">.<\/span><\/p>\n<p><span style=\"font-family: Arial, sans-serif;\"><span lang=\"hr-HR\"><b>Klju\u010dne rije\u010di: <\/b><\/span><\/span>Tanker, brod, inert gas, LNG, LPG, produkt tanker,kemikal tanker,teku\u0107i teret,rashla\u0111eni teret,<\/p>\n<p><span style=\"font-family: Arial, sans-serif;\"><span lang=\"hr-HR\"><b>Link: <\/b><\/span><\/span><a href=\"http:\/\/www.alegospic.com\/\" target=\"_blank\" rel=\"noopener noreferrer\">https:\/<span style=\"color: #0000ff;\"><u>www.alegospic.com<\/u><\/span><\/a> \/ <a href=\"https:\/\/www.eicos-rijeka.com\/\" target=\"_blank\" rel=\"noopener noreferrer\">https:\/\/www.eicos-rijeka.com\/<\/a><\/p>\n<p><span style=\"font-family: Arial, sans-serif;\"><span lang=\"hr-HR\"><b>E-mail: <\/b><\/span><\/span><span style=\"color: #000000;\"> <a href=\"mailto:alen.gospic@gmail.com\" target=\"_blank\" rel=\"noopener noreferrer\">Kontakt<\/a><\/span><\/p>\n<p lang=\"hr-HR\">\u00a0<\/p>\n<p><strong><span style=\"font-family: Arial, sans-serif;\">Naslov: <\/span><\/strong><strong><span style=\"font-family: Arial, sans-serif;\">TANKERI<\/span><\/strong><span style=\"font-family: Arial, sans-serif;\"><br \/><\/span><strong><span style=\"font-family: Arial, sans-serif;\">Autori:<\/span><\/strong> <span style=\"font-size: medium;\">Alen Gospi\u0107, <\/span><span style=\"color: #222222;\"><span style=\"font-size: medium;\">Marko O\u0161tri\u0107<\/span><\/span><span style=\"font-family: Arial, sans-serif;\"><br \/><\/span><strong><span style=\"font-family: Arial, sans-serif;\">Broj stranica: <\/span><\/strong><span style=\"font-family: Arial, sans-serif;\"><span lang=\"\">178<\/span><\/span><span style=\"font-family: Arial, sans-serif;\"><br \/><\/span><strong><span style=\"font-family: Arial, sans-serif;\">Nakladnik: <\/span><\/strong><strong><span style=\"font-family: Arial, sans-serif;\">REDAK<\/span><\/strong><span style=\"font-family: Arial, sans-serif;\"><br \/><\/span><strong><span style=\"font-family: Arial, sans-serif;\">Godina izdanja: <\/span><\/strong><strong><span style=\"font-family: Arial, sans-serif;\">2022.<br \/><\/span><\/strong><strong><span style=\"font-family: Arial, sans-serif;\">ISBN:<\/span><\/strong><span style=\"font-family: Arial, sans-serif;\"> 978-953-336-833-7<br \/><\/span><strong><span style=\"font-family: Arial, sans-serif;\">Tisak:<\/span><\/strong><span style=\"font-family: Arial, sans-serif;\"> digitalni tisak knjiga &#8211; print na zahtjev<\/span><\/p>\n<p style=\"text-align: justify;\">\u00a0<\/p>\n<p style=\"text-align: justify;\"><strong>Kako naru\u010diti knjigu?\u00a0<\/strong>Proces online kupovine jednako funkcionira za sve kupce, s jedinom razlikom u tome \u0161to \u0161to kupci iz inozemstva za podru\u010dje dostave moraju odabrati &#8220;Europa&#8221; ili &#8220;Ostale zemlje svijeta&#8221;, a za vrstu pla\u0107anja WSPay (kreditna kartica) ili Virmanom (bankovni transfer).<\/p>\n<p style=\"text-align: justify;\">Molimo kliknite ovdje za\u00a0<a href=\"hr\/kako-kupovati\">detaljni vodi\u010d kroz proces narud\u017ebe<\/a>\u00a0ili nas\u00a0<a href=\"hr\/kontakt\">kontaktirajte<\/a>\u00a0za vi\u0161e informacija.<\/p>\n","protected":false},"excerpt":{"rendered":"<p>Sa\u017eetak: Priru\u010dnik daje detaljan opis tankera gdje su u jednoj knjizi sa\u017eeta obja\u0161njenja opreme i ura\u0111aja te manipulacija teretom na raznim vrstama tankera.Iskustvo,znanje i kopetencija sa\u017eeta u jednoj knjizi kao rezultat dugogodi\u0161nje plovidbe autora kao kapetana na svjetskih stranim kompanijama na raznim vrstama tankera.U svrhu povec\u0301anja sigurnosti i podizanje svijesti me\u0111u c\u030clanovima posade na tankerima, [&hellip;]<\/p>\n","protected":false},"featured_media":9748,"comment_status":"open","ping_status":"closed","template":"","meta":{"_acf_changed":false},"product_brand":[],"product_cat":[1517],"product_tag":[],"class_list":{"0":"post-9747","1":"product","2":"type-product","3":"status-publish","4":"has-post-thumbnail","6":"product_cat-strucna-literatura","8":"first","9":"instock","10":"shipping-taxable","11":"purchasable","12":"product-type-simple"},"acf":[],"yoast_head":"<!-- This site is optimized with the Yoast SEO plugin v27.3 - https:\/\/yoast.com\/product\/yoast-seo-wordpress\/ -->\n<title>TANKERI, Alen Gospi\u0107 i Marko O\u0161tri\u0107 - Web-knji\u017eara<\/title>\n<meta name=\"robots\" content=\"index, follow, max-snippet:-1, max-image-preview:large, max-video-preview:-1\" \/>\n<link rel=\"canonical\" href=\"https:\/\/webknjizara.hr\/proizvod\/tankeri-alen-gospic-i-marko-ostric\/\" \/>\n<meta property=\"og:locale\" content=\"en_US\" \/>\n<meta property=\"og:type\" content=\"article\" \/>\n<meta property=\"og:title\" content=\"TANKERI, Alen Gospi\u0107 i Marko O\u0161tri\u0107 - Web-knji\u017eara\" \/>\n<meta property=\"og:description\" content=\"Sa\u017eetak: Priru\u010dnik daje detaljan opis tankera gdje su u jednoj knjizi sa\u017eeta obja\u0161njenja opreme i ura\u0111aja te manipulacija teretom na raznim vrstama tankera.Iskustvo,znanje i kopetencija sa\u017eeta u jednoj knjizi kao rezultat dugogodi\u0161nje plovidbe autora kao kapetana na svjetskih stranim kompanijama na raznim vrstama tankera.U svrhu povec\u0301anja sigurnosti i podizanje svijesti me\u0111u c\u030clanovima posade na tankerima, [&hellip;]\" \/>\n<meta property=\"og:url\" content=\"https:\/\/webknjizara.hr\/proizvod\/tankeri-alen-gospic-i-marko-ostric\/\" \/>\n<meta property=\"og:site_name\" content=\"Web-knji\u017eara\" \/>\n<meta property=\"article:modified_time\" content=\"2023-02-24T23:17:42+00:00\" \/>\n<meta property=\"og:image\" content=\"https:\/\/webknjizara.hr\/wp-content\/uploads\/nc\/images\/virtuemart\/product\/Alen_Gospic_TANKERI_webknjizara_redak_WEB_1291.jpg\" \/>\n\t<meta property=\"og:image:width\" content=\"300\" \/>\n\t<meta property=\"og:image:height\" content=\"419\" \/>\n\t<meta property=\"og:image:type\" content=\"image\/jpeg\" \/>\n<meta name=\"twitter:card\" content=\"summary_large_image\" \/>\n<meta name=\"twitter:label1\" content=\"Est. reading time\" \/>\n\t<meta name=\"twitter:data1\" content=\"2 minutes\" \/>\n<script type=\"application\/ld+json\" class=\"yoast-schema-graph\">{\"@context\":\"https:\\\/\\\/schema.org\",\"@graph\":[{\"@type\":\"WebPage\",\"@id\":\"https:\\\/\\\/webknjizara.hr\\\/proizvod\\\/tankeri-alen-gospic-i-marko-ostric\\\/\",\"url\":\"https:\\\/\\\/webknjizara.hr\\\/proizvod\\\/tankeri-alen-gospic-i-marko-ostric\\\/\",\"name\":\"TANKERI, Alen Gospi\u0107 i Marko O\u0161tri\u0107 - Web-knji\u017eara\",\"isPartOf\":{\"@id\":\"https:\\\/\\\/webknjizara.hr\\\/#website\"},\"primaryImageOfPage\":{\"@id\":\"https:\\\/\\\/webknjizara.hr\\\/proizvod\\\/tankeri-alen-gospic-i-marko-ostric\\\/#primaryimage\"},\"image\":{\"@id\":\"https:\\\/\\\/webknjizara.hr\\\/proizvod\\\/tankeri-alen-gospic-i-marko-ostric\\\/#primaryimage\"},\"thumbnailUrl\":\"https:\\\/\\\/webknjizara.hr\\\/wp-content\\\/uploads\\\/nc\\\/images\\\/virtuemart\\\/product\\\/Alen_Gospic_TANKERI_webknjizara_redak_WEB_1291.jpg\",\"datePublished\":\"2022-05-24T14:38:11+00:00\",\"dateModified\":\"2023-02-24T23:17:42+00:00\",\"breadcrumb\":{\"@id\":\"https:\\\/\\\/webknjizara.hr\\\/proizvod\\\/tankeri-alen-gospic-i-marko-ostric\\\/#breadcrumb\"},\"inLanguage\":\"en-US\",\"potentialAction\":[{\"@type\":\"ReadAction\",\"target\":[\"https:\\\/\\\/webknjizara.hr\\\/proizvod\\\/tankeri-alen-gospic-i-marko-ostric\\\/\"]}]},{\"@type\":\"ImageObject\",\"inLanguage\":\"en-US\",\"@id\":\"https:\\\/\\\/webknjizara.hr\\\/proizvod\\\/tankeri-alen-gospic-i-marko-ostric\\\/#primaryimage\",\"url\":\"https:\\\/\\\/webknjizara.hr\\\/wp-content\\\/uploads\\\/nc\\\/images\\\/virtuemart\\\/product\\\/Alen_Gospic_TANKERI_webknjizara_redak_WEB_1291.jpg\",\"contentUrl\":\"https:\\\/\\\/webknjizara.hr\\\/wp-content\\\/uploads\\\/nc\\\/images\\\/virtuemart\\\/product\\\/Alen_Gospic_TANKERI_webknjizara_redak_WEB_1291.jpg\",\"width\":300,\"height\":419,\"caption\":\"TANKERI, Alen Gospi\u0107 i Marko O\u0161tri\u0107\"},{\"@type\":\"BreadcrumbList\",\"@id\":\"https:\\\/\\\/webknjizara.hr\\\/proizvod\\\/tankeri-alen-gospic-i-marko-ostric\\\/#breadcrumb\",\"itemListElement\":[{\"@type\":\"ListItem\",\"position\":1,\"name\":\"Po\u010detna stranica\",\"item\":\"https:\\\/\\\/webknjizara.hr\\\/en\\\/\"},{\"@type\":\"ListItem\",\"position\":2,\"name\":\"Shop\",\"item\":\"https:\\\/\\\/webknjizara.hr\\\/shop\\\/\"},{\"@type\":\"ListItem\",\"position\":3,\"name\":\"TANKERI, Alen Gospi\u0107 i Marko O\u0161tri\u0107\"}]},{\"@type\":\"WebSite\",\"@id\":\"https:\\\/\\\/webknjizara.hr\\\/#website\",\"url\":\"https:\\\/\\\/webknjizara.hr\\\/\",\"name\":\"Web Knji\u017eara\",\"description\":\"\",\"publisher\":{\"@id\":\"https:\\\/\\\/webknjizara.hr\\\/#organization\"},\"potentialAction\":[{\"@type\":\"SearchAction\",\"target\":{\"@type\":\"EntryPoint\",\"urlTemplate\":\"https:\\\/\\\/webknjizara.hr\\\/?s={search_term_string}\"},\"query-input\":{\"@type\":\"PropertyValueSpecification\",\"valueRequired\":true,\"valueName\":\"search_term_string\"}}],\"inLanguage\":\"en-US\"},{\"@type\":\"Organization\",\"@id\":\"https:\\\/\\\/webknjizara.hr\\\/#organization\",\"name\":\"REDAK D.O.O.\",\"url\":\"https:\\\/\\\/webknjizara.hr\\\/\",\"logo\":{\"@type\":\"ImageObject\",\"inLanguage\":\"en-US\",\"@id\":\"https:\\\/\\\/webknjizara.hr\\\/#\\\/schema\\\/logo\\\/image\\\/\",\"url\":\"https:\\\/\\\/webknjizara.hr\\\/wp-content\\\/uploads\\\/2023\\\/01\\\/web-knjizara-logo.webp\",\"contentUrl\":\"https:\\\/\\\/webknjizara.hr\\\/wp-content\\\/uploads\\\/2023\\\/01\\\/web-knjizara-logo.webp\",\"width\":324,\"height\":79,\"caption\":\"REDAK D.O.O.\"},\"image\":{\"@id\":\"https:\\\/\\\/webknjizara.hr\\\/#\\\/schema\\\/logo\\\/image\\\/\"}}]}<\/script>\n<!-- \/ Yoast SEO plugin. -->","yoast_head_json":{"title":"TANKERI, Alen Gospi\u0107 i Marko O\u0161tri\u0107 - Web-knji\u017eara","robots":{"index":"index","follow":"follow","max-snippet":"max-snippet:-1","max-image-preview":"max-image-preview:large","max-video-preview":"max-video-preview:-1"},"canonical":"https:\/\/webknjizara.hr\/proizvod\/tankeri-alen-gospic-i-marko-ostric\/","og_locale":"en_US","og_type":"article","og_title":"TANKERI, Alen Gospi\u0107 i Marko O\u0161tri\u0107 - Web-knji\u017eara","og_description":"Sa\u017eetak: Priru\u010dnik daje detaljan opis tankera gdje su u jednoj knjizi sa\u017eeta obja\u0161njenja opreme i ura\u0111aja te manipulacija teretom na raznim vrstama tankera.Iskustvo,znanje i kopetencija sa\u017eeta u jednoj knjizi kao rezultat dugogodi\u0161nje plovidbe autora kao kapetana na svjetskih stranim kompanijama na raznim vrstama tankera.U svrhu povec\u0301anja sigurnosti i podizanje svijesti me\u0111u c\u030clanovima posade na tankerima, [&hellip;]","og_url":"https:\/\/webknjizara.hr\/proizvod\/tankeri-alen-gospic-i-marko-ostric\/","og_site_name":"Web-knji\u017eara","article_modified_time":"2023-02-24T23:17:42+00:00","og_image":[{"width":300,"height":419,"url":"https:\/\/webknjizara.hr\/wp-content\/uploads\/nc\/images\/virtuemart\/product\/Alen_Gospic_TANKERI_webknjizara_redak_WEB_1291.jpg","type":"image\/jpeg"}],"twitter_card":"summary_large_image","twitter_misc":{"Est. reading time":"2 minutes"},"schema":{"@context":"https:\/\/schema.org","@graph":[{"@type":"WebPage","@id":"https:\/\/webknjizara.hr\/proizvod\/tankeri-alen-gospic-i-marko-ostric\/","url":"https:\/\/webknjizara.hr\/proizvod\/tankeri-alen-gospic-i-marko-ostric\/","name":"TANKERI, Alen Gospi\u0107 i Marko O\u0161tri\u0107 - Web-knji\u017eara","isPartOf":{"@id":"https:\/\/webknjizara.hr\/#website"},"primaryImageOfPage":{"@id":"https:\/\/webknjizara.hr\/proizvod\/tankeri-alen-gospic-i-marko-ostric\/#primaryimage"},"image":{"@id":"https:\/\/webknjizara.hr\/proizvod\/tankeri-alen-gospic-i-marko-ostric\/#primaryimage"},"thumbnailUrl":"https:\/\/webknjizara.hr\/wp-content\/uploads\/nc\/images\/virtuemart\/product\/Alen_Gospic_TANKERI_webknjizara_redak_WEB_1291.jpg","datePublished":"2022-05-24T14:38:11+00:00","dateModified":"2023-02-24T23:17:42+00:00","breadcrumb":{"@id":"https:\/\/webknjizara.hr\/proizvod\/tankeri-alen-gospic-i-marko-ostric\/#breadcrumb"},"inLanguage":"en-US","potentialAction":[{"@type":"ReadAction","target":["https:\/\/webknjizara.hr\/proizvod\/tankeri-alen-gospic-i-marko-ostric\/"]}]},{"@type":"ImageObject","inLanguage":"en-US","@id":"https:\/\/webknjizara.hr\/proizvod\/tankeri-alen-gospic-i-marko-ostric\/#primaryimage","url":"https:\/\/webknjizara.hr\/wp-content\/uploads\/nc\/images\/virtuemart\/product\/Alen_Gospic_TANKERI_webknjizara_redak_WEB_1291.jpg","contentUrl":"https:\/\/webknjizara.hr\/wp-content\/uploads\/nc\/images\/virtuemart\/product\/Alen_Gospic_TANKERI_webknjizara_redak_WEB_1291.jpg","width":300,"height":419,"caption":"TANKERI, Alen Gospi\u0107 i Marko O\u0161tri\u0107"},{"@type":"BreadcrumbList","@id":"https:\/\/webknjizara.hr\/proizvod\/tankeri-alen-gospic-i-marko-ostric\/#breadcrumb","itemListElement":[{"@type":"ListItem","position":1,"name":"Po\u010detna stranica","item":"https:\/\/webknjizara.hr\/en\/"},{"@type":"ListItem","position":2,"name":"Shop","item":"https:\/\/webknjizara.hr\/shop\/"},{"@type":"ListItem","position":3,"name":"TANKERI, Alen Gospi\u0107 i Marko O\u0161tri\u0107"}]},{"@type":"WebSite","@id":"https:\/\/webknjizara.hr\/#website","url":"https:\/\/webknjizara.hr\/","name":"Web Knji\u017eara","description":"","publisher":{"@id":"https:\/\/webknjizara.hr\/#organization"},"potentialAction":[{"@type":"SearchAction","target":{"@type":"EntryPoint","urlTemplate":"https:\/\/webknjizara.hr\/?s={search_term_string}"},"query-input":{"@type":"PropertyValueSpecification","valueRequired":true,"valueName":"search_term_string"}}],"inLanguage":"en-US"},{"@type":"Organization","@id":"https:\/\/webknjizara.hr\/#organization","name":"REDAK D.O.O.","url":"https:\/\/webknjizara.hr\/","logo":{"@type":"ImageObject","inLanguage":"en-US","@id":"https:\/\/webknjizara.hr\/#\/schema\/logo\/image\/","url":"https:\/\/webknjizara.hr\/wp-content\/uploads\/2023\/01\/web-knjizara-logo.webp","contentUrl":"https:\/\/webknjizara.hr\/wp-content\/uploads\/2023\/01\/web-knjizara-logo.webp","width":324,"height":79,"caption":"REDAK D.O.O."},"image":{"@id":"https:\/\/webknjizara.hr\/#\/schema\/logo\/image\/"}}]}},"_links":{"self":[{"href":"https:\/\/webknjizara.hr\/en\/wp-json\/wp\/v2\/product\/9747","targetHints":{"allow":["GET"]}}],"collection":[{"href":"https:\/\/webknjizara.hr\/en\/wp-json\/wp\/v2\/product"}],"about":[{"href":"https:\/\/webknjizara.hr\/en\/wp-json\/wp\/v2\/types\/product"}],"replies":[{"embeddable":true,"href":"https:\/\/webknjizara.hr\/en\/wp-json\/wp\/v2\/comments?post=9747"}],"wp:featuredmedia":[{"embeddable":true,"href":"https:\/\/webknjizara.hr\/en\/wp-json\/wp\/v2\/media\/9748"}],"wp:attachment":[{"href":"https:\/\/webknjizara.hr\/en\/wp-json\/wp\/v2\/media?parent=9747"}],"wp:term":[{"taxonomy":"product_brand","embeddable":true,"href":"https:\/\/webknjizara.hr\/en\/wp-json\/wp\/v2\/product_brand?post=9747"},{"taxonomy":"product_cat","embeddable":true,"href":"https:\/\/webknjizara.hr\/en\/wp-json\/wp\/v2\/product_cat?post=9747"},{"taxonomy":"product_tag","embeddable":true,"href":"https:\/\/webknjizara.hr\/en\/wp-json\/wp\/v2\/product_tag?post=9747"}],"curies":[{"name":"wp","href":"https:\/\/api.w.org\/{rel}","templated":true}]}}