{"id":9739,"date":"2022-05-12T13:53:01","date_gmt":"2022-05-12T13:53:01","guid":{"rendered":"https:\/\/webknjizara.hr\/?product=inozemni-dohodak-obveznici-izvjestavanja-i-nacini-izvjestavanja-zeljko-martinovic-i-dalibor-legac"},"modified":"2023-02-25T00:13:18","modified_gmt":"2023-02-24T23:13:18","slug":"inozemni-dohodak-obveznici-izvjestavanja-i-nacini-izvjestavanja-3c-grupa-autora","status":"publish","type":"product","link":"https:\/\/webknjizara.hr\/en\/proizvod\/inozemni-dohodak-obveznici-izvjestavanja-i-nacini-izvjestavanja-3c-grupa-autora\/","title":{"rendered":"INOZEMNI DOHODAK &#8211; OBVEZNICI IZVJE\u0160TAVANJA I NA\u010cINI IZVJE\u0160TAVANJA, \u017deljko Martinovi\u0107 i Dalibor Legac"},"content":{"rendered":"<p><span style=\"font-family: Arial, sans-serif;\"><span lang=\"hr-HR\"><b>Sa\u017eetak:<\/b><\/span><\/span><\/p>\n<p><span style=\"color: #000000;\"> U ovom priru\u010dniku obja\u0161njena su pravila za oporezivanje inozemnog dohotka i njegovo redovno prijavljivanje na Obrascima INO-IZJAVA i INO-DOH. Najve\u0107i dio priru\u010dnika obuhva\u0107a konkretne primjere ostvarivanja pojedinih vrsta inozemnog dohotka iz razli\u010ditih dr\u017eava na navedenim obrascima. Primjeri su nastali na temelju dugogodi\u0161nje prakse autora priru\u010dnika koji su ujedno i autori navedenih obrazaca kao i stru\u010dni stvaraoci ve\u0107ine doma\u0107ih pravila o oporezivanju inozemnog dohotka. Primjeri jasno prikazuju razli\u010dite \u017eivotne situacije i primjene razli\u010ditih bilateralnih ugovora o izbjegavanju dvostrukog oporezivanja te doma\u0107ih poreznih pravila. Kroz njih su prikazana prakti\u010dna rje\u0161enja kako prijaviti pojedinu vrstu inozemnog dohotka iz dr\u017eava iz kojih se on naj\u010de\u0161\u0107e ostvaruje. Priru\u010dnik je koristan djelatnicima porezne uprave koji rade na poslovima s inozemnim dohotkom kao i svim drugim poreznim prakti\u010darima. Tako\u0111er je zbog svoje jednostavnosti koristan i svim poreznim obveznicima koji taj dohodak ostvaruju ili namjeravaju ostvarivati.<\/span><\/p>\n<p><span style=\"font-family: Arial, sans-serif;\"><span lang=\"hr-HR\"><b>Klju\u010dne rije\u010di: <\/b><\/span><\/span><span style=\"color: #000000;\">Inozemni dohodak, Hrvatska<\/span><\/p>\n<p><span style=\"font-family: Arial, sans-serif;\"><span lang=\"hr-HR\"><b>E-mail: <\/b><a href=\"mailto:martina.fabris@ijf.hr\" target=\"_blank\" rel=\"noopener noreferrer\">Kontakt<b>\u00a0<\/b><\/a><\/span><\/span><\/p>\n<p>\u00a0<\/p>\n<p><strong><span style=\"font-family: Arial, sans-serif;\">Naslov: <\/span><\/strong><strong><span style=\"font-family: Arial, sans-serif;\">Inozemni dohodak &#8211; obveznici izvje\u0161tavanja i na\u010dini izvje\u0161tavanja (3c)<\/span><\/strong><span style=\"font-family: Arial, sans-serif;\"><br \/><\/span><strong><span style=\"font-family: Arial, sans-serif;\">Autori:<\/span><\/strong><span style=\"font-family: Arial, sans-serif;\"> \u017deljko Martinovi\u0107 i Dalibor Legac<br \/><\/span><strong><span style=\"font-family: Arial, sans-serif;\">Broj stranica: <\/span><\/strong><span style=\"font-family: Arial, sans-serif;\"><span lang=\"\">272<\/span><\/span><span style=\"font-family: Arial, sans-serif;\"><br \/><\/span><strong><span style=\"font-family: Arial, sans-serif;\">Nakladnik: <\/span><\/strong><strong><span style=\"font-family: Arial, sans-serif;\">Institut za javne financije, Zagreb<\/span><\/strong><span style=\"font-family: Arial, sans-serif;\"><br \/><\/span><strong><span style=\"font-family: Arial, sans-serif;\">Godina izdanja: <\/span><\/strong><strong><span style=\"font-family: Arial, sans-serif;\">2022.<br \/><\/span><\/strong><strong><span style=\"font-family: Arial, sans-serif;\">ISBN:<\/span><\/strong><span style=\"font-family: Arial, sans-serif;\"> ISSN 1333-073X<br \/><\/span><strong><span style=\"font-family: Arial, sans-serif;\">Tisak:<\/span><\/strong><span style=\"font-family: Arial, sans-serif;\"> digitalni tisak knjiga &#8211; print na zahtjev<\/span><\/p>\n<p style=\"text-align: justify;\">\u00a0<\/p>\n<p style=\"text-align: justify;\"><strong>Kako naru\u010diti knjigu?\u00a0<\/strong>Proces online kupovine jednako funkcionira za sve kupce, s jedinom razlikom u tome \u0161to \u0161to kupci iz inozemstva za podru\u010dje dostave moraju odabrati &#8220;Europa&#8221; ili &#8220;Ostale zemlje svijeta&#8221;, a za vrstu pla\u0107anja WSPay (kreditna kartica) ili Virmanom (bankovni transfer).<\/p>\n<p style=\"text-align: justify;\">Molimo kliknite ovdje za\u00a0<a href=\"hr\/kako-kupovati\">detaljni vodi\u010d kroz proces narud\u017ebe<\/a>\u00a0ili nas\u00a0<a href=\"hr\/kontakt\">kontaktirajte<\/a>\u00a0za vi\u0161e informacija.<\/p>\n","protected":false},"excerpt":{"rendered":"<p>Sa\u017eetak: U ovom priru\u010dniku obja\u0161njena su pravila za oporezivanje inozemnog dohotka i njegovo redovno prijavljivanje na Obrascima INO-IZJAVA i INO-DOH. Najve\u0107i dio priru\u010dnika obuhva\u0107a konkretne primjere ostvarivanja pojedinih vrsta inozemnog dohotka iz razli\u010ditih dr\u017eava na navedenim obrascima. Primjeri su nastali na temelju dugogodi\u0161nje prakse autora priru\u010dnika koji su ujedno i autori navedenih obrazaca kao i [&hellip;]<\/p>\n","protected":false},"featured_media":9740,"comment_status":"open","ping_status":"closed","template":"","meta":{"_acf_changed":false},"product_brand":[],"product_cat":[1517],"product_tag":[],"class_list":{"0":"post-9739","1":"product","2":"type-product","3":"status-publish","4":"has-post-thumbnail","6":"product_cat-strucna-literatura","8":"first","9":"instock","10":"shipping-taxable","11":"purchasable","12":"product-type-simple"},"acf":[],"yoast_head":"<!-- This site is optimized with the Yoast SEO plugin v27.3 - https:\/\/yoast.com\/product\/yoast-seo-wordpress\/ -->\n<title>INOZEMNI DOHODAK - OBVEZNICI IZVJE\u0160TAVANJA I NA\u010cINI IZVJE\u0160TAVANJA, \u017deljko Martinovi\u0107 i Dalibor Legac - Web-knji\u017eara<\/title>\n<meta name=\"robots\" content=\"index, follow, max-snippet:-1, max-image-preview:large, max-video-preview:-1\" \/>\n<link rel=\"canonical\" href=\"https:\/\/webknjizara.hr\/proizvod\/inozemni-dohodak-obveznici-izvjestavanja-i-nacini-izvjestavanja-3c-grupa-autora\/\" \/>\n<meta property=\"og:locale\" content=\"en_US\" \/>\n<meta property=\"og:type\" content=\"article\" \/>\n<meta property=\"og:title\" content=\"INOZEMNI DOHODAK - OBVEZNICI IZVJE\u0160TAVANJA I NA\u010cINI IZVJE\u0160TAVANJA, \u017deljko Martinovi\u0107 i Dalibor Legac - Web-knji\u017eara\" \/>\n<meta property=\"og:description\" content=\"Sa\u017eetak: U ovom priru\u010dniku obja\u0161njena su pravila za oporezivanje inozemnog dohotka i njegovo redovno prijavljivanje na Obrascima INO-IZJAVA i INO-DOH. Najve\u0107i dio priru\u010dnika obuhva\u0107a konkretne primjere ostvarivanja pojedinih vrsta inozemnog dohotka iz razli\u010ditih dr\u017eava na navedenim obrascima. Primjeri su nastali na temelju dugogodi\u0161nje prakse autora priru\u010dnika koji su ujedno i autori navedenih obrazaca kao i [&hellip;]\" \/>\n<meta property=\"og:url\" content=\"https:\/\/webknjizara.hr\/proizvod\/inozemni-dohodak-obveznici-izvjestavanja-i-nacini-izvjestavanja-3c-grupa-autora\/\" \/>\n<meta property=\"og:site_name\" content=\"Web-knji\u017eara\" \/>\n<meta property=\"article:modified_time\" content=\"2023-02-24T23:13:18+00:00\" \/>\n<meta property=\"og:image\" content=\"https:\/\/webknjizara.hr\/wp-content\/uploads\/nc\/images\/virtuemart\/product\/ELJKO__1.jpg\" \/>\n\t<meta property=\"og:image:width\" content=\"300\" \/>\n\t<meta property=\"og:image:height\" content=\"419\" \/>\n\t<meta property=\"og:image:type\" content=\"image\/jpeg\" \/>\n<meta name=\"twitter:card\" content=\"summary_large_image\" \/>\n<meta name=\"twitter:label1\" content=\"Est. reading time\" \/>\n\t<meta name=\"twitter:data1\" content=\"1 minute\" \/>\n<script type=\"application\/ld+json\" class=\"yoast-schema-graph\">{\"@context\":\"https:\\\/\\\/schema.org\",\"@graph\":[{\"@type\":\"WebPage\",\"@id\":\"https:\\\/\\\/webknjizara.hr\\\/proizvod\\\/inozemni-dohodak-obveznici-izvjestavanja-i-nacini-izvjestavanja-3c-grupa-autora\\\/\",\"url\":\"https:\\\/\\\/webknjizara.hr\\\/proizvod\\\/inozemni-dohodak-obveznici-izvjestavanja-i-nacini-izvjestavanja-3c-grupa-autora\\\/\",\"name\":\"INOZEMNI DOHODAK - OBVEZNICI IZVJE\u0160TAVANJA I NA\u010cINI IZVJE\u0160TAVANJA, \u017deljko Martinovi\u0107 i Dalibor Legac - Web-knji\u017eara\",\"isPartOf\":{\"@id\":\"https:\\\/\\\/webknjizara.hr\\\/#website\"},\"primaryImageOfPage\":{\"@id\":\"https:\\\/\\\/webknjizara.hr\\\/proizvod\\\/inozemni-dohodak-obveznici-izvjestavanja-i-nacini-izvjestavanja-3c-grupa-autora\\\/#primaryimage\"},\"image\":{\"@id\":\"https:\\\/\\\/webknjizara.hr\\\/proizvod\\\/inozemni-dohodak-obveznici-izvjestavanja-i-nacini-izvjestavanja-3c-grupa-autora\\\/#primaryimage\"},\"thumbnailUrl\":\"https:\\\/\\\/webknjizara.hr\\\/wp-content\\\/uploads\\\/nc\\\/images\\\/virtuemart\\\/product\\\/ELJKO__1.jpg\",\"datePublished\":\"2022-05-12T13:53:01+00:00\",\"dateModified\":\"2023-02-24T23:13:18+00:00\",\"breadcrumb\":{\"@id\":\"https:\\\/\\\/webknjizara.hr\\\/proizvod\\\/inozemni-dohodak-obveznici-izvjestavanja-i-nacini-izvjestavanja-3c-grupa-autora\\\/#breadcrumb\"},\"inLanguage\":\"en-US\",\"potentialAction\":[{\"@type\":\"ReadAction\",\"target\":[\"https:\\\/\\\/webknjizara.hr\\\/proizvod\\\/inozemni-dohodak-obveznici-izvjestavanja-i-nacini-izvjestavanja-3c-grupa-autora\\\/\"]}]},{\"@type\":\"ImageObject\",\"inLanguage\":\"en-US\",\"@id\":\"https:\\\/\\\/webknjizara.hr\\\/proizvod\\\/inozemni-dohodak-obveznici-izvjestavanja-i-nacini-izvjestavanja-3c-grupa-autora\\\/#primaryimage\",\"url\":\"https:\\\/\\\/webknjizara.hr\\\/wp-content\\\/uploads\\\/nc\\\/images\\\/virtuemart\\\/product\\\/ELJKO__1.jpg\",\"contentUrl\":\"https:\\\/\\\/webknjizara.hr\\\/wp-content\\\/uploads\\\/nc\\\/images\\\/virtuemart\\\/product\\\/ELJKO__1.jpg\",\"width\":300,\"height\":419,\"caption\":\"INOZEMNI DOHODAK - OBVEZNICI IZVJE\u0160TAVANJA I NA\u010cINI IZVJE\u0160TAVANJA, \u017deljko Martinovi\u0107 i Dalibor Legac\"},{\"@type\":\"BreadcrumbList\",\"@id\":\"https:\\\/\\\/webknjizara.hr\\\/proizvod\\\/inozemni-dohodak-obveznici-izvjestavanja-i-nacini-izvjestavanja-3c-grupa-autora\\\/#breadcrumb\",\"itemListElement\":[{\"@type\":\"ListItem\",\"position\":1,\"name\":\"Po\u010detna stranica\",\"item\":\"https:\\\/\\\/webknjizara.hr\\\/en\\\/\"},{\"@type\":\"ListItem\",\"position\":2,\"name\":\"Shop\",\"item\":\"https:\\\/\\\/webknjizara.hr\\\/shop\\\/\"},{\"@type\":\"ListItem\",\"position\":3,\"name\":\"INOZEMNI DOHODAK &#8211; OBVEZNICI IZVJE\u0160TAVANJA I NA\u010cINI IZVJE\u0160TAVANJA, \u017deljko Martinovi\u0107 i Dalibor Legac\"}]},{\"@type\":\"WebSite\",\"@id\":\"https:\\\/\\\/webknjizara.hr\\\/#website\",\"url\":\"https:\\\/\\\/webknjizara.hr\\\/\",\"name\":\"Web Knji\u017eara\",\"description\":\"\",\"publisher\":{\"@id\":\"https:\\\/\\\/webknjizara.hr\\\/#organization\"},\"potentialAction\":[{\"@type\":\"SearchAction\",\"target\":{\"@type\":\"EntryPoint\",\"urlTemplate\":\"https:\\\/\\\/webknjizara.hr\\\/?s={search_term_string}\"},\"query-input\":{\"@type\":\"PropertyValueSpecification\",\"valueRequired\":true,\"valueName\":\"search_term_string\"}}],\"inLanguage\":\"en-US\"},{\"@type\":\"Organization\",\"@id\":\"https:\\\/\\\/webknjizara.hr\\\/#organization\",\"name\":\"REDAK D.O.O.\",\"url\":\"https:\\\/\\\/webknjizara.hr\\\/\",\"logo\":{\"@type\":\"ImageObject\",\"inLanguage\":\"en-US\",\"@id\":\"https:\\\/\\\/webknjizara.hr\\\/#\\\/schema\\\/logo\\\/image\\\/\",\"url\":\"https:\\\/\\\/webknjizara.hr\\\/wp-content\\\/uploads\\\/2023\\\/01\\\/web-knjizara-logo.webp\",\"contentUrl\":\"https:\\\/\\\/webknjizara.hr\\\/wp-content\\\/uploads\\\/2023\\\/01\\\/web-knjizara-logo.webp\",\"width\":324,\"height\":79,\"caption\":\"REDAK D.O.O.\"},\"image\":{\"@id\":\"https:\\\/\\\/webknjizara.hr\\\/#\\\/schema\\\/logo\\\/image\\\/\"}}]}<\/script>\n<!-- \/ Yoast SEO plugin. -->","yoast_head_json":{"title":"INOZEMNI DOHODAK - OBVEZNICI IZVJE\u0160TAVANJA I NA\u010cINI IZVJE\u0160TAVANJA, \u017deljko Martinovi\u0107 i Dalibor Legac - Web-knji\u017eara","robots":{"index":"index","follow":"follow","max-snippet":"max-snippet:-1","max-image-preview":"max-image-preview:large","max-video-preview":"max-video-preview:-1"},"canonical":"https:\/\/webknjizara.hr\/proizvod\/inozemni-dohodak-obveznici-izvjestavanja-i-nacini-izvjestavanja-3c-grupa-autora\/","og_locale":"en_US","og_type":"article","og_title":"INOZEMNI DOHODAK - OBVEZNICI IZVJE\u0160TAVANJA I NA\u010cINI IZVJE\u0160TAVANJA, \u017deljko Martinovi\u0107 i Dalibor Legac - Web-knji\u017eara","og_description":"Sa\u017eetak: U ovom priru\u010dniku obja\u0161njena su pravila za oporezivanje inozemnog dohotka i njegovo redovno prijavljivanje na Obrascima INO-IZJAVA i INO-DOH. Najve\u0107i dio priru\u010dnika obuhva\u0107a konkretne primjere ostvarivanja pojedinih vrsta inozemnog dohotka iz razli\u010ditih dr\u017eava na navedenim obrascima. Primjeri su nastali na temelju dugogodi\u0161nje prakse autora priru\u010dnika koji su ujedno i autori navedenih obrazaca kao i [&hellip;]","og_url":"https:\/\/webknjizara.hr\/proizvod\/inozemni-dohodak-obveznici-izvjestavanja-i-nacini-izvjestavanja-3c-grupa-autora\/","og_site_name":"Web-knji\u017eara","article_modified_time":"2023-02-24T23:13:18+00:00","og_image":[{"width":300,"height":419,"url":"https:\/\/webknjizara.hr\/wp-content\/uploads\/nc\/images\/virtuemart\/product\/ELJKO__1.jpg","type":"image\/jpeg"}],"twitter_card":"summary_large_image","twitter_misc":{"Est. reading time":"1 minute"},"schema":{"@context":"https:\/\/schema.org","@graph":[{"@type":"WebPage","@id":"https:\/\/webknjizara.hr\/proizvod\/inozemni-dohodak-obveznici-izvjestavanja-i-nacini-izvjestavanja-3c-grupa-autora\/","url":"https:\/\/webknjizara.hr\/proizvod\/inozemni-dohodak-obveznici-izvjestavanja-i-nacini-izvjestavanja-3c-grupa-autora\/","name":"INOZEMNI DOHODAK - OBVEZNICI IZVJE\u0160TAVANJA I NA\u010cINI IZVJE\u0160TAVANJA, \u017deljko Martinovi\u0107 i Dalibor Legac - Web-knji\u017eara","isPartOf":{"@id":"https:\/\/webknjizara.hr\/#website"},"primaryImageOfPage":{"@id":"https:\/\/webknjizara.hr\/proizvod\/inozemni-dohodak-obveznici-izvjestavanja-i-nacini-izvjestavanja-3c-grupa-autora\/#primaryimage"},"image":{"@id":"https:\/\/webknjizara.hr\/proizvod\/inozemni-dohodak-obveznici-izvjestavanja-i-nacini-izvjestavanja-3c-grupa-autora\/#primaryimage"},"thumbnailUrl":"https:\/\/webknjizara.hr\/wp-content\/uploads\/nc\/images\/virtuemart\/product\/ELJKO__1.jpg","datePublished":"2022-05-12T13:53:01+00:00","dateModified":"2023-02-24T23:13:18+00:00","breadcrumb":{"@id":"https:\/\/webknjizara.hr\/proizvod\/inozemni-dohodak-obveznici-izvjestavanja-i-nacini-izvjestavanja-3c-grupa-autora\/#breadcrumb"},"inLanguage":"en-US","potentialAction":[{"@type":"ReadAction","target":["https:\/\/webknjizara.hr\/proizvod\/inozemni-dohodak-obveznici-izvjestavanja-i-nacini-izvjestavanja-3c-grupa-autora\/"]}]},{"@type":"ImageObject","inLanguage":"en-US","@id":"https:\/\/webknjizara.hr\/proizvod\/inozemni-dohodak-obveznici-izvjestavanja-i-nacini-izvjestavanja-3c-grupa-autora\/#primaryimage","url":"https:\/\/webknjizara.hr\/wp-content\/uploads\/nc\/images\/virtuemart\/product\/ELJKO__1.jpg","contentUrl":"https:\/\/webknjizara.hr\/wp-content\/uploads\/nc\/images\/virtuemart\/product\/ELJKO__1.jpg","width":300,"height":419,"caption":"INOZEMNI DOHODAK - OBVEZNICI IZVJE\u0160TAVANJA I NA\u010cINI IZVJE\u0160TAVANJA, \u017deljko Martinovi\u0107 i Dalibor Legac"},{"@type":"BreadcrumbList","@id":"https:\/\/webknjizara.hr\/proizvod\/inozemni-dohodak-obveznici-izvjestavanja-i-nacini-izvjestavanja-3c-grupa-autora\/#breadcrumb","itemListElement":[{"@type":"ListItem","position":1,"name":"Po\u010detna stranica","item":"https:\/\/webknjizara.hr\/en\/"},{"@type":"ListItem","position":2,"name":"Shop","item":"https:\/\/webknjizara.hr\/shop\/"},{"@type":"ListItem","position":3,"name":"INOZEMNI DOHODAK &#8211; OBVEZNICI IZVJE\u0160TAVANJA I NA\u010cINI IZVJE\u0160TAVANJA, \u017deljko Martinovi\u0107 i Dalibor Legac"}]},{"@type":"WebSite","@id":"https:\/\/webknjizara.hr\/#website","url":"https:\/\/webknjizara.hr\/","name":"Web Knji\u017eara","description":"","publisher":{"@id":"https:\/\/webknjizara.hr\/#organization"},"potentialAction":[{"@type":"SearchAction","target":{"@type":"EntryPoint","urlTemplate":"https:\/\/webknjizara.hr\/?s={search_term_string}"},"query-input":{"@type":"PropertyValueSpecification","valueRequired":true,"valueName":"search_term_string"}}],"inLanguage":"en-US"},{"@type":"Organization","@id":"https:\/\/webknjizara.hr\/#organization","name":"REDAK D.O.O.","url":"https:\/\/webknjizara.hr\/","logo":{"@type":"ImageObject","inLanguage":"en-US","@id":"https:\/\/webknjizara.hr\/#\/schema\/logo\/image\/","url":"https:\/\/webknjizara.hr\/wp-content\/uploads\/2023\/01\/web-knjizara-logo.webp","contentUrl":"https:\/\/webknjizara.hr\/wp-content\/uploads\/2023\/01\/web-knjizara-logo.webp","width":324,"height":79,"caption":"REDAK D.O.O."},"image":{"@id":"https:\/\/webknjizara.hr\/#\/schema\/logo\/image\/"}}]}},"_links":{"self":[{"href":"https:\/\/webknjizara.hr\/en\/wp-json\/wp\/v2\/product\/9739","targetHints":{"allow":["GET"]}}],"collection":[{"href":"https:\/\/webknjizara.hr\/en\/wp-json\/wp\/v2\/product"}],"about":[{"href":"https:\/\/webknjizara.hr\/en\/wp-json\/wp\/v2\/types\/product"}],"replies":[{"embeddable":true,"href":"https:\/\/webknjizara.hr\/en\/wp-json\/wp\/v2\/comments?post=9739"}],"wp:featuredmedia":[{"embeddable":true,"href":"https:\/\/webknjizara.hr\/en\/wp-json\/wp\/v2\/media\/9740"}],"wp:attachment":[{"href":"https:\/\/webknjizara.hr\/en\/wp-json\/wp\/v2\/media?parent=9739"}],"wp:term":[{"taxonomy":"product_brand","embeddable":true,"href":"https:\/\/webknjizara.hr\/en\/wp-json\/wp\/v2\/product_brand?post=9739"},{"taxonomy":"product_cat","embeddable":true,"href":"https:\/\/webknjizara.hr\/en\/wp-json\/wp\/v2\/product_cat?post=9739"},{"taxonomy":"product_tag","embeddable":true,"href":"https:\/\/webknjizara.hr\/en\/wp-json\/wp\/v2\/product_tag?post=9739"}],"curies":[{"name":"wp","href":"https:\/\/api.w.org\/{rel}","templated":true}]}}