{"id":9737,"date":"2022-05-11T15:05:07","date_gmt":"2022-05-11T15:05:07","guid":{"rendered":"https:\/\/webknjizara.hr\/?product=golubice-jadranka-ivanovic-bolog"},"modified":"2023-02-25T00:13:19","modified_gmt":"2023-02-24T23:13:19","slug":"golubice-jadranka-ivanovic-bolog","status":"publish","type":"product","link":"https:\/\/webknjizara.hr\/en\/proizvod\/golubice-jadranka-ivanovic-bolog\/","title":{"rendered":"GOLUBICE, Jadranka Ivanovic-Bolog"},"content":{"rendered":"<p lang=\"hr-HR\"><span style=\"font-family: Arial, sans-serif;\"><b>Sa\u017eetak:<\/b><\/span><\/p>\n<p lang=\"hr-HR\"><span style=\"color: #000000;\"> poezija, lirika <\/span><\/p>\n<p lang=\"hr-HR\">\u00a0<\/p>\n<p lang=\"hr-HR\"><span style=\"font-size: 10pt;\"><span style=\"font-family: Arial, sans-serif;\"><b>Bilje\u0161ka o autorici: <\/b><\/span><\/span><\/p>\n<p lang=\"hr-HR\"><span style=\"font-size: 10pt;\">Jadranka Ivanovi<span style=\"font-family: 'Times New Roman', serif;\">\u0107 <\/span>&#8211; Bolog ro<span style=\"font-family: 'Times New Roman', serif;\">\u0111<\/span>ena je u Kotoru , (Boka kotorska, Crna Gora )hrvatskog je porijekla.<br \/><\/span><span style=\"font-family: 'Times New Roman', serif;\">\u017d<\/span><span style=\"font-size: 10pt;\">ivi i radi u S<\/span><span style=\"font-family: 'Times New Roman', serif;\">tuttgartu<\/span><span style=\"font-size: 10pt;\"> od 1991-ve godine Savezna Republika Njema<\/span><span style=\"font-family: 'Times New Roman', serif;\">\u010d<\/span><span style=\"font-size: 10pt;\">ka.<br \/><\/span><span style=\"font-size: 10pt;\">Autorica je vi<span style=\"font-family: 'Times New Roman', serif;\">\u0161<\/span>e zbirki poezije pod nazivom &#8220;Putovanje u Domovinu&#8221;, &#8220;Jug&#8221;, &#8220;Balkanski putnik&#8221;,&#8221;Zakasnila vje<span style=\"font-family: 'Times New Roman', serif;\">\u010d<\/span>nost&#8221;, &#8220;Jeka vremena&#8221; , &#8220;Bera<span style=\"font-family: 'Times New Roman', serif;\">\u010d<\/span>i <span style=\"font-family: 'Times New Roman', serif;\">\u010d<\/span>aja&#8221;.<br \/><\/span><span style=\"font-family: 'Times New Roman', serif; color: #000000; font-size: 10pt;\">Objavljuje svoju poeziju na portalima Hrvatski Glas Berlin, O\u010daravanje.U\u010desnica je zajedni\u010dkih zbirki poezije pod nazivom &#8220;Dajem rije\u010d za osmijeh&#8221; kao i zbirke &#8220;More na dlanu&#8221;. Nalazi se u jednoj njema\u010dkoj Antologiji poezije Frankfurter Bibliothek, 2015. god.<\/span><\/p>\n<p lang=\"hr-HR\"><span style=\"font-size: 10pt;\"><span style=\"font-family: Arial, sans-serif;\"><b>Klju\u010dne rije\u010di: <\/b><\/span><span style=\"color: #000000;\">Poezija, lirika, Kotor, sje\u0107anje, Hrvatski Glas Berlin, nebo, o\u010daravanje, grafika, mjesto ro\u0111enja, jug, ozdravljenja, ranjeni stih, crni pas, roditelji , sunce, medvjedica, ludost, ptice<\/span><\/span><\/p>\n<p><span style=\"font-size: 10pt;\"><strong><span style=\"font-family: Arial, sans-serif;\">Naslov: <\/span><\/strong><strong><span style=\"font-family: Arial, sans-serif;\">Golubice<\/span><\/strong><span style=\"font-family: Arial, sans-serif;\"><br \/><\/span><strong><span style=\"font-family: Arial, sans-serif;\">Autorica:<\/span><\/strong><span style=\"font-family: Arial, sans-serif;\"> Jadranka Ivanovic-Bolog<br \/><\/span><strong><span style=\"font-family: Arial, sans-serif;\">Broj stranica: <\/span><\/strong><span style=\"font-family: Arial, sans-serif;\"><span lang=\"\">140<\/span><\/span><span style=\"font-family: Arial, sans-serif;\"><br \/><\/span><strong><span style=\"font-family: Arial, sans-serif;\">Nakladnik: <\/span><\/strong><strong><span style=\"font-family: Arial, sans-serif;\">REDAK<\/span><\/strong><span style=\"font-family: Arial, sans-serif;\"><br \/><\/span><strong><span style=\"font-family: Arial, sans-serif;\">Godina izdanja: <\/span><\/strong><strong><span style=\"font-family: Arial, sans-serif;\">2022<br \/><\/span><\/strong><strong><span style=\"font-family: Arial, sans-serif;\">ISBN:<\/span><\/strong><span style=\"font-family: Arial, sans-serif;\"> 978-953-336-836-8<br \/><\/span><strong><span style=\"font-family: Arial, sans-serif;\">Tisak:<\/span><\/strong><span style=\"font-family: Arial, sans-serif;\"> digitalni tisak knjiga &#8211; print na zahtjev<\/span><\/span><\/p>\n<p>\u00a0<\/p>\n<p>\u00a0<\/p>\n<p>\u00a0<\/p>\n<p style=\"text-align: justify;\">\u00a0<\/p>\n<p style=\"text-align: justify;\"><strong>Kako naru\u010diti knjigu?\u00a0<\/strong>Proces online kupovine jednako funkcionira za sve kupce, s jedinom razlikom u tome \u0161to \u0161to kupci iz inozemstva za podru\u010dje dostave moraju odabrati &#8220;Europa&#8221; ili &#8220;Ostale zemlje svijeta&#8221;, a za vrstu pla\u0107anja WSPay (kreditna kartica) ili Virmanom (bankovni transfer).<\/p>\n<p style=\"text-align: justify;\">Molimo kliknite ovdje za\u00a0<a href=\"hr\/kako-kupovati\">detaljni vodi\u010d kroz proces narud\u017ebe<\/a>\u00a0ili nas\u00a0<a href=\"hr\/kontakt\">kontaktirajte<\/a>\u00a0za vi\u0161e informacija.<\/p>\n","protected":false},"excerpt":{"rendered":"<p>Sa\u017eetak: poezija, lirika \u00a0 Bilje\u0161ka o autorici: Jadranka Ivanovi\u0107 &#8211; Bolog ro\u0111ena je u Kotoru , (Boka kotorska, Crna Gora )hrvatskog je porijekla.\u017divi i radi u Stuttgartu od 1991-ve godine Savezna Republika Njema\u010dka.Autorica je vi\u0161e zbirki poezije pod nazivom &#8220;Putovanje u Domovinu&#8221;, &#8220;Jug&#8221;, &#8220;Balkanski putnik&#8221;,&#8221;Zakasnila vje\u010dnost&#8221;, &#8220;Jeka vremena&#8221; , &#8220;Bera\u010di \u010daja&#8221;.Objavljuje svoju poeziju na portalima [&hellip;]<\/p>\n","protected":false},"featured_media":9738,"comment_status":"open","ping_status":"closed","template":"","meta":{"_acf_changed":false},"product_brand":[],"product_cat":[1383,1385,1388],"product_tag":[],"class_list":{"0":"post-9737","1":"product","2":"type-product","3":"status-publish","4":"has-post-thumbnail","6":"product_cat-knjige","7":"product_cat-knjizevnost","8":"product_cat-poezija","10":"first","11":"instock","12":"shipping-taxable","13":"purchasable","14":"product-type-simple"},"acf":[],"yoast_head":"<!-- This site is optimized with the Yoast SEO plugin v27.3 - https:\/\/yoast.com\/product\/yoast-seo-wordpress\/ -->\n<title>GOLUBICE, Jadranka Ivanovic-Bolog - Web-knji\u017eara<\/title>\n<meta name=\"robots\" content=\"index, follow, max-snippet:-1, max-image-preview:large, max-video-preview:-1\" \/>\n<link rel=\"canonical\" href=\"https:\/\/webknjizara.hr\/proizvod\/golubice-jadranka-ivanovic-bolog\/\" \/>\n<meta property=\"og:locale\" content=\"en_US\" \/>\n<meta property=\"og:type\" content=\"article\" \/>\n<meta property=\"og:title\" content=\"GOLUBICE, Jadranka Ivanovic-Bolog - Web-knji\u017eara\" \/>\n<meta property=\"og:description\" content=\"Sa\u017eetak: poezija, lirika \u00a0 Bilje\u0161ka o autorici: Jadranka Ivanovi\u0107 &#8211; Bolog ro\u0111ena je u Kotoru , (Boka kotorska, Crna Gora )hrvatskog je porijekla.\u017divi i radi u Stuttgartu od 1991-ve godine Savezna Republika Njema\u010dka.Autorica je vi\u0161e zbirki poezije pod nazivom &#8220;Putovanje u Domovinu&#8221;, &#8220;Jug&#8221;, &#8220;Balkanski putnik&#8221;,&#8221;Zakasnila vje\u010dnost&#8221;, &#8220;Jeka vremena&#8221; , &#8220;Bera\u010di \u010daja&#8221;.Objavljuje svoju poeziju na portalima [&hellip;]\" \/>\n<meta property=\"og:url\" content=\"https:\/\/webknjizara.hr\/proizvod\/golubice-jadranka-ivanovic-bolog\/\" \/>\n<meta property=\"og:site_name\" content=\"Web-knji\u017eara\" \/>\n<meta property=\"article:modified_time\" content=\"2023-02-24T23:13:19+00:00\" \/>\n<meta property=\"og:image\" content=\"https:\/\/webknjizara.hr\/wp-content\/uploads\/nc\/images\/virtuemart\/product\/Jadranka_Ivanovic-Bolog_Golubice_webknjizara_redak_WEB_1295.jpg\" \/>\n\t<meta property=\"og:image:width\" content=\"300\" \/>\n\t<meta property=\"og:image:height\" content=\"419\" \/>\n\t<meta property=\"og:image:type\" content=\"image\/jpeg\" \/>\n<meta name=\"twitter:card\" content=\"summary_large_image\" \/>\n<meta name=\"twitter:label1\" content=\"Est. reading time\" \/>\n\t<meta name=\"twitter:data1\" content=\"1 minute\" \/>\n<script type=\"application\/ld+json\" class=\"yoast-schema-graph\">{\"@context\":\"https:\\\/\\\/schema.org\",\"@graph\":[{\"@type\":\"WebPage\",\"@id\":\"https:\\\/\\\/webknjizara.hr\\\/proizvod\\\/golubice-jadranka-ivanovic-bolog\\\/\",\"url\":\"https:\\\/\\\/webknjizara.hr\\\/proizvod\\\/golubice-jadranka-ivanovic-bolog\\\/\",\"name\":\"GOLUBICE, Jadranka Ivanovic-Bolog - Web-knji\u017eara\",\"isPartOf\":{\"@id\":\"https:\\\/\\\/webknjizara.hr\\\/#website\"},\"primaryImageOfPage\":{\"@id\":\"https:\\\/\\\/webknjizara.hr\\\/proizvod\\\/golubice-jadranka-ivanovic-bolog\\\/#primaryimage\"},\"image\":{\"@id\":\"https:\\\/\\\/webknjizara.hr\\\/proizvod\\\/golubice-jadranka-ivanovic-bolog\\\/#primaryimage\"},\"thumbnailUrl\":\"https:\\\/\\\/webknjizara.hr\\\/wp-content\\\/uploads\\\/nc\\\/images\\\/virtuemart\\\/product\\\/Jadranka_Ivanovic-Bolog_Golubice_webknjizara_redak_WEB_1295.jpg\",\"datePublished\":\"2022-05-11T15:05:07+00:00\",\"dateModified\":\"2023-02-24T23:13:19+00:00\",\"breadcrumb\":{\"@id\":\"https:\\\/\\\/webknjizara.hr\\\/proizvod\\\/golubice-jadranka-ivanovic-bolog\\\/#breadcrumb\"},\"inLanguage\":\"en-US\",\"potentialAction\":[{\"@type\":\"ReadAction\",\"target\":[\"https:\\\/\\\/webknjizara.hr\\\/proizvod\\\/golubice-jadranka-ivanovic-bolog\\\/\"]}]},{\"@type\":\"ImageObject\",\"inLanguage\":\"en-US\",\"@id\":\"https:\\\/\\\/webknjizara.hr\\\/proizvod\\\/golubice-jadranka-ivanovic-bolog\\\/#primaryimage\",\"url\":\"https:\\\/\\\/webknjizara.hr\\\/wp-content\\\/uploads\\\/nc\\\/images\\\/virtuemart\\\/product\\\/Jadranka_Ivanovic-Bolog_Golubice_webknjizara_redak_WEB_1295.jpg\",\"contentUrl\":\"https:\\\/\\\/webknjizara.hr\\\/wp-content\\\/uploads\\\/nc\\\/images\\\/virtuemart\\\/product\\\/Jadranka_Ivanovic-Bolog_Golubice_webknjizara_redak_WEB_1295.jpg\",\"width\":300,\"height\":419,\"caption\":\"GOLUBICE, Jadranka Ivanovic-Bolog\"},{\"@type\":\"BreadcrumbList\",\"@id\":\"https:\\\/\\\/webknjizara.hr\\\/proizvod\\\/golubice-jadranka-ivanovic-bolog\\\/#breadcrumb\",\"itemListElement\":[{\"@type\":\"ListItem\",\"position\":1,\"name\":\"Po\u010detna stranica\",\"item\":\"https:\\\/\\\/webknjizara.hr\\\/en\\\/\"},{\"@type\":\"ListItem\",\"position\":2,\"name\":\"Shop\",\"item\":\"https:\\\/\\\/webknjizara.hr\\\/shop\\\/\"},{\"@type\":\"ListItem\",\"position\":3,\"name\":\"GOLUBICE, Jadranka Ivanovic-Bolog\"}]},{\"@type\":\"WebSite\",\"@id\":\"https:\\\/\\\/webknjizara.hr\\\/#website\",\"url\":\"https:\\\/\\\/webknjizara.hr\\\/\",\"name\":\"Web Knji\u017eara\",\"description\":\"\",\"publisher\":{\"@id\":\"https:\\\/\\\/webknjizara.hr\\\/#organization\"},\"potentialAction\":[{\"@type\":\"SearchAction\",\"target\":{\"@type\":\"EntryPoint\",\"urlTemplate\":\"https:\\\/\\\/webknjizara.hr\\\/?s={search_term_string}\"},\"query-input\":{\"@type\":\"PropertyValueSpecification\",\"valueRequired\":true,\"valueName\":\"search_term_string\"}}],\"inLanguage\":\"en-US\"},{\"@type\":\"Organization\",\"@id\":\"https:\\\/\\\/webknjizara.hr\\\/#organization\",\"name\":\"REDAK D.O.O.\",\"url\":\"https:\\\/\\\/webknjizara.hr\\\/\",\"logo\":{\"@type\":\"ImageObject\",\"inLanguage\":\"en-US\",\"@id\":\"https:\\\/\\\/webknjizara.hr\\\/#\\\/schema\\\/logo\\\/image\\\/\",\"url\":\"https:\\\/\\\/webknjizara.hr\\\/wp-content\\\/uploads\\\/2023\\\/01\\\/web-knjizara-logo.webp\",\"contentUrl\":\"https:\\\/\\\/webknjizara.hr\\\/wp-content\\\/uploads\\\/2023\\\/01\\\/web-knjizara-logo.webp\",\"width\":324,\"height\":79,\"caption\":\"REDAK D.O.O.\"},\"image\":{\"@id\":\"https:\\\/\\\/webknjizara.hr\\\/#\\\/schema\\\/logo\\\/image\\\/\"}}]}<\/script>\n<!-- \/ Yoast SEO plugin. -->","yoast_head_json":{"title":"GOLUBICE, Jadranka Ivanovic-Bolog - Web-knji\u017eara","robots":{"index":"index","follow":"follow","max-snippet":"max-snippet:-1","max-image-preview":"max-image-preview:large","max-video-preview":"max-video-preview:-1"},"canonical":"https:\/\/webknjizara.hr\/proizvod\/golubice-jadranka-ivanovic-bolog\/","og_locale":"en_US","og_type":"article","og_title":"GOLUBICE, Jadranka Ivanovic-Bolog - Web-knji\u017eara","og_description":"Sa\u017eetak: poezija, lirika \u00a0 Bilje\u0161ka o autorici: Jadranka Ivanovi\u0107 &#8211; Bolog ro\u0111ena je u Kotoru , (Boka kotorska, Crna Gora )hrvatskog je porijekla.\u017divi i radi u Stuttgartu od 1991-ve godine Savezna Republika Njema\u010dka.Autorica je vi\u0161e zbirki poezije pod nazivom &#8220;Putovanje u Domovinu&#8221;, &#8220;Jug&#8221;, &#8220;Balkanski putnik&#8221;,&#8221;Zakasnila vje\u010dnost&#8221;, &#8220;Jeka vremena&#8221; , &#8220;Bera\u010di \u010daja&#8221;.Objavljuje svoju poeziju na portalima [&hellip;]","og_url":"https:\/\/webknjizara.hr\/proizvod\/golubice-jadranka-ivanovic-bolog\/","og_site_name":"Web-knji\u017eara","article_modified_time":"2023-02-24T23:13:19+00:00","og_image":[{"width":300,"height":419,"url":"https:\/\/webknjizara.hr\/wp-content\/uploads\/nc\/images\/virtuemart\/product\/Jadranka_Ivanovic-Bolog_Golubice_webknjizara_redak_WEB_1295.jpg","type":"image\/jpeg"}],"twitter_card":"summary_large_image","twitter_misc":{"Est. reading time":"1 minute"},"schema":{"@context":"https:\/\/schema.org","@graph":[{"@type":"WebPage","@id":"https:\/\/webknjizara.hr\/proizvod\/golubice-jadranka-ivanovic-bolog\/","url":"https:\/\/webknjizara.hr\/proizvod\/golubice-jadranka-ivanovic-bolog\/","name":"GOLUBICE, Jadranka Ivanovic-Bolog - Web-knji\u017eara","isPartOf":{"@id":"https:\/\/webknjizara.hr\/#website"},"primaryImageOfPage":{"@id":"https:\/\/webknjizara.hr\/proizvod\/golubice-jadranka-ivanovic-bolog\/#primaryimage"},"image":{"@id":"https:\/\/webknjizara.hr\/proizvod\/golubice-jadranka-ivanovic-bolog\/#primaryimage"},"thumbnailUrl":"https:\/\/webknjizara.hr\/wp-content\/uploads\/nc\/images\/virtuemart\/product\/Jadranka_Ivanovic-Bolog_Golubice_webknjizara_redak_WEB_1295.jpg","datePublished":"2022-05-11T15:05:07+00:00","dateModified":"2023-02-24T23:13:19+00:00","breadcrumb":{"@id":"https:\/\/webknjizara.hr\/proizvod\/golubice-jadranka-ivanovic-bolog\/#breadcrumb"},"inLanguage":"en-US","potentialAction":[{"@type":"ReadAction","target":["https:\/\/webknjizara.hr\/proizvod\/golubice-jadranka-ivanovic-bolog\/"]}]},{"@type":"ImageObject","inLanguage":"en-US","@id":"https:\/\/webknjizara.hr\/proizvod\/golubice-jadranka-ivanovic-bolog\/#primaryimage","url":"https:\/\/webknjizara.hr\/wp-content\/uploads\/nc\/images\/virtuemart\/product\/Jadranka_Ivanovic-Bolog_Golubice_webknjizara_redak_WEB_1295.jpg","contentUrl":"https:\/\/webknjizara.hr\/wp-content\/uploads\/nc\/images\/virtuemart\/product\/Jadranka_Ivanovic-Bolog_Golubice_webknjizara_redak_WEB_1295.jpg","width":300,"height":419,"caption":"GOLUBICE, Jadranka Ivanovic-Bolog"},{"@type":"BreadcrumbList","@id":"https:\/\/webknjizara.hr\/proizvod\/golubice-jadranka-ivanovic-bolog\/#breadcrumb","itemListElement":[{"@type":"ListItem","position":1,"name":"Po\u010detna stranica","item":"https:\/\/webknjizara.hr\/en\/"},{"@type":"ListItem","position":2,"name":"Shop","item":"https:\/\/webknjizara.hr\/shop\/"},{"@type":"ListItem","position":3,"name":"GOLUBICE, Jadranka Ivanovic-Bolog"}]},{"@type":"WebSite","@id":"https:\/\/webknjizara.hr\/#website","url":"https:\/\/webknjizara.hr\/","name":"Web Knji\u017eara","description":"","publisher":{"@id":"https:\/\/webknjizara.hr\/#organization"},"potentialAction":[{"@type":"SearchAction","target":{"@type":"EntryPoint","urlTemplate":"https:\/\/webknjizara.hr\/?s={search_term_string}"},"query-input":{"@type":"PropertyValueSpecification","valueRequired":true,"valueName":"search_term_string"}}],"inLanguage":"en-US"},{"@type":"Organization","@id":"https:\/\/webknjizara.hr\/#organization","name":"REDAK D.O.O.","url":"https:\/\/webknjizara.hr\/","logo":{"@type":"ImageObject","inLanguage":"en-US","@id":"https:\/\/webknjizara.hr\/#\/schema\/logo\/image\/","url":"https:\/\/webknjizara.hr\/wp-content\/uploads\/2023\/01\/web-knjizara-logo.webp","contentUrl":"https:\/\/webknjizara.hr\/wp-content\/uploads\/2023\/01\/web-knjizara-logo.webp","width":324,"height":79,"caption":"REDAK D.O.O."},"image":{"@id":"https:\/\/webknjizara.hr\/#\/schema\/logo\/image\/"}}]}},"_links":{"self":[{"href":"https:\/\/webknjizara.hr\/en\/wp-json\/wp\/v2\/product\/9737","targetHints":{"allow":["GET"]}}],"collection":[{"href":"https:\/\/webknjizara.hr\/en\/wp-json\/wp\/v2\/product"}],"about":[{"href":"https:\/\/webknjizara.hr\/en\/wp-json\/wp\/v2\/types\/product"}],"replies":[{"embeddable":true,"href":"https:\/\/webknjizara.hr\/en\/wp-json\/wp\/v2\/comments?post=9737"}],"wp:featuredmedia":[{"embeddable":true,"href":"https:\/\/webknjizara.hr\/en\/wp-json\/wp\/v2\/media\/9738"}],"wp:attachment":[{"href":"https:\/\/webknjizara.hr\/en\/wp-json\/wp\/v2\/media?parent=9737"}],"wp:term":[{"taxonomy":"product_brand","embeddable":true,"href":"https:\/\/webknjizara.hr\/en\/wp-json\/wp\/v2\/product_brand?post=9737"},{"taxonomy":"product_cat","embeddable":true,"href":"https:\/\/webknjizara.hr\/en\/wp-json\/wp\/v2\/product_cat?post=9737"},{"taxonomy":"product_tag","embeddable":true,"href":"https:\/\/webknjizara.hr\/en\/wp-json\/wp\/v2\/product_tag?post=9737"}],"curies":[{"name":"wp","href":"https:\/\/api.w.org\/{rel}","templated":true}]}}