{"id":9729,"date":"2022-05-04T09:52:42","date_gmt":"2022-05-04T09:52:42","guid":{"rendered":"https:\/\/webknjizara.hr\/?product=laboratory-manual-of-medical-chemistry-grupa-autora"},"modified":"2023-02-25T00:13:47","modified_gmt":"2023-02-24T23:13:47","slug":"laboratory-manual-of-medical-chemistry-grupa-autora","status":"publish","type":"product","link":"https:\/\/webknjizara.hr\/en\/proizvod\/laboratory-manual-of-medical-chemistry-grupa-autora\/","title":{"rendered":"LABORATORY MANUAL OF MEDICAL CHEMISTRY, Grupa autora"},"content":{"rendered":"<p>\u00a0<\/p>\n<p><span style=\"font-family: Arial, sans-serif;\"><span lang=\"hr-HR\"><b>Bilje\u0161ka o autoricama: <\/b><\/span><\/span><\/p>\n<p><span style=\"color: #000000;\">Sve autorice su \u010dlanice Katedre za medicinsku kemiju i biokemiju u punom radnom vremenu i imaju dugogodi\u0161nje iskustvo u odr\u017eavanju nastave iz medicinske kemije i biokemije na brojnim studijskim programima: Medicina na hrvatskom i engleskom jeziku, Dentalna medicina, Farmacija itd. Sve autorice su aktivne znanstvenice i trajno se usavr\u0161avaju u znanstvenom i nastavnom smislu.<\/span><\/p>\n<p><span style=\"font-family: Arial, sans-serif;\"><span lang=\"hr-HR\"><b>Klju\u010dne rije\u010di: <\/b><\/span><\/span><span style=\"color: #000000;\"><span lang=\"en-GB\">Practical, physical chemistry, organic chemistry, chemistry laboratory exercise<\/span><\/span><\/p>\n<p><span style=\"font-family: Arial, sans-serif;\"><span lang=\"hr-HR\"><b>Link: <\/b><\/span><\/span><span style=\"color: #000000;\"><a href=\"http:\/\/www.mefst.unist.hr\/nastava\/katedre\/medicinska-kemija-i-biokemija-635\/medical_chemisty_and_biochemistry\/1815\">http:\/\/www.mefst.unist.hr\/nastava\/katedre\/medicinska-kemija-i-biokemija-635\/medical_chemisty_and_biochemistry\/1815<\/a><\/span><\/p>\n<p><span style=\"font-family: Arial, sans-serif;\"><span lang=\"hr-HR\"><b>E-mail: <a href=\"mailto:vedrana.cikes.culic@mefst.hr\" target=\"_blank\" rel=\"noopener noreferrer\">Vedrana \u010cike\u0161 \u010culi\u0107<\/a><\/b><\/span><\/span><\/p>\n<p lang=\"hr-HR\">\u00a0<\/p>\n<p><strong><span style=\"font-family: Arial, sans-serif;\">Naslov: <\/span><\/strong><strong><span style=\"font-family: Arial, sans-serif;\">Laboratory manual of medical chemistry<\/span><\/strong><span style=\"font-family: Arial, sans-serif;\"><br \/><\/span><strong><span style=\"font-family: Arial, sans-serif;\">Autorice:<\/span><\/strong><span style=\"font-family: Arial, sans-serif;\"> Vedrana \u010cike\u0161 \u010culi\u0107, Marina Degoricija, Sandra Marijan, Anita Markoti\u0107, Angela Masteli\u0107, Nikolina Re\u017ei\u0107 Mu\u017eini\u0107<br \/><\/span><strong><span style=\"font-family: Arial, sans-serif;\">Broj stranica: <\/span><\/strong><span style=\"font-family: Arial, sans-serif;\"><span lang=\"\">110<\/span><\/span><span style=\"font-family: Arial, sans-serif;\"><br \/><\/span><strong><span style=\"font-family: Arial, sans-serif;\">Nakladnik: <\/span><\/strong><strong><span style=\"font-family: Arial, sans-serif;\">REDAK<\/span><\/strong><span style=\"font-family: Arial, sans-serif;\"><br \/><\/span><strong><span style=\"font-family: Arial, sans-serif;\">Godina izdanja: <\/span><\/strong><strong><span style=\"font-family: Arial, sans-serif;\">2021.<br \/><\/span><\/strong><strong><span style=\"font-family: Arial, sans-serif;\">ISBN:<\/span><\/strong><span style=\"font-family: Arial, sans-serif;\"> 978-953-336-750-7<br \/><\/span><strong><span style=\"font-family: Arial, sans-serif;\">Tisak:<\/span><\/strong><span style=\"font-family: Arial, sans-serif;\"> digitalni tisak knjiga &#8211; print na zahtjev<\/span><\/p>\n<p>\u00a0<\/p>\n<hr \/>\n<p style=\"text-align: justify;\"><strong>Kako naru\u010diti knjigu?\u00a0<\/strong>Proces online kupovine jednako funkcionira za sve kupce, s jedinom razlikom u tome \u0161to \u0161to kupci iz inozemstva za podru\u010dje dostave moraju odabrati &#8220;Europa&#8221; ili &#8220;Ostale zemlje svijeta&#8221;, a za vrstu pla\u0107anja WSPay (kreditna kartica) ili Virmanom (bankovni transfer).<\/p>\n<p style=\"text-align: justify;\">Molimo kliknite ovdje za\u00a0<a href=\"hr\/kako-kupovati\" target=\"_blank\" rel=\"noopener noreferrer\">detaljni vodi\u010d kroz proces narud\u017ebe<\/a>\u00a0ili nas\u00a0<a href=\"hr\/kontakt\" target=\"_blank\" rel=\"noopener noreferrer\">kontaktirajte<\/a>\u00a0za vi\u0161e informacija.<\/p>\n","protected":false},"excerpt":{"rendered":"<p>\u00a0 Bilje\u0161ka o autoricama: Sve autorice su \u010dlanice Katedre za medicinsku kemiju i biokemiju u punom radnom vremenu i imaju dugogodi\u0161nje iskustvo u odr\u017eavanju nastave iz medicinske kemije i biokemije na brojnim studijskim programima: Medicina na hrvatskom i engleskom jeziku, Dentalna medicina, Farmacija itd. Sve autorice su aktivne znanstvenice i trajno se usavr\u0161avaju u znanstvenom [&hellip;]<\/p>\n","protected":false},"featured_media":9730,"comment_status":"open","ping_status":"closed","template":"","meta":{"_acf_changed":false},"product_brand":[],"product_cat":[1540,1517],"product_tag":[],"class_list":{"0":"post-9729","1":"product","2":"type-product","3":"status-publish","4":"has-post-thumbnail","6":"product_cat-biomedicina-i-zdravstvo","7":"product_cat-strucna-literatura","9":"first","10":"instock","11":"shipping-taxable","12":"purchasable","13":"product-type-simple"},"acf":[],"yoast_head":"<!-- This site is optimized with the Yoast SEO plugin v27.3 - https:\/\/yoast.com\/product\/yoast-seo-wordpress\/ -->\n<title>LABORATORY MANUAL OF MEDICAL CHEMISTRY, Grupa autora - Web-knji\u017eara<\/title>\n<meta name=\"robots\" content=\"index, follow, max-snippet:-1, max-image-preview:large, max-video-preview:-1\" \/>\n<link rel=\"canonical\" href=\"https:\/\/webknjizara.hr\/proizvod\/laboratory-manual-of-medical-chemistry-grupa-autora\/\" \/>\n<meta property=\"og:locale\" content=\"en_US\" \/>\n<meta property=\"og:type\" content=\"article\" \/>\n<meta property=\"og:title\" content=\"LABORATORY MANUAL OF MEDICAL CHEMISTRY, Grupa autora - Web-knji\u017eara\" \/>\n<meta property=\"og:description\" content=\"\u00a0 Bilje\u0161ka o autoricama: Sve autorice su \u010dlanice Katedre za medicinsku kemiju i biokemiju u punom radnom vremenu i imaju dugogodi\u0161nje iskustvo u odr\u017eavanju nastave iz medicinske kemije i biokemije na brojnim studijskim programima: Medicina na hrvatskom i engleskom jeziku, Dentalna medicina, Farmacija itd. Sve autorice su aktivne znanstvenice i trajno se usavr\u0161avaju u znanstvenom [&hellip;]\" \/>\n<meta property=\"og:url\" content=\"https:\/\/webknjizara.hr\/proizvod\/laboratory-manual-of-medical-chemistry-grupa-autora\/\" \/>\n<meta property=\"og:site_name\" content=\"Web-knji\u017eara\" \/>\n<meta property=\"article:modified_time\" content=\"2023-02-24T23:13:47+00:00\" \/>\n<meta property=\"og:image\" content=\"https:\/\/webknjizara.hr\/wp-content\/uploads\/nc\/images\/virtuemart\/product\/VEDRAN_1.jpg\" \/>\n\t<meta property=\"og:image:width\" content=\"300\" \/>\n\t<meta property=\"og:image:height\" content=\"419\" \/>\n\t<meta property=\"og:image:type\" content=\"image\/jpeg\" \/>\n<meta name=\"twitter:card\" content=\"summary_large_image\" \/>\n<meta name=\"twitter:label1\" content=\"Est. reading time\" \/>\n\t<meta name=\"twitter:data1\" content=\"1 minute\" \/>\n<script type=\"application\/ld+json\" class=\"yoast-schema-graph\">{\"@context\":\"https:\\\/\\\/schema.org\",\"@graph\":[{\"@type\":\"WebPage\",\"@id\":\"https:\\\/\\\/webknjizara.hr\\\/proizvod\\\/laboratory-manual-of-medical-chemistry-grupa-autora\\\/\",\"url\":\"https:\\\/\\\/webknjizara.hr\\\/proizvod\\\/laboratory-manual-of-medical-chemistry-grupa-autora\\\/\",\"name\":\"LABORATORY MANUAL OF MEDICAL CHEMISTRY, Grupa autora - Web-knji\u017eara\",\"isPartOf\":{\"@id\":\"https:\\\/\\\/webknjizara.hr\\\/#website\"},\"primaryImageOfPage\":{\"@id\":\"https:\\\/\\\/webknjizara.hr\\\/proizvod\\\/laboratory-manual-of-medical-chemistry-grupa-autora\\\/#primaryimage\"},\"image\":{\"@id\":\"https:\\\/\\\/webknjizara.hr\\\/proizvod\\\/laboratory-manual-of-medical-chemistry-grupa-autora\\\/#primaryimage\"},\"thumbnailUrl\":\"https:\\\/\\\/webknjizara.hr\\\/wp-content\\\/uploads\\\/nc\\\/images\\\/virtuemart\\\/product\\\/VEDRAN_1.jpg\",\"datePublished\":\"2022-05-04T09:52:42+00:00\",\"dateModified\":\"2023-02-24T23:13:47+00:00\",\"breadcrumb\":{\"@id\":\"https:\\\/\\\/webknjizara.hr\\\/proizvod\\\/laboratory-manual-of-medical-chemistry-grupa-autora\\\/#breadcrumb\"},\"inLanguage\":\"en-US\",\"potentialAction\":[{\"@type\":\"ReadAction\",\"target\":[\"https:\\\/\\\/webknjizara.hr\\\/proizvod\\\/laboratory-manual-of-medical-chemistry-grupa-autora\\\/\"]}]},{\"@type\":\"ImageObject\",\"inLanguage\":\"en-US\",\"@id\":\"https:\\\/\\\/webknjizara.hr\\\/proizvod\\\/laboratory-manual-of-medical-chemistry-grupa-autora\\\/#primaryimage\",\"url\":\"https:\\\/\\\/webknjizara.hr\\\/wp-content\\\/uploads\\\/nc\\\/images\\\/virtuemart\\\/product\\\/VEDRAN_1.jpg\",\"contentUrl\":\"https:\\\/\\\/webknjizara.hr\\\/wp-content\\\/uploads\\\/nc\\\/images\\\/virtuemart\\\/product\\\/VEDRAN_1.jpg\",\"width\":300,\"height\":419,\"caption\":\"LABORATORY MANUAL OF MEDICAL CHEMISTRY, Grupa autora\"},{\"@type\":\"BreadcrumbList\",\"@id\":\"https:\\\/\\\/webknjizara.hr\\\/proizvod\\\/laboratory-manual-of-medical-chemistry-grupa-autora\\\/#breadcrumb\",\"itemListElement\":[{\"@type\":\"ListItem\",\"position\":1,\"name\":\"Po\u010detna stranica\",\"item\":\"https:\\\/\\\/webknjizara.hr\\\/en\\\/\"},{\"@type\":\"ListItem\",\"position\":2,\"name\":\"Shop\",\"item\":\"https:\\\/\\\/webknjizara.hr\\\/shop\\\/\"},{\"@type\":\"ListItem\",\"position\":3,\"name\":\"LABORATORY MANUAL OF MEDICAL CHEMISTRY, Grupa autora\"}]},{\"@type\":\"WebSite\",\"@id\":\"https:\\\/\\\/webknjizara.hr\\\/#website\",\"url\":\"https:\\\/\\\/webknjizara.hr\\\/\",\"name\":\"Web Knji\u017eara\",\"description\":\"\",\"publisher\":{\"@id\":\"https:\\\/\\\/webknjizara.hr\\\/#organization\"},\"potentialAction\":[{\"@type\":\"SearchAction\",\"target\":{\"@type\":\"EntryPoint\",\"urlTemplate\":\"https:\\\/\\\/webknjizara.hr\\\/?s={search_term_string}\"},\"query-input\":{\"@type\":\"PropertyValueSpecification\",\"valueRequired\":true,\"valueName\":\"search_term_string\"}}],\"inLanguage\":\"en-US\"},{\"@type\":\"Organization\",\"@id\":\"https:\\\/\\\/webknjizara.hr\\\/#organization\",\"name\":\"REDAK D.O.O.\",\"url\":\"https:\\\/\\\/webknjizara.hr\\\/\",\"logo\":{\"@type\":\"ImageObject\",\"inLanguage\":\"en-US\",\"@id\":\"https:\\\/\\\/webknjizara.hr\\\/#\\\/schema\\\/logo\\\/image\\\/\",\"url\":\"https:\\\/\\\/webknjizara.hr\\\/wp-content\\\/uploads\\\/2023\\\/01\\\/web-knjizara-logo.webp\",\"contentUrl\":\"https:\\\/\\\/webknjizara.hr\\\/wp-content\\\/uploads\\\/2023\\\/01\\\/web-knjizara-logo.webp\",\"width\":324,\"height\":79,\"caption\":\"REDAK D.O.O.\"},\"image\":{\"@id\":\"https:\\\/\\\/webknjizara.hr\\\/#\\\/schema\\\/logo\\\/image\\\/\"}}]}<\/script>\n<!-- \/ Yoast SEO plugin. -->","yoast_head_json":{"title":"LABORATORY MANUAL OF MEDICAL CHEMISTRY, Grupa autora - Web-knji\u017eara","robots":{"index":"index","follow":"follow","max-snippet":"max-snippet:-1","max-image-preview":"max-image-preview:large","max-video-preview":"max-video-preview:-1"},"canonical":"https:\/\/webknjizara.hr\/proizvod\/laboratory-manual-of-medical-chemistry-grupa-autora\/","og_locale":"en_US","og_type":"article","og_title":"LABORATORY MANUAL OF MEDICAL CHEMISTRY, Grupa autora - Web-knji\u017eara","og_description":"\u00a0 Bilje\u0161ka o autoricama: Sve autorice su \u010dlanice Katedre za medicinsku kemiju i biokemiju u punom radnom vremenu i imaju dugogodi\u0161nje iskustvo u odr\u017eavanju nastave iz medicinske kemije i biokemije na brojnim studijskim programima: Medicina na hrvatskom i engleskom jeziku, Dentalna medicina, Farmacija itd. Sve autorice su aktivne znanstvenice i trajno se usavr\u0161avaju u znanstvenom [&hellip;]","og_url":"https:\/\/webknjizara.hr\/proizvod\/laboratory-manual-of-medical-chemistry-grupa-autora\/","og_site_name":"Web-knji\u017eara","article_modified_time":"2023-02-24T23:13:47+00:00","og_image":[{"width":300,"height":419,"url":"https:\/\/webknjizara.hr\/wp-content\/uploads\/nc\/images\/virtuemart\/product\/VEDRAN_1.jpg","type":"image\/jpeg"}],"twitter_card":"summary_large_image","twitter_misc":{"Est. reading time":"1 minute"},"schema":{"@context":"https:\/\/schema.org","@graph":[{"@type":"WebPage","@id":"https:\/\/webknjizara.hr\/proizvod\/laboratory-manual-of-medical-chemistry-grupa-autora\/","url":"https:\/\/webknjizara.hr\/proizvod\/laboratory-manual-of-medical-chemistry-grupa-autora\/","name":"LABORATORY MANUAL OF MEDICAL CHEMISTRY, Grupa autora - Web-knji\u017eara","isPartOf":{"@id":"https:\/\/webknjizara.hr\/#website"},"primaryImageOfPage":{"@id":"https:\/\/webknjizara.hr\/proizvod\/laboratory-manual-of-medical-chemistry-grupa-autora\/#primaryimage"},"image":{"@id":"https:\/\/webknjizara.hr\/proizvod\/laboratory-manual-of-medical-chemistry-grupa-autora\/#primaryimage"},"thumbnailUrl":"https:\/\/webknjizara.hr\/wp-content\/uploads\/nc\/images\/virtuemart\/product\/VEDRAN_1.jpg","datePublished":"2022-05-04T09:52:42+00:00","dateModified":"2023-02-24T23:13:47+00:00","breadcrumb":{"@id":"https:\/\/webknjizara.hr\/proizvod\/laboratory-manual-of-medical-chemistry-grupa-autora\/#breadcrumb"},"inLanguage":"en-US","potentialAction":[{"@type":"ReadAction","target":["https:\/\/webknjizara.hr\/proizvod\/laboratory-manual-of-medical-chemistry-grupa-autora\/"]}]},{"@type":"ImageObject","inLanguage":"en-US","@id":"https:\/\/webknjizara.hr\/proizvod\/laboratory-manual-of-medical-chemistry-grupa-autora\/#primaryimage","url":"https:\/\/webknjizara.hr\/wp-content\/uploads\/nc\/images\/virtuemart\/product\/VEDRAN_1.jpg","contentUrl":"https:\/\/webknjizara.hr\/wp-content\/uploads\/nc\/images\/virtuemart\/product\/VEDRAN_1.jpg","width":300,"height":419,"caption":"LABORATORY MANUAL OF MEDICAL CHEMISTRY, Grupa autora"},{"@type":"BreadcrumbList","@id":"https:\/\/webknjizara.hr\/proizvod\/laboratory-manual-of-medical-chemistry-grupa-autora\/#breadcrumb","itemListElement":[{"@type":"ListItem","position":1,"name":"Po\u010detna stranica","item":"https:\/\/webknjizara.hr\/en\/"},{"@type":"ListItem","position":2,"name":"Shop","item":"https:\/\/webknjizara.hr\/shop\/"},{"@type":"ListItem","position":3,"name":"LABORATORY MANUAL OF MEDICAL CHEMISTRY, Grupa autora"}]},{"@type":"WebSite","@id":"https:\/\/webknjizara.hr\/#website","url":"https:\/\/webknjizara.hr\/","name":"Web Knji\u017eara","description":"","publisher":{"@id":"https:\/\/webknjizara.hr\/#organization"},"potentialAction":[{"@type":"SearchAction","target":{"@type":"EntryPoint","urlTemplate":"https:\/\/webknjizara.hr\/?s={search_term_string}"},"query-input":{"@type":"PropertyValueSpecification","valueRequired":true,"valueName":"search_term_string"}}],"inLanguage":"en-US"},{"@type":"Organization","@id":"https:\/\/webknjizara.hr\/#organization","name":"REDAK D.O.O.","url":"https:\/\/webknjizara.hr\/","logo":{"@type":"ImageObject","inLanguage":"en-US","@id":"https:\/\/webknjizara.hr\/#\/schema\/logo\/image\/","url":"https:\/\/webknjizara.hr\/wp-content\/uploads\/2023\/01\/web-knjizara-logo.webp","contentUrl":"https:\/\/webknjizara.hr\/wp-content\/uploads\/2023\/01\/web-knjizara-logo.webp","width":324,"height":79,"caption":"REDAK D.O.O."},"image":{"@id":"https:\/\/webknjizara.hr\/#\/schema\/logo\/image\/"}}]}},"_links":{"self":[{"href":"https:\/\/webknjizara.hr\/en\/wp-json\/wp\/v2\/product\/9729","targetHints":{"allow":["GET"]}}],"collection":[{"href":"https:\/\/webknjizara.hr\/en\/wp-json\/wp\/v2\/product"}],"about":[{"href":"https:\/\/webknjizara.hr\/en\/wp-json\/wp\/v2\/types\/product"}],"replies":[{"embeddable":true,"href":"https:\/\/webknjizara.hr\/en\/wp-json\/wp\/v2\/comments?post=9729"}],"wp:featuredmedia":[{"embeddable":true,"href":"https:\/\/webknjizara.hr\/en\/wp-json\/wp\/v2\/media\/9730"}],"wp:attachment":[{"href":"https:\/\/webknjizara.hr\/en\/wp-json\/wp\/v2\/media?parent=9729"}],"wp:term":[{"taxonomy":"product_brand","embeddable":true,"href":"https:\/\/webknjizara.hr\/en\/wp-json\/wp\/v2\/product_brand?post=9729"},{"taxonomy":"product_cat","embeddable":true,"href":"https:\/\/webknjizara.hr\/en\/wp-json\/wp\/v2\/product_cat?post=9729"},{"taxonomy":"product_tag","embeddable":true,"href":"https:\/\/webknjizara.hr\/en\/wp-json\/wp\/v2\/product_tag?post=9729"}],"curies":[{"name":"wp","href":"https:\/\/api.w.org\/{rel}","templated":true}]}}