{"id":9727,"date":"2022-04-29T17:00:57","date_gmt":"2022-04-29T17:00:57","guid":{"rendered":"https:\/\/webknjizara.hr\/?product=svjetionik-perica-vulic-vocanec"},"modified":"2023-02-25T00:13:20","modified_gmt":"2023-02-24T23:13:20","slug":"svjetionik-perica-vulic-vocanec","status":"publish","type":"product","link":"https:\/\/webknjizara.hr\/en\/proizvod\/svjetionik-perica-vulic-vocanec\/","title":{"rendered":"SVJETIONIK, Perica Vuli\u0107 Vo\u010danec"},"content":{"rendered":"<p><span style=\"font-family: Arial, sans-serif;\"><span lang=\"hr-HR\"><b>Sa\u017eetak:<\/b><\/span><\/span><\/p>\n<p>Perica Vuli\u0107 Vo\u010danec svoje pjesni\u0161tvo koje publici predstavlja u zbirci Svjetionik opisuje rije\u010dima: \u201eKad me preplave osje\u0107aji, izlijevaju se u pjesme.<\/p>\n<p>Potaknute nje\u017eno\u0161\u0107u, rado\u0161\u0107u, ispunjenjem,<\/p>\n<p>sre\u0107om zauvijek sa\u010duvaju taj trenutak i uvijek ga<\/p>\n<p>opet mogu pro\u017eivjeti vrativ\u0161i se tim stihovima.<\/p>\n<p>One potaknute tugom i drugim te\u0161kim osje\u0107ajima<\/p>\n<p>djeluju terapeutski. Podijeljena tuga, makar<\/p>\n<p>podijeljena sa samom sobom, postaje lak\u0161e<\/p>\n<p>podno\u0161ljiva i nakon \u0161to je preselim u stihove<\/p>\n<p>osje\u0107am se bolje.<\/p>\n<p>Nadam se da \u0107e i vas neke od njih dotaknuti.\u201c<\/p>\n<p>\u00a0<\/p>\n<p><span style=\"font-family: Arial, sans-serif;\"><span lang=\"hr-HR\"><b>Bilje\u0161ka o autorici: <\/b><\/span><\/span><\/p>\n<p>Perica Vuli\u0107 Vo\u010danec rodila se u Dubrovniku 1973. U Dubrovniku je zavr\u0161ila osnovnu \u0161kolu i gimnaziju, potom odlazi u Split studirati na U\u010diteljskom fakultetu, a danas je diplomirana u\u010diteljica razredne nastave.<\/p>\n<p>Pisanjem se po\u010dela baviti, kako sama ka\u017ee, jo\u0161 prije \u0161kole, jer ju je oduvijek zanimao tajanstveni svijet slova, rije\u010di, pri\u010da i pjesama.<\/p>\n<p>Pjesme redovito objavljuje u \u010dasopisu Literat u izdanju Dru\u0161tva dubrova\u010dkih pisaca, a godinama je vodila i odli\u010dno posje\u0107en poetski blog.<\/p>\n<p>Osim poezije, pisala je i duhovite kolumne o obiteljskom \u017eivotu objavljivane na Obiteljskom portalu Ringeraja.hr.<\/p>\n<p>Pri\u010du Exodus, iskustvo odlaska iz ratnog Dubrovnika objavila je, pod djevoja\u010dkim prezimenom Brzica, u zborniku Women in the Homeland war autorice Marije Sli\u0161kovi\u0107.<\/p>\n<p>Pisanje do\u017eivljava kao medij u kojem se najlak\u0161e kre\u0107e i izra\u017eava, poput mora koje toliko voli i uvijek mu se vra\u0107a.<\/p>\n<p>\u017divi i radi u Zagrebu.<\/p>\n<p><span style=\"font-family: Arial, sans-serif;\"><span lang=\"hr-HR\"><b>Klju\u010dne rije\u010di: <\/b><\/span><\/span><span style=\"color: #000000;\">Poezija, pjesme, pjesni\u0161tvo, svjetionik, more<\/span><\/p>\n<p><span style=\"font-family: Arial, sans-serif;\"><span lang=\"hr-HR\"><b>E-mail: <a href=\"mailto:pevulic@gmail.com\" target=\"_blank\" rel=\"noopener noreferrer\">Perica Vuli\u0107 Vo\u010danec<\/a><\/b><\/span><\/span><\/p>\n<p lang=\"hr-HR\">\u00a0<\/p>\n<p><strong><span style=\"font-family: Arial, sans-serif;\">Naslov: <\/span><\/strong><strong><span style=\"font-family: Arial, sans-serif;\">Svjetionik<\/span><\/strong><span style=\"font-family: Arial, sans-serif;\"><br \/><\/span><strong><span style=\"font-family: Arial, sans-serif;\">Autorica:<\/span><\/strong><span style=\"font-family: Arial, sans-serif;\"> Perica Vuli\u0107 Vo\u010danec<br \/><\/span><strong><span style=\"font-family: Arial, sans-serif;\">Broj stranica: <\/span><\/strong><span style=\"font-family: Arial, sans-serif;\"><span lang=\"\">124<\/span><\/span><span style=\"font-family: Arial, sans-serif;\"><br \/><\/span><strong><span style=\"font-family: Arial, sans-serif;\">Nakladnik: <\/span><\/strong><strong><span style=\"font-family: Arial, sans-serif;\">Redak<\/span><\/strong><span style=\"font-family: Arial, sans-serif;\"><br \/><\/span><strong><span style=\"font-family: Arial, sans-serif;\">Godina izdanja: <\/span><\/strong><strong><span style=\"font-family: Arial, sans-serif;\">2022.<br \/><\/span><\/strong><strong><span style=\"font-family: Arial, sans-serif;\">ISBN:<\/span><\/strong><span style=\"font-family: Arial, sans-serif;\"> 978-953-336-832-0<br \/><\/span><strong><span style=\"font-family: Arial, sans-serif;\">Tisak:<\/span><\/strong><span style=\"font-family: Arial, sans-serif;\"> digitalni tisak knjiga &#8211; print na zahtjev<\/span><\/p>\n<p>\u00a0<\/p>\n<hr \/>\n<p style=\"text-align: justify;\"><strong>Kako naru\u010diti knjigu?\u00a0<\/strong>Proces online kupovine jednako funkcionira za sve kupce, s jedinom razlikom u tome \u0161to \u0161to kupci iz inozemstva za podru\u010dje dostave moraju odabrati &#8220;Europa&#8221; ili &#8220;Ostale zemlje svijeta&#8221;, a za vrstu pla\u0107anja WSPay (kreditna kartica) ili Virmanom (bankovni transfer).<\/p>\n<p style=\"text-align: justify;\">Molimo kliknite ovdje za\u00a0<a href=\"hr\/kako-kupovati\" target=\"_blank\" rel=\"noopener noreferrer\">detaljni vodi\u010d kroz proces narud\u017ebe<\/a>\u00a0ili nas\u00a0<a href=\"hr\/kontakt\" target=\"_blank\" rel=\"noopener noreferrer\">kontaktirajte<\/a>\u00a0za vi\u0161e informacija.<\/p>\n","protected":false},"excerpt":{"rendered":"<p>Sa\u017eetak: Perica Vuli\u0107 Vo\u010danec svoje pjesni\u0161tvo koje publici predstavlja u zbirci Svjetionik opisuje rije\u010dima: \u201eKad me preplave osje\u0107aji, izlijevaju se u pjesme. Potaknute nje\u017eno\u0161\u0107u, rado\u0161\u0107u, ispunjenjem, sre\u0107om zauvijek sa\u010duvaju taj trenutak i uvijek ga opet mogu pro\u017eivjeti vrativ\u0161i se tim stihovima. One potaknute tugom i drugim te\u0161kim osje\u0107ajima djeluju terapeutski. Podijeljena tuga, makar podijeljena sa [&hellip;]<\/p>\n","protected":false},"featured_media":9728,"comment_status":"open","ping_status":"closed","template":"","meta":{"_acf_changed":false},"product_brand":[],"product_cat":[1383,1385,1388],"product_tag":[],"class_list":{"0":"post-9727","1":"product","2":"type-product","3":"status-publish","4":"has-post-thumbnail","6":"product_cat-knjige","7":"product_cat-knjizevnost","8":"product_cat-poezija","10":"first","11":"instock","12":"shipping-taxable","13":"purchasable","14":"product-type-simple"},"acf":[],"yoast_head":"<!-- This site is optimized with the Yoast SEO plugin v27.3 - https:\/\/yoast.com\/product\/yoast-seo-wordpress\/ -->\n<title>SVJETIONIK, Perica Vuli\u0107 Vo\u010danec - Web-knji\u017eara<\/title>\n<meta name=\"robots\" content=\"index, follow, max-snippet:-1, max-image-preview:large, max-video-preview:-1\" \/>\n<link rel=\"canonical\" href=\"https:\/\/webknjizara.hr\/proizvod\/svjetionik-perica-vulic-vocanec\/\" \/>\n<meta property=\"og:locale\" content=\"en_US\" \/>\n<meta property=\"og:type\" content=\"article\" \/>\n<meta property=\"og:title\" content=\"SVJETIONIK, Perica Vuli\u0107 Vo\u010danec - Web-knji\u017eara\" \/>\n<meta property=\"og:description\" content=\"Sa\u017eetak: Perica Vuli\u0107 Vo\u010danec svoje pjesni\u0161tvo koje publici predstavlja u zbirci Svjetionik opisuje rije\u010dima: \u201eKad me preplave osje\u0107aji, izlijevaju se u pjesme. Potaknute nje\u017eno\u0161\u0107u, rado\u0161\u0107u, ispunjenjem, sre\u0107om zauvijek sa\u010duvaju taj trenutak i uvijek ga opet mogu pro\u017eivjeti vrativ\u0161i se tim stihovima. One potaknute tugom i drugim te\u0161kim osje\u0107ajima djeluju terapeutski. Podijeljena tuga, makar podijeljena sa [&hellip;]\" \/>\n<meta property=\"og:url\" content=\"https:\/\/webknjizara.hr\/proizvod\/svjetionik-perica-vulic-vocanec\/\" \/>\n<meta property=\"og:site_name\" content=\"Web-knji\u017eara\" \/>\n<meta property=\"article:modified_time\" content=\"2023-02-24T23:13:20+00:00\" \/>\n<meta property=\"og:image\" content=\"https:\/\/webknjizara.hr\/wp-content\/uploads\/nc\/images\/virtuemart\/product\/Perica_Vulic_Vocanec_Svjetionik_webknjizara_redak_WEB_1289-1.jpg\" \/>\n\t<meta property=\"og:image:width\" content=\"300\" \/>\n\t<meta property=\"og:image:height\" content=\"485\" \/>\n\t<meta property=\"og:image:type\" content=\"image\/jpeg\" \/>\n<meta name=\"twitter:card\" content=\"summary_large_image\" \/>\n<meta name=\"twitter:label1\" content=\"Est. reading time\" \/>\n\t<meta name=\"twitter:data1\" content=\"2 minutes\" \/>\n<script type=\"application\/ld+json\" class=\"yoast-schema-graph\">{\"@context\":\"https:\\\/\\\/schema.org\",\"@graph\":[{\"@type\":\"WebPage\",\"@id\":\"https:\\\/\\\/webknjizara.hr\\\/proizvod\\\/svjetionik-perica-vulic-vocanec\\\/\",\"url\":\"https:\\\/\\\/webknjizara.hr\\\/proizvod\\\/svjetionik-perica-vulic-vocanec\\\/\",\"name\":\"SVJETIONIK, Perica Vuli\u0107 Vo\u010danec - Web-knji\u017eara\",\"isPartOf\":{\"@id\":\"https:\\\/\\\/webknjizara.hr\\\/#website\"},\"primaryImageOfPage\":{\"@id\":\"https:\\\/\\\/webknjizara.hr\\\/proizvod\\\/svjetionik-perica-vulic-vocanec\\\/#primaryimage\"},\"image\":{\"@id\":\"https:\\\/\\\/webknjizara.hr\\\/proizvod\\\/svjetionik-perica-vulic-vocanec\\\/#primaryimage\"},\"thumbnailUrl\":\"https:\\\/\\\/webknjizara.hr\\\/wp-content\\\/uploads\\\/nc\\\/images\\\/virtuemart\\\/product\\\/Perica_Vulic_Vocanec_Svjetionik_webknjizara_redak_WEB_1289-1.jpg\",\"datePublished\":\"2022-04-29T17:00:57+00:00\",\"dateModified\":\"2023-02-24T23:13:20+00:00\",\"breadcrumb\":{\"@id\":\"https:\\\/\\\/webknjizara.hr\\\/proizvod\\\/svjetionik-perica-vulic-vocanec\\\/#breadcrumb\"},\"inLanguage\":\"en-US\",\"potentialAction\":[{\"@type\":\"ReadAction\",\"target\":[\"https:\\\/\\\/webknjizara.hr\\\/proizvod\\\/svjetionik-perica-vulic-vocanec\\\/\"]}]},{\"@type\":\"ImageObject\",\"inLanguage\":\"en-US\",\"@id\":\"https:\\\/\\\/webknjizara.hr\\\/proizvod\\\/svjetionik-perica-vulic-vocanec\\\/#primaryimage\",\"url\":\"https:\\\/\\\/webknjizara.hr\\\/wp-content\\\/uploads\\\/nc\\\/images\\\/virtuemart\\\/product\\\/Perica_Vulic_Vocanec_Svjetionik_webknjizara_redak_WEB_1289-1.jpg\",\"contentUrl\":\"https:\\\/\\\/webknjizara.hr\\\/wp-content\\\/uploads\\\/nc\\\/images\\\/virtuemart\\\/product\\\/Perica_Vulic_Vocanec_Svjetionik_webknjizara_redak_WEB_1289-1.jpg\",\"width\":300,\"height\":485,\"caption\":\"SVJETIONIK, Perica Vuli\u0107 Vo\u010danec\"},{\"@type\":\"BreadcrumbList\",\"@id\":\"https:\\\/\\\/webknjizara.hr\\\/proizvod\\\/svjetionik-perica-vulic-vocanec\\\/#breadcrumb\",\"itemListElement\":[{\"@type\":\"ListItem\",\"position\":1,\"name\":\"Po\u010detna stranica\",\"item\":\"https:\\\/\\\/webknjizara.hr\\\/en\\\/\"},{\"@type\":\"ListItem\",\"position\":2,\"name\":\"Shop\",\"item\":\"https:\\\/\\\/webknjizara.hr\\\/shop\\\/\"},{\"@type\":\"ListItem\",\"position\":3,\"name\":\"SVJETIONIK, Perica Vuli\u0107 Vo\u010danec\"}]},{\"@type\":\"WebSite\",\"@id\":\"https:\\\/\\\/webknjizara.hr\\\/#website\",\"url\":\"https:\\\/\\\/webknjizara.hr\\\/\",\"name\":\"Web Knji\u017eara\",\"description\":\"\",\"publisher\":{\"@id\":\"https:\\\/\\\/webknjizara.hr\\\/#organization\"},\"potentialAction\":[{\"@type\":\"SearchAction\",\"target\":{\"@type\":\"EntryPoint\",\"urlTemplate\":\"https:\\\/\\\/webknjizara.hr\\\/?s={search_term_string}\"},\"query-input\":{\"@type\":\"PropertyValueSpecification\",\"valueRequired\":true,\"valueName\":\"search_term_string\"}}],\"inLanguage\":\"en-US\"},{\"@type\":\"Organization\",\"@id\":\"https:\\\/\\\/webknjizara.hr\\\/#organization\",\"name\":\"REDAK D.O.O.\",\"url\":\"https:\\\/\\\/webknjizara.hr\\\/\",\"logo\":{\"@type\":\"ImageObject\",\"inLanguage\":\"en-US\",\"@id\":\"https:\\\/\\\/webknjizara.hr\\\/#\\\/schema\\\/logo\\\/image\\\/\",\"url\":\"https:\\\/\\\/webknjizara.hr\\\/wp-content\\\/uploads\\\/2023\\\/01\\\/web-knjizara-logo.webp\",\"contentUrl\":\"https:\\\/\\\/webknjizara.hr\\\/wp-content\\\/uploads\\\/2023\\\/01\\\/web-knjizara-logo.webp\",\"width\":324,\"height\":79,\"caption\":\"REDAK D.O.O.\"},\"image\":{\"@id\":\"https:\\\/\\\/webknjizara.hr\\\/#\\\/schema\\\/logo\\\/image\\\/\"}}]}<\/script>\n<!-- \/ Yoast SEO plugin. -->","yoast_head_json":{"title":"SVJETIONIK, Perica Vuli\u0107 Vo\u010danec - Web-knji\u017eara","robots":{"index":"index","follow":"follow","max-snippet":"max-snippet:-1","max-image-preview":"max-image-preview:large","max-video-preview":"max-video-preview:-1"},"canonical":"https:\/\/webknjizara.hr\/proizvod\/svjetionik-perica-vulic-vocanec\/","og_locale":"en_US","og_type":"article","og_title":"SVJETIONIK, Perica Vuli\u0107 Vo\u010danec - Web-knji\u017eara","og_description":"Sa\u017eetak: Perica Vuli\u0107 Vo\u010danec svoje pjesni\u0161tvo koje publici predstavlja u zbirci Svjetionik opisuje rije\u010dima: \u201eKad me preplave osje\u0107aji, izlijevaju se u pjesme. Potaknute nje\u017eno\u0161\u0107u, rado\u0161\u0107u, ispunjenjem, sre\u0107om zauvijek sa\u010duvaju taj trenutak i uvijek ga opet mogu pro\u017eivjeti vrativ\u0161i se tim stihovima. One potaknute tugom i drugim te\u0161kim osje\u0107ajima djeluju terapeutski. Podijeljena tuga, makar podijeljena sa [&hellip;]","og_url":"https:\/\/webknjizara.hr\/proizvod\/svjetionik-perica-vulic-vocanec\/","og_site_name":"Web-knji\u017eara","article_modified_time":"2023-02-24T23:13:20+00:00","og_image":[{"width":300,"height":485,"url":"https:\/\/webknjizara.hr\/wp-content\/uploads\/nc\/images\/virtuemart\/product\/Perica_Vulic_Vocanec_Svjetionik_webknjizara_redak_WEB_1289-1.jpg","type":"image\/jpeg"}],"twitter_card":"summary_large_image","twitter_misc":{"Est. reading time":"2 minutes"},"schema":{"@context":"https:\/\/schema.org","@graph":[{"@type":"WebPage","@id":"https:\/\/webknjizara.hr\/proizvod\/svjetionik-perica-vulic-vocanec\/","url":"https:\/\/webknjizara.hr\/proizvod\/svjetionik-perica-vulic-vocanec\/","name":"SVJETIONIK, Perica Vuli\u0107 Vo\u010danec - Web-knji\u017eara","isPartOf":{"@id":"https:\/\/webknjizara.hr\/#website"},"primaryImageOfPage":{"@id":"https:\/\/webknjizara.hr\/proizvod\/svjetionik-perica-vulic-vocanec\/#primaryimage"},"image":{"@id":"https:\/\/webknjizara.hr\/proizvod\/svjetionik-perica-vulic-vocanec\/#primaryimage"},"thumbnailUrl":"https:\/\/webknjizara.hr\/wp-content\/uploads\/nc\/images\/virtuemart\/product\/Perica_Vulic_Vocanec_Svjetionik_webknjizara_redak_WEB_1289-1.jpg","datePublished":"2022-04-29T17:00:57+00:00","dateModified":"2023-02-24T23:13:20+00:00","breadcrumb":{"@id":"https:\/\/webknjizara.hr\/proizvod\/svjetionik-perica-vulic-vocanec\/#breadcrumb"},"inLanguage":"en-US","potentialAction":[{"@type":"ReadAction","target":["https:\/\/webknjizara.hr\/proizvod\/svjetionik-perica-vulic-vocanec\/"]}]},{"@type":"ImageObject","inLanguage":"en-US","@id":"https:\/\/webknjizara.hr\/proizvod\/svjetionik-perica-vulic-vocanec\/#primaryimage","url":"https:\/\/webknjizara.hr\/wp-content\/uploads\/nc\/images\/virtuemart\/product\/Perica_Vulic_Vocanec_Svjetionik_webknjizara_redak_WEB_1289-1.jpg","contentUrl":"https:\/\/webknjizara.hr\/wp-content\/uploads\/nc\/images\/virtuemart\/product\/Perica_Vulic_Vocanec_Svjetionik_webknjizara_redak_WEB_1289-1.jpg","width":300,"height":485,"caption":"SVJETIONIK, Perica Vuli\u0107 Vo\u010danec"},{"@type":"BreadcrumbList","@id":"https:\/\/webknjizara.hr\/proizvod\/svjetionik-perica-vulic-vocanec\/#breadcrumb","itemListElement":[{"@type":"ListItem","position":1,"name":"Po\u010detna stranica","item":"https:\/\/webknjizara.hr\/en\/"},{"@type":"ListItem","position":2,"name":"Shop","item":"https:\/\/webknjizara.hr\/shop\/"},{"@type":"ListItem","position":3,"name":"SVJETIONIK, Perica Vuli\u0107 Vo\u010danec"}]},{"@type":"WebSite","@id":"https:\/\/webknjizara.hr\/#website","url":"https:\/\/webknjizara.hr\/","name":"Web Knji\u017eara","description":"","publisher":{"@id":"https:\/\/webknjizara.hr\/#organization"},"potentialAction":[{"@type":"SearchAction","target":{"@type":"EntryPoint","urlTemplate":"https:\/\/webknjizara.hr\/?s={search_term_string}"},"query-input":{"@type":"PropertyValueSpecification","valueRequired":true,"valueName":"search_term_string"}}],"inLanguage":"en-US"},{"@type":"Organization","@id":"https:\/\/webknjizara.hr\/#organization","name":"REDAK D.O.O.","url":"https:\/\/webknjizara.hr\/","logo":{"@type":"ImageObject","inLanguage":"en-US","@id":"https:\/\/webknjizara.hr\/#\/schema\/logo\/image\/","url":"https:\/\/webknjizara.hr\/wp-content\/uploads\/2023\/01\/web-knjizara-logo.webp","contentUrl":"https:\/\/webknjizara.hr\/wp-content\/uploads\/2023\/01\/web-knjizara-logo.webp","width":324,"height":79,"caption":"REDAK D.O.O."},"image":{"@id":"https:\/\/webknjizara.hr\/#\/schema\/logo\/image\/"}}]}},"_links":{"self":[{"href":"https:\/\/webknjizara.hr\/en\/wp-json\/wp\/v2\/product\/9727","targetHints":{"allow":["GET"]}}],"collection":[{"href":"https:\/\/webknjizara.hr\/en\/wp-json\/wp\/v2\/product"}],"about":[{"href":"https:\/\/webknjizara.hr\/en\/wp-json\/wp\/v2\/types\/product"}],"replies":[{"embeddable":true,"href":"https:\/\/webknjizara.hr\/en\/wp-json\/wp\/v2\/comments?post=9727"}],"wp:featuredmedia":[{"embeddable":true,"href":"https:\/\/webknjizara.hr\/en\/wp-json\/wp\/v2\/media\/9728"}],"wp:attachment":[{"href":"https:\/\/webknjizara.hr\/en\/wp-json\/wp\/v2\/media?parent=9727"}],"wp:term":[{"taxonomy":"product_brand","embeddable":true,"href":"https:\/\/webknjizara.hr\/en\/wp-json\/wp\/v2\/product_brand?post=9727"},{"taxonomy":"product_cat","embeddable":true,"href":"https:\/\/webknjizara.hr\/en\/wp-json\/wp\/v2\/product_cat?post=9727"},{"taxonomy":"product_tag","embeddable":true,"href":"https:\/\/webknjizara.hr\/en\/wp-json\/wp\/v2\/product_tag?post=9727"}],"curies":[{"name":"wp","href":"https:\/\/api.w.org\/{rel}","templated":true}]}}