{"id":9715,"date":"2022-04-11T11:36:03","date_gmt":"2022-04-11T11:36:03","guid":{"rendered":"https:\/\/webknjizara.hr\/?product=skica-zakrpa-sav-davorka-crncec"},"modified":"2023-02-25T00:13:25","modified_gmt":"2023-02-24T23:13:25","slug":"skica-zakrpa-sav-davorka-crncec","status":"publish","type":"product","link":"https:\/\/webknjizara.hr\/en\/proizvod\/skica-zakrpa-sav-davorka-crncec\/","title":{"rendered":"SKICA, ZAKRPA, \u0160AV,  Davorka \u010crn\u010dec"},"content":{"rendered":"<p><span style=\"font-family: Arial, sans-serif;\"><span lang=\"hr-HR\"><b>Sa\u017eetak:<\/b><\/span><\/span><\/p>\n<p><span style=\"color: #000000;\">\u201eSkica, zakrpa, \u0161av\u201c \u010detvrta je samostalna zbirka poezije ove autorice. Pjesme su ljubavno -refleksivnog karaktera, poredane u tri ciklusa. I u ovoj zbirci autorica ostaje vjerna temama i izrazu.<\/span><\/p>\n<p>\u00a0<\/p>\n<p lang=\"en-US\"><span style=\"color: #000000;\"><span style=\"font-family: Calibri, sans-serif;\"><span style=\"font-size: small;\"><span style=\"font-family: Arial, sans-serif;\"><span lang=\"hr-HR\"><b>Bilje\u0161ka o autorici: <\/b><\/span><\/span><\/span><\/span><\/span><\/p>\n<p lang=\"en-US\"><span style=\"color: #000000;\"><span style=\"font-family: Calibri, sans-serif;\"><span style=\"font-size: small;\">Davorka \u010crn\u010dec ro\u0111ena je 1975. u \u010cakovcu, in\u017eenjer je tekstilne kemije, zaposlena, majka odraslog sina. Objavljuje po knji\u017eevnim portalima u regiji, a pjesme su joj do sada tiskane u niz zajedni\u010dkih zbornika. Ovo joj je, nakon zbirki Boja meda (2017.), Aritmija ti\u0161ine (2020.) i Ptice od papira (2021.), \u010detvrta samostalna.<\/span><\/span><\/span>\u00a0<\/p>\n<p><span style=\"font-family: Arial, sans-serif;\"><span lang=\"hr-HR\"><b>Klju\u010dne rije\u010di: <\/b><\/span><\/span><span style=\"color: #000000;\">Davorka \u010crn\u010dec, poezija, ljubavna poezija, refleksivna poezija, minijature, Skica, zakrpa, \u0161av<br \/><\/span><span style=\"font-family: Arial, sans-serif;\"><span lang=\"hr-HR\"><b>E-mail: <\/b><\/span><\/span><span style=\"color: #000000;\">davorka.crncec@gmail.com<\/span><\/p>\n<p lang=\"hr-HR\">\u00a0<\/p>\n<p lang=\"hr-HR\"><strong><span style=\"font-family: Arial, sans-serif;\">Naslov: <\/span><\/strong><strong><span style=\"font-family: Arial, sans-serif;\">Skica, zakrpa, \u0161av<br \/><\/span><\/strong><strong><span style=\"font-family: Arial, sans-serif;\">Autorica:<\/span><\/strong><span style=\"font-family: Arial, sans-serif;\"> Davorka \u010crn\u010dec<br \/><\/span><strong><span style=\"font-family: Arial, sans-serif;\">Broj stranica: <\/span><\/strong><span style=\"font-family: Arial, sans-serif;\"><span lang=\"\">112<\/span><\/span><span style=\"font-family: Arial, sans-serif;\"><br \/><\/span><strong><span style=\"font-family: Arial, sans-serif;\">Nakladnik: <\/span><\/strong><strong><span style=\"font-family: Arial, sans-serif;\">REDAK<\/span><\/strong><span style=\"font-family: Arial, sans-serif;\"><br \/><\/span><strong><span style=\"font-family: Arial, sans-serif;\">Godina izdanja: <\/span><\/strong><strong><span style=\"font-family: Arial, sans-serif;\">2022.<br \/><\/span><\/strong><strong><span style=\"font-family: Arial, sans-serif;\">ISBN:<\/span><\/strong><span style=\"font-family: Arial, sans-serif;\"> 978-953-336-811-5<br \/><\/span><strong><span style=\"font-family: Arial, sans-serif;\">Tisak:<\/span><\/strong><span style=\"font-family: Arial, sans-serif;\"> digitalni tisak knjiga &#8211; print na zahtjev<\/span><\/p>\n<p lang=\"hr-HR\">\u00a0<\/p>\n<p style=\"text-align: justify;\"><strong>Kako naru\u010diti knjigu?\u00a0<\/strong>Proces online kupovine jednako funkcionira za sve kupce, s jedinom razlikom u tome \u0161to \u0161to kupci iz inozemstva za podru\u010dje dostave moraju odabrati &#8220;Europa&#8221; ili &#8220;Ostale zemlje svijeta&#8221;, a za vrstu pla\u0107anja WSPay (kreditna kartica) ili Virmanom (bankovni transfer).<\/p>\n<p style=\"text-align: justify;\">Molimo kliknite ovdje za\u00a0<a href=\"hr\/kako-kupovati\">detaljni vodi\u010d kroz proces narud\u017ebe<\/a>\u00a0ili nas\u00a0<a href=\"hr\/kontakt\">kontaktirajte<\/a>\u00a0za vi\u0161e informacija.<\/p>\n<p style=\"text-align: justify;\">\u00a0<\/p>\n<p>\u00a0<\/p>\n","protected":false},"excerpt":{"rendered":"<p>Sa\u017eetak: \u201eSkica, zakrpa, \u0161av\u201c \u010detvrta je samostalna zbirka poezije ove autorice. Pjesme su ljubavno -refleksivnog karaktera, poredane u tri ciklusa. I u ovoj zbirci autorica ostaje vjerna temama i izrazu. \u00a0 Bilje\u0161ka o autorici: Davorka \u010crn\u010dec ro\u0111ena je 1975. u \u010cakovcu, in\u017eenjer je tekstilne kemije, zaposlena, majka odraslog sina. Objavljuje po knji\u017eevnim portalima u regiji, [&hellip;]<\/p>\n","protected":false},"featured_media":9716,"comment_status":"open","ping_status":"closed","template":"","meta":{"_acf_changed":false},"product_brand":[],"product_cat":[1383,1385,1388],"product_tag":[],"class_list":{"0":"post-9715","1":"product","2":"type-product","3":"status-publish","4":"has-post-thumbnail","6":"product_cat-knjige","7":"product_cat-knjizevnost","8":"product_cat-poezija","10":"first","11":"instock","12":"shipping-taxable","13":"purchasable","14":"product-type-simple"},"acf":[],"yoast_head":"<!-- This site is optimized with the Yoast SEO plugin v27.3 - https:\/\/yoast.com\/product\/yoast-seo-wordpress\/ -->\n<title>SKICA, ZAKRPA, \u0160AV, Davorka \u010crn\u010dec - Web-knji\u017eara<\/title>\n<meta name=\"robots\" content=\"index, follow, max-snippet:-1, max-image-preview:large, max-video-preview:-1\" \/>\n<link rel=\"canonical\" href=\"https:\/\/webknjizara.hr\/proizvod\/skica-zakrpa-sav-davorka-crncec\/\" \/>\n<meta property=\"og:locale\" content=\"en_US\" \/>\n<meta property=\"og:type\" content=\"article\" \/>\n<meta property=\"og:title\" content=\"SKICA, ZAKRPA, \u0160AV, Davorka \u010crn\u010dec - Web-knji\u017eara\" \/>\n<meta property=\"og:description\" content=\"Sa\u017eetak: \u201eSkica, zakrpa, \u0161av\u201c \u010detvrta je samostalna zbirka poezije ove autorice. Pjesme su ljubavno -refleksivnog karaktera, poredane u tri ciklusa. I u ovoj zbirci autorica ostaje vjerna temama i izrazu. \u00a0 Bilje\u0161ka o autorici: Davorka \u010crn\u010dec ro\u0111ena je 1975. u \u010cakovcu, in\u017eenjer je tekstilne kemije, zaposlena, majka odraslog sina. Objavljuje po knji\u017eevnim portalima u regiji, [&hellip;]\" \/>\n<meta property=\"og:url\" content=\"https:\/\/webknjizara.hr\/proizvod\/skica-zakrpa-sav-davorka-crncec\/\" \/>\n<meta property=\"og:site_name\" content=\"Web-knji\u017eara\" \/>\n<meta property=\"article:modified_time\" content=\"2023-02-24T23:13:25+00:00\" \/>\n<meta property=\"og:image\" content=\"https:\/\/webknjizara.hr\/wp-content\/uploads\/nc\/images\/virtuemart\/product\/Davorka_Crncec_Skica_zakrpa_sav_webknjizara_redak_WEB_1259.jpg\" \/>\n\t<meta property=\"og:image:width\" content=\"300\" \/>\n\t<meta property=\"og:image:height\" content=\"419\" \/>\n\t<meta property=\"og:image:type\" content=\"image\/jpeg\" \/>\n<meta name=\"twitter:card\" content=\"summary_large_image\" \/>\n<meta name=\"twitter:label1\" content=\"Est. reading time\" \/>\n\t<meta name=\"twitter:data1\" content=\"1 minute\" \/>\n<script type=\"application\/ld+json\" class=\"yoast-schema-graph\">{\"@context\":\"https:\\\/\\\/schema.org\",\"@graph\":[{\"@type\":\"WebPage\",\"@id\":\"https:\\\/\\\/webknjizara.hr\\\/proizvod\\\/skica-zakrpa-sav-davorka-crncec\\\/\",\"url\":\"https:\\\/\\\/webknjizara.hr\\\/proizvod\\\/skica-zakrpa-sav-davorka-crncec\\\/\",\"name\":\"SKICA, ZAKRPA, \u0160AV, Davorka \u010crn\u010dec - Web-knji\u017eara\",\"isPartOf\":{\"@id\":\"https:\\\/\\\/webknjizara.hr\\\/#website\"},\"primaryImageOfPage\":{\"@id\":\"https:\\\/\\\/webknjizara.hr\\\/proizvod\\\/skica-zakrpa-sav-davorka-crncec\\\/#primaryimage\"},\"image\":{\"@id\":\"https:\\\/\\\/webknjizara.hr\\\/proizvod\\\/skica-zakrpa-sav-davorka-crncec\\\/#primaryimage\"},\"thumbnailUrl\":\"https:\\\/\\\/webknjizara.hr\\\/wp-content\\\/uploads\\\/nc\\\/images\\\/virtuemart\\\/product\\\/Davorka_Crncec_Skica_zakrpa_sav_webknjizara_redak_WEB_1259.jpg\",\"datePublished\":\"2022-04-11T11:36:03+00:00\",\"dateModified\":\"2023-02-24T23:13:25+00:00\",\"breadcrumb\":{\"@id\":\"https:\\\/\\\/webknjizara.hr\\\/proizvod\\\/skica-zakrpa-sav-davorka-crncec\\\/#breadcrumb\"},\"inLanguage\":\"en-US\",\"potentialAction\":[{\"@type\":\"ReadAction\",\"target\":[\"https:\\\/\\\/webknjizara.hr\\\/proizvod\\\/skica-zakrpa-sav-davorka-crncec\\\/\"]}]},{\"@type\":\"ImageObject\",\"inLanguage\":\"en-US\",\"@id\":\"https:\\\/\\\/webknjizara.hr\\\/proizvod\\\/skica-zakrpa-sav-davorka-crncec\\\/#primaryimage\",\"url\":\"https:\\\/\\\/webknjizara.hr\\\/wp-content\\\/uploads\\\/nc\\\/images\\\/virtuemart\\\/product\\\/Davorka_Crncec_Skica_zakrpa_sav_webknjizara_redak_WEB_1259.jpg\",\"contentUrl\":\"https:\\\/\\\/webknjizara.hr\\\/wp-content\\\/uploads\\\/nc\\\/images\\\/virtuemart\\\/product\\\/Davorka_Crncec_Skica_zakrpa_sav_webknjizara_redak_WEB_1259.jpg\",\"width\":300,\"height\":419,\"caption\":\"SKICA, ZAKRPA, \u0160AV, Davorka \u010crn\u010dec\"},{\"@type\":\"BreadcrumbList\",\"@id\":\"https:\\\/\\\/webknjizara.hr\\\/proizvod\\\/skica-zakrpa-sav-davorka-crncec\\\/#breadcrumb\",\"itemListElement\":[{\"@type\":\"ListItem\",\"position\":1,\"name\":\"Po\u010detna stranica\",\"item\":\"https:\\\/\\\/webknjizara.hr\\\/en\\\/\"},{\"@type\":\"ListItem\",\"position\":2,\"name\":\"Shop\",\"item\":\"https:\\\/\\\/webknjizara.hr\\\/shop\\\/\"},{\"@type\":\"ListItem\",\"position\":3,\"name\":\"SKICA, ZAKRPA, \u0160AV, Davorka \u010crn\u010dec\"}]},{\"@type\":\"WebSite\",\"@id\":\"https:\\\/\\\/webknjizara.hr\\\/#website\",\"url\":\"https:\\\/\\\/webknjizara.hr\\\/\",\"name\":\"Web Knji\u017eara\",\"description\":\"\",\"publisher\":{\"@id\":\"https:\\\/\\\/webknjizara.hr\\\/#organization\"},\"potentialAction\":[{\"@type\":\"SearchAction\",\"target\":{\"@type\":\"EntryPoint\",\"urlTemplate\":\"https:\\\/\\\/webknjizara.hr\\\/?s={search_term_string}\"},\"query-input\":{\"@type\":\"PropertyValueSpecification\",\"valueRequired\":true,\"valueName\":\"search_term_string\"}}],\"inLanguage\":\"en-US\"},{\"@type\":\"Organization\",\"@id\":\"https:\\\/\\\/webknjizara.hr\\\/#organization\",\"name\":\"REDAK D.O.O.\",\"url\":\"https:\\\/\\\/webknjizara.hr\\\/\",\"logo\":{\"@type\":\"ImageObject\",\"inLanguage\":\"en-US\",\"@id\":\"https:\\\/\\\/webknjizara.hr\\\/#\\\/schema\\\/logo\\\/image\\\/\",\"url\":\"https:\\\/\\\/webknjizara.hr\\\/wp-content\\\/uploads\\\/2023\\\/01\\\/web-knjizara-logo.webp\",\"contentUrl\":\"https:\\\/\\\/webknjizara.hr\\\/wp-content\\\/uploads\\\/2023\\\/01\\\/web-knjizara-logo.webp\",\"width\":324,\"height\":79,\"caption\":\"REDAK D.O.O.\"},\"image\":{\"@id\":\"https:\\\/\\\/webknjizara.hr\\\/#\\\/schema\\\/logo\\\/image\\\/\"}}]}<\/script>\n<!-- \/ Yoast SEO plugin. -->","yoast_head_json":{"title":"SKICA, ZAKRPA, \u0160AV, Davorka \u010crn\u010dec - Web-knji\u017eara","robots":{"index":"index","follow":"follow","max-snippet":"max-snippet:-1","max-image-preview":"max-image-preview:large","max-video-preview":"max-video-preview:-1"},"canonical":"https:\/\/webknjizara.hr\/proizvod\/skica-zakrpa-sav-davorka-crncec\/","og_locale":"en_US","og_type":"article","og_title":"SKICA, ZAKRPA, \u0160AV, Davorka \u010crn\u010dec - Web-knji\u017eara","og_description":"Sa\u017eetak: \u201eSkica, zakrpa, \u0161av\u201c \u010detvrta je samostalna zbirka poezije ove autorice. Pjesme su ljubavno -refleksivnog karaktera, poredane u tri ciklusa. I u ovoj zbirci autorica ostaje vjerna temama i izrazu. \u00a0 Bilje\u0161ka o autorici: Davorka \u010crn\u010dec ro\u0111ena je 1975. u \u010cakovcu, in\u017eenjer je tekstilne kemije, zaposlena, majka odraslog sina. Objavljuje po knji\u017eevnim portalima u regiji, [&hellip;]","og_url":"https:\/\/webknjizara.hr\/proizvod\/skica-zakrpa-sav-davorka-crncec\/","og_site_name":"Web-knji\u017eara","article_modified_time":"2023-02-24T23:13:25+00:00","og_image":[{"width":300,"height":419,"url":"https:\/\/webknjizara.hr\/wp-content\/uploads\/nc\/images\/virtuemart\/product\/Davorka_Crncec_Skica_zakrpa_sav_webknjizara_redak_WEB_1259.jpg","type":"image\/jpeg"}],"twitter_card":"summary_large_image","twitter_misc":{"Est. reading time":"1 minute"},"schema":{"@context":"https:\/\/schema.org","@graph":[{"@type":"WebPage","@id":"https:\/\/webknjizara.hr\/proizvod\/skica-zakrpa-sav-davorka-crncec\/","url":"https:\/\/webknjizara.hr\/proizvod\/skica-zakrpa-sav-davorka-crncec\/","name":"SKICA, ZAKRPA, \u0160AV, Davorka \u010crn\u010dec - Web-knji\u017eara","isPartOf":{"@id":"https:\/\/webknjizara.hr\/#website"},"primaryImageOfPage":{"@id":"https:\/\/webknjizara.hr\/proizvod\/skica-zakrpa-sav-davorka-crncec\/#primaryimage"},"image":{"@id":"https:\/\/webknjizara.hr\/proizvod\/skica-zakrpa-sav-davorka-crncec\/#primaryimage"},"thumbnailUrl":"https:\/\/webknjizara.hr\/wp-content\/uploads\/nc\/images\/virtuemart\/product\/Davorka_Crncec_Skica_zakrpa_sav_webknjizara_redak_WEB_1259.jpg","datePublished":"2022-04-11T11:36:03+00:00","dateModified":"2023-02-24T23:13:25+00:00","breadcrumb":{"@id":"https:\/\/webknjizara.hr\/proizvod\/skica-zakrpa-sav-davorka-crncec\/#breadcrumb"},"inLanguage":"en-US","potentialAction":[{"@type":"ReadAction","target":["https:\/\/webknjizara.hr\/proizvod\/skica-zakrpa-sav-davorka-crncec\/"]}]},{"@type":"ImageObject","inLanguage":"en-US","@id":"https:\/\/webknjizara.hr\/proizvod\/skica-zakrpa-sav-davorka-crncec\/#primaryimage","url":"https:\/\/webknjizara.hr\/wp-content\/uploads\/nc\/images\/virtuemart\/product\/Davorka_Crncec_Skica_zakrpa_sav_webknjizara_redak_WEB_1259.jpg","contentUrl":"https:\/\/webknjizara.hr\/wp-content\/uploads\/nc\/images\/virtuemart\/product\/Davorka_Crncec_Skica_zakrpa_sav_webknjizara_redak_WEB_1259.jpg","width":300,"height":419,"caption":"SKICA, ZAKRPA, \u0160AV, Davorka \u010crn\u010dec"},{"@type":"BreadcrumbList","@id":"https:\/\/webknjizara.hr\/proizvod\/skica-zakrpa-sav-davorka-crncec\/#breadcrumb","itemListElement":[{"@type":"ListItem","position":1,"name":"Po\u010detna stranica","item":"https:\/\/webknjizara.hr\/en\/"},{"@type":"ListItem","position":2,"name":"Shop","item":"https:\/\/webknjizara.hr\/shop\/"},{"@type":"ListItem","position":3,"name":"SKICA, ZAKRPA, \u0160AV, Davorka \u010crn\u010dec"}]},{"@type":"WebSite","@id":"https:\/\/webknjizara.hr\/#website","url":"https:\/\/webknjizara.hr\/","name":"Web Knji\u017eara","description":"","publisher":{"@id":"https:\/\/webknjizara.hr\/#organization"},"potentialAction":[{"@type":"SearchAction","target":{"@type":"EntryPoint","urlTemplate":"https:\/\/webknjizara.hr\/?s={search_term_string}"},"query-input":{"@type":"PropertyValueSpecification","valueRequired":true,"valueName":"search_term_string"}}],"inLanguage":"en-US"},{"@type":"Organization","@id":"https:\/\/webknjizara.hr\/#organization","name":"REDAK D.O.O.","url":"https:\/\/webknjizara.hr\/","logo":{"@type":"ImageObject","inLanguage":"en-US","@id":"https:\/\/webknjizara.hr\/#\/schema\/logo\/image\/","url":"https:\/\/webknjizara.hr\/wp-content\/uploads\/2023\/01\/web-knjizara-logo.webp","contentUrl":"https:\/\/webknjizara.hr\/wp-content\/uploads\/2023\/01\/web-knjizara-logo.webp","width":324,"height":79,"caption":"REDAK D.O.O."},"image":{"@id":"https:\/\/webknjizara.hr\/#\/schema\/logo\/image\/"}}]}},"_links":{"self":[{"href":"https:\/\/webknjizara.hr\/en\/wp-json\/wp\/v2\/product\/9715","targetHints":{"allow":["GET"]}}],"collection":[{"href":"https:\/\/webknjizara.hr\/en\/wp-json\/wp\/v2\/product"}],"about":[{"href":"https:\/\/webknjizara.hr\/en\/wp-json\/wp\/v2\/types\/product"}],"replies":[{"embeddable":true,"href":"https:\/\/webknjizara.hr\/en\/wp-json\/wp\/v2\/comments?post=9715"}],"wp:featuredmedia":[{"embeddable":true,"href":"https:\/\/webknjizara.hr\/en\/wp-json\/wp\/v2\/media\/9716"}],"wp:attachment":[{"href":"https:\/\/webknjizara.hr\/en\/wp-json\/wp\/v2\/media?parent=9715"}],"wp:term":[{"taxonomy":"product_brand","embeddable":true,"href":"https:\/\/webknjizara.hr\/en\/wp-json\/wp\/v2\/product_brand?post=9715"},{"taxonomy":"product_cat","embeddable":true,"href":"https:\/\/webknjizara.hr\/en\/wp-json\/wp\/v2\/product_cat?post=9715"},{"taxonomy":"product_tag","embeddable":true,"href":"https:\/\/webknjizara.hr\/en\/wp-json\/wp\/v2\/product_tag?post=9715"}],"curies":[{"name":"wp","href":"https:\/\/api.w.org\/{rel}","templated":true}]}}