{"id":9711,"date":"2022-04-06T13:27:25","date_gmt":"2022-04-06T13:27:25","guid":{"rendered":"https:\/\/webknjizara.hr\/?product=prirucnik-za-iscjeljivanje-i-transformaciju-kolektivnih-uvjerenja-2-dio-jela-kraljevic"},"modified":"2023-02-25T00:13:21","modified_gmt":"2023-02-24T23:13:21","slug":"prirucnik-za-iscjeljivanje-i-transformaciju-kolektivnih-uvjerenja-2-dio-jela-kraljevic","status":"publish","type":"product","link":"https:\/\/webknjizara.hr\/en\/proizvod\/prirucnik-za-iscjeljivanje-i-transformaciju-kolektivnih-uvjerenja-2-dio-jela-kraljevic\/","title":{"rendered":"PRIRU\u010cNIK ZA ISCJELJIVANJE I TRANSFORMACIJU KOLEKTIVNIH UVJERENJA 2. DIO, Jela Kraljevi\u0107"},"content":{"rendered":"<p align=\"JUSTIFY\"><span style=\"font-family: Arial, sans-serif;\"><span lang=\"hr-HR\"><b>Sa\u017eetak:<\/b><\/span><\/span><\/p>\n<p align=\"JUSTIFY\">Priru\u010dnik za iscjeljivanje i transformaciju kolektivnih uvjerenja 2. dio je nastavak Priru\u010dnika za iscjeljivanje i transformaciju kolektivnih uvjerenja koji je objavljen 2021. godine. U njemu sam kanalizirala tehnikom Theta Healinga Vianne Stibal vjerovanja koja su duboko ukorijenjena u kolektivnoj svijesti, \u010diji utjecaj ne prepoznajemo, nismo ih nikada propitali, a prihvatili smo ih kao stvarne iako u svojoj sr\u017ei ta uvjerenja nisu istina po Stvoriteljevoj perspektivi, definiciji i razumijevanju, stvaraju unutarnji konflikt, a manifestiraju se u na\u0161em \u017eivotu putem tjelesnih poruka kroz bol, bolest, nelagodu ili ne\u017eeljene situacije. Kroz njih se osvje\u0161tavaju reaktivna pona\u0161anja, djelovanja, svako treba, moram, ne smijem, strah me, koji \u010du\u010de u na\u0161oj podsvijesti i spoznaje problem u njegovom korijenu. S obzirom na \u0161irinu ove materije obradila sam neke poreme\u0107aje i organe po navo\u0111enju, a koji nisu obra\u0111eni u prvom priru\u010dniku: alergije, alkoholizam, anemija, artritis, astigmatizam, astma, ateroskleroza, bolovi menstrualni, bronhitis, bulimija, bubre\u017eni kamenac, desna dojka, desni, desno koljeno, Hashimotova bolest, hipertireoza, hipotireoza, kolesterol, konstipacija, kosti, krajnici, mokra\u0107ni mjehur, multipla skleroza, nagluhost, nesanica, opstipacija, osteoartritis, osteoporoza, skolioza, teniski lakat, tinitus, utrnulost ruku, utrnulost nogu, valunzi, \u017egaravica. Priru\u010dnik je koncipiran tako da su za svako ovo podru\u010dje navedeni podsvjesni programi i uvjerenja koja dovode do problema i postupak transformacije istih kroz energetsko poravnanje za svako od njih Tehnikom emocionalne slobode Garya Craiga. Osvje\u0161tavanjem uvjerenja obi\u010dno do\u017eivimo onaj aha momenat, oslobodimo se nepotrebnih tereta, osjetimo neopisivo olak\u0161anje i preuzimamo aktivnu ulogu u iscjeljenju svoje podsvijesti \u010dime \u0161irimo polje razumijevanja, suosje\u0107anja i ljubavi za sebe i za druge.<\/p>\n<p align=\"JUSTIFY\">Ovaj priru\u010dnik vam poma\u017ee izvu\u0107i na svjetlo dana svoje nefunkcionalne programe, napraviti jedno osvje\u017eenje istih, te nikako nije upecana riba s kojom \u0107ete se nahraniti i biti zadovoljni postoje\u0107im stanjem, ve\u0107 je prije svega udica, alat kojim \u0107ete jednostavno pecati u dubinama svoje podsvijesti prepoznaju\u0107i sebe, ljude oko sebe, svoje pretke, i doprinijeti samospoznaji, a \u0161to je put izlaska iz moram, trebam, ne smijem u ja to \u017eelim, \u0161to god bio izbor.<\/p>\n<p lang=\"hr-HR\">\u00a0<\/p>\n<p align=\"JUSTIFY\"><span style=\"font-family: Arial, sans-serif;\"><span lang=\"hr-HR\"><b>Bilje\u0161ka o autorici:<\/b><\/span><\/span><\/p>\n<p align=\"JUSTIFY\">Ro\u0111ena je 5. 5. 1969. u op\u0107ini Br\u010dko, Bosna i Hercegovina gdje je i zavr\u0161ila Srednju ekonomsku \u0161kolu. 1988. seli u Zagreb. Diplomirana ekonomistica po zanimanju nakon dugogodi\u0161njeg vo\u0111enja ra\u010dunovodstva i rada s papirima mijenja svoj \u017eivotni put. Kroz seminare i radionice duhovnog karaktera educira se u podru\u010dju duhovnosti i energetskog iscjeljivanja, uranja u svijet energije, uvi\u0111a svoje talente i sposobnosti, ispunjavaju\u0107i poziv svoje du\u0161e spaja pisanje i Theta healing u E-spis-I (energetsko-spisateljsko iscjeljivanje) i sve to izme\u0111u ostalog preta\u010de u svoje knjige postaju\u0107i tako doprinos u promjeni uvjerenja te tako aktivno sudjeluje u evolucijskoj fazi u kojoj preuzimamo odgovornost i izlazimo iz uloge \u017ertve. Autorica je ve\u0107 objavljenog Priru\u010dnika za iscjeljivanje i transformaciju kolektivnih uvjerenja.<\/p>\n<p align=\"JUSTIFY\"><span style=\"font-family: Arial, sans-serif;\"><span lang=\"hr-HR\"><b>Klju\u010dne rije\u010di: <\/b><\/span><\/span>Transformacija uvjerenja, promjena podsvjesnih programa, promjena percepcije, Theta Healing, energetsko iscjeljivanje, bolje razumijevanje sebe i svijeta oko sebe, E-spis-I<\/p>\n<p><span style=\"font-family: Arial, sans-serif;\"><span lang=\"hr-HR\"><b>Link: <\/b><\/span><\/span><span style=\"color: #0000ff;\"><u><a href=\"http:\/\/www.600culo.hr\/\">www.600culo.hr<\/a><\/u><\/span><\/p>\n<p><span style=\"font-family: Arial, sans-serif;\"><span lang=\"hr-HR\"><b>E-mail: <a href=\"mailto:j.kraljko@gmail.com\" target=\"_blank\" rel=\"noopener noreferrer\">Jela Kraljevi\u0107<\/a><\/b><\/span><\/span><\/p>\n<p lang=\"hr-HR\">\u00a0<\/p>\n<p><strong><span style=\"font-family: Arial, sans-serif;\">Naslov: <\/span><\/strong><strong><span style=\"font-family: Arial, sans-serif;\">Priru\u010dnik za iscjeljivanje i transformaciju kolektivnih uvjerenja 2. dio<\/span><\/strong><span style=\"font-family: Arial, sans-serif;\"><br \/><\/span><strong><span style=\"font-family: Arial, sans-serif;\">Autorica:<\/span><\/strong><span style=\"font-family: Arial, sans-serif;\"> Jela Kraljevi\u0107<br \/><\/span><strong><span style=\"font-family: Arial, sans-serif;\">Broj stranica: <\/span><\/strong><span style=\"font-family: Arial, sans-serif;\"><span lang=\"\">164<\/span><\/span><span style=\"font-family: Arial, sans-serif;\"><br \/><\/span><strong><span style=\"font-family: Arial, sans-serif;\">Nakladnik: <\/span><\/strong><strong><span style=\"font-family: Arial, sans-serif;\">REDAK<\/span><\/strong><span style=\"font-family: Arial, sans-serif;\"><br \/><\/span><strong><span style=\"font-family: Arial, sans-serif;\">Godina izdanja: <\/span><\/strong><strong><span style=\"font-family: Arial, sans-serif;\">2022<br \/><\/span><\/strong><strong><span style=\"font-family: Arial, sans-serif;\">ISBN:<\/span><\/strong><span style=\"font-family: Arial, sans-serif;\"> 978-953-336-828-3, 978-953-336-829-0 (cjelina)<br \/><\/span><strong><span style=\"font-family: Arial, sans-serif;\">Tisak:<\/span><\/strong><span style=\"font-family: Arial, sans-serif;\"> digitalni tisak knjiga &#8211; print na zahtjev<\/span><\/p>\n<p style=\"text-align: justify;\">\u00a0<\/p>\n<p style=\"text-align: justify;\"><strong>Kako naru\u010diti knjigu?\u00a0<\/strong>Proces online kupovine jednako funkcionira za sve kupce, s jedinom razlikom u tome \u0161to \u0161to kupci iz inozemstva za podru\u010dje dostave moraju odabrati &#8220;Europa&#8221; ili &#8220;Ostale zemlje svijeta&#8221;, a za vrstu pla\u0107anja WSPay (kreditna kartica) ili Virmanom (bankovni transfer).<\/p>\n<p style=\"text-align: justify;\">Molimo kliknite ovdje za\u00a0<a href=\"hr\/kako-kupovati\">detaljni vodi\u010d kroz proces narud\u017ebe<\/a>\u00a0ili nas\u00a0<a href=\"hr\/kontakt\">kontaktirajte<\/a>\u00a0za vi\u0161e informacija.<\/p>\n","protected":false},"excerpt":{"rendered":"<p>Sa\u017eetak: Priru\u010dnik za iscjeljivanje i transformaciju kolektivnih uvjerenja 2. dio je nastavak Priru\u010dnika za iscjeljivanje i transformaciju kolektivnih uvjerenja koji je objavljen 2021. godine. U njemu sam kanalizirala tehnikom Theta Healinga Vianne Stibal vjerovanja koja su duboko ukorijenjena u kolektivnoj svijesti, \u010diji utjecaj ne prepoznajemo, nismo ih nikada propitali, a prihvatili smo ih kao stvarne [&hellip;]<\/p>\n","protected":false},"featured_media":9712,"comment_status":"open","ping_status":"closed","template":"","meta":{"_acf_changed":false},"product_brand":[],"product_cat":[1489],"product_tag":[],"class_list":{"0":"post-9711","1":"product","2":"type-product","3":"status-publish","4":"has-post-thumbnail","6":"product_cat-publicistika","8":"first","9":"instock","10":"shipping-taxable","11":"purchasable","12":"product-type-simple"},"acf":[],"yoast_head":"<!-- This site is optimized with the Yoast SEO plugin v27.3 - https:\/\/yoast.com\/product\/yoast-seo-wordpress\/ -->\n<title>PRIRU\u010cNIK ZA ISCJELJIVANJE I TRANSFORMACIJU KOLEKTIVNIH UVJERENJA 2. DIO, Jela Kraljevi\u0107 - Web-knji\u017eara<\/title>\n<meta name=\"robots\" content=\"index, follow, max-snippet:-1, max-image-preview:large, max-video-preview:-1\" \/>\n<link rel=\"canonical\" href=\"https:\/\/webknjizara.hr\/proizvod\/prirucnik-za-iscjeljivanje-i-transformaciju-kolektivnih-uvjerenja-2-dio-jela-kraljevic\/\" \/>\n<meta property=\"og:locale\" content=\"en_US\" \/>\n<meta property=\"og:type\" content=\"article\" \/>\n<meta property=\"og:title\" content=\"PRIRU\u010cNIK ZA ISCJELJIVANJE I TRANSFORMACIJU KOLEKTIVNIH UVJERENJA 2. DIO, Jela Kraljevi\u0107 - Web-knji\u017eara\" \/>\n<meta property=\"og:description\" content=\"Sa\u017eetak: Priru\u010dnik za iscjeljivanje i transformaciju kolektivnih uvjerenja 2. dio je nastavak Priru\u010dnika za iscjeljivanje i transformaciju kolektivnih uvjerenja koji je objavljen 2021. godine. U njemu sam kanalizirala tehnikom Theta Healinga Vianne Stibal vjerovanja koja su duboko ukorijenjena u kolektivnoj svijesti, \u010diji utjecaj ne prepoznajemo, nismo ih nikada propitali, a prihvatili smo ih kao stvarne [&hellip;]\" \/>\n<meta property=\"og:url\" content=\"https:\/\/webknjizara.hr\/proizvod\/prirucnik-za-iscjeljivanje-i-transformaciju-kolektivnih-uvjerenja-2-dio-jela-kraljevic\/\" \/>\n<meta property=\"og:site_name\" content=\"Web-knji\u017eara\" \/>\n<meta property=\"article:modified_time\" content=\"2023-02-24T23:13:21+00:00\" \/>\n<meta property=\"og:image\" content=\"https:\/\/webknjizara.hr\/wp-content\/uploads\/nc\/images\/virtuemart\/product\/Jela_Kraljevic_Prirucnik_za_iscjeljivanje_i_transformaciju_kolektivnih_uvjerenja_2._dio_webknjizara_redak_WEB_1283.jpg\" \/>\n\t<meta property=\"og:image:width\" content=\"300\" \/>\n\t<meta property=\"og:image:height\" content=\"419\" \/>\n\t<meta property=\"og:image:type\" content=\"image\/jpeg\" \/>\n<meta name=\"twitter:card\" content=\"summary_large_image\" \/>\n<meta name=\"twitter:label1\" content=\"Est. reading time\" \/>\n\t<meta name=\"twitter:data1\" content=\"3 minutes\" \/>\n<script type=\"application\/ld+json\" class=\"yoast-schema-graph\">{\"@context\":\"https:\\\/\\\/schema.org\",\"@graph\":[{\"@type\":\"WebPage\",\"@id\":\"https:\\\/\\\/webknjizara.hr\\\/proizvod\\\/prirucnik-za-iscjeljivanje-i-transformaciju-kolektivnih-uvjerenja-2-dio-jela-kraljevic\\\/\",\"url\":\"https:\\\/\\\/webknjizara.hr\\\/proizvod\\\/prirucnik-za-iscjeljivanje-i-transformaciju-kolektivnih-uvjerenja-2-dio-jela-kraljevic\\\/\",\"name\":\"PRIRU\u010cNIK ZA ISCJELJIVANJE I TRANSFORMACIJU KOLEKTIVNIH UVJERENJA 2. DIO, Jela Kraljevi\u0107 - Web-knji\u017eara\",\"isPartOf\":{\"@id\":\"https:\\\/\\\/webknjizara.hr\\\/#website\"},\"primaryImageOfPage\":{\"@id\":\"https:\\\/\\\/webknjizara.hr\\\/proizvod\\\/prirucnik-za-iscjeljivanje-i-transformaciju-kolektivnih-uvjerenja-2-dio-jela-kraljevic\\\/#primaryimage\"},\"image\":{\"@id\":\"https:\\\/\\\/webknjizara.hr\\\/proizvod\\\/prirucnik-za-iscjeljivanje-i-transformaciju-kolektivnih-uvjerenja-2-dio-jela-kraljevic\\\/#primaryimage\"},\"thumbnailUrl\":\"https:\\\/\\\/webknjizara.hr\\\/wp-content\\\/uploads\\\/nc\\\/images\\\/virtuemart\\\/product\\\/Jela_Kraljevic_Prirucnik_za_iscjeljivanje_i_transformaciju_kolektivnih_uvjerenja_2._dio_webknjizara_redak_WEB_1283.jpg\",\"datePublished\":\"2022-04-06T13:27:25+00:00\",\"dateModified\":\"2023-02-24T23:13:21+00:00\",\"breadcrumb\":{\"@id\":\"https:\\\/\\\/webknjizara.hr\\\/proizvod\\\/prirucnik-za-iscjeljivanje-i-transformaciju-kolektivnih-uvjerenja-2-dio-jela-kraljevic\\\/#breadcrumb\"},\"inLanguage\":\"en-US\",\"potentialAction\":[{\"@type\":\"ReadAction\",\"target\":[\"https:\\\/\\\/webknjizara.hr\\\/proizvod\\\/prirucnik-za-iscjeljivanje-i-transformaciju-kolektivnih-uvjerenja-2-dio-jela-kraljevic\\\/\"]}]},{\"@type\":\"ImageObject\",\"inLanguage\":\"en-US\",\"@id\":\"https:\\\/\\\/webknjizara.hr\\\/proizvod\\\/prirucnik-za-iscjeljivanje-i-transformaciju-kolektivnih-uvjerenja-2-dio-jela-kraljevic\\\/#primaryimage\",\"url\":\"https:\\\/\\\/webknjizara.hr\\\/wp-content\\\/uploads\\\/nc\\\/images\\\/virtuemart\\\/product\\\/Jela_Kraljevic_Prirucnik_za_iscjeljivanje_i_transformaciju_kolektivnih_uvjerenja_2._dio_webknjizara_redak_WEB_1283.jpg\",\"contentUrl\":\"https:\\\/\\\/webknjizara.hr\\\/wp-content\\\/uploads\\\/nc\\\/images\\\/virtuemart\\\/product\\\/Jela_Kraljevic_Prirucnik_za_iscjeljivanje_i_transformaciju_kolektivnih_uvjerenja_2._dio_webknjizara_redak_WEB_1283.jpg\",\"width\":300,\"height\":419,\"caption\":\"PRIRU\u010cNIK ZA ISCJELJIVANJE I TRANSFORMACIJU KOLEKTIVNIH UVJERENJA 2. DIO, Jela Kraljevi\u0107\"},{\"@type\":\"BreadcrumbList\",\"@id\":\"https:\\\/\\\/webknjizara.hr\\\/proizvod\\\/prirucnik-za-iscjeljivanje-i-transformaciju-kolektivnih-uvjerenja-2-dio-jela-kraljevic\\\/#breadcrumb\",\"itemListElement\":[{\"@type\":\"ListItem\",\"position\":1,\"name\":\"Po\u010detna stranica\",\"item\":\"https:\\\/\\\/webknjizara.hr\\\/en\\\/\"},{\"@type\":\"ListItem\",\"position\":2,\"name\":\"Shop\",\"item\":\"https:\\\/\\\/webknjizara.hr\\\/shop\\\/\"},{\"@type\":\"ListItem\",\"position\":3,\"name\":\"PRIRU\u010cNIK ZA ISCJELJIVANJE I TRANSFORMACIJU KOLEKTIVNIH UVJERENJA 2. DIO, Jela Kraljevi\u0107\"}]},{\"@type\":\"WebSite\",\"@id\":\"https:\\\/\\\/webknjizara.hr\\\/#website\",\"url\":\"https:\\\/\\\/webknjizara.hr\\\/\",\"name\":\"Web Knji\u017eara\",\"description\":\"\",\"publisher\":{\"@id\":\"https:\\\/\\\/webknjizara.hr\\\/#organization\"},\"potentialAction\":[{\"@type\":\"SearchAction\",\"target\":{\"@type\":\"EntryPoint\",\"urlTemplate\":\"https:\\\/\\\/webknjizara.hr\\\/?s={search_term_string}\"},\"query-input\":{\"@type\":\"PropertyValueSpecification\",\"valueRequired\":true,\"valueName\":\"search_term_string\"}}],\"inLanguage\":\"en-US\"},{\"@type\":\"Organization\",\"@id\":\"https:\\\/\\\/webknjizara.hr\\\/#organization\",\"name\":\"REDAK D.O.O.\",\"url\":\"https:\\\/\\\/webknjizara.hr\\\/\",\"logo\":{\"@type\":\"ImageObject\",\"inLanguage\":\"en-US\",\"@id\":\"https:\\\/\\\/webknjizara.hr\\\/#\\\/schema\\\/logo\\\/image\\\/\",\"url\":\"https:\\\/\\\/webknjizara.hr\\\/wp-content\\\/uploads\\\/2023\\\/01\\\/web-knjizara-logo.webp\",\"contentUrl\":\"https:\\\/\\\/webknjizara.hr\\\/wp-content\\\/uploads\\\/2023\\\/01\\\/web-knjizara-logo.webp\",\"width\":324,\"height\":79,\"caption\":\"REDAK D.O.O.\"},\"image\":{\"@id\":\"https:\\\/\\\/webknjizara.hr\\\/#\\\/schema\\\/logo\\\/image\\\/\"}}]}<\/script>\n<!-- \/ Yoast SEO plugin. -->","yoast_head_json":{"title":"PRIRU\u010cNIK ZA ISCJELJIVANJE I TRANSFORMACIJU KOLEKTIVNIH UVJERENJA 2. DIO, Jela Kraljevi\u0107 - Web-knji\u017eara","robots":{"index":"index","follow":"follow","max-snippet":"max-snippet:-1","max-image-preview":"max-image-preview:large","max-video-preview":"max-video-preview:-1"},"canonical":"https:\/\/webknjizara.hr\/proizvod\/prirucnik-za-iscjeljivanje-i-transformaciju-kolektivnih-uvjerenja-2-dio-jela-kraljevic\/","og_locale":"en_US","og_type":"article","og_title":"PRIRU\u010cNIK ZA ISCJELJIVANJE I TRANSFORMACIJU KOLEKTIVNIH UVJERENJA 2. DIO, Jela Kraljevi\u0107 - Web-knji\u017eara","og_description":"Sa\u017eetak: Priru\u010dnik za iscjeljivanje i transformaciju kolektivnih uvjerenja 2. dio je nastavak Priru\u010dnika za iscjeljivanje i transformaciju kolektivnih uvjerenja koji je objavljen 2021. godine. U njemu sam kanalizirala tehnikom Theta Healinga Vianne Stibal vjerovanja koja su duboko ukorijenjena u kolektivnoj svijesti, \u010diji utjecaj ne prepoznajemo, nismo ih nikada propitali, a prihvatili smo ih kao stvarne [&hellip;]","og_url":"https:\/\/webknjizara.hr\/proizvod\/prirucnik-za-iscjeljivanje-i-transformaciju-kolektivnih-uvjerenja-2-dio-jela-kraljevic\/","og_site_name":"Web-knji\u017eara","article_modified_time":"2023-02-24T23:13:21+00:00","og_image":[{"width":300,"height":419,"url":"https:\/\/webknjizara.hr\/wp-content\/uploads\/nc\/images\/virtuemart\/product\/Jela_Kraljevic_Prirucnik_za_iscjeljivanje_i_transformaciju_kolektivnih_uvjerenja_2._dio_webknjizara_redak_WEB_1283.jpg","type":"image\/jpeg"}],"twitter_card":"summary_large_image","twitter_misc":{"Est. reading time":"3 minutes"},"schema":{"@context":"https:\/\/schema.org","@graph":[{"@type":"WebPage","@id":"https:\/\/webknjizara.hr\/proizvod\/prirucnik-za-iscjeljivanje-i-transformaciju-kolektivnih-uvjerenja-2-dio-jela-kraljevic\/","url":"https:\/\/webknjizara.hr\/proizvod\/prirucnik-za-iscjeljivanje-i-transformaciju-kolektivnih-uvjerenja-2-dio-jela-kraljevic\/","name":"PRIRU\u010cNIK ZA ISCJELJIVANJE I TRANSFORMACIJU KOLEKTIVNIH UVJERENJA 2. DIO, Jela Kraljevi\u0107 - Web-knji\u017eara","isPartOf":{"@id":"https:\/\/webknjizara.hr\/#website"},"primaryImageOfPage":{"@id":"https:\/\/webknjizara.hr\/proizvod\/prirucnik-za-iscjeljivanje-i-transformaciju-kolektivnih-uvjerenja-2-dio-jela-kraljevic\/#primaryimage"},"image":{"@id":"https:\/\/webknjizara.hr\/proizvod\/prirucnik-za-iscjeljivanje-i-transformaciju-kolektivnih-uvjerenja-2-dio-jela-kraljevic\/#primaryimage"},"thumbnailUrl":"https:\/\/webknjizara.hr\/wp-content\/uploads\/nc\/images\/virtuemart\/product\/Jela_Kraljevic_Prirucnik_za_iscjeljivanje_i_transformaciju_kolektivnih_uvjerenja_2._dio_webknjizara_redak_WEB_1283.jpg","datePublished":"2022-04-06T13:27:25+00:00","dateModified":"2023-02-24T23:13:21+00:00","breadcrumb":{"@id":"https:\/\/webknjizara.hr\/proizvod\/prirucnik-za-iscjeljivanje-i-transformaciju-kolektivnih-uvjerenja-2-dio-jela-kraljevic\/#breadcrumb"},"inLanguage":"en-US","potentialAction":[{"@type":"ReadAction","target":["https:\/\/webknjizara.hr\/proizvod\/prirucnik-za-iscjeljivanje-i-transformaciju-kolektivnih-uvjerenja-2-dio-jela-kraljevic\/"]}]},{"@type":"ImageObject","inLanguage":"en-US","@id":"https:\/\/webknjizara.hr\/proizvod\/prirucnik-za-iscjeljivanje-i-transformaciju-kolektivnih-uvjerenja-2-dio-jela-kraljevic\/#primaryimage","url":"https:\/\/webknjizara.hr\/wp-content\/uploads\/nc\/images\/virtuemart\/product\/Jela_Kraljevic_Prirucnik_za_iscjeljivanje_i_transformaciju_kolektivnih_uvjerenja_2._dio_webknjizara_redak_WEB_1283.jpg","contentUrl":"https:\/\/webknjizara.hr\/wp-content\/uploads\/nc\/images\/virtuemart\/product\/Jela_Kraljevic_Prirucnik_za_iscjeljivanje_i_transformaciju_kolektivnih_uvjerenja_2._dio_webknjizara_redak_WEB_1283.jpg","width":300,"height":419,"caption":"PRIRU\u010cNIK ZA ISCJELJIVANJE I TRANSFORMACIJU KOLEKTIVNIH UVJERENJA 2. DIO, Jela Kraljevi\u0107"},{"@type":"BreadcrumbList","@id":"https:\/\/webknjizara.hr\/proizvod\/prirucnik-za-iscjeljivanje-i-transformaciju-kolektivnih-uvjerenja-2-dio-jela-kraljevic\/#breadcrumb","itemListElement":[{"@type":"ListItem","position":1,"name":"Po\u010detna stranica","item":"https:\/\/webknjizara.hr\/en\/"},{"@type":"ListItem","position":2,"name":"Shop","item":"https:\/\/webknjizara.hr\/shop\/"},{"@type":"ListItem","position":3,"name":"PRIRU\u010cNIK ZA ISCJELJIVANJE I TRANSFORMACIJU KOLEKTIVNIH UVJERENJA 2. DIO, Jela Kraljevi\u0107"}]},{"@type":"WebSite","@id":"https:\/\/webknjizara.hr\/#website","url":"https:\/\/webknjizara.hr\/","name":"Web Knji\u017eara","description":"","publisher":{"@id":"https:\/\/webknjizara.hr\/#organization"},"potentialAction":[{"@type":"SearchAction","target":{"@type":"EntryPoint","urlTemplate":"https:\/\/webknjizara.hr\/?s={search_term_string}"},"query-input":{"@type":"PropertyValueSpecification","valueRequired":true,"valueName":"search_term_string"}}],"inLanguage":"en-US"},{"@type":"Organization","@id":"https:\/\/webknjizara.hr\/#organization","name":"REDAK D.O.O.","url":"https:\/\/webknjizara.hr\/","logo":{"@type":"ImageObject","inLanguage":"en-US","@id":"https:\/\/webknjizara.hr\/#\/schema\/logo\/image\/","url":"https:\/\/webknjizara.hr\/wp-content\/uploads\/2023\/01\/web-knjizara-logo.webp","contentUrl":"https:\/\/webknjizara.hr\/wp-content\/uploads\/2023\/01\/web-knjizara-logo.webp","width":324,"height":79,"caption":"REDAK D.O.O."},"image":{"@id":"https:\/\/webknjizara.hr\/#\/schema\/logo\/image\/"}}]}},"_links":{"self":[{"href":"https:\/\/webknjizara.hr\/en\/wp-json\/wp\/v2\/product\/9711","targetHints":{"allow":["GET"]}}],"collection":[{"href":"https:\/\/webknjizara.hr\/en\/wp-json\/wp\/v2\/product"}],"about":[{"href":"https:\/\/webknjizara.hr\/en\/wp-json\/wp\/v2\/types\/product"}],"replies":[{"embeddable":true,"href":"https:\/\/webknjizara.hr\/en\/wp-json\/wp\/v2\/comments?post=9711"}],"wp:featuredmedia":[{"embeddable":true,"href":"https:\/\/webknjizara.hr\/en\/wp-json\/wp\/v2\/media\/9712"}],"wp:attachment":[{"href":"https:\/\/webknjizara.hr\/en\/wp-json\/wp\/v2\/media?parent=9711"}],"wp:term":[{"taxonomy":"product_brand","embeddable":true,"href":"https:\/\/webknjizara.hr\/en\/wp-json\/wp\/v2\/product_brand?post=9711"},{"taxonomy":"product_cat","embeddable":true,"href":"https:\/\/webknjizara.hr\/en\/wp-json\/wp\/v2\/product_cat?post=9711"},{"taxonomy":"product_tag","embeddable":true,"href":"https:\/\/webknjizara.hr\/en\/wp-json\/wp\/v2\/product_tag?post=9711"}],"curies":[{"name":"wp","href":"https:\/\/api.w.org\/{rel}","templated":true}]}}