{"id":9709,"date":"2022-04-05T12:08:58","date_gmt":"2022-04-05T12:08:58","guid":{"rendered":"https:\/\/webknjizara.hr\/?product=put-krvi-dina-nemir"},"modified":"2023-02-25T00:13:22","modified_gmt":"2023-02-24T23:13:22","slug":"put-krvi-dina-nemir","status":"publish","type":"product","link":"https:\/\/webknjizara.hr\/en\/proizvod\/put-krvi-dina-nemir\/","title":{"rendered":"PUT KRVI, Dina Nemir"},"content":{"rendered":"<p><span style=\"font-size: 10pt;\"><span style=\"font-family: Arial, sans-serif;\"><span lang=\"hr-HR\"><b>Sa\u017eetak:<\/b><\/span><\/span> <\/span><\/p>\n<p><span style=\"font-size: 10pt;\">Prva zbirka poezije bavi se uglavnom mra\u010dnim temama u kojima se utjecaj <i>punka<\/i> ispreple\u0107e s Kamovljevim i Baudelaireovim utjecajem. Dina pjesmama istra\u017euje slobodu, bol, ljubav i seksualnost.<\/span><\/p>\n<p>\u00a0<\/p>\n<p><span style=\"font-size: 10pt;\"><span style=\"font-family: Arial, sans-serif;\"><span lang=\"hr-HR\"><b>Bilje\u0161ka o autorici:<\/b><\/span><\/span><\/span><\/p>\n<p><span style=\"font-size: 10pt;\"> <span style=\"font-family: tahoma, arial, helvetica, sans-serif;\">Dina Nemir je do\u0161la na svijet prije 36 godina. Od malih nogu otkrila je strast prema svemu \u0161to nije uobi\u010dajeno. Dok su se ostali dr\u017eali u grupama, Dina je ve\u0107inu vremena bila pokrivena bojama po rukama i zadubljena u rije\u010di. Kako to samo doli\u010di introvertima, kreirala je svoj svijet u ma\u0161ti gdje je igrom rije\u010di davala boju sivom svijetu oko sebe. <\/span><\/span><\/p>\n<p><span style=\"font-size: 10pt; font-family: tahoma, arial, helvetica, sans-serif;\">Da glazba mo\u017ee postati ideja i na\u010din \u017eivota, otkrila je poznatim <i>punkerskim <\/i>notama, koje je i danas pokre\u0107u. Ljubav prema adrenalinu spoznala je kada joj je vjetar prvi put pro\u0161arao vrhovima pramenova dok je prkose\u0107i inerciji prostrujala na motoru i zaputila se u svoje najbolje godine \u017eivota. <\/span><\/p>\n<p><span style=\"font-family: tahoma, arial, helvetica, sans-serif; font-size: 10pt;\">I dandanas su joj ruke umrljane bojama dok neumorno preta\u010de boje u misli, misli u rije\u010di, rije\u010di u slova; na prstima joj se mogu vidjeti tragovi plave, crne i ponegdje bijele boje. <\/span><\/p>\n<p><span style=\"font-size: 10pt;\"><span style=\"font-family: Arial, sans-serif;\"><span lang=\"hr-HR\"><b>Klju\u010dne rije\u010di: <\/b><\/span><\/span>ljubav, mr\u017enja, bol, depresija, strast, lutanje, sloboda, put, droga, seks, patnja, o\u010daj, samoubojstvo, SM, pjesma, poezija, pjesme<\/span><\/p>\n<p><span style=\"font-size: 10pt;\"><span style=\"font-family: Arial, sans-serif;\"><span lang=\"hr-HR\"><b>E-mail: <\/b><\/span><\/span><a href=\"mailto:dina.nemir@gmail.com\" target=\"_blank\" rel=\"noopener noreferrer\">Dina\u00a0Nemir<\/a><\/span><\/p>\n<p lang=\"hr-HR\">\u00a0<\/p>\n<p><span style=\"font-size: 10pt;\"><strong><span style=\"font-family: Arial, sans-serif;\">Naslov: <\/span><\/strong><strong><span style=\"font-family: Arial, sans-serif;\">Put krvi<\/span><\/strong><span style=\"font-family: Arial, sans-serif;\"><br \/><\/span><strong><span style=\"font-family: Arial, sans-serif;\">Autorica:<\/span><\/strong><span style=\"font-family: Arial, sans-serif;\"> Dina Nemir<br \/><\/span><strong><span style=\"font-family: Arial, sans-serif;\">Broj stranica: <\/span><\/strong><span style=\"font-family: Arial, sans-serif;\"><span lang=\"\">72<\/span><\/span><span style=\"font-family: Arial, sans-serif;\"><br \/><\/span><strong><span style=\"font-family: Arial, sans-serif;\">Nakladnik: <\/span><\/strong><strong><span style=\"font-family: Arial, sans-serif;\">REDAK<\/span><\/strong><span style=\"font-family: Arial, sans-serif;\"><br \/><\/span><strong><span style=\"font-family: Arial, sans-serif;\">Godina izdanja: <\/span><\/strong><strong><span style=\"font-family: Arial, sans-serif;\">2022.<br \/><\/span><\/strong><strong><span style=\"font-family: Arial, sans-serif;\">ISBN:<\/span><\/strong><span style=\"font-family: Arial, sans-serif;\"> 978-953-336-820-7<br \/><\/span><strong><span style=\"font-family: Arial, sans-serif;\">Tisak:<\/span><\/strong><span style=\"font-family: Arial, sans-serif;\"> digitalni tisak knjiga &#8211; print na zahtjev<\/span><\/span><\/p>\n<p style=\"text-align: justify;\">\u00a0<\/p>\n<p style=\"text-align: justify;\"><strong>Kako naru\u010diti knjigu?\u00a0<\/strong>Proces online kupovine jednako funkcionira za sve kupce, s jedinom razlikom u tome \u0161to \u0161to kupci iz inozemstva za podru\u010dje dostave moraju odabrati &#8220;Europa&#8221; ili &#8220;Ostale zemlje svijeta&#8221;, a za vrstu pla\u0107anja WSPay (kreditna kartica) ili Virmanom (bankovni transfer).<\/p>\n<p style=\"text-align: justify;\">Molimo kliknite ovdje za\u00a0<a href=\"hr\/kako-kupovati\">detaljni vodi\u010d kroz proces narud\u017ebe<\/a>\u00a0ili nas\u00a0<a href=\"hr\/kontakt\">kontaktirajte<\/a>\u00a0za vi\u0161e informacija.<\/p>\n<p>\u00a0<\/p>\n","protected":false},"excerpt":{"rendered":"<p>Sa\u017eetak: Prva zbirka poezije bavi se uglavnom mra\u010dnim temama u kojima se utjecaj punka ispreple\u0107e s Kamovljevim i Baudelaireovim utjecajem. Dina pjesmama istra\u017euje slobodu, bol, ljubav i seksualnost. \u00a0 Bilje\u0161ka o autorici: Dina Nemir je do\u0161la na svijet prije 36 godina. Od malih nogu otkrila je strast prema svemu \u0161to nije uobi\u010dajeno. Dok su se [&hellip;]<\/p>\n","protected":false},"featured_media":9710,"comment_status":"open","ping_status":"closed","template":"","meta":{"_acf_changed":false},"product_brand":[],"product_cat":[1383,1385,1388],"product_tag":[],"class_list":{"0":"post-9709","1":"product","2":"type-product","3":"status-publish","4":"has-post-thumbnail","6":"product_cat-knjige","7":"product_cat-knjizevnost","8":"product_cat-poezija","10":"first","11":"instock","12":"shipping-taxable","13":"purchasable","14":"product-type-simple"},"acf":[],"yoast_head":"<!-- This site is optimized with the Yoast SEO plugin v27.3 - https:\/\/yoast.com\/product\/yoast-seo-wordpress\/ -->\n<title>PUT KRVI, Dina Nemir - Web-knji\u017eara<\/title>\n<meta name=\"robots\" content=\"index, follow, max-snippet:-1, max-image-preview:large, max-video-preview:-1\" \/>\n<link rel=\"canonical\" href=\"https:\/\/webknjizara.hr\/proizvod\/put-krvi-dina-nemir\/\" \/>\n<meta property=\"og:locale\" content=\"en_US\" \/>\n<meta property=\"og:type\" content=\"article\" \/>\n<meta property=\"og:title\" content=\"PUT KRVI, Dina Nemir - Web-knji\u017eara\" \/>\n<meta property=\"og:description\" content=\"Sa\u017eetak: Prva zbirka poezije bavi se uglavnom mra\u010dnim temama u kojima se utjecaj punka ispreple\u0107e s Kamovljevim i Baudelaireovim utjecajem. Dina pjesmama istra\u017euje slobodu, bol, ljubav i seksualnost. \u00a0 Bilje\u0161ka o autorici: Dina Nemir je do\u0161la na svijet prije 36 godina. Od malih nogu otkrila je strast prema svemu \u0161to nije uobi\u010dajeno. Dok su se [&hellip;]\" \/>\n<meta property=\"og:url\" content=\"https:\/\/webknjizara.hr\/proizvod\/put-krvi-dina-nemir\/\" \/>\n<meta property=\"og:site_name\" content=\"Web-knji\u017eara\" \/>\n<meta property=\"article:modified_time\" content=\"2023-02-24T23:13:22+00:00\" \/>\n<meta property=\"og:image\" content=\"https:\/\/webknjizara.hr\/wp-content\/uploads\/nc\/images\/virtuemart\/product\/Dina_Nemir_Put_krvi_webknjizara_redak_WEB_1273.jpg\" \/>\n\t<meta property=\"og:image:width\" content=\"300\" \/>\n\t<meta property=\"og:image:height\" content=\"419\" \/>\n\t<meta property=\"og:image:type\" content=\"image\/jpeg\" \/>\n<meta name=\"twitter:card\" content=\"summary_large_image\" \/>\n<meta name=\"twitter:label1\" content=\"Est. reading time\" \/>\n\t<meta name=\"twitter:data1\" content=\"2 minutes\" \/>\n<script type=\"application\/ld+json\" class=\"yoast-schema-graph\">{\"@context\":\"https:\\\/\\\/schema.org\",\"@graph\":[{\"@type\":\"WebPage\",\"@id\":\"https:\\\/\\\/webknjizara.hr\\\/proizvod\\\/put-krvi-dina-nemir\\\/\",\"url\":\"https:\\\/\\\/webknjizara.hr\\\/proizvod\\\/put-krvi-dina-nemir\\\/\",\"name\":\"PUT KRVI, Dina Nemir - Web-knji\u017eara\",\"isPartOf\":{\"@id\":\"https:\\\/\\\/webknjizara.hr\\\/#website\"},\"primaryImageOfPage\":{\"@id\":\"https:\\\/\\\/webknjizara.hr\\\/proizvod\\\/put-krvi-dina-nemir\\\/#primaryimage\"},\"image\":{\"@id\":\"https:\\\/\\\/webknjizara.hr\\\/proizvod\\\/put-krvi-dina-nemir\\\/#primaryimage\"},\"thumbnailUrl\":\"https:\\\/\\\/webknjizara.hr\\\/wp-content\\\/uploads\\\/nc\\\/images\\\/virtuemart\\\/product\\\/Dina_Nemir_Put_krvi_webknjizara_redak_WEB_1273.jpg\",\"datePublished\":\"2022-04-05T12:08:58+00:00\",\"dateModified\":\"2023-02-24T23:13:22+00:00\",\"breadcrumb\":{\"@id\":\"https:\\\/\\\/webknjizara.hr\\\/proizvod\\\/put-krvi-dina-nemir\\\/#breadcrumb\"},\"inLanguage\":\"en-US\",\"potentialAction\":[{\"@type\":\"ReadAction\",\"target\":[\"https:\\\/\\\/webknjizara.hr\\\/proizvod\\\/put-krvi-dina-nemir\\\/\"]}]},{\"@type\":\"ImageObject\",\"inLanguage\":\"en-US\",\"@id\":\"https:\\\/\\\/webknjizara.hr\\\/proizvod\\\/put-krvi-dina-nemir\\\/#primaryimage\",\"url\":\"https:\\\/\\\/webknjizara.hr\\\/wp-content\\\/uploads\\\/nc\\\/images\\\/virtuemart\\\/product\\\/Dina_Nemir_Put_krvi_webknjizara_redak_WEB_1273.jpg\",\"contentUrl\":\"https:\\\/\\\/webknjizara.hr\\\/wp-content\\\/uploads\\\/nc\\\/images\\\/virtuemart\\\/product\\\/Dina_Nemir_Put_krvi_webknjizara_redak_WEB_1273.jpg\",\"width\":300,\"height\":419,\"caption\":\"PUT KRVI, Dina Nemir\"},{\"@type\":\"BreadcrumbList\",\"@id\":\"https:\\\/\\\/webknjizara.hr\\\/proizvod\\\/put-krvi-dina-nemir\\\/#breadcrumb\",\"itemListElement\":[{\"@type\":\"ListItem\",\"position\":1,\"name\":\"Po\u010detna stranica\",\"item\":\"https:\\\/\\\/webknjizara.hr\\\/en\\\/\"},{\"@type\":\"ListItem\",\"position\":2,\"name\":\"Shop\",\"item\":\"https:\\\/\\\/webknjizara.hr\\\/shop\\\/\"},{\"@type\":\"ListItem\",\"position\":3,\"name\":\"PUT KRVI, Dina Nemir\"}]},{\"@type\":\"WebSite\",\"@id\":\"https:\\\/\\\/webknjizara.hr\\\/#website\",\"url\":\"https:\\\/\\\/webknjizara.hr\\\/\",\"name\":\"Web Knji\u017eara\",\"description\":\"\",\"publisher\":{\"@id\":\"https:\\\/\\\/webknjizara.hr\\\/#organization\"},\"potentialAction\":[{\"@type\":\"SearchAction\",\"target\":{\"@type\":\"EntryPoint\",\"urlTemplate\":\"https:\\\/\\\/webknjizara.hr\\\/?s={search_term_string}\"},\"query-input\":{\"@type\":\"PropertyValueSpecification\",\"valueRequired\":true,\"valueName\":\"search_term_string\"}}],\"inLanguage\":\"en-US\"},{\"@type\":\"Organization\",\"@id\":\"https:\\\/\\\/webknjizara.hr\\\/#organization\",\"name\":\"REDAK D.O.O.\",\"url\":\"https:\\\/\\\/webknjizara.hr\\\/\",\"logo\":{\"@type\":\"ImageObject\",\"inLanguage\":\"en-US\",\"@id\":\"https:\\\/\\\/webknjizara.hr\\\/#\\\/schema\\\/logo\\\/image\\\/\",\"url\":\"https:\\\/\\\/webknjizara.hr\\\/wp-content\\\/uploads\\\/2023\\\/01\\\/web-knjizara-logo.webp\",\"contentUrl\":\"https:\\\/\\\/webknjizara.hr\\\/wp-content\\\/uploads\\\/2023\\\/01\\\/web-knjizara-logo.webp\",\"width\":324,\"height\":79,\"caption\":\"REDAK D.O.O.\"},\"image\":{\"@id\":\"https:\\\/\\\/webknjizara.hr\\\/#\\\/schema\\\/logo\\\/image\\\/\"}}]}<\/script>\n<!-- \/ Yoast SEO plugin. -->","yoast_head_json":{"title":"PUT KRVI, Dina Nemir - Web-knji\u017eara","robots":{"index":"index","follow":"follow","max-snippet":"max-snippet:-1","max-image-preview":"max-image-preview:large","max-video-preview":"max-video-preview:-1"},"canonical":"https:\/\/webknjizara.hr\/proizvod\/put-krvi-dina-nemir\/","og_locale":"en_US","og_type":"article","og_title":"PUT KRVI, Dina Nemir - Web-knji\u017eara","og_description":"Sa\u017eetak: Prva zbirka poezije bavi se uglavnom mra\u010dnim temama u kojima se utjecaj punka ispreple\u0107e s Kamovljevim i Baudelaireovim utjecajem. Dina pjesmama istra\u017euje slobodu, bol, ljubav i seksualnost. \u00a0 Bilje\u0161ka o autorici: Dina Nemir je do\u0161la na svijet prije 36 godina. Od malih nogu otkrila je strast prema svemu \u0161to nije uobi\u010dajeno. Dok su se [&hellip;]","og_url":"https:\/\/webknjizara.hr\/proizvod\/put-krvi-dina-nemir\/","og_site_name":"Web-knji\u017eara","article_modified_time":"2023-02-24T23:13:22+00:00","og_image":[{"width":300,"height":419,"url":"https:\/\/webknjizara.hr\/wp-content\/uploads\/nc\/images\/virtuemart\/product\/Dina_Nemir_Put_krvi_webknjizara_redak_WEB_1273.jpg","type":"image\/jpeg"}],"twitter_card":"summary_large_image","twitter_misc":{"Est. reading time":"2 minutes"},"schema":{"@context":"https:\/\/schema.org","@graph":[{"@type":"WebPage","@id":"https:\/\/webknjizara.hr\/proizvod\/put-krvi-dina-nemir\/","url":"https:\/\/webknjizara.hr\/proizvod\/put-krvi-dina-nemir\/","name":"PUT KRVI, Dina Nemir - Web-knji\u017eara","isPartOf":{"@id":"https:\/\/webknjizara.hr\/#website"},"primaryImageOfPage":{"@id":"https:\/\/webknjizara.hr\/proizvod\/put-krvi-dina-nemir\/#primaryimage"},"image":{"@id":"https:\/\/webknjizara.hr\/proizvod\/put-krvi-dina-nemir\/#primaryimage"},"thumbnailUrl":"https:\/\/webknjizara.hr\/wp-content\/uploads\/nc\/images\/virtuemart\/product\/Dina_Nemir_Put_krvi_webknjizara_redak_WEB_1273.jpg","datePublished":"2022-04-05T12:08:58+00:00","dateModified":"2023-02-24T23:13:22+00:00","breadcrumb":{"@id":"https:\/\/webknjizara.hr\/proizvod\/put-krvi-dina-nemir\/#breadcrumb"},"inLanguage":"en-US","potentialAction":[{"@type":"ReadAction","target":["https:\/\/webknjizara.hr\/proizvod\/put-krvi-dina-nemir\/"]}]},{"@type":"ImageObject","inLanguage":"en-US","@id":"https:\/\/webknjizara.hr\/proizvod\/put-krvi-dina-nemir\/#primaryimage","url":"https:\/\/webknjizara.hr\/wp-content\/uploads\/nc\/images\/virtuemart\/product\/Dina_Nemir_Put_krvi_webknjizara_redak_WEB_1273.jpg","contentUrl":"https:\/\/webknjizara.hr\/wp-content\/uploads\/nc\/images\/virtuemart\/product\/Dina_Nemir_Put_krvi_webknjizara_redak_WEB_1273.jpg","width":300,"height":419,"caption":"PUT KRVI, Dina Nemir"},{"@type":"BreadcrumbList","@id":"https:\/\/webknjizara.hr\/proizvod\/put-krvi-dina-nemir\/#breadcrumb","itemListElement":[{"@type":"ListItem","position":1,"name":"Po\u010detna stranica","item":"https:\/\/webknjizara.hr\/en\/"},{"@type":"ListItem","position":2,"name":"Shop","item":"https:\/\/webknjizara.hr\/shop\/"},{"@type":"ListItem","position":3,"name":"PUT KRVI, Dina Nemir"}]},{"@type":"WebSite","@id":"https:\/\/webknjizara.hr\/#website","url":"https:\/\/webknjizara.hr\/","name":"Web Knji\u017eara","description":"","publisher":{"@id":"https:\/\/webknjizara.hr\/#organization"},"potentialAction":[{"@type":"SearchAction","target":{"@type":"EntryPoint","urlTemplate":"https:\/\/webknjizara.hr\/?s={search_term_string}"},"query-input":{"@type":"PropertyValueSpecification","valueRequired":true,"valueName":"search_term_string"}}],"inLanguage":"en-US"},{"@type":"Organization","@id":"https:\/\/webknjizara.hr\/#organization","name":"REDAK D.O.O.","url":"https:\/\/webknjizara.hr\/","logo":{"@type":"ImageObject","inLanguage":"en-US","@id":"https:\/\/webknjizara.hr\/#\/schema\/logo\/image\/","url":"https:\/\/webknjizara.hr\/wp-content\/uploads\/2023\/01\/web-knjizara-logo.webp","contentUrl":"https:\/\/webknjizara.hr\/wp-content\/uploads\/2023\/01\/web-knjizara-logo.webp","width":324,"height":79,"caption":"REDAK D.O.O."},"image":{"@id":"https:\/\/webknjizara.hr\/#\/schema\/logo\/image\/"}}]}},"_links":{"self":[{"href":"https:\/\/webknjizara.hr\/en\/wp-json\/wp\/v2\/product\/9709","targetHints":{"allow":["GET"]}}],"collection":[{"href":"https:\/\/webknjizara.hr\/en\/wp-json\/wp\/v2\/product"}],"about":[{"href":"https:\/\/webknjizara.hr\/en\/wp-json\/wp\/v2\/types\/product"}],"replies":[{"embeddable":true,"href":"https:\/\/webknjizara.hr\/en\/wp-json\/wp\/v2\/comments?post=9709"}],"wp:featuredmedia":[{"embeddable":true,"href":"https:\/\/webknjizara.hr\/en\/wp-json\/wp\/v2\/media\/9710"}],"wp:attachment":[{"href":"https:\/\/webknjizara.hr\/en\/wp-json\/wp\/v2\/media?parent=9709"}],"wp:term":[{"taxonomy":"product_brand","embeddable":true,"href":"https:\/\/webknjizara.hr\/en\/wp-json\/wp\/v2\/product_brand?post=9709"},{"taxonomy":"product_cat","embeddable":true,"href":"https:\/\/webknjizara.hr\/en\/wp-json\/wp\/v2\/product_cat?post=9709"},{"taxonomy":"product_tag","embeddable":true,"href":"https:\/\/webknjizara.hr\/en\/wp-json\/wp\/v2\/product_tag?post=9709"}],"curies":[{"name":"wp","href":"https:\/\/api.w.org\/{rel}","templated":true}]}}