{"id":9705,"date":"2022-03-28T11:11:05","date_gmt":"2022-03-28T11:11:05","guid":{"rendered":"https:\/\/webknjizara.hr\/?product=legionari-nikola-aleksic"},"modified":"2023-02-25T00:13:22","modified_gmt":"2023-02-24T23:13:22","slug":"legionari-nikola-aleksic","status":"publish","type":"product","link":"https:\/\/webknjizara.hr\/en\/proizvod\/legionari-nikola-aleksic\/","title":{"rendered":"LEGIONARI, Nikola Aleksi\u0107"},"content":{"rendered":"<p><span style=\"font-size: 10pt;\"><span style=\"font-family: Arial, sans-serif;\"><span lang=\"hr-HR\"><b>Sa\u017eetak:<\/b><\/span><\/span> <\/span><\/p>\n<p><span style=\"font-size: 10pt;\">U ovom SF romanu Hrvatska je posrnula globalna velesila koja na svim stranama vodi \u017eestoke bitke. Prikazuje se crno-bijeli moralni svijet u kojemu se dobro bori protiv navale zla. Kroz roman nas vodi vojni\u010dina od glave do pete, Charles Bukowski, koji postupno otkriva tajnu svoga va\u017enog obiteljskog podrijetla. Bukowski korijene vu\u010de iz drevne pradomovine, stare Hrvatske, koja pod terorom kontrole \u010deka zoru slobode. Autor nas vodi u daleku sredinu 22. stolje\u0107a gdje je prijestolnica Slobodne Hrvatske, Buenos Aires, a nove generacije Hrvata, kako re\u010de autor romana, sanjaju vjekovne hrvatske povijesne granice od Tokija do Milwaukeeja.<\/span><\/p>\n<p>\u00a0<\/p>\n<p><span style=\"font-size: 10pt;\"><span style=\"font-family: Arial, sans-serif;\"><span lang=\"hr-HR\"><b>Bilje\u0161ka o autoru:<\/b><\/span><\/span><\/span><\/p>\n<p><span style=\"font-size: 10pt;\"> Nikola Aleksi\u0107 ro\u0111en je u Splitu 1978. godine. Zavr\u0161io je jezi\u010dnu gimnaziju i Pravni fakultet u Splitu. Uz redoviti posao me\u0111unarodne suradnje, radi vi\u0161e od 20 godina kao stru\u010dni turisti\u010dki vodi\u010d. Kao strastveni i vrsni ljubitelj povijesti ve\u0107 10-ak godina predaje u Visokoj \u0161koli Aspira na te\u010daju za vodi\u010de. Tako\u0111er, aktivno se autorski bavi glazbom u <i>hard rock<\/i>\/metal bendu s kojim ima izdane pjesme i albume. Uz to ljubitelj je kvalitetnih videoigara s vojnom i povijesnom tematikom. Sve svoje ljubavi spojio je u pri\u010du svoga nevjerojatnog romana.<\/span><\/p>\n<p><span style=\"font-size: 10pt;\"><span style=\"font-family: Arial, sans-serif;\"><span lang=\"hr-HR\"><b>Klju\u010dne rije\u010di: <\/b><\/span><\/span>vojni\u010dina Bukowski, obiteljsko podrijetlo, Novakovi\u0107, poglavar, bojovnici, demokracija, Tanja, Buenos Aires, Kina, Slobodna Hrvatska, hrvatske povijesne granice od Tokija do Milwaukeeja<\/span><\/p>\n<p><span style=\"font-size: 10pt;\"><span style=\"font-family: Arial, sans-serif;\"><span lang=\"hr-HR\"><b>Link: <\/b><\/span><\/span><span style=\"color: #000000;\">https:\/\/sites.google.com\/view\/knjiga-legionari<\/span><\/span><\/p>\n<p><span style=\"font-size: 10pt;\"><span style=\"font-family: Arial, sans-serif;\"><span lang=\"hr-HR\"><b>E-mail: <a href=\"mailto:nikola.aleksic.st@gmail.com\" target=\"_blank\" rel=\"noopener noreferrer\">Nikola Aleksi\u0107<\/a><\/b><\/span><\/span><\/span><\/p>\n<p>\u00a0<\/p>\n<p><span style=\"font-size: 10pt;\"><strong><span style=\"font-family: Arial, sans-serif;\">Naslov: <\/span><\/strong><strong><span style=\"font-family: Arial, sans-serif;\">LEGIONARI<\/span><\/strong><span style=\"font-family: Arial, sans-serif;\"><br \/><\/span><strong><span style=\"font-family: Arial, sans-serif;\">Autor:<\/span><\/strong><span style=\"font-family: Arial, sans-serif;\"> Nikola Aleksi\u0107<br \/><\/span><strong><span style=\"font-family: Arial, sans-serif;\">Broj stranica: <\/span><\/strong><span style=\"font-family: Arial, sans-serif;\"><span lang=\"\">100<\/span><\/span><span style=\"font-family: Arial, sans-serif;\"><br \/><\/span><strong><span style=\"font-family: Arial, sans-serif;\">Nakladnik: <\/span><\/strong><strong><span style=\"font-family: Arial, sans-serif;\">REDAK<\/span><\/strong><span style=\"font-family: Arial, sans-serif;\"><br \/><\/span><strong><span style=\"font-family: Arial, sans-serif;\">Godina izdanja: <\/span><\/strong><strong><span style=\"font-family: Arial, sans-serif;\">2022.<br \/><\/span><\/strong><strong><span style=\"font-family: Arial, sans-serif;\">ISBN:<\/span><\/strong><span style=\"font-family: Arial, sans-serif;\"> 978-953-336-821-4<br \/><\/span><strong><span style=\"font-family: Arial, sans-serif;\">Tisak:<\/span><\/strong><span style=\"font-family: Arial, sans-serif;\"> digitalni tisak knjiga &#8211; print na zahtjev<\/span><\/span><\/p>\n<p style=\"text-align: justify;\"><span style=\"font-size: 10pt;\">\u00a0<\/span><\/p>\n<p style=\"text-align: justify;\"><span style=\"font-size: 10pt;\"><strong>Kako naru\u010diti knjigu?\u00a0<\/strong>Proces online kupovine jednako funkcionira za sve kupce, s jedinom razlikom u tome \u0161to \u0161to kupci iz inozemstva za podru\u010dje dostave moraju odabrati &#8220;Europa&#8221; ili &#8220;Ostale zemlje svijeta&#8221;, a za vrstu pla\u0107anja WSPay (kreditna kartica) ili Virmanom (bankovni transfer).<\/span><\/p>\n<p style=\"text-align: justify;\"><span style=\"font-size: 10pt;\">Molimo kliknite ovdje za\u00a0<a href=\"hr\/kako-kupovati\">detaljni vodi\u010d kroz proces narud\u017ebe<\/a>\u00a0ili nas\u00a0<a href=\"hr\/kontakt\">kontaktirajte<\/a>\u00a0za vi\u0161e informacija<\/span>.<\/p>\n","protected":false},"excerpt":{"rendered":"<p>Sa\u017eetak: U ovom SF romanu Hrvatska je posrnula globalna velesila koja na svim stranama vodi \u017eestoke bitke. Prikazuje se crno-bijeli moralni svijet u kojemu se dobro bori protiv navale zla. Kroz roman nas vodi vojni\u010dina od glave do pete, Charles Bukowski, koji postupno otkriva tajnu svoga va\u017enog obiteljskog podrijetla. Bukowski korijene vu\u010de iz drevne pradomovine, [&hellip;]<\/p>\n","protected":false},"featured_media":9706,"comment_status":"open","ping_status":"closed","template":"","meta":{"_acf_changed":false},"product_brand":[],"product_cat":[1383,1385],"product_tag":[],"class_list":{"0":"post-9705","1":"product","2":"type-product","3":"status-publish","4":"has-post-thumbnail","6":"product_cat-knjige","7":"product_cat-knjizevnost","9":"first","10":"instock","11":"shipping-taxable","12":"purchasable","13":"product-type-simple"},"acf":[],"yoast_head":"<!-- This site is optimized with the Yoast SEO plugin v27.3 - https:\/\/yoast.com\/product\/yoast-seo-wordpress\/ -->\n<title>LEGIONARI, Nikola Aleksi\u0107 - Web-knji\u017eara<\/title>\n<meta name=\"robots\" content=\"index, follow, max-snippet:-1, max-image-preview:large, max-video-preview:-1\" \/>\n<link rel=\"canonical\" href=\"https:\/\/webknjizara.hr\/proizvod\/legionari-nikola-aleksic\/\" \/>\n<meta property=\"og:locale\" content=\"en_US\" \/>\n<meta property=\"og:type\" content=\"article\" \/>\n<meta property=\"og:title\" content=\"LEGIONARI, Nikola Aleksi\u0107 - Web-knji\u017eara\" \/>\n<meta property=\"og:description\" content=\"Sa\u017eetak: U ovom SF romanu Hrvatska je posrnula globalna velesila koja na svim stranama vodi \u017eestoke bitke. Prikazuje se crno-bijeli moralni svijet u kojemu se dobro bori protiv navale zla. Kroz roman nas vodi vojni\u010dina od glave do pete, Charles Bukowski, koji postupno otkriva tajnu svoga va\u017enog obiteljskog podrijetla. Bukowski korijene vu\u010de iz drevne pradomovine, [&hellip;]\" \/>\n<meta property=\"og:url\" content=\"https:\/\/webknjizara.hr\/proizvod\/legionari-nikola-aleksic\/\" \/>\n<meta property=\"og:site_name\" content=\"Web-knji\u017eara\" \/>\n<meta property=\"article:modified_time\" content=\"2023-02-24T23:13:22+00:00\" \/>\n<meta property=\"og:image\" content=\"https:\/\/webknjizara.hr\/wp-content\/uploads\/nc\/images\/virtuemart\/product\/Nikola_Aleksic_LEGIONARI_webknjizara_redak_WEB_1274.jpg\" \/>\n\t<meta property=\"og:image:width\" content=\"300\" \/>\n\t<meta property=\"og:image:height\" content=\"419\" \/>\n\t<meta property=\"og:image:type\" content=\"image\/jpeg\" \/>\n<meta name=\"twitter:card\" content=\"summary_large_image\" \/>\n<meta name=\"twitter:label1\" content=\"Est. reading time\" \/>\n\t<meta name=\"twitter:data1\" content=\"2 minutes\" \/>\n<script type=\"application\/ld+json\" class=\"yoast-schema-graph\">{\"@context\":\"https:\\\/\\\/schema.org\",\"@graph\":[{\"@type\":\"WebPage\",\"@id\":\"https:\\\/\\\/webknjizara.hr\\\/proizvod\\\/legionari-nikola-aleksic\\\/\",\"url\":\"https:\\\/\\\/webknjizara.hr\\\/proizvod\\\/legionari-nikola-aleksic\\\/\",\"name\":\"LEGIONARI, Nikola Aleksi\u0107 - Web-knji\u017eara\",\"isPartOf\":{\"@id\":\"https:\\\/\\\/webknjizara.hr\\\/#website\"},\"primaryImageOfPage\":{\"@id\":\"https:\\\/\\\/webknjizara.hr\\\/proizvod\\\/legionari-nikola-aleksic\\\/#primaryimage\"},\"image\":{\"@id\":\"https:\\\/\\\/webknjizara.hr\\\/proizvod\\\/legionari-nikola-aleksic\\\/#primaryimage\"},\"thumbnailUrl\":\"https:\\\/\\\/webknjizara.hr\\\/wp-content\\\/uploads\\\/nc\\\/images\\\/virtuemart\\\/product\\\/Nikola_Aleksic_LEGIONARI_webknjizara_redak_WEB_1274.jpg\",\"datePublished\":\"2022-03-28T11:11:05+00:00\",\"dateModified\":\"2023-02-24T23:13:22+00:00\",\"breadcrumb\":{\"@id\":\"https:\\\/\\\/webknjizara.hr\\\/proizvod\\\/legionari-nikola-aleksic\\\/#breadcrumb\"},\"inLanguage\":\"en-US\",\"potentialAction\":[{\"@type\":\"ReadAction\",\"target\":[\"https:\\\/\\\/webknjizara.hr\\\/proizvod\\\/legionari-nikola-aleksic\\\/\"]}]},{\"@type\":\"ImageObject\",\"inLanguage\":\"en-US\",\"@id\":\"https:\\\/\\\/webknjizara.hr\\\/proizvod\\\/legionari-nikola-aleksic\\\/#primaryimage\",\"url\":\"https:\\\/\\\/webknjizara.hr\\\/wp-content\\\/uploads\\\/nc\\\/images\\\/virtuemart\\\/product\\\/Nikola_Aleksic_LEGIONARI_webknjizara_redak_WEB_1274.jpg\",\"contentUrl\":\"https:\\\/\\\/webknjizara.hr\\\/wp-content\\\/uploads\\\/nc\\\/images\\\/virtuemart\\\/product\\\/Nikola_Aleksic_LEGIONARI_webknjizara_redak_WEB_1274.jpg\",\"width\":300,\"height\":419,\"caption\":\"LEGIONARI, Nikola Aleksi\u0107\"},{\"@type\":\"BreadcrumbList\",\"@id\":\"https:\\\/\\\/webknjizara.hr\\\/proizvod\\\/legionari-nikola-aleksic\\\/#breadcrumb\",\"itemListElement\":[{\"@type\":\"ListItem\",\"position\":1,\"name\":\"Po\u010detna stranica\",\"item\":\"https:\\\/\\\/webknjizara.hr\\\/en\\\/\"},{\"@type\":\"ListItem\",\"position\":2,\"name\":\"Shop\",\"item\":\"https:\\\/\\\/webknjizara.hr\\\/shop\\\/\"},{\"@type\":\"ListItem\",\"position\":3,\"name\":\"LEGIONARI, Nikola Aleksi\u0107\"}]},{\"@type\":\"WebSite\",\"@id\":\"https:\\\/\\\/webknjizara.hr\\\/#website\",\"url\":\"https:\\\/\\\/webknjizara.hr\\\/\",\"name\":\"Web Knji\u017eara\",\"description\":\"\",\"publisher\":{\"@id\":\"https:\\\/\\\/webknjizara.hr\\\/#organization\"},\"potentialAction\":[{\"@type\":\"SearchAction\",\"target\":{\"@type\":\"EntryPoint\",\"urlTemplate\":\"https:\\\/\\\/webknjizara.hr\\\/?s={search_term_string}\"},\"query-input\":{\"@type\":\"PropertyValueSpecification\",\"valueRequired\":true,\"valueName\":\"search_term_string\"}}],\"inLanguage\":\"en-US\"},{\"@type\":\"Organization\",\"@id\":\"https:\\\/\\\/webknjizara.hr\\\/#organization\",\"name\":\"REDAK D.O.O.\",\"url\":\"https:\\\/\\\/webknjizara.hr\\\/\",\"logo\":{\"@type\":\"ImageObject\",\"inLanguage\":\"en-US\",\"@id\":\"https:\\\/\\\/webknjizara.hr\\\/#\\\/schema\\\/logo\\\/image\\\/\",\"url\":\"https:\\\/\\\/webknjizara.hr\\\/wp-content\\\/uploads\\\/2023\\\/01\\\/web-knjizara-logo.webp\",\"contentUrl\":\"https:\\\/\\\/webknjizara.hr\\\/wp-content\\\/uploads\\\/2023\\\/01\\\/web-knjizara-logo.webp\",\"width\":324,\"height\":79,\"caption\":\"REDAK D.O.O.\"},\"image\":{\"@id\":\"https:\\\/\\\/webknjizara.hr\\\/#\\\/schema\\\/logo\\\/image\\\/\"}}]}<\/script>\n<!-- \/ Yoast SEO plugin. -->","yoast_head_json":{"title":"LEGIONARI, Nikola Aleksi\u0107 - Web-knji\u017eara","robots":{"index":"index","follow":"follow","max-snippet":"max-snippet:-1","max-image-preview":"max-image-preview:large","max-video-preview":"max-video-preview:-1"},"canonical":"https:\/\/webknjizara.hr\/proizvod\/legionari-nikola-aleksic\/","og_locale":"en_US","og_type":"article","og_title":"LEGIONARI, Nikola Aleksi\u0107 - Web-knji\u017eara","og_description":"Sa\u017eetak: U ovom SF romanu Hrvatska je posrnula globalna velesila koja na svim stranama vodi \u017eestoke bitke. Prikazuje se crno-bijeli moralni svijet u kojemu se dobro bori protiv navale zla. Kroz roman nas vodi vojni\u010dina od glave do pete, Charles Bukowski, koji postupno otkriva tajnu svoga va\u017enog obiteljskog podrijetla. Bukowski korijene vu\u010de iz drevne pradomovine, [&hellip;]","og_url":"https:\/\/webknjizara.hr\/proizvod\/legionari-nikola-aleksic\/","og_site_name":"Web-knji\u017eara","article_modified_time":"2023-02-24T23:13:22+00:00","og_image":[{"width":300,"height":419,"url":"https:\/\/webknjizara.hr\/wp-content\/uploads\/nc\/images\/virtuemart\/product\/Nikola_Aleksic_LEGIONARI_webknjizara_redak_WEB_1274.jpg","type":"image\/jpeg"}],"twitter_card":"summary_large_image","twitter_misc":{"Est. reading time":"2 minutes"},"schema":{"@context":"https:\/\/schema.org","@graph":[{"@type":"WebPage","@id":"https:\/\/webknjizara.hr\/proizvod\/legionari-nikola-aleksic\/","url":"https:\/\/webknjizara.hr\/proizvod\/legionari-nikola-aleksic\/","name":"LEGIONARI, Nikola Aleksi\u0107 - Web-knji\u017eara","isPartOf":{"@id":"https:\/\/webknjizara.hr\/#website"},"primaryImageOfPage":{"@id":"https:\/\/webknjizara.hr\/proizvod\/legionari-nikola-aleksic\/#primaryimage"},"image":{"@id":"https:\/\/webknjizara.hr\/proizvod\/legionari-nikola-aleksic\/#primaryimage"},"thumbnailUrl":"https:\/\/webknjizara.hr\/wp-content\/uploads\/nc\/images\/virtuemart\/product\/Nikola_Aleksic_LEGIONARI_webknjizara_redak_WEB_1274.jpg","datePublished":"2022-03-28T11:11:05+00:00","dateModified":"2023-02-24T23:13:22+00:00","breadcrumb":{"@id":"https:\/\/webknjizara.hr\/proizvod\/legionari-nikola-aleksic\/#breadcrumb"},"inLanguage":"en-US","potentialAction":[{"@type":"ReadAction","target":["https:\/\/webknjizara.hr\/proizvod\/legionari-nikola-aleksic\/"]}]},{"@type":"ImageObject","inLanguage":"en-US","@id":"https:\/\/webknjizara.hr\/proizvod\/legionari-nikola-aleksic\/#primaryimage","url":"https:\/\/webknjizara.hr\/wp-content\/uploads\/nc\/images\/virtuemart\/product\/Nikola_Aleksic_LEGIONARI_webknjizara_redak_WEB_1274.jpg","contentUrl":"https:\/\/webknjizara.hr\/wp-content\/uploads\/nc\/images\/virtuemart\/product\/Nikola_Aleksic_LEGIONARI_webknjizara_redak_WEB_1274.jpg","width":300,"height":419,"caption":"LEGIONARI, Nikola Aleksi\u0107"},{"@type":"BreadcrumbList","@id":"https:\/\/webknjizara.hr\/proizvod\/legionari-nikola-aleksic\/#breadcrumb","itemListElement":[{"@type":"ListItem","position":1,"name":"Po\u010detna stranica","item":"https:\/\/webknjizara.hr\/en\/"},{"@type":"ListItem","position":2,"name":"Shop","item":"https:\/\/webknjizara.hr\/shop\/"},{"@type":"ListItem","position":3,"name":"LEGIONARI, Nikola Aleksi\u0107"}]},{"@type":"WebSite","@id":"https:\/\/webknjizara.hr\/#website","url":"https:\/\/webknjizara.hr\/","name":"Web Knji\u017eara","description":"","publisher":{"@id":"https:\/\/webknjizara.hr\/#organization"},"potentialAction":[{"@type":"SearchAction","target":{"@type":"EntryPoint","urlTemplate":"https:\/\/webknjizara.hr\/?s={search_term_string}"},"query-input":{"@type":"PropertyValueSpecification","valueRequired":true,"valueName":"search_term_string"}}],"inLanguage":"en-US"},{"@type":"Organization","@id":"https:\/\/webknjizara.hr\/#organization","name":"REDAK D.O.O.","url":"https:\/\/webknjizara.hr\/","logo":{"@type":"ImageObject","inLanguage":"en-US","@id":"https:\/\/webknjizara.hr\/#\/schema\/logo\/image\/","url":"https:\/\/webknjizara.hr\/wp-content\/uploads\/2023\/01\/web-knjizara-logo.webp","contentUrl":"https:\/\/webknjizara.hr\/wp-content\/uploads\/2023\/01\/web-knjizara-logo.webp","width":324,"height":79,"caption":"REDAK D.O.O."},"image":{"@id":"https:\/\/webknjizara.hr\/#\/schema\/logo\/image\/"}}]}},"_links":{"self":[{"href":"https:\/\/webknjizara.hr\/en\/wp-json\/wp\/v2\/product\/9705","targetHints":{"allow":["GET"]}}],"collection":[{"href":"https:\/\/webknjizara.hr\/en\/wp-json\/wp\/v2\/product"}],"about":[{"href":"https:\/\/webknjizara.hr\/en\/wp-json\/wp\/v2\/types\/product"}],"replies":[{"embeddable":true,"href":"https:\/\/webknjizara.hr\/en\/wp-json\/wp\/v2\/comments?post=9705"}],"wp:featuredmedia":[{"embeddable":true,"href":"https:\/\/webknjizara.hr\/en\/wp-json\/wp\/v2\/media\/9706"}],"wp:attachment":[{"href":"https:\/\/webknjizara.hr\/en\/wp-json\/wp\/v2\/media?parent=9705"}],"wp:term":[{"taxonomy":"product_brand","embeddable":true,"href":"https:\/\/webknjizara.hr\/en\/wp-json\/wp\/v2\/product_brand?post=9705"},{"taxonomy":"product_cat","embeddable":true,"href":"https:\/\/webknjizara.hr\/en\/wp-json\/wp\/v2\/product_cat?post=9705"},{"taxonomy":"product_tag","embeddable":true,"href":"https:\/\/webknjizara.hr\/en\/wp-json\/wp\/v2\/product_tag?post=9705"}],"curies":[{"name":"wp","href":"https:\/\/api.w.org\/{rel}","templated":true}]}}