{"id":9703,"date":"2022-03-18T13:14:10","date_gmt":"2022-03-18T13:14:10","guid":{"rendered":"https:\/\/webknjizara.hr\/?product=tehnologija-statistickog-strojnog-prevodenja-ivan-dunder"},"modified":"2023-02-25T00:13:32","modified_gmt":"2023-02-24T23:13:32","slug":"tehnologija-statistickog-strojnog-prevodenja-ivan-dunder","status":"publish","type":"product","link":"https:\/\/webknjizara.hr\/en\/proizvod\/tehnologija-statistickog-strojnog-prevodenja-ivan-dunder\/","title":{"rendered":"TEHNOLOGIJA STATISTI\u010cKOG STROJNOG PREVO\u0110ENJA,  Ivan Dun\u0111er"},"content":{"rendered":"<p><span style=\"font-family: Arial, sans-serif; font-size: 10pt;\"><span lang=\"hr-HR\"><b>Sa\u017eetak:<\/b><\/span><\/span><\/p>\n<p><span style=\"font-size: 10pt;\"> Automatsko strojno prevo\u0111enje postalo je nezamjenjiv dio velikog broja organizacija koje posluju u me\u0111unarodnom okru\u017eenju i koje imaju potrebu generirati veliku koli\u010dinu prijevoda. Ono je danas op\u0107eprihva\u0107ena tehnologija u suvremenim organizacijama, i poslovanje bi bilo nezamislivo bez takvog oblika jezi\u010dne tehnologije. Strojno prevo\u0111enje danas se smatra jednom od neizostavnih disruptivnih tehnologija koja uvelike doprinose cjelovitoj transformaciji poslovnih procesa u segmentu prevo\u0111enja tekstova napisanih na nekom od prirodnih jezika. Ideja iza\u00a0strojnog prevo\u0111enja je omogu\u0107iti automatizaciju barem dijela procesa prevo\u0111enja, posebno kada je rije\u010d o velikoj koli\u010dini podataka, ne bi li se ubrzalo cjelokupno poslovanje i time se ostvarila konkurentska prednost na tr\u017ei\u0161tu koje se danas brzo mijenja i kojemu se pravovremeno treba prilagoditi. No, razvoj tehnologije automatskog strojnog prevo\u0111enja nije tekao tako glatko. Naime, razvoj je popra\u0107en nizom uspona i padova, a upravo ova knjiga \u017eeli izme\u0111u ostaloga dati sistematiziran pregled svih klju\u010dnih faza razvoja navedene tehnologije.<span style=\"color: #000000;\"><br \/><\/span>Namjera sustava za strojno prevo\u0111enje je omogu\u0107iti generiranje velikog broja prijevoda prihvatljive kvalitete i s malo tro\u0161ka. Ipak, takva tehnologija vrlo je slo\u017eena i mo\u017ee se danas razviti i implementirati pomo\u0107u raznih pristupa. U najnovije vrijeme oslanja se na razli\u010dite oblike umjetne inteligencije i metode strojnog u\u010denja. Jedan od mogu\u0107ih pristupa svakako je i statisti\u010dko strojno prevo\u0111enje i ono je u sredi\u0161tu pomne analize u ovoj knjizi. Model sustava za statisti\u010dko strojno prevo\u0111enje sastoji se od nekoliko klju\u010dnih komponenti od kojih je svaka detaljno razra\u0111ena i opisana. Nadalje, mogu\u0107nosti za pove\u0107anje kvalitete strojnog prijevoda kroz adaptaciju domene posebno su istra\u017eene u jednom dijelu ovoga rada, a tehnike evaluacije kvalitete strojnog prijevoda koja predstavlja va\u017ean putokaz u razvoju i prilagodbi sustava za strojno prevo\u0111enje tako\u0111er su istra\u017eene. U svakom slu\u010daju ova tehnologija unato\u010d brojnim preprekama i izazovima nudi brojne prednosti i stoga je va\u017eno nastaviti istra\u017eivati strojno prevo\u0111enje te posebno poduprijeti razvoj alata i resursa za hrvatski jezik.<\/span><\/p>\n<p>\u00a0<\/p>\n<p><span style=\"font-family: Arial, sans-serif; font-size: 10pt;\"><span lang=\"hr-HR\"><b>Bilje\u0161ka o autoru: <\/b><\/span><\/span><\/p>\n<p><span style=\"font-size: 10pt;\">Doc. dr. sc. Ivan Dun\u0111er, mag. inf., in\u017eenjer je informacijske tehnologije. Ro\u0111en je 29.12.1985. u Zagrebu. Hrvatski mati\u010dni broj znanstvenika mu je 345536. Zaposlen je na Katedri za informatiku na Odsjeku za informacijske i komunikacijske znanosti pri Filozofskom fakultetu Sveu\u010dili\u0161ta u Zagrebu. Doktorirao je u grani informacijskih sustava i informatologije s temom pod nazivom \u201eSustav za statisti\u010dko strojno prevo\u0111enje i ra\u010dunalna adaptacija domene\u201c. Bavi se ra\u010dunalnom obradom prirodnog jezika, strojnim prevo\u0111enjem i evaluacijom, jezi\u010dnim i govornim tehnologijama te razvojem baza podataka, aplikacija i informacijskih sustava.<span style=\"color: #000000;\"><br \/><\/span>Sudjelovao je u velikom broju me\u0111unarodnih konferencija te se znanstveno i stru\u010dno usavr\u0161avao na seminarima, certificiranim programima edukacije, javnim tribinama, na simpozijima i radionicama u Hrvatskoj i inozemstvu. Aktivno sudjeluje u radu znanstvenih i stru\u010dnih udru\u017eenja te je redovito recenzent u brojnim me\u0111unarodnim publikacijama.<\/span><\/p>\n<p><span style=\"font-family: Arial, sans-serif; font-size: 10pt;\"><span lang=\"hr-HR\"><b>Klju\u010dne rije\u010di: <\/b><\/span><\/span><span style=\"font-size: 10pt;\"><span style=\"color: #000000;\">strojno prevo\u0111enje, evaluacija kvalitete, adaptacija domene, model sustava, ra\u010dunalna obrada prirodnog jezika, jezi\u010dni in\u017eenjering, strojno u\u010denje<\/span><\/span><\/p>\n<p><span style=\"font-family: Arial, sans-serif; font-size: 10pt;\"><span lang=\"hr-HR\"><b>E-mail: <\/b><a href=\"mailto:ivandunder@gmail.com\" target=\"_blank\" rel=\"noopener noreferrer\">Ivan Dun\u0111er<\/a><\/span><\/span><\/p>\n<p lang=\"hr-HR\">\u00a0<\/p>\n<p><span style=\"font-size: 10pt;\"><strong><span style=\"font-family: Arial, sans-serif;\">Naslov: <\/span><\/strong><strong><span style=\"font-family: Arial, sans-serif;\">Tehnologija statisti\u010dkog strojnog prevo\u0111enja<\/span><\/strong><span style=\"font-family: Arial, sans-serif;\"><br \/><\/span><strong><span style=\"font-family: Arial, sans-serif;\">Autor:<\/span><\/strong><span style=\"font-family: Arial, sans-serif;\"> Ivan Dun\u0111er<br \/><\/span><strong><span style=\"font-family: Arial, sans-serif;\">Broj stranica: <\/span><\/strong><span style=\"font-family: Arial, sans-serif;\"><span lang=\"\">154<\/span><\/span><span style=\"font-family: Arial, sans-serif;\"><br \/><\/span><strong><span style=\"font-family: Arial, sans-serif;\">Nakladnik: <\/span><\/strong><strong><span style=\"font-family: Arial, sans-serif;\">REDAK<\/span><\/strong><span style=\"font-family: Arial, sans-serif;\"><br \/><\/span><strong><span style=\"font-family: Arial, sans-serif;\">Godina izdanja: <\/span><\/strong><strong><span style=\"font-family: Arial, sans-serif;\">2022.<br \/><\/span><\/strong><strong><span style=\"font-family: Arial, sans-serif;\">ISBN:<\/span><\/strong><span style=\"font-family: Arial, sans-serif;\"> 978-953-336-788-0<br \/><\/span><strong><span style=\"font-family: Arial, sans-serif;\">Tisak:<\/span><\/strong><span style=\"font-family: Arial, sans-serif;\"> digitalni tisak knjiga &#8211; print na zahtjev<\/span><\/span><\/p>\n<p style=\"text-align: justify;\"><span style=\"font-size: 10pt;\">\u00a0<\/span><\/p>\n<p style=\"text-align: justify;\"><span style=\"font-size: 10pt;\"><strong>Kako naru\u010diti knjigu?\u00a0<\/strong>Proces online kupovine jednako funkcionira za sve kupce, s jedinom razlikom u tome \u0161to \u0161to kupci iz inozemstva za podru\u010dje dostave moraju odabrati &#8220;Europa&#8221; ili &#8220;Ostale zemlje svijeta&#8221;, a za vrstu pla\u0107anja WSPay (kreditna kartica) ili Virmanom (bankovni transfer).<\/span><\/p>\n<p style=\"text-align: justify;\"><span style=\"font-size: 10pt;\">Molimo kliknite ovdje za\u00a0<a href=\"hr\/kako-kupovati\">detaljni vodi\u010d kroz proces narud\u017ebe<\/a>\u00a0ili nas\u00a0<a href=\"hr\/kontakt\">kontaktirajte<\/a>\u00a0za vi\u0161e informacija<\/span>.<\/p>\n<div id=\"gtx-trans\" style=\"position: absolute; left: 42px; top: 436.219px;\">\u00a0<\/div>\n","protected":false},"excerpt":{"rendered":"<p>Sa\u017eetak: Automatsko strojno prevo\u0111enje postalo je nezamjenjiv dio velikog broja organizacija koje posluju u me\u0111unarodnom okru\u017eenju i koje imaju potrebu generirati veliku koli\u010dinu prijevoda. Ono je danas op\u0107eprihva\u0107ena tehnologija u suvremenim organizacijama, i poslovanje bi bilo nezamislivo bez takvog oblika jezi\u010dne tehnologije. Strojno prevo\u0111enje danas se smatra jednom od neizostavnih disruptivnih tehnologija koja uvelike doprinose [&hellip;]<\/p>\n","protected":false},"featured_media":9704,"comment_status":"open","ping_status":"closed","template":"","meta":{"_acf_changed":false},"product_brand":[],"product_cat":[1539],"product_tag":[],"class_list":{"0":"post-9703","1":"product","2":"type-product","3":"status-publish","4":"has-post-thumbnail","6":"product_cat-sveucilisni-udzbenici-i-prirucnici","8":"first","9":"instock","10":"shipping-taxable","11":"purchasable","12":"product-type-simple"},"acf":[],"yoast_head":"<!-- This site is optimized with the Yoast SEO plugin v27.3 - https:\/\/yoast.com\/product\/yoast-seo-wordpress\/ -->\n<title>TEHNOLOGIJA STATISTI\u010cKOG STROJNOG PREVO\u0110ENJA, Ivan Dun\u0111er - Web-knji\u017eara<\/title>\n<meta name=\"robots\" content=\"index, follow, max-snippet:-1, max-image-preview:large, max-video-preview:-1\" \/>\n<link rel=\"canonical\" href=\"https:\/\/webknjizara.hr\/proizvod\/tehnologija-statistickog-strojnog-prevodenja-ivan-dunder\/\" \/>\n<meta property=\"og:locale\" content=\"en_US\" \/>\n<meta property=\"og:type\" content=\"article\" \/>\n<meta property=\"og:title\" content=\"TEHNOLOGIJA STATISTI\u010cKOG STROJNOG PREVO\u0110ENJA, Ivan Dun\u0111er - Web-knji\u017eara\" \/>\n<meta property=\"og:description\" content=\"Sa\u017eetak: Automatsko strojno prevo\u0111enje postalo je nezamjenjiv dio velikog broja organizacija koje posluju u me\u0111unarodnom okru\u017eenju i koje imaju potrebu generirati veliku koli\u010dinu prijevoda. Ono je danas op\u0107eprihva\u0107ena tehnologija u suvremenim organizacijama, i poslovanje bi bilo nezamislivo bez takvog oblika jezi\u010dne tehnologije. Strojno prevo\u0111enje danas se smatra jednom od neizostavnih disruptivnih tehnologija koja uvelike doprinose [&hellip;]\" \/>\n<meta property=\"og:url\" content=\"https:\/\/webknjizara.hr\/proizvod\/tehnologija-statistickog-strojnog-prevodenja-ivan-dunder\/\" \/>\n<meta property=\"og:site_name\" content=\"Web-knji\u017eara\" \/>\n<meta property=\"article:modified_time\" content=\"2023-02-24T23:13:32+00:00\" \/>\n<meta property=\"og:image\" content=\"https:\/\/webknjizara.hr\/wp-content\/uploads\/nc\/images\/virtuemart\/product\/Ivan_Dunder_Tehnologija_statistickog_strojnog_prevodenja_webknjizara_redak_WEB_1223.jpg\" \/>\n\t<meta property=\"og:image:width\" content=\"300\" \/>\n\t<meta property=\"og:image:height\" content=\"419\" \/>\n\t<meta property=\"og:image:type\" content=\"image\/jpeg\" \/>\n<meta name=\"twitter:card\" content=\"summary_large_image\" \/>\n<meta name=\"twitter:label1\" content=\"Est. reading time\" \/>\n\t<meta name=\"twitter:data1\" content=\"3 minutes\" \/>\n<script type=\"application\/ld+json\" class=\"yoast-schema-graph\">{\"@context\":\"https:\\\/\\\/schema.org\",\"@graph\":[{\"@type\":\"WebPage\",\"@id\":\"https:\\\/\\\/webknjizara.hr\\\/proizvod\\\/tehnologija-statistickog-strojnog-prevodenja-ivan-dunder\\\/\",\"url\":\"https:\\\/\\\/webknjizara.hr\\\/proizvod\\\/tehnologija-statistickog-strojnog-prevodenja-ivan-dunder\\\/\",\"name\":\"TEHNOLOGIJA STATISTI\u010cKOG STROJNOG PREVO\u0110ENJA, Ivan Dun\u0111er - Web-knji\u017eara\",\"isPartOf\":{\"@id\":\"https:\\\/\\\/webknjizara.hr\\\/#website\"},\"primaryImageOfPage\":{\"@id\":\"https:\\\/\\\/webknjizara.hr\\\/proizvod\\\/tehnologija-statistickog-strojnog-prevodenja-ivan-dunder\\\/#primaryimage\"},\"image\":{\"@id\":\"https:\\\/\\\/webknjizara.hr\\\/proizvod\\\/tehnologija-statistickog-strojnog-prevodenja-ivan-dunder\\\/#primaryimage\"},\"thumbnailUrl\":\"https:\\\/\\\/webknjizara.hr\\\/wp-content\\\/uploads\\\/nc\\\/images\\\/virtuemart\\\/product\\\/Ivan_Dunder_Tehnologija_statistickog_strojnog_prevodenja_webknjizara_redak_WEB_1223.jpg\",\"datePublished\":\"2022-03-18T13:14:10+00:00\",\"dateModified\":\"2023-02-24T23:13:32+00:00\",\"breadcrumb\":{\"@id\":\"https:\\\/\\\/webknjizara.hr\\\/proizvod\\\/tehnologija-statistickog-strojnog-prevodenja-ivan-dunder\\\/#breadcrumb\"},\"inLanguage\":\"en-US\",\"potentialAction\":[{\"@type\":\"ReadAction\",\"target\":[\"https:\\\/\\\/webknjizara.hr\\\/proizvod\\\/tehnologija-statistickog-strojnog-prevodenja-ivan-dunder\\\/\"]}]},{\"@type\":\"ImageObject\",\"inLanguage\":\"en-US\",\"@id\":\"https:\\\/\\\/webknjizara.hr\\\/proizvod\\\/tehnologija-statistickog-strojnog-prevodenja-ivan-dunder\\\/#primaryimage\",\"url\":\"https:\\\/\\\/webknjizara.hr\\\/wp-content\\\/uploads\\\/nc\\\/images\\\/virtuemart\\\/product\\\/Ivan_Dunder_Tehnologija_statistickog_strojnog_prevodenja_webknjizara_redak_WEB_1223.jpg\",\"contentUrl\":\"https:\\\/\\\/webknjizara.hr\\\/wp-content\\\/uploads\\\/nc\\\/images\\\/virtuemart\\\/product\\\/Ivan_Dunder_Tehnologija_statistickog_strojnog_prevodenja_webknjizara_redak_WEB_1223.jpg\",\"width\":300,\"height\":419,\"caption\":\"TEHNOLOGIJA STATISTI\u010cKOG STROJNOG PREVO\u0110ENJA, Ivan Dun\u0111er\"},{\"@type\":\"BreadcrumbList\",\"@id\":\"https:\\\/\\\/webknjizara.hr\\\/proizvod\\\/tehnologija-statistickog-strojnog-prevodenja-ivan-dunder\\\/#breadcrumb\",\"itemListElement\":[{\"@type\":\"ListItem\",\"position\":1,\"name\":\"Po\u010detna stranica\",\"item\":\"https:\\\/\\\/webknjizara.hr\\\/en\\\/\"},{\"@type\":\"ListItem\",\"position\":2,\"name\":\"Shop\",\"item\":\"https:\\\/\\\/webknjizara.hr\\\/shop\\\/\"},{\"@type\":\"ListItem\",\"position\":3,\"name\":\"TEHNOLOGIJA STATISTI\u010cKOG STROJNOG PREVO\u0110ENJA, Ivan Dun\u0111er\"}]},{\"@type\":\"WebSite\",\"@id\":\"https:\\\/\\\/webknjizara.hr\\\/#website\",\"url\":\"https:\\\/\\\/webknjizara.hr\\\/\",\"name\":\"Web Knji\u017eara\",\"description\":\"\",\"publisher\":{\"@id\":\"https:\\\/\\\/webknjizara.hr\\\/#organization\"},\"potentialAction\":[{\"@type\":\"SearchAction\",\"target\":{\"@type\":\"EntryPoint\",\"urlTemplate\":\"https:\\\/\\\/webknjizara.hr\\\/?s={search_term_string}\"},\"query-input\":{\"@type\":\"PropertyValueSpecification\",\"valueRequired\":true,\"valueName\":\"search_term_string\"}}],\"inLanguage\":\"en-US\"},{\"@type\":\"Organization\",\"@id\":\"https:\\\/\\\/webknjizara.hr\\\/#organization\",\"name\":\"REDAK D.O.O.\",\"url\":\"https:\\\/\\\/webknjizara.hr\\\/\",\"logo\":{\"@type\":\"ImageObject\",\"inLanguage\":\"en-US\",\"@id\":\"https:\\\/\\\/webknjizara.hr\\\/#\\\/schema\\\/logo\\\/image\\\/\",\"url\":\"https:\\\/\\\/webknjizara.hr\\\/wp-content\\\/uploads\\\/2023\\\/01\\\/web-knjizara-logo.webp\",\"contentUrl\":\"https:\\\/\\\/webknjizara.hr\\\/wp-content\\\/uploads\\\/2023\\\/01\\\/web-knjizara-logo.webp\",\"width\":324,\"height\":79,\"caption\":\"REDAK D.O.O.\"},\"image\":{\"@id\":\"https:\\\/\\\/webknjizara.hr\\\/#\\\/schema\\\/logo\\\/image\\\/\"}}]}<\/script>\n<!-- \/ Yoast SEO plugin. -->","yoast_head_json":{"title":"TEHNOLOGIJA STATISTI\u010cKOG STROJNOG PREVO\u0110ENJA, Ivan Dun\u0111er - Web-knji\u017eara","robots":{"index":"index","follow":"follow","max-snippet":"max-snippet:-1","max-image-preview":"max-image-preview:large","max-video-preview":"max-video-preview:-1"},"canonical":"https:\/\/webknjizara.hr\/proizvod\/tehnologija-statistickog-strojnog-prevodenja-ivan-dunder\/","og_locale":"en_US","og_type":"article","og_title":"TEHNOLOGIJA STATISTI\u010cKOG STROJNOG PREVO\u0110ENJA, Ivan Dun\u0111er - Web-knji\u017eara","og_description":"Sa\u017eetak: Automatsko strojno prevo\u0111enje postalo je nezamjenjiv dio velikog broja organizacija koje posluju u me\u0111unarodnom okru\u017eenju i koje imaju potrebu generirati veliku koli\u010dinu prijevoda. Ono je danas op\u0107eprihva\u0107ena tehnologija u suvremenim organizacijama, i poslovanje bi bilo nezamislivo bez takvog oblika jezi\u010dne tehnologije. Strojno prevo\u0111enje danas se smatra jednom od neizostavnih disruptivnih tehnologija koja uvelike doprinose [&hellip;]","og_url":"https:\/\/webknjizara.hr\/proizvod\/tehnologija-statistickog-strojnog-prevodenja-ivan-dunder\/","og_site_name":"Web-knji\u017eara","article_modified_time":"2023-02-24T23:13:32+00:00","og_image":[{"width":300,"height":419,"url":"https:\/\/webknjizara.hr\/wp-content\/uploads\/nc\/images\/virtuemart\/product\/Ivan_Dunder_Tehnologija_statistickog_strojnog_prevodenja_webknjizara_redak_WEB_1223.jpg","type":"image\/jpeg"}],"twitter_card":"summary_large_image","twitter_misc":{"Est. reading time":"3 minutes"},"schema":{"@context":"https:\/\/schema.org","@graph":[{"@type":"WebPage","@id":"https:\/\/webknjizara.hr\/proizvod\/tehnologija-statistickog-strojnog-prevodenja-ivan-dunder\/","url":"https:\/\/webknjizara.hr\/proizvod\/tehnologija-statistickog-strojnog-prevodenja-ivan-dunder\/","name":"TEHNOLOGIJA STATISTI\u010cKOG STROJNOG PREVO\u0110ENJA, Ivan Dun\u0111er - Web-knji\u017eara","isPartOf":{"@id":"https:\/\/webknjizara.hr\/#website"},"primaryImageOfPage":{"@id":"https:\/\/webknjizara.hr\/proizvod\/tehnologija-statistickog-strojnog-prevodenja-ivan-dunder\/#primaryimage"},"image":{"@id":"https:\/\/webknjizara.hr\/proizvod\/tehnologija-statistickog-strojnog-prevodenja-ivan-dunder\/#primaryimage"},"thumbnailUrl":"https:\/\/webknjizara.hr\/wp-content\/uploads\/nc\/images\/virtuemart\/product\/Ivan_Dunder_Tehnologija_statistickog_strojnog_prevodenja_webknjizara_redak_WEB_1223.jpg","datePublished":"2022-03-18T13:14:10+00:00","dateModified":"2023-02-24T23:13:32+00:00","breadcrumb":{"@id":"https:\/\/webknjizara.hr\/proizvod\/tehnologija-statistickog-strojnog-prevodenja-ivan-dunder\/#breadcrumb"},"inLanguage":"en-US","potentialAction":[{"@type":"ReadAction","target":["https:\/\/webknjizara.hr\/proizvod\/tehnologija-statistickog-strojnog-prevodenja-ivan-dunder\/"]}]},{"@type":"ImageObject","inLanguage":"en-US","@id":"https:\/\/webknjizara.hr\/proizvod\/tehnologija-statistickog-strojnog-prevodenja-ivan-dunder\/#primaryimage","url":"https:\/\/webknjizara.hr\/wp-content\/uploads\/nc\/images\/virtuemart\/product\/Ivan_Dunder_Tehnologija_statistickog_strojnog_prevodenja_webknjizara_redak_WEB_1223.jpg","contentUrl":"https:\/\/webknjizara.hr\/wp-content\/uploads\/nc\/images\/virtuemart\/product\/Ivan_Dunder_Tehnologija_statistickog_strojnog_prevodenja_webknjizara_redak_WEB_1223.jpg","width":300,"height":419,"caption":"TEHNOLOGIJA STATISTI\u010cKOG STROJNOG PREVO\u0110ENJA, Ivan Dun\u0111er"},{"@type":"BreadcrumbList","@id":"https:\/\/webknjizara.hr\/proizvod\/tehnologija-statistickog-strojnog-prevodenja-ivan-dunder\/#breadcrumb","itemListElement":[{"@type":"ListItem","position":1,"name":"Po\u010detna stranica","item":"https:\/\/webknjizara.hr\/en\/"},{"@type":"ListItem","position":2,"name":"Shop","item":"https:\/\/webknjizara.hr\/shop\/"},{"@type":"ListItem","position":3,"name":"TEHNOLOGIJA STATISTI\u010cKOG STROJNOG PREVO\u0110ENJA, Ivan Dun\u0111er"}]},{"@type":"WebSite","@id":"https:\/\/webknjizara.hr\/#website","url":"https:\/\/webknjizara.hr\/","name":"Web Knji\u017eara","description":"","publisher":{"@id":"https:\/\/webknjizara.hr\/#organization"},"potentialAction":[{"@type":"SearchAction","target":{"@type":"EntryPoint","urlTemplate":"https:\/\/webknjizara.hr\/?s={search_term_string}"},"query-input":{"@type":"PropertyValueSpecification","valueRequired":true,"valueName":"search_term_string"}}],"inLanguage":"en-US"},{"@type":"Organization","@id":"https:\/\/webknjizara.hr\/#organization","name":"REDAK D.O.O.","url":"https:\/\/webknjizara.hr\/","logo":{"@type":"ImageObject","inLanguage":"en-US","@id":"https:\/\/webknjizara.hr\/#\/schema\/logo\/image\/","url":"https:\/\/webknjizara.hr\/wp-content\/uploads\/2023\/01\/web-knjizara-logo.webp","contentUrl":"https:\/\/webknjizara.hr\/wp-content\/uploads\/2023\/01\/web-knjizara-logo.webp","width":324,"height":79,"caption":"REDAK D.O.O."},"image":{"@id":"https:\/\/webknjizara.hr\/#\/schema\/logo\/image\/"}}]}},"_links":{"self":[{"href":"https:\/\/webknjizara.hr\/en\/wp-json\/wp\/v2\/product\/9703","targetHints":{"allow":["GET"]}}],"collection":[{"href":"https:\/\/webknjizara.hr\/en\/wp-json\/wp\/v2\/product"}],"about":[{"href":"https:\/\/webknjizara.hr\/en\/wp-json\/wp\/v2\/types\/product"}],"replies":[{"embeddable":true,"href":"https:\/\/webknjizara.hr\/en\/wp-json\/wp\/v2\/comments?post=9703"}],"wp:featuredmedia":[{"embeddable":true,"href":"https:\/\/webknjizara.hr\/en\/wp-json\/wp\/v2\/media\/9704"}],"wp:attachment":[{"href":"https:\/\/webknjizara.hr\/en\/wp-json\/wp\/v2\/media?parent=9703"}],"wp:term":[{"taxonomy":"product_brand","embeddable":true,"href":"https:\/\/webknjizara.hr\/en\/wp-json\/wp\/v2\/product_brand?post=9703"},{"taxonomy":"product_cat","embeddable":true,"href":"https:\/\/webknjizara.hr\/en\/wp-json\/wp\/v2\/product_cat?post=9703"},{"taxonomy":"product_tag","embeddable":true,"href":"https:\/\/webknjizara.hr\/en\/wp-json\/wp\/v2\/product_tag?post=9703"}],"curies":[{"name":"wp","href":"https:\/\/api.w.org\/{rel}","templated":true}]}}