{"id":9701,"date":"2022-03-16T16:30:19","date_gmt":"2022-03-16T16:30:19","guid":{"rendered":"https:\/\/webknjizara.hr\/?product=vatra-u-kaminu-besjede-starog-fenjera-grupa-autora"},"modified":"2023-02-27T00:18:43","modified_gmt":"2023-02-26T23:18:43","slug":"vatra-u-kaminu-besjede-starog-fenjera-grupa-autora","status":"publish","type":"product","link":"https:\/\/webknjizara.hr\/en\/proizvod\/vatra-u-kaminu-besjede-starog-fenjera-grupa-autora\/","title":{"rendered":"VATRA U KAMINU: BESJEDE STAROG FENJERA, Grupa autora"},"content":{"rendered":"<p lang=\"hr-HR\"><span style=\"color: #00000a; font-size: 10pt;\"><span style=\"font-family: 'Liberation Serif', 'Times New Roman', serif;\"><span style=\"font-family: Arial, sans-serif;\"><b>Sa\u017eetak:<\/b><\/span><\/span><\/span><\/p>\n<p lang=\"hr-HR\"><span style=\"color: #00000a; font-size: 10pt;\"><span style=\"font-family: 'Liberation Serif', 'Times New Roman', serif;\"> <span style=\"font-family: 'Times New Roman', serif;\">\u010citateljica Ela Vla\u0161i\u0107<\/span>, napisala je nekoliko rije\u010di o knjizi: <\/span><\/span><\/p>\n<p lang=\"hr-HR\"><span style=\"color: #00000a; font-size: 10pt;\"><span style=\"font-family: 'Liberation Serif', 'Times New Roman', serif;\"><span style=\"font-family: 'Times New Roman', serif;\">Kada netko spomene rije\u010d vatra, to mo\u017ee zna\u010diti vi\u0161e stvari. Naj\u010de\u0161\u0107e ozna\u010dava ljubav, zajedni\u0161tvo ili pak toplinu obiteljskog doma. Deset jedinstvenih autora, deset pojedina\u010dnih plamenova, dalo je iskrice samih sebe u obliku pjesama koje, iako razli\u010dite s obzirom na njihove glasove, zajedni\u010dku to\u010dku pronalaze upravo u ljubavi. Ljubavi kao najja\u010doj sili kojoj se i sama vatra \u010desto pridodaje kao sinonim, zbog mo\u0107i koju ima nad nama smrtnicima. Ljubavi od koje sve po\u010dinje i u kojoj se sve zavr\u0161ava. Ljubavi zbog koje ova zbirka odi\u0161e posebnom toplinom u hladnim, zimskim danima. <\/span><\/span><\/span><\/p>\n<p lang=\"hr-HR\"><span style=\"color: #00000a; font-size: 10pt;\"><span style=\"font-family: 'Liberation Serif', 'Times New Roman', serif;\"><span style=\"font-family: 'Times New Roman', serif;\">Ova je knjiga idealna za \u010ditanje uz voljene osobe, \u0161alicu \u010daja ili tople \u010dokolade i, naravno \u2013 pored vatre u kaminu. Najtoplije preporuke.<\/span><\/span><\/span><\/p>\n<p lang=\"hr-HR\">\u00a0<\/p>\n<p lang=\"hr-HR\"><span style=\"color: #00000a; font-size: 10pt;\"><span style=\"font-family: 'Liberation Serif', 'Times New Roman', serif;\"><span style=\"font-family: Arial, sans-serif;\"><b>Bilje\u0161ka o autorima: <\/b><\/span><\/span><\/span><\/p>\n<p lang=\"hr-HR\"><span style=\"color: #00000a; font-size: 10pt;\"><span style=\"font-family: 'Liberation Serif', 'Times New Roman', serif;\"><span style=\"color: #000000;\"><span style=\"font-family: 'Times New Roman', serif;\">Pjesme su nastale u razdoblju od 25. listopada 2021. do 28.<\/span><\/span> <span style=\"color: #000000;\"><span style=\"font-family: 'Times New Roman', serif;\">prosinca 2021. godine, a autori su \u010dlanovi Facebook grupe Pisci i Knji\u017eevnost, PiK kutak \u2013 Knji\u017eevnost koja se \u010dita i pamti i Facebook stranice Pisci i Knji\u017eevnost \u2013 Writers and Literature. <\/span><\/span><\/span><\/span><\/p>\n<p lang=\"hr-HR\"><span style=\"color: #00000a; font-size: 10pt;\"><span style=\"font-family: 'Liberation Serif', 'Times New Roman', serif;\"><span style=\"color: #000000;\"><span style=\"font-family: 'Times New Roman', serif;\">Tvorci ovih pjesama pi\u0161u nam iz Hrvatske i Bosne i Hercegovine.<\/span><\/span><\/span><\/span><\/p>\n<p lang=\"hr-HR\"><span style=\"color: #000000; font-size: 10pt;\"><span style=\"font-family: Arial, sans-serif;\">Bernarda \u0106uri\u0107<br \/><\/span><\/span><span style=\"font-family: Arial, sans-serif; color: #000000; font-size: 10pt;\">Danijela Serdar<br \/><\/span><span style=\"color: #00000a; font-size: 10pt;\"><span style=\"font-family: 'Liberation Serif', 'Times New Roman', serif;\"><span style=\"color: #000000;\"><span style=\"font-family: Arial, sans-serif;\">Emira Kazi\u0107<br \/>Ibrahim Ibrahimovi\u0107<br \/>Jelena Urani\u0107<br \/>Nediba Bla\u017eevi\u0107<br \/>Vilma Kne\u017eevi\u0107<br \/>Cvija Peranovi\u0107<br \/>Dragana Latinovi\u0107<br \/>Kruno \u0160afrani\u0107<\/span><\/span><\/span><\/span><\/p>\n<p lang=\"hr-HR\"><span style=\"color: #00000a; font-size: 10pt;\"><span style=\"font-family: 'Liberation Serif', 'Times New Roman', serif;\"><span style=\"color: #1d2129;\"><span style=\"font-family: Arial, sans-serif;\">Ilustracija naslovnice<\/span><\/span><span style=\"color: #1d2129;\"><span style=\"font-family: Arial, sans-serif;\">: <\/span><\/span><span style=\"color: #1d2129;\"><span style=\"font-family: Helvetica, sans-serif;\">Megi Horak Orli\u0107<\/span><\/span><\/span><\/span><\/p>\n<p><span style=\"font-size: 10pt;\"><span style=\"font-family: Arial, sans-serif;\"><span lang=\"hr-HR\"><b>Klju\u010dne rije\u010di: <\/b><\/span><\/span><span style=\"color: #000000;\">Pisci i Knji\u017eevnost, Vatra u kaminu, Besjede starog fenjera, pjesme, poezija, autori<\/span><\/span><\/p>\n<p><span style=\"font-size: 10pt;\"><span style=\"font-family: Arial, sans-serif;\"><span lang=\"hr-HR\"><b>Link: <\/b><\/span><\/span><span style=\"color: #1d2129;\">Pisci i Knji\u017eevnost <\/span><\/span><\/p>\n<p><span style=\"color: #0000ff; font-size: 10pt;\"><u><a href=\"https:\/\/www.facebook.com\/groups\/245484055481932\/\">https:\/\/www.facebook.com\/groups\/245484055481932\/<\/a><\/u><\/span><\/p>\n<p><span style=\"color: #1d2129; font-size: 10pt;\">PiK kutak &#8211; knji\u017eevnost koja se \u010dita i pamti <\/span><\/p>\n<p><span style=\"color: #0000ff; font-size: 10pt;\"><u><a href=\"https:\/\/www.facebook.com\/groups\/1827073877599047\/\">https:\/\/www.facebook.com\/groups\/1827073877599047\/<\/a><\/u><\/span><\/p>\n<p><span style=\"color: #1d2129; font-size: 10pt;\">Pisci i Knji\u017eevnost &#8211; Writers and Literature<\/span><\/p>\n<p><span style=\"color: #0000ff; font-size: 10pt;\"><u><a href=\"https:\/\/www.facebook.com\/pisciknjizevnost.pik\/\">https:\/\/www.facebook.com\/pisciknjizevnost.pik\/<\/a><\/u><\/span><\/p>\n<p><span style=\"color: #1d2129; font-size: 10pt;\">Web stranica Pisci i Knji\u017eevnost <\/span><\/p>\n<p><span style=\"color: #0000ff; font-size: 10pt;\"><u><a href=\"https:\/\/bit.ly\/2VxBWKu\">https:\/\/bit.ly\/2VxBWKu<\/a><\/u><\/span><\/p>\n<p><span style=\"color: #1d2129; font-size: 10pt;\">Instagram profil <\/span><\/p>\n<p><span style=\"color: #0000ff; font-size: 10pt;\"><u><a href=\"https:\/\/www.instagram.com\/let_s_read_croatian_authors\/\">https:\/\/www.instagram.com\/let_s_read_croatian_authors\/<\/a><\/u><\/span><\/p>\n<p><span style=\"font-size: 10pt;\"><span style=\"font-family: Arial, sans-serif;\"><span lang=\"hr-HR\"><b>E-mail:<\/b><\/span><\/span><span style=\"color: #1d2129;\"><span style=\"font-family: Helvetica, sans-serif;\">\u00a0<a href=\"mailto:knjigamojprijatelj@outlook.com\" target=\"_blank\" rel=\"noopener noreferrer\">Kontakt<\/a> <\/span><\/span><\/span><\/p>\n<p lang=\"hr-HR\">\u00a0<\/p>\n<p><span style=\"font-size: 10pt;\"><strong><span style=\"font-family: Arial, sans-serif;\">Naslov: <\/span><\/strong><strong><span style=\"font-family: Arial, sans-serif;\">Vatra u kaminu: Besjede starog fenjera<\/span><\/strong><span style=\"font-family: Arial, sans-serif;\"><br \/><\/span><strong><span style=\"font-family: Arial, sans-serif;\">Autori:<\/span><\/strong><span style=\"font-family: Arial, sans-serif;\"> Pisci i knji\u017eevnost &#8211; grupa autora<br \/><\/span><strong><span style=\"font-family: Arial, sans-serif;\">Broj stranica: <\/span><\/strong><span style=\"font-family: Arial, sans-serif;\"><span lang=\"\">268<\/span><\/span><span style=\"font-family: Arial, sans-serif;\"><br \/><\/span><strong><span style=\"font-family: Arial, sans-serif;\">Nakladnik: <\/span><\/strong><strong><span style=\"font-family: Arial, sans-serif;\">REDAK<\/span><\/strong><span style=\"font-family: Arial, sans-serif;\"><br \/><\/span><strong><span style=\"font-family: Arial, sans-serif;\">Godina izdanja: <\/span><\/strong><strong><span style=\"font-family: Arial, sans-serif;\">2022.<br \/><\/span><\/strong><strong><span style=\"font-family: Arial, sans-serif;\">ISBN:<\/span><\/strong><span style=\"font-family: Arial, sans-serif;\"> 978-953-336-822-1<br \/><\/span><strong><span style=\"font-family: Arial, sans-serif;\">Tisak:<\/span><\/strong><span style=\"font-family: Arial, sans-serif;\"> digitalni tisak knjiga &#8211; print na zahtjev<\/span><\/span><\/p>\n<p style=\"text-align: justify;\">\u00a0<\/p>\n<p style=\"text-align: justify;\"><strong>Kako naru\u010diti knjigu?\u00a0<\/strong>Proces online kupovine jednako funkcionira za sve kupce, s jedinom razlikom u tome \u0161to \u0161to kupci iz inozemstva za podru\u010dje dostave moraju odabrati &#8220;Europa&#8221; ili &#8220;Ostale zemlje svijeta&#8221;, a za vrstu pla\u0107anja WSPay (kreditna kartica) ili Virmanom (bankovni transfer).<\/p>\n<p style=\"text-align: justify;\">Molimo kliknite ovdje za\u00a0<a href=\"hr\/kako-kupovati\">detaljni vodi\u010d kroz proces narud\u017ebe<\/a>\u00a0ili nas\u00a0<a href=\"hr\/kontakt\">kontaktirajte<\/a>\u00a0za vi\u0161e informacija.<\/p>\n","protected":false},"excerpt":{"rendered":"<p>Sa\u017eetak: \u010citateljica Ela Vla\u0161i\u0107, napisala je nekoliko rije\u010di o knjizi: Kada netko spomene rije\u010d vatra, to mo\u017ee zna\u010diti vi\u0161e stvari. Naj\u010de\u0161\u0107e ozna\u010dava ljubav, zajedni\u0161tvo ili pak toplinu obiteljskog doma. Deset jedinstvenih autora, deset pojedina\u010dnih plamenova, dalo je iskrice samih sebe u obliku pjesama koje, iako razli\u010dite s obzirom na njihove glasove, zajedni\u010dku to\u010dku pronalaze upravo [&hellip;]<\/p>\n","protected":false},"featured_media":9702,"comment_status":"open","ping_status":"closed","template":"","meta":{"_acf_changed":false},"product_brand":[],"product_cat":[1383,1385],"product_tag":[],"class_list":{"0":"post-9701","1":"product","2":"type-product","3":"status-publish","4":"has-post-thumbnail","6":"product_cat-knjige","7":"product_cat-knjizevnost","8":"pa_autor-grupa-autora","9":"pa_autor-josip-milat","10":"pa_autor-zoran-basic","11":"pa_nakladnik-redak","13":"first","14":"instock","15":"shipping-taxable","16":"purchasable","17":"product-type-simple"},"acf":[],"yoast_head":"<!-- This site is optimized with the Yoast SEO plugin v27.3 - https:\/\/yoast.com\/product\/yoast-seo-wordpress\/ -->\n<title>VATRA U KAMINU: BESJEDE STAROG FENJERA, Grupa autora - Web-knji\u017eara<\/title>\n<meta name=\"robots\" content=\"index, follow, max-snippet:-1, max-image-preview:large, max-video-preview:-1\" \/>\n<link rel=\"canonical\" href=\"https:\/\/webknjizara.hr\/proizvod\/vatra-u-kaminu-besjede-starog-fenjera-grupa-autora\/\" \/>\n<meta property=\"og:locale\" content=\"en_US\" \/>\n<meta property=\"og:type\" content=\"article\" \/>\n<meta property=\"og:title\" content=\"VATRA U KAMINU: BESJEDE STAROG FENJERA, Grupa autora - Web-knji\u017eara\" \/>\n<meta property=\"og:description\" content=\"Sa\u017eetak: \u010citateljica Ela Vla\u0161i\u0107, napisala je nekoliko rije\u010di o knjizi: Kada netko spomene rije\u010d vatra, to mo\u017ee zna\u010diti vi\u0161e stvari. Naj\u010de\u0161\u0107e ozna\u010dava ljubav, zajedni\u0161tvo ili pak toplinu obiteljskog doma. Deset jedinstvenih autora, deset pojedina\u010dnih plamenova, dalo je iskrice samih sebe u obliku pjesama koje, iako razli\u010dite s obzirom na njihove glasove, zajedni\u010dku to\u010dku pronalaze upravo [&hellip;]\" \/>\n<meta property=\"og:url\" content=\"https:\/\/webknjizara.hr\/proizvod\/vatra-u-kaminu-besjede-starog-fenjera-grupa-autora\/\" \/>\n<meta property=\"og:site_name\" content=\"Web-knji\u017eara\" \/>\n<meta property=\"article:modified_time\" content=\"2023-02-26T23:18:43+00:00\" \/>\n<meta property=\"og:image\" content=\"https:\/\/webknjizara.hr\/wp-content\/uploads\/nc\/images\/virtuemart\/product\/Pisci_i_knjizevnost_-_grupa_autora_Vatra_u_kaminu_Besjede_starog_fenjera_webknjizara_redak_WEB_1276.jpg\" \/>\n\t<meta property=\"og:image:width\" content=\"300\" \/>\n\t<meta property=\"og:image:height\" content=\"419\" \/>\n\t<meta property=\"og:image:type\" content=\"image\/jpeg\" \/>\n<meta name=\"twitter:card\" content=\"summary_large_image\" \/>\n<meta name=\"twitter:label1\" content=\"Est. reading time\" \/>\n\t<meta name=\"twitter:data1\" content=\"2 minutes\" \/>\n<script type=\"application\/ld+json\" class=\"yoast-schema-graph\">{\"@context\":\"https:\\\/\\\/schema.org\",\"@graph\":[{\"@type\":\"WebPage\",\"@id\":\"https:\\\/\\\/webknjizara.hr\\\/proizvod\\\/vatra-u-kaminu-besjede-starog-fenjera-grupa-autora\\\/\",\"url\":\"https:\\\/\\\/webknjizara.hr\\\/proizvod\\\/vatra-u-kaminu-besjede-starog-fenjera-grupa-autora\\\/\",\"name\":\"VATRA U KAMINU: BESJEDE STAROG FENJERA, Grupa autora - Web-knji\u017eara\",\"isPartOf\":{\"@id\":\"https:\\\/\\\/webknjizara.hr\\\/#website\"},\"primaryImageOfPage\":{\"@id\":\"https:\\\/\\\/webknjizara.hr\\\/proizvod\\\/vatra-u-kaminu-besjede-starog-fenjera-grupa-autora\\\/#primaryimage\"},\"image\":{\"@id\":\"https:\\\/\\\/webknjizara.hr\\\/proizvod\\\/vatra-u-kaminu-besjede-starog-fenjera-grupa-autora\\\/#primaryimage\"},\"thumbnailUrl\":\"https:\\\/\\\/webknjizara.hr\\\/wp-content\\\/uploads\\\/nc\\\/images\\\/virtuemart\\\/product\\\/Pisci_i_knjizevnost_-_grupa_autora_Vatra_u_kaminu_Besjede_starog_fenjera_webknjizara_redak_WEB_1276.jpg\",\"datePublished\":\"2022-03-16T16:30:19+00:00\",\"dateModified\":\"2023-02-26T23:18:43+00:00\",\"breadcrumb\":{\"@id\":\"https:\\\/\\\/webknjizara.hr\\\/proizvod\\\/vatra-u-kaminu-besjede-starog-fenjera-grupa-autora\\\/#breadcrumb\"},\"inLanguage\":\"en-US\",\"potentialAction\":[{\"@type\":\"ReadAction\",\"target\":[\"https:\\\/\\\/webknjizara.hr\\\/proizvod\\\/vatra-u-kaminu-besjede-starog-fenjera-grupa-autora\\\/\"]}]},{\"@type\":\"ImageObject\",\"inLanguage\":\"en-US\",\"@id\":\"https:\\\/\\\/webknjizara.hr\\\/proizvod\\\/vatra-u-kaminu-besjede-starog-fenjera-grupa-autora\\\/#primaryimage\",\"url\":\"https:\\\/\\\/webknjizara.hr\\\/wp-content\\\/uploads\\\/nc\\\/images\\\/virtuemart\\\/product\\\/Pisci_i_knjizevnost_-_grupa_autora_Vatra_u_kaminu_Besjede_starog_fenjera_webknjizara_redak_WEB_1276.jpg\",\"contentUrl\":\"https:\\\/\\\/webknjizara.hr\\\/wp-content\\\/uploads\\\/nc\\\/images\\\/virtuemart\\\/product\\\/Pisci_i_knjizevnost_-_grupa_autora_Vatra_u_kaminu_Besjede_starog_fenjera_webknjizara_redak_WEB_1276.jpg\",\"width\":300,\"height\":419,\"caption\":\"VATRA U KAMINU: BESJEDE STAROG FENJERA, Grupa autora\"},{\"@type\":\"BreadcrumbList\",\"@id\":\"https:\\\/\\\/webknjizara.hr\\\/proizvod\\\/vatra-u-kaminu-besjede-starog-fenjera-grupa-autora\\\/#breadcrumb\",\"itemListElement\":[{\"@type\":\"ListItem\",\"position\":1,\"name\":\"Po\u010detna stranica\",\"item\":\"https:\\\/\\\/webknjizara.hr\\\/en\\\/\"},{\"@type\":\"ListItem\",\"position\":2,\"name\":\"Shop\",\"item\":\"https:\\\/\\\/webknjizara.hr\\\/shop\\\/\"},{\"@type\":\"ListItem\",\"position\":3,\"name\":\"VATRA U KAMINU: BESJEDE STAROG FENJERA, Grupa autora\"}]},{\"@type\":\"WebSite\",\"@id\":\"https:\\\/\\\/webknjizara.hr\\\/#website\",\"url\":\"https:\\\/\\\/webknjizara.hr\\\/\",\"name\":\"Web Knji\u017eara\",\"description\":\"\",\"publisher\":{\"@id\":\"https:\\\/\\\/webknjizara.hr\\\/#organization\"},\"potentialAction\":[{\"@type\":\"SearchAction\",\"target\":{\"@type\":\"EntryPoint\",\"urlTemplate\":\"https:\\\/\\\/webknjizara.hr\\\/?s={search_term_string}\"},\"query-input\":{\"@type\":\"PropertyValueSpecification\",\"valueRequired\":true,\"valueName\":\"search_term_string\"}}],\"inLanguage\":\"en-US\"},{\"@type\":\"Organization\",\"@id\":\"https:\\\/\\\/webknjizara.hr\\\/#organization\",\"name\":\"REDAK D.O.O.\",\"url\":\"https:\\\/\\\/webknjizara.hr\\\/\",\"logo\":{\"@type\":\"ImageObject\",\"inLanguage\":\"en-US\",\"@id\":\"https:\\\/\\\/webknjizara.hr\\\/#\\\/schema\\\/logo\\\/image\\\/\",\"url\":\"https:\\\/\\\/webknjizara.hr\\\/wp-content\\\/uploads\\\/2023\\\/01\\\/web-knjizara-logo.webp\",\"contentUrl\":\"https:\\\/\\\/webknjizara.hr\\\/wp-content\\\/uploads\\\/2023\\\/01\\\/web-knjizara-logo.webp\",\"width\":324,\"height\":79,\"caption\":\"REDAK D.O.O.\"},\"image\":{\"@id\":\"https:\\\/\\\/webknjizara.hr\\\/#\\\/schema\\\/logo\\\/image\\\/\"}}]}<\/script>\n<!-- \/ Yoast SEO plugin. -->","yoast_head_json":{"title":"VATRA U KAMINU: BESJEDE STAROG FENJERA, Grupa autora - Web-knji\u017eara","robots":{"index":"index","follow":"follow","max-snippet":"max-snippet:-1","max-image-preview":"max-image-preview:large","max-video-preview":"max-video-preview:-1"},"canonical":"https:\/\/webknjizara.hr\/proizvod\/vatra-u-kaminu-besjede-starog-fenjera-grupa-autora\/","og_locale":"en_US","og_type":"article","og_title":"VATRA U KAMINU: BESJEDE STAROG FENJERA, Grupa autora - Web-knji\u017eara","og_description":"Sa\u017eetak: \u010citateljica Ela Vla\u0161i\u0107, napisala je nekoliko rije\u010di o knjizi: Kada netko spomene rije\u010d vatra, to mo\u017ee zna\u010diti vi\u0161e stvari. Naj\u010de\u0161\u0107e ozna\u010dava ljubav, zajedni\u0161tvo ili pak toplinu obiteljskog doma. Deset jedinstvenih autora, deset pojedina\u010dnih plamenova, dalo je iskrice samih sebe u obliku pjesama koje, iako razli\u010dite s obzirom na njihove glasove, zajedni\u010dku to\u010dku pronalaze upravo [&hellip;]","og_url":"https:\/\/webknjizara.hr\/proizvod\/vatra-u-kaminu-besjede-starog-fenjera-grupa-autora\/","og_site_name":"Web-knji\u017eara","article_modified_time":"2023-02-26T23:18:43+00:00","og_image":[{"width":300,"height":419,"url":"https:\/\/webknjizara.hr\/wp-content\/uploads\/nc\/images\/virtuemart\/product\/Pisci_i_knjizevnost_-_grupa_autora_Vatra_u_kaminu_Besjede_starog_fenjera_webknjizara_redak_WEB_1276.jpg","type":"image\/jpeg"}],"twitter_card":"summary_large_image","twitter_misc":{"Est. reading time":"2 minutes"},"schema":{"@context":"https:\/\/schema.org","@graph":[{"@type":"WebPage","@id":"https:\/\/webknjizara.hr\/proizvod\/vatra-u-kaminu-besjede-starog-fenjera-grupa-autora\/","url":"https:\/\/webknjizara.hr\/proizvod\/vatra-u-kaminu-besjede-starog-fenjera-grupa-autora\/","name":"VATRA U KAMINU: BESJEDE STAROG FENJERA, Grupa autora - Web-knji\u017eara","isPartOf":{"@id":"https:\/\/webknjizara.hr\/#website"},"primaryImageOfPage":{"@id":"https:\/\/webknjizara.hr\/proizvod\/vatra-u-kaminu-besjede-starog-fenjera-grupa-autora\/#primaryimage"},"image":{"@id":"https:\/\/webknjizara.hr\/proizvod\/vatra-u-kaminu-besjede-starog-fenjera-grupa-autora\/#primaryimage"},"thumbnailUrl":"https:\/\/webknjizara.hr\/wp-content\/uploads\/nc\/images\/virtuemart\/product\/Pisci_i_knjizevnost_-_grupa_autora_Vatra_u_kaminu_Besjede_starog_fenjera_webknjizara_redak_WEB_1276.jpg","datePublished":"2022-03-16T16:30:19+00:00","dateModified":"2023-02-26T23:18:43+00:00","breadcrumb":{"@id":"https:\/\/webknjizara.hr\/proizvod\/vatra-u-kaminu-besjede-starog-fenjera-grupa-autora\/#breadcrumb"},"inLanguage":"en-US","potentialAction":[{"@type":"ReadAction","target":["https:\/\/webknjizara.hr\/proizvod\/vatra-u-kaminu-besjede-starog-fenjera-grupa-autora\/"]}]},{"@type":"ImageObject","inLanguage":"en-US","@id":"https:\/\/webknjizara.hr\/proizvod\/vatra-u-kaminu-besjede-starog-fenjera-grupa-autora\/#primaryimage","url":"https:\/\/webknjizara.hr\/wp-content\/uploads\/nc\/images\/virtuemart\/product\/Pisci_i_knjizevnost_-_grupa_autora_Vatra_u_kaminu_Besjede_starog_fenjera_webknjizara_redak_WEB_1276.jpg","contentUrl":"https:\/\/webknjizara.hr\/wp-content\/uploads\/nc\/images\/virtuemart\/product\/Pisci_i_knjizevnost_-_grupa_autora_Vatra_u_kaminu_Besjede_starog_fenjera_webknjizara_redak_WEB_1276.jpg","width":300,"height":419,"caption":"VATRA U KAMINU: BESJEDE STAROG FENJERA, Grupa autora"},{"@type":"BreadcrumbList","@id":"https:\/\/webknjizara.hr\/proizvod\/vatra-u-kaminu-besjede-starog-fenjera-grupa-autora\/#breadcrumb","itemListElement":[{"@type":"ListItem","position":1,"name":"Po\u010detna stranica","item":"https:\/\/webknjizara.hr\/en\/"},{"@type":"ListItem","position":2,"name":"Shop","item":"https:\/\/webknjizara.hr\/shop\/"},{"@type":"ListItem","position":3,"name":"VATRA U KAMINU: BESJEDE STAROG FENJERA, Grupa autora"}]},{"@type":"WebSite","@id":"https:\/\/webknjizara.hr\/#website","url":"https:\/\/webknjizara.hr\/","name":"Web Knji\u017eara","description":"","publisher":{"@id":"https:\/\/webknjizara.hr\/#organization"},"potentialAction":[{"@type":"SearchAction","target":{"@type":"EntryPoint","urlTemplate":"https:\/\/webknjizara.hr\/?s={search_term_string}"},"query-input":{"@type":"PropertyValueSpecification","valueRequired":true,"valueName":"search_term_string"}}],"inLanguage":"en-US"},{"@type":"Organization","@id":"https:\/\/webknjizara.hr\/#organization","name":"REDAK D.O.O.","url":"https:\/\/webknjizara.hr\/","logo":{"@type":"ImageObject","inLanguage":"en-US","@id":"https:\/\/webknjizara.hr\/#\/schema\/logo\/image\/","url":"https:\/\/webknjizara.hr\/wp-content\/uploads\/2023\/01\/web-knjizara-logo.webp","contentUrl":"https:\/\/webknjizara.hr\/wp-content\/uploads\/2023\/01\/web-knjizara-logo.webp","width":324,"height":79,"caption":"REDAK D.O.O."},"image":{"@id":"https:\/\/webknjizara.hr\/#\/schema\/logo\/image\/"}}]}},"_links":{"self":[{"href":"https:\/\/webknjizara.hr\/en\/wp-json\/wp\/v2\/product\/9701","targetHints":{"allow":["GET"]}}],"collection":[{"href":"https:\/\/webknjizara.hr\/en\/wp-json\/wp\/v2\/product"}],"about":[{"href":"https:\/\/webknjizara.hr\/en\/wp-json\/wp\/v2\/types\/product"}],"replies":[{"embeddable":true,"href":"https:\/\/webknjizara.hr\/en\/wp-json\/wp\/v2\/comments?post=9701"}],"wp:featuredmedia":[{"embeddable":true,"href":"https:\/\/webknjizara.hr\/en\/wp-json\/wp\/v2\/media\/9702"}],"wp:attachment":[{"href":"https:\/\/webknjizara.hr\/en\/wp-json\/wp\/v2\/media?parent=9701"}],"wp:term":[{"taxonomy":"product_brand","embeddable":true,"href":"https:\/\/webknjizara.hr\/en\/wp-json\/wp\/v2\/product_brand?post=9701"},{"taxonomy":"product_cat","embeddable":true,"href":"https:\/\/webknjizara.hr\/en\/wp-json\/wp\/v2\/product_cat?post=9701"},{"taxonomy":"product_tag","embeddable":true,"href":"https:\/\/webknjizara.hr\/en\/wp-json\/wp\/v2\/product_tag?post=9701"}],"curies":[{"name":"wp","href":"https:\/\/api.w.org\/{rel}","templated":true}]}}