{"id":9675,"date":"2022-02-15T14:37:53","date_gmt":"2022-02-15T14:37:53","guid":{"rendered":"https:\/\/webknjizara.hr\/?product=fleksja-podczas-kwarantanny-ivana-vidovic-bolt-miroslav-hrdlicka"},"modified":"2023-02-27T00:18:42","modified_gmt":"2023-02-26T23:18:42","slug":"fleksja-podczas-kwarantanny-ivana-vidovic-bolt-miroslav-hrdlicka","status":"publish","type":"product","link":"https:\/\/webknjizara.hr\/en\/proizvod\/fleksja-podczas-kwarantanny-ivana-vidovic-bolt-miroslav-hrdlicka\/","title":{"rendered":"FLEKSJA PODCZAS KWARANTANNY, Ivana Vidovi\u0107 Bolt, Miroslav Hrdli\u010dka"},"content":{"rendered":"<p><span style=\"font-family: Arial, sans-serif;\"><span lang=\"hr-HR\"><b>Sa\u017eetak:<\/b><\/span><\/span><\/p>\n<p><span style=\"color: #000000;\">Knjiga <\/span><span style=\"color: #000000;\"><i>Fleksja podczas kwarantanny<\/i><\/span><span style=\"color: #000000;\"> sadr\u017eava zadatke s vje\u017ebama iz fleksije poljskoga jezika. Vje\u017ebe su prilago\u0111ene po\u010detnoj razini u\u010denja, ali uvr\u0161tene su i one koje zahtijevaju naprednije poznavanje jezika. U knjizi se nalaze i rje\u0161enja svih zadataka \u0161to olak\u0161ava provjeru nau\u010denog. Osim zadataka i rje\u0161enja, uvr\u0161teni su i tekstovi koji omogu\u0107uju dodatni rad na u\u010denju i pou\u010davanju poljskoga jezika. <\/span><\/p>\n<p>\u00a0<\/p>\n<p align=\"JUSTIFY\"><span style=\"font-family: Arial, sans-serif;\"><span lang=\"hr-HR\"><b>Bilje\u0161ka o autorima: <\/b><\/span><\/span><\/p>\n<p align=\"JUSTIFY\">Dr. sc. Ivana Vidovi\u0107 Bolt (1973) redovita je profesorica na Katedri za poljski jezik i knji\u017eevnost Odsjeku za zapadnoslavenske jezike i knji\u017eevnosti Filozofskoga fakulteta Sveu\u010dili\u0161ta u Zagrebu. Bavi se frazeologijom, frazeografijom, leksikologijom i inojezi\u010dnim poljskim i hrvatskim te poljskom gramatikom. Osim osamdesetak znanstvenih i stru\u010dnih radova objavila je sveu\u010dili\u0161ni ud\u017ebenik <i>fleksija.pl \/ Promjenjive vrste rije\u010di u poljskom jeziku<\/i>, znanstvenu knjigu <i>\u017divotinjski svijet u hrvatskoj i poljskoj frazeologiji<\/i> <i>I. <\/i>te u suautorstvu <i>Rje\u010dnik hrvatskih animalisti\u010dkih frazema<\/i> za koji je dobila Godi\u0161nju nagradu Filozofskog fakulteta. (Su)urednica je vi\u0161e zbornika radova i tematskih brojeva razli\u010ditih publikacija i \u010dasopisa. Prevela je i nekoliko knjiga s poljskog te zajedno s Dariuszem Nowackim priredila Antologiju poljske kratke price Orkestru iza le\u0111a. Izvodi nastavu na preddiplomskoj i diplomskoj razini te na <span style=\"color: #000000;\">poslijediplomskim <\/span>doktorskim studijima, a predavala je i na vi\u0161e sveu\u010dili\u0161ta u Poljskoj te u Australiji. <span style=\"color: #000000;\">Pod njezinim su mentorstvom obranjene dvije doktorske disertacije. Bila je suradnica vi\u0161e projekata MZOS-a, razli\u010ditih me\u0111unarodnih frazeolo\u0161kih projekata i projekta HRZZ-a <\/span><span style=\"color: #000000;\"><i>Komparativnoslavisti\u010dke<\/i><\/span> <span style=\"color: #000000;\"><i>lingvokulturalne teme<\/i><\/span><span style=\"color: #000000;\"> te kontinuirano voditeljica institucionalnih projekata. Bila je predsjednica Hrvatskoga filolo\u0161koga dru\u0161tva (2011 \u2013 2014). Predstojnica je Katedre za poljski jezik i knji\u017eevnost.<\/span> (<span style=\"color: #0000ff;\"><u><a href=\"mailto:ividovic@ffzg.hr\">ividovic@ffzg.hr<\/a><\/u><\/span>)<\/p>\n<p align=\"JUSTIFY\"><span style=\"color: #000000;\">Dr. sc. Miroslav Hrdli\u010dka (1984) poslijedoktorand je na Katedri za poljski jezik i knji\u017eevnost Odsjeka za zapadnoslavenske jezike i knji\u017eevnosti na Filozofskom fakultetu Sveu\u010dili\u0161ta u Zagrebu. Na istom je fakultetu diplomirao poljski jezik i knji\u017eevnost i filozofiju te doktorirao na Poslijediplomskom doktorskom studiju lingvistike s temom Kategorija povratnosti u hrvatskom i poljskom jeziku. Na studiju poljskog jezika i knji\u017eevnosti izvodi nastavu iz jezikoslovnih kolegija. <\/span><\/p>\n<p align=\"JUSTIFY\"><span style=\"color: #000000;\">Izlagao je na znanstvenim skupovima u Hrvatskoj i inozemstvu te se u svojim znanstvenim radovima bavi kontrastivnim poljsko-hrvatskim filolo\u0161kim temama. Bio je suradnik na projektu HRZZ-a Komparativnoslavisti\u010dke lingvokulturalne teme voditeljice prof. dr. sc. Nede Pintari\u0107, kao i na institucijskim projektima voditeljice prof. dr. sc. Ivane Vidovi\u0107 Bolt usmjerenima na leksikografska i frazeolo\u0161ka istra\u017eivanja.<\/span><\/p>\n<p align=\"JUSTIFY\"><span style=\"color: #000000;\">Stru\u010dno se usavr\u0161avao u Poljskoj na kra\u0107im i du\u017eim istra\u017eiva\u010dkim boravcima. (<\/span><span style=\"color: #0000ff;\"><u><a href=\"mailto:mhrdlick@ffzg.hr\">mhrdlick@ffzg.hr<\/a><\/u><\/span><span style=\"color: #000000;\">) <\/span><\/p>\n<p lang=\"hr-HR\"><span style=\"font-family: Arial, sans-serif;\"><span lang=\"hr-HR\"><b>Klju\u010dne rije\u010di: <\/b><\/span><\/span><span style=\"color: #000000;\">poljski jezik, poljska gramatika, fleksija, vrste rije\u010di<\/span><\/p>\n<p><span style=\"font-family: Arial, sans-serif;\"><span lang=\"hr-HR\"><b>Link: <\/b><\/span><\/span><\/p>\n<p><span style=\"font-family: Arial, sans-serif;\"><span lang=\"hr-HR\"><b>E-mail: <\/b><\/span><\/span><span style=\"color: #000000;\"> <a href=\"mailto:ivbolt@gmail.com\" target=\"_blank\" rel=\"noopener noreferrer\">Ivana Vidovi\u0107 Bolt<\/a><\/span><\/p>\n<p lang=\"hr-HR\">\u00a0<\/p>\n<p><strong><span style=\"font-family: Arial, sans-serif;\">Naslov: <\/span><\/strong><strong><span style=\"font-family: Arial, sans-serif;\">Fleksja podczas kwarantanny<\/span><\/strong><span style=\"font-family: Arial, sans-serif;\"><br \/><\/span><strong><span style=\"font-family: Arial, sans-serif;\">Autori:<\/span><\/strong><span style=\"font-family: Arial, sans-serif;\"> Ivana Vidovi\u0107 Bolt, Miroslav Hrdli\u010dka<br \/><\/span><strong><span style=\"font-family: Arial, sans-serif;\">Broj stranica: <\/span><\/strong><span style=\"font-family: Arial, sans-serif;\"><span lang=\"\">264<\/span><\/span><span style=\"font-family: Arial, sans-serif;\"><br \/><\/span><strong><span style=\"font-family: Arial, sans-serif;\">Nakladnik: <\/span><\/strong><strong><span style=\"font-family: Arial, sans-serif;\">REDAK<\/span><\/strong><span style=\"font-family: Arial, sans-serif;\"><br \/><\/span><strong><span style=\"font-family: Arial, sans-serif;\">Godina izdanja: <\/span><\/strong><strong><span style=\"font-family: Arial, sans-serif;\">2022.<br \/><\/span><\/strong><strong><span style=\"font-family: Arial, sans-serif;\">ISBN:<\/span><\/strong><span style=\"font-family: Arial, sans-serif;\"> 978-953-336-801-6<br \/><\/span><strong><span style=\"font-family: Arial, sans-serif;\">Tisak:<\/span><\/strong><span style=\"font-family: Arial, sans-serif;\"> digitalni tisak knjiga &#8211; print na zahtjev<\/span><\/p>\n<p style=\"text-align: justify;\">\u00a0<\/p>\n<p style=\"text-align: justify;\"><strong>Kako naru\u010diti knjigu?\u00a0<\/strong>Proces online kupovine jednako funkcionira za sve kupce, s jedinom razlikom u tome \u0161to \u0161to kupci iz inozemstva za podru\u010dje dostave moraju odabrati &#8220;Europa&#8221; ili &#8220;Ostale zemlje svijeta&#8221;, a za vrstu pla\u0107anja WSPay (kreditna kartica) ili Virmanom (bankovni transfer).<\/p>\n<p style=\"text-align: justify;\">Molimo kliknite ovdje za\u00a0<a href=\"hr\/kako-kupovati\">detaljni vodi\u010d kroz proces narud\u017ebe<\/a>\u00a0ili nas\u00a0<a href=\"hr\/kontakt\">kontaktirajte<\/a>\u00a0za vi\u0161e informacija.<\/p>\n<p style=\"text-align: justify;\">\u00a0<\/p>\n","protected":false},"excerpt":{"rendered":"<p>Sa\u017eetak: Knjiga Fleksja podczas kwarantanny sadr\u017eava zadatke s vje\u017ebama iz fleksije poljskoga jezika. Vje\u017ebe su prilago\u0111ene po\u010detnoj razini u\u010denja, ali uvr\u0161tene su i one koje zahtijevaju naprednije poznavanje jezika. U knjizi se nalaze i rje\u0161enja svih zadataka \u0161to olak\u0161ava provjeru nau\u010denog. Osim zadataka i rje\u0161enja, uvr\u0161teni su i tekstovi koji omogu\u0107uju dodatni rad na u\u010denju [&hellip;]<\/p>\n","protected":false},"featured_media":9676,"comment_status":"open","ping_status":"closed","template":"","meta":{"_acf_changed":false},"product_brand":[],"product_cat":[1517],"product_tag":[],"class_list":{"0":"post-9675","1":"product","2":"type-product","3":"status-publish","4":"has-post-thumbnail","6":"product_cat-strucna-literatura","7":"pa_autor-ivana-vidovic-bolt","8":"pa_autor-miroslav-hrdlicka","9":"pa_nakladnik-redak","11":"first","12":"instock","13":"shipping-taxable","14":"purchasable","15":"product-type-simple"},"acf":[],"yoast_head":"<!-- This site is optimized with the Yoast SEO plugin v27.3 - https:\/\/yoast.com\/product\/yoast-seo-wordpress\/ -->\n<title>FLEKSJA PODCZAS KWARANTANNY, Ivana Vidovi\u0107 Bolt, Miroslav Hrdli\u010dka - Web-knji\u017eara<\/title>\n<meta name=\"robots\" content=\"index, follow, max-snippet:-1, max-image-preview:large, max-video-preview:-1\" \/>\n<link rel=\"canonical\" href=\"https:\/\/webknjizara.hr\/proizvod\/fleksja-podczas-kwarantanny-ivana-vidovic-bolt-miroslav-hrdlicka\/\" \/>\n<meta property=\"og:locale\" content=\"en_US\" \/>\n<meta property=\"og:type\" content=\"article\" \/>\n<meta property=\"og:title\" content=\"FLEKSJA PODCZAS KWARANTANNY, Ivana Vidovi\u0107 Bolt, Miroslav Hrdli\u010dka - Web-knji\u017eara\" \/>\n<meta property=\"og:description\" content=\"Sa\u017eetak: Knjiga Fleksja podczas kwarantanny sadr\u017eava zadatke s vje\u017ebama iz fleksije poljskoga jezika. Vje\u017ebe su prilago\u0111ene po\u010detnoj razini u\u010denja, ali uvr\u0161tene su i one koje zahtijevaju naprednije poznavanje jezika. U knjizi se nalaze i rje\u0161enja svih zadataka \u0161to olak\u0161ava provjeru nau\u010denog. Osim zadataka i rje\u0161enja, uvr\u0161teni su i tekstovi koji omogu\u0107uju dodatni rad na u\u010denju [&hellip;]\" \/>\n<meta property=\"og:url\" content=\"https:\/\/webknjizara.hr\/proizvod\/fleksja-podczas-kwarantanny-ivana-vidovic-bolt-miroslav-hrdlicka\/\" \/>\n<meta property=\"og:site_name\" content=\"Web-knji\u017eara\" \/>\n<meta property=\"article:modified_time\" content=\"2023-02-26T23:18:42+00:00\" \/>\n<meta property=\"og:image\" content=\"https:\/\/webknjizara.hr\/wp-content\/uploads\/nc\/images\/virtuemart\/product\/Ivana_Vidovic_Bolt_Miroslav_Hrdlicka_Fleksja_podczas_kwarantanny_webknjizara_redak_WEB_1263.jpg\" \/>\n\t<meta property=\"og:image:width\" content=\"300\" \/>\n\t<meta property=\"og:image:height\" content=\"419\" \/>\n\t<meta property=\"og:image:type\" content=\"image\/jpeg\" \/>\n<meta name=\"twitter:card\" content=\"summary_large_image\" \/>\n<meta name=\"twitter:label1\" content=\"Est. reading time\" \/>\n\t<meta name=\"twitter:data1\" content=\"3 minutes\" \/>\n<script type=\"application\/ld+json\" class=\"yoast-schema-graph\">{\"@context\":\"https:\\\/\\\/schema.org\",\"@graph\":[{\"@type\":\"WebPage\",\"@id\":\"https:\\\/\\\/webknjizara.hr\\\/proizvod\\\/fleksja-podczas-kwarantanny-ivana-vidovic-bolt-miroslav-hrdlicka\\\/\",\"url\":\"https:\\\/\\\/webknjizara.hr\\\/proizvod\\\/fleksja-podczas-kwarantanny-ivana-vidovic-bolt-miroslav-hrdlicka\\\/\",\"name\":\"FLEKSJA PODCZAS KWARANTANNY, Ivana Vidovi\u0107 Bolt, Miroslav Hrdli\u010dka - Web-knji\u017eara\",\"isPartOf\":{\"@id\":\"https:\\\/\\\/webknjizara.hr\\\/#website\"},\"primaryImageOfPage\":{\"@id\":\"https:\\\/\\\/webknjizara.hr\\\/proizvod\\\/fleksja-podczas-kwarantanny-ivana-vidovic-bolt-miroslav-hrdlicka\\\/#primaryimage\"},\"image\":{\"@id\":\"https:\\\/\\\/webknjizara.hr\\\/proizvod\\\/fleksja-podczas-kwarantanny-ivana-vidovic-bolt-miroslav-hrdlicka\\\/#primaryimage\"},\"thumbnailUrl\":\"https:\\\/\\\/webknjizara.hr\\\/wp-content\\\/uploads\\\/nc\\\/images\\\/virtuemart\\\/product\\\/Ivana_Vidovic_Bolt_Miroslav_Hrdlicka_Fleksja_podczas_kwarantanny_webknjizara_redak_WEB_1263.jpg\",\"datePublished\":\"2022-02-15T14:37:53+00:00\",\"dateModified\":\"2023-02-26T23:18:42+00:00\",\"breadcrumb\":{\"@id\":\"https:\\\/\\\/webknjizara.hr\\\/proizvod\\\/fleksja-podczas-kwarantanny-ivana-vidovic-bolt-miroslav-hrdlicka\\\/#breadcrumb\"},\"inLanguage\":\"en-US\",\"potentialAction\":[{\"@type\":\"ReadAction\",\"target\":[\"https:\\\/\\\/webknjizara.hr\\\/proizvod\\\/fleksja-podczas-kwarantanny-ivana-vidovic-bolt-miroslav-hrdlicka\\\/\"]}]},{\"@type\":\"ImageObject\",\"inLanguage\":\"en-US\",\"@id\":\"https:\\\/\\\/webknjizara.hr\\\/proizvod\\\/fleksja-podczas-kwarantanny-ivana-vidovic-bolt-miroslav-hrdlicka\\\/#primaryimage\",\"url\":\"https:\\\/\\\/webknjizara.hr\\\/wp-content\\\/uploads\\\/nc\\\/images\\\/virtuemart\\\/product\\\/Ivana_Vidovic_Bolt_Miroslav_Hrdlicka_Fleksja_podczas_kwarantanny_webknjizara_redak_WEB_1263.jpg\",\"contentUrl\":\"https:\\\/\\\/webknjizara.hr\\\/wp-content\\\/uploads\\\/nc\\\/images\\\/virtuemart\\\/product\\\/Ivana_Vidovic_Bolt_Miroslav_Hrdlicka_Fleksja_podczas_kwarantanny_webknjizara_redak_WEB_1263.jpg\",\"width\":300,\"height\":419,\"caption\":\"FLEKSJA PODCZAS KWARANTANNY, Ivana Vidovi\u0107 Bolt, Miroslav Hrdli\u010dka\"},{\"@type\":\"BreadcrumbList\",\"@id\":\"https:\\\/\\\/webknjizara.hr\\\/proizvod\\\/fleksja-podczas-kwarantanny-ivana-vidovic-bolt-miroslav-hrdlicka\\\/#breadcrumb\",\"itemListElement\":[{\"@type\":\"ListItem\",\"position\":1,\"name\":\"Po\u010detna stranica\",\"item\":\"https:\\\/\\\/webknjizara.hr\\\/en\\\/\"},{\"@type\":\"ListItem\",\"position\":2,\"name\":\"Shop\",\"item\":\"https:\\\/\\\/webknjizara.hr\\\/shop\\\/\"},{\"@type\":\"ListItem\",\"position\":3,\"name\":\"FLEKSJA PODCZAS KWARANTANNY, Ivana Vidovi\u0107 Bolt, Miroslav Hrdli\u010dka\"}]},{\"@type\":\"WebSite\",\"@id\":\"https:\\\/\\\/webknjizara.hr\\\/#website\",\"url\":\"https:\\\/\\\/webknjizara.hr\\\/\",\"name\":\"Web Knji\u017eara\",\"description\":\"\",\"publisher\":{\"@id\":\"https:\\\/\\\/webknjizara.hr\\\/#organization\"},\"potentialAction\":[{\"@type\":\"SearchAction\",\"target\":{\"@type\":\"EntryPoint\",\"urlTemplate\":\"https:\\\/\\\/webknjizara.hr\\\/?s={search_term_string}\"},\"query-input\":{\"@type\":\"PropertyValueSpecification\",\"valueRequired\":true,\"valueName\":\"search_term_string\"}}],\"inLanguage\":\"en-US\"},{\"@type\":\"Organization\",\"@id\":\"https:\\\/\\\/webknjizara.hr\\\/#organization\",\"name\":\"REDAK D.O.O.\",\"url\":\"https:\\\/\\\/webknjizara.hr\\\/\",\"logo\":{\"@type\":\"ImageObject\",\"inLanguage\":\"en-US\",\"@id\":\"https:\\\/\\\/webknjizara.hr\\\/#\\\/schema\\\/logo\\\/image\\\/\",\"url\":\"https:\\\/\\\/webknjizara.hr\\\/wp-content\\\/uploads\\\/2023\\\/01\\\/web-knjizara-logo.webp\",\"contentUrl\":\"https:\\\/\\\/webknjizara.hr\\\/wp-content\\\/uploads\\\/2023\\\/01\\\/web-knjizara-logo.webp\",\"width\":324,\"height\":79,\"caption\":\"REDAK D.O.O.\"},\"image\":{\"@id\":\"https:\\\/\\\/webknjizara.hr\\\/#\\\/schema\\\/logo\\\/image\\\/\"}}]}<\/script>\n<!-- \/ Yoast SEO plugin. -->","yoast_head_json":{"title":"FLEKSJA PODCZAS KWARANTANNY, Ivana Vidovi\u0107 Bolt, Miroslav Hrdli\u010dka - Web-knji\u017eara","robots":{"index":"index","follow":"follow","max-snippet":"max-snippet:-1","max-image-preview":"max-image-preview:large","max-video-preview":"max-video-preview:-1"},"canonical":"https:\/\/webknjizara.hr\/proizvod\/fleksja-podczas-kwarantanny-ivana-vidovic-bolt-miroslav-hrdlicka\/","og_locale":"en_US","og_type":"article","og_title":"FLEKSJA PODCZAS KWARANTANNY, Ivana Vidovi\u0107 Bolt, Miroslav Hrdli\u010dka - Web-knji\u017eara","og_description":"Sa\u017eetak: Knjiga Fleksja podczas kwarantanny sadr\u017eava zadatke s vje\u017ebama iz fleksije poljskoga jezika. Vje\u017ebe su prilago\u0111ene po\u010detnoj razini u\u010denja, ali uvr\u0161tene su i one koje zahtijevaju naprednije poznavanje jezika. U knjizi se nalaze i rje\u0161enja svih zadataka \u0161to olak\u0161ava provjeru nau\u010denog. Osim zadataka i rje\u0161enja, uvr\u0161teni su i tekstovi koji omogu\u0107uju dodatni rad na u\u010denju [&hellip;]","og_url":"https:\/\/webknjizara.hr\/proizvod\/fleksja-podczas-kwarantanny-ivana-vidovic-bolt-miroslav-hrdlicka\/","og_site_name":"Web-knji\u017eara","article_modified_time":"2023-02-26T23:18:42+00:00","og_image":[{"width":300,"height":419,"url":"https:\/\/webknjizara.hr\/wp-content\/uploads\/nc\/images\/virtuemart\/product\/Ivana_Vidovic_Bolt_Miroslav_Hrdlicka_Fleksja_podczas_kwarantanny_webknjizara_redak_WEB_1263.jpg","type":"image\/jpeg"}],"twitter_card":"summary_large_image","twitter_misc":{"Est. reading time":"3 minutes"},"schema":{"@context":"https:\/\/schema.org","@graph":[{"@type":"WebPage","@id":"https:\/\/webknjizara.hr\/proizvod\/fleksja-podczas-kwarantanny-ivana-vidovic-bolt-miroslav-hrdlicka\/","url":"https:\/\/webknjizara.hr\/proizvod\/fleksja-podczas-kwarantanny-ivana-vidovic-bolt-miroslav-hrdlicka\/","name":"FLEKSJA PODCZAS KWARANTANNY, Ivana Vidovi\u0107 Bolt, Miroslav Hrdli\u010dka - Web-knji\u017eara","isPartOf":{"@id":"https:\/\/webknjizara.hr\/#website"},"primaryImageOfPage":{"@id":"https:\/\/webknjizara.hr\/proizvod\/fleksja-podczas-kwarantanny-ivana-vidovic-bolt-miroslav-hrdlicka\/#primaryimage"},"image":{"@id":"https:\/\/webknjizara.hr\/proizvod\/fleksja-podczas-kwarantanny-ivana-vidovic-bolt-miroslav-hrdlicka\/#primaryimage"},"thumbnailUrl":"https:\/\/webknjizara.hr\/wp-content\/uploads\/nc\/images\/virtuemart\/product\/Ivana_Vidovic_Bolt_Miroslav_Hrdlicka_Fleksja_podczas_kwarantanny_webknjizara_redak_WEB_1263.jpg","datePublished":"2022-02-15T14:37:53+00:00","dateModified":"2023-02-26T23:18:42+00:00","breadcrumb":{"@id":"https:\/\/webknjizara.hr\/proizvod\/fleksja-podczas-kwarantanny-ivana-vidovic-bolt-miroslav-hrdlicka\/#breadcrumb"},"inLanguage":"en-US","potentialAction":[{"@type":"ReadAction","target":["https:\/\/webknjizara.hr\/proizvod\/fleksja-podczas-kwarantanny-ivana-vidovic-bolt-miroslav-hrdlicka\/"]}]},{"@type":"ImageObject","inLanguage":"en-US","@id":"https:\/\/webknjizara.hr\/proizvod\/fleksja-podczas-kwarantanny-ivana-vidovic-bolt-miroslav-hrdlicka\/#primaryimage","url":"https:\/\/webknjizara.hr\/wp-content\/uploads\/nc\/images\/virtuemart\/product\/Ivana_Vidovic_Bolt_Miroslav_Hrdlicka_Fleksja_podczas_kwarantanny_webknjizara_redak_WEB_1263.jpg","contentUrl":"https:\/\/webknjizara.hr\/wp-content\/uploads\/nc\/images\/virtuemart\/product\/Ivana_Vidovic_Bolt_Miroslav_Hrdlicka_Fleksja_podczas_kwarantanny_webknjizara_redak_WEB_1263.jpg","width":300,"height":419,"caption":"FLEKSJA PODCZAS KWARANTANNY, Ivana Vidovi\u0107 Bolt, Miroslav Hrdli\u010dka"},{"@type":"BreadcrumbList","@id":"https:\/\/webknjizara.hr\/proizvod\/fleksja-podczas-kwarantanny-ivana-vidovic-bolt-miroslav-hrdlicka\/#breadcrumb","itemListElement":[{"@type":"ListItem","position":1,"name":"Po\u010detna stranica","item":"https:\/\/webknjizara.hr\/en\/"},{"@type":"ListItem","position":2,"name":"Shop","item":"https:\/\/webknjizara.hr\/shop\/"},{"@type":"ListItem","position":3,"name":"FLEKSJA PODCZAS KWARANTANNY, Ivana Vidovi\u0107 Bolt, Miroslav Hrdli\u010dka"}]},{"@type":"WebSite","@id":"https:\/\/webknjizara.hr\/#website","url":"https:\/\/webknjizara.hr\/","name":"Web Knji\u017eara","description":"","publisher":{"@id":"https:\/\/webknjizara.hr\/#organization"},"potentialAction":[{"@type":"SearchAction","target":{"@type":"EntryPoint","urlTemplate":"https:\/\/webknjizara.hr\/?s={search_term_string}"},"query-input":{"@type":"PropertyValueSpecification","valueRequired":true,"valueName":"search_term_string"}}],"inLanguage":"en-US"},{"@type":"Organization","@id":"https:\/\/webknjizara.hr\/#organization","name":"REDAK D.O.O.","url":"https:\/\/webknjizara.hr\/","logo":{"@type":"ImageObject","inLanguage":"en-US","@id":"https:\/\/webknjizara.hr\/#\/schema\/logo\/image\/","url":"https:\/\/webknjizara.hr\/wp-content\/uploads\/2023\/01\/web-knjizara-logo.webp","contentUrl":"https:\/\/webknjizara.hr\/wp-content\/uploads\/2023\/01\/web-knjizara-logo.webp","width":324,"height":79,"caption":"REDAK D.O.O."},"image":{"@id":"https:\/\/webknjizara.hr\/#\/schema\/logo\/image\/"}}]}},"_links":{"self":[{"href":"https:\/\/webknjizara.hr\/en\/wp-json\/wp\/v2\/product\/9675","targetHints":{"allow":["GET"]}}],"collection":[{"href":"https:\/\/webknjizara.hr\/en\/wp-json\/wp\/v2\/product"}],"about":[{"href":"https:\/\/webknjizara.hr\/en\/wp-json\/wp\/v2\/types\/product"}],"replies":[{"embeddable":true,"href":"https:\/\/webknjizara.hr\/en\/wp-json\/wp\/v2\/comments?post=9675"}],"wp:featuredmedia":[{"embeddable":true,"href":"https:\/\/webknjizara.hr\/en\/wp-json\/wp\/v2\/media\/9676"}],"wp:attachment":[{"href":"https:\/\/webknjizara.hr\/en\/wp-json\/wp\/v2\/media?parent=9675"}],"wp:term":[{"taxonomy":"product_brand","embeddable":true,"href":"https:\/\/webknjizara.hr\/en\/wp-json\/wp\/v2\/product_brand?post=9675"},{"taxonomy":"product_cat","embeddable":true,"href":"https:\/\/webknjizara.hr\/en\/wp-json\/wp\/v2\/product_cat?post=9675"},{"taxonomy":"product_tag","embeddable":true,"href":"https:\/\/webknjizara.hr\/en\/wp-json\/wp\/v2\/product_tag?post=9675"}],"curies":[{"name":"wp","href":"https:\/\/api.w.org\/{rel}","templated":true}]}}