{"id":9661,"date":"2022-01-21T14:07:05","date_gmt":"2022-01-21T14:07:05","guid":{"rendered":"https:\/\/webknjizara.hr\/?product=grammar-for-mariners-grammar-coursebook-for-students-of-maritime-courses-grupa-autora"},"modified":"2023-02-27T00:18:40","modified_gmt":"2023-02-26T23:18:40","slug":"grammar-for-mariners-grammar-coursebook-for-students-of-maritime-courses-grupa-autora","status":"publish","type":"product","link":"https:\/\/webknjizara.hr\/en\/proizvod\/grammar-for-mariners-grammar-coursebook-for-students-of-maritime-courses-grupa-autora\/","title":{"rendered":"GRAMMAR FOR MARINERS: GRAMMAR COURSEBOOK FOR STUDENTS OF MARITIME COURSES, Grupa autora"},"content":{"rendered":"<p><strong>Sa\u017eetak:<\/strong><\/p>\n<p><em>Ud\u017ebenik uklju\u010duje gramati\u010dke cjeline koje su djelomi\u010dno ili u potpunosti pokrivene sveu\u010dili\u0161nim izvedbenim programima u podru\u010dju nastave engleskoga jezika u struci. Prvenstveno je namijenjen nastavnicima i studentima pomorskih smjerova, ali mogu ga koristiti i studenti srodnih studija. Sadr\u017ei \u0161est poglavlja u kojima se redom obra\u0111uje gradivo iz gramatike engleskog jezika na na\u010din da je poseban naglasak stavljen na kori\u0161tenje autenti\u010dnih tekstova koji sadr\u017ee vokabularne jedinice iz struke. U ud\u017ebeniku se nalaze i rje\u0161enja vje\u017ebi tako da je jednako primjeren i za samostalno u\u010denje i usvajanje gradiva. <\/em><\/p>\n<p><strong>\u00a0<\/strong><\/p>\n<p><strong>Bilje\u0161ka o autorima:<\/strong><\/p>\n<p>Jasmina Jel\u010di\u0107 \u010colakovac je diplomirala engleski jezik i knji\u017eevnost 2011. godine na Filozofskom fakultetu u Rijeci. Doktorirala je u podru\u010dju primijenjene lingvistike 2017. godine u Ljubljani. Od 2016. godine zaposlena je na Pomorskom fakultetu u Rijeci gdje predaje engleski jezik studentima nauti\u010dkog smjera.<br \/>Irena Bogunovi\u0107 je diplomirala engleski jezik i knji\u017eevnost 2008. godine na Filozofskom fakultetu u Rijeci. Doktorat iz kognitivnih znanosti stekla je 2017. godine u Zagrebu. Od 2009. godine zaposlena je na Pomorskom fakultetu u Rijeci gdje predaje engleski jezik studentima elektroni\u010dkog smjera.\u00a0<\/p>\n<p><strong>Klju\u010dne rije\u010di: <\/strong>engleski jezik u struci, gramatika, pomorstvo, elektronika, visoko\u0161kolsko obrazovanje<\/p>\n<p><strong>E-mail: <\/strong> <a href=\"mailto:vvarnic@pfri.hr\" target=\"_blank\" rel=\"noopener noreferrer\">Kontakt<\/a><\/p>\n<p><strong>\u00a0<\/strong>\u00a0<\/p>\n<p><strong>Naslov: <\/strong>Grammar for mariners: Grammar coursebook for students of maritime courses<br \/> <strong>Autori:<\/strong> Jasmina Jel\u010di\u0107 \u010colakovac, Irena Bogunovi\u0107<br \/> <strong>Broj stranica: <\/strong>222<br \/> <strong>Nakladnik: <\/strong>Pomorski fakultet u Rijeci<br \/> <strong>Godina izdanja: <\/strong>2021<strong>.<br \/> <\/strong><strong>ISBN:<\/strong> 978-953-165-133-2<br \/> <strong>Tisak:<\/strong> digitalni tisak knjiga &#8211; print na zahtjev<\/p>\n<p>\u00a0\u00a0<\/p>\n<p><strong>Kako naru\u010diti knjigu?\u00a0<\/strong>Proces online kupovine jednako funkcionira za sve kupce, s jedinom razlikom u tome \u0161to \u0161to kupci iz inozemstva za podru\u010dje dostave moraju odabrati &#8220;Europa&#8221; ili &#8220;Ostale zemlje svijeta&#8221;, a za vrstu pla\u0107anja WSPay (kreditna kartica) ili Virmanom (bankovni transfer).<\/p>\n<p>Molimo kliknite ovdje za\u00a0<a href=\"hr\/kako-kupovati\" target=\"_blank\" rel=\"noopener noreferrer\">detaljni vodi\u010d kroz proces narud\u017ebe<\/a>\u00a0ili nas\u00a0<a href=\"hr\/kontakt\" target=\"_blank\" rel=\"noopener noreferrer\">kontaktirajte<\/a>\u00a0za vi\u0161e informacija.<\/p>\n","protected":false},"excerpt":{"rendered":"<p>Sa\u017eetak: Ud\u017ebenik uklju\u010duje gramati\u010dke cjeline koje su djelomi\u010dno ili u potpunosti pokrivene sveu\u010dili\u0161nim izvedbenim programima u podru\u010dju nastave engleskoga jezika u struci. Prvenstveno je namijenjen nastavnicima i studentima pomorskih smjerova, ali mogu ga koristiti i studenti srodnih studija. Sadr\u017ei \u0161est poglavlja u kojima se redom obra\u0111uje gradivo iz gramatike engleskog jezika na na\u010din da je [&hellip;]<\/p>\n","protected":false},"featured_media":9662,"comment_status":"open","ping_status":"closed","template":"","meta":{"_acf_changed":false},"product_brand":[],"product_cat":[1539],"product_tag":[],"class_list":{"0":"post-9661","1":"product","2":"type-product","3":"status-publish","4":"has-post-thumbnail","6":"product_cat-sveucilisni-udzbenici-i-prirucnici","7":"pa_autor-irena-bogunovic","8":"pa_autor-jasmina-jelcic-colakovac","9":"pa_nakladnik-pomorski-fakultet-u-rijeci","11":"first","12":"instock","13":"shipping-taxable","14":"purchasable","15":"product-type-simple"},"acf":[],"yoast_head":"<!-- This site is optimized with the Yoast SEO plugin v27.3 - https:\/\/yoast.com\/product\/yoast-seo-wordpress\/ -->\n<title>GRAMMAR FOR MARINERS: GRAMMAR COURSEBOOK FOR STUDENTS OF MARITIME COURSES, Grupa autora - Web-knji\u017eara<\/title>\n<meta name=\"robots\" content=\"index, follow, max-snippet:-1, max-image-preview:large, max-video-preview:-1\" \/>\n<link rel=\"canonical\" href=\"https:\/\/webknjizara.hr\/proizvod\/grammar-for-mariners-grammar-coursebook-for-students-of-maritime-courses-grupa-autora\/\" \/>\n<meta property=\"og:locale\" content=\"en_US\" \/>\n<meta property=\"og:type\" content=\"article\" \/>\n<meta property=\"og:title\" content=\"GRAMMAR FOR MARINERS: GRAMMAR COURSEBOOK FOR STUDENTS OF MARITIME COURSES, Grupa autora - Web-knji\u017eara\" \/>\n<meta property=\"og:description\" content=\"Sa\u017eetak: Ud\u017ebenik uklju\u010duje gramati\u010dke cjeline koje su djelomi\u010dno ili u potpunosti pokrivene sveu\u010dili\u0161nim izvedbenim programima u podru\u010dju nastave engleskoga jezika u struci. Prvenstveno je namijenjen nastavnicima i studentima pomorskih smjerova, ali mogu ga koristiti i studenti srodnih studija. Sadr\u017ei \u0161est poglavlja u kojima se redom obra\u0111uje gradivo iz gramatike engleskog jezika na na\u010din da je [&hellip;]\" \/>\n<meta property=\"og:url\" content=\"https:\/\/webknjizara.hr\/proizvod\/grammar-for-mariners-grammar-coursebook-for-students-of-maritime-courses-grupa-autora\/\" \/>\n<meta property=\"og:site_name\" content=\"Web-knji\u017eara\" \/>\n<meta property=\"article:modified_time\" content=\"2023-02-26T23:18:40+00:00\" \/>\n<meta property=\"og:image\" content=\"https:\/\/webknjizara.hr\/wp-content\/uploads\/nc\/images\/virtuemart\/product\/JASMIN_2.jpg\" \/>\n\t<meta property=\"og:image:width\" content=\"300\" \/>\n\t<meta property=\"og:image:height\" content=\"419\" \/>\n\t<meta property=\"og:image:type\" content=\"image\/jpeg\" \/>\n<meta name=\"twitter:card\" content=\"summary_large_image\" \/>\n<meta name=\"twitter:label1\" content=\"Est. reading time\" \/>\n\t<meta name=\"twitter:data1\" content=\"2 minutes\" \/>\n<script type=\"application\/ld+json\" class=\"yoast-schema-graph\">{\"@context\":\"https:\\\/\\\/schema.org\",\"@graph\":[{\"@type\":\"WebPage\",\"@id\":\"https:\\\/\\\/webknjizara.hr\\\/proizvod\\\/grammar-for-mariners-grammar-coursebook-for-students-of-maritime-courses-grupa-autora\\\/\",\"url\":\"https:\\\/\\\/webknjizara.hr\\\/proizvod\\\/grammar-for-mariners-grammar-coursebook-for-students-of-maritime-courses-grupa-autora\\\/\",\"name\":\"GRAMMAR FOR MARINERS: GRAMMAR COURSEBOOK FOR STUDENTS OF MARITIME COURSES, Grupa autora - Web-knji\u017eara\",\"isPartOf\":{\"@id\":\"https:\\\/\\\/webknjizara.hr\\\/#website\"},\"primaryImageOfPage\":{\"@id\":\"https:\\\/\\\/webknjizara.hr\\\/proizvod\\\/grammar-for-mariners-grammar-coursebook-for-students-of-maritime-courses-grupa-autora\\\/#primaryimage\"},\"image\":{\"@id\":\"https:\\\/\\\/webknjizara.hr\\\/proizvod\\\/grammar-for-mariners-grammar-coursebook-for-students-of-maritime-courses-grupa-autora\\\/#primaryimage\"},\"thumbnailUrl\":\"https:\\\/\\\/webknjizara.hr\\\/wp-content\\\/uploads\\\/nc\\\/images\\\/virtuemart\\\/product\\\/JASMIN_2.jpg\",\"datePublished\":\"2022-01-21T14:07:05+00:00\",\"dateModified\":\"2023-02-26T23:18:40+00:00\",\"breadcrumb\":{\"@id\":\"https:\\\/\\\/webknjizara.hr\\\/proizvod\\\/grammar-for-mariners-grammar-coursebook-for-students-of-maritime-courses-grupa-autora\\\/#breadcrumb\"},\"inLanguage\":\"en-US\",\"potentialAction\":[{\"@type\":\"ReadAction\",\"target\":[\"https:\\\/\\\/webknjizara.hr\\\/proizvod\\\/grammar-for-mariners-grammar-coursebook-for-students-of-maritime-courses-grupa-autora\\\/\"]}]},{\"@type\":\"ImageObject\",\"inLanguage\":\"en-US\",\"@id\":\"https:\\\/\\\/webknjizara.hr\\\/proizvod\\\/grammar-for-mariners-grammar-coursebook-for-students-of-maritime-courses-grupa-autora\\\/#primaryimage\",\"url\":\"https:\\\/\\\/webknjizara.hr\\\/wp-content\\\/uploads\\\/nc\\\/images\\\/virtuemart\\\/product\\\/JASMIN_2.jpg\",\"contentUrl\":\"https:\\\/\\\/webknjizara.hr\\\/wp-content\\\/uploads\\\/nc\\\/images\\\/virtuemart\\\/product\\\/JASMIN_2.jpg\",\"width\":300,\"height\":419,\"caption\":\"GRAMMAR FOR MARINERS: GRAMMAR COURSEBOOK FOR STUDENTS OF MARITIME COURSES, Grupa autora\"},{\"@type\":\"BreadcrumbList\",\"@id\":\"https:\\\/\\\/webknjizara.hr\\\/proizvod\\\/grammar-for-mariners-grammar-coursebook-for-students-of-maritime-courses-grupa-autora\\\/#breadcrumb\",\"itemListElement\":[{\"@type\":\"ListItem\",\"position\":1,\"name\":\"Po\u010detna stranica\",\"item\":\"https:\\\/\\\/webknjizara.hr\\\/en\\\/\"},{\"@type\":\"ListItem\",\"position\":2,\"name\":\"Shop\",\"item\":\"https:\\\/\\\/webknjizara.hr\\\/shop\\\/\"},{\"@type\":\"ListItem\",\"position\":3,\"name\":\"GRAMMAR FOR MARINERS: GRAMMAR COURSEBOOK FOR STUDENTS OF MARITIME COURSES, Grupa autora\"}]},{\"@type\":\"WebSite\",\"@id\":\"https:\\\/\\\/webknjizara.hr\\\/#website\",\"url\":\"https:\\\/\\\/webknjizara.hr\\\/\",\"name\":\"Web Knji\u017eara\",\"description\":\"\",\"publisher\":{\"@id\":\"https:\\\/\\\/webknjizara.hr\\\/#organization\"},\"potentialAction\":[{\"@type\":\"SearchAction\",\"target\":{\"@type\":\"EntryPoint\",\"urlTemplate\":\"https:\\\/\\\/webknjizara.hr\\\/?s={search_term_string}\"},\"query-input\":{\"@type\":\"PropertyValueSpecification\",\"valueRequired\":true,\"valueName\":\"search_term_string\"}}],\"inLanguage\":\"en-US\"},{\"@type\":\"Organization\",\"@id\":\"https:\\\/\\\/webknjizara.hr\\\/#organization\",\"name\":\"REDAK D.O.O.\",\"url\":\"https:\\\/\\\/webknjizara.hr\\\/\",\"logo\":{\"@type\":\"ImageObject\",\"inLanguage\":\"en-US\",\"@id\":\"https:\\\/\\\/webknjizara.hr\\\/#\\\/schema\\\/logo\\\/image\\\/\",\"url\":\"https:\\\/\\\/webknjizara.hr\\\/wp-content\\\/uploads\\\/2023\\\/01\\\/web-knjizara-logo.webp\",\"contentUrl\":\"https:\\\/\\\/webknjizara.hr\\\/wp-content\\\/uploads\\\/2023\\\/01\\\/web-knjizara-logo.webp\",\"width\":324,\"height\":79,\"caption\":\"REDAK D.O.O.\"},\"image\":{\"@id\":\"https:\\\/\\\/webknjizara.hr\\\/#\\\/schema\\\/logo\\\/image\\\/\"}}]}<\/script>\n<!-- \/ Yoast SEO plugin. -->","yoast_head_json":{"title":"GRAMMAR FOR MARINERS: GRAMMAR COURSEBOOK FOR STUDENTS OF MARITIME COURSES, Grupa autora - Web-knji\u017eara","robots":{"index":"index","follow":"follow","max-snippet":"max-snippet:-1","max-image-preview":"max-image-preview:large","max-video-preview":"max-video-preview:-1"},"canonical":"https:\/\/webknjizara.hr\/proizvod\/grammar-for-mariners-grammar-coursebook-for-students-of-maritime-courses-grupa-autora\/","og_locale":"en_US","og_type":"article","og_title":"GRAMMAR FOR MARINERS: GRAMMAR COURSEBOOK FOR STUDENTS OF MARITIME COURSES, Grupa autora - Web-knji\u017eara","og_description":"Sa\u017eetak: Ud\u017ebenik uklju\u010duje gramati\u010dke cjeline koje su djelomi\u010dno ili u potpunosti pokrivene sveu\u010dili\u0161nim izvedbenim programima u podru\u010dju nastave engleskoga jezika u struci. Prvenstveno je namijenjen nastavnicima i studentima pomorskih smjerova, ali mogu ga koristiti i studenti srodnih studija. Sadr\u017ei \u0161est poglavlja u kojima se redom obra\u0111uje gradivo iz gramatike engleskog jezika na na\u010din da je [&hellip;]","og_url":"https:\/\/webknjizara.hr\/proizvod\/grammar-for-mariners-grammar-coursebook-for-students-of-maritime-courses-grupa-autora\/","og_site_name":"Web-knji\u017eara","article_modified_time":"2023-02-26T23:18:40+00:00","og_image":[{"width":300,"height":419,"url":"https:\/\/webknjizara.hr\/wp-content\/uploads\/nc\/images\/virtuemart\/product\/JASMIN_2.jpg","type":"image\/jpeg"}],"twitter_card":"summary_large_image","twitter_misc":{"Est. reading time":"2 minutes"},"schema":{"@context":"https:\/\/schema.org","@graph":[{"@type":"WebPage","@id":"https:\/\/webknjizara.hr\/proizvod\/grammar-for-mariners-grammar-coursebook-for-students-of-maritime-courses-grupa-autora\/","url":"https:\/\/webknjizara.hr\/proizvod\/grammar-for-mariners-grammar-coursebook-for-students-of-maritime-courses-grupa-autora\/","name":"GRAMMAR FOR MARINERS: GRAMMAR COURSEBOOK FOR STUDENTS OF MARITIME COURSES, Grupa autora - Web-knji\u017eara","isPartOf":{"@id":"https:\/\/webknjizara.hr\/#website"},"primaryImageOfPage":{"@id":"https:\/\/webknjizara.hr\/proizvod\/grammar-for-mariners-grammar-coursebook-for-students-of-maritime-courses-grupa-autora\/#primaryimage"},"image":{"@id":"https:\/\/webknjizara.hr\/proizvod\/grammar-for-mariners-grammar-coursebook-for-students-of-maritime-courses-grupa-autora\/#primaryimage"},"thumbnailUrl":"https:\/\/webknjizara.hr\/wp-content\/uploads\/nc\/images\/virtuemart\/product\/JASMIN_2.jpg","datePublished":"2022-01-21T14:07:05+00:00","dateModified":"2023-02-26T23:18:40+00:00","breadcrumb":{"@id":"https:\/\/webknjizara.hr\/proizvod\/grammar-for-mariners-grammar-coursebook-for-students-of-maritime-courses-grupa-autora\/#breadcrumb"},"inLanguage":"en-US","potentialAction":[{"@type":"ReadAction","target":["https:\/\/webknjizara.hr\/proizvod\/grammar-for-mariners-grammar-coursebook-for-students-of-maritime-courses-grupa-autora\/"]}]},{"@type":"ImageObject","inLanguage":"en-US","@id":"https:\/\/webknjizara.hr\/proizvod\/grammar-for-mariners-grammar-coursebook-for-students-of-maritime-courses-grupa-autora\/#primaryimage","url":"https:\/\/webknjizara.hr\/wp-content\/uploads\/nc\/images\/virtuemart\/product\/JASMIN_2.jpg","contentUrl":"https:\/\/webknjizara.hr\/wp-content\/uploads\/nc\/images\/virtuemart\/product\/JASMIN_2.jpg","width":300,"height":419,"caption":"GRAMMAR FOR MARINERS: GRAMMAR COURSEBOOK FOR STUDENTS OF MARITIME COURSES, Grupa autora"},{"@type":"BreadcrumbList","@id":"https:\/\/webknjizara.hr\/proizvod\/grammar-for-mariners-grammar-coursebook-for-students-of-maritime-courses-grupa-autora\/#breadcrumb","itemListElement":[{"@type":"ListItem","position":1,"name":"Po\u010detna stranica","item":"https:\/\/webknjizara.hr\/en\/"},{"@type":"ListItem","position":2,"name":"Shop","item":"https:\/\/webknjizara.hr\/shop\/"},{"@type":"ListItem","position":3,"name":"GRAMMAR FOR MARINERS: GRAMMAR COURSEBOOK FOR STUDENTS OF MARITIME COURSES, Grupa autora"}]},{"@type":"WebSite","@id":"https:\/\/webknjizara.hr\/#website","url":"https:\/\/webknjizara.hr\/","name":"Web Knji\u017eara","description":"","publisher":{"@id":"https:\/\/webknjizara.hr\/#organization"},"potentialAction":[{"@type":"SearchAction","target":{"@type":"EntryPoint","urlTemplate":"https:\/\/webknjizara.hr\/?s={search_term_string}"},"query-input":{"@type":"PropertyValueSpecification","valueRequired":true,"valueName":"search_term_string"}}],"inLanguage":"en-US"},{"@type":"Organization","@id":"https:\/\/webknjizara.hr\/#organization","name":"REDAK D.O.O.","url":"https:\/\/webknjizara.hr\/","logo":{"@type":"ImageObject","inLanguage":"en-US","@id":"https:\/\/webknjizara.hr\/#\/schema\/logo\/image\/","url":"https:\/\/webknjizara.hr\/wp-content\/uploads\/2023\/01\/web-knjizara-logo.webp","contentUrl":"https:\/\/webknjizara.hr\/wp-content\/uploads\/2023\/01\/web-knjizara-logo.webp","width":324,"height":79,"caption":"REDAK D.O.O."},"image":{"@id":"https:\/\/webknjizara.hr\/#\/schema\/logo\/image\/"}}]}},"_links":{"self":[{"href":"https:\/\/webknjizara.hr\/en\/wp-json\/wp\/v2\/product\/9661","targetHints":{"allow":["GET"]}}],"collection":[{"href":"https:\/\/webknjizara.hr\/en\/wp-json\/wp\/v2\/product"}],"about":[{"href":"https:\/\/webknjizara.hr\/en\/wp-json\/wp\/v2\/types\/product"}],"replies":[{"embeddable":true,"href":"https:\/\/webknjizara.hr\/en\/wp-json\/wp\/v2\/comments?post=9661"}],"wp:featuredmedia":[{"embeddable":true,"href":"https:\/\/webknjizara.hr\/en\/wp-json\/wp\/v2\/media\/9662"}],"wp:attachment":[{"href":"https:\/\/webknjizara.hr\/en\/wp-json\/wp\/v2\/media?parent=9661"}],"wp:term":[{"taxonomy":"product_brand","embeddable":true,"href":"https:\/\/webknjizara.hr\/en\/wp-json\/wp\/v2\/product_brand?post=9661"},{"taxonomy":"product_cat","embeddable":true,"href":"https:\/\/webknjizara.hr\/en\/wp-json\/wp\/v2\/product_cat?post=9661"},{"taxonomy":"product_tag","embeddable":true,"href":"https:\/\/webknjizara.hr\/en\/wp-json\/wp\/v2\/product_tag?post=9661"}],"curies":[{"name":"wp","href":"https:\/\/api.w.org\/{rel}","templated":true}]}}