{"id":9649,"date":"2022-01-07T10:59:59","date_gmt":"2022-01-07T10:59:59","guid":{"rendered":"https:\/\/webknjizara.hr\/?product=mirovinsko-osiguravajuce-drustvo-principi-i-praksa-nikola-masic"},"modified":"2023-02-27T00:18:39","modified_gmt":"2023-02-26T23:18:39","slug":"mirovinsko-osiguravajuce-drustvo-principi-i-praksa-nikola-masic","status":"publish","type":"product","link":"https:\/\/webknjizara.hr\/en\/proizvod\/mirovinsko-osiguravajuce-drustvo-principi-i-praksa-nikola-masic\/","title":{"rendered":"MIROVINSKO OSIGURAVAJU\u0106E DRU\u0160TVO: PRINCIPI I PRAKSA, Nikola Ma\u0161i\u0107"},"content":{"rendered":"<p><strong>Sa\u017eetak:<\/strong><\/p>\n<p>Cijeli \u017eivot radimo, podi\u017eemo obitelj, \u0161kolujemo djecu, brinemo za ostarjele roditelje i na kraju odlazimo u mirovinu. I naj\u010de\u0161\u0107e tek tada postajemo svjesni da \u0107e na\u0161 budu\u0107i \u017eivotni put umnogome ovisiti o iznosu na\u0161e mirovine. O njoj ovisi kvaliteta na\u0161ega \u017eivota u starosti. Prosje\u010dni \u0161ezdesetpetogodi\u0161nji mu\u0161karac u Hrvatskoj mo\u017ee o\u010dekivati da \u0107e u prosjeku po\u017eivjeti jo\u0161 oko \u0161esnaest godina, a \u017eena te dobi tri godine vi\u0161e. Zapravo, vjerojatno je da \u0107ete po\u017eivjeti i dulje i da vas \u010deka mnogo raznih ra\u010duna koje \u0107ete morati pla\u0107ati &#8211; osim za svakodnevne potrebe i stanovanje tu su i tro\u0161kovi putovanja, medicinskih usluga i mo\u017eebitnog boravka u domu za umirovljenike. Pitanje je ho\u0107e li nam mirovina biti dostatna za financiranje na\u0161ih potreba u tre\u0107oj \u017eivotnoj dobi.<\/p>\n<p>U svjetlu demografskih izazova potaknutih starenjem stanovni\u0161tva mirovinsko osiguranje na temelju individualne kapitalizirane \u0161tednje sve je zna\u010dajniji dio ukupnog mirovinskog sustava koji se najve\u0107im dijelom zasniva na obveznom mirovinskom osiguranju na temelju generacijske solidarnosti. Oslanjanje na mirovinsko osiguranje na temelju individualne kapitalizirane \u0161tednje ima za posljedicu ve\u0107u mogu\u0107nost izbora, s jedne strane, ali i ve\u0107u kompleksnost i ve\u0107u vlastitu odgovornost za pravi izbor, s druge strane. U tome smislu pojedinci su naj\u010de\u0161\u0107e suo\u010deni s dva osnovna pitanja na koja moraju dati odgovor. Prvo, moraju odlu\u010diti kako ulagati u fazi akumulacije svojih financijskih sredstava, a potom kako tim sredstvima osigurati mirovinu. Namjera je ove knjige da odgovori na drugo pitanje imaju\u0107i na umu mogu\u0107nosti koje pru\u017ea hrvatski mirovinski sustav.<\/p>\n<p>Knjiga je namijenjena prije svega onima koji po prvi put po\u010dinju ozbiljnije razmi\u0161ljati o svojoj mirovini i posebno onima koji su neposredno pred mirovinom, a koji jesu ili su bili uklju\u010deni u sustav mirovinskog osiguranja u okviru obveznog i dobrovoljnog mirovinskog osiguranja na temelju individualne kapitalizirane \u0161tednje te sa zebnjom i\u0161\u010dekuju isplatu mirovine. Onima na pragu mirovine i \u017eele saznati koje korake do mirovine moraju poduzeti, koje vrste mirovina su im na raspolaganju i kako odabrati oblik mirovine koji \u0107e najbolje odgovarati njihovoj \u017eivotnoj situaciji. No, kako bi mogli donijeti pravu informiranu odluku o svojoj mirovini gra\u0111ani bi trebali znati kako funkcionira na\u0161 sustav mirovinskog osiguranja.<\/p>\n<p>Isplatu mirovina u okviru obveznog i dobrovoljnog mirovinskog osiguranja na temelju individualne kapitalizirane \u0161tednje \u010dlana obveznog i dobrovoljnog mirovinskog fonda te isplatu mirovina na temelju jednokratnih uplata osoba provodi mirovinsko osiguravaju\u0107e dru\u0161tvo u skladu sa svojim mirovinskim programima. Kada ostvarite pravo na mirovinu, sve \u0161to ste u\u0161tedjeli na svome osobnom ra\u010dunu u obveznom ili dobrovoljnom mirovinskom fondu prenijet \u0107e se u izabrano mirovinsko osiguravaju\u0107e dru\u0161tvo koje \u0107e na temelju toga utvrditi visinu mirovine i provoditi njezinu isplatu.<\/p>\n<p>Svrha ove knjige je da prika\u017ee principe i praksu rada mirovinskih osiguravaju\u0107ih dru\u0161tava i time pomogne \u010ditateljima u dono\u0161enju najboljih odluka vezanih za ostvarivanje svojih mirovinskih ciljeva u u\u017eem smislu, ali i, u \u0161irem smislu, postavljanju \u017eivotnih ciljeva kako bi osigurali sredstva za spokojnu starost, jer<\/p>\n<p>Kako je te\u0161ko biti slab,<\/p>\n<p>Kako je te\u0161ko biti sam,<\/p>\n<p>i biti star, a biti mlad!<\/p>\n<p>I biti slab, i nemo\u0107an<\/p>\n<p>\u00a0I sam bez igdje ikoga,<\/p>\n<p>\u00a0i nemiran, i o\u010dajan.<\/p>\n<p>\u00a0<\/p>\n<p>Isje\u010dak: <em>Svakida\u0161nja jadikovka,<\/em> Tin Ujevi\u0107, 1917.<\/p>\n<p>\u00a0<\/p>\n<p><strong>Bilje\u0161ka o autoru:<\/strong><\/p>\n<p>Dr. sc. Nikola Ma\u0161i\u0107 stekao je akademsko obrazovanje na Sveu\u010dili\u0161tu u Zagrebu, gdje je i promoviran u doktora prirodnih znanosti iz podru\u010dja fizike.<\/p>\n<p>Prirodoslovno-matemati\u010dki fakultet, Matemati\u010dki odjel Sveu\u010dili\u0161ta u Zagrebu i Hrvatsko aktuarsko dru\u0161tvo u suradnji s The Faculty and Institute of Actuaries iz Ujedinjenog kraljevstva dodijelili su mu svjedod\u017ebe o uspje\u0161no zavr\u0161enom osnovnom i naprednom \u0161kolovanju iz aktuarske matematike i osiguranja te o ste\u010denoj stru\u010dnosti u aktuarskoj znanosti i njezinoj primjeni u osiguranju, mirovinama i investiranju. U svom radnom vijeku provedenom u osiguranju radio je u vi\u0161e osiguravaju\u0107ih dru\u0161tava na aktuarskim poslovima, preuzimanju rizika, reosiguranju, razvoju novih osigurateljnih proizvoda i upravljanju matemati\u010dkom pri\u010duvom.<\/p>\n<p>Ovla\u0161teni je aktuar. stalni sudski vje\u0161tak za aktuarstvo i osiguranje te redovni \u010dlan Hrvatskog aktuarskog dru\u0161tva.<\/p>\n<p>Bavi se publicistikom iz podru\u010dja financija i osiguranja, a priloge je objavljivao u doma\u0107im \u010dasopisima i na svom portalu www.svijetmirovina.org.<\/p>\n<p>Svoju prvu knjigu, Osiguranje \u017eivota, Vodi\u010d za va\u0161 najbolji izbor, objavio je 2001., a drugu, \u017divotno osiguranje, Osnovni principi, objavio je 2008.<\/p>\n<p><strong>Klju\u010dne rije\u010di: <\/strong>Mirovine, Mirovinsko osiguranje, Mirovinsko osiguravaju\u0107e dru\u0161tvo<\/p>\n<p><strong>Link: <a href=\"http:\/\/www.svijetmirovina.org\" target=\"_blank\" rel=\"noopener noreferrer\">www.svijetmirovina.org<\/a><\/strong><\/p>\n<p><strong>E-mail:\u00a0<\/strong><a href=\"mailto:nikola.masic@hotmail.com\" target=\"_blank\" rel=\"noopener noreferrer\">Nikola Ma\u0161i\u0107<\/a><\/p>\n<p>\u00a0<\/p>\n<p><strong>Naslov: <\/strong>Mirovinsko osiguravaju\u0107e dru\u0161tvo: principi i praksa<br \/> <strong>Autor\/autorica:<\/strong> Nikola Ma\u0161i\u0107<br \/> <strong>Broj stranica: <\/strong>174<br \/> <strong>Nakladnik: <\/strong>REDAK<br \/> <strong>Godina izdanja: <\/strong>2021.<strong><br \/> <\/strong><strong>ISBN:<\/strong> 978-953-336-798-9<br \/> <strong>Tisak:<\/strong> digitalni tisak knjiga &#8211; print na zahtjev<\/p>\n<p style=\"text-align: justify;\">\u00a0<\/p>\n<p style=\"text-align: justify;\"><strong>Kako naru\u010diti knjigu?\u00a0<\/strong>Proces online kupovine jednako funkcionira za sve kupce, s jedinom razlikom u tome \u0161to \u0161to kupci iz inozemstva za podru\u010dje dostave moraju odabrati &#8220;Europa&#8221; ili &#8220;Ostale zemlje svijeta&#8221;, a za vrstu pla\u0107anja WSPay (kreditna kartica) ili Virmanom (bankovni transfer).<\/p>\n<p style=\"text-align: justify;\">Molimo kliknite ovdje za\u00a0<a href=\"hr\/kako-kupovati\">detaljni vodi\u010d kroz proces narud\u017ebe<\/a>\u00a0ili nas\u00a0<a href=\"hr\/kontakt\">kontaktirajte<\/a>\u00a0za vi\u0161e informacija.<\/p>\n","protected":false},"excerpt":{"rendered":"<p>Sa\u017eetak: Cijeli \u017eivot radimo, podi\u017eemo obitelj, \u0161kolujemo djecu, brinemo za ostarjele roditelje i na kraju odlazimo u mirovinu. I naj\u010de\u0161\u0107e tek tada postajemo svjesni da \u0107e na\u0161 budu\u0107i \u017eivotni put umnogome ovisiti o iznosu na\u0161e mirovine. O njoj ovisi kvaliteta na\u0161ega \u017eivota u starosti. Prosje\u010dni \u0161ezdesetpetogodi\u0161nji mu\u0161karac u Hrvatskoj mo\u017ee o\u010dekivati da \u0107e u prosjeku [&hellip;]<\/p>\n","protected":false},"featured_media":9650,"comment_status":"open","ping_status":"closed","template":"","meta":{"_acf_changed":false},"product_brand":[],"product_cat":[1517],"product_tag":[],"class_list":{"0":"post-9649","1":"product","2":"type-product","3":"status-publish","4":"has-post-thumbnail","6":"product_cat-strucna-literatura","7":"pa_autor-nikola-masic","8":"pa_nakladnik-redak","10":"first","11":"instock","12":"shipping-taxable","13":"purchasable","14":"product-type-simple"},"acf":[],"yoast_head":"<!-- This site is optimized with the Yoast SEO plugin v27.3 - https:\/\/yoast.com\/product\/yoast-seo-wordpress\/ -->\n<title>MIROVINSKO OSIGURAVAJU\u0106E DRU\u0160TVO: PRINCIPI I PRAKSA, Nikola Ma\u0161i\u0107 - Web-knji\u017eara<\/title>\n<meta name=\"robots\" content=\"index, follow, max-snippet:-1, max-image-preview:large, max-video-preview:-1\" \/>\n<link rel=\"canonical\" href=\"https:\/\/webknjizara.hr\/proizvod\/mirovinsko-osiguravajuce-drustvo-principi-i-praksa-nikola-masic\/\" \/>\n<meta property=\"og:locale\" content=\"en_US\" \/>\n<meta property=\"og:type\" content=\"article\" \/>\n<meta property=\"og:title\" content=\"MIROVINSKO OSIGURAVAJU\u0106E DRU\u0160TVO: PRINCIPI I PRAKSA, Nikola Ma\u0161i\u0107 - Web-knji\u017eara\" \/>\n<meta property=\"og:description\" content=\"Sa\u017eetak: Cijeli \u017eivot radimo, podi\u017eemo obitelj, \u0161kolujemo djecu, brinemo za ostarjele roditelje i na kraju odlazimo u mirovinu. I naj\u010de\u0161\u0107e tek tada postajemo svjesni da \u0107e na\u0161 budu\u0107i \u017eivotni put umnogome ovisiti o iznosu na\u0161e mirovine. O njoj ovisi kvaliteta na\u0161ega \u017eivota u starosti. Prosje\u010dni \u0161ezdesetpetogodi\u0161nji mu\u0161karac u Hrvatskoj mo\u017ee o\u010dekivati da \u0107e u prosjeku [&hellip;]\" \/>\n<meta property=\"og:url\" content=\"https:\/\/webknjizara.hr\/proizvod\/mirovinsko-osiguravajuce-drustvo-principi-i-praksa-nikola-masic\/\" \/>\n<meta property=\"og:site_name\" content=\"Web-knji\u017eara\" \/>\n<meta property=\"article:modified_time\" content=\"2023-02-26T23:18:39+00:00\" \/>\n<meta property=\"og:image\" content=\"https:\/\/webknjizara.hr\/wp-content\/uploads\/nc\/images\/virtuemart\/product\/Nikola_Masic_Mirovinsko_osiguravajuce_drustvo_principi_i_praksa_webknjizara_redak_WEB_1234.jpg\" \/>\n\t<meta property=\"og:image:width\" content=\"300\" \/>\n\t<meta property=\"og:image:height\" content=\"419\" \/>\n\t<meta property=\"og:image:type\" content=\"image\/jpeg\" \/>\n<meta name=\"twitter:card\" content=\"summary_large_image\" \/>\n<meta name=\"twitter:label1\" content=\"Est. reading time\" \/>\n\t<meta name=\"twitter:data1\" content=\"4 minutes\" \/>\n<script type=\"application\/ld+json\" class=\"yoast-schema-graph\">{\"@context\":\"https:\\\/\\\/schema.org\",\"@graph\":[{\"@type\":\"WebPage\",\"@id\":\"https:\\\/\\\/webknjizara.hr\\\/proizvod\\\/mirovinsko-osiguravajuce-drustvo-principi-i-praksa-nikola-masic\\\/\",\"url\":\"https:\\\/\\\/webknjizara.hr\\\/proizvod\\\/mirovinsko-osiguravajuce-drustvo-principi-i-praksa-nikola-masic\\\/\",\"name\":\"MIROVINSKO OSIGURAVAJU\u0106E DRU\u0160TVO: PRINCIPI I PRAKSA, Nikola Ma\u0161i\u0107 - Web-knji\u017eara\",\"isPartOf\":{\"@id\":\"https:\\\/\\\/webknjizara.hr\\\/#website\"},\"primaryImageOfPage\":{\"@id\":\"https:\\\/\\\/webknjizara.hr\\\/proizvod\\\/mirovinsko-osiguravajuce-drustvo-principi-i-praksa-nikola-masic\\\/#primaryimage\"},\"image\":{\"@id\":\"https:\\\/\\\/webknjizara.hr\\\/proizvod\\\/mirovinsko-osiguravajuce-drustvo-principi-i-praksa-nikola-masic\\\/#primaryimage\"},\"thumbnailUrl\":\"https:\\\/\\\/webknjizara.hr\\\/wp-content\\\/uploads\\\/nc\\\/images\\\/virtuemart\\\/product\\\/Nikola_Masic_Mirovinsko_osiguravajuce_drustvo_principi_i_praksa_webknjizara_redak_WEB_1234.jpg\",\"datePublished\":\"2022-01-07T10:59:59+00:00\",\"dateModified\":\"2023-02-26T23:18:39+00:00\",\"breadcrumb\":{\"@id\":\"https:\\\/\\\/webknjizara.hr\\\/proizvod\\\/mirovinsko-osiguravajuce-drustvo-principi-i-praksa-nikola-masic\\\/#breadcrumb\"},\"inLanguage\":\"en-US\",\"potentialAction\":[{\"@type\":\"ReadAction\",\"target\":[\"https:\\\/\\\/webknjizara.hr\\\/proizvod\\\/mirovinsko-osiguravajuce-drustvo-principi-i-praksa-nikola-masic\\\/\"]}]},{\"@type\":\"ImageObject\",\"inLanguage\":\"en-US\",\"@id\":\"https:\\\/\\\/webknjizara.hr\\\/proizvod\\\/mirovinsko-osiguravajuce-drustvo-principi-i-praksa-nikola-masic\\\/#primaryimage\",\"url\":\"https:\\\/\\\/webknjizara.hr\\\/wp-content\\\/uploads\\\/nc\\\/images\\\/virtuemart\\\/product\\\/Nikola_Masic_Mirovinsko_osiguravajuce_drustvo_principi_i_praksa_webknjizara_redak_WEB_1234.jpg\",\"contentUrl\":\"https:\\\/\\\/webknjizara.hr\\\/wp-content\\\/uploads\\\/nc\\\/images\\\/virtuemart\\\/product\\\/Nikola_Masic_Mirovinsko_osiguravajuce_drustvo_principi_i_praksa_webknjizara_redak_WEB_1234.jpg\",\"width\":300,\"height\":419,\"caption\":\"MIROVINSKO OSIGURAVAJU\u0106E DRU\u0160TVO: PRINCIPI I PRAKSA, Nikola Ma\u0161i\u0107\"},{\"@type\":\"BreadcrumbList\",\"@id\":\"https:\\\/\\\/webknjizara.hr\\\/proizvod\\\/mirovinsko-osiguravajuce-drustvo-principi-i-praksa-nikola-masic\\\/#breadcrumb\",\"itemListElement\":[{\"@type\":\"ListItem\",\"position\":1,\"name\":\"Po\u010detna stranica\",\"item\":\"https:\\\/\\\/webknjizara.hr\\\/en\\\/\"},{\"@type\":\"ListItem\",\"position\":2,\"name\":\"Shop\",\"item\":\"https:\\\/\\\/webknjizara.hr\\\/shop\\\/\"},{\"@type\":\"ListItem\",\"position\":3,\"name\":\"MIROVINSKO OSIGURAVAJU\u0106E DRU\u0160TVO: PRINCIPI I PRAKSA, Nikola Ma\u0161i\u0107\"}]},{\"@type\":\"WebSite\",\"@id\":\"https:\\\/\\\/webknjizara.hr\\\/#website\",\"url\":\"https:\\\/\\\/webknjizara.hr\\\/\",\"name\":\"Web Knji\u017eara\",\"description\":\"\",\"publisher\":{\"@id\":\"https:\\\/\\\/webknjizara.hr\\\/#organization\"},\"potentialAction\":[{\"@type\":\"SearchAction\",\"target\":{\"@type\":\"EntryPoint\",\"urlTemplate\":\"https:\\\/\\\/webknjizara.hr\\\/?s={search_term_string}\"},\"query-input\":{\"@type\":\"PropertyValueSpecification\",\"valueRequired\":true,\"valueName\":\"search_term_string\"}}],\"inLanguage\":\"en-US\"},{\"@type\":\"Organization\",\"@id\":\"https:\\\/\\\/webknjizara.hr\\\/#organization\",\"name\":\"REDAK D.O.O.\",\"url\":\"https:\\\/\\\/webknjizara.hr\\\/\",\"logo\":{\"@type\":\"ImageObject\",\"inLanguage\":\"en-US\",\"@id\":\"https:\\\/\\\/webknjizara.hr\\\/#\\\/schema\\\/logo\\\/image\\\/\",\"url\":\"https:\\\/\\\/webknjizara.hr\\\/wp-content\\\/uploads\\\/2023\\\/01\\\/web-knjizara-logo.webp\",\"contentUrl\":\"https:\\\/\\\/webknjizara.hr\\\/wp-content\\\/uploads\\\/2023\\\/01\\\/web-knjizara-logo.webp\",\"width\":324,\"height\":79,\"caption\":\"REDAK D.O.O.\"},\"image\":{\"@id\":\"https:\\\/\\\/webknjizara.hr\\\/#\\\/schema\\\/logo\\\/image\\\/\"}}]}<\/script>\n<!-- \/ Yoast SEO plugin. -->","yoast_head_json":{"title":"MIROVINSKO OSIGURAVAJU\u0106E DRU\u0160TVO: PRINCIPI I PRAKSA, Nikola Ma\u0161i\u0107 - Web-knji\u017eara","robots":{"index":"index","follow":"follow","max-snippet":"max-snippet:-1","max-image-preview":"max-image-preview:large","max-video-preview":"max-video-preview:-1"},"canonical":"https:\/\/webknjizara.hr\/proizvod\/mirovinsko-osiguravajuce-drustvo-principi-i-praksa-nikola-masic\/","og_locale":"en_US","og_type":"article","og_title":"MIROVINSKO OSIGURAVAJU\u0106E DRU\u0160TVO: PRINCIPI I PRAKSA, Nikola Ma\u0161i\u0107 - Web-knji\u017eara","og_description":"Sa\u017eetak: Cijeli \u017eivot radimo, podi\u017eemo obitelj, \u0161kolujemo djecu, brinemo za ostarjele roditelje i na kraju odlazimo u mirovinu. I naj\u010de\u0161\u0107e tek tada postajemo svjesni da \u0107e na\u0161 budu\u0107i \u017eivotni put umnogome ovisiti o iznosu na\u0161e mirovine. O njoj ovisi kvaliteta na\u0161ega \u017eivota u starosti. Prosje\u010dni \u0161ezdesetpetogodi\u0161nji mu\u0161karac u Hrvatskoj mo\u017ee o\u010dekivati da \u0107e u prosjeku [&hellip;]","og_url":"https:\/\/webknjizara.hr\/proizvod\/mirovinsko-osiguravajuce-drustvo-principi-i-praksa-nikola-masic\/","og_site_name":"Web-knji\u017eara","article_modified_time":"2023-02-26T23:18:39+00:00","og_image":[{"width":300,"height":419,"url":"https:\/\/webknjizara.hr\/wp-content\/uploads\/nc\/images\/virtuemart\/product\/Nikola_Masic_Mirovinsko_osiguravajuce_drustvo_principi_i_praksa_webknjizara_redak_WEB_1234.jpg","type":"image\/jpeg"}],"twitter_card":"summary_large_image","twitter_misc":{"Est. reading time":"4 minutes"},"schema":{"@context":"https:\/\/schema.org","@graph":[{"@type":"WebPage","@id":"https:\/\/webknjizara.hr\/proizvod\/mirovinsko-osiguravajuce-drustvo-principi-i-praksa-nikola-masic\/","url":"https:\/\/webknjizara.hr\/proizvod\/mirovinsko-osiguravajuce-drustvo-principi-i-praksa-nikola-masic\/","name":"MIROVINSKO OSIGURAVAJU\u0106E DRU\u0160TVO: PRINCIPI I PRAKSA, Nikola Ma\u0161i\u0107 - Web-knji\u017eara","isPartOf":{"@id":"https:\/\/webknjizara.hr\/#website"},"primaryImageOfPage":{"@id":"https:\/\/webknjizara.hr\/proizvod\/mirovinsko-osiguravajuce-drustvo-principi-i-praksa-nikola-masic\/#primaryimage"},"image":{"@id":"https:\/\/webknjizara.hr\/proizvod\/mirovinsko-osiguravajuce-drustvo-principi-i-praksa-nikola-masic\/#primaryimage"},"thumbnailUrl":"https:\/\/webknjizara.hr\/wp-content\/uploads\/nc\/images\/virtuemart\/product\/Nikola_Masic_Mirovinsko_osiguravajuce_drustvo_principi_i_praksa_webknjizara_redak_WEB_1234.jpg","datePublished":"2022-01-07T10:59:59+00:00","dateModified":"2023-02-26T23:18:39+00:00","breadcrumb":{"@id":"https:\/\/webknjizara.hr\/proizvod\/mirovinsko-osiguravajuce-drustvo-principi-i-praksa-nikola-masic\/#breadcrumb"},"inLanguage":"en-US","potentialAction":[{"@type":"ReadAction","target":["https:\/\/webknjizara.hr\/proizvod\/mirovinsko-osiguravajuce-drustvo-principi-i-praksa-nikola-masic\/"]}]},{"@type":"ImageObject","inLanguage":"en-US","@id":"https:\/\/webknjizara.hr\/proizvod\/mirovinsko-osiguravajuce-drustvo-principi-i-praksa-nikola-masic\/#primaryimage","url":"https:\/\/webknjizara.hr\/wp-content\/uploads\/nc\/images\/virtuemart\/product\/Nikola_Masic_Mirovinsko_osiguravajuce_drustvo_principi_i_praksa_webknjizara_redak_WEB_1234.jpg","contentUrl":"https:\/\/webknjizara.hr\/wp-content\/uploads\/nc\/images\/virtuemart\/product\/Nikola_Masic_Mirovinsko_osiguravajuce_drustvo_principi_i_praksa_webknjizara_redak_WEB_1234.jpg","width":300,"height":419,"caption":"MIROVINSKO OSIGURAVAJU\u0106E DRU\u0160TVO: PRINCIPI I PRAKSA, Nikola Ma\u0161i\u0107"},{"@type":"BreadcrumbList","@id":"https:\/\/webknjizara.hr\/proizvod\/mirovinsko-osiguravajuce-drustvo-principi-i-praksa-nikola-masic\/#breadcrumb","itemListElement":[{"@type":"ListItem","position":1,"name":"Po\u010detna stranica","item":"https:\/\/webknjizara.hr\/en\/"},{"@type":"ListItem","position":2,"name":"Shop","item":"https:\/\/webknjizara.hr\/shop\/"},{"@type":"ListItem","position":3,"name":"MIROVINSKO OSIGURAVAJU\u0106E DRU\u0160TVO: PRINCIPI I PRAKSA, Nikola Ma\u0161i\u0107"}]},{"@type":"WebSite","@id":"https:\/\/webknjizara.hr\/#website","url":"https:\/\/webknjizara.hr\/","name":"Web Knji\u017eara","description":"","publisher":{"@id":"https:\/\/webknjizara.hr\/#organization"},"potentialAction":[{"@type":"SearchAction","target":{"@type":"EntryPoint","urlTemplate":"https:\/\/webknjizara.hr\/?s={search_term_string}"},"query-input":{"@type":"PropertyValueSpecification","valueRequired":true,"valueName":"search_term_string"}}],"inLanguage":"en-US"},{"@type":"Organization","@id":"https:\/\/webknjizara.hr\/#organization","name":"REDAK D.O.O.","url":"https:\/\/webknjizara.hr\/","logo":{"@type":"ImageObject","inLanguage":"en-US","@id":"https:\/\/webknjizara.hr\/#\/schema\/logo\/image\/","url":"https:\/\/webknjizara.hr\/wp-content\/uploads\/2023\/01\/web-knjizara-logo.webp","contentUrl":"https:\/\/webknjizara.hr\/wp-content\/uploads\/2023\/01\/web-knjizara-logo.webp","width":324,"height":79,"caption":"REDAK D.O.O."},"image":{"@id":"https:\/\/webknjizara.hr\/#\/schema\/logo\/image\/"}}]}},"_links":{"self":[{"href":"https:\/\/webknjizara.hr\/en\/wp-json\/wp\/v2\/product\/9649","targetHints":{"allow":["GET"]}}],"collection":[{"href":"https:\/\/webknjizara.hr\/en\/wp-json\/wp\/v2\/product"}],"about":[{"href":"https:\/\/webknjizara.hr\/en\/wp-json\/wp\/v2\/types\/product"}],"replies":[{"embeddable":true,"href":"https:\/\/webknjizara.hr\/en\/wp-json\/wp\/v2\/comments?post=9649"}],"wp:featuredmedia":[{"embeddable":true,"href":"https:\/\/webknjizara.hr\/en\/wp-json\/wp\/v2\/media\/9650"}],"wp:attachment":[{"href":"https:\/\/webknjizara.hr\/en\/wp-json\/wp\/v2\/media?parent=9649"}],"wp:term":[{"taxonomy":"product_brand","embeddable":true,"href":"https:\/\/webknjizara.hr\/en\/wp-json\/wp\/v2\/product_brand?post=9649"},{"taxonomy":"product_cat","embeddable":true,"href":"https:\/\/webknjizara.hr\/en\/wp-json\/wp\/v2\/product_cat?post=9649"},{"taxonomy":"product_tag","embeddable":true,"href":"https:\/\/webknjizara.hr\/en\/wp-json\/wp\/v2\/product_tag?post=9649"}],"curies":[{"name":"wp","href":"https:\/\/api.w.org\/{rel}","templated":true}]}}