{"id":9641,"date":"2021-12-30T11:10:26","date_gmt":"2021-12-30T11:10:26","guid":{"rendered":"https:\/\/webknjizara.hr\/?product=groteskni-incidenti-ivor-kruljac"},"modified":"2023-02-27T00:18:39","modified_gmt":"2023-02-26T23:18:39","slug":"groteskni-incidenti-ivor-kruljac","status":"publish","type":"product","link":"https:\/\/webknjizara.hr\/en\/proizvod\/groteskni-incidenti-ivor-kruljac\/","title":{"rendered":"GROTESKNI INCIDENTI,  Ivor Kruljac"},"content":{"rendered":"<p><strong>Sa\u017eetak:<\/strong><\/p>\n<p>Uznemiruju\u0107i doga\u0111aji u zagreba\u010dkom Arheolo\u0161kom muzeju. Nezadovoljni postolar s novim poslom. Doktor s neobi\u010dnim metodama za cijepljenje. Debata o va\u017enosti informiranja usred bombardiranja. Probijena glava u\u010denika u u\u010dionici. Domorodac nezadovoljan nasiljem svojeg plemena. \u010covjek koji \u017eeli biti mizeran kako bi lak\u0161e umro.<\/p>\n<p>Ovo je tek nekoliko zapleta, nekih otprije objavljenih, nekih neobjavljenih, u prvoj zbirci proznih pri\u010da Ivora Kruljca. Marginalnoj javnosti ve\u0107 poznat kao slam pjesnik (pa \u010dak i kao novinar) \u010diji stihovi nasmijavaju, \u017eivciraju, zgra\u017eaju pa ponekad \u010dak i nasmiju, Kruljac prozom hara u o\u010dekivanom stilu, ali bez rime.<\/p>\n<p>Groteska je, barem prema Hrvatskoj enciklopediji, \u010dudesna, prekomjerna, iskrivljena, a incidenti u ovoj knjizi svakako opravdavaju svoj popratni pridjev, kako radnjom, tako i stilom pisanja.<\/p>\n<p>Od beletristi\u010dkih pripovijetki kojima je cilj zabaviti \u010ditatelja zanimljivom pri\u010dom, do kratkih pri\u010da koje otvaraju dublje polemike o dru\u0161tvenim i metafizi\u010dkim nedoumicama. Nasilje, seks, pirove pobjede protiv nesretnih okolnosti ili propast pred istima, kroz krimi\u0107e, horor, SF ili kri\u0161ki \u017eivota, grotesknost radnje i likova element je povezanosti ovih razli\u010ditih \u017eanrova i njihovih incidenata koje se bahato nude knji\u017eevnosti na milost i pam\u0107enje.<\/p>\n<p>Knjiga je to koja bi mogla zaintrigirati ljubitelje Stephena Kinga, Agathe Christie, W.S Burrougha ili mo\u017eda Guillaumea Apollinaira (na ovog \u010detvrtog su pri\u010de podsjetile korektora knjige), ukoliko im ne smeta slabija prozna ruka mladog pjesnika.<\/p>\n<p>\u00a0<\/p>\n<p><strong>Bilje\u0161ka o autoru: <\/strong><\/p>\n<p>Ivor Kruljac ro\u0111en je u Zagrebu 18. prosinca 1996. godine. Nakon osnovne \u0161kole zavr\u0161ava za zvanje ekolo\u0161kog tehni\u010dara u Prirodoslovnoj \u0161koli Vladimira Preloga. Diplomirao je novinarstvo na Fakultetu politi\u010dkih znanosti Sveu\u010dili\u0161ta u Zagrebu.\u00a0 Tijekom studiranja po\u010deo je objavljivati pjesme, kratke pri\u010de i novinarske \u010dlanke (\u0161to na hrvatskom, \u0161to na engleskom) na raznim medijima. Kao pjesnik, nastupao je na raznim pjesni\u010dkim doga\u0111ajima, ponajvi\u0161e sa hrvatskim slam pjesnicima. Do sada je kao besplatne digitalne publikacije, objavio i predstavio tri samostalne zbirke pjesama: &#8220;Nebuloze&#8221; (2017), &#8220;Psihodelije&#8221; (2018) i &#8220;Intelektualna kruljenja&#8221;. Jedan je od urednika i autora zastupljenih u digitalnom pjesni\u010dkom zborniku &#8220;Di si bio 2020?: stihovi pod maskom&#8221; (2021) koji je imao humanitarni cilj prikupljanja novaca za obnovu Petrinjske\u00a0<\/p>\n<p><strong>Klju\u010dne rije\u010di: <\/strong>Ivor Kruljac, Groteskni incidenti, beletristika, kratke pri\u010de, zbirka kratkih pri\u010da<\/p>\n<p><strong>E-mail: <\/strong><a href=\"mailto:ivorzk@gmail.com\" target=\"_blank\" rel=\"noopener noreferrer\">Ivor Kruljac<strong>\u00a0<\/strong><\/a><\/p>\n<p><strong>\u00a0<\/strong><\/p>\n<p><strong>Naslov: <\/strong>Groteskni incidenti<br \/> <strong>AutoR:<\/strong> Ivor Kruljac<br \/> <strong>Broj stranica: <\/strong>110<br \/> <strong>Nakladnik: <\/strong>REDAK<br \/> <strong>Godina izdanja: <\/strong>2021<strong>.<br \/> <\/strong><strong>ISBN:<\/strong> 978-953-336-804-7<br \/> <strong>Tisak:<\/strong> digitalni tisak knjiga &#8211; print na zahtjev<\/p>\n<p style=\"text-align: justify;\">\u00a0<\/p>\n<p style=\"text-align: justify;\"><strong>Kako naru\u010diti knjigu?\u00a0<\/strong>Proces online kupovine jednako funkcionira za sve kupce, s jedinom razlikom u tome \u0161to \u0161to kupci iz inozemstva za podru\u010dje dostave moraju odabrati &#8220;Europa&#8221; ili &#8220;Ostale zemlje svijeta&#8221;, a za vrstu pla\u0107anja WSPay (kreditna kartica) ili Virmanom (bankovni transfer).<\/p>\n<p style=\"text-align: justify;\">Molimo kliknite ovdje za\u00a0<a href=\"hr\/kako-kupovati\">detaljni vodi\u010d kroz proces narud\u017ebe<\/a>\u00a0ili nas\u00a0<a href=\"hr\/kontakt\">kontaktirajte<\/a>\u00a0za vi\u0161e informacija.<\/p>\n","protected":false},"excerpt":{"rendered":"<p>Sa\u017eetak: Uznemiruju\u0107i doga\u0111aji u zagreba\u010dkom Arheolo\u0161kom muzeju. Nezadovoljni postolar s novim poslom. Doktor s neobi\u010dnim metodama za cijepljenje. Debata o va\u017enosti informiranja usred bombardiranja. Probijena glava u\u010denika u u\u010dionici. Domorodac nezadovoljan nasiljem svojeg plemena. \u010covjek koji \u017eeli biti mizeran kako bi lak\u0161e umro. Ovo je tek nekoliko zapleta, nekih otprije objavljenih, nekih neobjavljenih, u prvoj [&hellip;]<\/p>\n","protected":false},"featured_media":9642,"comment_status":"open","ping_status":"closed","template":"","meta":{"_acf_changed":false},"product_brand":[],"product_cat":[1383,1385],"product_tag":[],"class_list":{"0":"post-9641","1":"product","2":"type-product","3":"status-publish","4":"has-post-thumbnail","6":"product_cat-knjige","7":"product_cat-knjizevnost","8":"pa_autor-ivor-kruljac","9":"pa_nakladnik-redak","11":"first","12":"instock","13":"shipping-taxable","14":"purchasable","15":"product-type-simple"},"acf":[],"yoast_head":"<!-- This site is optimized with the Yoast SEO plugin v27.3 - https:\/\/yoast.com\/product\/yoast-seo-wordpress\/ -->\n<title>GROTESKNI INCIDENTI, Ivor Kruljac - Web-knji\u017eara<\/title>\n<meta name=\"robots\" content=\"index, follow, max-snippet:-1, max-image-preview:large, max-video-preview:-1\" \/>\n<link rel=\"canonical\" href=\"https:\/\/webknjizara.hr\/proizvod\/groteskni-incidenti-ivor-kruljac\/\" \/>\n<meta property=\"og:locale\" content=\"en_US\" \/>\n<meta property=\"og:type\" content=\"article\" \/>\n<meta property=\"og:title\" content=\"GROTESKNI INCIDENTI, Ivor Kruljac - Web-knji\u017eara\" \/>\n<meta property=\"og:description\" content=\"Sa\u017eetak: Uznemiruju\u0107i doga\u0111aji u zagreba\u010dkom Arheolo\u0161kom muzeju. Nezadovoljni postolar s novim poslom. Doktor s neobi\u010dnim metodama za cijepljenje. Debata o va\u017enosti informiranja usred bombardiranja. Probijena glava u\u010denika u u\u010dionici. Domorodac nezadovoljan nasiljem svojeg plemena. \u010covjek koji \u017eeli biti mizeran kako bi lak\u0161e umro. Ovo je tek nekoliko zapleta, nekih otprije objavljenih, nekih neobjavljenih, u prvoj [&hellip;]\" \/>\n<meta property=\"og:url\" content=\"https:\/\/webknjizara.hr\/proizvod\/groteskni-incidenti-ivor-kruljac\/\" \/>\n<meta property=\"og:site_name\" content=\"Web-knji\u017eara\" \/>\n<meta property=\"article:modified_time\" content=\"2023-02-26T23:18:39+00:00\" \/>\n<meta property=\"og:image\" content=\"https:\/\/webknjizara.hr\/wp-content\/uploads\/nc\/images\/virtuemart\/product\/Ivor_Kruljac_Groteskni_incidenti_webknjizara_redak_WEB_1241.jpg\" \/>\n\t<meta property=\"og:image:width\" content=\"300\" \/>\n\t<meta property=\"og:image:height\" content=\"419\" \/>\n\t<meta property=\"og:image:type\" content=\"image\/jpeg\" \/>\n<meta name=\"twitter:card\" content=\"summary_large_image\" \/>\n<meta name=\"twitter:label1\" content=\"Est. reading time\" \/>\n\t<meta name=\"twitter:data1\" content=\"2 minutes\" \/>\n<script type=\"application\/ld+json\" class=\"yoast-schema-graph\">{\"@context\":\"https:\\\/\\\/schema.org\",\"@graph\":[{\"@type\":\"WebPage\",\"@id\":\"https:\\\/\\\/webknjizara.hr\\\/proizvod\\\/groteskni-incidenti-ivor-kruljac\\\/\",\"url\":\"https:\\\/\\\/webknjizara.hr\\\/proizvod\\\/groteskni-incidenti-ivor-kruljac\\\/\",\"name\":\"GROTESKNI INCIDENTI, Ivor Kruljac - Web-knji\u017eara\",\"isPartOf\":{\"@id\":\"https:\\\/\\\/webknjizara.hr\\\/#website\"},\"primaryImageOfPage\":{\"@id\":\"https:\\\/\\\/webknjizara.hr\\\/proizvod\\\/groteskni-incidenti-ivor-kruljac\\\/#primaryimage\"},\"image\":{\"@id\":\"https:\\\/\\\/webknjizara.hr\\\/proizvod\\\/groteskni-incidenti-ivor-kruljac\\\/#primaryimage\"},\"thumbnailUrl\":\"https:\\\/\\\/webknjizara.hr\\\/wp-content\\\/uploads\\\/nc\\\/images\\\/virtuemart\\\/product\\\/Ivor_Kruljac_Groteskni_incidenti_webknjizara_redak_WEB_1241.jpg\",\"datePublished\":\"2021-12-30T11:10:26+00:00\",\"dateModified\":\"2023-02-26T23:18:39+00:00\",\"breadcrumb\":{\"@id\":\"https:\\\/\\\/webknjizara.hr\\\/proizvod\\\/groteskni-incidenti-ivor-kruljac\\\/#breadcrumb\"},\"inLanguage\":\"en-US\",\"potentialAction\":[{\"@type\":\"ReadAction\",\"target\":[\"https:\\\/\\\/webknjizara.hr\\\/proizvod\\\/groteskni-incidenti-ivor-kruljac\\\/\"]}]},{\"@type\":\"ImageObject\",\"inLanguage\":\"en-US\",\"@id\":\"https:\\\/\\\/webknjizara.hr\\\/proizvod\\\/groteskni-incidenti-ivor-kruljac\\\/#primaryimage\",\"url\":\"https:\\\/\\\/webknjizara.hr\\\/wp-content\\\/uploads\\\/nc\\\/images\\\/virtuemart\\\/product\\\/Ivor_Kruljac_Groteskni_incidenti_webknjizara_redak_WEB_1241.jpg\",\"contentUrl\":\"https:\\\/\\\/webknjizara.hr\\\/wp-content\\\/uploads\\\/nc\\\/images\\\/virtuemart\\\/product\\\/Ivor_Kruljac_Groteskni_incidenti_webknjizara_redak_WEB_1241.jpg\",\"width\":300,\"height\":419,\"caption\":\"GROTESKNI INCIDENTI, Ivor Kruljac\"},{\"@type\":\"BreadcrumbList\",\"@id\":\"https:\\\/\\\/webknjizara.hr\\\/proizvod\\\/groteskni-incidenti-ivor-kruljac\\\/#breadcrumb\",\"itemListElement\":[{\"@type\":\"ListItem\",\"position\":1,\"name\":\"Po\u010detna stranica\",\"item\":\"https:\\\/\\\/webknjizara.hr\\\/en\\\/\"},{\"@type\":\"ListItem\",\"position\":2,\"name\":\"Shop\",\"item\":\"https:\\\/\\\/webknjizara.hr\\\/shop\\\/\"},{\"@type\":\"ListItem\",\"position\":3,\"name\":\"GROTESKNI INCIDENTI, Ivor Kruljac\"}]},{\"@type\":\"WebSite\",\"@id\":\"https:\\\/\\\/webknjizara.hr\\\/#website\",\"url\":\"https:\\\/\\\/webknjizara.hr\\\/\",\"name\":\"Web Knji\u017eara\",\"description\":\"\",\"publisher\":{\"@id\":\"https:\\\/\\\/webknjizara.hr\\\/#organization\"},\"potentialAction\":[{\"@type\":\"SearchAction\",\"target\":{\"@type\":\"EntryPoint\",\"urlTemplate\":\"https:\\\/\\\/webknjizara.hr\\\/?s={search_term_string}\"},\"query-input\":{\"@type\":\"PropertyValueSpecification\",\"valueRequired\":true,\"valueName\":\"search_term_string\"}}],\"inLanguage\":\"en-US\"},{\"@type\":\"Organization\",\"@id\":\"https:\\\/\\\/webknjizara.hr\\\/#organization\",\"name\":\"REDAK D.O.O.\",\"url\":\"https:\\\/\\\/webknjizara.hr\\\/\",\"logo\":{\"@type\":\"ImageObject\",\"inLanguage\":\"en-US\",\"@id\":\"https:\\\/\\\/webknjizara.hr\\\/#\\\/schema\\\/logo\\\/image\\\/\",\"url\":\"https:\\\/\\\/webknjizara.hr\\\/wp-content\\\/uploads\\\/2023\\\/01\\\/web-knjizara-logo.webp\",\"contentUrl\":\"https:\\\/\\\/webknjizara.hr\\\/wp-content\\\/uploads\\\/2023\\\/01\\\/web-knjizara-logo.webp\",\"width\":324,\"height\":79,\"caption\":\"REDAK D.O.O.\"},\"image\":{\"@id\":\"https:\\\/\\\/webknjizara.hr\\\/#\\\/schema\\\/logo\\\/image\\\/\"}}]}<\/script>\n<!-- \/ Yoast SEO plugin. -->","yoast_head_json":{"title":"GROTESKNI INCIDENTI, Ivor Kruljac - Web-knji\u017eara","robots":{"index":"index","follow":"follow","max-snippet":"max-snippet:-1","max-image-preview":"max-image-preview:large","max-video-preview":"max-video-preview:-1"},"canonical":"https:\/\/webknjizara.hr\/proizvod\/groteskni-incidenti-ivor-kruljac\/","og_locale":"en_US","og_type":"article","og_title":"GROTESKNI INCIDENTI, Ivor Kruljac - Web-knji\u017eara","og_description":"Sa\u017eetak: Uznemiruju\u0107i doga\u0111aji u zagreba\u010dkom Arheolo\u0161kom muzeju. Nezadovoljni postolar s novim poslom. Doktor s neobi\u010dnim metodama za cijepljenje. Debata o va\u017enosti informiranja usred bombardiranja. Probijena glava u\u010denika u u\u010dionici. Domorodac nezadovoljan nasiljem svojeg plemena. \u010covjek koji \u017eeli biti mizeran kako bi lak\u0161e umro. Ovo je tek nekoliko zapleta, nekih otprije objavljenih, nekih neobjavljenih, u prvoj [&hellip;]","og_url":"https:\/\/webknjizara.hr\/proizvod\/groteskni-incidenti-ivor-kruljac\/","og_site_name":"Web-knji\u017eara","article_modified_time":"2023-02-26T23:18:39+00:00","og_image":[{"width":300,"height":419,"url":"https:\/\/webknjizara.hr\/wp-content\/uploads\/nc\/images\/virtuemart\/product\/Ivor_Kruljac_Groteskni_incidenti_webknjizara_redak_WEB_1241.jpg","type":"image\/jpeg"}],"twitter_card":"summary_large_image","twitter_misc":{"Est. reading time":"2 minutes"},"schema":{"@context":"https:\/\/schema.org","@graph":[{"@type":"WebPage","@id":"https:\/\/webknjizara.hr\/proizvod\/groteskni-incidenti-ivor-kruljac\/","url":"https:\/\/webknjizara.hr\/proizvod\/groteskni-incidenti-ivor-kruljac\/","name":"GROTESKNI INCIDENTI, Ivor Kruljac - Web-knji\u017eara","isPartOf":{"@id":"https:\/\/webknjizara.hr\/#website"},"primaryImageOfPage":{"@id":"https:\/\/webknjizara.hr\/proizvod\/groteskni-incidenti-ivor-kruljac\/#primaryimage"},"image":{"@id":"https:\/\/webknjizara.hr\/proizvod\/groteskni-incidenti-ivor-kruljac\/#primaryimage"},"thumbnailUrl":"https:\/\/webknjizara.hr\/wp-content\/uploads\/nc\/images\/virtuemart\/product\/Ivor_Kruljac_Groteskni_incidenti_webknjizara_redak_WEB_1241.jpg","datePublished":"2021-12-30T11:10:26+00:00","dateModified":"2023-02-26T23:18:39+00:00","breadcrumb":{"@id":"https:\/\/webknjizara.hr\/proizvod\/groteskni-incidenti-ivor-kruljac\/#breadcrumb"},"inLanguage":"en-US","potentialAction":[{"@type":"ReadAction","target":["https:\/\/webknjizara.hr\/proizvod\/groteskni-incidenti-ivor-kruljac\/"]}]},{"@type":"ImageObject","inLanguage":"en-US","@id":"https:\/\/webknjizara.hr\/proizvod\/groteskni-incidenti-ivor-kruljac\/#primaryimage","url":"https:\/\/webknjizara.hr\/wp-content\/uploads\/nc\/images\/virtuemart\/product\/Ivor_Kruljac_Groteskni_incidenti_webknjizara_redak_WEB_1241.jpg","contentUrl":"https:\/\/webknjizara.hr\/wp-content\/uploads\/nc\/images\/virtuemart\/product\/Ivor_Kruljac_Groteskni_incidenti_webknjizara_redak_WEB_1241.jpg","width":300,"height":419,"caption":"GROTESKNI INCIDENTI, Ivor Kruljac"},{"@type":"BreadcrumbList","@id":"https:\/\/webknjizara.hr\/proizvod\/groteskni-incidenti-ivor-kruljac\/#breadcrumb","itemListElement":[{"@type":"ListItem","position":1,"name":"Po\u010detna stranica","item":"https:\/\/webknjizara.hr\/en\/"},{"@type":"ListItem","position":2,"name":"Shop","item":"https:\/\/webknjizara.hr\/shop\/"},{"@type":"ListItem","position":3,"name":"GROTESKNI INCIDENTI, Ivor Kruljac"}]},{"@type":"WebSite","@id":"https:\/\/webknjizara.hr\/#website","url":"https:\/\/webknjizara.hr\/","name":"Web Knji\u017eara","description":"","publisher":{"@id":"https:\/\/webknjizara.hr\/#organization"},"potentialAction":[{"@type":"SearchAction","target":{"@type":"EntryPoint","urlTemplate":"https:\/\/webknjizara.hr\/?s={search_term_string}"},"query-input":{"@type":"PropertyValueSpecification","valueRequired":true,"valueName":"search_term_string"}}],"inLanguage":"en-US"},{"@type":"Organization","@id":"https:\/\/webknjizara.hr\/#organization","name":"REDAK D.O.O.","url":"https:\/\/webknjizara.hr\/","logo":{"@type":"ImageObject","inLanguage":"en-US","@id":"https:\/\/webknjizara.hr\/#\/schema\/logo\/image\/","url":"https:\/\/webknjizara.hr\/wp-content\/uploads\/2023\/01\/web-knjizara-logo.webp","contentUrl":"https:\/\/webknjizara.hr\/wp-content\/uploads\/2023\/01\/web-knjizara-logo.webp","width":324,"height":79,"caption":"REDAK D.O.O."},"image":{"@id":"https:\/\/webknjizara.hr\/#\/schema\/logo\/image\/"}}]}},"_links":{"self":[{"href":"https:\/\/webknjizara.hr\/en\/wp-json\/wp\/v2\/product\/9641","targetHints":{"allow":["GET"]}}],"collection":[{"href":"https:\/\/webknjizara.hr\/en\/wp-json\/wp\/v2\/product"}],"about":[{"href":"https:\/\/webknjizara.hr\/en\/wp-json\/wp\/v2\/types\/product"}],"replies":[{"embeddable":true,"href":"https:\/\/webknjizara.hr\/en\/wp-json\/wp\/v2\/comments?post=9641"}],"wp:featuredmedia":[{"embeddable":true,"href":"https:\/\/webknjizara.hr\/en\/wp-json\/wp\/v2\/media\/9642"}],"wp:attachment":[{"href":"https:\/\/webknjizara.hr\/en\/wp-json\/wp\/v2\/media?parent=9641"}],"wp:term":[{"taxonomy":"product_brand","embeddable":true,"href":"https:\/\/webknjizara.hr\/en\/wp-json\/wp\/v2\/product_brand?post=9641"},{"taxonomy":"product_cat","embeddable":true,"href":"https:\/\/webknjizara.hr\/en\/wp-json\/wp\/v2\/product_cat?post=9641"},{"taxonomy":"product_tag","embeddable":true,"href":"https:\/\/webknjizara.hr\/en\/wp-json\/wp\/v2\/product_tag?post=9641"}],"curies":[{"name":"wp","href":"https:\/\/api.w.org\/{rel}","templated":true}]}}