{"id":9637,"date":"2021-12-27T13:46:57","date_gmt":"2021-12-27T13:46:57","guid":{"rendered":"https:\/\/webknjizara.hr\/?product=seoske-price-lunjo-i-kornjaca-ksenija-kapec"},"modified":"2025-02-28T14:57:01","modified_gmt":"2025-02-28T13:57:01","slug":"seoske-price-lunjo-i-kornjaca-ksenija-kapec","status":"publish","type":"product","link":"https:\/\/webknjizara.hr\/en\/proizvod\/seoske-price-lunjo-i-kornjaca-ksenija-kapec\/","title":{"rendered":"SEOSKE PRI\u010cE: LUNJO I KORNJA\u010cA, Ksenija Kapec"},"content":{"rendered":"<p><strong>Sa\u017eetak:<\/strong><\/p>\n<p>Slikovnica \u201eSeoske pri\u010de: Lunjo i kornja\u010da\u201c govori o djeci vrlo va\u017enim stvarima preko zanimljivog prikaza odnosa Lunje i kornja\u010de. Pri\u010da upu\u0107uje na bitne stvari na koje odrasli usmjeravaju djecu, ali to \u010dine na svoj odrasli na\u010din, \u0161to djeca ne razumiju i \u010desto ne prihva\u0107aju. Pri\u010da o Lunji i kornja\u010di iznosi odnos Lunje i kornja\u010de koji uklju\u010duje prihva\u0107anje razli\u010ditosti, ali pokazuje i na\u010dine kojima mo\u017eemo uljep\u0161ati \u017eivot sebi i drugima, ste\u0107i nova prijateljstva, a istodobno cijeniti ono \u0161to imamo. Opisani prikaz otkriva ne samo kreativnost autorice, nego i dobro poznavanje djece, njihovih potreba i specifi\u010dnosti pristupa uva\u017eavaju\u0107i pritom i njihov uzrast i njihove potrebe. Pri\u010da je posebno va\u017ena za odrasle koji \u010desto, u najboljoj namjeri, biraju metode odraslih zaboravljaju\u0107i da su bili djeca i \u0161to je njima kao djeci trebalo. Preporu\u010duje se da pri\u010du pro\u010ditaju i odrasli, da se vrate u razdoblje svoga djetinjstva i da prema svojim potrebama tada i spoznajama sada, odaberu zanimljiv i prihvatljiv na\u010din, odnosno najbolji na\u010din pristupanja djetetu. Jo\u0161 jedanput nagla\u0161avam kreativnost autorice i dobro poznavanje potreba i pristupa djeci.<\/p>\n<p>Prof. dr. sc. Dubravka Kocijan Hercigonja, psihijatrica i psihoterapeutkinja za djecu i adolescente<\/p>\n<p><strong>Bilje\u0161ka o autorici:<\/strong><\/p>\n<p>Ksenija Kapec ro\u0111ena je 9. srpnja 1982. u Zagrebu. Diplomirala je logopediju 2009. na Edukacijsko-rehabilitacijskom fakultetu Sveu\u010dili\u0161ta u Zagrebu. Kontinuirano se obrazuje u podru\u010dju logopedije i psihoterapije djece, mladih i odraslih. Svaki dan gleda kao novi izazov i priliku za stjecanje novih znanja i vje\u0161tina koji je oboga\u0107uju te \u010dine dobro drugima. Trenutno \u017eivi i radi na otoku Rabu.<\/p>\n<p>Ciklus <em>Seoske pri\u010de<\/em> autorica posve\u0107uje svojoj baki Milici u znak zahvalnosti za sve lijepe trenutke koje joj je pru\u017eila tijekom djetinjstva.<\/p>\n<p>Pri\u010da<em> Lunjo i kornja\u010da<\/em> \u010detvrta je pri\u010da spomenutog ciklusa.<\/p>\n<p><strong>E-mail:<\/strong> <a href=\"mailto:ksenija.kapec@gmail.com\" target=\"_blank\" rel=\"noopener noreferrer\">Ksenija Kapec\u00a0<\/a><\/p>\n<p><strong>Naslov:<\/strong> Seoske pri\u010de: Lunjo i kornja\u010da<br \/>\n<strong>Autorica:<\/strong> Ksenija Kapec<br \/>\n<strong>Broj stranica:<\/strong> 24<br \/>\n<strong>Nakladnik:<\/strong> REDAK<br \/>\n<strong>Godina izdanja:<\/strong> 2021.<br \/>\n<strong>ISBN:<\/strong> 978-953-336-794-1<br \/>\n<strong>Tisak:<\/strong> digitalni tisak knjiga &#8211; print na zahtjev<\/p>\n<p><strong>Kako naru\u010diti knjigu?\u00a0<\/strong>Proces online kupovine jednako funkcionira za sve kupce, s jedinom razlikom u tome \u0161to \u0161to kupci iz inozemstva za podru\u010dje dostave moraju odabrati &#8220;Europa&#8221; ili &#8220;Ostale zemlje svijeta&#8221;, a za vrstu pla\u0107anja WSPay (kreditna kartica) ili Virmanom (bankovni transfer).<\/p>\n<p style=\"text-align: justify;\">Molimo kliknite ovdje za\u00a0<a href=\"hr\/kako-kupovati\">detaljni vodi\u010d kroz proces narud\u017ebe<\/a>\u00a0ili nas\u00a0<a href=\"hr\/kontakt\">kontaktirajte<\/a>\u00a0za vi\u0161e informacija.<\/p>\n","protected":false},"excerpt":{"rendered":"<p>Sa\u017eetak: Slikovnica \u201eSeoske pri\u010de: Lunjo i kornja\u010da\u201c govori o djeci vrlo va\u017enim stvarima preko zanimljivog prikaza odnosa Lunje i kornja\u010de. Pri\u010da upu\u0107uje na bitne stvari na koje odrasli usmjeravaju djecu, ali to \u010dine na svoj odrasli na\u010din, \u0161to djeca ne razumiju i \u010desto ne prihva\u0107aju. Pri\u010da o Lunji i kornja\u010di iznosi odnos Lunje i kornja\u010de [&hellip;]<\/p>\n","protected":false},"featured_media":9638,"comment_status":"open","ping_status":"closed","template":"","meta":{"_acf_changed":false},"product_brand":[],"product_cat":[2362,1489],"product_tag":[],"class_list":{"0":"post-9637","1":"product","2":"type-product","3":"status-publish","4":"has-post-thumbnail","6":"product_cat-slikovnica","7":"product_cat-publicistika","8":"pa_autor-ksenija-kapec","9":"pa_nakladnik-redak","11":"first","12":"instock","13":"shipping-taxable","14":"purchasable","15":"product-type-simple"},"acf":[],"yoast_head":"<!-- This site is optimized with the Yoast SEO plugin v27.3 - https:\/\/yoast.com\/product\/yoast-seo-wordpress\/ -->\n<title>SEOSKE PRI\u010cE: LUNJO I KORNJA\u010cA, Ksenija Kapec - Web-knji\u017eara<\/title>\n<meta name=\"robots\" content=\"index, follow, max-snippet:-1, max-image-preview:large, max-video-preview:-1\" \/>\n<link rel=\"canonical\" href=\"https:\/\/webknjizara.hr\/proizvod\/seoske-price-lunjo-i-kornjaca-ksenija-kapec\/\" \/>\n<meta property=\"og:locale\" content=\"en_US\" \/>\n<meta property=\"og:type\" content=\"article\" \/>\n<meta property=\"og:title\" content=\"SEOSKE PRI\u010cE: LUNJO I KORNJA\u010cA, Ksenija Kapec - Web-knji\u017eara\" \/>\n<meta property=\"og:description\" content=\"Sa\u017eetak: Slikovnica \u201eSeoske pri\u010de: Lunjo i kornja\u010da\u201c govori o djeci vrlo va\u017enim stvarima preko zanimljivog prikaza odnosa Lunje i kornja\u010de. Pri\u010da upu\u0107uje na bitne stvari na koje odrasli usmjeravaju djecu, ali to \u010dine na svoj odrasli na\u010din, \u0161to djeca ne razumiju i \u010desto ne prihva\u0107aju. Pri\u010da o Lunji i kornja\u010di iznosi odnos Lunje i kornja\u010de [&hellip;]\" \/>\n<meta property=\"og:url\" content=\"https:\/\/webknjizara.hr\/proizvod\/seoske-price-lunjo-i-kornjaca-ksenija-kapec\/\" \/>\n<meta property=\"og:site_name\" content=\"Web-knji\u017eara\" \/>\n<meta property=\"article:modified_time\" content=\"2025-02-28T13:57:01+00:00\" \/>\n<meta property=\"og:image\" content=\"https:\/\/webknjizara.hr\/wp-content\/uploads\/nc\/images\/virtuemart\/product\/Ksenija_Kapec_Seoske_price_Lunjo_i_kornjaca_webknjizara_redak_WEB_1229-Copy.jpg\" \/>\n\t<meta property=\"og:image:width\" content=\"300\" \/>\n\t<meta property=\"og:image:height\" content=\"419\" \/>\n\t<meta property=\"og:image:type\" content=\"image\/jpeg\" \/>\n<meta name=\"twitter:card\" content=\"summary_large_image\" \/>\n<meta name=\"twitter:label1\" content=\"Est. reading time\" \/>\n\t<meta name=\"twitter:data1\" content=\"3 minutes\" \/>\n<script type=\"application\/ld+json\" class=\"yoast-schema-graph\">{\"@context\":\"https:\\\/\\\/schema.org\",\"@graph\":[{\"@type\":\"WebPage\",\"@id\":\"https:\\\/\\\/webknjizara.hr\\\/proizvod\\\/seoske-price-lunjo-i-kornjaca-ksenija-kapec\\\/\",\"url\":\"https:\\\/\\\/webknjizara.hr\\\/proizvod\\\/seoske-price-lunjo-i-kornjaca-ksenija-kapec\\\/\",\"name\":\"SEOSKE PRI\u010cE: LUNJO I KORNJA\u010cA, Ksenija Kapec - Web-knji\u017eara\",\"isPartOf\":{\"@id\":\"https:\\\/\\\/webknjizara.hr\\\/#website\"},\"primaryImageOfPage\":{\"@id\":\"https:\\\/\\\/webknjizara.hr\\\/proizvod\\\/seoske-price-lunjo-i-kornjaca-ksenija-kapec\\\/#primaryimage\"},\"image\":{\"@id\":\"https:\\\/\\\/webknjizara.hr\\\/proizvod\\\/seoske-price-lunjo-i-kornjaca-ksenija-kapec\\\/#primaryimage\"},\"thumbnailUrl\":\"https:\\\/\\\/webknjizara.hr\\\/wp-content\\\/uploads\\\/nc\\\/images\\\/virtuemart\\\/product\\\/Ksenija_Kapec_Seoske_price_Lunjo_i_kornjaca_webknjizara_redak_WEB_1229-Copy.jpg\",\"datePublished\":\"2021-12-27T13:46:57+00:00\",\"dateModified\":\"2025-02-28T13:57:01+00:00\",\"breadcrumb\":{\"@id\":\"https:\\\/\\\/webknjizara.hr\\\/proizvod\\\/seoske-price-lunjo-i-kornjaca-ksenija-kapec\\\/#breadcrumb\"},\"inLanguage\":\"en-US\",\"potentialAction\":[{\"@type\":\"ReadAction\",\"target\":[\"https:\\\/\\\/webknjizara.hr\\\/proizvod\\\/seoske-price-lunjo-i-kornjaca-ksenija-kapec\\\/\"]}]},{\"@type\":\"ImageObject\",\"inLanguage\":\"en-US\",\"@id\":\"https:\\\/\\\/webknjizara.hr\\\/proizvod\\\/seoske-price-lunjo-i-kornjaca-ksenija-kapec\\\/#primaryimage\",\"url\":\"https:\\\/\\\/webknjizara.hr\\\/wp-content\\\/uploads\\\/nc\\\/images\\\/virtuemart\\\/product\\\/Ksenija_Kapec_Seoske_price_Lunjo_i_kornjaca_webknjizara_redak_WEB_1229-Copy.jpg\",\"contentUrl\":\"https:\\\/\\\/webknjizara.hr\\\/wp-content\\\/uploads\\\/nc\\\/images\\\/virtuemart\\\/product\\\/Ksenija_Kapec_Seoske_price_Lunjo_i_kornjaca_webknjizara_redak_WEB_1229-Copy.jpg\",\"width\":300,\"height\":419,\"caption\":\"SEOSKE PRI\u010cE: LUNJO I KORNJA\u010cA, Ksenija Kapec\"},{\"@type\":\"BreadcrumbList\",\"@id\":\"https:\\\/\\\/webknjizara.hr\\\/proizvod\\\/seoske-price-lunjo-i-kornjaca-ksenija-kapec\\\/#breadcrumb\",\"itemListElement\":[{\"@type\":\"ListItem\",\"position\":1,\"name\":\"Po\u010detna stranica\",\"item\":\"https:\\\/\\\/webknjizara.hr\\\/en\\\/\"},{\"@type\":\"ListItem\",\"position\":2,\"name\":\"Shop\",\"item\":\"https:\\\/\\\/webknjizara.hr\\\/shop\\\/\"},{\"@type\":\"ListItem\",\"position\":3,\"name\":\"SEOSKE PRI\u010cE: LUNJO I KORNJA\u010cA, Ksenija Kapec\"}]},{\"@type\":\"WebSite\",\"@id\":\"https:\\\/\\\/webknjizara.hr\\\/#website\",\"url\":\"https:\\\/\\\/webknjizara.hr\\\/\",\"name\":\"Web Knji\u017eara\",\"description\":\"\",\"publisher\":{\"@id\":\"https:\\\/\\\/webknjizara.hr\\\/#organization\"},\"potentialAction\":[{\"@type\":\"SearchAction\",\"target\":{\"@type\":\"EntryPoint\",\"urlTemplate\":\"https:\\\/\\\/webknjizara.hr\\\/?s={search_term_string}\"},\"query-input\":{\"@type\":\"PropertyValueSpecification\",\"valueRequired\":true,\"valueName\":\"search_term_string\"}}],\"inLanguage\":\"en-US\"},{\"@type\":\"Organization\",\"@id\":\"https:\\\/\\\/webknjizara.hr\\\/#organization\",\"name\":\"REDAK D.O.O.\",\"url\":\"https:\\\/\\\/webknjizara.hr\\\/\",\"logo\":{\"@type\":\"ImageObject\",\"inLanguage\":\"en-US\",\"@id\":\"https:\\\/\\\/webknjizara.hr\\\/#\\\/schema\\\/logo\\\/image\\\/\",\"url\":\"https:\\\/\\\/webknjizara.hr\\\/wp-content\\\/uploads\\\/2023\\\/01\\\/web-knjizara-logo.webp\",\"contentUrl\":\"https:\\\/\\\/webknjizara.hr\\\/wp-content\\\/uploads\\\/2023\\\/01\\\/web-knjizara-logo.webp\",\"width\":324,\"height\":79,\"caption\":\"REDAK D.O.O.\"},\"image\":{\"@id\":\"https:\\\/\\\/webknjizara.hr\\\/#\\\/schema\\\/logo\\\/image\\\/\"}}]}<\/script>\n<!-- \/ Yoast SEO plugin. -->","yoast_head_json":{"title":"SEOSKE PRI\u010cE: LUNJO I KORNJA\u010cA, Ksenija Kapec - Web-knji\u017eara","robots":{"index":"index","follow":"follow","max-snippet":"max-snippet:-1","max-image-preview":"max-image-preview:large","max-video-preview":"max-video-preview:-1"},"canonical":"https:\/\/webknjizara.hr\/proizvod\/seoske-price-lunjo-i-kornjaca-ksenija-kapec\/","og_locale":"en_US","og_type":"article","og_title":"SEOSKE PRI\u010cE: LUNJO I KORNJA\u010cA, Ksenija Kapec - Web-knji\u017eara","og_description":"Sa\u017eetak: Slikovnica \u201eSeoske pri\u010de: Lunjo i kornja\u010da\u201c govori o djeci vrlo va\u017enim stvarima preko zanimljivog prikaza odnosa Lunje i kornja\u010de. Pri\u010da upu\u0107uje na bitne stvari na koje odrasli usmjeravaju djecu, ali to \u010dine na svoj odrasli na\u010din, \u0161to djeca ne razumiju i \u010desto ne prihva\u0107aju. Pri\u010da o Lunji i kornja\u010di iznosi odnos Lunje i kornja\u010de [&hellip;]","og_url":"https:\/\/webknjizara.hr\/proizvod\/seoske-price-lunjo-i-kornjaca-ksenija-kapec\/","og_site_name":"Web-knji\u017eara","article_modified_time":"2025-02-28T13:57:01+00:00","og_image":[{"width":300,"height":419,"url":"https:\/\/webknjizara.hr\/wp-content\/uploads\/nc\/images\/virtuemart\/product\/Ksenija_Kapec_Seoske_price_Lunjo_i_kornjaca_webknjizara_redak_WEB_1229-Copy.jpg","type":"image\/jpeg"}],"twitter_card":"summary_large_image","twitter_misc":{"Est. reading time":"3 minutes"},"schema":{"@context":"https:\/\/schema.org","@graph":[{"@type":"WebPage","@id":"https:\/\/webknjizara.hr\/proizvod\/seoske-price-lunjo-i-kornjaca-ksenija-kapec\/","url":"https:\/\/webknjizara.hr\/proizvod\/seoske-price-lunjo-i-kornjaca-ksenija-kapec\/","name":"SEOSKE PRI\u010cE: LUNJO I KORNJA\u010cA, Ksenija Kapec - Web-knji\u017eara","isPartOf":{"@id":"https:\/\/webknjizara.hr\/#website"},"primaryImageOfPage":{"@id":"https:\/\/webknjizara.hr\/proizvod\/seoske-price-lunjo-i-kornjaca-ksenija-kapec\/#primaryimage"},"image":{"@id":"https:\/\/webknjizara.hr\/proizvod\/seoske-price-lunjo-i-kornjaca-ksenija-kapec\/#primaryimage"},"thumbnailUrl":"https:\/\/webknjizara.hr\/wp-content\/uploads\/nc\/images\/virtuemart\/product\/Ksenija_Kapec_Seoske_price_Lunjo_i_kornjaca_webknjizara_redak_WEB_1229-Copy.jpg","datePublished":"2021-12-27T13:46:57+00:00","dateModified":"2025-02-28T13:57:01+00:00","breadcrumb":{"@id":"https:\/\/webknjizara.hr\/proizvod\/seoske-price-lunjo-i-kornjaca-ksenija-kapec\/#breadcrumb"},"inLanguage":"en-US","potentialAction":[{"@type":"ReadAction","target":["https:\/\/webknjizara.hr\/proizvod\/seoske-price-lunjo-i-kornjaca-ksenija-kapec\/"]}]},{"@type":"ImageObject","inLanguage":"en-US","@id":"https:\/\/webknjizara.hr\/proizvod\/seoske-price-lunjo-i-kornjaca-ksenija-kapec\/#primaryimage","url":"https:\/\/webknjizara.hr\/wp-content\/uploads\/nc\/images\/virtuemart\/product\/Ksenija_Kapec_Seoske_price_Lunjo_i_kornjaca_webknjizara_redak_WEB_1229-Copy.jpg","contentUrl":"https:\/\/webknjizara.hr\/wp-content\/uploads\/nc\/images\/virtuemart\/product\/Ksenija_Kapec_Seoske_price_Lunjo_i_kornjaca_webknjizara_redak_WEB_1229-Copy.jpg","width":300,"height":419,"caption":"SEOSKE PRI\u010cE: LUNJO I KORNJA\u010cA, Ksenija Kapec"},{"@type":"BreadcrumbList","@id":"https:\/\/webknjizara.hr\/proizvod\/seoske-price-lunjo-i-kornjaca-ksenija-kapec\/#breadcrumb","itemListElement":[{"@type":"ListItem","position":1,"name":"Po\u010detna stranica","item":"https:\/\/webknjizara.hr\/en\/"},{"@type":"ListItem","position":2,"name":"Shop","item":"https:\/\/webknjizara.hr\/shop\/"},{"@type":"ListItem","position":3,"name":"SEOSKE PRI\u010cE: LUNJO I KORNJA\u010cA, Ksenija Kapec"}]},{"@type":"WebSite","@id":"https:\/\/webknjizara.hr\/#website","url":"https:\/\/webknjizara.hr\/","name":"Web Knji\u017eara","description":"","publisher":{"@id":"https:\/\/webknjizara.hr\/#organization"},"potentialAction":[{"@type":"SearchAction","target":{"@type":"EntryPoint","urlTemplate":"https:\/\/webknjizara.hr\/?s={search_term_string}"},"query-input":{"@type":"PropertyValueSpecification","valueRequired":true,"valueName":"search_term_string"}}],"inLanguage":"en-US"},{"@type":"Organization","@id":"https:\/\/webknjizara.hr\/#organization","name":"REDAK D.O.O.","url":"https:\/\/webknjizara.hr\/","logo":{"@type":"ImageObject","inLanguage":"en-US","@id":"https:\/\/webknjizara.hr\/#\/schema\/logo\/image\/","url":"https:\/\/webknjizara.hr\/wp-content\/uploads\/2023\/01\/web-knjizara-logo.webp","contentUrl":"https:\/\/webknjizara.hr\/wp-content\/uploads\/2023\/01\/web-knjizara-logo.webp","width":324,"height":79,"caption":"REDAK D.O.O."},"image":{"@id":"https:\/\/webknjizara.hr\/#\/schema\/logo\/image\/"}}]}},"_links":{"self":[{"href":"https:\/\/webknjizara.hr\/en\/wp-json\/wp\/v2\/product\/9637","targetHints":{"allow":["GET"]}}],"collection":[{"href":"https:\/\/webknjizara.hr\/en\/wp-json\/wp\/v2\/product"}],"about":[{"href":"https:\/\/webknjizara.hr\/en\/wp-json\/wp\/v2\/types\/product"}],"replies":[{"embeddable":true,"href":"https:\/\/webknjizara.hr\/en\/wp-json\/wp\/v2\/comments?post=9637"}],"wp:featuredmedia":[{"embeddable":true,"href":"https:\/\/webknjizara.hr\/en\/wp-json\/wp\/v2\/media\/9638"}],"wp:attachment":[{"href":"https:\/\/webknjizara.hr\/en\/wp-json\/wp\/v2\/media?parent=9637"}],"wp:term":[{"taxonomy":"product_brand","embeddable":true,"href":"https:\/\/webknjizara.hr\/en\/wp-json\/wp\/v2\/product_brand?post=9637"},{"taxonomy":"product_cat","embeddable":true,"href":"https:\/\/webknjizara.hr\/en\/wp-json\/wp\/v2\/product_cat?post=9637"},{"taxonomy":"product_tag","embeddable":true,"href":"https:\/\/webknjizara.hr\/en\/wp-json\/wp\/v2\/product_tag?post=9637"}],"curies":[{"name":"wp","href":"https:\/\/api.w.org\/{rel}","templated":true}]}}