{"id":9619,"date":"2021-12-09T11:59:06","date_gmt":"2021-12-09T10:59:06","guid":{"rendered":"https:\/\/webknjizara.hr\/?product=muskarac-u-vezi-%e2%80%93-od-veze-bez-obaveza-do-kvalitetne-ljubavne-veze-sanela-kovacevic-nelly"},"modified":"2025-02-12T07:11:56","modified_gmt":"2025-02-12T06:11:56","slug":"novi-2","status":"publish","type":"product","link":"https:\/\/webknjizara.hr\/en\/proizvod\/novi-2\/","title":{"rendered":"MU\u0160KARAC U VEZI \u2013 OD VEZE BEZ OBAVEZA DO KVALITETNE LJUBAVNE VEZE, Sanela Kova\u010devi\u0107 Nelly"},"content":{"rendered":"<p><strong>Sa\u017eetak:<\/strong><\/p>\n<p><strong>Knjiga \u201eMu\u0161karac u vezi\u201c\u00a0<\/strong>tre\u0107a je u nizu hit-knjiga \u201e<strong>Mu\u0161karac u \u0161aci<\/strong>\u201c i \u201e<strong>Mu\u0161karac iz snova<\/strong>\u201c, koje su promijenile ljubavni \u017eivot tisu\u0107ama \u017eena svih generacija. Ako ste se ikada pitale kako uistinu zainteresirati mu\u0161karca na duge staze i kako ostvariti dugoro\u010dnu vezu ili brak s kvalitetnim mu\u0161karcem, onda ste na pravome mjestu. Da, mo\u017eete ostvariti sve ono o \u010demu ste oduvijek ma\u0161tale, mo\u017eete biti voljene, cijenjene i mo\u017ee vas obo\u017eavati pravi mu\u0161karac. Mo\u017eete imati sve, ali morate znati kako funkcionira mu\u0161ki um i kako potaknuti mu\u0161karca da se po\u017eeli vezati na duge staze.<\/p>\n<p>U knjizi Mu\u0161karac u vezi saznajte:<\/p>\n<ul>\n<li><strong>Za\u0161to sve krene nizbrdo onda kada treba postati najbolje?<\/strong><\/li>\n<li><strong>Za\u0161to \u0107e se on opet sjetiti tebe, iako je on taj koji je odlu\u010dio napraviti distancu?<\/strong><\/li>\n<li><strong>Za\u0161to \u0107e se on zaljubiti u tebe, \u010dak i ako se dvoumi oko va\u0161eg odnosa?<\/strong><\/li>\n<li><strong>Kako ga ponovno zainteresirati onda kada se po\u010dne udaljavati?<\/strong><\/li>\n<li><strong>Za\u0161to se mu\u0161karci povla\u010de \u010dak i onda kada postoje emocije?<\/strong><\/li>\n<li><strong>Za\u0161to se mu\u0161karci boje vezanja i kako ukloniti taj strah?<\/strong><\/li>\n<li><strong>Kada \u0107e mu\u0161karac \u017eeljeti vezu s tobom vi\u0161e od i\u010dega?<\/strong><\/li>\n<li><strong>Kako se emocionalno povezati s mu\u0161karcem?<\/strong><\/li>\n<li><strong>Koje su tajne uspje\u0161ne komunikacije u vezi ili u braku?<\/strong><\/li>\n<li><strong>Kako \u201ezapaliti vatru\u201c i o\u017eivjeti uspavanu vezu ili brak?<\/strong><\/li>\n<li><strong>Kako postati \u201eOna Prava\u201c, \u201eVila\u201c, ili \u017eena za sva vremena?<\/strong><\/li>\n<\/ul>\n<p>Odgovore na ova i brojna druga pitanja, prona\u0107i \u0107ete u ovoj knjizi, koja \u0107e sasvim sigurno biti jedna od najboljih knjiga o ljubavnim odnosima koju ste ikada pro\u010ditale. Bez obzira na to u kojoj se ljubavnoj situaciji trenutno nalazite, kada pro\u010ditate ovu knjigu i primijenite nau\u010deno, o\u010dekuju vas zapanjuju\u0107i rezultati.\u00a0<\/p>\n<p>Vrijeme je da nau\u010dite:<\/p>\n<ul>\n<li><strong>Kako svaku situaciju iskoristiti sebi u prilog, bez gubljenja dragocjenog vremena na nesretne taktike i beskorisne savjete okoline<\/strong><\/li>\n<li><strong>Kako zainteresirati mu\u0161karca (\u010dak i onoga koji se distancirao)<\/strong><\/li>\n<li><strong>Kako ostvariti i odr\u017eati onu pravu kvalitetnu vezu ili brak<\/strong><\/li>\n<li><strong>Kako u mu\u0161karcu izazvati onaj eufori\u010dan osje\u0107aj koji govori: \u201e\u017delim te pored sebe za sva vremena\u201c<\/strong><\/li>\n<li><strong>Kako posti\u0107i da taj osje\u0107aj zanesenosti potraje i postane sve sna\u017eniji i sna\u017eniji<\/strong><\/li>\n<\/ul>\n<p>Imajte na umu sljede\u0107e:\u00a0<\/p>\n<p><strong>Mu\u0161karci se ne zaljubljuju u \u017eene koje se oko njih trude. Oni se zaljubljuju onda kada se oni sami po\u010dnu truditi. Zaljubljuju se u onu \u017eenu koja ih zna motivirati da se popnu na najvi\u0161u planinu, da bi prona\u0161li put do njezina srca.<\/strong><\/p>\n<p>\u00a0<\/p>\n<p><strong>Bilje\u0161ka o autorici: <\/strong><\/p>\n<p>Sanela Kova\u010devi\u0107 Nelly poznata je hrvatska spisateljica i najtra\u017eeniji <em>love coach<\/em> u regiji. Magistra je ekonomije, govori engleski, njema\u010dki, \u0161panjolski i talijanski jezik, a svoje prve autorske korake zapo\u010dinje kao tekstopisac u glazbenoj industriji. Najpoznatija je po svojim bestselerima, knjigama \u201eMu\u0161karac u \u0161aci\u201c i \u201eMu\u0161karac iz snova\u201c, koje su za svjetsko tr\u017ei\u0161te &#8211; zbog svoje popularnosti na na\u0161im prostorima &#8211; prevedene na engleski jezik.<\/p>\n<p><strong>Klju\u010dne rije\u010di: <\/strong>Mu\u0161karac iz snova, kako osvojiti mu\u0161karca, kako vratiti njegov interes, kako posti\u0107i da se mu\u0161karac zaljubi, ljubav, zaljubljen mu\u0161karac, zainteresiran mu\u0161karac, kako ga vratiti, kako vratiti biv\u0161eg<\/p>\n<p><strong>Link: <\/strong><a href=\"http:\/\/www.muskaracusaci.com\">www.muskaracusaci.com<\/a> , <a href=\"http:\/\/www.sanelakovacevicnelly.eu\">www.sanelakovacevicnelly.eu<\/a><\/p>\n<p><strong>E-mail: <a href=\"mailto:info@muskaracusaci.com\" target=\"_blank\" rel=\"noopener noreferrer\">Sanela Kova\u010devi\u0107 Nelly<\/a><\/strong><\/p>\n<p><strong>\u00a0<\/strong><\/p>\n<p><strong>Naslov: <\/strong>Mu\u0161karac u vezi \u2013 od veze bez obaveza do kvalitetne ljubavne veze<br \/> <strong>Autorica:<\/strong> Sanela Kova\u010devi\u0107 Nelly<br \/> <strong>Broj stranica: <\/strong>168<br \/> <strong>Nakladnik: <\/strong>Vlastita naklada<br \/> <strong>Godina izdanja: <\/strong><strong>2021<br \/> <\/strong><strong>ISBN:<\/strong> 978-953-59447-4-4<br \/> <strong>Tisak:<\/strong> digitalni tisak knjiga &#8211; print na zahtjev<\/p>\n<p style=\"text-align: justify;\">\u00a0<\/p>\n<p style=\"text-align: justify;\"><strong>Kako naru\u010diti knjigu?\u00a0<\/strong>Proces online kupovine jednako funkcionira za sve kupce, s jedinom razlikom u tome \u0161to \u0161to kupci iz inozemstva za podru\u010dje dostave moraju odabrati &#8220;Europa&#8221; ili &#8220;Ostale zemlje svijeta&#8221;, a za vrstu pla\u0107anja WSPay (kreditna kartica) ili Virmanom (bankovni transfer).<\/p>\n<p style=\"text-align: justify;\">Molimo kliknite ovdje za\u00a0<a href=\"hr\/kako-kupovati\">detaljni vodi\u010d kroz proces narud\u017ebe<\/a>\u00a0ili nas\u00a0<a href=\"hr\/kontakt\">kontaktirajte<\/a>\u00a0za vi\u0161e informacija.<\/p>\n","protected":false},"excerpt":{"rendered":"<p>Sa\u017eetak: Knjiga \u201eMu\u0161karac u vezi\u201c\u00a0tre\u0107a je u nizu hit-knjiga \u201eMu\u0161karac u \u0161aci\u201c i \u201eMu\u0161karac iz snova\u201c, koje su promijenile ljubavni \u017eivot tisu\u0107ama \u017eena svih generacija. Ako ste se ikada pitale kako uistinu zainteresirati mu\u0161karca na duge staze i kako ostvariti dugoro\u010dnu vezu ili brak s kvalitetnim mu\u0161karcem, onda ste na pravome mjestu. Da, mo\u017eete ostvariti [&hellip;]<\/p>\n","protected":false},"featured_media":9620,"comment_status":"open","ping_status":"closed","template":"","meta":{"_acf_changed":false},"product_brand":[],"product_cat":[1517],"product_tag":[],"class_list":{"0":"post-9619","1":"product","2":"type-product","3":"status-publish","4":"has-post-thumbnail","6":"product_cat-strucna-literatura","7":"pa_autor-sanela-kovacevic-nelly","8":"pa_nakladnik-vlastita-naklada","10":"first","11":"instock","12":"shipping-taxable","13":"purchasable","14":"product-type-simple"},"acf":[],"yoast_head":"<!-- This site is optimized with the Yoast SEO plugin v27.3 - https:\/\/yoast.com\/product\/yoast-seo-wordpress\/ -->\n<title>MU\u0160KARAC U VEZI \u2013 OD VEZE BEZ OBAVEZA DO KVALITETNE LJUBAVNE VEZE, Sanela Kova\u010devi\u0107 Nelly - Web-knji\u017eara<\/title>\n<meta name=\"robots\" content=\"index, follow, max-snippet:-1, max-image-preview:large, max-video-preview:-1\" \/>\n<link rel=\"canonical\" href=\"https:\/\/webknjizara.hr\/proizvod\/novi-2\/\" \/>\n<meta property=\"og:locale\" content=\"en_US\" \/>\n<meta property=\"og:type\" content=\"article\" \/>\n<meta property=\"og:title\" content=\"MU\u0160KARAC U VEZI \u2013 OD VEZE BEZ OBAVEZA DO KVALITETNE LJUBAVNE VEZE, Sanela Kova\u010devi\u0107 Nelly - Web-knji\u017eara\" \/>\n<meta property=\"og:description\" content=\"Sa\u017eetak: Knjiga \u201eMu\u0161karac u vezi\u201c\u00a0tre\u0107a je u nizu hit-knjiga \u201eMu\u0161karac u \u0161aci\u201c i \u201eMu\u0161karac iz snova\u201c, koje su promijenile ljubavni \u017eivot tisu\u0107ama \u017eena svih generacija. Ako ste se ikada pitale kako uistinu zainteresirati mu\u0161karca na duge staze i kako ostvariti dugoro\u010dnu vezu ili brak s kvalitetnim mu\u0161karcem, onda ste na pravome mjestu. Da, mo\u017eete ostvariti [&hellip;]\" \/>\n<meta property=\"og:url\" content=\"https:\/\/webknjizara.hr\/proizvod\/novi-2\/\" \/>\n<meta property=\"og:site_name\" content=\"Web-knji\u017eara\" \/>\n<meta property=\"article:modified_time\" content=\"2025-02-12T06:11:56+00:00\" \/>\n<meta property=\"og:image\" content=\"https:\/\/webknjizara.hr\/wp-content\/uploads\/nc\/images\/virtuemart\/product\/Sanela_Kovacevic_Nelly_Muskarac_u_vezi__od_veze_bez_obaveza_do_kvalitetne_ljubavne_veze_webknjizara_redak_WEB_1243.jpg\" \/>\n\t<meta property=\"og:image:width\" content=\"300\" \/>\n\t<meta property=\"og:image:height\" content=\"419\" \/>\n\t<meta property=\"og:image:type\" content=\"image\/jpeg\" \/>\n<meta name=\"twitter:card\" content=\"summary_large_image\" \/>\n<meta name=\"twitter:label1\" content=\"Est. reading time\" \/>\n\t<meta name=\"twitter:data1\" content=\"3 minutes\" \/>\n<script type=\"application\/ld+json\" class=\"yoast-schema-graph\">{\"@context\":\"https:\\\/\\\/schema.org\",\"@graph\":[{\"@type\":\"WebPage\",\"@id\":\"https:\\\/\\\/webknjizara.hr\\\/proizvod\\\/novi-2\\\/\",\"url\":\"https:\\\/\\\/webknjizara.hr\\\/proizvod\\\/novi-2\\\/\",\"name\":\"MU\u0160KARAC U VEZI \u2013 OD VEZE BEZ OBAVEZA DO KVALITETNE LJUBAVNE VEZE, Sanela Kova\u010devi\u0107 Nelly - Web-knji\u017eara\",\"isPartOf\":{\"@id\":\"https:\\\/\\\/webknjizara.hr\\\/#website\"},\"primaryImageOfPage\":{\"@id\":\"https:\\\/\\\/webknjizara.hr\\\/proizvod\\\/novi-2\\\/#primaryimage\"},\"image\":{\"@id\":\"https:\\\/\\\/webknjizara.hr\\\/proizvod\\\/novi-2\\\/#primaryimage\"},\"thumbnailUrl\":\"https:\\\/\\\/webknjizara.hr\\\/wp-content\\\/uploads\\\/nc\\\/images\\\/virtuemart\\\/product\\\/Sanela_Kovacevic_Nelly_Muskarac_u_vezi__od_veze_bez_obaveza_do_kvalitetne_ljubavne_veze_webknjizara_redak_WEB_1243.jpg\",\"datePublished\":\"2021-12-09T10:59:06+00:00\",\"dateModified\":\"2025-02-12T06:11:56+00:00\",\"breadcrumb\":{\"@id\":\"https:\\\/\\\/webknjizara.hr\\\/proizvod\\\/novi-2\\\/#breadcrumb\"},\"inLanguage\":\"en-US\",\"potentialAction\":[{\"@type\":\"ReadAction\",\"target\":[\"https:\\\/\\\/webknjizara.hr\\\/proizvod\\\/novi-2\\\/\"]}]},{\"@type\":\"ImageObject\",\"inLanguage\":\"en-US\",\"@id\":\"https:\\\/\\\/webknjizara.hr\\\/proizvod\\\/novi-2\\\/#primaryimage\",\"url\":\"https:\\\/\\\/webknjizara.hr\\\/wp-content\\\/uploads\\\/nc\\\/images\\\/virtuemart\\\/product\\\/Sanela_Kovacevic_Nelly_Muskarac_u_vezi__od_veze_bez_obaveza_do_kvalitetne_ljubavne_veze_webknjizara_redak_WEB_1243.jpg\",\"contentUrl\":\"https:\\\/\\\/webknjizara.hr\\\/wp-content\\\/uploads\\\/nc\\\/images\\\/virtuemart\\\/product\\\/Sanela_Kovacevic_Nelly_Muskarac_u_vezi__od_veze_bez_obaveza_do_kvalitetne_ljubavne_veze_webknjizara_redak_WEB_1243.jpg\",\"width\":300,\"height\":419,\"caption\":\"MU\u0160KARAC U VEZI \u2013 OD VEZE BEZ OBAVEZA DO KVALITETNE LJUBAVNE VEZE, Sanela Kova\u010devi\u0107 Nelly\"},{\"@type\":\"BreadcrumbList\",\"@id\":\"https:\\\/\\\/webknjizara.hr\\\/proizvod\\\/novi-2\\\/#breadcrumb\",\"itemListElement\":[{\"@type\":\"ListItem\",\"position\":1,\"name\":\"Po\u010detna stranica\",\"item\":\"https:\\\/\\\/webknjizara.hr\\\/en\\\/\"},{\"@type\":\"ListItem\",\"position\":2,\"name\":\"Shop\",\"item\":\"https:\\\/\\\/webknjizara.hr\\\/shop\\\/\"},{\"@type\":\"ListItem\",\"position\":3,\"name\":\"MU\u0160KARAC U VEZI \u2013 OD VEZE BEZ OBAVEZA DO KVALITETNE LJUBAVNE VEZE, Sanela Kova\u010devi\u0107 Nelly\"}]},{\"@type\":\"WebSite\",\"@id\":\"https:\\\/\\\/webknjizara.hr\\\/#website\",\"url\":\"https:\\\/\\\/webknjizara.hr\\\/\",\"name\":\"Web Knji\u017eara\",\"description\":\"\",\"publisher\":{\"@id\":\"https:\\\/\\\/webknjizara.hr\\\/#organization\"},\"potentialAction\":[{\"@type\":\"SearchAction\",\"target\":{\"@type\":\"EntryPoint\",\"urlTemplate\":\"https:\\\/\\\/webknjizara.hr\\\/?s={search_term_string}\"},\"query-input\":{\"@type\":\"PropertyValueSpecification\",\"valueRequired\":true,\"valueName\":\"search_term_string\"}}],\"inLanguage\":\"en-US\"},{\"@type\":\"Organization\",\"@id\":\"https:\\\/\\\/webknjizara.hr\\\/#organization\",\"name\":\"REDAK D.O.O.\",\"url\":\"https:\\\/\\\/webknjizara.hr\\\/\",\"logo\":{\"@type\":\"ImageObject\",\"inLanguage\":\"en-US\",\"@id\":\"https:\\\/\\\/webknjizara.hr\\\/#\\\/schema\\\/logo\\\/image\\\/\",\"url\":\"https:\\\/\\\/webknjizara.hr\\\/wp-content\\\/uploads\\\/2023\\\/01\\\/web-knjizara-logo.webp\",\"contentUrl\":\"https:\\\/\\\/webknjizara.hr\\\/wp-content\\\/uploads\\\/2023\\\/01\\\/web-knjizara-logo.webp\",\"width\":324,\"height\":79,\"caption\":\"REDAK D.O.O.\"},\"image\":{\"@id\":\"https:\\\/\\\/webknjizara.hr\\\/#\\\/schema\\\/logo\\\/image\\\/\"}}]}<\/script>\n<!-- \/ Yoast SEO plugin. -->","yoast_head_json":{"title":"MU\u0160KARAC U VEZI \u2013 OD VEZE BEZ OBAVEZA DO KVALITETNE LJUBAVNE VEZE, Sanela Kova\u010devi\u0107 Nelly - Web-knji\u017eara","robots":{"index":"index","follow":"follow","max-snippet":"max-snippet:-1","max-image-preview":"max-image-preview:large","max-video-preview":"max-video-preview:-1"},"canonical":"https:\/\/webknjizara.hr\/proizvod\/novi-2\/","og_locale":"en_US","og_type":"article","og_title":"MU\u0160KARAC U VEZI \u2013 OD VEZE BEZ OBAVEZA DO KVALITETNE LJUBAVNE VEZE, Sanela Kova\u010devi\u0107 Nelly - Web-knji\u017eara","og_description":"Sa\u017eetak: Knjiga \u201eMu\u0161karac u vezi\u201c\u00a0tre\u0107a je u nizu hit-knjiga \u201eMu\u0161karac u \u0161aci\u201c i \u201eMu\u0161karac iz snova\u201c, koje su promijenile ljubavni \u017eivot tisu\u0107ama \u017eena svih generacija. Ako ste se ikada pitale kako uistinu zainteresirati mu\u0161karca na duge staze i kako ostvariti dugoro\u010dnu vezu ili brak s kvalitetnim mu\u0161karcem, onda ste na pravome mjestu. Da, mo\u017eete ostvariti [&hellip;]","og_url":"https:\/\/webknjizara.hr\/proizvod\/novi-2\/","og_site_name":"Web-knji\u017eara","article_modified_time":"2025-02-12T06:11:56+00:00","og_image":[{"width":300,"height":419,"url":"https:\/\/webknjizara.hr\/wp-content\/uploads\/nc\/images\/virtuemart\/product\/Sanela_Kovacevic_Nelly_Muskarac_u_vezi__od_veze_bez_obaveza_do_kvalitetne_ljubavne_veze_webknjizara_redak_WEB_1243.jpg","type":"image\/jpeg"}],"twitter_card":"summary_large_image","twitter_misc":{"Est. reading time":"3 minutes"},"schema":{"@context":"https:\/\/schema.org","@graph":[{"@type":"WebPage","@id":"https:\/\/webknjizara.hr\/proizvod\/novi-2\/","url":"https:\/\/webknjizara.hr\/proizvod\/novi-2\/","name":"MU\u0160KARAC U VEZI \u2013 OD VEZE BEZ OBAVEZA DO KVALITETNE LJUBAVNE VEZE, Sanela Kova\u010devi\u0107 Nelly - Web-knji\u017eara","isPartOf":{"@id":"https:\/\/webknjizara.hr\/#website"},"primaryImageOfPage":{"@id":"https:\/\/webknjizara.hr\/proizvod\/novi-2\/#primaryimage"},"image":{"@id":"https:\/\/webknjizara.hr\/proizvod\/novi-2\/#primaryimage"},"thumbnailUrl":"https:\/\/webknjizara.hr\/wp-content\/uploads\/nc\/images\/virtuemart\/product\/Sanela_Kovacevic_Nelly_Muskarac_u_vezi__od_veze_bez_obaveza_do_kvalitetne_ljubavne_veze_webknjizara_redak_WEB_1243.jpg","datePublished":"2021-12-09T10:59:06+00:00","dateModified":"2025-02-12T06:11:56+00:00","breadcrumb":{"@id":"https:\/\/webknjizara.hr\/proizvod\/novi-2\/#breadcrumb"},"inLanguage":"en-US","potentialAction":[{"@type":"ReadAction","target":["https:\/\/webknjizara.hr\/proizvod\/novi-2\/"]}]},{"@type":"ImageObject","inLanguage":"en-US","@id":"https:\/\/webknjizara.hr\/proizvod\/novi-2\/#primaryimage","url":"https:\/\/webknjizara.hr\/wp-content\/uploads\/nc\/images\/virtuemart\/product\/Sanela_Kovacevic_Nelly_Muskarac_u_vezi__od_veze_bez_obaveza_do_kvalitetne_ljubavne_veze_webknjizara_redak_WEB_1243.jpg","contentUrl":"https:\/\/webknjizara.hr\/wp-content\/uploads\/nc\/images\/virtuemart\/product\/Sanela_Kovacevic_Nelly_Muskarac_u_vezi__od_veze_bez_obaveza_do_kvalitetne_ljubavne_veze_webknjizara_redak_WEB_1243.jpg","width":300,"height":419,"caption":"MU\u0160KARAC U VEZI \u2013 OD VEZE BEZ OBAVEZA DO KVALITETNE LJUBAVNE VEZE, Sanela Kova\u010devi\u0107 Nelly"},{"@type":"BreadcrumbList","@id":"https:\/\/webknjizara.hr\/proizvod\/novi-2\/#breadcrumb","itemListElement":[{"@type":"ListItem","position":1,"name":"Po\u010detna stranica","item":"https:\/\/webknjizara.hr\/en\/"},{"@type":"ListItem","position":2,"name":"Shop","item":"https:\/\/webknjizara.hr\/shop\/"},{"@type":"ListItem","position":3,"name":"MU\u0160KARAC U VEZI \u2013 OD VEZE BEZ OBAVEZA DO KVALITETNE LJUBAVNE VEZE, Sanela Kova\u010devi\u0107 Nelly"}]},{"@type":"WebSite","@id":"https:\/\/webknjizara.hr\/#website","url":"https:\/\/webknjizara.hr\/","name":"Web Knji\u017eara","description":"","publisher":{"@id":"https:\/\/webknjizara.hr\/#organization"},"potentialAction":[{"@type":"SearchAction","target":{"@type":"EntryPoint","urlTemplate":"https:\/\/webknjizara.hr\/?s={search_term_string}"},"query-input":{"@type":"PropertyValueSpecification","valueRequired":true,"valueName":"search_term_string"}}],"inLanguage":"en-US"},{"@type":"Organization","@id":"https:\/\/webknjizara.hr\/#organization","name":"REDAK D.O.O.","url":"https:\/\/webknjizara.hr\/","logo":{"@type":"ImageObject","inLanguage":"en-US","@id":"https:\/\/webknjizara.hr\/#\/schema\/logo\/image\/","url":"https:\/\/webknjizara.hr\/wp-content\/uploads\/2023\/01\/web-knjizara-logo.webp","contentUrl":"https:\/\/webknjizara.hr\/wp-content\/uploads\/2023\/01\/web-knjizara-logo.webp","width":324,"height":79,"caption":"REDAK D.O.O."},"image":{"@id":"https:\/\/webknjizara.hr\/#\/schema\/logo\/image\/"}}]}},"_links":{"self":[{"href":"https:\/\/webknjizara.hr\/en\/wp-json\/wp\/v2\/product\/9619","targetHints":{"allow":["GET"]}}],"collection":[{"href":"https:\/\/webknjizara.hr\/en\/wp-json\/wp\/v2\/product"}],"about":[{"href":"https:\/\/webknjizara.hr\/en\/wp-json\/wp\/v2\/types\/product"}],"replies":[{"embeddable":true,"href":"https:\/\/webknjizara.hr\/en\/wp-json\/wp\/v2\/comments?post=9619"}],"wp:featuredmedia":[{"embeddable":true,"href":"https:\/\/webknjizara.hr\/en\/wp-json\/wp\/v2\/media\/9620"}],"wp:attachment":[{"href":"https:\/\/webknjizara.hr\/en\/wp-json\/wp\/v2\/media?parent=9619"}],"wp:term":[{"taxonomy":"product_brand","embeddable":true,"href":"https:\/\/webknjizara.hr\/en\/wp-json\/wp\/v2\/product_brand?post=9619"},{"taxonomy":"product_cat","embeddable":true,"href":"https:\/\/webknjizara.hr\/en\/wp-json\/wp\/v2\/product_cat?post=9619"},{"taxonomy":"product_tag","embeddable":true,"href":"https:\/\/webknjizara.hr\/en\/wp-json\/wp\/v2\/product_tag?post=9619"}],"curies":[{"name":"wp","href":"https:\/\/api.w.org\/{rel}","templated":true}]}}