{"id":9617,"date":"2021-12-08T10:55:46","date_gmt":"2021-12-08T10:55:46","guid":{"rendered":"https:\/\/webknjizara.hr\/?product=blaga-opozicija-satiricne-komedije-marija-juracic"},"modified":"2023-02-27T00:18:37","modified_gmt":"2023-02-26T23:18:37","slug":"novi-1","status":"publish","type":"product","link":"https:\/\/webknjizara.hr\/en\/proizvod\/novi-1\/","title":{"rendered":"BLAGA OPOZICIJA . SATIRI\u010cNE KOMEDIJE, Marija Jura\u010di\u0107"},"content":{"rendered":"<p><strong>Sa\u017eetak:<\/strong><\/p>\n<p>Knjiga \u201eBlaga opozicija\u201c sadr\u017ei tri suvremene satire. Prvu satiru \u201ePatrioti\u201c nagradio je Hrvatski sabor kulture plaketom \u201eKalman Mesari\u0107, a dr. sc. Dubravka Crnojevi\u0107 &#8211; Cari\u0107,\u00a0sveu\u010dili\u0161na profesorica, teatrologinja, glumica i redateljica je zapisala: \u201eRije\u010d je, kako sama autorica navodi, o suvremenoj komediji u dva \u010dina, u kojoj se\u00a0 pojavljuju kao likovi: advokat Risti\u0107, kamatar Drmi\u0107, njegova supruga Ivan\u010dica te mlada sekretarica An\u0111elija. Svaki od napisanih likova pru\u017ea potencijalnim izvo\u0111a\u010dima &#8211; glumcima mogu\u0107nost zanimljivog gra\u0111enja karaktera, \u0161to uklju\u010duje i nenadane, a duhovite transformacije.\u201c<\/p>\n<p>Za komediju \u201eGostionica Lostura\u201c ista recenzentica je napisala: \u201eEvociraju\u0107i povijest malog mjesta, upu\u0107uje na \u010desto iskrivljavanje povijesnih \u010dinjenica. Autorica se pokazuje kao vrlo spretna dramati\u010darka i kada uvodi na posredan na\u010din glasove pripovjeda\u010da, naratora, koji upu\u0107uje na pripovijesti \u0161to su nerijetko preskakane ili falsificirane tijekom povijesti. Autorica tematizira povijest malog mjesta, ali i povijest Hrvatske, no to ni u jednom trenu ne \u010dini na naivno-didakti\u010dan na\u010din. Autorica ustanovljuje distinkciju izme\u0111u: turista, do\u0161ljaka koji \u017eive i \u017eele biti dijelom zajednice, te \u201edoma\u0107ih\u201c, odnosno starosjedilaca. Na scenski zanimljiv na\u010din problematizira odnos doma\u0107ih spram prido\u0161lica, s jedne strane, dok s duge strane propituje i kritizira odnos prema turistima kojima se mnogi \u017eele prilagoditi, misle\u0107i prvenstveno na pravila \u201etr\u017ei\u0161ta\u201c.<\/p>\n<p>Za drugu satiru \u201eLegalisti\u201c dr. art. dr. sc. Mira Muhoberac, sveu\u010dili\u0161na nastavnica, teatrologinja, kazali\u0161na kriti\u010darka, akademska dramaturginja i redateljica, kroatistica i komparatistica knji\u017eevnosti je zapisala: \u201eDrama \u201eLegalisti\u201c autorice Marije Jura\u010di\u0107 ima sve ozna\u010dnice dobroga dramskoga teksta koji dinami\u010dno vibrira izme\u0111u groteske, satire i komedije. Podsje\u0107aju\u0107i nekim svojim elementima na sintezu drama Ive Bre\u0161ana \u201ePredstava Hamleta u selu Mrdu\u0161a Donja\u201c i \u201eHidrocentrala u Suhom Dolu\u201c, ova drama, \u017eanrovski odre\u0111ena kao <em>suvremena komedija u dva \u010dina,<\/em> smje\u0161tanjem radnje u \u0161irokopoteznu odrednicu nazvanu Hrvatska naizgled lokalni problem prevarantskih radnji, korupcije i nepotizma pretvara u alegorijsko i metafori\u010dno tkivo, nerijetko naslonjeno na naizgledni teatar apsurda, a zapravo na na\u0161u svakodnevicu.<\/p>\n<p>Urednik knjige, profesor knji\u017eevnosti Josip Ergovi\u0107 ka\u017ee: \u201eKad ure\u0111ujete knjigu, va\u017eno je da mo\u017eete \u010dvrsto stati iza njenog sadr\u017eaja. Iza tri komedije Marije Jura\u010di\u0107, objavljene u ovoj knjizi, mogu stati bez ikakve zadr\u0161ke. Ma \u0161to stati! Mogu \u010dak sjesti ili le\u0107i.<br \/>Obavezni likovi (glave, zapleti, peripetije i repovi) izvedeni su besprijekorno; karakterizacija osoba (unutra\u0161nja i vanjska) funkcionira sukladno konceptu; jer&#8230; da, ovo je konceptualna satiri\u010dka trilogija.<\/p>\n<p>\u00a0\u00a0<\/p>\n<p><strong>Bilje\u0161ka o autorici: <\/strong><\/p>\n<p>Marija Jura\u010di\u0107 je profesorica knji\u017eevnosti i hrvatskog jezika. Urednica je\u00a0 portala za objavu poezije &#8220;O\u010daravanje&#8221;, te su-urednica \u010dasopisa za kulturu, umjetnost i dru\u0161tvene teme \u201eDiskurs\u201c.<\/p>\n<p>Objavila je samostalne zbirke poezije:<\/p>\n<p>\u201eStope u pijesku\u201c (2013. Split) \u201ePisci, ljubav i ostale trice\u201c ( 2013. Split) \u201eVlad i bijela draga\u201c (2017. Split)<\/p>\n<p>Slijede romani:<\/p>\n<p>\u00a0\u201eTara\u201c( 2013. Split) \u201eUna\u201c (2014. Split) \u201eUna\u201c 2016. Rehmscheid \u2013 njema\u010dko izdanje) \u201eToma\u201c 2013. Split) \u201eLjubav u Pompejima\u201c (2014. Split) \u201eLiebe in Pompeji\u201c (2015. Rehmscheid \u2013 njema\u010dko izdanje) \u201eBuga\u201c ( 2014. Split)\u00a0\u00a0 \u201eJedne zime u Hrastovu\u201c (2015. Split)\u00a0 \u201eEin Winter in Hrastowo\u201c (2020.\u00a0\u00a0\u00a0\u00a0\u00a0\u00a0\u00a0\u00a0\u00a0\u00a0\u00a0 \u00a0Rehmscheid \u2013 njema\u010dko izdanje)\u00a0 \u201eZona\u201c ( 2016. Split) \u201eDronovi, fure\u0161ti, ubojstvo\u201c (2017. Split) \u201eMutno more\u201c ( 2018. Split).<\/p>\n<p>Dobitnica je mnogih knji\u017eevnih priznanja i nagrada od kojih izdvajamo:<\/p>\n<p>Humoreska &#8220;Nema zime&#8221; \u2013 na XVI. me\u0111unarodnom konkursu humora i satire Kluba umjetni\u010dkih du\u0161a 2018. &#8211; prvo mjesto.<\/p>\n<p>Humoreska &#8220;Da\u0161 im prst, a oni&#8230;&#8221; \u2013 na XVII. Me\u0111unarodnom konkursu humora i satire Kluba umjetni\u010dkih du\u0161a 2019. &#8211; prvo mjesto.<\/p>\n<p>Pri\u010da &#8220;Plovidba&#8221; konkurirala je u Ve\u010dernjem listu 2016. godine za nagradu &#8220;Ranko Marinkovi\u0107&#8221;.<\/p>\n<p>Pri\u010da &#8220;Ljepota grafita&#8221; konkurirala je u Ve\u010dernjem listu 2017. godine za nagradu &#8220;Ranko Marinkovi\u0107&#8221;.<\/p>\n<p>Sonet &#8220;Nepomi\u010dno more&#8221; pohvaljen je 2017. na Petrarca Festu, festivalu poezije u \u010dast oca soneta F. Petrarke.<\/p>\n<p>Na natje\u010daju duhovne poezije \u201eSveti Martin, svetac milosr\u0111a i dijeljenja\u201c 2021. njena pjesma \u201eAko bude\u0161 me\u0111u nas dolazio\u201c biva pohvaljena.<\/p>\n<p>Pri\u010da &#8220;Krajem ljeta&#8221; 2017. nominirana je za nagradu &#8220;Zvona i nari&#8221;.<\/p>\n<p>Kriti\u010dki osvrt &#8220;Sestrica s jezera&#8221; 2017. nominiran je za nagradu ZiN Daily.<\/p>\n<p>\u00a0Na II. internacionalnom festivalu haiku poezije &#8220;Radmila Bogojevi\u0107&#8221;\u00a0 2018. dobila je Specijalnu nagradu \u017eirija.<\/p>\n<p>Pri\u010da &#8220;Mala svjetla u tmini&#8221; &#8211;\u00a0 na natje\u010daju \u010dasopisa &#8220;Knji\u017eevne vertikale&#8221; 2019. s jo\u0161 dva autora ravnopravno dijeli drugo mjesto.<\/p>\n<p>Die Haiku-Agenda &#8211; 2019. fotografija odabrana za naslovnicu der Deutschen Haiku-Gesellschaft.<\/p>\n<p>Satiri\u010dna komedija &#8220;Patrioti&#8221; na\u00a0 natje\u010daju Hrvatskog sabora kulture 2019. osvaja prvo\u00a0 mjesto i plaketu \u201eKalman Mesari\u0107\u201c.<\/p>\n<p>Satiri\u010dna komedija\u00a0 \u201eLegalisti\u201c na natje\u010daju Hrvatskog sabora kulture 2020. biva pohvaljena.<\/p>\n<p>Na Me\u0111unarodnom natje\u010daju romske poezije \u201eJatagan Mala\u201c \u00a02021. osvaja\u00a0 prvo mjesto i \u0161tampanje zbirke poezije.<\/p>\n<p><strong>Klju\u010dne rije\u010di: <\/strong>Komedije, satire, dramski tekstovi<\/p>\n<p><strong>E-mail: <a href=\"mailto:marijajuracic@net.hr\" target=\"_blank\" rel=\"noopener noreferrer\">Marija Jura\u010di\u0107<\/a><\/strong><\/p>\n<p>\u00a0<\/p>\n<p><strong>Naslov: <\/strong>Blaga opozicija . satiri\u010dne komedije<br \/> <strong>Autorica:<\/strong> Marija Jura\u010di\u0107<br \/> <strong>Broj stranica: <\/strong>180<br \/> <strong>Nakladnik: <\/strong>REDAK<br \/> <strong>Godina izdanja: <\/strong><strong>2021<br \/> <\/strong><strong>ISBN:<\/strong> 978-953-336-787-3<br \/> <strong>Tisak:<\/strong> digitalni tisak knjiga &#8211; print na zahtjev<\/p>\n<p>\u00a0<\/p>\n<p><strong>Kako naru\u010diti knjigu?\u00a0<\/strong>Proces online kupovine jednako funkcionira za sve kupce, s jedinom razlikom u tome \u0161to \u0161to kupci iz inozemstva za podru\u010dje dostave moraju odabrati &#8220;Europa&#8221; ili &#8220;Ostale zemlje svijeta&#8221;, a za vrstu pla\u0107anja WSPay (kreditna kartica) ili Virmanom (bankovni transfer).<\/p>\n<p style=\"text-align: justify;\">Molimo kliknite ovdje za\u00a0<a href=\"hr\/kako-kupovati\">detaljni vodi\u010d kroz proces narud\u017ebe<\/a>\u00a0ili nas\u00a0<a href=\"hr\/kontakt\">kontaktirajte<\/a>\u00a0za vi\u0161e informacija.<\/p>\n","protected":false},"excerpt":{"rendered":"<p>Sa\u017eetak: Knjiga \u201eBlaga opozicija\u201c sadr\u017ei tri suvremene satire. Prvu satiru \u201ePatrioti\u201c nagradio je Hrvatski sabor kulture plaketom \u201eKalman Mesari\u0107, a dr. sc. Dubravka Crnojevi\u0107 &#8211; Cari\u0107,\u00a0sveu\u010dili\u0161na profesorica, teatrologinja, glumica i redateljica je zapisala: \u201eRije\u010d je, kako sama autorica navodi, o suvremenoj komediji u dva \u010dina, u kojoj se\u00a0 pojavljuju kao likovi: advokat Risti\u0107, kamatar Drmi\u0107, [&hellip;]<\/p>\n","protected":false},"featured_media":9618,"comment_status":"open","ping_status":"closed","template":"","meta":{"_acf_changed":false},"product_brand":[],"product_cat":[1383,1385],"product_tag":[],"class_list":{"0":"post-9617","1":"product","2":"type-product","3":"status-publish","4":"has-post-thumbnail","6":"product_cat-knjige","7":"product_cat-knjizevnost","8":"pa_autor-marija-juracic","9":"pa_nakladnik-redak","11":"first","12":"instock","13":"shipping-taxable","14":"purchasable","15":"product-type-simple"},"acf":[],"yoast_head":"<!-- This site is optimized with the Yoast SEO plugin v27.3 - https:\/\/yoast.com\/product\/yoast-seo-wordpress\/ -->\n<title>BLAGA OPOZICIJA . SATIRI\u010cNE KOMEDIJE, Marija Jura\u010di\u0107 - Web-knji\u017eara<\/title>\n<meta name=\"robots\" content=\"index, follow, max-snippet:-1, max-image-preview:large, max-video-preview:-1\" \/>\n<link rel=\"canonical\" href=\"https:\/\/webknjizara.hr\/proizvod\/novi-1\/\" \/>\n<meta property=\"og:locale\" content=\"en_US\" \/>\n<meta property=\"og:type\" content=\"article\" \/>\n<meta property=\"og:title\" content=\"BLAGA OPOZICIJA . SATIRI\u010cNE KOMEDIJE, Marija Jura\u010di\u0107 - Web-knji\u017eara\" \/>\n<meta property=\"og:description\" content=\"Sa\u017eetak: Knjiga \u201eBlaga opozicija\u201c sadr\u017ei tri suvremene satire. Prvu satiru \u201ePatrioti\u201c nagradio je Hrvatski sabor kulture plaketom \u201eKalman Mesari\u0107, a dr. sc. Dubravka Crnojevi\u0107 &#8211; Cari\u0107,\u00a0sveu\u010dili\u0161na profesorica, teatrologinja, glumica i redateljica je zapisala: \u201eRije\u010d je, kako sama autorica navodi, o suvremenoj komediji u dva \u010dina, u kojoj se\u00a0 pojavljuju kao likovi: advokat Risti\u0107, kamatar Drmi\u0107, [&hellip;]\" \/>\n<meta property=\"og:url\" content=\"https:\/\/webknjizara.hr\/proizvod\/novi-1\/\" \/>\n<meta property=\"og:site_name\" content=\"Web-knji\u017eara\" \/>\n<meta property=\"article:modified_time\" content=\"2023-02-26T23:18:37+00:00\" \/>\n<meta property=\"og:image\" content=\"https:\/\/webknjizara.hr\/wp-content\/uploads\/nc\/images\/virtuemart\/product\/Marija_Juracic_Blaga_opozicija_._satiricne_komedije_webknjizara_redak_WEB_1222.jpg\" \/>\n\t<meta property=\"og:image:width\" content=\"300\" \/>\n\t<meta property=\"og:image:height\" content=\"419\" \/>\n\t<meta property=\"og:image:type\" content=\"image\/jpeg\" \/>\n<meta name=\"twitter:card\" content=\"summary_large_image\" \/>\n<meta name=\"twitter:label1\" content=\"Est. reading time\" \/>\n\t<meta name=\"twitter:data1\" content=\"4 minutes\" \/>\n<script type=\"application\/ld+json\" class=\"yoast-schema-graph\">{\"@context\":\"https:\\\/\\\/schema.org\",\"@graph\":[{\"@type\":\"WebPage\",\"@id\":\"https:\\\/\\\/webknjizara.hr\\\/proizvod\\\/novi-1\\\/\",\"url\":\"https:\\\/\\\/webknjizara.hr\\\/proizvod\\\/novi-1\\\/\",\"name\":\"BLAGA OPOZICIJA . SATIRI\u010cNE KOMEDIJE, Marija Jura\u010di\u0107 - Web-knji\u017eara\",\"isPartOf\":{\"@id\":\"https:\\\/\\\/webknjizara.hr\\\/#website\"},\"primaryImageOfPage\":{\"@id\":\"https:\\\/\\\/webknjizara.hr\\\/proizvod\\\/novi-1\\\/#primaryimage\"},\"image\":{\"@id\":\"https:\\\/\\\/webknjizara.hr\\\/proizvod\\\/novi-1\\\/#primaryimage\"},\"thumbnailUrl\":\"https:\\\/\\\/webknjizara.hr\\\/wp-content\\\/uploads\\\/nc\\\/images\\\/virtuemart\\\/product\\\/Marija_Juracic_Blaga_opozicija_._satiricne_komedije_webknjizara_redak_WEB_1222.jpg\",\"datePublished\":\"2021-12-08T10:55:46+00:00\",\"dateModified\":\"2023-02-26T23:18:37+00:00\",\"breadcrumb\":{\"@id\":\"https:\\\/\\\/webknjizara.hr\\\/proizvod\\\/novi-1\\\/#breadcrumb\"},\"inLanguage\":\"en-US\",\"potentialAction\":[{\"@type\":\"ReadAction\",\"target\":[\"https:\\\/\\\/webknjizara.hr\\\/proizvod\\\/novi-1\\\/\"]}]},{\"@type\":\"ImageObject\",\"inLanguage\":\"en-US\",\"@id\":\"https:\\\/\\\/webknjizara.hr\\\/proizvod\\\/novi-1\\\/#primaryimage\",\"url\":\"https:\\\/\\\/webknjizara.hr\\\/wp-content\\\/uploads\\\/nc\\\/images\\\/virtuemart\\\/product\\\/Marija_Juracic_Blaga_opozicija_._satiricne_komedije_webknjizara_redak_WEB_1222.jpg\",\"contentUrl\":\"https:\\\/\\\/webknjizara.hr\\\/wp-content\\\/uploads\\\/nc\\\/images\\\/virtuemart\\\/product\\\/Marija_Juracic_Blaga_opozicija_._satiricne_komedije_webknjizara_redak_WEB_1222.jpg\",\"width\":300,\"height\":419,\"caption\":\"BLAGA OPOZICIJA . SATIRI\u010cNE KOMEDIJE, Marija Jura\u010di\u0107\"},{\"@type\":\"BreadcrumbList\",\"@id\":\"https:\\\/\\\/webknjizara.hr\\\/proizvod\\\/novi-1\\\/#breadcrumb\",\"itemListElement\":[{\"@type\":\"ListItem\",\"position\":1,\"name\":\"Po\u010detna stranica\",\"item\":\"https:\\\/\\\/webknjizara.hr\\\/en\\\/\"},{\"@type\":\"ListItem\",\"position\":2,\"name\":\"Shop\",\"item\":\"https:\\\/\\\/webknjizara.hr\\\/shop\\\/\"},{\"@type\":\"ListItem\",\"position\":3,\"name\":\"BLAGA OPOZICIJA . SATIRI\u010cNE KOMEDIJE, Marija Jura\u010di\u0107\"}]},{\"@type\":\"WebSite\",\"@id\":\"https:\\\/\\\/webknjizara.hr\\\/#website\",\"url\":\"https:\\\/\\\/webknjizara.hr\\\/\",\"name\":\"Web Knji\u017eara\",\"description\":\"\",\"publisher\":{\"@id\":\"https:\\\/\\\/webknjizara.hr\\\/#organization\"},\"potentialAction\":[{\"@type\":\"SearchAction\",\"target\":{\"@type\":\"EntryPoint\",\"urlTemplate\":\"https:\\\/\\\/webknjizara.hr\\\/?s={search_term_string}\"},\"query-input\":{\"@type\":\"PropertyValueSpecification\",\"valueRequired\":true,\"valueName\":\"search_term_string\"}}],\"inLanguage\":\"en-US\"},{\"@type\":\"Organization\",\"@id\":\"https:\\\/\\\/webknjizara.hr\\\/#organization\",\"name\":\"REDAK D.O.O.\",\"url\":\"https:\\\/\\\/webknjizara.hr\\\/\",\"logo\":{\"@type\":\"ImageObject\",\"inLanguage\":\"en-US\",\"@id\":\"https:\\\/\\\/webknjizara.hr\\\/#\\\/schema\\\/logo\\\/image\\\/\",\"url\":\"https:\\\/\\\/webknjizara.hr\\\/wp-content\\\/uploads\\\/2023\\\/01\\\/web-knjizara-logo.webp\",\"contentUrl\":\"https:\\\/\\\/webknjizara.hr\\\/wp-content\\\/uploads\\\/2023\\\/01\\\/web-knjizara-logo.webp\",\"width\":324,\"height\":79,\"caption\":\"REDAK D.O.O.\"},\"image\":{\"@id\":\"https:\\\/\\\/webknjizara.hr\\\/#\\\/schema\\\/logo\\\/image\\\/\"}}]}<\/script>\n<!-- \/ Yoast SEO plugin. -->","yoast_head_json":{"title":"BLAGA OPOZICIJA . SATIRI\u010cNE KOMEDIJE, Marija Jura\u010di\u0107 - Web-knji\u017eara","robots":{"index":"index","follow":"follow","max-snippet":"max-snippet:-1","max-image-preview":"max-image-preview:large","max-video-preview":"max-video-preview:-1"},"canonical":"https:\/\/webknjizara.hr\/proizvod\/novi-1\/","og_locale":"en_US","og_type":"article","og_title":"BLAGA OPOZICIJA . SATIRI\u010cNE KOMEDIJE, Marija Jura\u010di\u0107 - Web-knji\u017eara","og_description":"Sa\u017eetak: Knjiga \u201eBlaga opozicija\u201c sadr\u017ei tri suvremene satire. Prvu satiru \u201ePatrioti\u201c nagradio je Hrvatski sabor kulture plaketom \u201eKalman Mesari\u0107, a dr. sc. Dubravka Crnojevi\u0107 &#8211; Cari\u0107,\u00a0sveu\u010dili\u0161na profesorica, teatrologinja, glumica i redateljica je zapisala: \u201eRije\u010d je, kako sama autorica navodi, o suvremenoj komediji u dva \u010dina, u kojoj se\u00a0 pojavljuju kao likovi: advokat Risti\u0107, kamatar Drmi\u0107, [&hellip;]","og_url":"https:\/\/webknjizara.hr\/proizvod\/novi-1\/","og_site_name":"Web-knji\u017eara","article_modified_time":"2023-02-26T23:18:37+00:00","og_image":[{"width":300,"height":419,"url":"https:\/\/webknjizara.hr\/wp-content\/uploads\/nc\/images\/virtuemart\/product\/Marija_Juracic_Blaga_opozicija_._satiricne_komedije_webknjizara_redak_WEB_1222.jpg","type":"image\/jpeg"}],"twitter_card":"summary_large_image","twitter_misc":{"Est. reading time":"4 minutes"},"schema":{"@context":"https:\/\/schema.org","@graph":[{"@type":"WebPage","@id":"https:\/\/webknjizara.hr\/proizvod\/novi-1\/","url":"https:\/\/webknjizara.hr\/proizvod\/novi-1\/","name":"BLAGA OPOZICIJA . SATIRI\u010cNE KOMEDIJE, Marija Jura\u010di\u0107 - Web-knji\u017eara","isPartOf":{"@id":"https:\/\/webknjizara.hr\/#website"},"primaryImageOfPage":{"@id":"https:\/\/webknjizara.hr\/proizvod\/novi-1\/#primaryimage"},"image":{"@id":"https:\/\/webknjizara.hr\/proizvod\/novi-1\/#primaryimage"},"thumbnailUrl":"https:\/\/webknjizara.hr\/wp-content\/uploads\/nc\/images\/virtuemart\/product\/Marija_Juracic_Blaga_opozicija_._satiricne_komedije_webknjizara_redak_WEB_1222.jpg","datePublished":"2021-12-08T10:55:46+00:00","dateModified":"2023-02-26T23:18:37+00:00","breadcrumb":{"@id":"https:\/\/webknjizara.hr\/proizvod\/novi-1\/#breadcrumb"},"inLanguage":"en-US","potentialAction":[{"@type":"ReadAction","target":["https:\/\/webknjizara.hr\/proizvod\/novi-1\/"]}]},{"@type":"ImageObject","inLanguage":"en-US","@id":"https:\/\/webknjizara.hr\/proizvod\/novi-1\/#primaryimage","url":"https:\/\/webknjizara.hr\/wp-content\/uploads\/nc\/images\/virtuemart\/product\/Marija_Juracic_Blaga_opozicija_._satiricne_komedije_webknjizara_redak_WEB_1222.jpg","contentUrl":"https:\/\/webknjizara.hr\/wp-content\/uploads\/nc\/images\/virtuemart\/product\/Marija_Juracic_Blaga_opozicija_._satiricne_komedije_webknjizara_redak_WEB_1222.jpg","width":300,"height":419,"caption":"BLAGA OPOZICIJA . SATIRI\u010cNE KOMEDIJE, Marija Jura\u010di\u0107"},{"@type":"BreadcrumbList","@id":"https:\/\/webknjizara.hr\/proizvod\/novi-1\/#breadcrumb","itemListElement":[{"@type":"ListItem","position":1,"name":"Po\u010detna stranica","item":"https:\/\/webknjizara.hr\/en\/"},{"@type":"ListItem","position":2,"name":"Shop","item":"https:\/\/webknjizara.hr\/shop\/"},{"@type":"ListItem","position":3,"name":"BLAGA OPOZICIJA . SATIRI\u010cNE KOMEDIJE, Marija Jura\u010di\u0107"}]},{"@type":"WebSite","@id":"https:\/\/webknjizara.hr\/#website","url":"https:\/\/webknjizara.hr\/","name":"Web Knji\u017eara","description":"","publisher":{"@id":"https:\/\/webknjizara.hr\/#organization"},"potentialAction":[{"@type":"SearchAction","target":{"@type":"EntryPoint","urlTemplate":"https:\/\/webknjizara.hr\/?s={search_term_string}"},"query-input":{"@type":"PropertyValueSpecification","valueRequired":true,"valueName":"search_term_string"}}],"inLanguage":"en-US"},{"@type":"Organization","@id":"https:\/\/webknjizara.hr\/#organization","name":"REDAK D.O.O.","url":"https:\/\/webknjizara.hr\/","logo":{"@type":"ImageObject","inLanguage":"en-US","@id":"https:\/\/webknjizara.hr\/#\/schema\/logo\/image\/","url":"https:\/\/webknjizara.hr\/wp-content\/uploads\/2023\/01\/web-knjizara-logo.webp","contentUrl":"https:\/\/webknjizara.hr\/wp-content\/uploads\/2023\/01\/web-knjizara-logo.webp","width":324,"height":79,"caption":"REDAK D.O.O."},"image":{"@id":"https:\/\/webknjizara.hr\/#\/schema\/logo\/image\/"}}]}},"_links":{"self":[{"href":"https:\/\/webknjizara.hr\/en\/wp-json\/wp\/v2\/product\/9617","targetHints":{"allow":["GET"]}}],"collection":[{"href":"https:\/\/webknjizara.hr\/en\/wp-json\/wp\/v2\/product"}],"about":[{"href":"https:\/\/webknjizara.hr\/en\/wp-json\/wp\/v2\/types\/product"}],"replies":[{"embeddable":true,"href":"https:\/\/webknjizara.hr\/en\/wp-json\/wp\/v2\/comments?post=9617"}],"wp:featuredmedia":[{"embeddable":true,"href":"https:\/\/webknjizara.hr\/en\/wp-json\/wp\/v2\/media\/9618"}],"wp:attachment":[{"href":"https:\/\/webknjizara.hr\/en\/wp-json\/wp\/v2\/media?parent=9617"}],"wp:term":[{"taxonomy":"product_brand","embeddable":true,"href":"https:\/\/webknjizara.hr\/en\/wp-json\/wp\/v2\/product_brand?post=9617"},{"taxonomy":"product_cat","embeddable":true,"href":"https:\/\/webknjizara.hr\/en\/wp-json\/wp\/v2\/product_cat?post=9617"},{"taxonomy":"product_tag","embeddable":true,"href":"https:\/\/webknjizara.hr\/en\/wp-json\/wp\/v2\/product_tag?post=9617"}],"curies":[{"name":"wp","href":"https:\/\/api.w.org\/{rel}","templated":true}]}}