{"id":9600,"date":"2021-11-17T12:20:21","date_gmt":"2021-11-17T12:20:21","guid":{"rendered":"https:\/\/webknjizara.hr\/?product=nadleznost-hrvatskih-javnih-biljeznika-u-ovrsnom-postupku-i-problem-obrnute-diskriminacije-marino-visnic"},"modified":"2023-02-27T00:18:36","modified_gmt":"2023-02-26T23:18:36","slug":"nadleznost-hrvatskih-javnih-biljeznika-u-ovrsnom-postupku-i-problem-obrnute-diskriminacije-marino-visnic","status":"publish","type":"product","link":"https:\/\/webknjizara.hr\/en\/proizvod\/nadleznost-hrvatskih-javnih-biljeznika-u-ovrsnom-postupku-i-problem-obrnute-diskriminacije-marino-visnic\/","title":{"rendered":"NADLE\u017dNOST HRVATSKIH JAVNIH BILJE\u017dNIKA U OVR\u0160NOM POSTUPKU I PROBLEM OBRNUTE DISKRIMINACIJE, Marino Vi\u0161ni\u0107"},"content":{"rendered":"<p><strong>Sa\u017eetak:<\/strong><\/p>\n<p>S presudama u predmetima <em>Zulfikarpa\u0161i\u0107 i Pula parking<\/em> postalo je jasno kako se pravomo\u0107no rje\u0161enje o ovrsi na temelju vjerodostojne isprave koje je izdao hrvatski javni bilje\u017enik ne\u0107e mo\u0107i izvr\u0161iti izvan granica Republike Hrvatske jer to tijelo nije obuhva\u0107eno pod pojam \u201esud\u201c u smislu Uredbe br. 805\/2004 i Uredbe Bruxelles I <em>bis<\/em>. Me\u0111utim, hrvatski javni bilje\u017enici i dalje sudjeluju u ovr\u0161nim postupcima putem dono\u0161enja rje\u0161enja o ovrsi na temelju vjerodostojne isprave.<\/p>\n<p>Kada nacionalno zakonodavstvo neke dr\u017eave \u010dlanice nije u skladu s pravom Europske unije jedan od fenomena koji mo\u017ee proiza\u0107i je obrnuta diskriminacija. U predmetima <em>Hrvatska radiotelevizija i EOS\u00a0<\/em><em>Matrix<\/em> sud koji je uputio zahtjev za prethodnu odluku povezao je nadle\u017enost hrvatskih javnih bilje\u017enika u ovr\u0161nom postupku s obrnutom diskriminacijom, ali se Sud Europske unije proglasio nenadle\u017enim za odlu\u010divanje.<\/p>\n<p>Kakve implikacije imaju presude <em>Zulfikarpa\u0161i\u0107 i Pula Parking<\/em> na ovr\u0161ni postupak u Republici Hrvatskoj? Za\u0161to se Sud Europske unije proglasio nenadle\u017enim za odlu\u010divanje u predmetima <em>Hrvatska radiotelevizija\u00a0<\/em><em>i EOS Matrix<\/em>? \u0160to je to obrnuta diskriminacija? Proizlazi li iz nadle\u017enosti hrvatskih javnih bilje\u017enika u ovr\u0161nom postupku obrnuta diskriminacija? Je li nacionalni postupak dono\u0161enja rje\u0161enja o ovrsi na temelju vjerodostojne isprave u skladu s pravom Europske unije?<\/p>\n<p>\u00a0<\/p>\n<p><strong>Bilje\u0161ka o autoru:<\/strong><\/p>\n<p>Marino Vi\u0161ni\u0107 ro\u0111en je 14. prosinca 1993. godine u Rijeci, gdje je poha\u0111ao talijansku klasi\u010dnu gimnaziju. Studij prava na Sveu\u010dili\u0161tu u Trstu zavr\u0161io je 3. srpnja 2018. godine i prije petogodi\u0161njeg roka, diplomirav\u0161i s maksimalnih 110\u00a0<em>cum laude<\/em>. Sudjelovao je u brojnim fakultetskim aktivnostima, a izme\u0111u ostalog bio je i tutor mla\u0111im studentima. Vje\u017ebeni\u010dki sta\u017e uspje\u0161no je odradio u dva renomirana odvjetni\u010dka ureda u Trstu. Posebno ga zanima europsko i ovr\u0161no pravo pa se i tema njegovog diplomskog rada odnosila na ovr\u0161ni postupak u Republici Italiji. Uz znanje materinskog hrvatskog jezika, Marino Vi\u0161ni\u0107 ima odli\u010dno znanje talijanskog i engleskog jezika te osnovno znanje njema\u010dkog jezika.<\/p>\n<p><strong>Klju\u010dne rije\u010di:<\/strong> Obrnuta diskriminacija, ovr\u0161ni postupak, javni bilje\u017enici, vjerodostojna isprava, europsko pravo, rje\u0161enje o ovrsi na temelju vjerodostojne isprave, predmet <em>Zulfikarpa\u0161i\u0107<\/em>, predmet <em>Pula\u00a0<\/em><em>Parking<\/em>, predmet <em>Hrvatska radiotelevizija<\/em>, predmet <em>EOS Matrix<\/em>, Uredba br. 805\/2004, Uredba Bruxelles I\u00a0<em>bis<\/em><\/p>\n<p><strong>E-mail:<\/strong> <a href=\"mailto:korisnik1113@gmail.com\" target=\"_blank\" rel=\"noopener noreferrer\">Marino Vi\u0161ni\u0107\u00a0<\/a><\/p>\n<p>\u00a0<\/p>\n<p><strong>Naslov:<\/strong> Nadle\u017enost hrvatskih javnih bilje\u017enika u ovr\u0161nom postupku i problem obrnute diskriminacije<br \/><strong>Autor:<\/strong> Marino Vi\u0161ni\u0107<br \/><strong>Broj stranica:<\/strong> 128<br \/><strong>Nakladnik:<\/strong> REDAK<br \/><strong>Godina izdanja:<\/strong> 2021.<br \/><strong>ISBN:<\/strong> 978-953-336-795-8<br \/><strong>Tisak:<\/strong> digitalni tisak knjiga &#8211; print na zahtjev<\/p>\n<p>\u00a0<\/p>\n<p><strong>Kako naru\u010diti knjigu?\u00a0<\/strong>Proces online kupovine jednako funkcionira za sve kupce, s jedinom razlikom u tome \u0161to \u0161to kupci iz inozemstva za podru\u010dje dostave moraju odabrati &#8220;Europa&#8221; ili &#8220;Ostale zemlje svijeta&#8221;, a za vrstu pla\u0107anja WSPay (kreditna kartica) ili Virmanom (bankovni transfer).<\/p>\n<p style=\"text-align: justify;\">Molimo kliknite ovdje za\u00a0<a href=\"hr\/kako-kupovati\">detaljni vodi\u010d kroz proces narud\u017ebe<\/a>\u00a0ili nas\u00a0<a href=\"hr\/kontakt\">kontaktirajte<\/a>\u00a0za vi\u0161e informacija.<\/p>\n","protected":false},"excerpt":{"rendered":"<p>Sa\u017eetak: S presudama u predmetima Zulfikarpa\u0161i\u0107 i Pula parking postalo je jasno kako se pravomo\u0107no rje\u0161enje o ovrsi na temelju vjerodostojne isprave koje je izdao hrvatski javni bilje\u017enik ne\u0107e mo\u0107i izvr\u0161iti izvan granica Republike Hrvatske jer to tijelo nije obuhva\u0107eno pod pojam \u201esud\u201c u smislu Uredbe br. 805\/2004 i Uredbe Bruxelles I bis. Me\u0111utim, hrvatski [&hellip;]<\/p>\n","protected":false},"featured_media":9601,"comment_status":"open","ping_status":"closed","template":"","meta":{"_acf_changed":false},"product_brand":[],"product_cat":[1517],"product_tag":[],"class_list":{"0":"post-9600","1":"product","2":"type-product","3":"status-publish","4":"has-post-thumbnail","6":"product_cat-strucna-literatura","7":"pa_autor-marino-visnic","8":"pa_nakladnik-redak","10":"first","11":"instock","12":"shipping-taxable","13":"purchasable","14":"product-type-simple"},"acf":[],"yoast_head":"<!-- This site is optimized with the Yoast SEO plugin v27.3 - https:\/\/yoast.com\/product\/yoast-seo-wordpress\/ -->\n<title>NADLE\u017dNOST HRVATSKIH JAVNIH BILJE\u017dNIKA U OVR\u0160NOM POSTUPKU I PROBLEM OBRNUTE DISKRIMINACIJE, Marino Vi\u0161ni\u0107 - Web-knji\u017eara<\/title>\n<meta name=\"robots\" content=\"index, follow, max-snippet:-1, max-image-preview:large, max-video-preview:-1\" \/>\n<link rel=\"canonical\" href=\"https:\/\/webknjizara.hr\/proizvod\/nadleznost-hrvatskih-javnih-biljeznika-u-ovrsnom-postupku-i-problem-obrnute-diskriminacije-marino-visnic\/\" \/>\n<meta property=\"og:locale\" content=\"en_US\" \/>\n<meta property=\"og:type\" content=\"article\" \/>\n<meta property=\"og:title\" content=\"NADLE\u017dNOST HRVATSKIH JAVNIH BILJE\u017dNIKA U OVR\u0160NOM POSTUPKU I PROBLEM OBRNUTE DISKRIMINACIJE, Marino Vi\u0161ni\u0107 - Web-knji\u017eara\" \/>\n<meta property=\"og:description\" content=\"Sa\u017eetak: S presudama u predmetima Zulfikarpa\u0161i\u0107 i Pula parking postalo je jasno kako se pravomo\u0107no rje\u0161enje o ovrsi na temelju vjerodostojne isprave koje je izdao hrvatski javni bilje\u017enik ne\u0107e mo\u0107i izvr\u0161iti izvan granica Republike Hrvatske jer to tijelo nije obuhva\u0107eno pod pojam \u201esud\u201c u smislu Uredbe br. 805\/2004 i Uredbe Bruxelles I bis. Me\u0111utim, hrvatski [&hellip;]\" \/>\n<meta property=\"og:url\" content=\"https:\/\/webknjizara.hr\/proizvod\/nadleznost-hrvatskih-javnih-biljeznika-u-ovrsnom-postupku-i-problem-obrnute-diskriminacije-marino-visnic\/\" \/>\n<meta property=\"og:site_name\" content=\"Web-knji\u017eara\" \/>\n<meta property=\"article:modified_time\" content=\"2023-02-26T23:18:36+00:00\" \/>\n<meta property=\"og:image\" content=\"https:\/\/webknjizara.hr\/wp-content\/uploads\/nc\/images\/virtuemart\/product\/Marino_Visnic_Nadleznost_hrvatskih_javnih_biljeznika_u_ovrsnom_postupku_i_problem_obrnute_diskriminacije_webknjizara_redak_WEB_1230.jpg\" \/>\n\t<meta property=\"og:image:width\" content=\"300\" \/>\n\t<meta property=\"og:image:height\" content=\"419\" \/>\n\t<meta property=\"og:image:type\" content=\"image\/jpeg\" \/>\n<meta name=\"twitter:card\" content=\"summary_large_image\" \/>\n<meta name=\"twitter:label1\" content=\"Est. reading time\" \/>\n\t<meta name=\"twitter:data1\" content=\"2 minutes\" \/>\n<script type=\"application\/ld+json\" class=\"yoast-schema-graph\">{\"@context\":\"https:\\\/\\\/schema.org\",\"@graph\":[{\"@type\":\"WebPage\",\"@id\":\"https:\\\/\\\/webknjizara.hr\\\/proizvod\\\/nadleznost-hrvatskih-javnih-biljeznika-u-ovrsnom-postupku-i-problem-obrnute-diskriminacije-marino-visnic\\\/\",\"url\":\"https:\\\/\\\/webknjizara.hr\\\/proizvod\\\/nadleznost-hrvatskih-javnih-biljeznika-u-ovrsnom-postupku-i-problem-obrnute-diskriminacije-marino-visnic\\\/\",\"name\":\"NADLE\u017dNOST HRVATSKIH JAVNIH BILJE\u017dNIKA U OVR\u0160NOM POSTUPKU I PROBLEM OBRNUTE DISKRIMINACIJE, Marino Vi\u0161ni\u0107 - Web-knji\u017eara\",\"isPartOf\":{\"@id\":\"https:\\\/\\\/webknjizara.hr\\\/#website\"},\"primaryImageOfPage\":{\"@id\":\"https:\\\/\\\/webknjizara.hr\\\/proizvod\\\/nadleznost-hrvatskih-javnih-biljeznika-u-ovrsnom-postupku-i-problem-obrnute-diskriminacije-marino-visnic\\\/#primaryimage\"},\"image\":{\"@id\":\"https:\\\/\\\/webknjizara.hr\\\/proizvod\\\/nadleznost-hrvatskih-javnih-biljeznika-u-ovrsnom-postupku-i-problem-obrnute-diskriminacije-marino-visnic\\\/#primaryimage\"},\"thumbnailUrl\":\"https:\\\/\\\/webknjizara.hr\\\/wp-content\\\/uploads\\\/nc\\\/images\\\/virtuemart\\\/product\\\/Marino_Visnic_Nadleznost_hrvatskih_javnih_biljeznika_u_ovrsnom_postupku_i_problem_obrnute_diskriminacije_webknjizara_redak_WEB_1230.jpg\",\"datePublished\":\"2021-11-17T12:20:21+00:00\",\"dateModified\":\"2023-02-26T23:18:36+00:00\",\"breadcrumb\":{\"@id\":\"https:\\\/\\\/webknjizara.hr\\\/proizvod\\\/nadleznost-hrvatskih-javnih-biljeznika-u-ovrsnom-postupku-i-problem-obrnute-diskriminacije-marino-visnic\\\/#breadcrumb\"},\"inLanguage\":\"en-US\",\"potentialAction\":[{\"@type\":\"ReadAction\",\"target\":[\"https:\\\/\\\/webknjizara.hr\\\/proizvod\\\/nadleznost-hrvatskih-javnih-biljeznika-u-ovrsnom-postupku-i-problem-obrnute-diskriminacije-marino-visnic\\\/\"]}]},{\"@type\":\"ImageObject\",\"inLanguage\":\"en-US\",\"@id\":\"https:\\\/\\\/webknjizara.hr\\\/proizvod\\\/nadleznost-hrvatskih-javnih-biljeznika-u-ovrsnom-postupku-i-problem-obrnute-diskriminacije-marino-visnic\\\/#primaryimage\",\"url\":\"https:\\\/\\\/webknjizara.hr\\\/wp-content\\\/uploads\\\/nc\\\/images\\\/virtuemart\\\/product\\\/Marino_Visnic_Nadleznost_hrvatskih_javnih_biljeznika_u_ovrsnom_postupku_i_problem_obrnute_diskriminacije_webknjizara_redak_WEB_1230.jpg\",\"contentUrl\":\"https:\\\/\\\/webknjizara.hr\\\/wp-content\\\/uploads\\\/nc\\\/images\\\/virtuemart\\\/product\\\/Marino_Visnic_Nadleznost_hrvatskih_javnih_biljeznika_u_ovrsnom_postupku_i_problem_obrnute_diskriminacije_webknjizara_redak_WEB_1230.jpg\",\"width\":300,\"height\":419,\"caption\":\"NADLE\u017dNOST HRVATSKIH JAVNIH BILJE\u017dNIKA U OVR\u0160NOM POSTUPKU I PROBLEM OBRNUTE DISKRIMINACIJE, Marino Vi\u0161ni\u0107\"},{\"@type\":\"BreadcrumbList\",\"@id\":\"https:\\\/\\\/webknjizara.hr\\\/proizvod\\\/nadleznost-hrvatskih-javnih-biljeznika-u-ovrsnom-postupku-i-problem-obrnute-diskriminacije-marino-visnic\\\/#breadcrumb\",\"itemListElement\":[{\"@type\":\"ListItem\",\"position\":1,\"name\":\"Po\u010detna stranica\",\"item\":\"https:\\\/\\\/webknjizara.hr\\\/en\\\/\"},{\"@type\":\"ListItem\",\"position\":2,\"name\":\"Shop\",\"item\":\"https:\\\/\\\/webknjizara.hr\\\/shop\\\/\"},{\"@type\":\"ListItem\",\"position\":3,\"name\":\"NADLE\u017dNOST HRVATSKIH JAVNIH BILJE\u017dNIKA U OVR\u0160NOM POSTUPKU I PROBLEM OBRNUTE DISKRIMINACIJE, Marino Vi\u0161ni\u0107\"}]},{\"@type\":\"WebSite\",\"@id\":\"https:\\\/\\\/webknjizara.hr\\\/#website\",\"url\":\"https:\\\/\\\/webknjizara.hr\\\/\",\"name\":\"Web Knji\u017eara\",\"description\":\"\",\"publisher\":{\"@id\":\"https:\\\/\\\/webknjizara.hr\\\/#organization\"},\"potentialAction\":[{\"@type\":\"SearchAction\",\"target\":{\"@type\":\"EntryPoint\",\"urlTemplate\":\"https:\\\/\\\/webknjizara.hr\\\/?s={search_term_string}\"},\"query-input\":{\"@type\":\"PropertyValueSpecification\",\"valueRequired\":true,\"valueName\":\"search_term_string\"}}],\"inLanguage\":\"en-US\"},{\"@type\":\"Organization\",\"@id\":\"https:\\\/\\\/webknjizara.hr\\\/#organization\",\"name\":\"REDAK D.O.O.\",\"url\":\"https:\\\/\\\/webknjizara.hr\\\/\",\"logo\":{\"@type\":\"ImageObject\",\"inLanguage\":\"en-US\",\"@id\":\"https:\\\/\\\/webknjizara.hr\\\/#\\\/schema\\\/logo\\\/image\\\/\",\"url\":\"https:\\\/\\\/webknjizara.hr\\\/wp-content\\\/uploads\\\/2023\\\/01\\\/web-knjizara-logo.webp\",\"contentUrl\":\"https:\\\/\\\/webknjizara.hr\\\/wp-content\\\/uploads\\\/2023\\\/01\\\/web-knjizara-logo.webp\",\"width\":324,\"height\":79,\"caption\":\"REDAK D.O.O.\"},\"image\":{\"@id\":\"https:\\\/\\\/webknjizara.hr\\\/#\\\/schema\\\/logo\\\/image\\\/\"}}]}<\/script>\n<!-- \/ Yoast SEO plugin. -->","yoast_head_json":{"title":"NADLE\u017dNOST HRVATSKIH JAVNIH BILJE\u017dNIKA U OVR\u0160NOM POSTUPKU I PROBLEM OBRNUTE DISKRIMINACIJE, Marino Vi\u0161ni\u0107 - Web-knji\u017eara","robots":{"index":"index","follow":"follow","max-snippet":"max-snippet:-1","max-image-preview":"max-image-preview:large","max-video-preview":"max-video-preview:-1"},"canonical":"https:\/\/webknjizara.hr\/proizvod\/nadleznost-hrvatskih-javnih-biljeznika-u-ovrsnom-postupku-i-problem-obrnute-diskriminacije-marino-visnic\/","og_locale":"en_US","og_type":"article","og_title":"NADLE\u017dNOST HRVATSKIH JAVNIH BILJE\u017dNIKA U OVR\u0160NOM POSTUPKU I PROBLEM OBRNUTE DISKRIMINACIJE, Marino Vi\u0161ni\u0107 - Web-knji\u017eara","og_description":"Sa\u017eetak: S presudama u predmetima Zulfikarpa\u0161i\u0107 i Pula parking postalo je jasno kako se pravomo\u0107no rje\u0161enje o ovrsi na temelju vjerodostojne isprave koje je izdao hrvatski javni bilje\u017enik ne\u0107e mo\u0107i izvr\u0161iti izvan granica Republike Hrvatske jer to tijelo nije obuhva\u0107eno pod pojam \u201esud\u201c u smislu Uredbe br. 805\/2004 i Uredbe Bruxelles I bis. Me\u0111utim, hrvatski [&hellip;]","og_url":"https:\/\/webknjizara.hr\/proizvod\/nadleznost-hrvatskih-javnih-biljeznika-u-ovrsnom-postupku-i-problem-obrnute-diskriminacije-marino-visnic\/","og_site_name":"Web-knji\u017eara","article_modified_time":"2023-02-26T23:18:36+00:00","og_image":[{"width":300,"height":419,"url":"https:\/\/webknjizara.hr\/wp-content\/uploads\/nc\/images\/virtuemart\/product\/Marino_Visnic_Nadleznost_hrvatskih_javnih_biljeznika_u_ovrsnom_postupku_i_problem_obrnute_diskriminacije_webknjizara_redak_WEB_1230.jpg","type":"image\/jpeg"}],"twitter_card":"summary_large_image","twitter_misc":{"Est. reading time":"2 minutes"},"schema":{"@context":"https:\/\/schema.org","@graph":[{"@type":"WebPage","@id":"https:\/\/webknjizara.hr\/proizvod\/nadleznost-hrvatskih-javnih-biljeznika-u-ovrsnom-postupku-i-problem-obrnute-diskriminacije-marino-visnic\/","url":"https:\/\/webknjizara.hr\/proizvod\/nadleznost-hrvatskih-javnih-biljeznika-u-ovrsnom-postupku-i-problem-obrnute-diskriminacije-marino-visnic\/","name":"NADLE\u017dNOST HRVATSKIH JAVNIH BILJE\u017dNIKA U OVR\u0160NOM POSTUPKU I PROBLEM OBRNUTE DISKRIMINACIJE, Marino Vi\u0161ni\u0107 - Web-knji\u017eara","isPartOf":{"@id":"https:\/\/webknjizara.hr\/#website"},"primaryImageOfPage":{"@id":"https:\/\/webknjizara.hr\/proizvod\/nadleznost-hrvatskih-javnih-biljeznika-u-ovrsnom-postupku-i-problem-obrnute-diskriminacije-marino-visnic\/#primaryimage"},"image":{"@id":"https:\/\/webknjizara.hr\/proizvod\/nadleznost-hrvatskih-javnih-biljeznika-u-ovrsnom-postupku-i-problem-obrnute-diskriminacije-marino-visnic\/#primaryimage"},"thumbnailUrl":"https:\/\/webknjizara.hr\/wp-content\/uploads\/nc\/images\/virtuemart\/product\/Marino_Visnic_Nadleznost_hrvatskih_javnih_biljeznika_u_ovrsnom_postupku_i_problem_obrnute_diskriminacije_webknjizara_redak_WEB_1230.jpg","datePublished":"2021-11-17T12:20:21+00:00","dateModified":"2023-02-26T23:18:36+00:00","breadcrumb":{"@id":"https:\/\/webknjizara.hr\/proizvod\/nadleznost-hrvatskih-javnih-biljeznika-u-ovrsnom-postupku-i-problem-obrnute-diskriminacije-marino-visnic\/#breadcrumb"},"inLanguage":"en-US","potentialAction":[{"@type":"ReadAction","target":["https:\/\/webknjizara.hr\/proizvod\/nadleznost-hrvatskih-javnih-biljeznika-u-ovrsnom-postupku-i-problem-obrnute-diskriminacije-marino-visnic\/"]}]},{"@type":"ImageObject","inLanguage":"en-US","@id":"https:\/\/webknjizara.hr\/proizvod\/nadleznost-hrvatskih-javnih-biljeznika-u-ovrsnom-postupku-i-problem-obrnute-diskriminacije-marino-visnic\/#primaryimage","url":"https:\/\/webknjizara.hr\/wp-content\/uploads\/nc\/images\/virtuemart\/product\/Marino_Visnic_Nadleznost_hrvatskih_javnih_biljeznika_u_ovrsnom_postupku_i_problem_obrnute_diskriminacije_webknjizara_redak_WEB_1230.jpg","contentUrl":"https:\/\/webknjizara.hr\/wp-content\/uploads\/nc\/images\/virtuemart\/product\/Marino_Visnic_Nadleznost_hrvatskih_javnih_biljeznika_u_ovrsnom_postupku_i_problem_obrnute_diskriminacije_webknjizara_redak_WEB_1230.jpg","width":300,"height":419,"caption":"NADLE\u017dNOST HRVATSKIH JAVNIH BILJE\u017dNIKA U OVR\u0160NOM POSTUPKU I PROBLEM OBRNUTE DISKRIMINACIJE, Marino Vi\u0161ni\u0107"},{"@type":"BreadcrumbList","@id":"https:\/\/webknjizara.hr\/proizvod\/nadleznost-hrvatskih-javnih-biljeznika-u-ovrsnom-postupku-i-problem-obrnute-diskriminacije-marino-visnic\/#breadcrumb","itemListElement":[{"@type":"ListItem","position":1,"name":"Po\u010detna stranica","item":"https:\/\/webknjizara.hr\/en\/"},{"@type":"ListItem","position":2,"name":"Shop","item":"https:\/\/webknjizara.hr\/shop\/"},{"@type":"ListItem","position":3,"name":"NADLE\u017dNOST HRVATSKIH JAVNIH BILJE\u017dNIKA U OVR\u0160NOM POSTUPKU I PROBLEM OBRNUTE DISKRIMINACIJE, Marino Vi\u0161ni\u0107"}]},{"@type":"WebSite","@id":"https:\/\/webknjizara.hr\/#website","url":"https:\/\/webknjizara.hr\/","name":"Web Knji\u017eara","description":"","publisher":{"@id":"https:\/\/webknjizara.hr\/#organization"},"potentialAction":[{"@type":"SearchAction","target":{"@type":"EntryPoint","urlTemplate":"https:\/\/webknjizara.hr\/?s={search_term_string}"},"query-input":{"@type":"PropertyValueSpecification","valueRequired":true,"valueName":"search_term_string"}}],"inLanguage":"en-US"},{"@type":"Organization","@id":"https:\/\/webknjizara.hr\/#organization","name":"REDAK D.O.O.","url":"https:\/\/webknjizara.hr\/","logo":{"@type":"ImageObject","inLanguage":"en-US","@id":"https:\/\/webknjizara.hr\/#\/schema\/logo\/image\/","url":"https:\/\/webknjizara.hr\/wp-content\/uploads\/2023\/01\/web-knjizara-logo.webp","contentUrl":"https:\/\/webknjizara.hr\/wp-content\/uploads\/2023\/01\/web-knjizara-logo.webp","width":324,"height":79,"caption":"REDAK D.O.O."},"image":{"@id":"https:\/\/webknjizara.hr\/#\/schema\/logo\/image\/"}}]}},"_links":{"self":[{"href":"https:\/\/webknjizara.hr\/en\/wp-json\/wp\/v2\/product\/9600","targetHints":{"allow":["GET"]}}],"collection":[{"href":"https:\/\/webknjizara.hr\/en\/wp-json\/wp\/v2\/product"}],"about":[{"href":"https:\/\/webknjizara.hr\/en\/wp-json\/wp\/v2\/types\/product"}],"replies":[{"embeddable":true,"href":"https:\/\/webknjizara.hr\/en\/wp-json\/wp\/v2\/comments?post=9600"}],"wp:featuredmedia":[{"embeddable":true,"href":"https:\/\/webknjizara.hr\/en\/wp-json\/wp\/v2\/media\/9601"}],"wp:attachment":[{"href":"https:\/\/webknjizara.hr\/en\/wp-json\/wp\/v2\/media?parent=9600"}],"wp:term":[{"taxonomy":"product_brand","embeddable":true,"href":"https:\/\/webknjizara.hr\/en\/wp-json\/wp\/v2\/product_brand?post=9600"},{"taxonomy":"product_cat","embeddable":true,"href":"https:\/\/webknjizara.hr\/en\/wp-json\/wp\/v2\/product_cat?post=9600"},{"taxonomy":"product_tag","embeddable":true,"href":"https:\/\/webknjizara.hr\/en\/wp-json\/wp\/v2\/product_tag?post=9600"}],"curies":[{"name":"wp","href":"https:\/\/api.w.org\/{rel}","templated":true}]}}