{"id":9584,"date":"2021-11-03T10:22:47","date_gmt":"2021-11-03T10:22:47","guid":{"rendered":"https:\/\/webknjizara.hr\/?product=carobnjak-pufic-%e2%80%93-u-izgubljenoj-sumi-mauro-lacovich-i-sur"},"modified":"2025-02-28T14:55:07","modified_gmt":"2025-02-28T13:55:07","slug":"carobnjak-pufic-u-izgubljenoj-sumi-mauro-lacovich-i-sur","status":"publish","type":"product","link":"https:\/\/webknjizara.hr\/en\/proizvod\/carobnjak-pufic-u-izgubljenoj-sumi-mauro-lacovich-i-sur\/","title":{"rendered":"\u010cAROBNJAK PUFI\u0106 \u2013 U IZGUBLJENOJ \u0160UMI, Mauro Lacovich i sur."},"content":{"rendered":"<p><strong>Sa\u017eetak:<\/strong><\/p>\n<p>Jednog dana, putem Magi\u010dnog Ogledala, \u010carobnjaku Pufi\u0107u javila se njegova prijateljica Sova iz Izgubljene \u0160ume. Zatra\u017eila ga je da do\u0111e u posjetu i pomogne \u0161umskim stanovnicima koje su sna\u0161le mnoge nevolje. Tako je zapo\u010dela Pufi\u0107eva avantura pomaganja i rje\u0161avanja problema u kojoj je i sam mnogo nau\u010dio.<\/p>\n<p>Suradnjom s djecom koja su smislila Pufi\u0107eve zgode, te iste crtala, Mauro Lacovich spojio je sve u jednu pri\u010du, dok je kombiniranjem njihovih i svojih ilustracija kreirao jedinstveni vizualni do\u017eivljaj Pufi\u0107eve avanture.<\/p>\n<p><strong>Bilje\u0161ka o autoru:<\/strong><\/p>\n<p>Mauro Lacovich, prof., dipl. psiholog, psihoterapeut, ro\u0111en je u Rijeci, a \u017eivi u Irskoj. Zbog kori\u0161tenja pri\u010da u psihoterapiji, kao i u svojim knjigama, gdje ih kroz iscjeljuju\u0107i kontekst koristi umjesto izravnih savjeta, prepoznat je kao nasljednik Jorgea Bucaya.<\/p>\n<p>Bave\u0107i se terapeutskim pri\u010dama za djecu razvio je jedinstven stil u istima. Vodi radionice terapeutskih pri\u010da za djecu namijenjene roditeljima i stru\u010dnjacima. Mnoge njegove pri\u010de mogu se prona\u0107i na internetu u obliku besplatnih e-slikovnica. Autor je popularnih knjiga.<\/p>\n<p><strong>Klju\u010dne rije\u010di:<\/strong> Dje\u010dja knjiga, Slikovnica, Terapeutska pri\u010da, Pri\u010da koja poma\u017ee<\/p>\n<p><strong>E-mail:<\/strong> <a href=\"mailto:mauro.lacovich@gmail.com\" target=\"_blank\" rel=\"noopener noreferrer\">Mauro Lacovich\u00a0<\/a><\/p>\n<p><strong>Naslov:<\/strong> \u010carobnjak Pufi\u0107 \u2013 U Izgubljenoj \u0160umi<br \/>\n<strong>Autor:<\/strong> Mauro Lacovich i sur.<br \/>\n<strong>Broj stranica:<\/strong> 50<br \/>\n<strong>Nakladnik:<\/strong> REDAK<br \/>\n<strong>Godina izdanja:<\/strong> 2021.<br \/>\n<strong>ISBN:<\/strong> 978-953-336-730-9<br \/>\n<strong>Tisak:<\/strong> digitalni tisak knjiga &#8211; print na zahtjev<\/p>\n<p><strong>Kako naru\u010diti knjigu?\u00a0<\/strong>Proces online kupovine jednako funkcionira za sve kupce, s jedinom razlikom u tome \u0161to \u0161to kupci iz inozemstva za podru\u010dje dostave moraju odabrati &#8220;Europa&#8221; ili &#8220;Ostale zemlje svijeta&#8221;, a za vrstu pla\u0107anja WSPay (kreditna kartica) ili Virmanom (bankovni transfer).<\/p>\n<p style=\"text-align: justify;\">Molimo kliknite ovdje za\u00a0<a href=\"hr\/kako-kupovati\">detaljni vodi\u010d kroz proces narud\u017ebe<\/a>\u00a0ili nas\u00a0<a href=\"hr\/kontakt\">kontaktirajte<\/a>\u00a0za vi\u0161e informacija.<\/p>\n","protected":false},"excerpt":{"rendered":"<p>Sa\u017eetak: Jednog dana, putem Magi\u010dnog Ogledala, \u010carobnjaku Pufi\u0107u javila se njegova prijateljica Sova iz Izgubljene \u0160ume. Zatra\u017eila ga je da do\u0111e u posjetu i pomogne \u0161umskim stanovnicima koje su sna\u0161le mnoge nevolje. Tako je zapo\u010dela Pufi\u0107eva avantura pomaganja i rje\u0161avanja problema u kojoj je i sam mnogo nau\u010dio. Suradnjom s djecom koja su smislila Pufi\u0107eve [&hellip;]<\/p>\n","protected":false},"featured_media":9585,"comment_status":"open","ping_status":"closed","template":"","meta":{"_acf_changed":false},"product_brand":[],"product_cat":[2362,1489],"product_tag":[],"class_list":{"0":"post-9584","1":"product","2":"type-product","3":"status-publish","4":"has-post-thumbnail","6":"product_cat-slikovnica","7":"product_cat-publicistika","8":"pa_autor-mauro-lacovich-i-sur","9":"pa_nakladnik-redak","11":"first","12":"instock","13":"shipping-taxable","14":"purchasable","15":"product-type-simple"},"acf":[],"yoast_head":"<!-- This site is optimized with the Yoast SEO plugin v27.3 - https:\/\/yoast.com\/product\/yoast-seo-wordpress\/ -->\n<title>\u010cAROBNJAK PUFI\u0106 \u2013 U IZGUBLJENOJ \u0160UMI, Mauro Lacovich i sur. - Web-knji\u017eara<\/title>\n<meta name=\"robots\" content=\"index, follow, max-snippet:-1, max-image-preview:large, max-video-preview:-1\" \/>\n<link rel=\"canonical\" href=\"https:\/\/webknjizara.hr\/proizvod\/carobnjak-pufic-u-izgubljenoj-sumi-mauro-lacovich-i-sur\/\" \/>\n<meta property=\"og:locale\" content=\"en_US\" \/>\n<meta property=\"og:type\" content=\"article\" \/>\n<meta property=\"og:title\" content=\"\u010cAROBNJAK PUFI\u0106 \u2013 U IZGUBLJENOJ \u0160UMI, Mauro Lacovich i sur. - Web-knji\u017eara\" \/>\n<meta property=\"og:description\" content=\"Sa\u017eetak: Jednog dana, putem Magi\u010dnog Ogledala, \u010carobnjaku Pufi\u0107u javila se njegova prijateljica Sova iz Izgubljene \u0160ume. Zatra\u017eila ga je da do\u0111e u posjetu i pomogne \u0161umskim stanovnicima koje su sna\u0161le mnoge nevolje. Tako je zapo\u010dela Pufi\u0107eva avantura pomaganja i rje\u0161avanja problema u kojoj je i sam mnogo nau\u010dio. Suradnjom s djecom koja su smislila Pufi\u0107eve [&hellip;]\" \/>\n<meta property=\"og:url\" content=\"https:\/\/webknjizara.hr\/proizvod\/carobnjak-pufic-u-izgubljenoj-sumi-mauro-lacovich-i-sur\/\" \/>\n<meta property=\"og:site_name\" content=\"Web-knji\u017eara\" \/>\n<meta property=\"article:modified_time\" content=\"2025-02-28T13:55:07+00:00\" \/>\n<meta property=\"og:image\" content=\"https:\/\/webknjizara.hr\/wp-content\/uploads\/nc\/images\/virtuemart\/product\/Mauro_Lacovich_i_sur._Carobnjak_Pufic__U_Izgubljenoj_Sumi_webknjizara_redak_WEB_1215.jpg\" \/>\n\t<meta property=\"og:image:width\" content=\"300\" \/>\n\t<meta property=\"og:image:height\" content=\"419\" \/>\n\t<meta property=\"og:image:type\" content=\"image\/jpeg\" \/>\n<meta name=\"twitter:card\" content=\"summary_large_image\" \/>\n<meta name=\"twitter:label1\" content=\"Est. reading time\" \/>\n\t<meta name=\"twitter:data1\" content=\"2 minutes\" \/>\n<script type=\"application\/ld+json\" class=\"yoast-schema-graph\">{\"@context\":\"https:\\\/\\\/schema.org\",\"@graph\":[{\"@type\":\"WebPage\",\"@id\":\"https:\\\/\\\/webknjizara.hr\\\/proizvod\\\/carobnjak-pufic-u-izgubljenoj-sumi-mauro-lacovich-i-sur\\\/\",\"url\":\"https:\\\/\\\/webknjizara.hr\\\/proizvod\\\/carobnjak-pufic-u-izgubljenoj-sumi-mauro-lacovich-i-sur\\\/\",\"name\":\"\u010cAROBNJAK PUFI\u0106 \u2013 U IZGUBLJENOJ \u0160UMI, Mauro Lacovich i sur. - Web-knji\u017eara\",\"isPartOf\":{\"@id\":\"https:\\\/\\\/webknjizara.hr\\\/#website\"},\"primaryImageOfPage\":{\"@id\":\"https:\\\/\\\/webknjizara.hr\\\/proizvod\\\/carobnjak-pufic-u-izgubljenoj-sumi-mauro-lacovich-i-sur\\\/#primaryimage\"},\"image\":{\"@id\":\"https:\\\/\\\/webknjizara.hr\\\/proizvod\\\/carobnjak-pufic-u-izgubljenoj-sumi-mauro-lacovich-i-sur\\\/#primaryimage\"},\"thumbnailUrl\":\"https:\\\/\\\/webknjizara.hr\\\/wp-content\\\/uploads\\\/nc\\\/images\\\/virtuemart\\\/product\\\/Mauro_Lacovich_i_sur._Carobnjak_Pufic__U_Izgubljenoj_Sumi_webknjizara_redak_WEB_1215.jpg\",\"datePublished\":\"2021-11-03T10:22:47+00:00\",\"dateModified\":\"2025-02-28T13:55:07+00:00\",\"breadcrumb\":{\"@id\":\"https:\\\/\\\/webknjizara.hr\\\/proizvod\\\/carobnjak-pufic-u-izgubljenoj-sumi-mauro-lacovich-i-sur\\\/#breadcrumb\"},\"inLanguage\":\"en-US\",\"potentialAction\":[{\"@type\":\"ReadAction\",\"target\":[\"https:\\\/\\\/webknjizara.hr\\\/proizvod\\\/carobnjak-pufic-u-izgubljenoj-sumi-mauro-lacovich-i-sur\\\/\"]}]},{\"@type\":\"ImageObject\",\"inLanguage\":\"en-US\",\"@id\":\"https:\\\/\\\/webknjizara.hr\\\/proizvod\\\/carobnjak-pufic-u-izgubljenoj-sumi-mauro-lacovich-i-sur\\\/#primaryimage\",\"url\":\"https:\\\/\\\/webknjizara.hr\\\/wp-content\\\/uploads\\\/nc\\\/images\\\/virtuemart\\\/product\\\/Mauro_Lacovich_i_sur._Carobnjak_Pufic__U_Izgubljenoj_Sumi_webknjizara_redak_WEB_1215.jpg\",\"contentUrl\":\"https:\\\/\\\/webknjizara.hr\\\/wp-content\\\/uploads\\\/nc\\\/images\\\/virtuemart\\\/product\\\/Mauro_Lacovich_i_sur._Carobnjak_Pufic__U_Izgubljenoj_Sumi_webknjizara_redak_WEB_1215.jpg\",\"width\":300,\"height\":419,\"caption\":\"\u010cAROBNJAK PUFI\u0106 \u2013 U IZGUBLJENOJ \u0160UMI, Mauro Lacovich i sur.\"},{\"@type\":\"BreadcrumbList\",\"@id\":\"https:\\\/\\\/webknjizara.hr\\\/proizvod\\\/carobnjak-pufic-u-izgubljenoj-sumi-mauro-lacovich-i-sur\\\/#breadcrumb\",\"itemListElement\":[{\"@type\":\"ListItem\",\"position\":1,\"name\":\"Po\u010detna stranica\",\"item\":\"https:\\\/\\\/webknjizara.hr\\\/en\\\/\"},{\"@type\":\"ListItem\",\"position\":2,\"name\":\"Shop\",\"item\":\"https:\\\/\\\/webknjizara.hr\\\/shop\\\/\"},{\"@type\":\"ListItem\",\"position\":3,\"name\":\"\u010cAROBNJAK PUFI\u0106 \u2013 U IZGUBLJENOJ \u0160UMI, Mauro Lacovich i sur.\"}]},{\"@type\":\"WebSite\",\"@id\":\"https:\\\/\\\/webknjizara.hr\\\/#website\",\"url\":\"https:\\\/\\\/webknjizara.hr\\\/\",\"name\":\"Web Knji\u017eara\",\"description\":\"\",\"publisher\":{\"@id\":\"https:\\\/\\\/webknjizara.hr\\\/#organization\"},\"potentialAction\":[{\"@type\":\"SearchAction\",\"target\":{\"@type\":\"EntryPoint\",\"urlTemplate\":\"https:\\\/\\\/webknjizara.hr\\\/?s={search_term_string}\"},\"query-input\":{\"@type\":\"PropertyValueSpecification\",\"valueRequired\":true,\"valueName\":\"search_term_string\"}}],\"inLanguage\":\"en-US\"},{\"@type\":\"Organization\",\"@id\":\"https:\\\/\\\/webknjizara.hr\\\/#organization\",\"name\":\"REDAK D.O.O.\",\"url\":\"https:\\\/\\\/webknjizara.hr\\\/\",\"logo\":{\"@type\":\"ImageObject\",\"inLanguage\":\"en-US\",\"@id\":\"https:\\\/\\\/webknjizara.hr\\\/#\\\/schema\\\/logo\\\/image\\\/\",\"url\":\"https:\\\/\\\/webknjizara.hr\\\/wp-content\\\/uploads\\\/2023\\\/01\\\/web-knjizara-logo.webp\",\"contentUrl\":\"https:\\\/\\\/webknjizara.hr\\\/wp-content\\\/uploads\\\/2023\\\/01\\\/web-knjizara-logo.webp\",\"width\":324,\"height\":79,\"caption\":\"REDAK D.O.O.\"},\"image\":{\"@id\":\"https:\\\/\\\/webknjizara.hr\\\/#\\\/schema\\\/logo\\\/image\\\/\"}}]}<\/script>\n<!-- \/ Yoast SEO plugin. -->","yoast_head_json":{"title":"\u010cAROBNJAK PUFI\u0106 \u2013 U IZGUBLJENOJ \u0160UMI, Mauro Lacovich i sur. - Web-knji\u017eara","robots":{"index":"index","follow":"follow","max-snippet":"max-snippet:-1","max-image-preview":"max-image-preview:large","max-video-preview":"max-video-preview:-1"},"canonical":"https:\/\/webknjizara.hr\/proizvod\/carobnjak-pufic-u-izgubljenoj-sumi-mauro-lacovich-i-sur\/","og_locale":"en_US","og_type":"article","og_title":"\u010cAROBNJAK PUFI\u0106 \u2013 U IZGUBLJENOJ \u0160UMI, Mauro Lacovich i sur. - Web-knji\u017eara","og_description":"Sa\u017eetak: Jednog dana, putem Magi\u010dnog Ogledala, \u010carobnjaku Pufi\u0107u javila se njegova prijateljica Sova iz Izgubljene \u0160ume. Zatra\u017eila ga je da do\u0111e u posjetu i pomogne \u0161umskim stanovnicima koje su sna\u0161le mnoge nevolje. Tako je zapo\u010dela Pufi\u0107eva avantura pomaganja i rje\u0161avanja problema u kojoj je i sam mnogo nau\u010dio. Suradnjom s djecom koja su smislila Pufi\u0107eve [&hellip;]","og_url":"https:\/\/webknjizara.hr\/proizvod\/carobnjak-pufic-u-izgubljenoj-sumi-mauro-lacovich-i-sur\/","og_site_name":"Web-knji\u017eara","article_modified_time":"2025-02-28T13:55:07+00:00","og_image":[{"width":300,"height":419,"url":"https:\/\/webknjizara.hr\/wp-content\/uploads\/nc\/images\/virtuemart\/product\/Mauro_Lacovich_i_sur._Carobnjak_Pufic__U_Izgubljenoj_Sumi_webknjizara_redak_WEB_1215.jpg","type":"image\/jpeg"}],"twitter_card":"summary_large_image","twitter_misc":{"Est. reading time":"2 minutes"},"schema":{"@context":"https:\/\/schema.org","@graph":[{"@type":"WebPage","@id":"https:\/\/webknjizara.hr\/proizvod\/carobnjak-pufic-u-izgubljenoj-sumi-mauro-lacovich-i-sur\/","url":"https:\/\/webknjizara.hr\/proizvod\/carobnjak-pufic-u-izgubljenoj-sumi-mauro-lacovich-i-sur\/","name":"\u010cAROBNJAK PUFI\u0106 \u2013 U IZGUBLJENOJ \u0160UMI, Mauro Lacovich i sur. - Web-knji\u017eara","isPartOf":{"@id":"https:\/\/webknjizara.hr\/#website"},"primaryImageOfPage":{"@id":"https:\/\/webknjizara.hr\/proizvod\/carobnjak-pufic-u-izgubljenoj-sumi-mauro-lacovich-i-sur\/#primaryimage"},"image":{"@id":"https:\/\/webknjizara.hr\/proizvod\/carobnjak-pufic-u-izgubljenoj-sumi-mauro-lacovich-i-sur\/#primaryimage"},"thumbnailUrl":"https:\/\/webknjizara.hr\/wp-content\/uploads\/nc\/images\/virtuemart\/product\/Mauro_Lacovich_i_sur._Carobnjak_Pufic__U_Izgubljenoj_Sumi_webknjizara_redak_WEB_1215.jpg","datePublished":"2021-11-03T10:22:47+00:00","dateModified":"2025-02-28T13:55:07+00:00","breadcrumb":{"@id":"https:\/\/webknjizara.hr\/proizvod\/carobnjak-pufic-u-izgubljenoj-sumi-mauro-lacovich-i-sur\/#breadcrumb"},"inLanguage":"en-US","potentialAction":[{"@type":"ReadAction","target":["https:\/\/webknjizara.hr\/proizvod\/carobnjak-pufic-u-izgubljenoj-sumi-mauro-lacovich-i-sur\/"]}]},{"@type":"ImageObject","inLanguage":"en-US","@id":"https:\/\/webknjizara.hr\/proizvod\/carobnjak-pufic-u-izgubljenoj-sumi-mauro-lacovich-i-sur\/#primaryimage","url":"https:\/\/webknjizara.hr\/wp-content\/uploads\/nc\/images\/virtuemart\/product\/Mauro_Lacovich_i_sur._Carobnjak_Pufic__U_Izgubljenoj_Sumi_webknjizara_redak_WEB_1215.jpg","contentUrl":"https:\/\/webknjizara.hr\/wp-content\/uploads\/nc\/images\/virtuemart\/product\/Mauro_Lacovich_i_sur._Carobnjak_Pufic__U_Izgubljenoj_Sumi_webknjizara_redak_WEB_1215.jpg","width":300,"height":419,"caption":"\u010cAROBNJAK PUFI\u0106 \u2013 U IZGUBLJENOJ \u0160UMI, Mauro Lacovich i sur."},{"@type":"BreadcrumbList","@id":"https:\/\/webknjizara.hr\/proizvod\/carobnjak-pufic-u-izgubljenoj-sumi-mauro-lacovich-i-sur\/#breadcrumb","itemListElement":[{"@type":"ListItem","position":1,"name":"Po\u010detna stranica","item":"https:\/\/webknjizara.hr\/en\/"},{"@type":"ListItem","position":2,"name":"Shop","item":"https:\/\/webknjizara.hr\/shop\/"},{"@type":"ListItem","position":3,"name":"\u010cAROBNJAK PUFI\u0106 \u2013 U IZGUBLJENOJ \u0160UMI, Mauro Lacovich i sur."}]},{"@type":"WebSite","@id":"https:\/\/webknjizara.hr\/#website","url":"https:\/\/webknjizara.hr\/","name":"Web Knji\u017eara","description":"","publisher":{"@id":"https:\/\/webknjizara.hr\/#organization"},"potentialAction":[{"@type":"SearchAction","target":{"@type":"EntryPoint","urlTemplate":"https:\/\/webknjizara.hr\/?s={search_term_string}"},"query-input":{"@type":"PropertyValueSpecification","valueRequired":true,"valueName":"search_term_string"}}],"inLanguage":"en-US"},{"@type":"Organization","@id":"https:\/\/webknjizara.hr\/#organization","name":"REDAK D.O.O.","url":"https:\/\/webknjizara.hr\/","logo":{"@type":"ImageObject","inLanguage":"en-US","@id":"https:\/\/webknjizara.hr\/#\/schema\/logo\/image\/","url":"https:\/\/webknjizara.hr\/wp-content\/uploads\/2023\/01\/web-knjizara-logo.webp","contentUrl":"https:\/\/webknjizara.hr\/wp-content\/uploads\/2023\/01\/web-knjizara-logo.webp","width":324,"height":79,"caption":"REDAK D.O.O."},"image":{"@id":"https:\/\/webknjizara.hr\/#\/schema\/logo\/image\/"}}]}},"_links":{"self":[{"href":"https:\/\/webknjizara.hr\/en\/wp-json\/wp\/v2\/product\/9584","targetHints":{"allow":["GET"]}}],"collection":[{"href":"https:\/\/webknjizara.hr\/en\/wp-json\/wp\/v2\/product"}],"about":[{"href":"https:\/\/webknjizara.hr\/en\/wp-json\/wp\/v2\/types\/product"}],"replies":[{"embeddable":true,"href":"https:\/\/webknjizara.hr\/en\/wp-json\/wp\/v2\/comments?post=9584"}],"wp:featuredmedia":[{"embeddable":true,"href":"https:\/\/webknjizara.hr\/en\/wp-json\/wp\/v2\/media\/9585"}],"wp:attachment":[{"href":"https:\/\/webknjizara.hr\/en\/wp-json\/wp\/v2\/media?parent=9584"}],"wp:term":[{"taxonomy":"product_brand","embeddable":true,"href":"https:\/\/webknjizara.hr\/en\/wp-json\/wp\/v2\/product_brand?post=9584"},{"taxonomy":"product_cat","embeddable":true,"href":"https:\/\/webknjizara.hr\/en\/wp-json\/wp\/v2\/product_cat?post=9584"},{"taxonomy":"product_tag","embeddable":true,"href":"https:\/\/webknjizara.hr\/en\/wp-json\/wp\/v2\/product_tag?post=9584"}],"curies":[{"name":"wp","href":"https:\/\/api.w.org\/{rel}","templated":true}]}}