{"id":9582,"date":"2021-10-28T13:46:05","date_gmt":"2021-10-28T13:46:05","guid":{"rendered":"https:\/\/webknjizara.hr\/?product=znanstveni-casopis-interdisciplinary-description-of-complex-systems-193-grupa-autora"},"modified":"2023-02-27T00:18:34","modified_gmt":"2023-02-26T23:18:34","slug":"znanstveni-casopis-interdisciplinary-description-of-complex-systems-19-3-grupa-autora","status":"publish","type":"product","link":"https:\/\/webknjizara.hr\/en\/proizvod\/znanstveni-casopis-interdisciplinary-description-of-complex-systems-19-3-grupa-autora\/","title":{"rendered":"ZNANSTVENI \u010cASOPIS INTERDISCIPLINARY DESCRIPTION OF COMPLEX SYSTEMS 19(3), Grupa autora"},"content":{"rendered":"<p><strong>Sa\u017eetak:<\/strong><\/p>\n<p>13 znanstvenih radova<\/p>\n<p>\u00a0<\/p>\n<p><strong>Bilje\u0161ka o autorima:<\/strong><\/p>\n<p>vi\u0161e autora<\/p>\n<p><strong>Klju\u010dne rije\u010di:<\/strong> retorika, afekt, post-PC, 4. industrijska revolucija, budu\u0107nost poslova, poduzetni\u010dko sveu\u010dili\u0161te, triple-helix, sustav, spin-off, patenti, obrazovni sustav, poduzetn\u010dki ekosustav, emergencija, svjest, ra\u010dunalstvo, komunikacija, medijator, informacija, dobrota, emocija, du\u017enost, racionalnost, kantovski, religioznost mladih, katolci adolescenti, religioznost roditelja, roditeljska religioznost, profesija, zanimanje, sociologija profesije, sociologija zanimanja, funkcionalizam, interakcionizam, socijalni konflikt, mikro studije, zaposlenost, Okunov zakon, BDP, rast BDP-a, radna snaga, prekarijat, CSR, dru\u0161tveno odgovorno poslovanje, izvor, strano tr\u017ei\u0161te, strategija dru\u0161tveno odgovornog poslovanja, gamifikacija, e-poslovanje, Sjeverna Makedonija, 6D okvir, Chakravyuh, UAV, bespilotne letjelice, dron, dronovi, edukacija, podu\u010davanje, Hrvatska<\/p>\n<p><strong>Link:<\/strong> <a href=\"http:\/\/indecs.eu\" target=\"_blank\" rel=\"noopener noreferrer\">http:\/\/indecs.eu<\/a><\/p>\n<p><strong>E-mail:<\/strong> <a href=\"mailto:ured@idd.hr\" target=\"_blank\" rel=\"noopener noreferrer\">Kontakt<\/a>\u00a0<\/p>\n<p>\u00a0<\/p>\n<p><strong>Naslov:<\/strong> Znanstveni \u010dasopis Interdisciplinary Description of Complex Systems 19(3)<br \/><strong>Autori:<\/strong> Grupa autora<br \/><strong>Broj stranica:<\/strong> 108<br \/><strong>Nakladnik:<\/strong> Hrvatsko interdisciplinarno dru\u0161tvo<br \/><strong>Godina izdanja:<\/strong> 2021.<br \/><strong>ISBN:<\/strong> ISSN 1334-4684<br \/><strong>Tisak:<\/strong> digitalni tisak knjiga &#8211; print na zahtjev<\/p>\n<p>\u00a0<\/p>\n<p style=\"text-align: justify;\"><strong>Kako naru\u010diti knjigu?\u00a0<\/strong>Proces online kupovine jednako funkcionira za sve kupce, s jedinom razlikom u tome \u0161to \u0161to kupci iz inozemstva za podru\u010dje dostave moraju odabrati &#8220;Europa&#8221; ili &#8220;Ostale zemlje svijeta&#8221;, a za vrstu pla\u0107anja WSPay (kreditna kartica) ili Virmanom (bankovni transfer).<\/p>\n<p style=\"text-align: justify;\">Molimo kliknite ovdje za\u00a0<a href=\"hr\/kako-kupovati\">detaljni vodi\u010d kroz proces narud\u017ebe<\/a>\u00a0ili nas\u00a0<a href=\"hr\/kontakt\">kontaktirajte<\/a>\u00a0za vi\u0161e informacija.<\/p>\n","protected":false},"excerpt":{"rendered":"<p>Sa\u017eetak: 13 znanstvenih radova \u00a0 Bilje\u0161ka o autorima: vi\u0161e autora Klju\u010dne rije\u010di: retorika, afekt, post-PC, 4. industrijska revolucija, budu\u0107nost poslova, poduzetni\u010dko sveu\u010dili\u0161te, triple-helix, sustav, spin-off, patenti, obrazovni sustav, poduzetn\u010dki ekosustav, emergencija, svjest, ra\u010dunalstvo, komunikacija, medijator, informacija, dobrota, emocija, du\u017enost, racionalnost, kantovski, religioznost mladih, katolci adolescenti, religioznost roditelja, roditeljska religioznost, profesija, zanimanje, sociologija profesije, sociologija zanimanja, [&hellip;]<\/p>\n","protected":false},"featured_media":9583,"comment_status":"open","ping_status":"closed","template":"","meta":{"_acf_changed":false},"product_brand":[],"product_cat":[1517],"product_tag":[],"class_list":{"0":"post-9582","1":"product","2":"type-product","3":"status-publish","4":"has-post-thumbnail","6":"product_cat-strucna-literatura","7":"pa_autor-grupa-autora","8":"pa_nakladnik-hrvatsko-interdisciplinarno-drustvo","10":"first","11":"instock","12":"shipping-taxable","13":"purchasable","14":"product-type-simple"},"acf":[],"yoast_head":"<!-- This site is optimized with the Yoast SEO plugin v27.3 - https:\/\/yoast.com\/product\/yoast-seo-wordpress\/ -->\n<title>ZNANSTVENI \u010cASOPIS INTERDISCIPLINARY DESCRIPTION OF COMPLEX SYSTEMS 19(3), Grupa autora - Web-knji\u017eara<\/title>\n<meta name=\"robots\" content=\"index, follow, max-snippet:-1, max-image-preview:large, max-video-preview:-1\" \/>\n<link rel=\"canonical\" href=\"https:\/\/webknjizara.hr\/proizvod\/znanstveni-casopis-interdisciplinary-description-of-complex-systems-19-3-grupa-autora\/\" \/>\n<meta property=\"og:locale\" content=\"en_US\" \/>\n<meta property=\"og:type\" content=\"article\" \/>\n<meta property=\"og:title\" content=\"ZNANSTVENI \u010cASOPIS INTERDISCIPLINARY DESCRIPTION OF COMPLEX SYSTEMS 19(3), Grupa autora - Web-knji\u017eara\" \/>\n<meta property=\"og:description\" content=\"Sa\u017eetak: 13 znanstvenih radova \u00a0 Bilje\u0161ka o autorima: vi\u0161e autora Klju\u010dne rije\u010di: retorika, afekt, post-PC, 4. industrijska revolucija, budu\u0107nost poslova, poduzetni\u010dko sveu\u010dili\u0161te, triple-helix, sustav, spin-off, patenti, obrazovni sustav, poduzetn\u010dki ekosustav, emergencija, svjest, ra\u010dunalstvo, komunikacija, medijator, informacija, dobrota, emocija, du\u017enost, racionalnost, kantovski, religioznost mladih, katolci adolescenti, religioznost roditelja, roditeljska religioznost, profesija, zanimanje, sociologija profesije, sociologija zanimanja, [&hellip;]\" \/>\n<meta property=\"og:url\" content=\"https:\/\/webknjizara.hr\/proizvod\/znanstveni-casopis-interdisciplinary-description-of-complex-systems-19-3-grupa-autora\/\" \/>\n<meta property=\"og:site_name\" content=\"Web-knji\u017eara\" \/>\n<meta property=\"article:modified_time\" content=\"2023-02-26T23:18:34+00:00\" \/>\n<meta property=\"og:image\" content=\"https:\/\/webknjizara.hr\/wp-content\/uploads\/nc\/images\/virtuemart\/product\/GRUPA__1.jpg\" \/>\n\t<meta property=\"og:image:width\" content=\"300\" \/>\n\t<meta property=\"og:image:height\" content=\"419\" \/>\n\t<meta property=\"og:image:type\" content=\"image\/jpeg\" \/>\n<meta name=\"twitter:card\" content=\"summary_large_image\" \/>\n<meta name=\"twitter:label1\" content=\"Est. reading time\" \/>\n\t<meta name=\"twitter:data1\" content=\"1 minute\" \/>\n<script type=\"application\/ld+json\" class=\"yoast-schema-graph\">{\"@context\":\"https:\\\/\\\/schema.org\",\"@graph\":[{\"@type\":\"WebPage\",\"@id\":\"https:\\\/\\\/webknjizara.hr\\\/proizvod\\\/znanstveni-casopis-interdisciplinary-description-of-complex-systems-19-3-grupa-autora\\\/\",\"url\":\"https:\\\/\\\/webknjizara.hr\\\/proizvod\\\/znanstveni-casopis-interdisciplinary-description-of-complex-systems-19-3-grupa-autora\\\/\",\"name\":\"ZNANSTVENI \u010cASOPIS INTERDISCIPLINARY DESCRIPTION OF COMPLEX SYSTEMS 19(3), Grupa autora - Web-knji\u017eara\",\"isPartOf\":{\"@id\":\"https:\\\/\\\/webknjizara.hr\\\/#website\"},\"primaryImageOfPage\":{\"@id\":\"https:\\\/\\\/webknjizara.hr\\\/proizvod\\\/znanstveni-casopis-interdisciplinary-description-of-complex-systems-19-3-grupa-autora\\\/#primaryimage\"},\"image\":{\"@id\":\"https:\\\/\\\/webknjizara.hr\\\/proizvod\\\/znanstveni-casopis-interdisciplinary-description-of-complex-systems-19-3-grupa-autora\\\/#primaryimage\"},\"thumbnailUrl\":\"https:\\\/\\\/webknjizara.hr\\\/wp-content\\\/uploads\\\/nc\\\/images\\\/virtuemart\\\/product\\\/GRUPA__1.jpg\",\"datePublished\":\"2021-10-28T13:46:05+00:00\",\"dateModified\":\"2023-02-26T23:18:34+00:00\",\"breadcrumb\":{\"@id\":\"https:\\\/\\\/webknjizara.hr\\\/proizvod\\\/znanstveni-casopis-interdisciplinary-description-of-complex-systems-19-3-grupa-autora\\\/#breadcrumb\"},\"inLanguage\":\"en-US\",\"potentialAction\":[{\"@type\":\"ReadAction\",\"target\":[\"https:\\\/\\\/webknjizara.hr\\\/proizvod\\\/znanstveni-casopis-interdisciplinary-description-of-complex-systems-19-3-grupa-autora\\\/\"]}]},{\"@type\":\"ImageObject\",\"inLanguage\":\"en-US\",\"@id\":\"https:\\\/\\\/webknjizara.hr\\\/proizvod\\\/znanstveni-casopis-interdisciplinary-description-of-complex-systems-19-3-grupa-autora\\\/#primaryimage\",\"url\":\"https:\\\/\\\/webknjizara.hr\\\/wp-content\\\/uploads\\\/nc\\\/images\\\/virtuemart\\\/product\\\/GRUPA__1.jpg\",\"contentUrl\":\"https:\\\/\\\/webknjizara.hr\\\/wp-content\\\/uploads\\\/nc\\\/images\\\/virtuemart\\\/product\\\/GRUPA__1.jpg\",\"width\":300,\"height\":419,\"caption\":\"ZNANSTVENI \u010cASOPIS INTERDISCIPLINARY DESCRIPTION OF COMPLEX SYSTEMS 19(3), Grupa autora\"},{\"@type\":\"BreadcrumbList\",\"@id\":\"https:\\\/\\\/webknjizara.hr\\\/proizvod\\\/znanstveni-casopis-interdisciplinary-description-of-complex-systems-19-3-grupa-autora\\\/#breadcrumb\",\"itemListElement\":[{\"@type\":\"ListItem\",\"position\":1,\"name\":\"Po\u010detna stranica\",\"item\":\"https:\\\/\\\/webknjizara.hr\\\/en\\\/\"},{\"@type\":\"ListItem\",\"position\":2,\"name\":\"Shop\",\"item\":\"https:\\\/\\\/webknjizara.hr\\\/shop\\\/\"},{\"@type\":\"ListItem\",\"position\":3,\"name\":\"ZNANSTVENI \u010cASOPIS INTERDISCIPLINARY DESCRIPTION OF COMPLEX SYSTEMS 19(3), Grupa autora\"}]},{\"@type\":\"WebSite\",\"@id\":\"https:\\\/\\\/webknjizara.hr\\\/#website\",\"url\":\"https:\\\/\\\/webknjizara.hr\\\/\",\"name\":\"Web Knji\u017eara\",\"description\":\"\",\"publisher\":{\"@id\":\"https:\\\/\\\/webknjizara.hr\\\/#organization\"},\"potentialAction\":[{\"@type\":\"SearchAction\",\"target\":{\"@type\":\"EntryPoint\",\"urlTemplate\":\"https:\\\/\\\/webknjizara.hr\\\/?s={search_term_string}\"},\"query-input\":{\"@type\":\"PropertyValueSpecification\",\"valueRequired\":true,\"valueName\":\"search_term_string\"}}],\"inLanguage\":\"en-US\"},{\"@type\":\"Organization\",\"@id\":\"https:\\\/\\\/webknjizara.hr\\\/#organization\",\"name\":\"REDAK D.O.O.\",\"url\":\"https:\\\/\\\/webknjizara.hr\\\/\",\"logo\":{\"@type\":\"ImageObject\",\"inLanguage\":\"en-US\",\"@id\":\"https:\\\/\\\/webknjizara.hr\\\/#\\\/schema\\\/logo\\\/image\\\/\",\"url\":\"https:\\\/\\\/webknjizara.hr\\\/wp-content\\\/uploads\\\/2023\\\/01\\\/web-knjizara-logo.webp\",\"contentUrl\":\"https:\\\/\\\/webknjizara.hr\\\/wp-content\\\/uploads\\\/2023\\\/01\\\/web-knjizara-logo.webp\",\"width\":324,\"height\":79,\"caption\":\"REDAK D.O.O.\"},\"image\":{\"@id\":\"https:\\\/\\\/webknjizara.hr\\\/#\\\/schema\\\/logo\\\/image\\\/\"}}]}<\/script>\n<!-- \/ Yoast SEO plugin. -->","yoast_head_json":{"title":"ZNANSTVENI \u010cASOPIS INTERDISCIPLINARY DESCRIPTION OF COMPLEX SYSTEMS 19(3), Grupa autora - Web-knji\u017eara","robots":{"index":"index","follow":"follow","max-snippet":"max-snippet:-1","max-image-preview":"max-image-preview:large","max-video-preview":"max-video-preview:-1"},"canonical":"https:\/\/webknjizara.hr\/proizvod\/znanstveni-casopis-interdisciplinary-description-of-complex-systems-19-3-grupa-autora\/","og_locale":"en_US","og_type":"article","og_title":"ZNANSTVENI \u010cASOPIS INTERDISCIPLINARY DESCRIPTION OF COMPLEX SYSTEMS 19(3), Grupa autora - Web-knji\u017eara","og_description":"Sa\u017eetak: 13 znanstvenih radova \u00a0 Bilje\u0161ka o autorima: vi\u0161e autora Klju\u010dne rije\u010di: retorika, afekt, post-PC, 4. industrijska revolucija, budu\u0107nost poslova, poduzetni\u010dko sveu\u010dili\u0161te, triple-helix, sustav, spin-off, patenti, obrazovni sustav, poduzetn\u010dki ekosustav, emergencija, svjest, ra\u010dunalstvo, komunikacija, medijator, informacija, dobrota, emocija, du\u017enost, racionalnost, kantovski, religioznost mladih, katolci adolescenti, religioznost roditelja, roditeljska religioznost, profesija, zanimanje, sociologija profesije, sociologija zanimanja, [&hellip;]","og_url":"https:\/\/webknjizara.hr\/proizvod\/znanstveni-casopis-interdisciplinary-description-of-complex-systems-19-3-grupa-autora\/","og_site_name":"Web-knji\u017eara","article_modified_time":"2023-02-26T23:18:34+00:00","og_image":[{"width":300,"height":419,"url":"https:\/\/webknjizara.hr\/wp-content\/uploads\/nc\/images\/virtuemart\/product\/GRUPA__1.jpg","type":"image\/jpeg"}],"twitter_card":"summary_large_image","twitter_misc":{"Est. reading time":"1 minute"},"schema":{"@context":"https:\/\/schema.org","@graph":[{"@type":"WebPage","@id":"https:\/\/webknjizara.hr\/proizvod\/znanstveni-casopis-interdisciplinary-description-of-complex-systems-19-3-grupa-autora\/","url":"https:\/\/webknjizara.hr\/proizvod\/znanstveni-casopis-interdisciplinary-description-of-complex-systems-19-3-grupa-autora\/","name":"ZNANSTVENI \u010cASOPIS INTERDISCIPLINARY DESCRIPTION OF COMPLEX SYSTEMS 19(3), Grupa autora - Web-knji\u017eara","isPartOf":{"@id":"https:\/\/webknjizara.hr\/#website"},"primaryImageOfPage":{"@id":"https:\/\/webknjizara.hr\/proizvod\/znanstveni-casopis-interdisciplinary-description-of-complex-systems-19-3-grupa-autora\/#primaryimage"},"image":{"@id":"https:\/\/webknjizara.hr\/proizvod\/znanstveni-casopis-interdisciplinary-description-of-complex-systems-19-3-grupa-autora\/#primaryimage"},"thumbnailUrl":"https:\/\/webknjizara.hr\/wp-content\/uploads\/nc\/images\/virtuemart\/product\/GRUPA__1.jpg","datePublished":"2021-10-28T13:46:05+00:00","dateModified":"2023-02-26T23:18:34+00:00","breadcrumb":{"@id":"https:\/\/webknjizara.hr\/proizvod\/znanstveni-casopis-interdisciplinary-description-of-complex-systems-19-3-grupa-autora\/#breadcrumb"},"inLanguage":"en-US","potentialAction":[{"@type":"ReadAction","target":["https:\/\/webknjizara.hr\/proizvod\/znanstveni-casopis-interdisciplinary-description-of-complex-systems-19-3-grupa-autora\/"]}]},{"@type":"ImageObject","inLanguage":"en-US","@id":"https:\/\/webknjizara.hr\/proizvod\/znanstveni-casopis-interdisciplinary-description-of-complex-systems-19-3-grupa-autora\/#primaryimage","url":"https:\/\/webknjizara.hr\/wp-content\/uploads\/nc\/images\/virtuemart\/product\/GRUPA__1.jpg","contentUrl":"https:\/\/webknjizara.hr\/wp-content\/uploads\/nc\/images\/virtuemart\/product\/GRUPA__1.jpg","width":300,"height":419,"caption":"ZNANSTVENI \u010cASOPIS INTERDISCIPLINARY DESCRIPTION OF COMPLEX SYSTEMS 19(3), Grupa autora"},{"@type":"BreadcrumbList","@id":"https:\/\/webknjizara.hr\/proizvod\/znanstveni-casopis-interdisciplinary-description-of-complex-systems-19-3-grupa-autora\/#breadcrumb","itemListElement":[{"@type":"ListItem","position":1,"name":"Po\u010detna stranica","item":"https:\/\/webknjizara.hr\/en\/"},{"@type":"ListItem","position":2,"name":"Shop","item":"https:\/\/webknjizara.hr\/shop\/"},{"@type":"ListItem","position":3,"name":"ZNANSTVENI \u010cASOPIS INTERDISCIPLINARY DESCRIPTION OF COMPLEX SYSTEMS 19(3), Grupa autora"}]},{"@type":"WebSite","@id":"https:\/\/webknjizara.hr\/#website","url":"https:\/\/webknjizara.hr\/","name":"Web Knji\u017eara","description":"","publisher":{"@id":"https:\/\/webknjizara.hr\/#organization"},"potentialAction":[{"@type":"SearchAction","target":{"@type":"EntryPoint","urlTemplate":"https:\/\/webknjizara.hr\/?s={search_term_string}"},"query-input":{"@type":"PropertyValueSpecification","valueRequired":true,"valueName":"search_term_string"}}],"inLanguage":"en-US"},{"@type":"Organization","@id":"https:\/\/webknjizara.hr\/#organization","name":"REDAK D.O.O.","url":"https:\/\/webknjizara.hr\/","logo":{"@type":"ImageObject","inLanguage":"en-US","@id":"https:\/\/webknjizara.hr\/#\/schema\/logo\/image\/","url":"https:\/\/webknjizara.hr\/wp-content\/uploads\/2023\/01\/web-knjizara-logo.webp","contentUrl":"https:\/\/webknjizara.hr\/wp-content\/uploads\/2023\/01\/web-knjizara-logo.webp","width":324,"height":79,"caption":"REDAK D.O.O."},"image":{"@id":"https:\/\/webknjizara.hr\/#\/schema\/logo\/image\/"}}]}},"_links":{"self":[{"href":"https:\/\/webknjizara.hr\/en\/wp-json\/wp\/v2\/product\/9582","targetHints":{"allow":["GET"]}}],"collection":[{"href":"https:\/\/webknjizara.hr\/en\/wp-json\/wp\/v2\/product"}],"about":[{"href":"https:\/\/webknjizara.hr\/en\/wp-json\/wp\/v2\/types\/product"}],"replies":[{"embeddable":true,"href":"https:\/\/webknjizara.hr\/en\/wp-json\/wp\/v2\/comments?post=9582"}],"wp:featuredmedia":[{"embeddable":true,"href":"https:\/\/webknjizara.hr\/en\/wp-json\/wp\/v2\/media\/9583"}],"wp:attachment":[{"href":"https:\/\/webknjizara.hr\/en\/wp-json\/wp\/v2\/media?parent=9582"}],"wp:term":[{"taxonomy":"product_brand","embeddable":true,"href":"https:\/\/webknjizara.hr\/en\/wp-json\/wp\/v2\/product_brand?post=9582"},{"taxonomy":"product_cat","embeddable":true,"href":"https:\/\/webknjizara.hr\/en\/wp-json\/wp\/v2\/product_cat?post=9582"},{"taxonomy":"product_tag","embeddable":true,"href":"https:\/\/webknjizara.hr\/en\/wp-json\/wp\/v2\/product_tag?post=9582"}],"curies":[{"name":"wp","href":"https:\/\/api.w.org\/{rel}","templated":true}]}}