{"id":9570,"date":"2021-10-08T14:37:55","date_gmt":"2021-10-08T14:37:55","guid":{"rendered":"https:\/\/webknjizara.hr\/?product=nutrition-principles-for-young-athletes-goran-narancic"},"modified":"2023-02-27T00:18:33","modified_gmt":"2023-02-26T23:18:33","slug":"nutrition-principles-for-young-athletes-goran-narancic","status":"publish","type":"product","link":"https:\/\/webknjizara.hr\/en\/proizvod\/nutrition-principles-for-young-athletes-goran-narancic\/","title":{"rendered":"NUTRITION PRINCIPLES FOR YOUNG ATHLETES, Goran Naran\u010di\u0107"},"content":{"rendered":"<p><strong>Sa\u017eetak:<\/strong><\/p>\n<p>Prona\u0111ite klju\u010dne informacije koje ste tra\u017eili uz Nutrition Pinciples for Young Athletes \u2013 knjigu koja vodi \u010ditatelja kroz temu nutricionizma i njegove primjene u sportu i svakodnevnome \u017eivotu. Knjiga je namijenjena posebnim potrebama mladih sporta\u0161a i postizanju boljih sportskih rezultata, no prilago\u0111ena je i zainteresiranim ljudima svih dobnih skupina!<\/p>\n<p>\u00a0<\/p>\n<p><strong>Bilje\u0161ka o autoru:<\/strong><\/p>\n<p>Goran Naran\u010di\u0107 je sporta\u0161 i srednjo\u0161kolac iz Zagreba. Nutrition Principles for Young Athletes prvo mu je djelo u kojem mu je cilj potaknuti mlade sporta\u0161e diljem svijeta da vi\u0161e brinu o prehrani i pritom im dati mnogo kvalitetnih informacija i izvora. S obzirom na njegove \u0161iroke interese, mnogo toga mo\u017ee se jo\u0161 o\u010dekivati od ovog mladog autora.<\/p>\n<p><strong>Klju\u010dne rije\u010di:<\/strong> Nutrition, athletes, young, principles, goran, narancic<\/p>\n<p>Link: <a href=\"https:\/\/www.nutrition-principles-for-young-athletes.com\/\">https:\/\/www.nutrition-principles-for-young-athletes.com\/<\/a><\/p>\n<p>\u00a0<\/p>\n<p><strong>Naslov:<\/strong> Nutrition Principles for Young Athletes<br \/><strong>Autor:<\/strong> Goran Naran\u010di\u0107<br \/><strong>Broj stranica:<\/strong> 80<br \/><strong>Nakladnik:<\/strong> Vlastita naklada<br \/><strong>Godina izdanja:<\/strong> 2021.<br \/><strong>ISBN:<\/strong> 978-953-49516-0-6<br \/><strong>Tisak:<\/strong> digitalni tisak knjiga &#8211; print na zahtjev<\/p>\n<p>\u00a0<\/p>\n<p>\u00a0<strong>Kako naru\u010diti knjigu?\u00a0<\/strong>Proces online kupovine jednako funkcionira za sve kupce, s jedinom razlikom u tome \u0161to \u0161to kupci iz inozemstva za podru\u010dje dostave moraju odabrati &#8220;Europa&#8221; ili &#8220;Ostale zemlje svijeta&#8221;, a za vrstu pla\u0107anja WSPay (kreditna kartica) ili Virmanom (bankovni transfer).<\/p>\n<p style=\"text-align: justify;\">Molimo kliknite ovdje za\u00a0<a href=\"hr\/kako-kupovati\">detaljni vodi\u010d kroz proces narud\u017ebe<\/a>\u00a0ili nas\u00a0<a href=\"hr\/kontakt\">kontaktirajte<\/a>\u00a0za vi\u0161e informacija.<\/p>\n","protected":false},"excerpt":{"rendered":"<p>Sa\u017eetak: Prona\u0111ite klju\u010dne informacije koje ste tra\u017eili uz Nutrition Pinciples for Young Athletes \u2013 knjigu koja vodi \u010ditatelja kroz temu nutricionizma i njegove primjene u sportu i svakodnevnome \u017eivotu. Knjiga je namijenjena posebnim potrebama mladih sporta\u0161a i postizanju boljih sportskih rezultata, no prilago\u0111ena je i zainteresiranim ljudima svih dobnih skupina! \u00a0 Bilje\u0161ka o autoru: Goran [&hellip;]<\/p>\n","protected":false},"featured_media":9571,"comment_status":"open","ping_status":"closed","template":"","meta":{"_acf_changed":false},"product_brand":[],"product_cat":[1517],"product_tag":[],"class_list":{"0":"post-9570","1":"product","2":"type-product","3":"status-publish","4":"has-post-thumbnail","6":"product_cat-strucna-literatura","7":"pa_autor-goran-narancic","8":"pa_nakladnik-vlastita-naklada","10":"first","11":"instock","12":"shipping-taxable","13":"purchasable","14":"product-type-simple"},"acf":[],"yoast_head":"<!-- This site is optimized with the Yoast SEO plugin v27.3 - https:\/\/yoast.com\/product\/yoast-seo-wordpress\/ -->\n<title>NUTRITION PRINCIPLES FOR YOUNG ATHLETES, Goran Naran\u010di\u0107 - Web-knji\u017eara<\/title>\n<meta name=\"robots\" content=\"index, follow, max-snippet:-1, max-image-preview:large, max-video-preview:-1\" \/>\n<link rel=\"canonical\" href=\"https:\/\/webknjizara.hr\/proizvod\/nutrition-principles-for-young-athletes-goran-narancic\/\" \/>\n<meta property=\"og:locale\" content=\"en_US\" \/>\n<meta property=\"og:type\" content=\"article\" \/>\n<meta property=\"og:title\" content=\"NUTRITION PRINCIPLES FOR YOUNG ATHLETES, Goran Naran\u010di\u0107 - Web-knji\u017eara\" \/>\n<meta property=\"og:description\" content=\"Sa\u017eetak: Prona\u0111ite klju\u010dne informacije koje ste tra\u017eili uz Nutrition Pinciples for Young Athletes \u2013 knjigu koja vodi \u010ditatelja kroz temu nutricionizma i njegove primjene u sportu i svakodnevnome \u017eivotu. Knjiga je namijenjena posebnim potrebama mladih sporta\u0161a i postizanju boljih sportskih rezultata, no prilago\u0111ena je i zainteresiranim ljudima svih dobnih skupina! \u00a0 Bilje\u0161ka o autoru: Goran [&hellip;]\" \/>\n<meta property=\"og:url\" content=\"https:\/\/webknjizara.hr\/proizvod\/nutrition-principles-for-young-athletes-goran-narancic\/\" \/>\n<meta property=\"og:site_name\" content=\"Web-knji\u017eara\" \/>\n<meta property=\"article:modified_time\" content=\"2023-02-26T23:18:33+00:00\" \/>\n<meta property=\"og:image\" content=\"https:\/\/webknjizara.hr\/wp-content\/uploads\/nc\/images\/virtuemart\/product\/Goran_Narancic_Nutrition_Principles_for_Young_Athletes_webknjizara_redak_WEB_1199.jpg\" \/>\n\t<meta property=\"og:image:width\" content=\"300\" \/>\n\t<meta property=\"og:image:height\" content=\"419\" \/>\n\t<meta property=\"og:image:type\" content=\"image\/jpeg\" \/>\n<meta name=\"twitter:card\" content=\"summary_large_image\" \/>\n<meta name=\"twitter:label1\" content=\"Est. reading time\" \/>\n\t<meta name=\"twitter:data1\" content=\"1 minute\" \/>\n<script type=\"application\/ld+json\" class=\"yoast-schema-graph\">{\"@context\":\"https:\\\/\\\/schema.org\",\"@graph\":[{\"@type\":\"WebPage\",\"@id\":\"https:\\\/\\\/webknjizara.hr\\\/proizvod\\\/nutrition-principles-for-young-athletes-goran-narancic\\\/\",\"url\":\"https:\\\/\\\/webknjizara.hr\\\/proizvod\\\/nutrition-principles-for-young-athletes-goran-narancic\\\/\",\"name\":\"NUTRITION PRINCIPLES FOR YOUNG ATHLETES, Goran Naran\u010di\u0107 - Web-knji\u017eara\",\"isPartOf\":{\"@id\":\"https:\\\/\\\/webknjizara.hr\\\/#website\"},\"primaryImageOfPage\":{\"@id\":\"https:\\\/\\\/webknjizara.hr\\\/proizvod\\\/nutrition-principles-for-young-athletes-goran-narancic\\\/#primaryimage\"},\"image\":{\"@id\":\"https:\\\/\\\/webknjizara.hr\\\/proizvod\\\/nutrition-principles-for-young-athletes-goran-narancic\\\/#primaryimage\"},\"thumbnailUrl\":\"https:\\\/\\\/webknjizara.hr\\\/wp-content\\\/uploads\\\/nc\\\/images\\\/virtuemart\\\/product\\\/Goran_Narancic_Nutrition_Principles_for_Young_Athletes_webknjizara_redak_WEB_1199.jpg\",\"datePublished\":\"2021-10-08T14:37:55+00:00\",\"dateModified\":\"2023-02-26T23:18:33+00:00\",\"breadcrumb\":{\"@id\":\"https:\\\/\\\/webknjizara.hr\\\/proizvod\\\/nutrition-principles-for-young-athletes-goran-narancic\\\/#breadcrumb\"},\"inLanguage\":\"en-US\",\"potentialAction\":[{\"@type\":\"ReadAction\",\"target\":[\"https:\\\/\\\/webknjizara.hr\\\/proizvod\\\/nutrition-principles-for-young-athletes-goran-narancic\\\/\"]}]},{\"@type\":\"ImageObject\",\"inLanguage\":\"en-US\",\"@id\":\"https:\\\/\\\/webknjizara.hr\\\/proizvod\\\/nutrition-principles-for-young-athletes-goran-narancic\\\/#primaryimage\",\"url\":\"https:\\\/\\\/webknjizara.hr\\\/wp-content\\\/uploads\\\/nc\\\/images\\\/virtuemart\\\/product\\\/Goran_Narancic_Nutrition_Principles_for_Young_Athletes_webknjizara_redak_WEB_1199.jpg\",\"contentUrl\":\"https:\\\/\\\/webknjizara.hr\\\/wp-content\\\/uploads\\\/nc\\\/images\\\/virtuemart\\\/product\\\/Goran_Narancic_Nutrition_Principles_for_Young_Athletes_webknjizara_redak_WEB_1199.jpg\",\"width\":300,\"height\":419,\"caption\":\"NUTRITION PRINCIPLES FOR YOUNG ATHLETES, Goran Naran\u010di\u0107\"},{\"@type\":\"BreadcrumbList\",\"@id\":\"https:\\\/\\\/webknjizara.hr\\\/proizvod\\\/nutrition-principles-for-young-athletes-goran-narancic\\\/#breadcrumb\",\"itemListElement\":[{\"@type\":\"ListItem\",\"position\":1,\"name\":\"Po\u010detna stranica\",\"item\":\"https:\\\/\\\/webknjizara.hr\\\/en\\\/\"},{\"@type\":\"ListItem\",\"position\":2,\"name\":\"Shop\",\"item\":\"https:\\\/\\\/webknjizara.hr\\\/shop\\\/\"},{\"@type\":\"ListItem\",\"position\":3,\"name\":\"NUTRITION PRINCIPLES FOR YOUNG ATHLETES, Goran Naran\u010di\u0107\"}]},{\"@type\":\"WebSite\",\"@id\":\"https:\\\/\\\/webknjizara.hr\\\/#website\",\"url\":\"https:\\\/\\\/webknjizara.hr\\\/\",\"name\":\"Web Knji\u017eara\",\"description\":\"\",\"publisher\":{\"@id\":\"https:\\\/\\\/webknjizara.hr\\\/#organization\"},\"potentialAction\":[{\"@type\":\"SearchAction\",\"target\":{\"@type\":\"EntryPoint\",\"urlTemplate\":\"https:\\\/\\\/webknjizara.hr\\\/?s={search_term_string}\"},\"query-input\":{\"@type\":\"PropertyValueSpecification\",\"valueRequired\":true,\"valueName\":\"search_term_string\"}}],\"inLanguage\":\"en-US\"},{\"@type\":\"Organization\",\"@id\":\"https:\\\/\\\/webknjizara.hr\\\/#organization\",\"name\":\"REDAK D.O.O.\",\"url\":\"https:\\\/\\\/webknjizara.hr\\\/\",\"logo\":{\"@type\":\"ImageObject\",\"inLanguage\":\"en-US\",\"@id\":\"https:\\\/\\\/webknjizara.hr\\\/#\\\/schema\\\/logo\\\/image\\\/\",\"url\":\"https:\\\/\\\/webknjizara.hr\\\/wp-content\\\/uploads\\\/2023\\\/01\\\/web-knjizara-logo.webp\",\"contentUrl\":\"https:\\\/\\\/webknjizara.hr\\\/wp-content\\\/uploads\\\/2023\\\/01\\\/web-knjizara-logo.webp\",\"width\":324,\"height\":79,\"caption\":\"REDAK D.O.O.\"},\"image\":{\"@id\":\"https:\\\/\\\/webknjizara.hr\\\/#\\\/schema\\\/logo\\\/image\\\/\"}}]}<\/script>\n<!-- \/ Yoast SEO plugin. -->","yoast_head_json":{"title":"NUTRITION PRINCIPLES FOR YOUNG ATHLETES, Goran Naran\u010di\u0107 - Web-knji\u017eara","robots":{"index":"index","follow":"follow","max-snippet":"max-snippet:-1","max-image-preview":"max-image-preview:large","max-video-preview":"max-video-preview:-1"},"canonical":"https:\/\/webknjizara.hr\/proizvod\/nutrition-principles-for-young-athletes-goran-narancic\/","og_locale":"en_US","og_type":"article","og_title":"NUTRITION PRINCIPLES FOR YOUNG ATHLETES, Goran Naran\u010di\u0107 - Web-knji\u017eara","og_description":"Sa\u017eetak: Prona\u0111ite klju\u010dne informacije koje ste tra\u017eili uz Nutrition Pinciples for Young Athletes \u2013 knjigu koja vodi \u010ditatelja kroz temu nutricionizma i njegove primjene u sportu i svakodnevnome \u017eivotu. Knjiga je namijenjena posebnim potrebama mladih sporta\u0161a i postizanju boljih sportskih rezultata, no prilago\u0111ena je i zainteresiranim ljudima svih dobnih skupina! \u00a0 Bilje\u0161ka o autoru: Goran [&hellip;]","og_url":"https:\/\/webknjizara.hr\/proizvod\/nutrition-principles-for-young-athletes-goran-narancic\/","og_site_name":"Web-knji\u017eara","article_modified_time":"2023-02-26T23:18:33+00:00","og_image":[{"width":300,"height":419,"url":"https:\/\/webknjizara.hr\/wp-content\/uploads\/nc\/images\/virtuemart\/product\/Goran_Narancic_Nutrition_Principles_for_Young_Athletes_webknjizara_redak_WEB_1199.jpg","type":"image\/jpeg"}],"twitter_card":"summary_large_image","twitter_misc":{"Est. reading time":"1 minute"},"schema":{"@context":"https:\/\/schema.org","@graph":[{"@type":"WebPage","@id":"https:\/\/webknjizara.hr\/proizvod\/nutrition-principles-for-young-athletes-goran-narancic\/","url":"https:\/\/webknjizara.hr\/proizvod\/nutrition-principles-for-young-athletes-goran-narancic\/","name":"NUTRITION PRINCIPLES FOR YOUNG ATHLETES, Goran Naran\u010di\u0107 - Web-knji\u017eara","isPartOf":{"@id":"https:\/\/webknjizara.hr\/#website"},"primaryImageOfPage":{"@id":"https:\/\/webknjizara.hr\/proizvod\/nutrition-principles-for-young-athletes-goran-narancic\/#primaryimage"},"image":{"@id":"https:\/\/webknjizara.hr\/proizvod\/nutrition-principles-for-young-athletes-goran-narancic\/#primaryimage"},"thumbnailUrl":"https:\/\/webknjizara.hr\/wp-content\/uploads\/nc\/images\/virtuemart\/product\/Goran_Narancic_Nutrition_Principles_for_Young_Athletes_webknjizara_redak_WEB_1199.jpg","datePublished":"2021-10-08T14:37:55+00:00","dateModified":"2023-02-26T23:18:33+00:00","breadcrumb":{"@id":"https:\/\/webknjizara.hr\/proizvod\/nutrition-principles-for-young-athletes-goran-narancic\/#breadcrumb"},"inLanguage":"en-US","potentialAction":[{"@type":"ReadAction","target":["https:\/\/webknjizara.hr\/proizvod\/nutrition-principles-for-young-athletes-goran-narancic\/"]}]},{"@type":"ImageObject","inLanguage":"en-US","@id":"https:\/\/webknjizara.hr\/proizvod\/nutrition-principles-for-young-athletes-goran-narancic\/#primaryimage","url":"https:\/\/webknjizara.hr\/wp-content\/uploads\/nc\/images\/virtuemart\/product\/Goran_Narancic_Nutrition_Principles_for_Young_Athletes_webknjizara_redak_WEB_1199.jpg","contentUrl":"https:\/\/webknjizara.hr\/wp-content\/uploads\/nc\/images\/virtuemart\/product\/Goran_Narancic_Nutrition_Principles_for_Young_Athletes_webknjizara_redak_WEB_1199.jpg","width":300,"height":419,"caption":"NUTRITION PRINCIPLES FOR YOUNG ATHLETES, Goran Naran\u010di\u0107"},{"@type":"BreadcrumbList","@id":"https:\/\/webknjizara.hr\/proizvod\/nutrition-principles-for-young-athletes-goran-narancic\/#breadcrumb","itemListElement":[{"@type":"ListItem","position":1,"name":"Po\u010detna stranica","item":"https:\/\/webknjizara.hr\/en\/"},{"@type":"ListItem","position":2,"name":"Shop","item":"https:\/\/webknjizara.hr\/shop\/"},{"@type":"ListItem","position":3,"name":"NUTRITION PRINCIPLES FOR YOUNG ATHLETES, Goran Naran\u010di\u0107"}]},{"@type":"WebSite","@id":"https:\/\/webknjizara.hr\/#website","url":"https:\/\/webknjizara.hr\/","name":"Web Knji\u017eara","description":"","publisher":{"@id":"https:\/\/webknjizara.hr\/#organization"},"potentialAction":[{"@type":"SearchAction","target":{"@type":"EntryPoint","urlTemplate":"https:\/\/webknjizara.hr\/?s={search_term_string}"},"query-input":{"@type":"PropertyValueSpecification","valueRequired":true,"valueName":"search_term_string"}}],"inLanguage":"en-US"},{"@type":"Organization","@id":"https:\/\/webknjizara.hr\/#organization","name":"REDAK D.O.O.","url":"https:\/\/webknjizara.hr\/","logo":{"@type":"ImageObject","inLanguage":"en-US","@id":"https:\/\/webknjizara.hr\/#\/schema\/logo\/image\/","url":"https:\/\/webknjizara.hr\/wp-content\/uploads\/2023\/01\/web-knjizara-logo.webp","contentUrl":"https:\/\/webknjizara.hr\/wp-content\/uploads\/2023\/01\/web-knjizara-logo.webp","width":324,"height":79,"caption":"REDAK D.O.O."},"image":{"@id":"https:\/\/webknjizara.hr\/#\/schema\/logo\/image\/"}}]}},"_links":{"self":[{"href":"https:\/\/webknjizara.hr\/en\/wp-json\/wp\/v2\/product\/9570","targetHints":{"allow":["GET"]}}],"collection":[{"href":"https:\/\/webknjizara.hr\/en\/wp-json\/wp\/v2\/product"}],"about":[{"href":"https:\/\/webknjizara.hr\/en\/wp-json\/wp\/v2\/types\/product"}],"replies":[{"embeddable":true,"href":"https:\/\/webknjizara.hr\/en\/wp-json\/wp\/v2\/comments?post=9570"}],"wp:featuredmedia":[{"embeddable":true,"href":"https:\/\/webknjizara.hr\/en\/wp-json\/wp\/v2\/media\/9571"}],"wp:attachment":[{"href":"https:\/\/webknjizara.hr\/en\/wp-json\/wp\/v2\/media?parent=9570"}],"wp:term":[{"taxonomy":"product_brand","embeddable":true,"href":"https:\/\/webknjizara.hr\/en\/wp-json\/wp\/v2\/product_brand?post=9570"},{"taxonomy":"product_cat","embeddable":true,"href":"https:\/\/webknjizara.hr\/en\/wp-json\/wp\/v2\/product_cat?post=9570"},{"taxonomy":"product_tag","embeddable":true,"href":"https:\/\/webknjizara.hr\/en\/wp-json\/wp\/v2\/product_tag?post=9570"}],"curies":[{"name":"wp","href":"https:\/\/api.w.org\/{rel}","templated":true}]}}