{"id":9556,"date":"2021-09-23T12:07:27","date_gmt":"2021-09-23T12:07:27","guid":{"rendered":"https:\/\/webknjizara.hr\/?product=jezicna-kultura-poslovnih-pisama-vicko-krampus"},"modified":"2023-02-27T00:18:33","modified_gmt":"2023-02-26T23:18:33","slug":"jezicna-kultura-poslovnih-pisama-vicko-krampus","status":"publish","type":"product","link":"https:\/\/webknjizara.hr\/en\/proizvod\/jezicna-kultura-poslovnih-pisama-vicko-krampus\/","title":{"rendered":"JEZI\u010cNA KULTURA POSLOVNIH PISAMA, Vicko Krampus"},"content":{"rendered":"<p><strong>Sa\u017eetak:<\/strong><\/p>\n<p><em> U ovomu se radu istra\u017euje jezi\u010dna kultura pisane poslovne komunikacije izvornih govornika u Republici Hrvatskoj. Zna\u010daj istra\u017eivanja podupire \u010dinjenica da se gotovo svaki gra\u0111anin ove zemlje, bez obzira na stupanj obrazovanja, na\u0111e u situaciji (poslovnoj ili privatnoj) kada mora napisati neku od tekstnih vrsta poput molbe, \u017eivotopisa, poslovne ponude, obavijesti, \u017ealbe i sli\u010dno, ili mora postupiti prema poruci koju je dobio. Tekstne vrste koje nastaju u ovakvim poslovnim situacijama, koje \u0107e biti predmet ovoga istra\u017eivanja, nu\u017eno odra\u017eavaju jezi\u010dno umije\u0107e njezinih autora, pa prema tome i jezi\u010dnu kulturu, konkretno ovdje, poznavanje zakonitosti administrativno-poslovnog funkcionalnog stila hrvatskoga standardnog jezika i njegovo razlikovanje od ostalih funkcionalnih stilova,<\/em><br \/><em>U ovomu se radu istra\u017euje jezi\u010dna kultura pisane poslovne komunikacije izvornih govornika u Republici Hrvatskoj. Zna\u010daj istra\u017eivanja podupire \u010dinjenica da se gotovo svaki gra\u0111anin ove zemlje, bez obzira na stupanj obrazovanja, na\u0111e u situaciji (poslovnoj ili privatnoj) kada mora napisati neku od tekstnih vrsta poput molbe, \u017eivotopisa, poslovne ponude, obavijesti, \u017ealbe i sli\u010dno, ili mora postupiti prema poruci koju je dobio. Tekstne vrste koje nastaju u ovakvim poslovnim situacijama, koje \u0107e biti predmet ovoga istra\u017eivanja, nu\u017eno odra\u017eavaju jezi\u010dno umije\u0107e njezinih autora, pa prema tome i jezi\u010dnu kulturu, konkretno ovdje, poznavanje zakonitosti administrativno-poslovnog funkcionalnog stila hrvatskoga standardnog jezika i njegovo razlikovanje od ostalih funkcionalnih stilova, po\u0161tivanje i poznavanje norme standardnoga hrvatskoga jezika, poznavanje poslovnog bontona, poznavanje osnova uspje\u0161ne komunikacije i dr. Budu\u0107i da se istra\u017euje primjena jezi\u010dnih kodova u pisanim poslovnim situacijama (poslovna pisma), dakle primjena jezika u praksi, bilo je potrebno istra\u017eiti suvremene teorije koje se bave tekstnim vrstama, a koje su se odmakle od tradicionalnih gramati\u010dkih analiza. One su se po\u010dele razvijati 30-ih godina 20. stolje\u0107a pojavom pra\u0161ke \u0161kole, a\u00a0afirmirali su ih jezikoslovci poput R. de Baugrandea, G. Browna, W. Dresslera, M. A. K. Hallidaya, C. Levinsona, G. Yulea, H. G. Widdowsona i drugih. U Hrvatskoj su se tom temom bavili L. Badurina, N. Ivaneti\u0107, S. Jurin, M. Kova\u010devi\u0107, D. Marot, J. Sili\u0107, D. \u0160kiljan i drugi, prebacuju\u0107i te\u017ei\u0161te na analizu diskursa \u2013 diskursni studij. Ovaj pragmati\u010dki obrat analizira jezik u interakciji i konkretnoj komunikacijskoj situaciji, usmjerava se na svrhu jezi\u010dnog sustava, sagledava ga kao sredstvo djelovanja. Predmet istra\u017eivanja su globalni oblici organizacije teksta \u2013 tekstne vrste, a njima se bavi lingvistika tekstnih vrsta, pragmalingvistika, sociolingvistika i druge novonastale lingvisti\u010dke discipline. Za potrebe ovoga rada u zadanom korpusu (petsto trideset pet poslovnih pisama), istra\u017eivalo se poznavanje jezi\u010dne norme, u\u010destalost upotrebe izraza uljudnosti, ali i ulju\u0111enih postupaka na razini cijele tekstne vrste, te poznavanje zakonitosti administrativno-poslovnoga funkcionalnoga stila hrvatskoga standardnog jezika (jasno\u0107a, kratko\u0107a, jednostavnost, stilska neobilje\u017eenost, eksplicitnost, objektivnost, kli\u0161ejiziranost, terminologi\u010dnost i sl.). Rezultati istra\u017eivanja ukazuju na razvidan utjecaj proizvoditelja, a ne primatelja, \u0161to se o\u010ditovalo u op\u0161irnosti i neutralnosti izra\u017eavanja, suhoparnoj slu\u017ebenosti, manipulativnosti; dominiraju duga\u010dke re\u010denice, kojima se izri\u010du ustaljene formulacije; pojavljuju se ne samo povremene nego i uobi\u010dajene pogre\u0161ke na gramati\u010dkoj, leksi\u010dkoj i pravopisnoj razini te obilje\u017eja koja proizlaze iz utjecaja poglavito engleskoga jezika. Izrazi i postupci uljudnosti svedeni su na nu\u017eno.<\/em><\/p>\n<p>\u00a0<\/p>\n<p><strong>Bilje\u0161ka o autoru: \u017divotopis autora:<br \/><\/strong><br \/>Vicko Krampus ro\u0111en je 1954. godine u Dubrovniku. Na Filozofskom fakultetu u Zadru diplomirao je 1983. godine jugoslavenske knji\u017eevnosti, hrvatski i srpski jezik i povijest umjetnosti.<br \/>U obrazovanju je radio od 1984. godine u osnovnoj i srednjoj \u0161koli, gdje je predavao hrvatski jezik i knji\u017eevnost te glazbenu i likovnu kulturu. Odlukom Ministarstva prosvjete i sporta napredovao je u zvanje profesora mentora 2003. godine, a predlo\u017een i za profesora savjetnika. Od 1998. do umirovljenja 2019. godine radio je na Veleu\u010dili\u0161tu Vern` (danas Sveu\u010dili\u0161te Vern`). Predavao je sljede\u0107e kolegije: Poslovni hrvatski jezik, Hrvatski poslovni jezik, Hrvatski jezik i kulturu, Govorni\u0161tvo, Hrvatsku kulturnu ba\u0161tinu i Kulturu i identitet. Osnove jezi\u010dne kulture, Osnove publicisti\u010dkog stila te Jezik medija. Na istom je Veleu\u010dili\u0161tu, od 2009. godine, bio predstojnik Katedre za jezike i kulturu do umirovljenja. Na te\u010dajevima za turisti\u010dke vodi\u010de predaje Kulturu govorenja i pisanja i Kulturne spomenike. Objavio je vi\u0161e stru\u010dnih i znanstvenih radova i sudjelovao na vi\u0161e konferencija i projekata u zemlji i inozemstvu.<\/p>\n<p>O mediteranskoj kulturi i identitetu predavao je na Ecole des Metiers de la Communication, Paris, Francuska, na Sveu\u010dili\u0161tu Beykent, Istanbul, Turska te na Academy of Tourism, Antalya, Turska.<br \/>Turisti\u010dki je vodi\u010d od 1972. godine. Govori engleski, a slu\u017ei se i talijanskim jezikom.<\/p>\n<p>Do sada objavljene knjige:<\/p>\n<p>Krampus, V., Zrinjan, S. (2006). Hrvatski na ispitu. Zagreb: Dan.<\/p>\n<p>Krampus, V., Zrinjan, S. (2007) Poslovni hrvatski jezik. Zagreb: Vern`<\/p>\n<p>Krampus, V., Zrinjan, S. (2013) Poslovni hrvatski jezik, drugo dopunjeno izdanje. Zagreb: Vern`<\/p>\n<p><strong>Klju\u010dne rije\u010di:<\/strong> analiza diskursa, pisana poslovna komunikacija, poslovna pisma, jezi\u010dna kultura, prakti\u010dni jezi\u010dni aspekti<\/p>\n<p><strong>E-mail:<\/strong> <a href=\"mailto:vicko.krampus@zg.t-com.hr\" target=\"_blank\" rel=\"noopener noreferrer\">Vicko Krampus<\/a>\u00a0<\/p>\n<p>\u00a0<\/p>\n<p><strong>Naslov:<\/strong> Jezi\u010dna kultura poslovnih pisama<br \/><strong>Autor\/autorica:<\/strong> Vicko Krampus<br \/><strong>Broj stranica:<\/strong> 178<br \/><strong>Nakladnik:<\/strong> REDAK<br \/><strong>Godina izdanja:<\/strong> 2021<br \/><strong>ISBN:<\/strong> 978-953-336-778-1<br \/><strong>Tisak:<\/strong> digitalni tisak knjiga &#8211; print na zahtjev<\/p>\n<p>\u00a0<\/p>\n<p><strong>Kako naru\u010diti knjigu?\u00a0<\/strong>Proces online kupovine jednako funkcionira za sve kupce, s jedinom razlikom u tome \u0161to \u0161to kupci iz inozemstva za podru\u010dje dostave moraju odabrati &#8220;Europa&#8221; ili &#8220;Ostale zemlje svijeta&#8221;, a za vrstu pla\u0107anja WSPay (kreditna kartica) ili Virmanom (bankovni transfer).<\/p>\n<p style=\"text-align: justify;\">Molimo kliknite ovdje za\u00a0<a href=\"hr\/kako-kupovati\">detaljni vodi\u010d kroz proces narud\u017ebe<\/a>\u00a0ili nas\u00a0<a href=\"hr\/kontakt\">kontaktirajte<\/a>\u00a0za vi\u0161e informacija.<\/p>\n","protected":false},"excerpt":{"rendered":"<p>Sa\u017eetak: U ovomu se radu istra\u017euje jezi\u010dna kultura pisane poslovne komunikacije izvornih govornika u Republici Hrvatskoj. Zna\u010daj istra\u017eivanja podupire \u010dinjenica da se gotovo svaki gra\u0111anin ove zemlje, bez obzira na stupanj obrazovanja, na\u0111e u situaciji (poslovnoj ili privatnoj) kada mora napisati neku od tekstnih vrsta poput molbe, \u017eivotopisa, poslovne ponude, obavijesti, \u017ealbe i sli\u010dno, ili [&hellip;]<\/p>\n","protected":false},"featured_media":9557,"comment_status":"open","ping_status":"closed","template":"","meta":{"_acf_changed":false},"product_brand":[],"product_cat":[1517],"product_tag":[],"class_list":{"0":"post-9556","1":"product","2":"type-product","3":"status-publish","4":"has-post-thumbnail","6":"product_cat-strucna-literatura","7":"pa_autor-vicko-krampus","8":"pa_nakladnik-redak","10":"first","11":"instock","12":"shipping-taxable","13":"purchasable","14":"product-type-simple"},"acf":[],"yoast_head":"<!-- This site is optimized with the Yoast SEO plugin v27.3 - https:\/\/yoast.com\/product\/yoast-seo-wordpress\/ -->\n<title>JEZI\u010cNA KULTURA POSLOVNIH PISAMA, Vicko Krampus - Web-knji\u017eara<\/title>\n<meta name=\"robots\" content=\"index, follow, max-snippet:-1, max-image-preview:large, max-video-preview:-1\" \/>\n<link rel=\"canonical\" href=\"https:\/\/webknjizara.hr\/proizvod\/jezicna-kultura-poslovnih-pisama-vicko-krampus\/\" \/>\n<meta property=\"og:locale\" content=\"en_US\" \/>\n<meta property=\"og:type\" content=\"article\" \/>\n<meta property=\"og:title\" content=\"JEZI\u010cNA KULTURA POSLOVNIH PISAMA, Vicko Krampus - Web-knji\u017eara\" \/>\n<meta property=\"og:description\" content=\"Sa\u017eetak: U ovomu se radu istra\u017euje jezi\u010dna kultura pisane poslovne komunikacije izvornih govornika u Republici Hrvatskoj. Zna\u010daj istra\u017eivanja podupire \u010dinjenica da se gotovo svaki gra\u0111anin ove zemlje, bez obzira na stupanj obrazovanja, na\u0111e u situaciji (poslovnoj ili privatnoj) kada mora napisati neku od tekstnih vrsta poput molbe, \u017eivotopisa, poslovne ponude, obavijesti, \u017ealbe i sli\u010dno, ili [&hellip;]\" \/>\n<meta property=\"og:url\" content=\"https:\/\/webknjizara.hr\/proizvod\/jezicna-kultura-poslovnih-pisama-vicko-krampus\/\" \/>\n<meta property=\"og:site_name\" content=\"Web-knji\u017eara\" \/>\n<meta property=\"article:modified_time\" content=\"2023-02-26T23:18:33+00:00\" \/>\n<meta property=\"og:image\" content=\"https:\/\/webknjizara.hr\/wp-content\/uploads\/nc\/images\/virtuemart\/product\/Vicko_Krampus_Jezicna_kultura_poslovnih_pisama_webknjizara_redak_WEB_1185.jpg\" \/>\n\t<meta property=\"og:image:width\" content=\"300\" \/>\n\t<meta property=\"og:image:height\" content=\"419\" \/>\n\t<meta property=\"og:image:type\" content=\"image\/jpeg\" \/>\n<meta name=\"twitter:card\" content=\"summary_large_image\" \/>\n<meta name=\"twitter:label1\" content=\"Est. reading time\" \/>\n\t<meta name=\"twitter:data1\" content=\"5 minutes\" \/>\n<script type=\"application\/ld+json\" class=\"yoast-schema-graph\">{\"@context\":\"https:\\\/\\\/schema.org\",\"@graph\":[{\"@type\":\"WebPage\",\"@id\":\"https:\\\/\\\/webknjizara.hr\\\/proizvod\\\/jezicna-kultura-poslovnih-pisama-vicko-krampus\\\/\",\"url\":\"https:\\\/\\\/webknjizara.hr\\\/proizvod\\\/jezicna-kultura-poslovnih-pisama-vicko-krampus\\\/\",\"name\":\"JEZI\u010cNA KULTURA POSLOVNIH PISAMA, Vicko Krampus - Web-knji\u017eara\",\"isPartOf\":{\"@id\":\"https:\\\/\\\/webknjizara.hr\\\/#website\"},\"primaryImageOfPage\":{\"@id\":\"https:\\\/\\\/webknjizara.hr\\\/proizvod\\\/jezicna-kultura-poslovnih-pisama-vicko-krampus\\\/#primaryimage\"},\"image\":{\"@id\":\"https:\\\/\\\/webknjizara.hr\\\/proizvod\\\/jezicna-kultura-poslovnih-pisama-vicko-krampus\\\/#primaryimage\"},\"thumbnailUrl\":\"https:\\\/\\\/webknjizara.hr\\\/wp-content\\\/uploads\\\/nc\\\/images\\\/virtuemart\\\/product\\\/Vicko_Krampus_Jezicna_kultura_poslovnih_pisama_webknjizara_redak_WEB_1185.jpg\",\"datePublished\":\"2021-09-23T12:07:27+00:00\",\"dateModified\":\"2023-02-26T23:18:33+00:00\",\"breadcrumb\":{\"@id\":\"https:\\\/\\\/webknjizara.hr\\\/proizvod\\\/jezicna-kultura-poslovnih-pisama-vicko-krampus\\\/#breadcrumb\"},\"inLanguage\":\"en-US\",\"potentialAction\":[{\"@type\":\"ReadAction\",\"target\":[\"https:\\\/\\\/webknjizara.hr\\\/proizvod\\\/jezicna-kultura-poslovnih-pisama-vicko-krampus\\\/\"]}]},{\"@type\":\"ImageObject\",\"inLanguage\":\"en-US\",\"@id\":\"https:\\\/\\\/webknjizara.hr\\\/proizvod\\\/jezicna-kultura-poslovnih-pisama-vicko-krampus\\\/#primaryimage\",\"url\":\"https:\\\/\\\/webknjizara.hr\\\/wp-content\\\/uploads\\\/nc\\\/images\\\/virtuemart\\\/product\\\/Vicko_Krampus_Jezicna_kultura_poslovnih_pisama_webknjizara_redak_WEB_1185.jpg\",\"contentUrl\":\"https:\\\/\\\/webknjizara.hr\\\/wp-content\\\/uploads\\\/nc\\\/images\\\/virtuemart\\\/product\\\/Vicko_Krampus_Jezicna_kultura_poslovnih_pisama_webknjizara_redak_WEB_1185.jpg\",\"width\":300,\"height\":419,\"caption\":\"JEZI\u010cNA KULTURA POSLOVNIH PISAMA, Vicko Krampus\"},{\"@type\":\"BreadcrumbList\",\"@id\":\"https:\\\/\\\/webknjizara.hr\\\/proizvod\\\/jezicna-kultura-poslovnih-pisama-vicko-krampus\\\/#breadcrumb\",\"itemListElement\":[{\"@type\":\"ListItem\",\"position\":1,\"name\":\"Po\u010detna stranica\",\"item\":\"https:\\\/\\\/webknjizara.hr\\\/en\\\/\"},{\"@type\":\"ListItem\",\"position\":2,\"name\":\"Shop\",\"item\":\"https:\\\/\\\/webknjizara.hr\\\/shop\\\/\"},{\"@type\":\"ListItem\",\"position\":3,\"name\":\"JEZI\u010cNA KULTURA POSLOVNIH PISAMA, Vicko Krampus\"}]},{\"@type\":\"WebSite\",\"@id\":\"https:\\\/\\\/webknjizara.hr\\\/#website\",\"url\":\"https:\\\/\\\/webknjizara.hr\\\/\",\"name\":\"Web Knji\u017eara\",\"description\":\"\",\"publisher\":{\"@id\":\"https:\\\/\\\/webknjizara.hr\\\/#organization\"},\"potentialAction\":[{\"@type\":\"SearchAction\",\"target\":{\"@type\":\"EntryPoint\",\"urlTemplate\":\"https:\\\/\\\/webknjizara.hr\\\/?s={search_term_string}\"},\"query-input\":{\"@type\":\"PropertyValueSpecification\",\"valueRequired\":true,\"valueName\":\"search_term_string\"}}],\"inLanguage\":\"en-US\"},{\"@type\":\"Organization\",\"@id\":\"https:\\\/\\\/webknjizara.hr\\\/#organization\",\"name\":\"REDAK D.O.O.\",\"url\":\"https:\\\/\\\/webknjizara.hr\\\/\",\"logo\":{\"@type\":\"ImageObject\",\"inLanguage\":\"en-US\",\"@id\":\"https:\\\/\\\/webknjizara.hr\\\/#\\\/schema\\\/logo\\\/image\\\/\",\"url\":\"https:\\\/\\\/webknjizara.hr\\\/wp-content\\\/uploads\\\/2023\\\/01\\\/web-knjizara-logo.webp\",\"contentUrl\":\"https:\\\/\\\/webknjizara.hr\\\/wp-content\\\/uploads\\\/2023\\\/01\\\/web-knjizara-logo.webp\",\"width\":324,\"height\":79,\"caption\":\"REDAK D.O.O.\"},\"image\":{\"@id\":\"https:\\\/\\\/webknjizara.hr\\\/#\\\/schema\\\/logo\\\/image\\\/\"}}]}<\/script>\n<!-- \/ Yoast SEO plugin. -->","yoast_head_json":{"title":"JEZI\u010cNA KULTURA POSLOVNIH PISAMA, Vicko Krampus - Web-knji\u017eara","robots":{"index":"index","follow":"follow","max-snippet":"max-snippet:-1","max-image-preview":"max-image-preview:large","max-video-preview":"max-video-preview:-1"},"canonical":"https:\/\/webknjizara.hr\/proizvod\/jezicna-kultura-poslovnih-pisama-vicko-krampus\/","og_locale":"en_US","og_type":"article","og_title":"JEZI\u010cNA KULTURA POSLOVNIH PISAMA, Vicko Krampus - Web-knji\u017eara","og_description":"Sa\u017eetak: U ovomu se radu istra\u017euje jezi\u010dna kultura pisane poslovne komunikacije izvornih govornika u Republici Hrvatskoj. Zna\u010daj istra\u017eivanja podupire \u010dinjenica da se gotovo svaki gra\u0111anin ove zemlje, bez obzira na stupanj obrazovanja, na\u0111e u situaciji (poslovnoj ili privatnoj) kada mora napisati neku od tekstnih vrsta poput molbe, \u017eivotopisa, poslovne ponude, obavijesti, \u017ealbe i sli\u010dno, ili [&hellip;]","og_url":"https:\/\/webknjizara.hr\/proizvod\/jezicna-kultura-poslovnih-pisama-vicko-krampus\/","og_site_name":"Web-knji\u017eara","article_modified_time":"2023-02-26T23:18:33+00:00","og_image":[{"width":300,"height":419,"url":"https:\/\/webknjizara.hr\/wp-content\/uploads\/nc\/images\/virtuemart\/product\/Vicko_Krampus_Jezicna_kultura_poslovnih_pisama_webknjizara_redak_WEB_1185.jpg","type":"image\/jpeg"}],"twitter_card":"summary_large_image","twitter_misc":{"Est. reading time":"5 minutes"},"schema":{"@context":"https:\/\/schema.org","@graph":[{"@type":"WebPage","@id":"https:\/\/webknjizara.hr\/proizvod\/jezicna-kultura-poslovnih-pisama-vicko-krampus\/","url":"https:\/\/webknjizara.hr\/proizvod\/jezicna-kultura-poslovnih-pisama-vicko-krampus\/","name":"JEZI\u010cNA KULTURA POSLOVNIH PISAMA, Vicko Krampus - Web-knji\u017eara","isPartOf":{"@id":"https:\/\/webknjizara.hr\/#website"},"primaryImageOfPage":{"@id":"https:\/\/webknjizara.hr\/proizvod\/jezicna-kultura-poslovnih-pisama-vicko-krampus\/#primaryimage"},"image":{"@id":"https:\/\/webknjizara.hr\/proizvod\/jezicna-kultura-poslovnih-pisama-vicko-krampus\/#primaryimage"},"thumbnailUrl":"https:\/\/webknjizara.hr\/wp-content\/uploads\/nc\/images\/virtuemart\/product\/Vicko_Krampus_Jezicna_kultura_poslovnih_pisama_webknjizara_redak_WEB_1185.jpg","datePublished":"2021-09-23T12:07:27+00:00","dateModified":"2023-02-26T23:18:33+00:00","breadcrumb":{"@id":"https:\/\/webknjizara.hr\/proizvod\/jezicna-kultura-poslovnih-pisama-vicko-krampus\/#breadcrumb"},"inLanguage":"en-US","potentialAction":[{"@type":"ReadAction","target":["https:\/\/webknjizara.hr\/proizvod\/jezicna-kultura-poslovnih-pisama-vicko-krampus\/"]}]},{"@type":"ImageObject","inLanguage":"en-US","@id":"https:\/\/webknjizara.hr\/proizvod\/jezicna-kultura-poslovnih-pisama-vicko-krampus\/#primaryimage","url":"https:\/\/webknjizara.hr\/wp-content\/uploads\/nc\/images\/virtuemart\/product\/Vicko_Krampus_Jezicna_kultura_poslovnih_pisama_webknjizara_redak_WEB_1185.jpg","contentUrl":"https:\/\/webknjizara.hr\/wp-content\/uploads\/nc\/images\/virtuemart\/product\/Vicko_Krampus_Jezicna_kultura_poslovnih_pisama_webknjizara_redak_WEB_1185.jpg","width":300,"height":419,"caption":"JEZI\u010cNA KULTURA POSLOVNIH PISAMA, Vicko Krampus"},{"@type":"BreadcrumbList","@id":"https:\/\/webknjizara.hr\/proizvod\/jezicna-kultura-poslovnih-pisama-vicko-krampus\/#breadcrumb","itemListElement":[{"@type":"ListItem","position":1,"name":"Po\u010detna stranica","item":"https:\/\/webknjizara.hr\/en\/"},{"@type":"ListItem","position":2,"name":"Shop","item":"https:\/\/webknjizara.hr\/shop\/"},{"@type":"ListItem","position":3,"name":"JEZI\u010cNA KULTURA POSLOVNIH PISAMA, Vicko Krampus"}]},{"@type":"WebSite","@id":"https:\/\/webknjizara.hr\/#website","url":"https:\/\/webknjizara.hr\/","name":"Web Knji\u017eara","description":"","publisher":{"@id":"https:\/\/webknjizara.hr\/#organization"},"potentialAction":[{"@type":"SearchAction","target":{"@type":"EntryPoint","urlTemplate":"https:\/\/webknjizara.hr\/?s={search_term_string}"},"query-input":{"@type":"PropertyValueSpecification","valueRequired":true,"valueName":"search_term_string"}}],"inLanguage":"en-US"},{"@type":"Organization","@id":"https:\/\/webknjizara.hr\/#organization","name":"REDAK D.O.O.","url":"https:\/\/webknjizara.hr\/","logo":{"@type":"ImageObject","inLanguage":"en-US","@id":"https:\/\/webknjizara.hr\/#\/schema\/logo\/image\/","url":"https:\/\/webknjizara.hr\/wp-content\/uploads\/2023\/01\/web-knjizara-logo.webp","contentUrl":"https:\/\/webknjizara.hr\/wp-content\/uploads\/2023\/01\/web-knjizara-logo.webp","width":324,"height":79,"caption":"REDAK D.O.O."},"image":{"@id":"https:\/\/webknjizara.hr\/#\/schema\/logo\/image\/"}}]}},"_links":{"self":[{"href":"https:\/\/webknjizara.hr\/en\/wp-json\/wp\/v2\/product\/9556","targetHints":{"allow":["GET"]}}],"collection":[{"href":"https:\/\/webknjizara.hr\/en\/wp-json\/wp\/v2\/product"}],"about":[{"href":"https:\/\/webknjizara.hr\/en\/wp-json\/wp\/v2\/types\/product"}],"replies":[{"embeddable":true,"href":"https:\/\/webknjizara.hr\/en\/wp-json\/wp\/v2\/comments?post=9556"}],"wp:featuredmedia":[{"embeddable":true,"href":"https:\/\/webknjizara.hr\/en\/wp-json\/wp\/v2\/media\/9557"}],"wp:attachment":[{"href":"https:\/\/webknjizara.hr\/en\/wp-json\/wp\/v2\/media?parent=9556"}],"wp:term":[{"taxonomy":"product_brand","embeddable":true,"href":"https:\/\/webknjizara.hr\/en\/wp-json\/wp\/v2\/product_brand?post=9556"},{"taxonomy":"product_cat","embeddable":true,"href":"https:\/\/webknjizara.hr\/en\/wp-json\/wp\/v2\/product_cat?post=9556"},{"taxonomy":"product_tag","embeddable":true,"href":"https:\/\/webknjizara.hr\/en\/wp-json\/wp\/v2\/product_tag?post=9556"}],"curies":[{"name":"wp","href":"https:\/\/api.w.org\/{rel}","templated":true}]}}