{"id":9546,"date":"2021-09-10T09:41:46","date_gmt":"2021-09-10T09:41:46","guid":{"rendered":"https:\/\/webknjizara.hr\/?product=vodic-kroz-europske-direktive-o-porezu-na-dodanu-vrijednost-7c-grupa-autora"},"modified":"2023-02-27T00:18:31","modified_gmt":"2023-02-26T23:18:31","slug":"vodic-kroz-europske-direktive-o-porezu-na-dodanu-vrijednost-7c-grupa-autora","status":"publish","type":"product","link":"https:\/\/webknjizara.hr\/en\/proizvod\/vodic-kroz-europske-direktive-o-porezu-na-dodanu-vrijednost-7c-grupa-autora\/","title":{"rendered":"VODI\u010c KROZ EUROPSKE DIREKTIVE O POREZU NA DODANU VRIJEDNOST (7C), Grupa autora"},"content":{"rendered":"<p><strong>Sa\u017eetak:<\/strong><\/p>\n<p>Vodi\u010d kroz europske direktive o porezu na dodanu vrijednost sadr\u017ei pregled europskog zakonodavstva na podru\u010dju oporezivanja porezom na dodanu vrijednost (PDV), odnosno direktive koje su pristupanjem Republike Hrvatske Europskoj uniji (EU) 1. srpnja 2013. preuzete u Zakon o PDV-u ili se primjenjuju izravno kao \u0161to je to slu\u010daj s uredbama.<\/p>\n<p>Dr\u017eave \u010dlanice EU-a primjenjuju direktive i uredbe kako bi se smanjile razlike u oporezivanju PDV-om posebno kada se radi o prekograni\u010dnim transakcijama. Cilj europskog zakonodavstva na podru\u010dju oporezivanja PDV-om je da se transakcije ne oporezuju dvostruko, ali isto tako da transakcije ne ostanu potpuno neoporezive.<\/p>\n<p>Vodi\u010d je izdavan ve\u0107 nekoliko puta te je svaki puta uklju\u010deno zakonodavstvo EU-a koje je bilo na snazi do datuma izdavanja. U prvom dijelu Vodi\u010d sadr\u017ei prijevod na hrvatski jezik, dok je u drugom dijelu tekst objavljen na engleskom jeziku u izvornom obliku.<\/p>\n<p>Vodi\u010d se sastoji od sljede\u0107ih direktiva:<\/p>\n<p>1. Konsolidiranog teksta Direktive 2006\/112\/EZ o zajedni\u010dkom sustavu poreza na dodanu vrijednost,<br \/>2. Direktive Vije\u0107a 2009\/132\/EZ od 19. listopada 2009.,<br \/>3. Direktive Vije\u0107a 2008\/9\/EZ od 12. velja\u010de 2008. i<br \/>4. Direktive Vije\u0107a 86\/560\/EEZ\u00a0 od 17. studenoga 1986. (Trinaesta Direktiva Vije\u0107a).<\/p>\n<p>Uz navedene Direktive Vodi\u010d sadr\u017ei sljede\u0107e uredbe:<\/p>\n<p>1. Konsolidirani tekst Uredbe Vije\u0107a (EU) br. 904\/2010,<br \/>2. Konsolidirani tekst Uredbe Vije\u0107a (EU) br. 282\/2011,<br \/>3. Provedbenu Uredbu Komisije (EU) br. 17\/2014,<br \/>4. Konsolidirani tekst Provedbene uredbe Komisije (EU) br. 79\/2012,<br \/>Provedbenu Uredbu Komisije (EU) 2020\/194.<\/p>\n<p><strong>Klju\u010dne rije\u010di:<\/strong> PDV direktive<\/p>\n<p><strong>E-mail:<\/strong> <a href=\"mailto:martina.fabris@ijf.hr\" target=\"_blank\" rel=\"noopener noreferrer\">Kontakt\u00a0<\/a><\/p>\n<p>\u00a0<\/p>\n<p><strong>Naslov:<\/strong> Vodi\u010d kroz europske direktive o porezu na dodanu vrijednost (7c)<br \/><strong>Autori:<\/strong> Renata Kal\u010di\u0107, Lidija Cviti\u0107, Ines Tomi\u0107, \u0160tefica O\u0161trec \u010cun\u010di\u0107<br \/><strong>Broj stranica:<\/strong> 796<br \/><strong>Nakladnik:<\/strong> Institut za javne financije, Zagreb<br \/><strong>Godina izdanja:<\/strong> 2021.<br \/><strong>ISBN:<\/strong> 978-953-7613-76-1<br \/><strong>Tisak:<\/strong> digitalni tisak knjiga &#8211; print na zahtjev<\/p>\n<p>\u00a0<\/p>\n<p style=\"text-align: justify;\"><strong>Kako naru\u010diti knjigu?\u00a0<\/strong>Proces online kupovine jednako funkcionira za sve kupce, s jedinom razlikom u tome \u0161to \u0161to kupci iz inozemstva za podru\u010dje dostave moraju odabrati &#8220;Europa&#8221; ili &#8220;Ostale zemlje svijeta&#8221;, a za vrstu pla\u0107anja WSPay (kreditna kartica) ili Virmanom (bankovni transfer).<\/p>\n<p style=\"text-align: justify;\">Molimo kliknite ovdje za\u00a0<a href=\"hr\/kako-kupovati\">detaljni vodi\u010d kroz proces narud\u017ebe<\/a>\u00a0ili nas\u00a0<a href=\"hr\/kontakt\">kontaktirajte<\/a>\u00a0za vi\u0161e informacija.<\/p>\n","protected":false},"excerpt":{"rendered":"<p>Sa\u017eetak: Vodi\u010d kroz europske direktive o porezu na dodanu vrijednost sadr\u017ei pregled europskog zakonodavstva na podru\u010dju oporezivanja porezom na dodanu vrijednost (PDV), odnosno direktive koje su pristupanjem Republike Hrvatske Europskoj uniji (EU) 1. srpnja 2013. preuzete u Zakon o PDV-u ili se primjenjuju izravno kao \u0161to je to slu\u010daj s uredbama. Dr\u017eave \u010dlanice EU-a primjenjuju [&hellip;]<\/p>\n","protected":false},"featured_media":9547,"comment_status":"open","ping_status":"closed","template":"","meta":{"_acf_changed":false},"product_brand":[],"product_cat":[1517],"product_tag":[],"class_list":{"0":"post-9546","1":"product","2":"type-product","3":"status-publish","4":"has-post-thumbnail","6":"product_cat-strucna-literatura","7":"pa_autor-ines-tomic","8":"pa_autor-lidija-cvitic","9":"pa_autor-renata-kalcic","10":"pa_autor-stefica-ostrec-cuncic","11":"pa_nakladnik-institut-za-javne-financije-zagreb","13":"first","14":"instock","15":"shipping-taxable","16":"purchasable","17":"product-type-simple"},"acf":[],"yoast_head":"<!-- This site is optimized with the Yoast SEO plugin v27.3 - https:\/\/yoast.com\/product\/yoast-seo-wordpress\/ -->\n<title>VODI\u010c KROZ EUROPSKE DIREKTIVE O POREZU NA DODANU VRIJEDNOST (7C), Grupa autora - Web-knji\u017eara<\/title>\n<meta name=\"robots\" content=\"index, follow, max-snippet:-1, max-image-preview:large, max-video-preview:-1\" \/>\n<link rel=\"canonical\" href=\"https:\/\/webknjizara.hr\/proizvod\/vodic-kroz-europske-direktive-o-porezu-na-dodanu-vrijednost-7c-grupa-autora\/\" \/>\n<meta property=\"og:locale\" content=\"en_US\" \/>\n<meta property=\"og:type\" content=\"article\" \/>\n<meta property=\"og:title\" content=\"VODI\u010c KROZ EUROPSKE DIREKTIVE O POREZU NA DODANU VRIJEDNOST (7C), Grupa autora - Web-knji\u017eara\" \/>\n<meta property=\"og:description\" content=\"Sa\u017eetak: Vodi\u010d kroz europske direktive o porezu na dodanu vrijednost sadr\u017ei pregled europskog zakonodavstva na podru\u010dju oporezivanja porezom na dodanu vrijednost (PDV), odnosno direktive koje su pristupanjem Republike Hrvatske Europskoj uniji (EU) 1. srpnja 2013. preuzete u Zakon o PDV-u ili se primjenjuju izravno kao \u0161to je to slu\u010daj s uredbama. Dr\u017eave \u010dlanice EU-a primjenjuju [&hellip;]\" \/>\n<meta property=\"og:url\" content=\"https:\/\/webknjizara.hr\/proizvod\/vodic-kroz-europske-direktive-o-porezu-na-dodanu-vrijednost-7c-grupa-autora\/\" \/>\n<meta property=\"og:site_name\" content=\"Web-knji\u017eara\" \/>\n<meta property=\"article:modified_time\" content=\"2023-02-26T23:18:31+00:00\" \/>\n<meta property=\"og:image\" content=\"https:\/\/webknjizara.hr\/wp-content\/uploads\/nc\/images\/virtuemart\/product\/Renata_Kalcic_Lidija_Cvitic_Ines_Tomic_Stefica_Ostrec_Cuncic_Vodic_kroz_europske_direktive_o_porezu_na_dodanu_vrijednost_webknjizara_redak_WEB_1197.jpg\" \/>\n\t<meta property=\"og:image:width\" content=\"300\" \/>\n\t<meta property=\"og:image:height\" content=\"419\" \/>\n\t<meta property=\"og:image:type\" content=\"image\/jpeg\" \/>\n<meta name=\"twitter:card\" content=\"summary_large_image\" \/>\n<meta name=\"twitter:label1\" content=\"Est. reading time\" \/>\n\t<meta name=\"twitter:data1\" content=\"2 minutes\" \/>\n<script type=\"application\/ld+json\" class=\"yoast-schema-graph\">{\"@context\":\"https:\\\/\\\/schema.org\",\"@graph\":[{\"@type\":\"WebPage\",\"@id\":\"https:\\\/\\\/webknjizara.hr\\\/proizvod\\\/vodic-kroz-europske-direktive-o-porezu-na-dodanu-vrijednost-7c-grupa-autora\\\/\",\"url\":\"https:\\\/\\\/webknjizara.hr\\\/proizvod\\\/vodic-kroz-europske-direktive-o-porezu-na-dodanu-vrijednost-7c-grupa-autora\\\/\",\"name\":\"VODI\u010c KROZ EUROPSKE DIREKTIVE O POREZU NA DODANU VRIJEDNOST (7C), Grupa autora - Web-knji\u017eara\",\"isPartOf\":{\"@id\":\"https:\\\/\\\/webknjizara.hr\\\/#website\"},\"primaryImageOfPage\":{\"@id\":\"https:\\\/\\\/webknjizara.hr\\\/proizvod\\\/vodic-kroz-europske-direktive-o-porezu-na-dodanu-vrijednost-7c-grupa-autora\\\/#primaryimage\"},\"image\":{\"@id\":\"https:\\\/\\\/webknjizara.hr\\\/proizvod\\\/vodic-kroz-europske-direktive-o-porezu-na-dodanu-vrijednost-7c-grupa-autora\\\/#primaryimage\"},\"thumbnailUrl\":\"https:\\\/\\\/webknjizara.hr\\\/wp-content\\\/uploads\\\/nc\\\/images\\\/virtuemart\\\/product\\\/Renata_Kalcic_Lidija_Cvitic_Ines_Tomic_Stefica_Ostrec_Cuncic_Vodic_kroz_europske_direktive_o_porezu_na_dodanu_vrijednost_webknjizara_redak_WEB_1197.jpg\",\"datePublished\":\"2021-09-10T09:41:46+00:00\",\"dateModified\":\"2023-02-26T23:18:31+00:00\",\"breadcrumb\":{\"@id\":\"https:\\\/\\\/webknjizara.hr\\\/proizvod\\\/vodic-kroz-europske-direktive-o-porezu-na-dodanu-vrijednost-7c-grupa-autora\\\/#breadcrumb\"},\"inLanguage\":\"en-US\",\"potentialAction\":[{\"@type\":\"ReadAction\",\"target\":[\"https:\\\/\\\/webknjizara.hr\\\/proizvod\\\/vodic-kroz-europske-direktive-o-porezu-na-dodanu-vrijednost-7c-grupa-autora\\\/\"]}]},{\"@type\":\"ImageObject\",\"inLanguage\":\"en-US\",\"@id\":\"https:\\\/\\\/webknjizara.hr\\\/proizvod\\\/vodic-kroz-europske-direktive-o-porezu-na-dodanu-vrijednost-7c-grupa-autora\\\/#primaryimage\",\"url\":\"https:\\\/\\\/webknjizara.hr\\\/wp-content\\\/uploads\\\/nc\\\/images\\\/virtuemart\\\/product\\\/Renata_Kalcic_Lidija_Cvitic_Ines_Tomic_Stefica_Ostrec_Cuncic_Vodic_kroz_europske_direktive_o_porezu_na_dodanu_vrijednost_webknjizara_redak_WEB_1197.jpg\",\"contentUrl\":\"https:\\\/\\\/webknjizara.hr\\\/wp-content\\\/uploads\\\/nc\\\/images\\\/virtuemart\\\/product\\\/Renata_Kalcic_Lidija_Cvitic_Ines_Tomic_Stefica_Ostrec_Cuncic_Vodic_kroz_europske_direktive_o_porezu_na_dodanu_vrijednost_webknjizara_redak_WEB_1197.jpg\",\"width\":300,\"height\":419,\"caption\":\"VODI\u010c KROZ EUROPSKE DIREKTIVE O POREZU NA DODANU VRIJEDNOST (7C), Grupa autora\"},{\"@type\":\"BreadcrumbList\",\"@id\":\"https:\\\/\\\/webknjizara.hr\\\/proizvod\\\/vodic-kroz-europske-direktive-o-porezu-na-dodanu-vrijednost-7c-grupa-autora\\\/#breadcrumb\",\"itemListElement\":[{\"@type\":\"ListItem\",\"position\":1,\"name\":\"Po\u010detna stranica\",\"item\":\"https:\\\/\\\/webknjizara.hr\\\/en\\\/\"},{\"@type\":\"ListItem\",\"position\":2,\"name\":\"Shop\",\"item\":\"https:\\\/\\\/webknjizara.hr\\\/shop\\\/\"},{\"@type\":\"ListItem\",\"position\":3,\"name\":\"VODI\u010c KROZ EUROPSKE DIREKTIVE O POREZU NA DODANU VRIJEDNOST (7C), Grupa autora\"}]},{\"@type\":\"WebSite\",\"@id\":\"https:\\\/\\\/webknjizara.hr\\\/#website\",\"url\":\"https:\\\/\\\/webknjizara.hr\\\/\",\"name\":\"Web Knji\u017eara\",\"description\":\"\",\"publisher\":{\"@id\":\"https:\\\/\\\/webknjizara.hr\\\/#organization\"},\"potentialAction\":[{\"@type\":\"SearchAction\",\"target\":{\"@type\":\"EntryPoint\",\"urlTemplate\":\"https:\\\/\\\/webknjizara.hr\\\/?s={search_term_string}\"},\"query-input\":{\"@type\":\"PropertyValueSpecification\",\"valueRequired\":true,\"valueName\":\"search_term_string\"}}],\"inLanguage\":\"en-US\"},{\"@type\":\"Organization\",\"@id\":\"https:\\\/\\\/webknjizara.hr\\\/#organization\",\"name\":\"REDAK D.O.O.\",\"url\":\"https:\\\/\\\/webknjizara.hr\\\/\",\"logo\":{\"@type\":\"ImageObject\",\"inLanguage\":\"en-US\",\"@id\":\"https:\\\/\\\/webknjizara.hr\\\/#\\\/schema\\\/logo\\\/image\\\/\",\"url\":\"https:\\\/\\\/webknjizara.hr\\\/wp-content\\\/uploads\\\/2023\\\/01\\\/web-knjizara-logo.webp\",\"contentUrl\":\"https:\\\/\\\/webknjizara.hr\\\/wp-content\\\/uploads\\\/2023\\\/01\\\/web-knjizara-logo.webp\",\"width\":324,\"height\":79,\"caption\":\"REDAK D.O.O.\"},\"image\":{\"@id\":\"https:\\\/\\\/webknjizara.hr\\\/#\\\/schema\\\/logo\\\/image\\\/\"}}]}<\/script>\n<!-- \/ Yoast SEO plugin. -->","yoast_head_json":{"title":"VODI\u010c KROZ EUROPSKE DIREKTIVE O POREZU NA DODANU VRIJEDNOST (7C), Grupa autora - Web-knji\u017eara","robots":{"index":"index","follow":"follow","max-snippet":"max-snippet:-1","max-image-preview":"max-image-preview:large","max-video-preview":"max-video-preview:-1"},"canonical":"https:\/\/webknjizara.hr\/proizvod\/vodic-kroz-europske-direktive-o-porezu-na-dodanu-vrijednost-7c-grupa-autora\/","og_locale":"en_US","og_type":"article","og_title":"VODI\u010c KROZ EUROPSKE DIREKTIVE O POREZU NA DODANU VRIJEDNOST (7C), Grupa autora - Web-knji\u017eara","og_description":"Sa\u017eetak: Vodi\u010d kroz europske direktive o porezu na dodanu vrijednost sadr\u017ei pregled europskog zakonodavstva na podru\u010dju oporezivanja porezom na dodanu vrijednost (PDV), odnosno direktive koje su pristupanjem Republike Hrvatske Europskoj uniji (EU) 1. srpnja 2013. preuzete u Zakon o PDV-u ili se primjenjuju izravno kao \u0161to je to slu\u010daj s uredbama. Dr\u017eave \u010dlanice EU-a primjenjuju [&hellip;]","og_url":"https:\/\/webknjizara.hr\/proizvod\/vodic-kroz-europske-direktive-o-porezu-na-dodanu-vrijednost-7c-grupa-autora\/","og_site_name":"Web-knji\u017eara","article_modified_time":"2023-02-26T23:18:31+00:00","og_image":[{"width":300,"height":419,"url":"https:\/\/webknjizara.hr\/wp-content\/uploads\/nc\/images\/virtuemart\/product\/Renata_Kalcic_Lidija_Cvitic_Ines_Tomic_Stefica_Ostrec_Cuncic_Vodic_kroz_europske_direktive_o_porezu_na_dodanu_vrijednost_webknjizara_redak_WEB_1197.jpg","type":"image\/jpeg"}],"twitter_card":"summary_large_image","twitter_misc":{"Est. reading time":"2 minutes"},"schema":{"@context":"https:\/\/schema.org","@graph":[{"@type":"WebPage","@id":"https:\/\/webknjizara.hr\/proizvod\/vodic-kroz-europske-direktive-o-porezu-na-dodanu-vrijednost-7c-grupa-autora\/","url":"https:\/\/webknjizara.hr\/proizvod\/vodic-kroz-europske-direktive-o-porezu-na-dodanu-vrijednost-7c-grupa-autora\/","name":"VODI\u010c KROZ EUROPSKE DIREKTIVE O POREZU NA DODANU VRIJEDNOST (7C), Grupa autora - Web-knji\u017eara","isPartOf":{"@id":"https:\/\/webknjizara.hr\/#website"},"primaryImageOfPage":{"@id":"https:\/\/webknjizara.hr\/proizvod\/vodic-kroz-europske-direktive-o-porezu-na-dodanu-vrijednost-7c-grupa-autora\/#primaryimage"},"image":{"@id":"https:\/\/webknjizara.hr\/proizvod\/vodic-kroz-europske-direktive-o-porezu-na-dodanu-vrijednost-7c-grupa-autora\/#primaryimage"},"thumbnailUrl":"https:\/\/webknjizara.hr\/wp-content\/uploads\/nc\/images\/virtuemart\/product\/Renata_Kalcic_Lidija_Cvitic_Ines_Tomic_Stefica_Ostrec_Cuncic_Vodic_kroz_europske_direktive_o_porezu_na_dodanu_vrijednost_webknjizara_redak_WEB_1197.jpg","datePublished":"2021-09-10T09:41:46+00:00","dateModified":"2023-02-26T23:18:31+00:00","breadcrumb":{"@id":"https:\/\/webknjizara.hr\/proizvod\/vodic-kroz-europske-direktive-o-porezu-na-dodanu-vrijednost-7c-grupa-autora\/#breadcrumb"},"inLanguage":"en-US","potentialAction":[{"@type":"ReadAction","target":["https:\/\/webknjizara.hr\/proizvod\/vodic-kroz-europske-direktive-o-porezu-na-dodanu-vrijednost-7c-grupa-autora\/"]}]},{"@type":"ImageObject","inLanguage":"en-US","@id":"https:\/\/webknjizara.hr\/proizvod\/vodic-kroz-europske-direktive-o-porezu-na-dodanu-vrijednost-7c-grupa-autora\/#primaryimage","url":"https:\/\/webknjizara.hr\/wp-content\/uploads\/nc\/images\/virtuemart\/product\/Renata_Kalcic_Lidija_Cvitic_Ines_Tomic_Stefica_Ostrec_Cuncic_Vodic_kroz_europske_direktive_o_porezu_na_dodanu_vrijednost_webknjizara_redak_WEB_1197.jpg","contentUrl":"https:\/\/webknjizara.hr\/wp-content\/uploads\/nc\/images\/virtuemart\/product\/Renata_Kalcic_Lidija_Cvitic_Ines_Tomic_Stefica_Ostrec_Cuncic_Vodic_kroz_europske_direktive_o_porezu_na_dodanu_vrijednost_webknjizara_redak_WEB_1197.jpg","width":300,"height":419,"caption":"VODI\u010c KROZ EUROPSKE DIREKTIVE O POREZU NA DODANU VRIJEDNOST (7C), Grupa autora"},{"@type":"BreadcrumbList","@id":"https:\/\/webknjizara.hr\/proizvod\/vodic-kroz-europske-direktive-o-porezu-na-dodanu-vrijednost-7c-grupa-autora\/#breadcrumb","itemListElement":[{"@type":"ListItem","position":1,"name":"Po\u010detna stranica","item":"https:\/\/webknjizara.hr\/en\/"},{"@type":"ListItem","position":2,"name":"Shop","item":"https:\/\/webknjizara.hr\/shop\/"},{"@type":"ListItem","position":3,"name":"VODI\u010c KROZ EUROPSKE DIREKTIVE O POREZU NA DODANU VRIJEDNOST (7C), Grupa autora"}]},{"@type":"WebSite","@id":"https:\/\/webknjizara.hr\/#website","url":"https:\/\/webknjizara.hr\/","name":"Web Knji\u017eara","description":"","publisher":{"@id":"https:\/\/webknjizara.hr\/#organization"},"potentialAction":[{"@type":"SearchAction","target":{"@type":"EntryPoint","urlTemplate":"https:\/\/webknjizara.hr\/?s={search_term_string}"},"query-input":{"@type":"PropertyValueSpecification","valueRequired":true,"valueName":"search_term_string"}}],"inLanguage":"en-US"},{"@type":"Organization","@id":"https:\/\/webknjizara.hr\/#organization","name":"REDAK D.O.O.","url":"https:\/\/webknjizara.hr\/","logo":{"@type":"ImageObject","inLanguage":"en-US","@id":"https:\/\/webknjizara.hr\/#\/schema\/logo\/image\/","url":"https:\/\/webknjizara.hr\/wp-content\/uploads\/2023\/01\/web-knjizara-logo.webp","contentUrl":"https:\/\/webknjizara.hr\/wp-content\/uploads\/2023\/01\/web-knjizara-logo.webp","width":324,"height":79,"caption":"REDAK D.O.O."},"image":{"@id":"https:\/\/webknjizara.hr\/#\/schema\/logo\/image\/"}}]}},"_links":{"self":[{"href":"https:\/\/webknjizara.hr\/en\/wp-json\/wp\/v2\/product\/9546","targetHints":{"allow":["GET"]}}],"collection":[{"href":"https:\/\/webknjizara.hr\/en\/wp-json\/wp\/v2\/product"}],"about":[{"href":"https:\/\/webknjizara.hr\/en\/wp-json\/wp\/v2\/types\/product"}],"replies":[{"embeddable":true,"href":"https:\/\/webknjizara.hr\/en\/wp-json\/wp\/v2\/comments?post=9546"}],"wp:featuredmedia":[{"embeddable":true,"href":"https:\/\/webknjizara.hr\/en\/wp-json\/wp\/v2\/media\/9547"}],"wp:attachment":[{"href":"https:\/\/webknjizara.hr\/en\/wp-json\/wp\/v2\/media?parent=9546"}],"wp:term":[{"taxonomy":"product_brand","embeddable":true,"href":"https:\/\/webknjizara.hr\/en\/wp-json\/wp\/v2\/product_brand?post=9546"},{"taxonomy":"product_cat","embeddable":true,"href":"https:\/\/webknjizara.hr\/en\/wp-json\/wp\/v2\/product_cat?post=9546"},{"taxonomy":"product_tag","embeddable":true,"href":"https:\/\/webknjizara.hr\/en\/wp-json\/wp\/v2\/product_tag?post=9546"}],"curies":[{"name":"wp","href":"https:\/\/api.w.org\/{rel}","templated":true}]}}