{"id":9540,"date":"2021-08-31T13:54:48","date_gmt":"2021-08-31T13:54:48","guid":{"rendered":"https:\/\/webknjizara.hr\/?product=izgubljena-rijeka-nada-vukasinovic"},"modified":"2023-02-27T00:18:31","modified_gmt":"2023-02-26T23:18:31","slug":"izgubljena-rijeka-nada-vukasinovic","status":"publish","type":"product","link":"https:\/\/webknjizara.hr\/en\/proizvod\/izgubljena-rijeka-nada-vukasinovic\/","title":{"rendered":"IZGUBLJENA RIJEKA, Nada Vuka\u0161inovi\u0107"},"content":{"rendered":"<p><strong>Sa\u017eetak:<\/strong><\/p>\n<p>\u201ePri\u010de nastaju iz provjere vlastitog pam\u0107enja, dok se s pripovjeda\u010dkom stra\u0161\u0107u puni se lenta vremena i radi svojevrsna inventura i prevrednovanje onoga \u0161to se dogodilo, \u0161to je prepu\u0161teno zaboravu ili uzaludnosti svakodnevice. Blizina i daljina, \u010de\u017enja za svijetom koji je mogao biti druk\u010diji, ako ne i bolji, odre\u0111uju tematski krug pri\u010da,<em> Izgubljena rijeka<\/em>.<br \/>Intimni zapisi i suo\u010davanja u gradu, na ulici, u bolnici, \u0161koli, na radnom mjestu, u stanju mirovanja, u hodanju i lutanju.\u201c Miroslav Mi\u0107anovi\u0107<\/p>\n<p><strong>Bilje\u0161ka o autorici:<br \/><\/strong><br \/>Nada Vuka\u0161inovi\u0107 je ro\u0111ena u 1952. godine u Osijeku, a uz Zagreb ju ve\u017ee \u0161kolovanje, obiteljski i profesionalni \u017eivot.<br \/>U po\u010detku je prikupljala zavi\u010dajne pri\u010de i legende, pripovijedala ih u\u010denicima i s kolegama iz \u0161kole objavila u knjizi <em>\u0160etnja Sesvetskim prigorjem<\/em>.<br \/>Kasnije je po\u010dela zapisivati svoje pri\u010de i objavljivati ih u \u010dasopisima i na internetskim portalima. Osim kratkih pri\u010da pi\u0161e i putopisnu prozu i poeziju.<br \/>Svakodnevno u elektroni\u010dkom obliku pi\u0161e blog poezije i kratkih pri\u010da <em>Moje niti<\/em>. Nagra\u0111ena je na anonimnom natje\u010daju <em>Matice hrvatske u Osijeku<\/em>, za najbolji prozni tekst u 2014. godini, a 2015. objavila je zbirku kratkih pri\u010da, <em>Slu\u010dajno<\/em>.<br \/>Za 2020. godinu, dobila je potporu Ministarstva kulture za zbirku kratkih pri\u010da, <em>Izgubljena rijeka<\/em>. Njezine kratke pri\u010de su iz prostora fikcije ili memoarske proze. \u010cesto su to fragmenti u kojima je zabilje\u017eena stvarnost. Vrata za ulaz u pri\u010du se otvaraju na obje strane. Likovi fikcije ulaze u \u017eivot, a stvarni likovi u fikciju, dobiju glas, povezuju se, grade nove odnose i stvaraju fragmentarni odraz svijeta.<\/p>\n<p><strong>Klju\u010dne rije\u010di:<\/strong> Intimni zapisi, svakodnevica, inventura \u017eivota, mjesta odrastanja i djetinjstva, zablude i nadanja, razo\u010daranja i otkri\u0107a, slike prolaznosti, u kojoj smo, istodobno, i sudionici i promatra\u010di, \u010ditatelji.<\/p>\n<p><strong>E-mail:<\/strong> <a href=\"mailto:nada.vukasinovic@gmail.com\" target=\"_blank\" rel=\"noopener noreferrer\">Nada Vuka\u0161inovi\u0107\u00a0<\/a><\/p>\n<p>\u00a0<\/p>\n<p><strong>Naslov:<\/strong> Izgubljena rijeka<br \/><strong>Autorica:<\/strong> Nada Vuka\u0161inovi\u0107<br \/><strong>Broj stranica:<\/strong> 148<br \/><strong>Nakladnik:<\/strong> Hrvatski sabor kulture<br \/><strong>Godina izdanja:<\/strong> 2021.<br \/><strong>ISBN:<\/strong> 978-953-6074-31-0<br \/><strong>Tisak:<\/strong> digitalni tisak knjiga &#8211; print na zahtjev<\/p>\n<p style=\"text-align: justify;\">\u00a0<\/p>\n<p style=\"text-align: justify;\"><strong>Kako naru\u010diti knjigu?\u00a0<\/strong>Proces online kupovine jednako funkcionira za sve kupce, s jedinom razlikom u tome \u0161to \u0161to kupci iz inozemstva za podru\u010dje dostave moraju odabrati &#8220;Europa&#8221; ili &#8220;Ostale zemlje svijeta&#8221;, a za vrstu pla\u0107anja WSPay (kreditna kartica) ili Virmanom (bankovni transfer).<\/p>\n<p style=\"text-align: justify;\">Molimo kliknite ovdje za\u00a0<a href=\"hr\/kako-kupovati\">detaljni vodi\u010d kroz proces narud\u017ebe<\/a>\u00a0ili nas\u00a0<a href=\"hr\/kontakt\">kontaktirajte<\/a>\u00a0za vi\u0161e informacija.<\/p>\n","protected":false},"excerpt":{"rendered":"<p>Sa\u017eetak: \u201ePri\u010de nastaju iz provjere vlastitog pam\u0107enja, dok se s pripovjeda\u010dkom stra\u0161\u0107u puni se lenta vremena i radi svojevrsna inventura i prevrednovanje onoga \u0161to se dogodilo, \u0161to je prepu\u0161teno zaboravu ili uzaludnosti svakodnevice. Blizina i daljina, \u010de\u017enja za svijetom koji je mogao biti druk\u010diji, ako ne i bolji, odre\u0111uju tematski krug pri\u010da, Izgubljena rijeka.Intimni zapisi [&hellip;]<\/p>\n","protected":false},"featured_media":9541,"comment_status":"open","ping_status":"closed","template":"","meta":{"_acf_changed":false},"product_brand":[],"product_cat":[1383,1385],"product_tag":[],"class_list":{"0":"post-9540","1":"product","2":"type-product","3":"status-publish","4":"has-post-thumbnail","6":"product_cat-knjige","7":"product_cat-knjizevnost","8":"pa_autor-nada-vukasinovic","9":"pa_nakladnik-hrvatski-sabor-kulture","11":"first","12":"instock","13":"shipping-taxable","14":"purchasable","15":"product-type-simple"},"acf":[],"yoast_head":"<!-- This site is optimized with the Yoast SEO plugin v27.3 - https:\/\/yoast.com\/product\/yoast-seo-wordpress\/ -->\n<title>IZGUBLJENA RIJEKA, Nada Vuka\u0161inovi\u0107 - Web-knji\u017eara<\/title>\n<meta name=\"robots\" content=\"index, follow, max-snippet:-1, max-image-preview:large, max-video-preview:-1\" \/>\n<link rel=\"canonical\" href=\"https:\/\/webknjizara.hr\/proizvod\/izgubljena-rijeka-nada-vukasinovic\/\" \/>\n<meta property=\"og:locale\" content=\"en_US\" \/>\n<meta property=\"og:type\" content=\"article\" \/>\n<meta property=\"og:title\" content=\"IZGUBLJENA RIJEKA, Nada Vuka\u0161inovi\u0107 - Web-knji\u017eara\" \/>\n<meta property=\"og:description\" content=\"Sa\u017eetak: \u201ePri\u010de nastaju iz provjere vlastitog pam\u0107enja, dok se s pripovjeda\u010dkom stra\u0161\u0107u puni se lenta vremena i radi svojevrsna inventura i prevrednovanje onoga \u0161to se dogodilo, \u0161to je prepu\u0161teno zaboravu ili uzaludnosti svakodnevice. Blizina i daljina, \u010de\u017enja za svijetom koji je mogao biti druk\u010diji, ako ne i bolji, odre\u0111uju tematski krug pri\u010da, Izgubljena rijeka.Intimni zapisi [&hellip;]\" \/>\n<meta property=\"og:url\" content=\"https:\/\/webknjizara.hr\/proizvod\/izgubljena-rijeka-nada-vukasinovic\/\" \/>\n<meta property=\"og:site_name\" content=\"Web-knji\u017eara\" \/>\n<meta property=\"article:modified_time\" content=\"2023-02-26T23:18:31+00:00\" \/>\n<meta property=\"og:image\" content=\"https:\/\/webknjizara.hr\/wp-content\/uploads\/nc\/images\/virtuemart\/product\/Nada_Vukasinovic_Izgubljena_rijeka_webknjizara_redak_WEB_1164.jpg\" \/>\n\t<meta property=\"og:image:width\" content=\"300\" \/>\n\t<meta property=\"og:image:height\" content=\"419\" \/>\n\t<meta property=\"og:image:type\" content=\"image\/jpeg\" \/>\n<meta name=\"twitter:card\" content=\"summary_large_image\" \/>\n<meta name=\"twitter:label1\" content=\"Est. reading time\" \/>\n\t<meta name=\"twitter:data1\" content=\"2 minutes\" \/>\n<script type=\"application\/ld+json\" class=\"yoast-schema-graph\">{\"@context\":\"https:\\\/\\\/schema.org\",\"@graph\":[{\"@type\":\"WebPage\",\"@id\":\"https:\\\/\\\/webknjizara.hr\\\/proizvod\\\/izgubljena-rijeka-nada-vukasinovic\\\/\",\"url\":\"https:\\\/\\\/webknjizara.hr\\\/proizvod\\\/izgubljena-rijeka-nada-vukasinovic\\\/\",\"name\":\"IZGUBLJENA RIJEKA, Nada Vuka\u0161inovi\u0107 - Web-knji\u017eara\",\"isPartOf\":{\"@id\":\"https:\\\/\\\/webknjizara.hr\\\/#website\"},\"primaryImageOfPage\":{\"@id\":\"https:\\\/\\\/webknjizara.hr\\\/proizvod\\\/izgubljena-rijeka-nada-vukasinovic\\\/#primaryimage\"},\"image\":{\"@id\":\"https:\\\/\\\/webknjizara.hr\\\/proizvod\\\/izgubljena-rijeka-nada-vukasinovic\\\/#primaryimage\"},\"thumbnailUrl\":\"https:\\\/\\\/webknjizara.hr\\\/wp-content\\\/uploads\\\/nc\\\/images\\\/virtuemart\\\/product\\\/Nada_Vukasinovic_Izgubljena_rijeka_webknjizara_redak_WEB_1164.jpg\",\"datePublished\":\"2021-08-31T13:54:48+00:00\",\"dateModified\":\"2023-02-26T23:18:31+00:00\",\"breadcrumb\":{\"@id\":\"https:\\\/\\\/webknjizara.hr\\\/proizvod\\\/izgubljena-rijeka-nada-vukasinovic\\\/#breadcrumb\"},\"inLanguage\":\"en-US\",\"potentialAction\":[{\"@type\":\"ReadAction\",\"target\":[\"https:\\\/\\\/webknjizara.hr\\\/proizvod\\\/izgubljena-rijeka-nada-vukasinovic\\\/\"]}]},{\"@type\":\"ImageObject\",\"inLanguage\":\"en-US\",\"@id\":\"https:\\\/\\\/webknjizara.hr\\\/proizvod\\\/izgubljena-rijeka-nada-vukasinovic\\\/#primaryimage\",\"url\":\"https:\\\/\\\/webknjizara.hr\\\/wp-content\\\/uploads\\\/nc\\\/images\\\/virtuemart\\\/product\\\/Nada_Vukasinovic_Izgubljena_rijeka_webknjizara_redak_WEB_1164.jpg\",\"contentUrl\":\"https:\\\/\\\/webknjizara.hr\\\/wp-content\\\/uploads\\\/nc\\\/images\\\/virtuemart\\\/product\\\/Nada_Vukasinovic_Izgubljena_rijeka_webknjizara_redak_WEB_1164.jpg\",\"width\":300,\"height\":419,\"caption\":\"IZGUBLJENA RIJEKA, Nada Vuka\u0161inovi\u0107\"},{\"@type\":\"BreadcrumbList\",\"@id\":\"https:\\\/\\\/webknjizara.hr\\\/proizvod\\\/izgubljena-rijeka-nada-vukasinovic\\\/#breadcrumb\",\"itemListElement\":[{\"@type\":\"ListItem\",\"position\":1,\"name\":\"Po\u010detna stranica\",\"item\":\"https:\\\/\\\/webknjizara.hr\\\/en\\\/\"},{\"@type\":\"ListItem\",\"position\":2,\"name\":\"Shop\",\"item\":\"https:\\\/\\\/webknjizara.hr\\\/shop\\\/\"},{\"@type\":\"ListItem\",\"position\":3,\"name\":\"IZGUBLJENA RIJEKA, Nada Vuka\u0161inovi\u0107\"}]},{\"@type\":\"WebSite\",\"@id\":\"https:\\\/\\\/webknjizara.hr\\\/#website\",\"url\":\"https:\\\/\\\/webknjizara.hr\\\/\",\"name\":\"Web Knji\u017eara\",\"description\":\"\",\"publisher\":{\"@id\":\"https:\\\/\\\/webknjizara.hr\\\/#organization\"},\"potentialAction\":[{\"@type\":\"SearchAction\",\"target\":{\"@type\":\"EntryPoint\",\"urlTemplate\":\"https:\\\/\\\/webknjizara.hr\\\/?s={search_term_string}\"},\"query-input\":{\"@type\":\"PropertyValueSpecification\",\"valueRequired\":true,\"valueName\":\"search_term_string\"}}],\"inLanguage\":\"en-US\"},{\"@type\":\"Organization\",\"@id\":\"https:\\\/\\\/webknjizara.hr\\\/#organization\",\"name\":\"REDAK D.O.O.\",\"url\":\"https:\\\/\\\/webknjizara.hr\\\/\",\"logo\":{\"@type\":\"ImageObject\",\"inLanguage\":\"en-US\",\"@id\":\"https:\\\/\\\/webknjizara.hr\\\/#\\\/schema\\\/logo\\\/image\\\/\",\"url\":\"https:\\\/\\\/webknjizara.hr\\\/wp-content\\\/uploads\\\/2023\\\/01\\\/web-knjizara-logo.webp\",\"contentUrl\":\"https:\\\/\\\/webknjizara.hr\\\/wp-content\\\/uploads\\\/2023\\\/01\\\/web-knjizara-logo.webp\",\"width\":324,\"height\":79,\"caption\":\"REDAK D.O.O.\"},\"image\":{\"@id\":\"https:\\\/\\\/webknjizara.hr\\\/#\\\/schema\\\/logo\\\/image\\\/\"}}]}<\/script>\n<!-- \/ Yoast SEO plugin. -->","yoast_head_json":{"title":"IZGUBLJENA RIJEKA, Nada Vuka\u0161inovi\u0107 - Web-knji\u017eara","robots":{"index":"index","follow":"follow","max-snippet":"max-snippet:-1","max-image-preview":"max-image-preview:large","max-video-preview":"max-video-preview:-1"},"canonical":"https:\/\/webknjizara.hr\/proizvod\/izgubljena-rijeka-nada-vukasinovic\/","og_locale":"en_US","og_type":"article","og_title":"IZGUBLJENA RIJEKA, Nada Vuka\u0161inovi\u0107 - Web-knji\u017eara","og_description":"Sa\u017eetak: \u201ePri\u010de nastaju iz provjere vlastitog pam\u0107enja, dok se s pripovjeda\u010dkom stra\u0161\u0107u puni se lenta vremena i radi svojevrsna inventura i prevrednovanje onoga \u0161to se dogodilo, \u0161to je prepu\u0161teno zaboravu ili uzaludnosti svakodnevice. Blizina i daljina, \u010de\u017enja za svijetom koji je mogao biti druk\u010diji, ako ne i bolji, odre\u0111uju tematski krug pri\u010da, Izgubljena rijeka.Intimni zapisi [&hellip;]","og_url":"https:\/\/webknjizara.hr\/proizvod\/izgubljena-rijeka-nada-vukasinovic\/","og_site_name":"Web-knji\u017eara","article_modified_time":"2023-02-26T23:18:31+00:00","og_image":[{"width":300,"height":419,"url":"https:\/\/webknjizara.hr\/wp-content\/uploads\/nc\/images\/virtuemart\/product\/Nada_Vukasinovic_Izgubljena_rijeka_webknjizara_redak_WEB_1164.jpg","type":"image\/jpeg"}],"twitter_card":"summary_large_image","twitter_misc":{"Est. reading time":"2 minutes"},"schema":{"@context":"https:\/\/schema.org","@graph":[{"@type":"WebPage","@id":"https:\/\/webknjizara.hr\/proizvod\/izgubljena-rijeka-nada-vukasinovic\/","url":"https:\/\/webknjizara.hr\/proizvod\/izgubljena-rijeka-nada-vukasinovic\/","name":"IZGUBLJENA RIJEKA, Nada Vuka\u0161inovi\u0107 - Web-knji\u017eara","isPartOf":{"@id":"https:\/\/webknjizara.hr\/#website"},"primaryImageOfPage":{"@id":"https:\/\/webknjizara.hr\/proizvod\/izgubljena-rijeka-nada-vukasinovic\/#primaryimage"},"image":{"@id":"https:\/\/webknjizara.hr\/proizvod\/izgubljena-rijeka-nada-vukasinovic\/#primaryimage"},"thumbnailUrl":"https:\/\/webknjizara.hr\/wp-content\/uploads\/nc\/images\/virtuemart\/product\/Nada_Vukasinovic_Izgubljena_rijeka_webknjizara_redak_WEB_1164.jpg","datePublished":"2021-08-31T13:54:48+00:00","dateModified":"2023-02-26T23:18:31+00:00","breadcrumb":{"@id":"https:\/\/webknjizara.hr\/proizvod\/izgubljena-rijeka-nada-vukasinovic\/#breadcrumb"},"inLanguage":"en-US","potentialAction":[{"@type":"ReadAction","target":["https:\/\/webknjizara.hr\/proizvod\/izgubljena-rijeka-nada-vukasinovic\/"]}]},{"@type":"ImageObject","inLanguage":"en-US","@id":"https:\/\/webknjizara.hr\/proizvod\/izgubljena-rijeka-nada-vukasinovic\/#primaryimage","url":"https:\/\/webknjizara.hr\/wp-content\/uploads\/nc\/images\/virtuemart\/product\/Nada_Vukasinovic_Izgubljena_rijeka_webknjizara_redak_WEB_1164.jpg","contentUrl":"https:\/\/webknjizara.hr\/wp-content\/uploads\/nc\/images\/virtuemart\/product\/Nada_Vukasinovic_Izgubljena_rijeka_webknjizara_redak_WEB_1164.jpg","width":300,"height":419,"caption":"IZGUBLJENA RIJEKA, Nada Vuka\u0161inovi\u0107"},{"@type":"BreadcrumbList","@id":"https:\/\/webknjizara.hr\/proizvod\/izgubljena-rijeka-nada-vukasinovic\/#breadcrumb","itemListElement":[{"@type":"ListItem","position":1,"name":"Po\u010detna stranica","item":"https:\/\/webknjizara.hr\/en\/"},{"@type":"ListItem","position":2,"name":"Shop","item":"https:\/\/webknjizara.hr\/shop\/"},{"@type":"ListItem","position":3,"name":"IZGUBLJENA RIJEKA, Nada Vuka\u0161inovi\u0107"}]},{"@type":"WebSite","@id":"https:\/\/webknjizara.hr\/#website","url":"https:\/\/webknjizara.hr\/","name":"Web Knji\u017eara","description":"","publisher":{"@id":"https:\/\/webknjizara.hr\/#organization"},"potentialAction":[{"@type":"SearchAction","target":{"@type":"EntryPoint","urlTemplate":"https:\/\/webknjizara.hr\/?s={search_term_string}"},"query-input":{"@type":"PropertyValueSpecification","valueRequired":true,"valueName":"search_term_string"}}],"inLanguage":"en-US"},{"@type":"Organization","@id":"https:\/\/webknjizara.hr\/#organization","name":"REDAK D.O.O.","url":"https:\/\/webknjizara.hr\/","logo":{"@type":"ImageObject","inLanguage":"en-US","@id":"https:\/\/webknjizara.hr\/#\/schema\/logo\/image\/","url":"https:\/\/webknjizara.hr\/wp-content\/uploads\/2023\/01\/web-knjizara-logo.webp","contentUrl":"https:\/\/webknjizara.hr\/wp-content\/uploads\/2023\/01\/web-knjizara-logo.webp","width":324,"height":79,"caption":"REDAK D.O.O."},"image":{"@id":"https:\/\/webknjizara.hr\/#\/schema\/logo\/image\/"}}]}},"_links":{"self":[{"href":"https:\/\/webknjizara.hr\/en\/wp-json\/wp\/v2\/product\/9540","targetHints":{"allow":["GET"]}}],"collection":[{"href":"https:\/\/webknjizara.hr\/en\/wp-json\/wp\/v2\/product"}],"about":[{"href":"https:\/\/webknjizara.hr\/en\/wp-json\/wp\/v2\/types\/product"}],"replies":[{"embeddable":true,"href":"https:\/\/webknjizara.hr\/en\/wp-json\/wp\/v2\/comments?post=9540"}],"wp:featuredmedia":[{"embeddable":true,"href":"https:\/\/webknjizara.hr\/en\/wp-json\/wp\/v2\/media\/9541"}],"wp:attachment":[{"href":"https:\/\/webknjizara.hr\/en\/wp-json\/wp\/v2\/media?parent=9540"}],"wp:term":[{"taxonomy":"product_brand","embeddable":true,"href":"https:\/\/webknjizara.hr\/en\/wp-json\/wp\/v2\/product_brand?post=9540"},{"taxonomy":"product_cat","embeddable":true,"href":"https:\/\/webknjizara.hr\/en\/wp-json\/wp\/v2\/product_cat?post=9540"},{"taxonomy":"product_tag","embeddable":true,"href":"https:\/\/webknjizara.hr\/en\/wp-json\/wp\/v2\/product_tag?post=9540"}],"curies":[{"name":"wp","href":"https:\/\/api.w.org\/{rel}","templated":true}]}}