{"id":9532,"date":"2021-07-30T13:19:54","date_gmt":"2021-07-30T13:19:54","guid":{"rendered":"https:\/\/webknjizara.hr\/?product=p-pjesma-spisi-mudrosti-za-danas-prashant-trivedi"},"modified":"2023-02-27T00:18:31","modified_gmt":"2023-02-26T23:18:31","slug":"p-pjesma-spisi-mudrosti-za-danas-prashant-trivedi","status":"publish","type":"product","link":"https:\/\/webknjizara.hr\/en\/proizvod\/p-pjesma-spisi-mudrosti-za-danas-prashant-trivedi\/","title":{"rendered":"P PJESMA SPISI MUDROSTI ZA DANAS, Prashant Trivedi"},"content":{"rendered":"<p><strong>Sa\u017eetak:<\/strong><\/p>\n<p>P PJESMA\u00a0contains\u00a0scientific\u00a0Vedic\u00a0teachings\u00a0relevant\u00a0to\u00a0the\u00a0current\u00a0times\u00a0which\u00a0can be\u00a0practically\u00a0applied\u00a0by\u00a0anyone.\u00a0<br \/>The\u00a0author\u00a0highlights\u00a0and\u00a0explains\u00a0the\u00a0importance\u00a0of\u00a0basics,\u00a0such\u00a0as\u00a0balanced\u00a0vedic diet, keeping\u00a0the\u00a0body\u00a0in\u00a0the\u00a0right\u00a0posture,\u00a0and\u00a0having\u00a0a\u00a0centered\u00a0speech.<\/p>\n<p>\u00a0<\/p>\n<p><strong>Bilje\u0161ka o autoru:<\/strong><\/p>\n<p>Prashant\u00a0Trivedi\u00a0is\u00a0the\u00a0world\u2019s\u00a0leading\u00a0expert\u00a0in\u00a0Vedic\u00a0knowledge.<br \/>He\u00a0is\u00a0also\u00a0a\u00a0renowned\u00a0musician\u00a0that\u00a0lives\u00a0connected\u00a0with\u00a0nature\u00a0and\u00a0creates\u00a0perfectly\u00a0fractal\u00a0coherent\u00a0sonic\u00a0masterpieces.<br \/>He\u00a0has\u00a0also\u00a0travelled\u00a0extensively\u00a0through\u00a0the\u00a0planet.<\/p>\n<p><strong>Klju\u010dne rije\u010di:<\/strong> Spirituality,\u00a0Vedic\u00a0knowledge,\u00a0Healthy\u00a0Living, Yoga,\u00a0Meditation\u00a0, Wellbeing<\/p>\n<p><strong>Link:<\/strong> <a href=\"http:\/\/www.lotus-ocean.net\">www.lotus-ocean.net\u00a0<\/a><\/p>\n<p><strong>E-mail:<\/strong> <a href=\"mailto:pt.lotusocean@gmail.com\" target=\"_blank\" rel=\"noopener noreferrer\">Prashant Trivedi\u00a0<\/a>\u00a0<\/p>\n<p>\u00a0<\/p>\n<p><strong>Naslov:<\/strong> P pjesma spisi mudrosti za danas<br \/><strong>Autor:<\/strong> Prashant Trivedi<br \/><strong>Broj stranica:<\/strong> 432<br \/><strong>Nakladnik:<\/strong> Lotus Ocean<br \/><strong>Godina izdanja:<\/strong> 2021.<br \/><strong>ISBN:<\/strong> 978-953-336-775-0<br \/><strong>Tisak:<\/strong> digitalni tisak knjiga &#8211; print na zahtjev<\/p>\n<p style=\"text-align: justify;\">\u00a0<\/p>\n<p style=\"text-align: justify;\"><strong>Kako naru\u010diti knjigu?\u00a0<\/strong>Proces online kupovine jednako funkcionira za sve kupce, s jedinom razlikom u tome \u0161to \u0161to kupci iz inozemstva za podru\u010dje dostave moraju odabrati &#8220;Europa&#8221; ili &#8220;Ostale zemlje svijeta&#8221;, a za vrstu pla\u0107anja WSPay (kreditna kartica) ili Virmanom (bankovni transfer).<\/p>\n<p style=\"text-align: justify;\">Molimo kliknite ovdje za\u00a0<a href=\"hr\/kako-kupovati\">detaljni vodi\u010d kroz proces narud\u017ebe<\/a>\u00a0ili nas\u00a0<a href=\"hr\/kontakt\">kontaktirajte<\/a>\u00a0za vi\u0161e informacija.<\/p>\n","protected":false},"excerpt":{"rendered":"<p>Sa\u017eetak: P PJESMA\u00a0contains\u00a0scientific\u00a0Vedic\u00a0teachings\u00a0relevant\u00a0to\u00a0the\u00a0current\u00a0times\u00a0which\u00a0can be\u00a0practically\u00a0applied\u00a0by\u00a0anyone.\u00a0The\u00a0author\u00a0highlights\u00a0and\u00a0explains\u00a0the\u00a0importance\u00a0of\u00a0basics,\u00a0such\u00a0as\u00a0balanced\u00a0vedic diet, keeping\u00a0the\u00a0body\u00a0in\u00a0the\u00a0right\u00a0posture,\u00a0and\u00a0having\u00a0a\u00a0centered\u00a0speech. \u00a0 Bilje\u0161ka o autoru: Prashant\u00a0Trivedi\u00a0is\u00a0the\u00a0world\u2019s\u00a0leading\u00a0expert\u00a0in\u00a0Vedic\u00a0knowledge.He\u00a0is\u00a0also\u00a0a\u00a0renowned\u00a0musician\u00a0that\u00a0lives\u00a0connected\u00a0with\u00a0nature\u00a0and\u00a0creates\u00a0perfectly\u00a0fractal\u00a0coherent\u00a0sonic\u00a0masterpieces.He\u00a0has\u00a0also\u00a0travelled\u00a0extensively\u00a0through\u00a0the\u00a0planet. Klju\u010dne rije\u010di: Spirituality,\u00a0Vedic\u00a0knowledge,\u00a0Healthy\u00a0Living, Yoga,\u00a0Meditation\u00a0, Wellbeing Link: www.lotus-ocean.net\u00a0 E-mail: Prashant Trivedi\u00a0\u00a0 \u00a0 Naslov: P pjesma spisi mudrosti za danasAutor: Prashant TrivediBroj stranica: 432Nakladnik: Lotus OceanGodina izdanja: 2021.ISBN: 978-953-336-775-0Tisak: digitalni tisak knjiga &#8211; print na zahtjev \u00a0 Kako naru\u010diti knjigu?\u00a0Proces online kupovine jednako funkcionira za sve [&hellip;]<\/p>\n","protected":false},"featured_media":9533,"comment_status":"open","ping_status":"closed","template":"","meta":{"_acf_changed":false},"product_brand":[],"product_cat":[1489,1400],"product_tag":[],"class_list":{"0":"post-9532","1":"product","2":"type-product","3":"status-publish","4":"has-post-thumbnail","6":"product_cat-publicistika","7":"product_cat-religija-i-duhovnost","8":"pa_autor-prashant-trivedi","9":"pa_nakladnik-lotus-ocean","11":"first","12":"instock","13":"shipping-taxable","14":"purchasable","15":"product-type-simple"},"acf":[],"yoast_head":"<!-- This site is optimized with the Yoast SEO plugin v27.3 - https:\/\/yoast.com\/product\/yoast-seo-wordpress\/ -->\n<title>P PJESMA SPISI MUDROSTI ZA DANAS, Prashant Trivedi - Web-knji\u017eara<\/title>\n<meta name=\"robots\" content=\"index, follow, max-snippet:-1, max-image-preview:large, max-video-preview:-1\" \/>\n<link rel=\"canonical\" href=\"https:\/\/webknjizara.hr\/proizvod\/p-pjesma-spisi-mudrosti-za-danas-prashant-trivedi\/\" \/>\n<meta property=\"og:locale\" content=\"en_US\" \/>\n<meta property=\"og:type\" content=\"article\" \/>\n<meta property=\"og:title\" content=\"P PJESMA SPISI MUDROSTI ZA DANAS, Prashant Trivedi - Web-knji\u017eara\" \/>\n<meta property=\"og:description\" content=\"Sa\u017eetak: P PJESMA\u00a0contains\u00a0scientific\u00a0Vedic\u00a0teachings\u00a0relevant\u00a0to\u00a0the\u00a0current\u00a0times\u00a0which\u00a0can be\u00a0practically\u00a0applied\u00a0by\u00a0anyone.\u00a0The\u00a0author\u00a0highlights\u00a0and\u00a0explains\u00a0the\u00a0importance\u00a0of\u00a0basics,\u00a0such\u00a0as\u00a0balanced\u00a0vedic diet, keeping\u00a0the\u00a0body\u00a0in\u00a0the\u00a0right\u00a0posture,\u00a0and\u00a0having\u00a0a\u00a0centered\u00a0speech. \u00a0 Bilje\u0161ka o autoru: Prashant\u00a0Trivedi\u00a0is\u00a0the\u00a0world\u2019s\u00a0leading\u00a0expert\u00a0in\u00a0Vedic\u00a0knowledge.He\u00a0is\u00a0also\u00a0a\u00a0renowned\u00a0musician\u00a0that\u00a0lives\u00a0connected\u00a0with\u00a0nature\u00a0and\u00a0creates\u00a0perfectly\u00a0fractal\u00a0coherent\u00a0sonic\u00a0masterpieces.He\u00a0has\u00a0also\u00a0travelled\u00a0extensively\u00a0through\u00a0the\u00a0planet. Klju\u010dne rije\u010di: Spirituality,\u00a0Vedic\u00a0knowledge,\u00a0Healthy\u00a0Living, Yoga,\u00a0Meditation\u00a0, Wellbeing Link: www.lotus-ocean.net\u00a0 E-mail: Prashant Trivedi\u00a0\u00a0 \u00a0 Naslov: P pjesma spisi mudrosti za danasAutor: Prashant TrivediBroj stranica: 432Nakladnik: Lotus OceanGodina izdanja: 2021.ISBN: 978-953-336-775-0Tisak: digitalni tisak knjiga &#8211; print na zahtjev \u00a0 Kako naru\u010diti knjigu?\u00a0Proces online kupovine jednako funkcionira za sve [&hellip;]\" \/>\n<meta property=\"og:url\" content=\"https:\/\/webknjizara.hr\/proizvod\/p-pjesma-spisi-mudrosti-za-danas-prashant-trivedi\/\" \/>\n<meta property=\"og:site_name\" content=\"Web-knji\u017eara\" \/>\n<meta property=\"article:modified_time\" content=\"2023-02-26T23:18:31+00:00\" \/>\n<meta property=\"og:image\" content=\"https:\/\/webknjizara.hr\/wp-content\/uploads\/nc\/images\/virtuemart\/product\/Jure_Karamarko_motiv_operi_me_naslovnica_WEB7.jpg\" \/>\n\t<meta property=\"og:image:width\" content=\"489\" \/>\n\t<meta property=\"og:image:height\" content=\"800\" \/>\n\t<meta property=\"og:image:type\" content=\"image\/jpeg\" \/>\n<meta name=\"twitter:card\" content=\"summary_large_image\" \/>\n<meta name=\"twitter:label1\" content=\"Est. reading time\" \/>\n\t<meta name=\"twitter:data1\" content=\"1 minute\" \/>\n<script type=\"application\/ld+json\" class=\"yoast-schema-graph\">{\"@context\":\"https:\\\/\\\/schema.org\",\"@graph\":[{\"@type\":\"WebPage\",\"@id\":\"https:\\\/\\\/webknjizara.hr\\\/proizvod\\\/p-pjesma-spisi-mudrosti-za-danas-prashant-trivedi\\\/\",\"url\":\"https:\\\/\\\/webknjizara.hr\\\/proizvod\\\/p-pjesma-spisi-mudrosti-za-danas-prashant-trivedi\\\/\",\"name\":\"P PJESMA SPISI MUDROSTI ZA DANAS, Prashant Trivedi - Web-knji\u017eara\",\"isPartOf\":{\"@id\":\"https:\\\/\\\/webknjizara.hr\\\/#website\"},\"primaryImageOfPage\":{\"@id\":\"https:\\\/\\\/webknjizara.hr\\\/proizvod\\\/p-pjesma-spisi-mudrosti-za-danas-prashant-trivedi\\\/#primaryimage\"},\"image\":{\"@id\":\"https:\\\/\\\/webknjizara.hr\\\/proizvod\\\/p-pjesma-spisi-mudrosti-za-danas-prashant-trivedi\\\/#primaryimage\"},\"thumbnailUrl\":\"https:\\\/\\\/webknjizara.hr\\\/wp-content\\\/uploads\\\/nc\\\/images\\\/virtuemart\\\/product\\\/Jure_Karamarko_motiv_operi_me_naslovnica_WEB7.jpg\",\"datePublished\":\"2021-07-30T13:19:54+00:00\",\"dateModified\":\"2023-02-26T23:18:31+00:00\",\"breadcrumb\":{\"@id\":\"https:\\\/\\\/webknjizara.hr\\\/proizvod\\\/p-pjesma-spisi-mudrosti-za-danas-prashant-trivedi\\\/#breadcrumb\"},\"inLanguage\":\"en-US\",\"potentialAction\":[{\"@type\":\"ReadAction\",\"target\":[\"https:\\\/\\\/webknjizara.hr\\\/proizvod\\\/p-pjesma-spisi-mudrosti-za-danas-prashant-trivedi\\\/\"]}]},{\"@type\":\"ImageObject\",\"inLanguage\":\"en-US\",\"@id\":\"https:\\\/\\\/webknjizara.hr\\\/proizvod\\\/p-pjesma-spisi-mudrosti-za-danas-prashant-trivedi\\\/#primaryimage\",\"url\":\"https:\\\/\\\/webknjizara.hr\\\/wp-content\\\/uploads\\\/nc\\\/images\\\/virtuemart\\\/product\\\/Jure_Karamarko_motiv_operi_me_naslovnica_WEB7.jpg\",\"contentUrl\":\"https:\\\/\\\/webknjizara.hr\\\/wp-content\\\/uploads\\\/nc\\\/images\\\/virtuemart\\\/product\\\/Jure_Karamarko_motiv_operi_me_naslovnica_WEB7.jpg\",\"width\":489,\"height\":800,\"caption\":\"P PJESMA SPISI MUDROSTI ZA DANAS, Prashant Trivedi\"},{\"@type\":\"BreadcrumbList\",\"@id\":\"https:\\\/\\\/webknjizara.hr\\\/proizvod\\\/p-pjesma-spisi-mudrosti-za-danas-prashant-trivedi\\\/#breadcrumb\",\"itemListElement\":[{\"@type\":\"ListItem\",\"position\":1,\"name\":\"Po\u010detna stranica\",\"item\":\"https:\\\/\\\/webknjizara.hr\\\/en\\\/\"},{\"@type\":\"ListItem\",\"position\":2,\"name\":\"Shop\",\"item\":\"https:\\\/\\\/webknjizara.hr\\\/shop\\\/\"},{\"@type\":\"ListItem\",\"position\":3,\"name\":\"P PJESMA SPISI MUDROSTI ZA DANAS, Prashant Trivedi\"}]},{\"@type\":\"WebSite\",\"@id\":\"https:\\\/\\\/webknjizara.hr\\\/#website\",\"url\":\"https:\\\/\\\/webknjizara.hr\\\/\",\"name\":\"Web Knji\u017eara\",\"description\":\"\",\"publisher\":{\"@id\":\"https:\\\/\\\/webknjizara.hr\\\/#organization\"},\"potentialAction\":[{\"@type\":\"SearchAction\",\"target\":{\"@type\":\"EntryPoint\",\"urlTemplate\":\"https:\\\/\\\/webknjizara.hr\\\/?s={search_term_string}\"},\"query-input\":{\"@type\":\"PropertyValueSpecification\",\"valueRequired\":true,\"valueName\":\"search_term_string\"}}],\"inLanguage\":\"en-US\"},{\"@type\":\"Organization\",\"@id\":\"https:\\\/\\\/webknjizara.hr\\\/#organization\",\"name\":\"REDAK D.O.O.\",\"url\":\"https:\\\/\\\/webknjizara.hr\\\/\",\"logo\":{\"@type\":\"ImageObject\",\"inLanguage\":\"en-US\",\"@id\":\"https:\\\/\\\/webknjizara.hr\\\/#\\\/schema\\\/logo\\\/image\\\/\",\"url\":\"https:\\\/\\\/webknjizara.hr\\\/wp-content\\\/uploads\\\/2023\\\/01\\\/web-knjizara-logo.webp\",\"contentUrl\":\"https:\\\/\\\/webknjizara.hr\\\/wp-content\\\/uploads\\\/2023\\\/01\\\/web-knjizara-logo.webp\",\"width\":324,\"height\":79,\"caption\":\"REDAK D.O.O.\"},\"image\":{\"@id\":\"https:\\\/\\\/webknjizara.hr\\\/#\\\/schema\\\/logo\\\/image\\\/\"}}]}<\/script>\n<!-- \/ Yoast SEO plugin. -->","yoast_head_json":{"title":"P PJESMA SPISI MUDROSTI ZA DANAS, Prashant Trivedi - Web-knji\u017eara","robots":{"index":"index","follow":"follow","max-snippet":"max-snippet:-1","max-image-preview":"max-image-preview:large","max-video-preview":"max-video-preview:-1"},"canonical":"https:\/\/webknjizara.hr\/proizvod\/p-pjesma-spisi-mudrosti-za-danas-prashant-trivedi\/","og_locale":"en_US","og_type":"article","og_title":"P PJESMA SPISI MUDROSTI ZA DANAS, Prashant Trivedi - Web-knji\u017eara","og_description":"Sa\u017eetak: P PJESMA\u00a0contains\u00a0scientific\u00a0Vedic\u00a0teachings\u00a0relevant\u00a0to\u00a0the\u00a0current\u00a0times\u00a0which\u00a0can be\u00a0practically\u00a0applied\u00a0by\u00a0anyone.\u00a0The\u00a0author\u00a0highlights\u00a0and\u00a0explains\u00a0the\u00a0importance\u00a0of\u00a0basics,\u00a0such\u00a0as\u00a0balanced\u00a0vedic diet, keeping\u00a0the\u00a0body\u00a0in\u00a0the\u00a0right\u00a0posture,\u00a0and\u00a0having\u00a0a\u00a0centered\u00a0speech. \u00a0 Bilje\u0161ka o autoru: Prashant\u00a0Trivedi\u00a0is\u00a0the\u00a0world\u2019s\u00a0leading\u00a0expert\u00a0in\u00a0Vedic\u00a0knowledge.He\u00a0is\u00a0also\u00a0a\u00a0renowned\u00a0musician\u00a0that\u00a0lives\u00a0connected\u00a0with\u00a0nature\u00a0and\u00a0creates\u00a0perfectly\u00a0fractal\u00a0coherent\u00a0sonic\u00a0masterpieces.He\u00a0has\u00a0also\u00a0travelled\u00a0extensively\u00a0through\u00a0the\u00a0planet. Klju\u010dne rije\u010di: Spirituality,\u00a0Vedic\u00a0knowledge,\u00a0Healthy\u00a0Living, Yoga,\u00a0Meditation\u00a0, Wellbeing Link: www.lotus-ocean.net\u00a0 E-mail: Prashant Trivedi\u00a0\u00a0 \u00a0 Naslov: P pjesma spisi mudrosti za danasAutor: Prashant TrivediBroj stranica: 432Nakladnik: Lotus OceanGodina izdanja: 2021.ISBN: 978-953-336-775-0Tisak: digitalni tisak knjiga &#8211; print na zahtjev \u00a0 Kako naru\u010diti knjigu?\u00a0Proces online kupovine jednako funkcionira za sve [&hellip;]","og_url":"https:\/\/webknjizara.hr\/proizvod\/p-pjesma-spisi-mudrosti-za-danas-prashant-trivedi\/","og_site_name":"Web-knji\u017eara","article_modified_time":"2023-02-26T23:18:31+00:00","og_image":[{"width":489,"height":800,"url":"https:\/\/webknjizara.hr\/wp-content\/uploads\/nc\/images\/virtuemart\/product\/Jure_Karamarko_motiv_operi_me_naslovnica_WEB7.jpg","type":"image\/jpeg"}],"twitter_card":"summary_large_image","twitter_misc":{"Est. reading time":"1 minute"},"schema":{"@context":"https:\/\/schema.org","@graph":[{"@type":"WebPage","@id":"https:\/\/webknjizara.hr\/proizvod\/p-pjesma-spisi-mudrosti-za-danas-prashant-trivedi\/","url":"https:\/\/webknjizara.hr\/proizvod\/p-pjesma-spisi-mudrosti-za-danas-prashant-trivedi\/","name":"P PJESMA SPISI MUDROSTI ZA DANAS, Prashant Trivedi - Web-knji\u017eara","isPartOf":{"@id":"https:\/\/webknjizara.hr\/#website"},"primaryImageOfPage":{"@id":"https:\/\/webknjizara.hr\/proizvod\/p-pjesma-spisi-mudrosti-za-danas-prashant-trivedi\/#primaryimage"},"image":{"@id":"https:\/\/webknjizara.hr\/proizvod\/p-pjesma-spisi-mudrosti-za-danas-prashant-trivedi\/#primaryimage"},"thumbnailUrl":"https:\/\/webknjizara.hr\/wp-content\/uploads\/nc\/images\/virtuemart\/product\/Jure_Karamarko_motiv_operi_me_naslovnica_WEB7.jpg","datePublished":"2021-07-30T13:19:54+00:00","dateModified":"2023-02-26T23:18:31+00:00","breadcrumb":{"@id":"https:\/\/webknjizara.hr\/proizvod\/p-pjesma-spisi-mudrosti-za-danas-prashant-trivedi\/#breadcrumb"},"inLanguage":"en-US","potentialAction":[{"@type":"ReadAction","target":["https:\/\/webknjizara.hr\/proizvod\/p-pjesma-spisi-mudrosti-za-danas-prashant-trivedi\/"]}]},{"@type":"ImageObject","inLanguage":"en-US","@id":"https:\/\/webknjizara.hr\/proizvod\/p-pjesma-spisi-mudrosti-za-danas-prashant-trivedi\/#primaryimage","url":"https:\/\/webknjizara.hr\/wp-content\/uploads\/nc\/images\/virtuemart\/product\/Jure_Karamarko_motiv_operi_me_naslovnica_WEB7.jpg","contentUrl":"https:\/\/webknjizara.hr\/wp-content\/uploads\/nc\/images\/virtuemart\/product\/Jure_Karamarko_motiv_operi_me_naslovnica_WEB7.jpg","width":489,"height":800,"caption":"P PJESMA SPISI MUDROSTI ZA DANAS, Prashant Trivedi"},{"@type":"BreadcrumbList","@id":"https:\/\/webknjizara.hr\/proizvod\/p-pjesma-spisi-mudrosti-za-danas-prashant-trivedi\/#breadcrumb","itemListElement":[{"@type":"ListItem","position":1,"name":"Po\u010detna stranica","item":"https:\/\/webknjizara.hr\/en\/"},{"@type":"ListItem","position":2,"name":"Shop","item":"https:\/\/webknjizara.hr\/shop\/"},{"@type":"ListItem","position":3,"name":"P PJESMA SPISI MUDROSTI ZA DANAS, Prashant Trivedi"}]},{"@type":"WebSite","@id":"https:\/\/webknjizara.hr\/#website","url":"https:\/\/webknjizara.hr\/","name":"Web Knji\u017eara","description":"","publisher":{"@id":"https:\/\/webknjizara.hr\/#organization"},"potentialAction":[{"@type":"SearchAction","target":{"@type":"EntryPoint","urlTemplate":"https:\/\/webknjizara.hr\/?s={search_term_string}"},"query-input":{"@type":"PropertyValueSpecification","valueRequired":true,"valueName":"search_term_string"}}],"inLanguage":"en-US"},{"@type":"Organization","@id":"https:\/\/webknjizara.hr\/#organization","name":"REDAK D.O.O.","url":"https:\/\/webknjizara.hr\/","logo":{"@type":"ImageObject","inLanguage":"en-US","@id":"https:\/\/webknjizara.hr\/#\/schema\/logo\/image\/","url":"https:\/\/webknjizara.hr\/wp-content\/uploads\/2023\/01\/web-knjizara-logo.webp","contentUrl":"https:\/\/webknjizara.hr\/wp-content\/uploads\/2023\/01\/web-knjizara-logo.webp","width":324,"height":79,"caption":"REDAK D.O.O."},"image":{"@id":"https:\/\/webknjizara.hr\/#\/schema\/logo\/image\/"}}]}},"_links":{"self":[{"href":"https:\/\/webknjizara.hr\/en\/wp-json\/wp\/v2\/product\/9532","targetHints":{"allow":["GET"]}}],"collection":[{"href":"https:\/\/webknjizara.hr\/en\/wp-json\/wp\/v2\/product"}],"about":[{"href":"https:\/\/webknjizara.hr\/en\/wp-json\/wp\/v2\/types\/product"}],"replies":[{"embeddable":true,"href":"https:\/\/webknjizara.hr\/en\/wp-json\/wp\/v2\/comments?post=9532"}],"wp:featuredmedia":[{"embeddable":true,"href":"https:\/\/webknjizara.hr\/en\/wp-json\/wp\/v2\/media\/9533"}],"wp:attachment":[{"href":"https:\/\/webknjizara.hr\/en\/wp-json\/wp\/v2\/media?parent=9532"}],"wp:term":[{"taxonomy":"product_brand","embeddable":true,"href":"https:\/\/webknjizara.hr\/en\/wp-json\/wp\/v2\/product_brand?post=9532"},{"taxonomy":"product_cat","embeddable":true,"href":"https:\/\/webknjizara.hr\/en\/wp-json\/wp\/v2\/product_cat?post=9532"},{"taxonomy":"product_tag","embeddable":true,"href":"https:\/\/webknjizara.hr\/en\/wp-json\/wp\/v2\/product_tag?post=9532"}],"curies":[{"name":"wp","href":"https:\/\/api.w.org\/{rel}","templated":true}]}}