{"id":9522,"date":"2021-07-21T15:23:02","date_gmt":"2021-07-21T15:23:02","guid":{"rendered":"https:\/\/webknjizara.hr\/?product=gropi-moje-duse-katarina-mimica"},"modified":"2023-02-27T00:18:30","modified_gmt":"2023-02-26T23:18:30","slug":"gropi-moje-duse-katarina-mimica","status":"publish","type":"product","link":"https:\/\/webknjizara.hr\/en\/proizvod\/gropi-moje-duse-katarina-mimica\/","title":{"rendered":"GROPI MOJE DU\u0160E, Katarina Mimica"},"content":{"rendered":"<p><strong>Sa\u017eetak:<\/strong><\/p>\n<p>Zbirka poezije pisana na knji\u017eevnom jeziku i dalmatinskoj \u010dakavici<\/p>\n<p>\u00a0<\/p>\n<p><strong>Bilje\u0161ka o autorici:<\/strong><\/p>\n<p>Katarina Mimica ro\u0111ena je Pean u Splitu 1957. g. Po struci je in\u017eenjer elektrotehnike, sada u mirovini.<br \/>Pisanjem poezije aktivno se po\u010dinje baviti u zrelijim godinama.<br \/>\u010clanica je Umjetni\u010dke likovno-knji\u017eevne unije \u201eVlaho Bukovac\u201c.<br \/>Sudionica je brojnih pjesni\u010dkih ve\u010deri. Svoje pjesme objavila je u nekoliko me\u0111unarodnih zbirki.<\/p>\n<p><strong>Klju\u010dne rije\u010di:<\/strong> djetinjstvo, obitelj, osmijeh, \u017eena, ljubav, odlasci, sumnje, gropi moje du\u0161e, ti\u0161ina, bu\u0111enje, \u010de\u017enja, nada<\/p>\n<p><strong>E-mail:<\/strong>\u00a0 <a href=\"mailto:keti.mimica@gmail.com\" target=\"_blank\" rel=\"noopener noreferrer\">Katarina Mimica<\/a><\/p>\n<p>\u00a0<\/p>\n<p><strong>Naslov:<\/strong> Gropi moje du\u0161e<br \/><strong>Autorica:<\/strong> Katarina Mimica<br \/><strong>Broj stranica:<\/strong> 92<br \/><strong>Nakladnik:<\/strong> ULKU \u201eVlaho Bukovac\u201c &#8211; Split<br \/><strong>Godina izdanja:<\/strong> 2021.<br \/><strong>ISBN:<\/strong> 978-953-8134-19-7<br \/><strong>Tisak:<\/strong> digitalni tisak knjiga &#8211; print na zahtjev<\/p>\n<p style=\"text-align: justify;\">\u00a0<\/p>\n<p style=\"text-align: justify;\"><strong>Kako naru\u010diti knjigu?\u00a0<\/strong>Proces online kupovine jednako funkcionira za sve kupce, s jedinom razlikom u tome \u0161to \u0161to kupci iz inozemstva za podru\u010dje dostave moraju odabrati &#8220;Europa&#8221; ili &#8220;Ostale zemlje svijeta&#8221;, a za vrstu pla\u0107anja WSPay (kreditna kartica) ili Virmanom (bankovni transfer).<\/p>\n<p style=\"text-align: justify;\">Molimo kliknite ovdje za\u00a0<a href=\"hr\/kako-kupovati\">detaljni vodi\u010d kroz proces narud\u017ebe<\/a>\u00a0ili nas\u00a0<a href=\"hr\/kontakt\">kontaktirajte<\/a>\u00a0za vi\u0161e informacija.<\/p>\n","protected":false},"excerpt":{"rendered":"<p>Sa\u017eetak: Zbirka poezije pisana na knji\u017eevnom jeziku i dalmatinskoj \u010dakavici \u00a0 Bilje\u0161ka o autorici: Katarina Mimica ro\u0111ena je Pean u Splitu 1957. g. Po struci je in\u017eenjer elektrotehnike, sada u mirovini.Pisanjem poezije aktivno se po\u010dinje baviti u zrelijim godinama.\u010clanica je Umjetni\u010dke likovno-knji\u017eevne unije \u201eVlaho Bukovac\u201c.Sudionica je brojnih pjesni\u010dkih ve\u010deri. Svoje pjesme objavila je u nekoliko [&hellip;]<\/p>\n","protected":false},"featured_media":9523,"comment_status":"open","ping_status":"closed","template":"","meta":{"_acf_changed":false},"product_brand":[],"product_cat":[1383,1385,1388],"product_tag":[],"class_list":{"0":"post-9522","1":"product","2":"type-product","3":"status-publish","4":"has-post-thumbnail","6":"product_cat-knjige","7":"product_cat-knjizevnost","8":"product_cat-poezija","9":"pa_autor-katarina-mimica","10":"pa_nakladnik-ulku-vlaho-bukovac-split","12":"first","13":"instock","14":"shipping-taxable","15":"purchasable","16":"product-type-simple"},"acf":[],"yoast_head":"<!-- This site is optimized with the Yoast SEO plugin v27.3 - https:\/\/yoast.com\/product\/yoast-seo-wordpress\/ -->\n<title>GROPI MOJE DU\u0160E, Katarina Mimica - Web-knji\u017eara<\/title>\n<meta name=\"robots\" content=\"index, follow, max-snippet:-1, max-image-preview:large, max-video-preview:-1\" \/>\n<link rel=\"canonical\" href=\"https:\/\/webknjizara.hr\/proizvod\/gropi-moje-duse-katarina-mimica\/\" \/>\n<meta property=\"og:locale\" content=\"en_US\" \/>\n<meta property=\"og:type\" content=\"article\" \/>\n<meta property=\"og:title\" content=\"GROPI MOJE DU\u0160E, Katarina Mimica - Web-knji\u017eara\" \/>\n<meta property=\"og:description\" content=\"Sa\u017eetak: Zbirka poezije pisana na knji\u017eevnom jeziku i dalmatinskoj \u010dakavici \u00a0 Bilje\u0161ka o autorici: Katarina Mimica ro\u0111ena je Pean u Splitu 1957. g. Po struci je in\u017eenjer elektrotehnike, sada u mirovini.Pisanjem poezije aktivno se po\u010dinje baviti u zrelijim godinama.\u010clanica je Umjetni\u010dke likovno-knji\u017eevne unije \u201eVlaho Bukovac\u201c.Sudionica je brojnih pjesni\u010dkih ve\u010deri. Svoje pjesme objavila je u nekoliko [&hellip;]\" \/>\n<meta property=\"og:url\" content=\"https:\/\/webknjizara.hr\/proizvod\/gropi-moje-duse-katarina-mimica\/\" \/>\n<meta property=\"og:site_name\" content=\"Web-knji\u017eara\" \/>\n<meta property=\"article:modified_time\" content=\"2023-02-26T23:18:30+00:00\" \/>\n<meta property=\"og:image\" content=\"https:\/\/webknjizara.hr\/wp-content\/uploads\/nc\/images\/virtuemart\/product\/Katarina_Mimica_Gropi_moje_duse_webknjizara_redak_WEB_1174.jpg\" \/>\n\t<meta property=\"og:image:width\" content=\"300\" \/>\n\t<meta property=\"og:image:height\" content=\"419\" \/>\n\t<meta property=\"og:image:type\" content=\"image\/jpeg\" \/>\n<meta name=\"twitter:card\" content=\"summary_large_image\" \/>\n<meta name=\"twitter:label1\" content=\"Est. reading time\" \/>\n\t<meta name=\"twitter:data1\" content=\"1 minute\" \/>\n<script type=\"application\/ld+json\" class=\"yoast-schema-graph\">{\"@context\":\"https:\\\/\\\/schema.org\",\"@graph\":[{\"@type\":\"WebPage\",\"@id\":\"https:\\\/\\\/webknjizara.hr\\\/proizvod\\\/gropi-moje-duse-katarina-mimica\\\/\",\"url\":\"https:\\\/\\\/webknjizara.hr\\\/proizvod\\\/gropi-moje-duse-katarina-mimica\\\/\",\"name\":\"GROPI MOJE DU\u0160E, Katarina Mimica - Web-knji\u017eara\",\"isPartOf\":{\"@id\":\"https:\\\/\\\/webknjizara.hr\\\/#website\"},\"primaryImageOfPage\":{\"@id\":\"https:\\\/\\\/webknjizara.hr\\\/proizvod\\\/gropi-moje-duse-katarina-mimica\\\/#primaryimage\"},\"image\":{\"@id\":\"https:\\\/\\\/webknjizara.hr\\\/proizvod\\\/gropi-moje-duse-katarina-mimica\\\/#primaryimage\"},\"thumbnailUrl\":\"https:\\\/\\\/webknjizara.hr\\\/wp-content\\\/uploads\\\/nc\\\/images\\\/virtuemart\\\/product\\\/Katarina_Mimica_Gropi_moje_duse_webknjizara_redak_WEB_1174.jpg\",\"datePublished\":\"2021-07-21T15:23:02+00:00\",\"dateModified\":\"2023-02-26T23:18:30+00:00\",\"breadcrumb\":{\"@id\":\"https:\\\/\\\/webknjizara.hr\\\/proizvod\\\/gropi-moje-duse-katarina-mimica\\\/#breadcrumb\"},\"inLanguage\":\"en-US\",\"potentialAction\":[{\"@type\":\"ReadAction\",\"target\":[\"https:\\\/\\\/webknjizara.hr\\\/proizvod\\\/gropi-moje-duse-katarina-mimica\\\/\"]}]},{\"@type\":\"ImageObject\",\"inLanguage\":\"en-US\",\"@id\":\"https:\\\/\\\/webknjizara.hr\\\/proizvod\\\/gropi-moje-duse-katarina-mimica\\\/#primaryimage\",\"url\":\"https:\\\/\\\/webknjizara.hr\\\/wp-content\\\/uploads\\\/nc\\\/images\\\/virtuemart\\\/product\\\/Katarina_Mimica_Gropi_moje_duse_webknjizara_redak_WEB_1174.jpg\",\"contentUrl\":\"https:\\\/\\\/webknjizara.hr\\\/wp-content\\\/uploads\\\/nc\\\/images\\\/virtuemart\\\/product\\\/Katarina_Mimica_Gropi_moje_duse_webknjizara_redak_WEB_1174.jpg\",\"width\":300,\"height\":419,\"caption\":\"GROPI MOJE DU\u0160E, Katarina Mimica\"},{\"@type\":\"BreadcrumbList\",\"@id\":\"https:\\\/\\\/webknjizara.hr\\\/proizvod\\\/gropi-moje-duse-katarina-mimica\\\/#breadcrumb\",\"itemListElement\":[{\"@type\":\"ListItem\",\"position\":1,\"name\":\"Po\u010detna stranica\",\"item\":\"https:\\\/\\\/webknjizara.hr\\\/en\\\/\"},{\"@type\":\"ListItem\",\"position\":2,\"name\":\"Shop\",\"item\":\"https:\\\/\\\/webknjizara.hr\\\/shop\\\/\"},{\"@type\":\"ListItem\",\"position\":3,\"name\":\"GROPI MOJE DU\u0160E, Katarina Mimica\"}]},{\"@type\":\"WebSite\",\"@id\":\"https:\\\/\\\/webknjizara.hr\\\/#website\",\"url\":\"https:\\\/\\\/webknjizara.hr\\\/\",\"name\":\"Web Knji\u017eara\",\"description\":\"\",\"publisher\":{\"@id\":\"https:\\\/\\\/webknjizara.hr\\\/#organization\"},\"potentialAction\":[{\"@type\":\"SearchAction\",\"target\":{\"@type\":\"EntryPoint\",\"urlTemplate\":\"https:\\\/\\\/webknjizara.hr\\\/?s={search_term_string}\"},\"query-input\":{\"@type\":\"PropertyValueSpecification\",\"valueRequired\":true,\"valueName\":\"search_term_string\"}}],\"inLanguage\":\"en-US\"},{\"@type\":\"Organization\",\"@id\":\"https:\\\/\\\/webknjizara.hr\\\/#organization\",\"name\":\"REDAK D.O.O.\",\"url\":\"https:\\\/\\\/webknjizara.hr\\\/\",\"logo\":{\"@type\":\"ImageObject\",\"inLanguage\":\"en-US\",\"@id\":\"https:\\\/\\\/webknjizara.hr\\\/#\\\/schema\\\/logo\\\/image\\\/\",\"url\":\"https:\\\/\\\/webknjizara.hr\\\/wp-content\\\/uploads\\\/2023\\\/01\\\/web-knjizara-logo.webp\",\"contentUrl\":\"https:\\\/\\\/webknjizara.hr\\\/wp-content\\\/uploads\\\/2023\\\/01\\\/web-knjizara-logo.webp\",\"width\":324,\"height\":79,\"caption\":\"REDAK D.O.O.\"},\"image\":{\"@id\":\"https:\\\/\\\/webknjizara.hr\\\/#\\\/schema\\\/logo\\\/image\\\/\"}}]}<\/script>\n<!-- \/ Yoast SEO plugin. -->","yoast_head_json":{"title":"GROPI MOJE DU\u0160E, Katarina Mimica - Web-knji\u017eara","robots":{"index":"index","follow":"follow","max-snippet":"max-snippet:-1","max-image-preview":"max-image-preview:large","max-video-preview":"max-video-preview:-1"},"canonical":"https:\/\/webknjizara.hr\/proizvod\/gropi-moje-duse-katarina-mimica\/","og_locale":"en_US","og_type":"article","og_title":"GROPI MOJE DU\u0160E, Katarina Mimica - Web-knji\u017eara","og_description":"Sa\u017eetak: Zbirka poezije pisana na knji\u017eevnom jeziku i dalmatinskoj \u010dakavici \u00a0 Bilje\u0161ka o autorici: Katarina Mimica ro\u0111ena je Pean u Splitu 1957. g. Po struci je in\u017eenjer elektrotehnike, sada u mirovini.Pisanjem poezije aktivno se po\u010dinje baviti u zrelijim godinama.\u010clanica je Umjetni\u010dke likovno-knji\u017eevne unije \u201eVlaho Bukovac\u201c.Sudionica je brojnih pjesni\u010dkih ve\u010deri. Svoje pjesme objavila je u nekoliko [&hellip;]","og_url":"https:\/\/webknjizara.hr\/proizvod\/gropi-moje-duse-katarina-mimica\/","og_site_name":"Web-knji\u017eara","article_modified_time":"2023-02-26T23:18:30+00:00","og_image":[{"width":300,"height":419,"url":"https:\/\/webknjizara.hr\/wp-content\/uploads\/nc\/images\/virtuemart\/product\/Katarina_Mimica_Gropi_moje_duse_webknjizara_redak_WEB_1174.jpg","type":"image\/jpeg"}],"twitter_card":"summary_large_image","twitter_misc":{"Est. reading time":"1 minute"},"schema":{"@context":"https:\/\/schema.org","@graph":[{"@type":"WebPage","@id":"https:\/\/webknjizara.hr\/proizvod\/gropi-moje-duse-katarina-mimica\/","url":"https:\/\/webknjizara.hr\/proizvod\/gropi-moje-duse-katarina-mimica\/","name":"GROPI MOJE DU\u0160E, Katarina Mimica - Web-knji\u017eara","isPartOf":{"@id":"https:\/\/webknjizara.hr\/#website"},"primaryImageOfPage":{"@id":"https:\/\/webknjizara.hr\/proizvod\/gropi-moje-duse-katarina-mimica\/#primaryimage"},"image":{"@id":"https:\/\/webknjizara.hr\/proizvod\/gropi-moje-duse-katarina-mimica\/#primaryimage"},"thumbnailUrl":"https:\/\/webknjizara.hr\/wp-content\/uploads\/nc\/images\/virtuemart\/product\/Katarina_Mimica_Gropi_moje_duse_webknjizara_redak_WEB_1174.jpg","datePublished":"2021-07-21T15:23:02+00:00","dateModified":"2023-02-26T23:18:30+00:00","breadcrumb":{"@id":"https:\/\/webknjizara.hr\/proizvod\/gropi-moje-duse-katarina-mimica\/#breadcrumb"},"inLanguage":"en-US","potentialAction":[{"@type":"ReadAction","target":["https:\/\/webknjizara.hr\/proizvod\/gropi-moje-duse-katarina-mimica\/"]}]},{"@type":"ImageObject","inLanguage":"en-US","@id":"https:\/\/webknjizara.hr\/proizvod\/gropi-moje-duse-katarina-mimica\/#primaryimage","url":"https:\/\/webknjizara.hr\/wp-content\/uploads\/nc\/images\/virtuemart\/product\/Katarina_Mimica_Gropi_moje_duse_webknjizara_redak_WEB_1174.jpg","contentUrl":"https:\/\/webknjizara.hr\/wp-content\/uploads\/nc\/images\/virtuemart\/product\/Katarina_Mimica_Gropi_moje_duse_webknjizara_redak_WEB_1174.jpg","width":300,"height":419,"caption":"GROPI MOJE DU\u0160E, Katarina Mimica"},{"@type":"BreadcrumbList","@id":"https:\/\/webknjizara.hr\/proizvod\/gropi-moje-duse-katarina-mimica\/#breadcrumb","itemListElement":[{"@type":"ListItem","position":1,"name":"Po\u010detna stranica","item":"https:\/\/webknjizara.hr\/en\/"},{"@type":"ListItem","position":2,"name":"Shop","item":"https:\/\/webknjizara.hr\/shop\/"},{"@type":"ListItem","position":3,"name":"GROPI MOJE DU\u0160E, Katarina Mimica"}]},{"@type":"WebSite","@id":"https:\/\/webknjizara.hr\/#website","url":"https:\/\/webknjizara.hr\/","name":"Web Knji\u017eara","description":"","publisher":{"@id":"https:\/\/webknjizara.hr\/#organization"},"potentialAction":[{"@type":"SearchAction","target":{"@type":"EntryPoint","urlTemplate":"https:\/\/webknjizara.hr\/?s={search_term_string}"},"query-input":{"@type":"PropertyValueSpecification","valueRequired":true,"valueName":"search_term_string"}}],"inLanguage":"en-US"},{"@type":"Organization","@id":"https:\/\/webknjizara.hr\/#organization","name":"REDAK D.O.O.","url":"https:\/\/webknjizara.hr\/","logo":{"@type":"ImageObject","inLanguage":"en-US","@id":"https:\/\/webknjizara.hr\/#\/schema\/logo\/image\/","url":"https:\/\/webknjizara.hr\/wp-content\/uploads\/2023\/01\/web-knjizara-logo.webp","contentUrl":"https:\/\/webknjizara.hr\/wp-content\/uploads\/2023\/01\/web-knjizara-logo.webp","width":324,"height":79,"caption":"REDAK D.O.O."},"image":{"@id":"https:\/\/webknjizara.hr\/#\/schema\/logo\/image\/"}}]}},"_links":{"self":[{"href":"https:\/\/webknjizara.hr\/en\/wp-json\/wp\/v2\/product\/9522","targetHints":{"allow":["GET"]}}],"collection":[{"href":"https:\/\/webknjizara.hr\/en\/wp-json\/wp\/v2\/product"}],"about":[{"href":"https:\/\/webknjizara.hr\/en\/wp-json\/wp\/v2\/types\/product"}],"replies":[{"embeddable":true,"href":"https:\/\/webknjizara.hr\/en\/wp-json\/wp\/v2\/comments?post=9522"}],"wp:featuredmedia":[{"embeddable":true,"href":"https:\/\/webknjizara.hr\/en\/wp-json\/wp\/v2\/media\/9523"}],"wp:attachment":[{"href":"https:\/\/webknjizara.hr\/en\/wp-json\/wp\/v2\/media?parent=9522"}],"wp:term":[{"taxonomy":"product_brand","embeddable":true,"href":"https:\/\/webknjizara.hr\/en\/wp-json\/wp\/v2\/product_brand?post=9522"},{"taxonomy":"product_cat","embeddable":true,"href":"https:\/\/webknjizara.hr\/en\/wp-json\/wp\/v2\/product_cat?post=9522"},{"taxonomy":"product_tag","embeddable":true,"href":"https:\/\/webknjizara.hr\/en\/wp-json\/wp\/v2\/product_tag?post=9522"}],"curies":[{"name":"wp","href":"https:\/\/api.w.org\/{rel}","templated":true}]}}