{"id":9512,"date":"2021-06-24T13:15:19","date_gmt":"2021-06-24T13:15:19","guid":{"rendered":"https:\/\/webknjizara.hr\/?product=elektrotehnika-za-strukovne-skole-tisak-u-boji-zoran-kalinic"},"modified":"2023-02-27T00:18:30","modified_gmt":"2023-02-26T23:18:30","slug":"elektrotehnika-za-strukovne-skole-tisak-u-boji-zoran-kalinic","status":"publish","type":"product","link":"https:\/\/webknjizara.hr\/en\/proizvod\/elektrotehnika-za-strukovne-skole-tisak-u-boji-zoran-kalinic\/","title":{"rendered":"ELEKTROTEHNIKA ZA STRUKOVNE \u0160KOLE (TISAK U BOJI), Zoran Kalini\u0107"},"content":{"rendered":"<p><strong>Sa\u017eetak:<\/strong><\/p>\n<p>Ud\u017ebenik Elektrotehnika namijenjen je u\u010denicima prvih, drugih i tre\u0107ih razreda strukovnih \u0161kola za zanimanja Automehani\u010dar, Automehatroni\u010dar i Instalater \u2013 monter i uskla\u0111en je s ud\u017ebeni\u010dkim standardom i sa suvremenim koncepcijama nastave.<\/p>\n<p>Uspore\u0111uju\u0107i sadr\u017eaj ud\u017ebenika s okvirnim obrazovnim programima drugih zanimanja razvidno je da sadr\u017eaj ud\u017ebenika obuhva\u0107a sadr\u017eaje vi\u0161e okvirnih programa predmeta Elektrotehnika i Osnove elektrotehnike i elektronike niza zanimanja u programima strojarstva A, B, C, JMO\/DUAL.<\/p>\n<p>Ud\u017ebenik je jezi\u010dno i stilski prilago\u0111en u\u010denikovu razumijevanju, primjeren dobi u\u010denika, a sadr\u017eaj teksta oprimjeren je velikim brojem jasnih ilustracija i grafi\u010dkih priloga, koji u\u010denicima olak\u0161avaju pratiti sadr\u017eaj nastavnog predmeta.<\/p>\n<p>Nastavni sadr\u017eaji su oblikovani prema didakti\u010dko-metodi\u010dkim na\u010delima, na na\u010din da slijede logi\u010dki niz od jednostavnog prema slo\u017eenome, a nastavnici su slobodni organizirati vje\u017ebe i prilagoditi ih uvjetima \u0161kole.<\/p>\n<p>Ud\u017ebenik je dostupan u elektroni\u010dkom obliku: <a href=\"http:\/\/www.kalinic.info\">www.kalinic.info<\/a><\/p>\n<p>\u00a0<\/p>\n<p><strong>Bilje\u0161ka o autoru:<\/strong><\/p>\n<p>Zoran Kalini\u0107, prof. savjetnik u trajnom zvanju, ro\u0111en u Livnu 1957. god. zavr\u0161io je Pedago\u0161ki fakultet u Rijeci i stekao stru\u010dni naziv profesor strojarstva. Napisao je vi\u0161e ud\u017ebenika za srednje \u0161kole: Odr\u017eavanje alatnih strojeva, Motori s unutra\u0161njim izgaranjem, Gra\u0111a cestovnih vozila, Odr\u017eavanje cestovnih vozila, CAD i projekt, Tehnologija strojobravarije, CATIA, Elementi cijevnih vodova i protoka, Tehni\u010dki materijali, Tehnologija obrade i monta\u017ee, Tehni\u010dko crtanje i dr.<\/p>\n<p>Vi\u0161e o radu i postignu\u0107ima autora na <a href=\"https:\/\/www.kalinic.info\/\" target=\"_blank\" rel=\"noopener noreferrer\">www.kalinic.info<\/a><\/p>\n<p><strong>Klju\u010dne rije\u010di:<\/strong> Elektrotehnika, fizika, poluvodi\u010di, izmjeni\u010dna struja, generatori, elektromotori, transformatori, niskonaponske mre\u017ee i instalacije, elektroni\u010dki elementi i sklopovi<\/p>\n<p><strong>Link:<\/strong> <a href=\"https:\/\/www.kalinic.info\/\" target=\"_blank\" rel=\"noopener noreferrer\">https:\/\/www.kalinic.info\/<\/a><\/p>\n<p>\u00a0<\/p>\n<p><strong>Naslov:<\/strong> Elektrotehnika za strukovne \u0161kole (tisak u boji)<br \/><strong>Autor:<\/strong> Zoran Kalini\u0107<br \/><strong>Broj stranica:<\/strong> 100<br \/><strong>Nakladnik:<\/strong> Vlastita naklada<br \/><strong>Godina izdanja:<\/strong>\u00a02021.<br \/><strong>ISBN:<\/strong> 978-953-49392-0-8<br \/><strong>Tisak:<\/strong> digitalni tisak knjiga &#8211; print na zahtjev<\/p>\n<p>\u00a0<\/p>\n<p><strong>Kako naru\u010diti knjigu?\u00a0<\/strong>Proces online kupovine jednako funkcionira za sve kupce, s jedinom razlikom u tome \u0161to \u0161to kupci iz inozemstva za podru\u010dje dostave moraju odabrati &#8220;Europa&#8221; ili &#8220;Ostale zemlje svijeta&#8221;, a za vrstu pla\u0107anja WSPay (kreditna kartica) ili Virmanom (bankovni transfer).<\/p>\n<p style=\"text-align: justify;\">Molimo kliknite ovdje za\u00a0<a href=\"hr\/kako-kupovati\">detaljni vodi\u010d kroz proces narud\u017ebe<\/a>\u00a0ili nas\u00a0<a href=\"hr\/kontakt\">kontaktirajte<\/a>\u00a0za vi\u0161e informacija.<\/p>\n","protected":false},"excerpt":{"rendered":"<p>Sa\u017eetak: Ud\u017ebenik Elektrotehnika namijenjen je u\u010denicima prvih, drugih i tre\u0107ih razreda strukovnih \u0161kola za zanimanja Automehani\u010dar, Automehatroni\u010dar i Instalater \u2013 monter i uskla\u0111en je s ud\u017ebeni\u010dkim standardom i sa suvremenim koncepcijama nastave. Uspore\u0111uju\u0107i sadr\u017eaj ud\u017ebenika s okvirnim obrazovnim programima drugih zanimanja razvidno je da sadr\u017eaj ud\u017ebenika obuhva\u0107a sadr\u017eaje vi\u0161e okvirnih programa predmeta Elektrotehnika i Osnove [&hellip;]<\/p>\n","protected":false},"featured_media":9513,"comment_status":"open","ping_status":"closed","template":"","meta":{"_acf_changed":false},"product_brand":[],"product_cat":[1539],"product_tag":[],"class_list":{"0":"post-9512","1":"product","2":"type-product","3":"status-publish","4":"has-post-thumbnail","6":"product_cat-sveucilisni-udzbenici-i-prirucnici","7":"pa_autor-zoran-kalinic","8":"pa_nakladnik-vlastita-naklada","10":"first","11":"instock","12":"shipping-taxable","13":"purchasable","14":"product-type-simple"},"acf":[],"yoast_head":"<!-- This site is optimized with the Yoast SEO plugin v27.3 - https:\/\/yoast.com\/product\/yoast-seo-wordpress\/ -->\n<title>ELEKTROTEHNIKA ZA STRUKOVNE \u0160KOLE (TISAK U BOJI), Zoran Kalini\u0107 - Web-knji\u017eara<\/title>\n<meta name=\"robots\" content=\"index, follow, max-snippet:-1, max-image-preview:large, max-video-preview:-1\" \/>\n<link rel=\"canonical\" href=\"https:\/\/webknjizara.hr\/proizvod\/elektrotehnika-za-strukovne-skole-tisak-u-boji-zoran-kalinic\/\" \/>\n<meta property=\"og:locale\" content=\"en_US\" \/>\n<meta property=\"og:type\" content=\"article\" \/>\n<meta property=\"og:title\" content=\"ELEKTROTEHNIKA ZA STRUKOVNE \u0160KOLE (TISAK U BOJI), Zoran Kalini\u0107 - Web-knji\u017eara\" \/>\n<meta property=\"og:description\" content=\"Sa\u017eetak: Ud\u017ebenik Elektrotehnika namijenjen je u\u010denicima prvih, drugih i tre\u0107ih razreda strukovnih \u0161kola za zanimanja Automehani\u010dar, Automehatroni\u010dar i Instalater \u2013 monter i uskla\u0111en je s ud\u017ebeni\u010dkim standardom i sa suvremenim koncepcijama nastave. Uspore\u0111uju\u0107i sadr\u017eaj ud\u017ebenika s okvirnim obrazovnim programima drugih zanimanja razvidno je da sadr\u017eaj ud\u017ebenika obuhva\u0107a sadr\u017eaje vi\u0161e okvirnih programa predmeta Elektrotehnika i Osnove [&hellip;]\" \/>\n<meta property=\"og:url\" content=\"https:\/\/webknjizara.hr\/proizvod\/elektrotehnika-za-strukovne-skole-tisak-u-boji-zoran-kalinic\/\" \/>\n<meta property=\"og:site_name\" content=\"Web-knji\u017eara\" \/>\n<meta property=\"article:modified_time\" content=\"2023-02-26T23:18:30+00:00\" \/>\n<meta property=\"og:image\" content=\"https:\/\/webknjizara.hr\/wp-content\/uploads\/nc\/images\/virtuemart\/product\/Zoran_Kalinic_Elektrotehnika_za_strukovne_skole_tisak_u_boji_webknjizara_redak_WEB_1171.jpg\" \/>\n\t<meta property=\"og:image:width\" content=\"300\" \/>\n\t<meta property=\"og:image:height\" content=\"390\" \/>\n\t<meta property=\"og:image:type\" content=\"image\/jpeg\" \/>\n<meta name=\"twitter:card\" content=\"summary_large_image\" \/>\n<meta name=\"twitter:label1\" content=\"Est. reading time\" \/>\n\t<meta name=\"twitter:data1\" content=\"2 minutes\" \/>\n<script type=\"application\/ld+json\" class=\"yoast-schema-graph\">{\"@context\":\"https:\\\/\\\/schema.org\",\"@graph\":[{\"@type\":\"WebPage\",\"@id\":\"https:\\\/\\\/webknjizara.hr\\\/proizvod\\\/elektrotehnika-za-strukovne-skole-tisak-u-boji-zoran-kalinic\\\/\",\"url\":\"https:\\\/\\\/webknjizara.hr\\\/proizvod\\\/elektrotehnika-za-strukovne-skole-tisak-u-boji-zoran-kalinic\\\/\",\"name\":\"ELEKTROTEHNIKA ZA STRUKOVNE \u0160KOLE (TISAK U BOJI), Zoran Kalini\u0107 - Web-knji\u017eara\",\"isPartOf\":{\"@id\":\"https:\\\/\\\/webknjizara.hr\\\/#website\"},\"primaryImageOfPage\":{\"@id\":\"https:\\\/\\\/webknjizara.hr\\\/proizvod\\\/elektrotehnika-za-strukovne-skole-tisak-u-boji-zoran-kalinic\\\/#primaryimage\"},\"image\":{\"@id\":\"https:\\\/\\\/webknjizara.hr\\\/proizvod\\\/elektrotehnika-za-strukovne-skole-tisak-u-boji-zoran-kalinic\\\/#primaryimage\"},\"thumbnailUrl\":\"https:\\\/\\\/webknjizara.hr\\\/wp-content\\\/uploads\\\/nc\\\/images\\\/virtuemart\\\/product\\\/Zoran_Kalinic_Elektrotehnika_za_strukovne_skole_tisak_u_boji_webknjizara_redak_WEB_1171.jpg\",\"datePublished\":\"2021-06-24T13:15:19+00:00\",\"dateModified\":\"2023-02-26T23:18:30+00:00\",\"breadcrumb\":{\"@id\":\"https:\\\/\\\/webknjizara.hr\\\/proizvod\\\/elektrotehnika-za-strukovne-skole-tisak-u-boji-zoran-kalinic\\\/#breadcrumb\"},\"inLanguage\":\"en-US\",\"potentialAction\":[{\"@type\":\"ReadAction\",\"target\":[\"https:\\\/\\\/webknjizara.hr\\\/proizvod\\\/elektrotehnika-za-strukovne-skole-tisak-u-boji-zoran-kalinic\\\/\"]}]},{\"@type\":\"ImageObject\",\"inLanguage\":\"en-US\",\"@id\":\"https:\\\/\\\/webknjizara.hr\\\/proizvod\\\/elektrotehnika-za-strukovne-skole-tisak-u-boji-zoran-kalinic\\\/#primaryimage\",\"url\":\"https:\\\/\\\/webknjizara.hr\\\/wp-content\\\/uploads\\\/nc\\\/images\\\/virtuemart\\\/product\\\/Zoran_Kalinic_Elektrotehnika_za_strukovne_skole_tisak_u_boji_webknjizara_redak_WEB_1171.jpg\",\"contentUrl\":\"https:\\\/\\\/webknjizara.hr\\\/wp-content\\\/uploads\\\/nc\\\/images\\\/virtuemart\\\/product\\\/Zoran_Kalinic_Elektrotehnika_za_strukovne_skole_tisak_u_boji_webknjizara_redak_WEB_1171.jpg\",\"width\":300,\"height\":390,\"caption\":\"ELEKTROTEHNIKA ZA STRUKOVNE \u0160KOLE (TISAK U BOJI), Zoran Kalini\u0107\"},{\"@type\":\"BreadcrumbList\",\"@id\":\"https:\\\/\\\/webknjizara.hr\\\/proizvod\\\/elektrotehnika-za-strukovne-skole-tisak-u-boji-zoran-kalinic\\\/#breadcrumb\",\"itemListElement\":[{\"@type\":\"ListItem\",\"position\":1,\"name\":\"Po\u010detna stranica\",\"item\":\"https:\\\/\\\/webknjizara.hr\\\/en\\\/\"},{\"@type\":\"ListItem\",\"position\":2,\"name\":\"Shop\",\"item\":\"https:\\\/\\\/webknjizara.hr\\\/shop\\\/\"},{\"@type\":\"ListItem\",\"position\":3,\"name\":\"ELEKTROTEHNIKA ZA STRUKOVNE \u0160KOLE (TISAK U BOJI), Zoran Kalini\u0107\"}]},{\"@type\":\"WebSite\",\"@id\":\"https:\\\/\\\/webknjizara.hr\\\/#website\",\"url\":\"https:\\\/\\\/webknjizara.hr\\\/\",\"name\":\"Web Knji\u017eara\",\"description\":\"\",\"publisher\":{\"@id\":\"https:\\\/\\\/webknjizara.hr\\\/#organization\"},\"potentialAction\":[{\"@type\":\"SearchAction\",\"target\":{\"@type\":\"EntryPoint\",\"urlTemplate\":\"https:\\\/\\\/webknjizara.hr\\\/?s={search_term_string}\"},\"query-input\":{\"@type\":\"PropertyValueSpecification\",\"valueRequired\":true,\"valueName\":\"search_term_string\"}}],\"inLanguage\":\"en-US\"},{\"@type\":\"Organization\",\"@id\":\"https:\\\/\\\/webknjizara.hr\\\/#organization\",\"name\":\"REDAK D.O.O.\",\"url\":\"https:\\\/\\\/webknjizara.hr\\\/\",\"logo\":{\"@type\":\"ImageObject\",\"inLanguage\":\"en-US\",\"@id\":\"https:\\\/\\\/webknjizara.hr\\\/#\\\/schema\\\/logo\\\/image\\\/\",\"url\":\"https:\\\/\\\/webknjizara.hr\\\/wp-content\\\/uploads\\\/2023\\\/01\\\/web-knjizara-logo.webp\",\"contentUrl\":\"https:\\\/\\\/webknjizara.hr\\\/wp-content\\\/uploads\\\/2023\\\/01\\\/web-knjizara-logo.webp\",\"width\":324,\"height\":79,\"caption\":\"REDAK D.O.O.\"},\"image\":{\"@id\":\"https:\\\/\\\/webknjizara.hr\\\/#\\\/schema\\\/logo\\\/image\\\/\"}}]}<\/script>\n<!-- \/ Yoast SEO plugin. -->","yoast_head_json":{"title":"ELEKTROTEHNIKA ZA STRUKOVNE \u0160KOLE (TISAK U BOJI), Zoran Kalini\u0107 - Web-knji\u017eara","robots":{"index":"index","follow":"follow","max-snippet":"max-snippet:-1","max-image-preview":"max-image-preview:large","max-video-preview":"max-video-preview:-1"},"canonical":"https:\/\/webknjizara.hr\/proizvod\/elektrotehnika-za-strukovne-skole-tisak-u-boji-zoran-kalinic\/","og_locale":"en_US","og_type":"article","og_title":"ELEKTROTEHNIKA ZA STRUKOVNE \u0160KOLE (TISAK U BOJI), Zoran Kalini\u0107 - Web-knji\u017eara","og_description":"Sa\u017eetak: Ud\u017ebenik Elektrotehnika namijenjen je u\u010denicima prvih, drugih i tre\u0107ih razreda strukovnih \u0161kola za zanimanja Automehani\u010dar, Automehatroni\u010dar i Instalater \u2013 monter i uskla\u0111en je s ud\u017ebeni\u010dkim standardom i sa suvremenim koncepcijama nastave. Uspore\u0111uju\u0107i sadr\u017eaj ud\u017ebenika s okvirnim obrazovnim programima drugih zanimanja razvidno je da sadr\u017eaj ud\u017ebenika obuhva\u0107a sadr\u017eaje vi\u0161e okvirnih programa predmeta Elektrotehnika i Osnove [&hellip;]","og_url":"https:\/\/webknjizara.hr\/proizvod\/elektrotehnika-za-strukovne-skole-tisak-u-boji-zoran-kalinic\/","og_site_name":"Web-knji\u017eara","article_modified_time":"2023-02-26T23:18:30+00:00","og_image":[{"width":300,"height":390,"url":"https:\/\/webknjizara.hr\/wp-content\/uploads\/nc\/images\/virtuemart\/product\/Zoran_Kalinic_Elektrotehnika_za_strukovne_skole_tisak_u_boji_webknjizara_redak_WEB_1171.jpg","type":"image\/jpeg"}],"twitter_card":"summary_large_image","twitter_misc":{"Est. reading time":"2 minutes"},"schema":{"@context":"https:\/\/schema.org","@graph":[{"@type":"WebPage","@id":"https:\/\/webknjizara.hr\/proizvod\/elektrotehnika-za-strukovne-skole-tisak-u-boji-zoran-kalinic\/","url":"https:\/\/webknjizara.hr\/proizvod\/elektrotehnika-za-strukovne-skole-tisak-u-boji-zoran-kalinic\/","name":"ELEKTROTEHNIKA ZA STRUKOVNE \u0160KOLE (TISAK U BOJI), Zoran Kalini\u0107 - Web-knji\u017eara","isPartOf":{"@id":"https:\/\/webknjizara.hr\/#website"},"primaryImageOfPage":{"@id":"https:\/\/webknjizara.hr\/proizvod\/elektrotehnika-za-strukovne-skole-tisak-u-boji-zoran-kalinic\/#primaryimage"},"image":{"@id":"https:\/\/webknjizara.hr\/proizvod\/elektrotehnika-za-strukovne-skole-tisak-u-boji-zoran-kalinic\/#primaryimage"},"thumbnailUrl":"https:\/\/webknjizara.hr\/wp-content\/uploads\/nc\/images\/virtuemart\/product\/Zoran_Kalinic_Elektrotehnika_za_strukovne_skole_tisak_u_boji_webknjizara_redak_WEB_1171.jpg","datePublished":"2021-06-24T13:15:19+00:00","dateModified":"2023-02-26T23:18:30+00:00","breadcrumb":{"@id":"https:\/\/webknjizara.hr\/proizvod\/elektrotehnika-za-strukovne-skole-tisak-u-boji-zoran-kalinic\/#breadcrumb"},"inLanguage":"en-US","potentialAction":[{"@type":"ReadAction","target":["https:\/\/webknjizara.hr\/proizvod\/elektrotehnika-za-strukovne-skole-tisak-u-boji-zoran-kalinic\/"]}]},{"@type":"ImageObject","inLanguage":"en-US","@id":"https:\/\/webknjizara.hr\/proizvod\/elektrotehnika-za-strukovne-skole-tisak-u-boji-zoran-kalinic\/#primaryimage","url":"https:\/\/webknjizara.hr\/wp-content\/uploads\/nc\/images\/virtuemart\/product\/Zoran_Kalinic_Elektrotehnika_za_strukovne_skole_tisak_u_boji_webknjizara_redak_WEB_1171.jpg","contentUrl":"https:\/\/webknjizara.hr\/wp-content\/uploads\/nc\/images\/virtuemart\/product\/Zoran_Kalinic_Elektrotehnika_za_strukovne_skole_tisak_u_boji_webknjizara_redak_WEB_1171.jpg","width":300,"height":390,"caption":"ELEKTROTEHNIKA ZA STRUKOVNE \u0160KOLE (TISAK U BOJI), Zoran Kalini\u0107"},{"@type":"BreadcrumbList","@id":"https:\/\/webknjizara.hr\/proizvod\/elektrotehnika-za-strukovne-skole-tisak-u-boji-zoran-kalinic\/#breadcrumb","itemListElement":[{"@type":"ListItem","position":1,"name":"Po\u010detna stranica","item":"https:\/\/webknjizara.hr\/en\/"},{"@type":"ListItem","position":2,"name":"Shop","item":"https:\/\/webknjizara.hr\/shop\/"},{"@type":"ListItem","position":3,"name":"ELEKTROTEHNIKA ZA STRUKOVNE \u0160KOLE (TISAK U BOJI), Zoran Kalini\u0107"}]},{"@type":"WebSite","@id":"https:\/\/webknjizara.hr\/#website","url":"https:\/\/webknjizara.hr\/","name":"Web Knji\u017eara","description":"","publisher":{"@id":"https:\/\/webknjizara.hr\/#organization"},"potentialAction":[{"@type":"SearchAction","target":{"@type":"EntryPoint","urlTemplate":"https:\/\/webknjizara.hr\/?s={search_term_string}"},"query-input":{"@type":"PropertyValueSpecification","valueRequired":true,"valueName":"search_term_string"}}],"inLanguage":"en-US"},{"@type":"Organization","@id":"https:\/\/webknjizara.hr\/#organization","name":"REDAK D.O.O.","url":"https:\/\/webknjizara.hr\/","logo":{"@type":"ImageObject","inLanguage":"en-US","@id":"https:\/\/webknjizara.hr\/#\/schema\/logo\/image\/","url":"https:\/\/webknjizara.hr\/wp-content\/uploads\/2023\/01\/web-knjizara-logo.webp","contentUrl":"https:\/\/webknjizara.hr\/wp-content\/uploads\/2023\/01\/web-knjizara-logo.webp","width":324,"height":79,"caption":"REDAK D.O.O."},"image":{"@id":"https:\/\/webknjizara.hr\/#\/schema\/logo\/image\/"}}]}},"_links":{"self":[{"href":"https:\/\/webknjizara.hr\/en\/wp-json\/wp\/v2\/product\/9512","targetHints":{"allow":["GET"]}}],"collection":[{"href":"https:\/\/webknjizara.hr\/en\/wp-json\/wp\/v2\/product"}],"about":[{"href":"https:\/\/webknjizara.hr\/en\/wp-json\/wp\/v2\/types\/product"}],"replies":[{"embeddable":true,"href":"https:\/\/webknjizara.hr\/en\/wp-json\/wp\/v2\/comments?post=9512"}],"wp:featuredmedia":[{"embeddable":true,"href":"https:\/\/webknjizara.hr\/en\/wp-json\/wp\/v2\/media\/9513"}],"wp:attachment":[{"href":"https:\/\/webknjizara.hr\/en\/wp-json\/wp\/v2\/media?parent=9512"}],"wp:term":[{"taxonomy":"product_brand","embeddable":true,"href":"https:\/\/webknjizara.hr\/en\/wp-json\/wp\/v2\/product_brand?post=9512"},{"taxonomy":"product_cat","embeddable":true,"href":"https:\/\/webknjizara.hr\/en\/wp-json\/wp\/v2\/product_cat?post=9512"},{"taxonomy":"product_tag","embeddable":true,"href":"https:\/\/webknjizara.hr\/en\/wp-json\/wp\/v2\/product_tag?post=9512"}],"curies":[{"name":"wp","href":"https:\/\/api.w.org\/{rel}","templated":true}]}}