{"id":9510,"date":"2021-06-23T09:35:08","date_gmt":"2021-06-23T09:35:08","guid":{"rendered":"https:\/\/webknjizara.hr\/?product=metonimijska-konstrukcija-slike-svijeta-vlado-zrnic"},"modified":"2023-02-27T00:18:28","modified_gmt":"2023-02-26T23:18:28","slug":"metonimijska-konstrukcija-slike-svijeta-vlado-zrnic","status":"publish","type":"product","link":"https:\/\/webknjizara.hr\/en\/proizvod\/metonimijska-konstrukcija-slike-svijeta-vlado-zrnic\/","title":{"rendered":"METONIMIJSKA KONSTRUKCIJA SLIKE SVIJETA, Vlado Zrni\u0107"},"content":{"rendered":"<p><strong>Sa\u017eetak:<\/strong><\/p>\n<p>Tema je ove knjige slika, slikarstvo i film. Pobli\u017ee, radi se o adaptiranom tekstu doktorske disertacije u kojoj sam izlo\u017eio svoja istra\u017eivanja metonimijskih obilje\u017eja u strukturi i logici slike. Ovim promatranjem slike dolazi se do spoznaje o bliskoj povezanosti jezika s mentalnim procesima zaklju\u010divanja od kojih se naj\u010de\u0161\u0107e spominju dinami\u010dki procesi vizualne percepcije. Ponajvi\u0161e, takvo pitanje dolazi na vidjelo kada je rije\u010d o utjecaju dinami\u010dkih procesa vizualne percepcije na tvorbu simboli\u010dke strukture jezika znaju\u0107i, pri tome, da glavnina jezi\u010dnih zna\u010denja korespondira i u zahvatu je na\u0161eg iskustva izravne percepcije. U tome su se naro\u010dito istaknuli kognitivni lingvisti kad su uo\u010dili i doveli do prvorazrednog zna\u010daja utjecaj i u\u010de\u0161\u0107e mentalnih procesa vizualne percepcije na strukturu jezika. O \u010demu se tu radi? Obzirom da su jezi\u010dni koncepti vezani za mi\u0161ljenje, mi\u0161ljenje za kognitivne procese razumskog djelovanja, a vizualna percepcija za medij misli prvog reda, ovaj razvojni put kognitivnog utemeljenja jezika baca novo svjetlo ne samo na pitanja o jeziku nego i na predmet na\u0161eg interesa, tj. u kojem su odnosu fenomeni metafore i metonimije povezani s idejom percepcije.<\/p>\n<p>\u00a0<\/p>\n<p><strong>Bilje\u0161ka o autoru:<\/strong><\/p>\n<p>Redoviti profesor na UMAS-u<\/p>\n<p>\u00a0<\/p>\n<p><strong>Klju\u010dne rije\u010di:<\/strong> Metonimija, konceptualna metafora, mentalni prostori, vizualna percepcija<\/p>\n<p>\u00a0<\/p>\n<p><strong>Naslov:<\/strong> Metonimijska konstrukcija slike svijeta<br \/><strong>Autor:<\/strong> Vlado Zrni\u0107<br \/><strong>Broj stranica:<\/strong> 184<br \/><strong>Nakladnik:<\/strong> Umjetni\u010dka akademija Sveu\u010dili\u0161ta u Splitu<br \/><strong>Godina izdanja:<\/strong> 2021.<br \/><strong>ISBN:<\/strong> 978-953-661-758-6<br \/><strong>Tisak:<\/strong> digitalni tisak knjiga &#8211; print na zahtjev<\/p>\n<p style=\"text-align: justify;\">\u00a0<\/p>\n<p style=\"text-align: justify;\"><strong>Kako naru\u010diti knjigu?\u00a0<\/strong>Proces online kupovine jednako funkcionira za sve kupce, s jedinom razlikom u tome \u0161to \u0161to kupci iz inozemstva za podru\u010dje dostave moraju odabrati &#8220;Europa&#8221; ili &#8220;Ostale zemlje svijeta&#8221;, a za vrstu pla\u0107anja WSPay (kreditna kartica) ili Virmanom (bankovni transfer).<\/p>\n<p style=\"text-align: justify;\">Molimo kliknite ovdje za\u00a0<a href=\"hr\/kako-kupovati\">detaljni vodi\u010d kroz proces narud\u017ebe<\/a>\u00a0ili nas\u00a0<a href=\"hr\/kontakt\">kontaktirajte<\/a>\u00a0za vi\u0161e informacija.<\/p>\n<p style=\"text-align: justify;\">\u00a0<\/p>\n","protected":false},"excerpt":{"rendered":"<p>Sa\u017eetak: Tema je ove knjige slika, slikarstvo i film. Pobli\u017ee, radi se o adaptiranom tekstu doktorske disertacije u kojoj sam izlo\u017eio svoja istra\u017eivanja metonimijskih obilje\u017eja u strukturi i logici slike. Ovim promatranjem slike dolazi se do spoznaje o bliskoj povezanosti jezika s mentalnim procesima zaklju\u010divanja od kojih se naj\u010de\u0161\u0107e spominju dinami\u010dki procesi vizualne percepcije. Ponajvi\u0161e, [&hellip;]<\/p>\n","protected":false},"featured_media":9511,"comment_status":"open","ping_status":"closed","template":"","meta":{"_acf_changed":false},"product_brand":[],"product_cat":[1517],"product_tag":[],"class_list":{"0":"post-9510","1":"product","2":"type-product","3":"status-publish","4":"has-post-thumbnail","6":"product_cat-strucna-literatura","7":"pa_autor-vlado-zrnic","8":"pa_nakladnik-umjetnicka-akademija-sveucilista-u-splitu","10":"first","11":"instock","12":"shipping-taxable","13":"purchasable","14":"product-type-simple"},"acf":[],"yoast_head":"<!-- This site is optimized with the Yoast SEO plugin v27.3 - https:\/\/yoast.com\/product\/yoast-seo-wordpress\/ -->\n<title>METONIMIJSKA KONSTRUKCIJA SLIKE SVIJETA, Vlado Zrni\u0107 - Web-knji\u017eara<\/title>\n<meta name=\"robots\" content=\"index, follow, max-snippet:-1, max-image-preview:large, max-video-preview:-1\" \/>\n<link rel=\"canonical\" href=\"https:\/\/webknjizara.hr\/proizvod\/metonimijska-konstrukcija-slike-svijeta-vlado-zrnic\/\" \/>\n<meta property=\"og:locale\" content=\"en_US\" \/>\n<meta property=\"og:type\" content=\"article\" \/>\n<meta property=\"og:title\" content=\"METONIMIJSKA KONSTRUKCIJA SLIKE SVIJETA, Vlado Zrni\u0107 - Web-knji\u017eara\" \/>\n<meta property=\"og:description\" content=\"Sa\u017eetak: Tema je ove knjige slika, slikarstvo i film. Pobli\u017ee, radi se o adaptiranom tekstu doktorske disertacije u kojoj sam izlo\u017eio svoja istra\u017eivanja metonimijskih obilje\u017eja u strukturi i logici slike. Ovim promatranjem slike dolazi se do spoznaje o bliskoj povezanosti jezika s mentalnim procesima zaklju\u010divanja od kojih se naj\u010de\u0161\u0107e spominju dinami\u010dki procesi vizualne percepcije. Ponajvi\u0161e, [&hellip;]\" \/>\n<meta property=\"og:url\" content=\"https:\/\/webknjizara.hr\/proizvod\/metonimijska-konstrukcija-slike-svijeta-vlado-zrnic\/\" \/>\n<meta property=\"og:site_name\" content=\"Web-knji\u017eara\" \/>\n<meta property=\"article:modified_time\" content=\"2023-02-26T23:18:28+00:00\" \/>\n<meta property=\"og:image\" content=\"https:\/\/webknjizara.hr\/wp-content\/uploads\/nc\/images\/virtuemart\/product\/Vlado_Zrnic_Metonimijska_konstrukcija_slike_svijeta_webknjizara_redak_WEB_1135.jpg\" \/>\n\t<meta property=\"og:image:width\" content=\"300\" \/>\n\t<meta property=\"og:image:height\" content=\"419\" \/>\n\t<meta property=\"og:image:type\" content=\"image\/jpeg\" \/>\n<meta name=\"twitter:card\" content=\"summary_large_image\" \/>\n<meta name=\"twitter:label1\" content=\"Est. reading time\" \/>\n\t<meta name=\"twitter:data1\" content=\"2 minutes\" \/>\n<script type=\"application\/ld+json\" class=\"yoast-schema-graph\">{\"@context\":\"https:\\\/\\\/schema.org\",\"@graph\":[{\"@type\":\"WebPage\",\"@id\":\"https:\\\/\\\/webknjizara.hr\\\/proizvod\\\/metonimijska-konstrukcija-slike-svijeta-vlado-zrnic\\\/\",\"url\":\"https:\\\/\\\/webknjizara.hr\\\/proizvod\\\/metonimijska-konstrukcija-slike-svijeta-vlado-zrnic\\\/\",\"name\":\"METONIMIJSKA KONSTRUKCIJA SLIKE SVIJETA, Vlado Zrni\u0107 - Web-knji\u017eara\",\"isPartOf\":{\"@id\":\"https:\\\/\\\/webknjizara.hr\\\/#website\"},\"primaryImageOfPage\":{\"@id\":\"https:\\\/\\\/webknjizara.hr\\\/proizvod\\\/metonimijska-konstrukcija-slike-svijeta-vlado-zrnic\\\/#primaryimage\"},\"image\":{\"@id\":\"https:\\\/\\\/webknjizara.hr\\\/proizvod\\\/metonimijska-konstrukcija-slike-svijeta-vlado-zrnic\\\/#primaryimage\"},\"thumbnailUrl\":\"https:\\\/\\\/webknjizara.hr\\\/wp-content\\\/uploads\\\/nc\\\/images\\\/virtuemart\\\/product\\\/Vlado_Zrnic_Metonimijska_konstrukcija_slike_svijeta_webknjizara_redak_WEB_1135.jpg\",\"datePublished\":\"2021-06-23T09:35:08+00:00\",\"dateModified\":\"2023-02-26T23:18:28+00:00\",\"breadcrumb\":{\"@id\":\"https:\\\/\\\/webknjizara.hr\\\/proizvod\\\/metonimijska-konstrukcija-slike-svijeta-vlado-zrnic\\\/#breadcrumb\"},\"inLanguage\":\"en-US\",\"potentialAction\":[{\"@type\":\"ReadAction\",\"target\":[\"https:\\\/\\\/webknjizara.hr\\\/proizvod\\\/metonimijska-konstrukcija-slike-svijeta-vlado-zrnic\\\/\"]}]},{\"@type\":\"ImageObject\",\"inLanguage\":\"en-US\",\"@id\":\"https:\\\/\\\/webknjizara.hr\\\/proizvod\\\/metonimijska-konstrukcija-slike-svijeta-vlado-zrnic\\\/#primaryimage\",\"url\":\"https:\\\/\\\/webknjizara.hr\\\/wp-content\\\/uploads\\\/nc\\\/images\\\/virtuemart\\\/product\\\/Vlado_Zrnic_Metonimijska_konstrukcija_slike_svijeta_webknjizara_redak_WEB_1135.jpg\",\"contentUrl\":\"https:\\\/\\\/webknjizara.hr\\\/wp-content\\\/uploads\\\/nc\\\/images\\\/virtuemart\\\/product\\\/Vlado_Zrnic_Metonimijska_konstrukcija_slike_svijeta_webknjizara_redak_WEB_1135.jpg\",\"width\":300,\"height\":419,\"caption\":\"METONIMIJSKA KONSTRUKCIJA SLIKE SVIJETA, Vlado Zrni\u0107\"},{\"@type\":\"BreadcrumbList\",\"@id\":\"https:\\\/\\\/webknjizara.hr\\\/proizvod\\\/metonimijska-konstrukcija-slike-svijeta-vlado-zrnic\\\/#breadcrumb\",\"itemListElement\":[{\"@type\":\"ListItem\",\"position\":1,\"name\":\"Po\u010detna stranica\",\"item\":\"https:\\\/\\\/webknjizara.hr\\\/en\\\/\"},{\"@type\":\"ListItem\",\"position\":2,\"name\":\"Shop\",\"item\":\"https:\\\/\\\/webknjizara.hr\\\/shop\\\/\"},{\"@type\":\"ListItem\",\"position\":3,\"name\":\"METONIMIJSKA KONSTRUKCIJA SLIKE SVIJETA, Vlado Zrni\u0107\"}]},{\"@type\":\"WebSite\",\"@id\":\"https:\\\/\\\/webknjizara.hr\\\/#website\",\"url\":\"https:\\\/\\\/webknjizara.hr\\\/\",\"name\":\"Web Knji\u017eara\",\"description\":\"\",\"publisher\":{\"@id\":\"https:\\\/\\\/webknjizara.hr\\\/#organization\"},\"potentialAction\":[{\"@type\":\"SearchAction\",\"target\":{\"@type\":\"EntryPoint\",\"urlTemplate\":\"https:\\\/\\\/webknjizara.hr\\\/?s={search_term_string}\"},\"query-input\":{\"@type\":\"PropertyValueSpecification\",\"valueRequired\":true,\"valueName\":\"search_term_string\"}}],\"inLanguage\":\"en-US\"},{\"@type\":\"Organization\",\"@id\":\"https:\\\/\\\/webknjizara.hr\\\/#organization\",\"name\":\"REDAK D.O.O.\",\"url\":\"https:\\\/\\\/webknjizara.hr\\\/\",\"logo\":{\"@type\":\"ImageObject\",\"inLanguage\":\"en-US\",\"@id\":\"https:\\\/\\\/webknjizara.hr\\\/#\\\/schema\\\/logo\\\/image\\\/\",\"url\":\"https:\\\/\\\/webknjizara.hr\\\/wp-content\\\/uploads\\\/2023\\\/01\\\/web-knjizara-logo.webp\",\"contentUrl\":\"https:\\\/\\\/webknjizara.hr\\\/wp-content\\\/uploads\\\/2023\\\/01\\\/web-knjizara-logo.webp\",\"width\":324,\"height\":79,\"caption\":\"REDAK D.O.O.\"},\"image\":{\"@id\":\"https:\\\/\\\/webknjizara.hr\\\/#\\\/schema\\\/logo\\\/image\\\/\"}}]}<\/script>\n<!-- \/ Yoast SEO plugin. -->","yoast_head_json":{"title":"METONIMIJSKA KONSTRUKCIJA SLIKE SVIJETA, Vlado Zrni\u0107 - Web-knji\u017eara","robots":{"index":"index","follow":"follow","max-snippet":"max-snippet:-1","max-image-preview":"max-image-preview:large","max-video-preview":"max-video-preview:-1"},"canonical":"https:\/\/webknjizara.hr\/proizvod\/metonimijska-konstrukcija-slike-svijeta-vlado-zrnic\/","og_locale":"en_US","og_type":"article","og_title":"METONIMIJSKA KONSTRUKCIJA SLIKE SVIJETA, Vlado Zrni\u0107 - Web-knji\u017eara","og_description":"Sa\u017eetak: Tema je ove knjige slika, slikarstvo i film. Pobli\u017ee, radi se o adaptiranom tekstu doktorske disertacije u kojoj sam izlo\u017eio svoja istra\u017eivanja metonimijskih obilje\u017eja u strukturi i logici slike. Ovim promatranjem slike dolazi se do spoznaje o bliskoj povezanosti jezika s mentalnim procesima zaklju\u010divanja od kojih se naj\u010de\u0161\u0107e spominju dinami\u010dki procesi vizualne percepcije. Ponajvi\u0161e, [&hellip;]","og_url":"https:\/\/webknjizara.hr\/proizvod\/metonimijska-konstrukcija-slike-svijeta-vlado-zrnic\/","og_site_name":"Web-knji\u017eara","article_modified_time":"2023-02-26T23:18:28+00:00","og_image":[{"width":300,"height":419,"url":"https:\/\/webknjizara.hr\/wp-content\/uploads\/nc\/images\/virtuemart\/product\/Vlado_Zrnic_Metonimijska_konstrukcija_slike_svijeta_webknjizara_redak_WEB_1135.jpg","type":"image\/jpeg"}],"twitter_card":"summary_large_image","twitter_misc":{"Est. reading time":"2 minutes"},"schema":{"@context":"https:\/\/schema.org","@graph":[{"@type":"WebPage","@id":"https:\/\/webknjizara.hr\/proizvod\/metonimijska-konstrukcija-slike-svijeta-vlado-zrnic\/","url":"https:\/\/webknjizara.hr\/proizvod\/metonimijska-konstrukcija-slike-svijeta-vlado-zrnic\/","name":"METONIMIJSKA KONSTRUKCIJA SLIKE SVIJETA, Vlado Zrni\u0107 - Web-knji\u017eara","isPartOf":{"@id":"https:\/\/webknjizara.hr\/#website"},"primaryImageOfPage":{"@id":"https:\/\/webknjizara.hr\/proizvod\/metonimijska-konstrukcija-slike-svijeta-vlado-zrnic\/#primaryimage"},"image":{"@id":"https:\/\/webknjizara.hr\/proizvod\/metonimijska-konstrukcija-slike-svijeta-vlado-zrnic\/#primaryimage"},"thumbnailUrl":"https:\/\/webknjizara.hr\/wp-content\/uploads\/nc\/images\/virtuemart\/product\/Vlado_Zrnic_Metonimijska_konstrukcija_slike_svijeta_webknjizara_redak_WEB_1135.jpg","datePublished":"2021-06-23T09:35:08+00:00","dateModified":"2023-02-26T23:18:28+00:00","breadcrumb":{"@id":"https:\/\/webknjizara.hr\/proizvod\/metonimijska-konstrukcija-slike-svijeta-vlado-zrnic\/#breadcrumb"},"inLanguage":"en-US","potentialAction":[{"@type":"ReadAction","target":["https:\/\/webknjizara.hr\/proizvod\/metonimijska-konstrukcija-slike-svijeta-vlado-zrnic\/"]}]},{"@type":"ImageObject","inLanguage":"en-US","@id":"https:\/\/webknjizara.hr\/proizvod\/metonimijska-konstrukcija-slike-svijeta-vlado-zrnic\/#primaryimage","url":"https:\/\/webknjizara.hr\/wp-content\/uploads\/nc\/images\/virtuemart\/product\/Vlado_Zrnic_Metonimijska_konstrukcija_slike_svijeta_webknjizara_redak_WEB_1135.jpg","contentUrl":"https:\/\/webknjizara.hr\/wp-content\/uploads\/nc\/images\/virtuemart\/product\/Vlado_Zrnic_Metonimijska_konstrukcija_slike_svijeta_webknjizara_redak_WEB_1135.jpg","width":300,"height":419,"caption":"METONIMIJSKA KONSTRUKCIJA SLIKE SVIJETA, Vlado Zrni\u0107"},{"@type":"BreadcrumbList","@id":"https:\/\/webknjizara.hr\/proizvod\/metonimijska-konstrukcija-slike-svijeta-vlado-zrnic\/#breadcrumb","itemListElement":[{"@type":"ListItem","position":1,"name":"Po\u010detna stranica","item":"https:\/\/webknjizara.hr\/en\/"},{"@type":"ListItem","position":2,"name":"Shop","item":"https:\/\/webknjizara.hr\/shop\/"},{"@type":"ListItem","position":3,"name":"METONIMIJSKA KONSTRUKCIJA SLIKE SVIJETA, Vlado Zrni\u0107"}]},{"@type":"WebSite","@id":"https:\/\/webknjizara.hr\/#website","url":"https:\/\/webknjizara.hr\/","name":"Web Knji\u017eara","description":"","publisher":{"@id":"https:\/\/webknjizara.hr\/#organization"},"potentialAction":[{"@type":"SearchAction","target":{"@type":"EntryPoint","urlTemplate":"https:\/\/webknjizara.hr\/?s={search_term_string}"},"query-input":{"@type":"PropertyValueSpecification","valueRequired":true,"valueName":"search_term_string"}}],"inLanguage":"en-US"},{"@type":"Organization","@id":"https:\/\/webknjizara.hr\/#organization","name":"REDAK D.O.O.","url":"https:\/\/webknjizara.hr\/","logo":{"@type":"ImageObject","inLanguage":"en-US","@id":"https:\/\/webknjizara.hr\/#\/schema\/logo\/image\/","url":"https:\/\/webknjizara.hr\/wp-content\/uploads\/2023\/01\/web-knjizara-logo.webp","contentUrl":"https:\/\/webknjizara.hr\/wp-content\/uploads\/2023\/01\/web-knjizara-logo.webp","width":324,"height":79,"caption":"REDAK D.O.O."},"image":{"@id":"https:\/\/webknjizara.hr\/#\/schema\/logo\/image\/"}}]}},"_links":{"self":[{"href":"https:\/\/webknjizara.hr\/en\/wp-json\/wp\/v2\/product\/9510","targetHints":{"allow":["GET"]}}],"collection":[{"href":"https:\/\/webknjizara.hr\/en\/wp-json\/wp\/v2\/product"}],"about":[{"href":"https:\/\/webknjizara.hr\/en\/wp-json\/wp\/v2\/types\/product"}],"replies":[{"embeddable":true,"href":"https:\/\/webknjizara.hr\/en\/wp-json\/wp\/v2\/comments?post=9510"}],"wp:featuredmedia":[{"embeddable":true,"href":"https:\/\/webknjizara.hr\/en\/wp-json\/wp\/v2\/media\/9511"}],"wp:attachment":[{"href":"https:\/\/webknjizara.hr\/en\/wp-json\/wp\/v2\/media?parent=9510"}],"wp:term":[{"taxonomy":"product_brand","embeddable":true,"href":"https:\/\/webknjizara.hr\/en\/wp-json\/wp\/v2\/product_brand?post=9510"},{"taxonomy":"product_cat","embeddable":true,"href":"https:\/\/webknjizara.hr\/en\/wp-json\/wp\/v2\/product_cat?post=9510"},{"taxonomy":"product_tag","embeddable":true,"href":"https:\/\/webknjizara.hr\/en\/wp-json\/wp\/v2\/product_tag?post=9510"}],"curies":[{"name":"wp","href":"https:\/\/api.w.org\/{rel}","templated":true}]}}