{"id":9502,"date":"2021-06-04T12:52:01","date_gmt":"2021-06-04T12:52:01","guid":{"rendered":"https:\/\/webknjizara.hr\/?product=jande-dejan-buder"},"modified":"2023-02-27T00:18:28","modified_gmt":"2023-02-26T23:18:28","slug":"jande-dejan-buder","status":"publish","type":"product","link":"https:\/\/webknjizara.hr\/en\/proizvod\/jande-dejan-buder\/","title":{"rendered":"JANDE, Dejan Buder"},"content":{"rendered":"<p><strong>Sa\u017eetak:<\/strong><\/p>\n<p>\u201eJande\u201c \u2013 putopisna zbirka pri\u010da i pjesama sadr\u017ei brojne trenutke koje je Dejan proveo na svojoj Ivi (kako od milja zove Ivan\u0161\u010dicu), Viso\u010dici i brojnim drugim planinskim vrhovima diljem Hrvatske, a koje je zauvijek dokumentirao slikom i rije\u010dima. \u201eJande\u201c, njegov prvijenac, odvest \u0107e vas slikama, stihovima, pri\u010dama i emocijama onamo gdje nikad niste bili, \u010dak i ako ste neke od dokumentiranih krajeva ve\u0107 posjetili. On ne pokazuje samo prirodnu ljepotu kojom Hrvatska obiluje, ve\u0107 progovara o emocijama koje se javljaju u tom trenutku samo\u0107e, a opet povezanosti s prirodom; jednostavnosti i skromnosti, a opet bogatstva.<\/p>\n<p>\u201eDejanova vrijednost ne le\u017ei samo u istan\u010danom smislu za hvatanjem savr\u0161ena trenutka ili ugla fotografiranja, ve\u0107 se duboko temelji na o\u010duvanju tradicije svog zavi\u010daja uporno\u0161\u0107u da pi\u0161e upravo na svom izvornom narje\u010dju. Po meni, Dejan je upravo time postavio svoj kamen temeljac i prepoznatljiv opus mnogim zaljubljenicima u izvornost, prirodu, planinarenje, tradiciju ili poeziju kojom na intrigantan na\u010din poti\u010de \u010ditatelja da propitkuje granice vlastitih misli, promi\u0161lja o prolaznosti vremena, nevinosti djetinjstva, prijateljstva, suosje\u0107anja, ulozi zajedni\u0161tva te odgovornosti i utjecaju svakog pojedinca na ovoj vremenskoj traci zvanoj \u017eivot.\u201c o njegovoj zbirci pi\u0161e Marija Kozlica Milkovi\u0107, autorica i ilustratorica.<\/p>\n<p><strong>Bilje\u0161ka o autoru:<\/strong><\/p>\n<p>Dejan Buder, ro\u0111en je 1971. u Vara\u017edinu, a \u017eivi u gradu Ivancu, u Vara\u017edinskoj \u017eupaniji smje\u0161tenom podno planine Ivan\u0161\u010dica, odnosno Ivan\u010dica (naziv koji se u zadnje vrijeme \u010de\u0161\u0107e pojavljuje). Ivan\u010danin Dejan Buder strastveni je planinar, \u0161to potvr\u0111uje i sama \u010dinjenica da se na Ivan\u0161\u010dicu do sada prema vlastitim navodima popeo vi\u0161e od 2000 puta. Tim njegovim avanturama \u010desto se pridru\u017euju neki od poznanika, no svaki je put uz njega vjerna pratiteljica, kujica Elsa. Uglavnom, bilo je tu svega; ki\u0161e, blata, snijega, no\u0107i, dana, vjetrova, padova, lomova, samo\u0107e, dru\u017eenja\u2026<br \/>\u201eBilo bi dobro kad bi ljudi prepoznali mogu\u0107nosti ove na\u0161e Ivan\u0161\u010dice te krenuli, bar vikendom, u prirodu, uhvatiti \u010disti i svje\u017ei zrak, provesti dan s obitelji i prijateljima, u ugodnom dru\u0161tvu i finoj doma\u0107oj hrani na vrhu Ivan\u0161\u010dice, u poznatom Pasari\u0107evom domu\u201c, zaklju\u010dio je Dejan davne 2017., u intervjuu za portal Vara\u017edinski.hr kada nije ni sanjao upravo ovakav broj uspona na najdra\u017eu mu Ivu kako joj od milja tepa.<br \/>\u201eIva\u201c nije \u017eena, ali svojom pojavom i osebujno\u0161\u0107u, neobi\u010dnim stazama i promjenama krajolika s promjenom godi\u0161njih doba, postigla je da iz ovog \u010dovjeka izvu\u010de divljenje prema prirodnoj ljepoti i dubokoumna promi\u0161ljanja o prolaznosti \u017eivota, svrsi \u017eivljenja, trenutku u kojemu \u017eivimo, strasti, radosti, sre\u0107i pa \u010dak i tuzi te to sve dokumentira nevjerojatnim slikama.<\/p>\n<p><strong>Klju\u010dne rije\u010di:<\/strong> poezija, proza, pjesme, stihovi, putopis, putopisna zbirka<\/p>\n<p><strong>Link:<\/strong> <a href=\"https:\/\/www.facebook.com\/dejan.buder\">https:\/\/www.facebook.com\/dejan.buder<\/a><\/p>\n<p><strong>E-mail:<\/strong> <a href=\"mailto:dejanbuder2@gmail.com\" target=\"_blank\" rel=\"noopener noreferrer\">Dejan Buder\u00a0<\/a><\/p>\n<p>\u00a0<\/p>\n<p><strong>Naslov:<\/strong> Jande<br \/><strong>Autor:<\/strong> Dejan Buder<br \/><strong>Broj stranica:<\/strong> 104<br \/><strong>Nakladnik:<\/strong> REDAK<br \/><strong>Godina izdanja:<\/strong> 2021.<br \/><strong>ISBN:<\/strong> 978-953-336-773-6<br \/><strong>Tisak:<\/strong> digitalni tisak knjiga &#8211; print na zahtjev<\/p>\n<p>\u00a0<\/p>\n<p><strong>Kako naru\u010diti knjigu?\u00a0<\/strong>Proces online kupovine jednako funkcionira za sve kupce, s jedinom razlikom u tome \u0161to \u0161to kupci iz inozemstva za podru\u010dje dostave moraju odabrati &#8220;Europa&#8221; ili &#8220;Ostale zemlje svijeta&#8221;, a za vrstu pla\u0107anja WSPay (kreditna kartica) ili Virmanom (bankovni transfer).<\/p>\n<p style=\"text-align: justify;\">Molimo kliknite ovdje za\u00a0<a href=\"hr\/kako-kupovati\">detaljni vodi\u010d kroz proces narud\u017ebe<\/a>\u00a0ili nas\u00a0<a href=\"hr\/kontakt\">kontaktirajte<\/a>\u00a0za vi\u0161e informacija.<\/p>\n","protected":false},"excerpt":{"rendered":"<p>Sa\u017eetak: \u201eJande\u201c \u2013 putopisna zbirka pri\u010da i pjesama sadr\u017ei brojne trenutke koje je Dejan proveo na svojoj Ivi (kako od milja zove Ivan\u0161\u010dicu), Viso\u010dici i brojnim drugim planinskim vrhovima diljem Hrvatske, a koje je zauvijek dokumentirao slikom i rije\u010dima. \u201eJande\u201c, njegov prvijenac, odvest \u0107e vas slikama, stihovima, pri\u010dama i emocijama onamo gdje nikad niste bili, [&hellip;]<\/p>\n","protected":false},"featured_media":9503,"comment_status":"open","ping_status":"closed","template":"","meta":{"_acf_changed":false},"product_brand":[],"product_cat":[1383,1385],"product_tag":[],"class_list":{"0":"post-9502","1":"product","2":"type-product","3":"status-publish","4":"has-post-thumbnail","6":"product_cat-knjige","7":"product_cat-knjizevnost","8":"pa_autor-dejan-buder","9":"pa_nakladnik-redak","11":"first","12":"instock","13":"shipping-taxable","14":"purchasable","15":"product-type-simple"},"acf":[],"yoast_head":"<!-- This site is optimized with the Yoast SEO plugin v27.3 - https:\/\/yoast.com\/product\/yoast-seo-wordpress\/ -->\n<title>JANDE, Dejan Buder - Web-knji\u017eara<\/title>\n<meta name=\"robots\" content=\"index, follow, max-snippet:-1, max-image-preview:large, max-video-preview:-1\" \/>\n<link rel=\"canonical\" href=\"https:\/\/webknjizara.hr\/proizvod\/jande-dejan-buder\/\" \/>\n<meta property=\"og:locale\" content=\"en_US\" \/>\n<meta property=\"og:type\" content=\"article\" \/>\n<meta property=\"og:title\" content=\"JANDE, Dejan Buder - Web-knji\u017eara\" \/>\n<meta property=\"og:description\" content=\"Sa\u017eetak: \u201eJande\u201c \u2013 putopisna zbirka pri\u010da i pjesama sadr\u017ei brojne trenutke koje je Dejan proveo na svojoj Ivi (kako od milja zove Ivan\u0161\u010dicu), Viso\u010dici i brojnim drugim planinskim vrhovima diljem Hrvatske, a koje je zauvijek dokumentirao slikom i rije\u010dima. \u201eJande\u201c, njegov prvijenac, odvest \u0107e vas slikama, stihovima, pri\u010dama i emocijama onamo gdje nikad niste bili, [&hellip;]\" \/>\n<meta property=\"og:url\" content=\"https:\/\/webknjizara.hr\/proizvod\/jande-dejan-buder\/\" \/>\n<meta property=\"og:site_name\" content=\"Web-knji\u017eara\" \/>\n<meta property=\"article:modified_time\" content=\"2023-02-26T23:18:28+00:00\" \/>\n<meta property=\"og:image\" content=\"https:\/\/webknjizara.hr\/wp-content\/uploads\/nc\/images\/virtuemart\/product\/Dejan_Buder_Jande_webknjizara_redak_WEB_1162.jpg\" \/>\n\t<meta property=\"og:image:width\" content=\"300\" \/>\n\t<meta property=\"og:image:height\" content=\"419\" \/>\n\t<meta property=\"og:image:type\" content=\"image\/jpeg\" \/>\n<meta name=\"twitter:card\" content=\"summary_large_image\" \/>\n<meta name=\"twitter:label1\" content=\"Est. reading time\" \/>\n\t<meta name=\"twitter:data1\" content=\"3 minutes\" \/>\n<script type=\"application\/ld+json\" class=\"yoast-schema-graph\">{\"@context\":\"https:\\\/\\\/schema.org\",\"@graph\":[{\"@type\":\"WebPage\",\"@id\":\"https:\\\/\\\/webknjizara.hr\\\/proizvod\\\/jande-dejan-buder\\\/\",\"url\":\"https:\\\/\\\/webknjizara.hr\\\/proizvod\\\/jande-dejan-buder\\\/\",\"name\":\"JANDE, Dejan Buder - Web-knji\u017eara\",\"isPartOf\":{\"@id\":\"https:\\\/\\\/webknjizara.hr\\\/#website\"},\"primaryImageOfPage\":{\"@id\":\"https:\\\/\\\/webknjizara.hr\\\/proizvod\\\/jande-dejan-buder\\\/#primaryimage\"},\"image\":{\"@id\":\"https:\\\/\\\/webknjizara.hr\\\/proizvod\\\/jande-dejan-buder\\\/#primaryimage\"},\"thumbnailUrl\":\"https:\\\/\\\/webknjizara.hr\\\/wp-content\\\/uploads\\\/nc\\\/images\\\/virtuemart\\\/product\\\/Dejan_Buder_Jande_webknjizara_redak_WEB_1162.jpg\",\"datePublished\":\"2021-06-04T12:52:01+00:00\",\"dateModified\":\"2023-02-26T23:18:28+00:00\",\"breadcrumb\":{\"@id\":\"https:\\\/\\\/webknjizara.hr\\\/proizvod\\\/jande-dejan-buder\\\/#breadcrumb\"},\"inLanguage\":\"en-US\",\"potentialAction\":[{\"@type\":\"ReadAction\",\"target\":[\"https:\\\/\\\/webknjizara.hr\\\/proizvod\\\/jande-dejan-buder\\\/\"]}]},{\"@type\":\"ImageObject\",\"inLanguage\":\"en-US\",\"@id\":\"https:\\\/\\\/webknjizara.hr\\\/proizvod\\\/jande-dejan-buder\\\/#primaryimage\",\"url\":\"https:\\\/\\\/webknjizara.hr\\\/wp-content\\\/uploads\\\/nc\\\/images\\\/virtuemart\\\/product\\\/Dejan_Buder_Jande_webknjizara_redak_WEB_1162.jpg\",\"contentUrl\":\"https:\\\/\\\/webknjizara.hr\\\/wp-content\\\/uploads\\\/nc\\\/images\\\/virtuemart\\\/product\\\/Dejan_Buder_Jande_webknjizara_redak_WEB_1162.jpg\",\"width\":300,\"height\":419,\"caption\":\"JANDE, Dejan Buder\"},{\"@type\":\"BreadcrumbList\",\"@id\":\"https:\\\/\\\/webknjizara.hr\\\/proizvod\\\/jande-dejan-buder\\\/#breadcrumb\",\"itemListElement\":[{\"@type\":\"ListItem\",\"position\":1,\"name\":\"Po\u010detna stranica\",\"item\":\"https:\\\/\\\/webknjizara.hr\\\/en\\\/\"},{\"@type\":\"ListItem\",\"position\":2,\"name\":\"Shop\",\"item\":\"https:\\\/\\\/webknjizara.hr\\\/shop\\\/\"},{\"@type\":\"ListItem\",\"position\":3,\"name\":\"JANDE, Dejan Buder\"}]},{\"@type\":\"WebSite\",\"@id\":\"https:\\\/\\\/webknjizara.hr\\\/#website\",\"url\":\"https:\\\/\\\/webknjizara.hr\\\/\",\"name\":\"Web Knji\u017eara\",\"description\":\"\",\"publisher\":{\"@id\":\"https:\\\/\\\/webknjizara.hr\\\/#organization\"},\"potentialAction\":[{\"@type\":\"SearchAction\",\"target\":{\"@type\":\"EntryPoint\",\"urlTemplate\":\"https:\\\/\\\/webknjizara.hr\\\/?s={search_term_string}\"},\"query-input\":{\"@type\":\"PropertyValueSpecification\",\"valueRequired\":true,\"valueName\":\"search_term_string\"}}],\"inLanguage\":\"en-US\"},{\"@type\":\"Organization\",\"@id\":\"https:\\\/\\\/webknjizara.hr\\\/#organization\",\"name\":\"REDAK D.O.O.\",\"url\":\"https:\\\/\\\/webknjizara.hr\\\/\",\"logo\":{\"@type\":\"ImageObject\",\"inLanguage\":\"en-US\",\"@id\":\"https:\\\/\\\/webknjizara.hr\\\/#\\\/schema\\\/logo\\\/image\\\/\",\"url\":\"https:\\\/\\\/webknjizara.hr\\\/wp-content\\\/uploads\\\/2023\\\/01\\\/web-knjizara-logo.webp\",\"contentUrl\":\"https:\\\/\\\/webknjizara.hr\\\/wp-content\\\/uploads\\\/2023\\\/01\\\/web-knjizara-logo.webp\",\"width\":324,\"height\":79,\"caption\":\"REDAK D.O.O.\"},\"image\":{\"@id\":\"https:\\\/\\\/webknjizara.hr\\\/#\\\/schema\\\/logo\\\/image\\\/\"}}]}<\/script>\n<!-- \/ Yoast SEO plugin. -->","yoast_head_json":{"title":"JANDE, Dejan Buder - Web-knji\u017eara","robots":{"index":"index","follow":"follow","max-snippet":"max-snippet:-1","max-image-preview":"max-image-preview:large","max-video-preview":"max-video-preview:-1"},"canonical":"https:\/\/webknjizara.hr\/proizvod\/jande-dejan-buder\/","og_locale":"en_US","og_type":"article","og_title":"JANDE, Dejan Buder - Web-knji\u017eara","og_description":"Sa\u017eetak: \u201eJande\u201c \u2013 putopisna zbirka pri\u010da i pjesama sadr\u017ei brojne trenutke koje je Dejan proveo na svojoj Ivi (kako od milja zove Ivan\u0161\u010dicu), Viso\u010dici i brojnim drugim planinskim vrhovima diljem Hrvatske, a koje je zauvijek dokumentirao slikom i rije\u010dima. \u201eJande\u201c, njegov prvijenac, odvest \u0107e vas slikama, stihovima, pri\u010dama i emocijama onamo gdje nikad niste bili, [&hellip;]","og_url":"https:\/\/webknjizara.hr\/proizvod\/jande-dejan-buder\/","og_site_name":"Web-knji\u017eara","article_modified_time":"2023-02-26T23:18:28+00:00","og_image":[{"width":300,"height":419,"url":"https:\/\/webknjizara.hr\/wp-content\/uploads\/nc\/images\/virtuemart\/product\/Dejan_Buder_Jande_webknjizara_redak_WEB_1162.jpg","type":"image\/jpeg"}],"twitter_card":"summary_large_image","twitter_misc":{"Est. reading time":"3 minutes"},"schema":{"@context":"https:\/\/schema.org","@graph":[{"@type":"WebPage","@id":"https:\/\/webknjizara.hr\/proizvod\/jande-dejan-buder\/","url":"https:\/\/webknjizara.hr\/proizvod\/jande-dejan-buder\/","name":"JANDE, Dejan Buder - Web-knji\u017eara","isPartOf":{"@id":"https:\/\/webknjizara.hr\/#website"},"primaryImageOfPage":{"@id":"https:\/\/webknjizara.hr\/proizvod\/jande-dejan-buder\/#primaryimage"},"image":{"@id":"https:\/\/webknjizara.hr\/proizvod\/jande-dejan-buder\/#primaryimage"},"thumbnailUrl":"https:\/\/webknjizara.hr\/wp-content\/uploads\/nc\/images\/virtuemart\/product\/Dejan_Buder_Jande_webknjizara_redak_WEB_1162.jpg","datePublished":"2021-06-04T12:52:01+00:00","dateModified":"2023-02-26T23:18:28+00:00","breadcrumb":{"@id":"https:\/\/webknjizara.hr\/proizvod\/jande-dejan-buder\/#breadcrumb"},"inLanguage":"en-US","potentialAction":[{"@type":"ReadAction","target":["https:\/\/webknjizara.hr\/proizvod\/jande-dejan-buder\/"]}]},{"@type":"ImageObject","inLanguage":"en-US","@id":"https:\/\/webknjizara.hr\/proizvod\/jande-dejan-buder\/#primaryimage","url":"https:\/\/webknjizara.hr\/wp-content\/uploads\/nc\/images\/virtuemart\/product\/Dejan_Buder_Jande_webknjizara_redak_WEB_1162.jpg","contentUrl":"https:\/\/webknjizara.hr\/wp-content\/uploads\/nc\/images\/virtuemart\/product\/Dejan_Buder_Jande_webknjizara_redak_WEB_1162.jpg","width":300,"height":419,"caption":"JANDE, Dejan Buder"},{"@type":"BreadcrumbList","@id":"https:\/\/webknjizara.hr\/proizvod\/jande-dejan-buder\/#breadcrumb","itemListElement":[{"@type":"ListItem","position":1,"name":"Po\u010detna stranica","item":"https:\/\/webknjizara.hr\/en\/"},{"@type":"ListItem","position":2,"name":"Shop","item":"https:\/\/webknjizara.hr\/shop\/"},{"@type":"ListItem","position":3,"name":"JANDE, Dejan Buder"}]},{"@type":"WebSite","@id":"https:\/\/webknjizara.hr\/#website","url":"https:\/\/webknjizara.hr\/","name":"Web Knji\u017eara","description":"","publisher":{"@id":"https:\/\/webknjizara.hr\/#organization"},"potentialAction":[{"@type":"SearchAction","target":{"@type":"EntryPoint","urlTemplate":"https:\/\/webknjizara.hr\/?s={search_term_string}"},"query-input":{"@type":"PropertyValueSpecification","valueRequired":true,"valueName":"search_term_string"}}],"inLanguage":"en-US"},{"@type":"Organization","@id":"https:\/\/webknjizara.hr\/#organization","name":"REDAK D.O.O.","url":"https:\/\/webknjizara.hr\/","logo":{"@type":"ImageObject","inLanguage":"en-US","@id":"https:\/\/webknjizara.hr\/#\/schema\/logo\/image\/","url":"https:\/\/webknjizara.hr\/wp-content\/uploads\/2023\/01\/web-knjizara-logo.webp","contentUrl":"https:\/\/webknjizara.hr\/wp-content\/uploads\/2023\/01\/web-knjizara-logo.webp","width":324,"height":79,"caption":"REDAK D.O.O."},"image":{"@id":"https:\/\/webknjizara.hr\/#\/schema\/logo\/image\/"}}]}},"_links":{"self":[{"href":"https:\/\/webknjizara.hr\/en\/wp-json\/wp\/v2\/product\/9502","targetHints":{"allow":["GET"]}}],"collection":[{"href":"https:\/\/webknjizara.hr\/en\/wp-json\/wp\/v2\/product"}],"about":[{"href":"https:\/\/webknjizara.hr\/en\/wp-json\/wp\/v2\/types\/product"}],"replies":[{"embeddable":true,"href":"https:\/\/webknjizara.hr\/en\/wp-json\/wp\/v2\/comments?post=9502"}],"wp:featuredmedia":[{"embeddable":true,"href":"https:\/\/webknjizara.hr\/en\/wp-json\/wp\/v2\/media\/9503"}],"wp:attachment":[{"href":"https:\/\/webknjizara.hr\/en\/wp-json\/wp\/v2\/media?parent=9502"}],"wp:term":[{"taxonomy":"product_brand","embeddable":true,"href":"https:\/\/webknjizara.hr\/en\/wp-json\/wp\/v2\/product_brand?post=9502"},{"taxonomy":"product_cat","embeddable":true,"href":"https:\/\/webknjizara.hr\/en\/wp-json\/wp\/v2\/product_cat?post=9502"},{"taxonomy":"product_tag","embeddable":true,"href":"https:\/\/webknjizara.hr\/en\/wp-json\/wp\/v2\/product_tag?post=9502"}],"curies":[{"name":"wp","href":"https:\/\/api.w.org\/{rel}","templated":true}]}}