{"id":9484,"date":"2021-05-18T13:43:53","date_gmt":"2021-05-18T13:43:53","guid":{"rendered":"https:\/\/webknjizara.hr\/?product=trenutak-zarobljen-u-stihu-elena-brajkovic"},"modified":"2023-02-27T00:18:27","modified_gmt":"2023-02-26T23:18:27","slug":"trenutak-zarobljen-u-stihu-elena-brajkovic","status":"publish","type":"product","link":"https:\/\/webknjizara.hr\/en\/proizvod\/trenutak-zarobljen-u-stihu-elena-brajkovic\/","title":{"rendered":"TRENUTAK ZAROBLJEN U STIHU, Elena Brajkovi\u0107"},"content":{"rendered":"<p><strong>Bilje\u0161ka o autorici:<br \/><\/strong><br \/>Elena Brajkovi\u0107 ro\u0111ena je 17. kolovoza 1963. u Pazinu gdje je zavr\u0161ila Osnovnu \u0161kolu i Gimnaziju. Studij Razredne nastave zavr\u0161ava u Puli te odmah po zavr\u0161etku studija zapo\u0161ljava se kao u\u010diteljica razredne nastave u maloj seoskoj \u0161koli, P\u0160 Grimalda. Svoj tek nau\u010deni \u201ezanat\u201c zapo\u010dinje u kombinaciji s tri odjeljenja. Nakon desetak godina rada po malim \u0161kolama, prelazi u Pazin, mati\u010dnu O\u0160 Vladimira Nazora u kojoj i danas radi.<\/p>\n<p>Voli svoj posao i u\u017eiva u njemu toliko da se \u010desto \u010dini da se igra i zabavlja, a ne da radi vrlo ozbiljan posao. Istra\u017euje uvijek nove i zanimljive metode pou\u010davanja, tra\u017ei kako motivirati u\u010denike, oslu\u0161kuje bilo svojih u\u010denika i roditelja kako bi suradnja i svakodnevni rad u razredu polu\u010dili \u0161to bolje rezultate.<\/p>\n<p>Slu\u017ebeno je u\u010ditelj mentor i NTC u\u010ditelj, spremna je na u\u010denje i suradnju, dijeliti znanja i ste\u010dena iskustva, raditi na rastu i razvoju jer smatra da samo na taj na\u010din mo\u017eemo tra\u017eiti napredak i od u\u010denika. Na \u0160kolskom portalu pi\u0161e o iskustvenim sadr\u017eajima, idejama i primjerima prakse koje provodi u svojem razredu.<\/p>\n<p>U slobodno vrijeme pi\u0161e poeziju i kratku prozu, koja je predstavljena publici u nekoliko objavljenih zajedni\u010dkih zbirki.<\/p>\n<p>Poeziju do\u017eivljava kao<em> ispu\u0161ni ventil<\/em>, vje\u010dni izvor nadahnu\u0107a, bijeg od svakodnevice ili jednostavno mirni kutak u kojem je sama sa svojim mislima, lutanjima, htijenjima, promi\u0161ljanjima koja preta\u010de u stihove. Povremeno samozatajno sudjeluje na susretima pjesnika. Ohrabrivana kako je njezino kazivanje ugodno uhu i oku \u010ditatelja, odlu\u010duje se na izdavanje prve samostalne zbirke pjesama koja je u va\u0161im rukama.<\/p>\n<p><strong>Klju\u010dne rije\u010di:<\/strong> Poezija<\/p>\n<p>\u00a0<\/p>\n<p><strong>Naslov:<\/strong> Trenutak zarobljen u stihu<br \/><strong>Autorica:<\/strong> Elena Brajkovi\u0107<br \/><strong>Broj stranica:<\/strong> 76<br \/><strong>Nakladnik:<\/strong> REDAK<br \/><strong>Godina izdanja:<\/strong> 2021 .<br \/><strong>ISBN:<\/strong> 978-953-336-764-4<br \/><strong>Tisak:<\/strong> digitalni tisak knjiga &#8211; print na zahtjev<\/p>\n<p>\u00a0<\/p>\n<p><strong>Kako naru\u010diti knjigu?\u00a0<\/strong>Proces online kupovine jednako funkcionira za sve kupce, s jedinom razlikom u tome \u0161to \u0161to kupci iz inozemstva za podru\u010dje dostave moraju odabrati &#8220;Europa&#8221; ili &#8220;Ostale zemlje svijeta&#8221;, a za vrstu pla\u0107anja WSPay (kreditna kartica) ili Virmanom (bankovni transfer).<\/p>\n<p style=\"text-align: justify;\">Molimo kliknite ovdje za\u00a0<a href=\"hr\/kako-kupovati\">detaljni vodi\u010d kroz proces narud\u017ebe<\/a>\u00a0ili nas\u00a0<a href=\"hr\/kontakt\">kontaktirajte<\/a>\u00a0za vi\u0161e informacija.<\/p>\n","protected":false},"excerpt":{"rendered":"<p>Bilje\u0161ka o autorici:Elena Brajkovi\u0107 ro\u0111ena je 17. kolovoza 1963. u Pazinu gdje je zavr\u0161ila Osnovnu \u0161kolu i Gimnaziju. Studij Razredne nastave zavr\u0161ava u Puli te odmah po zavr\u0161etku studija zapo\u0161ljava se kao u\u010diteljica razredne nastave u maloj seoskoj \u0161koli, P\u0160 Grimalda. Svoj tek nau\u010deni \u201ezanat\u201c zapo\u010dinje u kombinaciji s tri odjeljenja. Nakon desetak godina rada [&hellip;]<\/p>\n","protected":false},"featured_media":9485,"comment_status":"open","ping_status":"closed","template":"","meta":{"_acf_changed":false},"product_brand":[],"product_cat":[1383,1385,1388],"product_tag":[],"class_list":{"0":"post-9484","1":"product","2":"type-product","3":"status-publish","4":"has-post-thumbnail","6":"product_cat-knjige","7":"product_cat-knjizevnost","8":"product_cat-poezija","9":"pa_autor-elena-brajkovic","10":"pa_nakladnik-redak","12":"first","13":"instock","14":"shipping-taxable","15":"purchasable","16":"product-type-simple"},"acf":[],"yoast_head":"<!-- This site is optimized with the Yoast SEO plugin v27.3 - https:\/\/yoast.com\/product\/yoast-seo-wordpress\/ -->\n<title>TRENUTAK ZAROBLJEN U STIHU, Elena Brajkovi\u0107 - Web-knji\u017eara<\/title>\n<meta name=\"robots\" content=\"index, follow, max-snippet:-1, max-image-preview:large, max-video-preview:-1\" \/>\n<link rel=\"canonical\" href=\"https:\/\/webknjizara.hr\/proizvod\/trenutak-zarobljen-u-stihu-elena-brajkovic\/\" \/>\n<meta property=\"og:locale\" content=\"en_US\" \/>\n<meta property=\"og:type\" content=\"article\" \/>\n<meta property=\"og:title\" content=\"TRENUTAK ZAROBLJEN U STIHU, Elena Brajkovi\u0107 - Web-knji\u017eara\" \/>\n<meta property=\"og:description\" content=\"Bilje\u0161ka o autorici:Elena Brajkovi\u0107 ro\u0111ena je 17. kolovoza 1963. u Pazinu gdje je zavr\u0161ila Osnovnu \u0161kolu i Gimnaziju. Studij Razredne nastave zavr\u0161ava u Puli te odmah po zavr\u0161etku studija zapo\u0161ljava se kao u\u010diteljica razredne nastave u maloj seoskoj \u0161koli, P\u0160 Grimalda. Svoj tek nau\u010deni \u201ezanat\u201c zapo\u010dinje u kombinaciji s tri odjeljenja. Nakon desetak godina rada [&hellip;]\" \/>\n<meta property=\"og:url\" content=\"https:\/\/webknjizara.hr\/proizvod\/trenutak-zarobljen-u-stihu-elena-brajkovic\/\" \/>\n<meta property=\"og:site_name\" content=\"Web-knji\u017eara\" \/>\n<meta property=\"article:modified_time\" content=\"2023-02-26T23:18:27+00:00\" \/>\n<meta property=\"og:image\" content=\"https:\/\/webknjizara.hr\/wp-content\/uploads\/nc\/images\/virtuemart\/product\/Elena_Brajkovic_Trenutak_zarobljen_u_stihu_webknjizara_redak_WEB_1147.jpg\" \/>\n\t<meta property=\"og:image:width\" content=\"300\" \/>\n\t<meta property=\"og:image:height\" content=\"483\" \/>\n\t<meta property=\"og:image:type\" content=\"image\/jpeg\" \/>\n<meta name=\"twitter:card\" content=\"summary_large_image\" \/>\n<meta name=\"twitter:label1\" content=\"Est. reading time\" \/>\n\t<meta name=\"twitter:data1\" content=\"2 minutes\" \/>\n<script type=\"application\/ld+json\" class=\"yoast-schema-graph\">{\"@context\":\"https:\\\/\\\/schema.org\",\"@graph\":[{\"@type\":\"WebPage\",\"@id\":\"https:\\\/\\\/webknjizara.hr\\\/proizvod\\\/trenutak-zarobljen-u-stihu-elena-brajkovic\\\/\",\"url\":\"https:\\\/\\\/webknjizara.hr\\\/proizvod\\\/trenutak-zarobljen-u-stihu-elena-brajkovic\\\/\",\"name\":\"TRENUTAK ZAROBLJEN U STIHU, Elena Brajkovi\u0107 - Web-knji\u017eara\",\"isPartOf\":{\"@id\":\"https:\\\/\\\/webknjizara.hr\\\/#website\"},\"primaryImageOfPage\":{\"@id\":\"https:\\\/\\\/webknjizara.hr\\\/proizvod\\\/trenutak-zarobljen-u-stihu-elena-brajkovic\\\/#primaryimage\"},\"image\":{\"@id\":\"https:\\\/\\\/webknjizara.hr\\\/proizvod\\\/trenutak-zarobljen-u-stihu-elena-brajkovic\\\/#primaryimage\"},\"thumbnailUrl\":\"https:\\\/\\\/webknjizara.hr\\\/wp-content\\\/uploads\\\/nc\\\/images\\\/virtuemart\\\/product\\\/Elena_Brajkovic_Trenutak_zarobljen_u_stihu_webknjizara_redak_WEB_1147.jpg\",\"datePublished\":\"2021-05-18T13:43:53+00:00\",\"dateModified\":\"2023-02-26T23:18:27+00:00\",\"breadcrumb\":{\"@id\":\"https:\\\/\\\/webknjizara.hr\\\/proizvod\\\/trenutak-zarobljen-u-stihu-elena-brajkovic\\\/#breadcrumb\"},\"inLanguage\":\"en-US\",\"potentialAction\":[{\"@type\":\"ReadAction\",\"target\":[\"https:\\\/\\\/webknjizara.hr\\\/proizvod\\\/trenutak-zarobljen-u-stihu-elena-brajkovic\\\/\"]}]},{\"@type\":\"ImageObject\",\"inLanguage\":\"en-US\",\"@id\":\"https:\\\/\\\/webknjizara.hr\\\/proizvod\\\/trenutak-zarobljen-u-stihu-elena-brajkovic\\\/#primaryimage\",\"url\":\"https:\\\/\\\/webknjizara.hr\\\/wp-content\\\/uploads\\\/nc\\\/images\\\/virtuemart\\\/product\\\/Elena_Brajkovic_Trenutak_zarobljen_u_stihu_webknjizara_redak_WEB_1147.jpg\",\"contentUrl\":\"https:\\\/\\\/webknjizara.hr\\\/wp-content\\\/uploads\\\/nc\\\/images\\\/virtuemart\\\/product\\\/Elena_Brajkovic_Trenutak_zarobljen_u_stihu_webknjizara_redak_WEB_1147.jpg\",\"width\":300,\"height\":483,\"caption\":\"TRENUTAK ZAROBLJEN U STIHU, Elena Brajkovi\u0107\"},{\"@type\":\"BreadcrumbList\",\"@id\":\"https:\\\/\\\/webknjizara.hr\\\/proizvod\\\/trenutak-zarobljen-u-stihu-elena-brajkovic\\\/#breadcrumb\",\"itemListElement\":[{\"@type\":\"ListItem\",\"position\":1,\"name\":\"Po\u010detna stranica\",\"item\":\"https:\\\/\\\/webknjizara.hr\\\/en\\\/\"},{\"@type\":\"ListItem\",\"position\":2,\"name\":\"Shop\",\"item\":\"https:\\\/\\\/webknjizara.hr\\\/shop\\\/\"},{\"@type\":\"ListItem\",\"position\":3,\"name\":\"TRENUTAK ZAROBLJEN U STIHU, Elena Brajkovi\u0107\"}]},{\"@type\":\"WebSite\",\"@id\":\"https:\\\/\\\/webknjizara.hr\\\/#website\",\"url\":\"https:\\\/\\\/webknjizara.hr\\\/\",\"name\":\"Web Knji\u017eara\",\"description\":\"\",\"publisher\":{\"@id\":\"https:\\\/\\\/webknjizara.hr\\\/#organization\"},\"potentialAction\":[{\"@type\":\"SearchAction\",\"target\":{\"@type\":\"EntryPoint\",\"urlTemplate\":\"https:\\\/\\\/webknjizara.hr\\\/?s={search_term_string}\"},\"query-input\":{\"@type\":\"PropertyValueSpecification\",\"valueRequired\":true,\"valueName\":\"search_term_string\"}}],\"inLanguage\":\"en-US\"},{\"@type\":\"Organization\",\"@id\":\"https:\\\/\\\/webknjizara.hr\\\/#organization\",\"name\":\"REDAK D.O.O.\",\"url\":\"https:\\\/\\\/webknjizara.hr\\\/\",\"logo\":{\"@type\":\"ImageObject\",\"inLanguage\":\"en-US\",\"@id\":\"https:\\\/\\\/webknjizara.hr\\\/#\\\/schema\\\/logo\\\/image\\\/\",\"url\":\"https:\\\/\\\/webknjizara.hr\\\/wp-content\\\/uploads\\\/2023\\\/01\\\/web-knjizara-logo.webp\",\"contentUrl\":\"https:\\\/\\\/webknjizara.hr\\\/wp-content\\\/uploads\\\/2023\\\/01\\\/web-knjizara-logo.webp\",\"width\":324,\"height\":79,\"caption\":\"REDAK D.O.O.\"},\"image\":{\"@id\":\"https:\\\/\\\/webknjizara.hr\\\/#\\\/schema\\\/logo\\\/image\\\/\"}}]}<\/script>\n<!-- \/ Yoast SEO plugin. -->","yoast_head_json":{"title":"TRENUTAK ZAROBLJEN U STIHU, Elena Brajkovi\u0107 - Web-knji\u017eara","robots":{"index":"index","follow":"follow","max-snippet":"max-snippet:-1","max-image-preview":"max-image-preview:large","max-video-preview":"max-video-preview:-1"},"canonical":"https:\/\/webknjizara.hr\/proizvod\/trenutak-zarobljen-u-stihu-elena-brajkovic\/","og_locale":"en_US","og_type":"article","og_title":"TRENUTAK ZAROBLJEN U STIHU, Elena Brajkovi\u0107 - Web-knji\u017eara","og_description":"Bilje\u0161ka o autorici:Elena Brajkovi\u0107 ro\u0111ena je 17. kolovoza 1963. u Pazinu gdje je zavr\u0161ila Osnovnu \u0161kolu i Gimnaziju. Studij Razredne nastave zavr\u0161ava u Puli te odmah po zavr\u0161etku studija zapo\u0161ljava se kao u\u010diteljica razredne nastave u maloj seoskoj \u0161koli, P\u0160 Grimalda. Svoj tek nau\u010deni \u201ezanat\u201c zapo\u010dinje u kombinaciji s tri odjeljenja. Nakon desetak godina rada [&hellip;]","og_url":"https:\/\/webknjizara.hr\/proizvod\/trenutak-zarobljen-u-stihu-elena-brajkovic\/","og_site_name":"Web-knji\u017eara","article_modified_time":"2023-02-26T23:18:27+00:00","og_image":[{"width":300,"height":483,"url":"https:\/\/webknjizara.hr\/wp-content\/uploads\/nc\/images\/virtuemart\/product\/Elena_Brajkovic_Trenutak_zarobljen_u_stihu_webknjizara_redak_WEB_1147.jpg","type":"image\/jpeg"}],"twitter_card":"summary_large_image","twitter_misc":{"Est. reading time":"2 minutes"},"schema":{"@context":"https:\/\/schema.org","@graph":[{"@type":"WebPage","@id":"https:\/\/webknjizara.hr\/proizvod\/trenutak-zarobljen-u-stihu-elena-brajkovic\/","url":"https:\/\/webknjizara.hr\/proizvod\/trenutak-zarobljen-u-stihu-elena-brajkovic\/","name":"TRENUTAK ZAROBLJEN U STIHU, Elena Brajkovi\u0107 - Web-knji\u017eara","isPartOf":{"@id":"https:\/\/webknjizara.hr\/#website"},"primaryImageOfPage":{"@id":"https:\/\/webknjizara.hr\/proizvod\/trenutak-zarobljen-u-stihu-elena-brajkovic\/#primaryimage"},"image":{"@id":"https:\/\/webknjizara.hr\/proizvod\/trenutak-zarobljen-u-stihu-elena-brajkovic\/#primaryimage"},"thumbnailUrl":"https:\/\/webknjizara.hr\/wp-content\/uploads\/nc\/images\/virtuemart\/product\/Elena_Brajkovic_Trenutak_zarobljen_u_stihu_webknjizara_redak_WEB_1147.jpg","datePublished":"2021-05-18T13:43:53+00:00","dateModified":"2023-02-26T23:18:27+00:00","breadcrumb":{"@id":"https:\/\/webknjizara.hr\/proizvod\/trenutak-zarobljen-u-stihu-elena-brajkovic\/#breadcrumb"},"inLanguage":"en-US","potentialAction":[{"@type":"ReadAction","target":["https:\/\/webknjizara.hr\/proizvod\/trenutak-zarobljen-u-stihu-elena-brajkovic\/"]}]},{"@type":"ImageObject","inLanguage":"en-US","@id":"https:\/\/webknjizara.hr\/proizvod\/trenutak-zarobljen-u-stihu-elena-brajkovic\/#primaryimage","url":"https:\/\/webknjizara.hr\/wp-content\/uploads\/nc\/images\/virtuemart\/product\/Elena_Brajkovic_Trenutak_zarobljen_u_stihu_webknjizara_redak_WEB_1147.jpg","contentUrl":"https:\/\/webknjizara.hr\/wp-content\/uploads\/nc\/images\/virtuemart\/product\/Elena_Brajkovic_Trenutak_zarobljen_u_stihu_webknjizara_redak_WEB_1147.jpg","width":300,"height":483,"caption":"TRENUTAK ZAROBLJEN U STIHU, Elena Brajkovi\u0107"},{"@type":"BreadcrumbList","@id":"https:\/\/webknjizara.hr\/proizvod\/trenutak-zarobljen-u-stihu-elena-brajkovic\/#breadcrumb","itemListElement":[{"@type":"ListItem","position":1,"name":"Po\u010detna stranica","item":"https:\/\/webknjizara.hr\/en\/"},{"@type":"ListItem","position":2,"name":"Shop","item":"https:\/\/webknjizara.hr\/shop\/"},{"@type":"ListItem","position":3,"name":"TRENUTAK ZAROBLJEN U STIHU, Elena Brajkovi\u0107"}]},{"@type":"WebSite","@id":"https:\/\/webknjizara.hr\/#website","url":"https:\/\/webknjizara.hr\/","name":"Web Knji\u017eara","description":"","publisher":{"@id":"https:\/\/webknjizara.hr\/#organization"},"potentialAction":[{"@type":"SearchAction","target":{"@type":"EntryPoint","urlTemplate":"https:\/\/webknjizara.hr\/?s={search_term_string}"},"query-input":{"@type":"PropertyValueSpecification","valueRequired":true,"valueName":"search_term_string"}}],"inLanguage":"en-US"},{"@type":"Organization","@id":"https:\/\/webknjizara.hr\/#organization","name":"REDAK D.O.O.","url":"https:\/\/webknjizara.hr\/","logo":{"@type":"ImageObject","inLanguage":"en-US","@id":"https:\/\/webknjizara.hr\/#\/schema\/logo\/image\/","url":"https:\/\/webknjizara.hr\/wp-content\/uploads\/2023\/01\/web-knjizara-logo.webp","contentUrl":"https:\/\/webknjizara.hr\/wp-content\/uploads\/2023\/01\/web-knjizara-logo.webp","width":324,"height":79,"caption":"REDAK D.O.O."},"image":{"@id":"https:\/\/webknjizara.hr\/#\/schema\/logo\/image\/"}}]}},"_links":{"self":[{"href":"https:\/\/webknjizara.hr\/en\/wp-json\/wp\/v2\/product\/9484","targetHints":{"allow":["GET"]}}],"collection":[{"href":"https:\/\/webknjizara.hr\/en\/wp-json\/wp\/v2\/product"}],"about":[{"href":"https:\/\/webknjizara.hr\/en\/wp-json\/wp\/v2\/types\/product"}],"replies":[{"embeddable":true,"href":"https:\/\/webknjizara.hr\/en\/wp-json\/wp\/v2\/comments?post=9484"}],"wp:featuredmedia":[{"embeddable":true,"href":"https:\/\/webknjizara.hr\/en\/wp-json\/wp\/v2\/media\/9485"}],"wp:attachment":[{"href":"https:\/\/webknjizara.hr\/en\/wp-json\/wp\/v2\/media?parent=9484"}],"wp:term":[{"taxonomy":"product_brand","embeddable":true,"href":"https:\/\/webknjizara.hr\/en\/wp-json\/wp\/v2\/product_brand?post=9484"},{"taxonomy":"product_cat","embeddable":true,"href":"https:\/\/webknjizara.hr\/en\/wp-json\/wp\/v2\/product_cat?post=9484"},{"taxonomy":"product_tag","embeddable":true,"href":"https:\/\/webknjizara.hr\/en\/wp-json\/wp\/v2\/product_tag?post=9484"}],"curies":[{"name":"wp","href":"https:\/\/api.w.org\/{rel}","templated":true}]}}