{"id":9464,"date":"2021-04-28T16:10:56","date_gmt":"2021-04-28T16:10:56","guid":{"rendered":"https:\/\/webknjizara.hr\/?product=sljive-kostica-ili-srndaca-koscica-marko-silov"},"modified":"2023-02-27T00:18:25","modified_gmt":"2023-02-26T23:18:25","slug":"sljive-kostica-ili-srndaca-koscica-marko-silov","status":"publish","type":"product","link":"https:\/\/webknjizara.hr\/en\/proizvod\/sljive-kostica-ili-srndaca-koscica-marko-silov\/","title":{"rendered":"\u0160LJIVE KO\u0160TICA ILI SRNDA\u0106A KO\u0160\u010cICA, Marko Silov"},"content":{"rendered":"<p><strong>Sa\u017eetak:<\/strong><\/p>\n<p>\u201ePrvijenac Marka Silova \u017eanrovski je koktel kojim autor koketira s nadrealizmom, ludizmom, apsurdom i magijskim realizmom. Ve\u0107 sam naslov <em>\u0160ljive ko\u0161tica ili srnda\u0107a ko\u0161\u010dica\u00a0<\/em>dobro nas upu\u0107uje na ono \u0161to nas unutra \u010deka.<\/p>\n<p>Autorova preokupacija igrom rije\u010di, frazama i floskulama vidljiva je ve\u0107 nakon nekoliko prvih pro\u010ditanih minijatura. Poetski kalambur izvire iz suprotnosti i dvojnosti, pa autor hororu suprotstavlja rimu, ozbiljnosti igru, modernom magijsko i drevno, a kli\u0161eju name\u0107e <em>racio<\/em>. Zbirka je to poetsko-proznih fragmenata koji se na nekim mjestima pretvaraju u filmske kadrove, a na drugima u pomno osmi\u0161ljene partiture.<\/p>\n<p>Protagonisti mikro pri\u010da su bi\u0107a zatvorena u svoje misli i ma\u0161tu koja im se name\u0107e stvarnijom od stvarnosti, a sitne, dnevne preokupacije njihova uma rastu i dolaze u prvi plan pa tako za\u010dudno i nevjerojatno ve\u0107 u sljede\u0107em trenutku postaje stvarno i svakodnevno.<\/p>\n<p>Premda pro\u0161arana igrom Silovljeva zbirka itekako je duboko promi\u0161ljen tekst prepun vi\u0161ezna\u010dnosti koji nas odvodi na put od svijeta iza zrcala do intimnog svijeta koji po\u010diva u nama.\u201c<\/p>\n<p>Marina Gudelj<\/p>\n<p><strong>Bilje\u0161ka o autoru:<\/strong><\/p>\n<p>Marko Silov ro\u0111en je 1991. godine u \u0160ibeniku, gdje je zavr\u0161io osnovnu i srednju \u0161kolu. Diplomirao je na Odjelu za informacijske znanosti Sveu\u010dili\u0161ta u Zadru. \u017divi i radi u Splitu.<\/p>\n<p><strong>Klju\u010dne rije\u010di:<\/strong> Fragmentarna proza, nadrealizam, groteska, ludizam, kalambur, magijski realizam, apsurd, Marko Silov<\/p>\n<p><strong>E-mail:<\/strong> <a href=\"mailto:silovmarko@yahoo.com\" target=\"_blank\" rel=\"noopener noreferrer\">Marko Silov<\/a>\u00a0<\/p>\n<p>\u00a0<\/p>\n<p><strong>Naslov:<\/strong> \u0160ljive ko\u0161tica ili srnda\u0107a ko\u0161\u010dica<br \/><strong>Autor:<\/strong> Marko Silov<br \/><strong>Broj stranica:<\/strong> 82<br \/><strong>Nakladnik:<\/strong> REDAK<br \/><strong>Godina izdanja:<\/strong> 2021.<br \/><strong>ISBN:<\/strong> 978-953-336-760-6<br \/><strong>Tisak:<\/strong> digitalni tisak knjiga &#8211; print na zahtjev<\/p>\n<p>\u00a0<\/p>\n<p><strong>Kako naru\u010diti knjigu?\u00a0<\/strong>Proces online kupovine jednako funkcionira za sve kupce, s jedinom razlikom u tome \u0161to \u0161to kupci iz inozemstva za podru\u010dje dostave moraju odabrati &#8220;Europa&#8221; ili &#8220;Ostale zemlje svijeta&#8221;, a za vrstu pla\u0107anja WSPay (kreditna kartica) ili Virmanom (bankovni transfer).<\/p>\n<p style=\"text-align: justify;\">Molimo kliknite ovdje za\u00a0<a href=\"hr\/kako-kupovati\">detaljni vodi\u010d kroz proces narud\u017ebe<\/a>\u00a0ili nas\u00a0<a href=\"hr\/kontakt\">kontaktirajte<\/a>\u00a0za vi\u0161e informacija.<\/p>\n","protected":false},"excerpt":{"rendered":"<p>Sa\u017eetak: \u201ePrvijenac Marka Silova \u017eanrovski je koktel kojim autor koketira s nadrealizmom, ludizmom, apsurdom i magijskim realizmom. Ve\u0107 sam naslov \u0160ljive ko\u0161tica ili srnda\u0107a ko\u0161\u010dica\u00a0dobro nas upu\u0107uje na ono \u0161to nas unutra \u010deka. Autorova preokupacija igrom rije\u010di, frazama i floskulama vidljiva je ve\u0107 nakon nekoliko prvih pro\u010ditanih minijatura. Poetski kalambur izvire iz suprotnosti i dvojnosti, [&hellip;]<\/p>\n","protected":false},"featured_media":9465,"comment_status":"open","ping_status":"closed","template":"","meta":{"_acf_changed":false},"product_brand":[],"product_cat":[1607],"product_tag":[],"class_list":{"0":"post-9464","1":"product","2":"type-product","3":"status-publish","4":"has-post-thumbnail","6":"product_cat-proza","7":"pa_autor-marko-silov","8":"pa_nakladnik-redak","10":"first","11":"instock","12":"shipping-taxable","13":"purchasable","14":"product-type-simple"},"acf":[],"yoast_head":"<!-- This site is optimized with the Yoast SEO plugin v27.3 - https:\/\/yoast.com\/product\/yoast-seo-wordpress\/ -->\n<title>\u0160LJIVE KO\u0160TICA ILI SRNDA\u0106A KO\u0160\u010cICA, Marko Silov - Web-knji\u017eara<\/title>\n<meta name=\"robots\" content=\"index, follow, max-snippet:-1, max-image-preview:large, max-video-preview:-1\" \/>\n<link rel=\"canonical\" href=\"https:\/\/webknjizara.hr\/proizvod\/sljive-kostica-ili-srndaca-koscica-marko-silov\/\" \/>\n<meta property=\"og:locale\" content=\"en_US\" \/>\n<meta property=\"og:type\" content=\"article\" \/>\n<meta property=\"og:title\" content=\"\u0160LJIVE KO\u0160TICA ILI SRNDA\u0106A KO\u0160\u010cICA, Marko Silov - Web-knji\u017eara\" \/>\n<meta property=\"og:description\" content=\"Sa\u017eetak: \u201ePrvijenac Marka Silova \u017eanrovski je koktel kojim autor koketira s nadrealizmom, ludizmom, apsurdom i magijskim realizmom. Ve\u0107 sam naslov \u0160ljive ko\u0161tica ili srnda\u0107a ko\u0161\u010dica\u00a0dobro nas upu\u0107uje na ono \u0161to nas unutra \u010deka. Autorova preokupacija igrom rije\u010di, frazama i floskulama vidljiva je ve\u0107 nakon nekoliko prvih pro\u010ditanih minijatura. Poetski kalambur izvire iz suprotnosti i dvojnosti, [&hellip;]\" \/>\n<meta property=\"og:url\" content=\"https:\/\/webknjizara.hr\/proizvod\/sljive-kostica-ili-srndaca-koscica-marko-silov\/\" \/>\n<meta property=\"og:site_name\" content=\"Web-knji\u017eara\" \/>\n<meta property=\"article:modified_time\" content=\"2023-02-26T23:18:25+00:00\" \/>\n<meta property=\"og:image\" content=\"https:\/\/webknjizara.hr\/wp-content\/uploads\/nc\/images\/virtuemart\/product\/Marko_Silov_Sljive_kostica_ili_srndaca_koscica_webknjizara_redak_WEB_1142.jpg\" \/>\n\t<meta property=\"og:image:width\" content=\"300\" \/>\n\t<meta property=\"og:image:height\" content=\"419\" \/>\n\t<meta property=\"og:image:type\" content=\"image\/jpeg\" \/>\n<meta name=\"twitter:card\" content=\"summary_large_image\" \/>\n<meta name=\"twitter:label1\" content=\"Est. reading time\" \/>\n\t<meta name=\"twitter:data1\" content=\"2 minutes\" \/>\n<script type=\"application\/ld+json\" class=\"yoast-schema-graph\">{\"@context\":\"https:\\\/\\\/schema.org\",\"@graph\":[{\"@type\":\"WebPage\",\"@id\":\"https:\\\/\\\/webknjizara.hr\\\/proizvod\\\/sljive-kostica-ili-srndaca-koscica-marko-silov\\\/\",\"url\":\"https:\\\/\\\/webknjizara.hr\\\/proizvod\\\/sljive-kostica-ili-srndaca-koscica-marko-silov\\\/\",\"name\":\"\u0160LJIVE KO\u0160TICA ILI SRNDA\u0106A KO\u0160\u010cICA, Marko Silov - Web-knji\u017eara\",\"isPartOf\":{\"@id\":\"https:\\\/\\\/webknjizara.hr\\\/#website\"},\"primaryImageOfPage\":{\"@id\":\"https:\\\/\\\/webknjizara.hr\\\/proizvod\\\/sljive-kostica-ili-srndaca-koscica-marko-silov\\\/#primaryimage\"},\"image\":{\"@id\":\"https:\\\/\\\/webknjizara.hr\\\/proizvod\\\/sljive-kostica-ili-srndaca-koscica-marko-silov\\\/#primaryimage\"},\"thumbnailUrl\":\"https:\\\/\\\/webknjizara.hr\\\/wp-content\\\/uploads\\\/nc\\\/images\\\/virtuemart\\\/product\\\/Marko_Silov_Sljive_kostica_ili_srndaca_koscica_webknjizara_redak_WEB_1142.jpg\",\"datePublished\":\"2021-04-28T16:10:56+00:00\",\"dateModified\":\"2023-02-26T23:18:25+00:00\",\"breadcrumb\":{\"@id\":\"https:\\\/\\\/webknjizara.hr\\\/proizvod\\\/sljive-kostica-ili-srndaca-koscica-marko-silov\\\/#breadcrumb\"},\"inLanguage\":\"en-US\",\"potentialAction\":[{\"@type\":\"ReadAction\",\"target\":[\"https:\\\/\\\/webknjizara.hr\\\/proizvod\\\/sljive-kostica-ili-srndaca-koscica-marko-silov\\\/\"]}]},{\"@type\":\"ImageObject\",\"inLanguage\":\"en-US\",\"@id\":\"https:\\\/\\\/webknjizara.hr\\\/proizvod\\\/sljive-kostica-ili-srndaca-koscica-marko-silov\\\/#primaryimage\",\"url\":\"https:\\\/\\\/webknjizara.hr\\\/wp-content\\\/uploads\\\/nc\\\/images\\\/virtuemart\\\/product\\\/Marko_Silov_Sljive_kostica_ili_srndaca_koscica_webknjizara_redak_WEB_1142.jpg\",\"contentUrl\":\"https:\\\/\\\/webknjizara.hr\\\/wp-content\\\/uploads\\\/nc\\\/images\\\/virtuemart\\\/product\\\/Marko_Silov_Sljive_kostica_ili_srndaca_koscica_webknjizara_redak_WEB_1142.jpg\",\"width\":300,\"height\":419,\"caption\":\"\u0160LJIVE KO\u0160TICA ILI SRNDA\u0106A KO\u0160\u010cICA, Marko Silov\"},{\"@type\":\"BreadcrumbList\",\"@id\":\"https:\\\/\\\/webknjizara.hr\\\/proizvod\\\/sljive-kostica-ili-srndaca-koscica-marko-silov\\\/#breadcrumb\",\"itemListElement\":[{\"@type\":\"ListItem\",\"position\":1,\"name\":\"Po\u010detna stranica\",\"item\":\"https:\\\/\\\/webknjizara.hr\\\/en\\\/\"},{\"@type\":\"ListItem\",\"position\":2,\"name\":\"Shop\",\"item\":\"https:\\\/\\\/webknjizara.hr\\\/shop\\\/\"},{\"@type\":\"ListItem\",\"position\":3,\"name\":\"\u0160LJIVE KO\u0160TICA ILI SRNDA\u0106A KO\u0160\u010cICA, Marko Silov\"}]},{\"@type\":\"WebSite\",\"@id\":\"https:\\\/\\\/webknjizara.hr\\\/#website\",\"url\":\"https:\\\/\\\/webknjizara.hr\\\/\",\"name\":\"Web Knji\u017eara\",\"description\":\"\",\"publisher\":{\"@id\":\"https:\\\/\\\/webknjizara.hr\\\/#organization\"},\"potentialAction\":[{\"@type\":\"SearchAction\",\"target\":{\"@type\":\"EntryPoint\",\"urlTemplate\":\"https:\\\/\\\/webknjizara.hr\\\/?s={search_term_string}\"},\"query-input\":{\"@type\":\"PropertyValueSpecification\",\"valueRequired\":true,\"valueName\":\"search_term_string\"}}],\"inLanguage\":\"en-US\"},{\"@type\":\"Organization\",\"@id\":\"https:\\\/\\\/webknjizara.hr\\\/#organization\",\"name\":\"REDAK D.O.O.\",\"url\":\"https:\\\/\\\/webknjizara.hr\\\/\",\"logo\":{\"@type\":\"ImageObject\",\"inLanguage\":\"en-US\",\"@id\":\"https:\\\/\\\/webknjizara.hr\\\/#\\\/schema\\\/logo\\\/image\\\/\",\"url\":\"https:\\\/\\\/webknjizara.hr\\\/wp-content\\\/uploads\\\/2023\\\/01\\\/web-knjizara-logo.webp\",\"contentUrl\":\"https:\\\/\\\/webknjizara.hr\\\/wp-content\\\/uploads\\\/2023\\\/01\\\/web-knjizara-logo.webp\",\"width\":324,\"height\":79,\"caption\":\"REDAK D.O.O.\"},\"image\":{\"@id\":\"https:\\\/\\\/webknjizara.hr\\\/#\\\/schema\\\/logo\\\/image\\\/\"}}]}<\/script>\n<!-- \/ Yoast SEO plugin. -->","yoast_head_json":{"title":"\u0160LJIVE KO\u0160TICA ILI SRNDA\u0106A KO\u0160\u010cICA, Marko Silov - Web-knji\u017eara","robots":{"index":"index","follow":"follow","max-snippet":"max-snippet:-1","max-image-preview":"max-image-preview:large","max-video-preview":"max-video-preview:-1"},"canonical":"https:\/\/webknjizara.hr\/proizvod\/sljive-kostica-ili-srndaca-koscica-marko-silov\/","og_locale":"en_US","og_type":"article","og_title":"\u0160LJIVE KO\u0160TICA ILI SRNDA\u0106A KO\u0160\u010cICA, Marko Silov - Web-knji\u017eara","og_description":"Sa\u017eetak: \u201ePrvijenac Marka Silova \u017eanrovski je koktel kojim autor koketira s nadrealizmom, ludizmom, apsurdom i magijskim realizmom. Ve\u0107 sam naslov \u0160ljive ko\u0161tica ili srnda\u0107a ko\u0161\u010dica\u00a0dobro nas upu\u0107uje na ono \u0161to nas unutra \u010deka. Autorova preokupacija igrom rije\u010di, frazama i floskulama vidljiva je ve\u0107 nakon nekoliko prvih pro\u010ditanih minijatura. Poetski kalambur izvire iz suprotnosti i dvojnosti, [&hellip;]","og_url":"https:\/\/webknjizara.hr\/proizvod\/sljive-kostica-ili-srndaca-koscica-marko-silov\/","og_site_name":"Web-knji\u017eara","article_modified_time":"2023-02-26T23:18:25+00:00","og_image":[{"width":300,"height":419,"url":"https:\/\/webknjizara.hr\/wp-content\/uploads\/nc\/images\/virtuemart\/product\/Marko_Silov_Sljive_kostica_ili_srndaca_koscica_webknjizara_redak_WEB_1142.jpg","type":"image\/jpeg"}],"twitter_card":"summary_large_image","twitter_misc":{"Est. reading time":"2 minutes"},"schema":{"@context":"https:\/\/schema.org","@graph":[{"@type":"WebPage","@id":"https:\/\/webknjizara.hr\/proizvod\/sljive-kostica-ili-srndaca-koscica-marko-silov\/","url":"https:\/\/webknjizara.hr\/proizvod\/sljive-kostica-ili-srndaca-koscica-marko-silov\/","name":"\u0160LJIVE KO\u0160TICA ILI SRNDA\u0106A KO\u0160\u010cICA, Marko Silov - Web-knji\u017eara","isPartOf":{"@id":"https:\/\/webknjizara.hr\/#website"},"primaryImageOfPage":{"@id":"https:\/\/webknjizara.hr\/proizvod\/sljive-kostica-ili-srndaca-koscica-marko-silov\/#primaryimage"},"image":{"@id":"https:\/\/webknjizara.hr\/proizvod\/sljive-kostica-ili-srndaca-koscica-marko-silov\/#primaryimage"},"thumbnailUrl":"https:\/\/webknjizara.hr\/wp-content\/uploads\/nc\/images\/virtuemart\/product\/Marko_Silov_Sljive_kostica_ili_srndaca_koscica_webknjizara_redak_WEB_1142.jpg","datePublished":"2021-04-28T16:10:56+00:00","dateModified":"2023-02-26T23:18:25+00:00","breadcrumb":{"@id":"https:\/\/webknjizara.hr\/proizvod\/sljive-kostica-ili-srndaca-koscica-marko-silov\/#breadcrumb"},"inLanguage":"en-US","potentialAction":[{"@type":"ReadAction","target":["https:\/\/webknjizara.hr\/proizvod\/sljive-kostica-ili-srndaca-koscica-marko-silov\/"]}]},{"@type":"ImageObject","inLanguage":"en-US","@id":"https:\/\/webknjizara.hr\/proizvod\/sljive-kostica-ili-srndaca-koscica-marko-silov\/#primaryimage","url":"https:\/\/webknjizara.hr\/wp-content\/uploads\/nc\/images\/virtuemart\/product\/Marko_Silov_Sljive_kostica_ili_srndaca_koscica_webknjizara_redak_WEB_1142.jpg","contentUrl":"https:\/\/webknjizara.hr\/wp-content\/uploads\/nc\/images\/virtuemart\/product\/Marko_Silov_Sljive_kostica_ili_srndaca_koscica_webknjizara_redak_WEB_1142.jpg","width":300,"height":419,"caption":"\u0160LJIVE KO\u0160TICA ILI SRNDA\u0106A KO\u0160\u010cICA, Marko Silov"},{"@type":"BreadcrumbList","@id":"https:\/\/webknjizara.hr\/proizvod\/sljive-kostica-ili-srndaca-koscica-marko-silov\/#breadcrumb","itemListElement":[{"@type":"ListItem","position":1,"name":"Po\u010detna stranica","item":"https:\/\/webknjizara.hr\/en\/"},{"@type":"ListItem","position":2,"name":"Shop","item":"https:\/\/webknjizara.hr\/shop\/"},{"@type":"ListItem","position":3,"name":"\u0160LJIVE KO\u0160TICA ILI SRNDA\u0106A KO\u0160\u010cICA, Marko Silov"}]},{"@type":"WebSite","@id":"https:\/\/webknjizara.hr\/#website","url":"https:\/\/webknjizara.hr\/","name":"Web Knji\u017eara","description":"","publisher":{"@id":"https:\/\/webknjizara.hr\/#organization"},"potentialAction":[{"@type":"SearchAction","target":{"@type":"EntryPoint","urlTemplate":"https:\/\/webknjizara.hr\/?s={search_term_string}"},"query-input":{"@type":"PropertyValueSpecification","valueRequired":true,"valueName":"search_term_string"}}],"inLanguage":"en-US"},{"@type":"Organization","@id":"https:\/\/webknjizara.hr\/#organization","name":"REDAK D.O.O.","url":"https:\/\/webknjizara.hr\/","logo":{"@type":"ImageObject","inLanguage":"en-US","@id":"https:\/\/webknjizara.hr\/#\/schema\/logo\/image\/","url":"https:\/\/webknjizara.hr\/wp-content\/uploads\/2023\/01\/web-knjizara-logo.webp","contentUrl":"https:\/\/webknjizara.hr\/wp-content\/uploads\/2023\/01\/web-knjizara-logo.webp","width":324,"height":79,"caption":"REDAK D.O.O."},"image":{"@id":"https:\/\/webknjizara.hr\/#\/schema\/logo\/image\/"}}]}},"_links":{"self":[{"href":"https:\/\/webknjizara.hr\/en\/wp-json\/wp\/v2\/product\/9464","targetHints":{"allow":["GET"]}}],"collection":[{"href":"https:\/\/webknjizara.hr\/en\/wp-json\/wp\/v2\/product"}],"about":[{"href":"https:\/\/webknjizara.hr\/en\/wp-json\/wp\/v2\/types\/product"}],"replies":[{"embeddable":true,"href":"https:\/\/webknjizara.hr\/en\/wp-json\/wp\/v2\/comments?post=9464"}],"wp:featuredmedia":[{"embeddable":true,"href":"https:\/\/webknjizara.hr\/en\/wp-json\/wp\/v2\/media\/9465"}],"wp:attachment":[{"href":"https:\/\/webknjizara.hr\/en\/wp-json\/wp\/v2\/media?parent=9464"}],"wp:term":[{"taxonomy":"product_brand","embeddable":true,"href":"https:\/\/webknjizara.hr\/en\/wp-json\/wp\/v2\/product_brand?post=9464"},{"taxonomy":"product_cat","embeddable":true,"href":"https:\/\/webknjizara.hr\/en\/wp-json\/wp\/v2\/product_cat?post=9464"},{"taxonomy":"product_tag","embeddable":true,"href":"https:\/\/webknjizara.hr\/en\/wp-json\/wp\/v2\/product_tag?post=9464"}],"curies":[{"name":"wp","href":"https:\/\/api.w.org\/{rel}","templated":true}]}}