{"id":9458,"date":"2021-04-21T10:44:47","date_gmt":"2021-04-21T10:44:47","guid":{"rendered":"https:\/\/webknjizara.hr\/?product=stabilnost-broda-josko-dvornik-i-srdan-dvornik"},"modified":"2023-02-27T00:18:24","modified_gmt":"2023-02-26T23:18:24","slug":"stabilnost-broda-josko-dvornik-i-srdan-dvornik","status":"publish","type":"product","link":"https:\/\/webknjizara.hr\/en\/proizvod\/stabilnost-broda-josko-dvornik-i-srdan-dvornik\/","title":{"rendered":"STABILNOST BRODA, Jo\u0161ko Dvornik i Sr\u0111an Dvornik"},"content":{"rendered":"<p><strong>Sa\u017eetak:<\/strong><\/p>\n<p>Najve\u0107i dio ukupnoga svjetskog prometa \u010dine trgova\u010dki brodovi. Brodovi i sami predstavljaju velike i slo\u017eene sustave i \u010desto su dijelovi nekih jo\u0161 ve\u0107ih i slo\u017eenijih prijevoznih sustava pod neizvjesnim utjecajima okoline i zahtjeva u eksploataciji. Da bi trgova\u010dki brod\u00a0ispunio svoju funkciju, njegova stabilnost je od velikoga zna\u010daja. Stabilnost broda je svojstvo broda da se vra\u0107a u ravnote\u017ean polo\u017eaj kad prestanu djelovati vanjski momenti koji su ga iz tog polo\u017eaja pomaknuli. Pod stabilno\u0161\u0107u broda podrazumijevamo svojstvo broda da se opire djelovanju sila koje ga nastoje pomaknuti iz polo\u017eaja ravnote\u017ee, tj. svojstvo broda da se vrati u ravnote\u017ean polo\u017eaj nakon prestanka djelovanja sila, odnosno momenata koji su ga iz tog polo\u017eaja pomaknuli. Brod koji nema dovoljnu stabilnost, mo\u017ee se prevrnuti pod utjecajem vanjskih sila koje potje\u010du od vjetra, valova ili nekoga drugoga vanjskog optere\u0107enja, \u0161to ima za posljedicu gubitak broda, tereta ili ljudskih \u017eivota.<\/p>\n<p><strong>Bilje\u0161ka o autorima:<\/strong><\/p>\n<p><strong>Jo\u0161ko Dvornik<\/strong> ro\u0111en je u Splitu 1978. Otac je \u010detvero djece. U Splitu je zavr\u0161io osnovnu, srednju Pomorsku \u0161kolu i Pomorski fakultet. Od 2001. do danas radi na Pomorskom fakultetu u Splitu. Doktorirao je 2006. na Pomorskom fakultetu u Rijeci. Postao je docent 2006., izvanredni profesor 2010., redoviti profesor 2013. i kona\u010dno 2018. s 40 godina \u017eivota postao je redoviti profesor u trajnom zvanju za znanstveno podru\u010dje tehni\u010dkih znanosti, polje tehnologije prometa i transporta, grana pomorski i rije\u010dni promet. Objavio je veliki broj znanstvenih i stru\u010dnih radova iz podru\u010dja pomorstva. Na Pomorskom fakultetu u Splitu obavljao je poslove zamjenika dekana, pomo\u0107nika dekana, tajnika poslijediplomskog studija, predstojnika Zavoda za brodostrojarstvo i dr. Bio je \u010dlan, a i predsjednik Stru\u010dnog tijela za ocjenu ponuda za koncesije na pomorskom dobru na podru\u010dju Splitsko-dalmatinske \u017eupanije, a od 2016. do danas je, u drugom mandatu, predsjednik Upravnog vije\u0107a Lu\u010dke uprave Split.<\/p>\n<p><strong>Sr\u0111an Dvornik<\/strong> ro\u0111en je u Splitu 1966. Otac je jednog djeteta. U Splitu je zavr\u0161io osnovnu i srednju Pomorsku \u0161kolu, a zatim je 1990. stekao i visoko stru\u010dno obrazovanje iz podru\u010dja pomorstva. Plovio je na brodovima \u0161ibenske kompanije i na brodovima splitskog Jadroplova. Ispit za upravitelja stroja na brodu sa strojem porivne snage od 3000 kW ili ja\u010dim polo\u017eio je 1995., te nastavio plovidbu kao \u010dasnik i kao upravitelj stroja na brodovima stranih kompanija Mineral Shipping, Ofer Brothers i NYK. Ukupan plovidbeni sta\u017e kao \u010dasnika stroja kontinuirano mu je trajao vi\u0161e od 15 godina. Zapo\u0161ljava se 2005. na Pomorskom fakultetu u Splitu, gdje se i bira u suradni\u010dko zvanje asistenta, a 2011. bira se u nastavno zvanje i na radno mjesto predava\u010da u znanstvenom podru\u010dju tehni\u010dkih znanosti, polju tehnologija prometa i transporta, grani pomorski i rije\u010dni promet. Objavio je vi\u0161e znanstvenih i stru\u010dnih radova iz podru\u010dja pomorstva.<\/p>\n<p><strong>Klju\u010dne rije\u010di:<\/strong> metacentarska visina, popre\u010dna stabilnost, uzdu\u017ena stabilnost, stabilnost u o\u0161te\u0107enom stanju, dinami\u010dka stabilnost, slobodne povr\u0161ine, propisi o stabilnosti<\/p>\n<p>\u00a0<\/p>\n<p><strong>Naslov:<\/strong> Stabilnost broda<br \/><strong>Autori:<\/strong> Jo\u0161ko Dvornik i Sr\u0111an Dvornik<br \/><strong>Broj stranica:<\/strong> 412<br \/><strong>Nakladnik:<\/strong> Pomorski fakultet u Splitu<br \/><strong>Godina izdanja:<\/strong> 2021.<br \/><strong>ISBN:<\/strong> 978-953-6655-76-2<br \/><strong>Tisak:<\/strong> digitalni tisak knjiga &#8211; print na zahtjev<\/p>\n<p>\u00a0<\/p>\n<p style=\"text-align: justify;\"><strong>Kako naru\u010diti knjigu?\u00a0<\/strong>Proces online kupovine jednako funkcionira za sve kupce, s jedinom razlikom u tome \u0161to \u0161to kupci iz inozemstva za podru\u010dje dostave moraju odabrati &#8220;Europa&#8221; ili &#8220;Ostale zemlje svijeta&#8221;, a za vrstu pla\u0107anja WSPay (kreditna kartica) ili Virmanom (bankovni transfer).<\/p>\n<p style=\"text-align: justify;\">Molimo kliknite ovdje za\u00a0<a href=\"hr\/kako-kupovati\">detaljni vodi\u010d kroz proces narud\u017ebe<\/a>\u00a0ili nas\u00a0<a href=\"hr\/kontakt\">kontaktirajte<\/a>\u00a0za vi\u0161e informacija.<\/p>\n","protected":false},"excerpt":{"rendered":"<p>Sa\u017eetak: Najve\u0107i dio ukupnoga svjetskog prometa \u010dine trgova\u010dki brodovi. Brodovi i sami predstavljaju velike i slo\u017eene sustave i \u010desto su dijelovi nekih jo\u0161 ve\u0107ih i slo\u017eenijih prijevoznih sustava pod neizvjesnim utjecajima okoline i zahtjeva u eksploataciji. Da bi trgova\u010dki brod\u00a0ispunio svoju funkciju, njegova stabilnost je od velikoga zna\u010daja. Stabilnost broda je svojstvo broda da se [&hellip;]<\/p>\n","protected":false},"featured_media":9459,"comment_status":"open","ping_status":"closed","template":"","meta":{"_acf_changed":false},"product_brand":[],"product_cat":[1517],"product_tag":[],"class_list":{"0":"post-9458","1":"product","2":"type-product","3":"status-publish","4":"has-post-thumbnail","6":"product_cat-strucna-literatura","7":"pa_autor-josko-dvornik-i-srdan-dvornik","8":"pa_nakladnik-pomorski-fakultet-u-splitu","10":"first","11":"instock","12":"shipping-taxable","13":"purchasable","14":"product-type-simple"},"acf":[],"yoast_head":"<!-- This site is optimized with the Yoast SEO plugin v27.3 - https:\/\/yoast.com\/product\/yoast-seo-wordpress\/ -->\n<title>STABILNOST BRODA, Jo\u0161ko Dvornik i Sr\u0111an Dvornik - Web-knji\u017eara<\/title>\n<meta name=\"robots\" content=\"index, follow, max-snippet:-1, max-image-preview:large, max-video-preview:-1\" \/>\n<link rel=\"canonical\" href=\"https:\/\/webknjizara.hr\/proizvod\/stabilnost-broda-josko-dvornik-i-srdan-dvornik\/\" \/>\n<meta property=\"og:locale\" content=\"en_US\" \/>\n<meta property=\"og:type\" content=\"article\" \/>\n<meta property=\"og:title\" content=\"STABILNOST BRODA, Jo\u0161ko Dvornik i Sr\u0111an Dvornik - Web-knji\u017eara\" \/>\n<meta property=\"og:description\" content=\"Sa\u017eetak: Najve\u0107i dio ukupnoga svjetskog prometa \u010dine trgova\u010dki brodovi. Brodovi i sami predstavljaju velike i slo\u017eene sustave i \u010desto su dijelovi nekih jo\u0161 ve\u0107ih i slo\u017eenijih prijevoznih sustava pod neizvjesnim utjecajima okoline i zahtjeva u eksploataciji. Da bi trgova\u010dki brod\u00a0ispunio svoju funkciju, njegova stabilnost je od velikoga zna\u010daja. Stabilnost broda je svojstvo broda da se [&hellip;]\" \/>\n<meta property=\"og:url\" content=\"https:\/\/webknjizara.hr\/proizvod\/stabilnost-broda-josko-dvornik-i-srdan-dvornik\/\" \/>\n<meta property=\"og:site_name\" content=\"Web-knji\u017eara\" \/>\n<meta property=\"article:modified_time\" content=\"2023-02-26T23:18:24+00:00\" \/>\n<meta property=\"og:image\" content=\"https:\/\/webknjizara.hr\/wp-content\/uploads\/nc\/images\/virtuemart\/product\/Josko_Dvornik_i_Srdan_Dvornik_Stabilnost_broda_webknjizara_redak_WEB.jpg\" \/>\n\t<meta property=\"og:image:width\" content=\"300\" \/>\n\t<meta property=\"og:image:height\" content=\"419\" \/>\n\t<meta property=\"og:image:type\" content=\"image\/jpeg\" \/>\n<meta name=\"twitter:card\" content=\"summary_large_image\" \/>\n<meta name=\"twitter:label1\" content=\"Est. reading time\" \/>\n\t<meta name=\"twitter:data1\" content=\"3 minutes\" \/>\n<script type=\"application\/ld+json\" class=\"yoast-schema-graph\">{\"@context\":\"https:\\\/\\\/schema.org\",\"@graph\":[{\"@type\":\"WebPage\",\"@id\":\"https:\\\/\\\/webknjizara.hr\\\/proizvod\\\/stabilnost-broda-josko-dvornik-i-srdan-dvornik\\\/\",\"url\":\"https:\\\/\\\/webknjizara.hr\\\/proizvod\\\/stabilnost-broda-josko-dvornik-i-srdan-dvornik\\\/\",\"name\":\"STABILNOST BRODA, Jo\u0161ko Dvornik i Sr\u0111an Dvornik - Web-knji\u017eara\",\"isPartOf\":{\"@id\":\"https:\\\/\\\/webknjizara.hr\\\/#website\"},\"primaryImageOfPage\":{\"@id\":\"https:\\\/\\\/webknjizara.hr\\\/proizvod\\\/stabilnost-broda-josko-dvornik-i-srdan-dvornik\\\/#primaryimage\"},\"image\":{\"@id\":\"https:\\\/\\\/webknjizara.hr\\\/proizvod\\\/stabilnost-broda-josko-dvornik-i-srdan-dvornik\\\/#primaryimage\"},\"thumbnailUrl\":\"https:\\\/\\\/webknjizara.hr\\\/wp-content\\\/uploads\\\/nc\\\/images\\\/virtuemart\\\/product\\\/Josko_Dvornik_i_Srdan_Dvornik_Stabilnost_broda_webknjizara_redak_WEB.jpg\",\"datePublished\":\"2021-04-21T10:44:47+00:00\",\"dateModified\":\"2023-02-26T23:18:24+00:00\",\"breadcrumb\":{\"@id\":\"https:\\\/\\\/webknjizara.hr\\\/proizvod\\\/stabilnost-broda-josko-dvornik-i-srdan-dvornik\\\/#breadcrumb\"},\"inLanguage\":\"en-US\",\"potentialAction\":[{\"@type\":\"ReadAction\",\"target\":[\"https:\\\/\\\/webknjizara.hr\\\/proizvod\\\/stabilnost-broda-josko-dvornik-i-srdan-dvornik\\\/\"]}]},{\"@type\":\"ImageObject\",\"inLanguage\":\"en-US\",\"@id\":\"https:\\\/\\\/webknjizara.hr\\\/proizvod\\\/stabilnost-broda-josko-dvornik-i-srdan-dvornik\\\/#primaryimage\",\"url\":\"https:\\\/\\\/webknjizara.hr\\\/wp-content\\\/uploads\\\/nc\\\/images\\\/virtuemart\\\/product\\\/Josko_Dvornik_i_Srdan_Dvornik_Stabilnost_broda_webknjizara_redak_WEB.jpg\",\"contentUrl\":\"https:\\\/\\\/webknjizara.hr\\\/wp-content\\\/uploads\\\/nc\\\/images\\\/virtuemart\\\/product\\\/Josko_Dvornik_i_Srdan_Dvornik_Stabilnost_broda_webknjizara_redak_WEB.jpg\",\"width\":300,\"height\":419,\"caption\":\"STABILNOST BRODA, Jo\u0161ko Dvornik i Sr\u0111an Dvornik\"},{\"@type\":\"BreadcrumbList\",\"@id\":\"https:\\\/\\\/webknjizara.hr\\\/proizvod\\\/stabilnost-broda-josko-dvornik-i-srdan-dvornik\\\/#breadcrumb\",\"itemListElement\":[{\"@type\":\"ListItem\",\"position\":1,\"name\":\"Po\u010detna stranica\",\"item\":\"https:\\\/\\\/webknjizara.hr\\\/en\\\/\"},{\"@type\":\"ListItem\",\"position\":2,\"name\":\"Shop\",\"item\":\"https:\\\/\\\/webknjizara.hr\\\/shop\\\/\"},{\"@type\":\"ListItem\",\"position\":3,\"name\":\"STABILNOST BRODA, Jo\u0161ko Dvornik i Sr\u0111an Dvornik\"}]},{\"@type\":\"WebSite\",\"@id\":\"https:\\\/\\\/webknjizara.hr\\\/#website\",\"url\":\"https:\\\/\\\/webknjizara.hr\\\/\",\"name\":\"Web Knji\u017eara\",\"description\":\"\",\"publisher\":{\"@id\":\"https:\\\/\\\/webknjizara.hr\\\/#organization\"},\"potentialAction\":[{\"@type\":\"SearchAction\",\"target\":{\"@type\":\"EntryPoint\",\"urlTemplate\":\"https:\\\/\\\/webknjizara.hr\\\/?s={search_term_string}\"},\"query-input\":{\"@type\":\"PropertyValueSpecification\",\"valueRequired\":true,\"valueName\":\"search_term_string\"}}],\"inLanguage\":\"en-US\"},{\"@type\":\"Organization\",\"@id\":\"https:\\\/\\\/webknjizara.hr\\\/#organization\",\"name\":\"REDAK D.O.O.\",\"url\":\"https:\\\/\\\/webknjizara.hr\\\/\",\"logo\":{\"@type\":\"ImageObject\",\"inLanguage\":\"en-US\",\"@id\":\"https:\\\/\\\/webknjizara.hr\\\/#\\\/schema\\\/logo\\\/image\\\/\",\"url\":\"https:\\\/\\\/webknjizara.hr\\\/wp-content\\\/uploads\\\/2023\\\/01\\\/web-knjizara-logo.webp\",\"contentUrl\":\"https:\\\/\\\/webknjizara.hr\\\/wp-content\\\/uploads\\\/2023\\\/01\\\/web-knjizara-logo.webp\",\"width\":324,\"height\":79,\"caption\":\"REDAK D.O.O.\"},\"image\":{\"@id\":\"https:\\\/\\\/webknjizara.hr\\\/#\\\/schema\\\/logo\\\/image\\\/\"}}]}<\/script>\n<!-- \/ Yoast SEO plugin. -->","yoast_head_json":{"title":"STABILNOST BRODA, Jo\u0161ko Dvornik i Sr\u0111an Dvornik - Web-knji\u017eara","robots":{"index":"index","follow":"follow","max-snippet":"max-snippet:-1","max-image-preview":"max-image-preview:large","max-video-preview":"max-video-preview:-1"},"canonical":"https:\/\/webknjizara.hr\/proizvod\/stabilnost-broda-josko-dvornik-i-srdan-dvornik\/","og_locale":"en_US","og_type":"article","og_title":"STABILNOST BRODA, Jo\u0161ko Dvornik i Sr\u0111an Dvornik - Web-knji\u017eara","og_description":"Sa\u017eetak: Najve\u0107i dio ukupnoga svjetskog prometa \u010dine trgova\u010dki brodovi. Brodovi i sami predstavljaju velike i slo\u017eene sustave i \u010desto su dijelovi nekih jo\u0161 ve\u0107ih i slo\u017eenijih prijevoznih sustava pod neizvjesnim utjecajima okoline i zahtjeva u eksploataciji. Da bi trgova\u010dki brod\u00a0ispunio svoju funkciju, njegova stabilnost je od velikoga zna\u010daja. Stabilnost broda je svojstvo broda da se [&hellip;]","og_url":"https:\/\/webknjizara.hr\/proizvod\/stabilnost-broda-josko-dvornik-i-srdan-dvornik\/","og_site_name":"Web-knji\u017eara","article_modified_time":"2023-02-26T23:18:24+00:00","og_image":[{"width":300,"height":419,"url":"https:\/\/webknjizara.hr\/wp-content\/uploads\/nc\/images\/virtuemart\/product\/Josko_Dvornik_i_Srdan_Dvornik_Stabilnost_broda_webknjizara_redak_WEB.jpg","type":"image\/jpeg"}],"twitter_card":"summary_large_image","twitter_misc":{"Est. reading time":"3 minutes"},"schema":{"@context":"https:\/\/schema.org","@graph":[{"@type":"WebPage","@id":"https:\/\/webknjizara.hr\/proizvod\/stabilnost-broda-josko-dvornik-i-srdan-dvornik\/","url":"https:\/\/webknjizara.hr\/proizvod\/stabilnost-broda-josko-dvornik-i-srdan-dvornik\/","name":"STABILNOST BRODA, Jo\u0161ko Dvornik i Sr\u0111an Dvornik - Web-knji\u017eara","isPartOf":{"@id":"https:\/\/webknjizara.hr\/#website"},"primaryImageOfPage":{"@id":"https:\/\/webknjizara.hr\/proizvod\/stabilnost-broda-josko-dvornik-i-srdan-dvornik\/#primaryimage"},"image":{"@id":"https:\/\/webknjizara.hr\/proizvod\/stabilnost-broda-josko-dvornik-i-srdan-dvornik\/#primaryimage"},"thumbnailUrl":"https:\/\/webknjizara.hr\/wp-content\/uploads\/nc\/images\/virtuemart\/product\/Josko_Dvornik_i_Srdan_Dvornik_Stabilnost_broda_webknjizara_redak_WEB.jpg","datePublished":"2021-04-21T10:44:47+00:00","dateModified":"2023-02-26T23:18:24+00:00","breadcrumb":{"@id":"https:\/\/webknjizara.hr\/proizvod\/stabilnost-broda-josko-dvornik-i-srdan-dvornik\/#breadcrumb"},"inLanguage":"en-US","potentialAction":[{"@type":"ReadAction","target":["https:\/\/webknjizara.hr\/proizvod\/stabilnost-broda-josko-dvornik-i-srdan-dvornik\/"]}]},{"@type":"ImageObject","inLanguage":"en-US","@id":"https:\/\/webknjizara.hr\/proizvod\/stabilnost-broda-josko-dvornik-i-srdan-dvornik\/#primaryimage","url":"https:\/\/webknjizara.hr\/wp-content\/uploads\/nc\/images\/virtuemart\/product\/Josko_Dvornik_i_Srdan_Dvornik_Stabilnost_broda_webknjizara_redak_WEB.jpg","contentUrl":"https:\/\/webknjizara.hr\/wp-content\/uploads\/nc\/images\/virtuemart\/product\/Josko_Dvornik_i_Srdan_Dvornik_Stabilnost_broda_webknjizara_redak_WEB.jpg","width":300,"height":419,"caption":"STABILNOST BRODA, Jo\u0161ko Dvornik i Sr\u0111an Dvornik"},{"@type":"BreadcrumbList","@id":"https:\/\/webknjizara.hr\/proizvod\/stabilnost-broda-josko-dvornik-i-srdan-dvornik\/#breadcrumb","itemListElement":[{"@type":"ListItem","position":1,"name":"Po\u010detna stranica","item":"https:\/\/webknjizara.hr\/en\/"},{"@type":"ListItem","position":2,"name":"Shop","item":"https:\/\/webknjizara.hr\/shop\/"},{"@type":"ListItem","position":3,"name":"STABILNOST BRODA, Jo\u0161ko Dvornik i Sr\u0111an Dvornik"}]},{"@type":"WebSite","@id":"https:\/\/webknjizara.hr\/#website","url":"https:\/\/webknjizara.hr\/","name":"Web Knji\u017eara","description":"","publisher":{"@id":"https:\/\/webknjizara.hr\/#organization"},"potentialAction":[{"@type":"SearchAction","target":{"@type":"EntryPoint","urlTemplate":"https:\/\/webknjizara.hr\/?s={search_term_string}"},"query-input":{"@type":"PropertyValueSpecification","valueRequired":true,"valueName":"search_term_string"}}],"inLanguage":"en-US"},{"@type":"Organization","@id":"https:\/\/webknjizara.hr\/#organization","name":"REDAK D.O.O.","url":"https:\/\/webknjizara.hr\/","logo":{"@type":"ImageObject","inLanguage":"en-US","@id":"https:\/\/webknjizara.hr\/#\/schema\/logo\/image\/","url":"https:\/\/webknjizara.hr\/wp-content\/uploads\/2023\/01\/web-knjizara-logo.webp","contentUrl":"https:\/\/webknjizara.hr\/wp-content\/uploads\/2023\/01\/web-knjizara-logo.webp","width":324,"height":79,"caption":"REDAK D.O.O."},"image":{"@id":"https:\/\/webknjizara.hr\/#\/schema\/logo\/image\/"}}]}},"_links":{"self":[{"href":"https:\/\/webknjizara.hr\/en\/wp-json\/wp\/v2\/product\/9458","targetHints":{"allow":["GET"]}}],"collection":[{"href":"https:\/\/webknjizara.hr\/en\/wp-json\/wp\/v2\/product"}],"about":[{"href":"https:\/\/webknjizara.hr\/en\/wp-json\/wp\/v2\/types\/product"}],"replies":[{"embeddable":true,"href":"https:\/\/webknjizara.hr\/en\/wp-json\/wp\/v2\/comments?post=9458"}],"wp:featuredmedia":[{"embeddable":true,"href":"https:\/\/webknjizara.hr\/en\/wp-json\/wp\/v2\/media\/9459"}],"wp:attachment":[{"href":"https:\/\/webknjizara.hr\/en\/wp-json\/wp\/v2\/media?parent=9458"}],"wp:term":[{"taxonomy":"product_brand","embeddable":true,"href":"https:\/\/webknjizara.hr\/en\/wp-json\/wp\/v2\/product_brand?post=9458"},{"taxonomy":"product_cat","embeddable":true,"href":"https:\/\/webknjizara.hr\/en\/wp-json\/wp\/v2\/product_cat?post=9458"},{"taxonomy":"product_tag","embeddable":true,"href":"https:\/\/webknjizara.hr\/en\/wp-json\/wp\/v2\/product_tag?post=9458"}],"curies":[{"name":"wp","href":"https:\/\/api.w.org\/{rel}","templated":true}]}}